{"id":841,"date":"2020-02-18T20:24:41","date_gmt":"2020-02-18T19:24:41","guid":{"rendered":"https:\/\/tierisch-verliebt.de\/magazin\/?page_id=841"},"modified":"2025-02-19T13:31:25","modified_gmt":"2025-02-19T12:31:25","slug":"britisch-langhaar","status":"publish","type":"page","link":"https:\/\/tierisch-verliebt.de\/magazin\/britisch-langhaar\/","title":{"rendered":"Britische Langhaarkatze &#8211; Das Portrait"},"content":{"rendered":"<p>Die Britische Langhaarkatze &#8211; auch Highlander, Lowlander, Britannica oder auch einfach nur Britisch Langhaar genannt &#8211; ist eine englische Rassenkatze und stammt direkt von der Britischen Kurzhaarkatze ab. Hier nun das vollst\u00e4ndige Portrait zu dieser Rasse.<\/p>\n\n<h2>Steckbrief<\/h2>\n<p><img decoding=\"async\" alt=\"check\" src=\"https:\/\/tierisch-verliebt.de\/magazin\/wp-content\/uploads\/2019\/06\/check-icon-16.png\"> <strong>Name<\/strong>: Britische Langhaarkatze<br \/>\n<img decoding=\"async\" alt=\"check\" src=\"https:\/\/tierisch-verliebt.de\/magazin\/wp-content\/uploads\/2019\/06\/check-icon-16.png\"> <strong>Wissenschaftlicher Name<\/strong>: Felis catus<br \/>\n<img decoding=\"async\" alt=\"check\" src=\"https:\/\/tierisch-verliebt.de\/magazin\/wp-content\/uploads\/2019\/06\/check-icon-16.png\"> <strong>Herkunft<\/strong>: Gro\u00dfbritannien<br \/>\n<img decoding=\"async\" alt=\"check\" src=\"https:\/\/tierisch-verliebt.de\/magazin\/wp-content\/uploads\/2019\/06\/check-icon-16.png\"> <strong>Lebenserwartung<\/strong>: 12 &#8211; 18 Jahre<br \/>\n<img decoding=\"async\" alt=\"check\" src=\"https:\/\/tierisch-verliebt.de\/magazin\/wp-content\/uploads\/2019\/06\/check-icon-16.png\"> <strong>Gewicht<\/strong>: 4 \u2013 7,5 kg<br \/>\n<img decoding=\"async\" alt=\"check\" src=\"https:\/\/tierisch-verliebt.de\/magazin\/wp-content\/uploads\/2019\/06\/check-icon-16.png\"> <strong>Fellfarben<\/strong>: alle Farben, besonders blaugrau, wei\u00df und schwarz<br \/>\n<img decoding=\"async\" alt=\"check\" src=\"https:\/\/tierisch-verliebt.de\/magazin\/wp-content\/uploads\/2019\/06\/check-icon-16.png\"> <strong>Charakter<\/strong>: ruhig, sanft, anpassungsf\u00e4hig, sozial<br \/>\n<img decoding=\"async\" alt=\"check\" src=\"https:\/\/tierisch-verliebt.de\/magazin\/wp-content\/uploads\/2019\/06\/check-icon-16.png\"> <strong>Kosten<\/strong>: Zwischen 500 &amp; 900 Euro<\/p>\n<h2>Rassenmerkmale der Britischen Langhaarkatze<\/h2>\n<p>Typisch f\u00fcr die Britische Langhaarkatze ist ihr mittelgro\u00dfer K\u00f6rperbau und ihr mittellanges bis langes Fell. Au\u00dferdem sind die gro\u00dfen sowie auch runden Augen und die kleinen Ohren weitere \u00e4u\u00dferlichen Charakteristika, die dieser Katzenrasse ausmachen.<\/p>\n<p>Weitere typische Rassenmerkmale der Britischen Langhaarkatzen sind im folgenden kurzen Steckbrief ersichtlich:<\/p>\n<ul>\n<li>Gewicht: 4 Kg &#8211; 7,5 Kg<\/li>\n<li>Durchschnittliche Lebenserwartung: 12 Jahre &#8211; 18 Jahre<\/li>\n<li>Fellfarbe: Alle Farben k\u00f6nnen vorkommen. Bei gepunkteter Farbe mit Siam-Abzeichen darf kein Wei\u00df vorhanden sein.<\/li>\n<\/ul>\n<h2>Geschichte der Britischen Langhaarkatze<\/h2>\n<p>Die Britische Langhaarkatze stammt direkt von den <a href=\"https:\/\/tierisch-verliebt.de\/magazin\/britisch-kurzhaar\/\">Britischen Kurzhaarkatzen<\/a> ab, die erstmals in Gro\u00dfbritannien gez\u00fcchtet wurden. Damit der kompakte K\u00f6rperbau und der runde Kopf mit kleiner Nase und runden Augen der Britischen Kurzhaarkatze erhalten blieb, bezog man immer wieder Perserkatzen bei Z\u00fcchtung mit ein und erfasste sie nicht dokumentarisch. So kam es immer wieder vor, dass bei den W\u00fcrfen der Britischen Kurzhaarkatzen einige Welpen ein langes Fell hatten, das von den Perserkatzen vererbt wurden.<br \/>\nEine Zeit lang galten Britische Kurzhaarkatzen, die ein langes Fell hatten, in der Z\u00fcchtung als Makel und wurden meistens kostenlos abgegeben. Da es aber immer wieder vorkam, dass einige Welpen der Britischen Kurzhaarkatze ein langes Fell besa\u00dfen, \u00e4nderte man bez\u00fcglich der betroffenen Welpen die Vorgehensweise innerhalb der Z\u00fcchtung. So verschenkte man sie nicht mehr, sondern verkaufte sie als eine separate Katzenrasse. Dies l\u00e4utete die Geburtsstunde der Britischen Langhaarkatze ein.<\/p>\n<p>Viele Dachverb\u00e4nde, die sich mit der Katzenzucht besch\u00e4ftigen, erkennen die Britische Langhaarkatze als eigenst\u00e4ndige Rasse bis heute nicht an. Nur der internationale Dachverband F\u00e9d\u00e9ration Internationale F\u00e9line (FIFe) hat bisher die Britische Langhaar als eigenst\u00e4ndige Katzenrasse anerkannt, wobei dies zurzeit nur provisorisch gilt.<\/p>\n<h2>Charaktermerkmale der Britischen Langhaarkatze<\/h2>\n<p>Die meisten Britischen Langhaarkatzen sind ruhig und ausgeglichen. Zudem f\u00e4llt es ihnen leicht, die N\u00e4he zu Menschen zu finden, da sie gerne anh\u00e4nglich sind. Jedoch wirkt diese Anh\u00e4nglichkeit niemals aufdringlich.<\/p>\n<p>Au\u00dferdem haben sie meist eine relativ gro\u00dfe Stresstoleranz und werden nicht schnell hektisch oder nerv\u00f6s. So f\u00e4llt es ihr meist leicht, mit anderen Artgenossen oder anderen Tieren auszukommen, solange sie sich von den anderen Tieren nicht zu sehr bedr\u00e4ngt f\u00fchlt.<\/p>\n<h2>Allgemeine Informationen f\u00fcr den Kauf einer Britischen Langhaarkatze<\/h2>\n<h5>Worauf sollte man beim Kauf einer Britischen Langhaarkatze achten?<\/h5>\n<p>Falls man sich dazu entschlie\u00dft, eine Britisch Langhaar zu kaufen, sollte man beim Z\u00fcchter zwei Kriterien beachten.<\/p>\n<p>Die Elterntiere und die Welpen sollten eine gute Bindung an die Z\u00fcchter haben und in einem guten sozialen Umfeld aufgewachsen sein. So kann man zumindest davon ausgehen, dass die Katzen ein gutes gesundheitliches Wohlbefinden haben.<\/p>\n<p>Au\u00dferdem sollte man sich den <a href=\"https:\/\/tierisch-verliebt.de\/magazin\/stammbaum\/\">Stammbaum<\/a> der Tiere anschauen. Es sollten keine Ahnen mehr als zweimal vorkommen.<br \/>\nSo wird sichergestellt, dass eine zu starke Inzucht vermieden wird. Eine starke Inzucht erh\u00f6ht die Wahrscheinlichkeit, dass das Tier zuk\u00fcnftig unter bestimmten Erbkrankheiten leiden wird.<\/p>\n<p>Unter folgenden rassentypischen Krankheiten k\u00f6nnen Britische Langhaarkatzen leiden, die vor allem durch starke Inzucht auftreten:<\/p>\n<ul>\n<li>Erkrankungen, die der Herzmuskulatur betreffen.<\/li>\n<li>Bildung von Zysten in den Nieren.<\/li>\n<li>Schw\u00e4che im Immunsystem.<\/li>\n<\/ul>\n<p>Vor dem Kauf sollten daher beide Elternteile des Katzenjunges auf die genannten Erbkrankheiten untersucht sein.<\/p>\n<h5>Wie viel kostet eine Britische Langhaarkatze?<\/h5>\n<p>Die Preise variieren von Z\u00fcchter zu Z\u00fcchter. Der durchschnittliche Anschaffungspreis einer Britischen Langhaarkatze betr\u00e4gt ungef\u00e4hr 600 Euro.<\/p>\n<h5>Soll die Britische Langhaarkatze als Wohnungskatze oder als Freig\u00e4nger gehalten werden?<\/h5>\n<p>Da Britische Langhaarkatzen meist eine unkomplizierte Charaktereigenschaft haben und zudem keine besonderen Anspr\u00fcche stellen, sind sie als <a href=\"https:\/\/tierisch-verliebt.de\/magazin\/hauskatze\/\">Hauskatzen <\/a>wie geschaffen. Doch auch der Freigang w\u00fcrden sie nicht ausschlie\u00dfen.<\/p>\n<h5>Was muss man bei der Pflege von Britischen Langhaarkatzen beachten?<\/h5>\n<p>Britische Langhaarkatzen haben ein langes Fell. Deshalb kommt man einer t\u00e4glichen Fellpflege nicht umhin, da sich sonst Knoten und Verfilzungen bilden, die das Tier st\u00f6ren oder sogar f\u00fcr die Katze schmerzhaft sind. Aus diesem Grund sollte man die Katze mehrmals pro Woche mit einem speziellen Kamm, den man in jeder herk\u00f6mmlichen Tierhandlung erwerben kann, behutsam k\u00e4mmen.<\/p>\n<p>Sollte sich doch mal Knoten bilden, die man mit dem Kamm nicht mehr l\u00f6sen kann, muss man sie abschneiden. Dabei sollte man keinesfalls eine herk\u00f6mmliche Schere verwenden, da man das Tier damit schnell verletzen k\u00f6nnte. Stattdessen verwendet man spezielle Entfilzungsk\u00e4mme. Sie haben meist integrierte Klingen, so dass man damit die hartn\u00e4ckigen Knoten l\u00f6sen kann.<\/p>\n<p>Britische Langhaarkatzen neigen schnell zu \u00dcbergewicht. Betroffen sind dabei vor allem Katzen, die ausschlie\u00dflich in der Wohnung gehalten werden. Aus diesem Grund sollte man darauf achten, dass sich das Tier ausreichend bewegt.<br \/>\nDies kann man erreichen, indem man in der Tierhandlung spezielle Spielzeuge, wie zum Beispiel Katzen-B\u00e4lle, kauft.<br \/>\nMit ausreichenden Kletterm\u00f6glichkeiten kann man ebenfalls eine vorzeitige \u00dcbergewichtigkeit vorbeugen. Daf\u00fcr sind Kratzb\u00e4ume mit einem eingebauten Kletterparcours hervorragend pr\u00e4destiniert, da es ohnehin unverzichtbar ist, sich einen Kratzbaum zu kaufen, wenn man sich eine Katze anschaffen m\u00f6chte.<\/p>\n<h5>Was muss man bei der Ern\u00e4hrung von Britischen Langhaarkatzen beachten?<\/h5>\n<p>Bei den meisten Britischen Langhaarkatzen werden keine besonderen Anforderungen hinsichtlich der Ern\u00e4hrung gestellt. Da sie jedoch schnell zu \u00dcbergewicht neigen, ist eine ausgewogene Ern\u00e4hrung von Trocken- und Nassfutter empfehlenswert.<\/p>\n","protected":false},"excerpt":{"rendered":"<p>Die Britische Langhaarkatze &#8211; auch Highlander, Lowlander, Britannica oder auch einfach nur Britisch Langhaar genannt &#8211; ist eine englische Rassenkatze<\/p>\n","protected":false},"author":2,"featured_media":842,"parent":0,"menu_order":0,"comment_status":"closed","ping_status":"closed","template":"","meta":{"ngg_post_thumbnail":0,"footnotes":""},"class_list":["post-841","page","type-page","status-publish","has-post-thumbnail","hentry","comments-off"],"aioseo_notices":[],"_links":{"self":[{"href":"https:\/\/tierisch-verliebt.de\/magazin\/wp-json\/wp\/v2\/pages\/841","targetHints":{"allow":["GET"]}}],"collection":[{"href":"https:\/\/tierisch-verliebt.de\/magazin\/wp-json\/wp\/v2\/pages"}],"about":[{"href":"https:\/\/tierisch-verliebt.de\/magazin\/wp-json\/wp\/v2\/types\/page"}],"author":[{"embeddable":true,"href":"https:\/\/tierisch-verliebt.de\/magazin\/wp-json\/wp\/v2\/users\/2"}],"replies":[{"embeddable":true,"href":"https:\/\/tierisch-verliebt.de\/magazin\/wp-json\/wp\/v2\/comments?post=841"}],"version-history":[{"count":5,"href":"https:\/\/tierisch-verliebt.de\/magazin\/wp-json\/wp\/v2\/pages\/841\/revisions"}],"predecessor-version":[{"id":3255,"href":"https:\/\/tierisch-verliebt.de\/magazin\/wp-json\/wp\/v2\/pages\/841\/revisions\/3255"}],"wp:featuredmedia":[{"embeddable":true,"href":"https:\/\/tierisch-verliebt.de\/magazin\/wp-json\/wp\/v2\/media\/842"}],"wp:attachment":[{"href":"https:\/\/tierisch-verliebt.de\/magazin\/wp-json\/wp\/v2\/media?parent=841"}],"curies":[{"name":"wp","href":"https:\/\/api.w.org\/{rel}","templated":true}]}}