{"id":818,"date":"2020-02-15T20:06:03","date_gmt":"2020-02-15T19:06:03","guid":{"rendered":"https:\/\/tierisch-verliebt.de\/magazin\/?page_id=818"},"modified":"2020-10-20T18:06:52","modified_gmt":"2020-10-20T16:06:52","slug":"selkirk-rex","status":"publish","type":"page","link":"https:\/\/tierisch-verliebt.de\/magazin\/selkirk-rex\/","title":{"rendered":"Selkirk Rex &#8211; Das Portrait"},"content":{"rendered":"<p>Die Selkirk Rex Katze ist eine mittelgro\u00dfe bis gro\u00dfe Katze mit starkem Knochen. Das Tier hat einen klobigen K\u00f6rperbau, eine kurze Schnauze und einen runden Kopf. Selkirk Rex Katzen k\u00f6nnen lang- oder kurzhaarig sein. Alle drei Arten von Fellhaaren &#8211; Schutz-, Grannen- und Daunenhaare &#8211; kommen in der Selkirk Rex-Katzenrasse vor und sind alle wellig \/ lockig, wodurch sich das Fell weich anf\u00fchlt. Die Locken des Fells variiert je nach Alter, Geschlecht, Klima und Jahreszeit. Selkirk Rex Katzen gibt es in allen Fellfarben und -mustern. Hier nun das vollst\u00e4ndige Portrait zu dieser Rasse.<\/p>\n\n<h2>Steckbrief<\/h2>\n<p><img decoding=\"async\" alt=\"check\" src=\"https:\/\/tierisch-verliebt.de\/magazin\/wp-content\/uploads\/2019\/06\/check-icon-16.png\"> <strong>Name<\/strong>: Selkirk Rex<br \/>\n<img decoding=\"async\" alt=\"check\" src=\"https:\/\/tierisch-verliebt.de\/magazin\/wp-content\/uploads\/2019\/06\/check-icon-16.png\"> <strong>Wissenschaftlicher Name<\/strong>: Felis catus<br \/>\n<img decoding=\"async\" alt=\"check\" src=\"https:\/\/tierisch-verliebt.de\/magazin\/wp-content\/uploads\/2019\/06\/check-icon-16.png\"> <strong>Herkunft<\/strong>: USA<br \/>\n<img decoding=\"async\" alt=\"check\" src=\"https:\/\/tierisch-verliebt.de\/magazin\/wp-content\/uploads\/2019\/06\/check-icon-16.png\"> <strong>Lebenserwartung<\/strong>: 12 &#8211; 15 Jahre<br \/>\n<img decoding=\"async\" alt=\"check\" src=\"https:\/\/tierisch-verliebt.de\/magazin\/wp-content\/uploads\/2019\/06\/check-icon-16.png\"> <strong>Gewicht<\/strong>: 4 \u2013 7 kg<br \/>\n<img decoding=\"async\" alt=\"check\" src=\"https:\/\/tierisch-verliebt.de\/magazin\/wp-content\/uploads\/2019\/06\/check-icon-16.png\"> <strong>Fellfarben<\/strong>: alle Farben<br \/>\n<img decoding=\"async\" alt=\"check\" src=\"https:\/\/tierisch-verliebt.de\/magazin\/wp-content\/uploads\/2019\/06\/check-icon-16.png\"> <strong>Charakter<\/strong>: \t verspielt, anh\u00e4nglich, gelassen, verschmust<br \/>\n<img decoding=\"async\" alt=\"check\" src=\"https:\/\/tierisch-verliebt.de\/magazin\/wp-content\/uploads\/2019\/06\/check-icon-16.png\"> <strong>Kosten<\/strong>: Zwischen 500 &#038; 800 Euro<\/p>\n<h2>Wesen und Charakter<\/h2>\n<p>Die Selkirk Rex Katze hat eine wachsame und aktive Pers\u00f6nlichkeit mit einer s\u00fc\u00dfen und liebenswerten Einstellung. Diese entspannte Rasse sitzt gerne auf Ihrem Scho\u00df und liebt es zu kuscheln. Sie ist au\u00dferdem von Natur aus sehr verspielt und eignet sich perfekt als Haustier f\u00fcr Familien mit Kindern.<\/p>\n<h2>Herkunft &#038; Geschichte<\/h2>\n<p>Die Selkirk Rex Katzenrasse ist nach den Selkirk Mountains in Wyoming benannt. Die Katzenrasse entstand aus einem Zuchtprogramm heraus. Die Mutation des lockigen Fells setzte sich als dominierendes Merkmal der Rasse durch. Die Selkirk Rex-Katze ist in den USA und Kanada sehr beliebt, wo sie aufgrund ihres auff\u00e4lligen, dicken, lockigen Fells den Spitznamen &#8220;Schafskatze&#8221; tr\u00e4gt.<\/p>\n<h2>\u00dcberlegungen vor der Anschaffung<\/h2>\n<p>Selkirk-Katzen sind sehr sch\u00f6ne Hauskatzen f\u00fcr die Familie. Viele versuchen, die Katzen nur im Haus zu halten.<\/p>\n<h4>Pflege<\/h4>\n<p>Das einzigartige lockige Fell dieser Katze bedeutet, dass die Pflege arbeitsintensiver ist als bei typischen Kurzhaar- oder Langhaarrassen. Es ist wichtig, das Fell regelm\u00e4\u00dfig zu b\u00fcrsten und zu pflegen. Das Fell der langhaarigen Selkirk-Katze erfordert t\u00e4gliche Aufmerksamkeit mit sanfter Pflege, um Knoten und Verwicklungen zu entfernen. Durch ein pflegendes Bad k\u00f6nnen Sie das Fell weich und pl\u00fcschig halten. Allerdings sollten Sie die Tiere nicht zu h\u00e4ufig baden, nur wenn die Tiere stinken oder schmutzig sind. Selkirks verlieren h\u00e4ufig Haare, so dass durch regelm\u00e4\u00dfiges K\u00e4mmen auch abgestorbene Haare entfernt werden, die sonst auf Ihrer Kleidung oder Ihren M\u00f6beln landen. Allerdings sollten Sie darauf gefasst sein, dass die Katze Wasser nicht m\u00f6gen wird (nur in seltenen F\u00e4llen). Das Fell dieser Katze ist auch in anderer Hinsicht einzigartig: Es besteht aus drei Schichten.<\/p>\n<p>F\u00fcr die passende Pflege sind spezielle Werkzeuge geeignet. Dazu geh\u00f6rt ein Weithalskamm mit langen Zinken, der alle drei Schichten durchdringen kann.<\/p>\n<p>Putzen Sie regelm\u00e4\u00dfig die Z\u00e4hne der Katze, um Parodontitis vorzubeugen (mindestens einmal pro Woche). Wischen Sie die Augenwinkel t\u00e4glich mit einem weichen, feuchten Tuch ab, um eventuelle Ablagerungen zu entfernen. Verwenden Sie f\u00fcr jedes Auge einen separaten Bereich des Stoffes, damit Sie nicht das Risiko eingehen, eine Infektion zu verbreiten. \u00dcberpr\u00fcfen Sie die Ohren w\u00f6chentlich. Wenn sie schmutzig aussehen, wischen Sie sie mit einem Wattebausch oder einem weichen, feuchten Tuch ab, das mit einer 50-50-Mischung aus Apfelessig und warmem Wasser angefeuchtet ist. Verwenden Sie keine Wattest\u00e4bchen, da dies das Innere des Ohrs besch\u00e4digen kann.<\/p>\n<p>Halten Sie die Katzentoilette makellos sauber. Wie alle Katzen legt auch Selkirk Rex besonderen Wert auf die Hygiene im Badezimmer.<\/p>\n<p>Es ist eine gute Idee, einen Selkirk Rex als reine Hauskatze zu behalten, um ihn vor Krankheiten, die von anderen Katzen \u00fcbertragen werden, Angriffen von Hunden und anderen Gefahren zu sch\u00fctzen<\/p>\n<h4>Gesundheit<\/h4>\n<p>Wie bei allen Katzen ben\u00f6tigen Selkirk Rex-Katzen Impfungen, Parasitenbek\u00e4mpfung und regelm\u00e4\u00dfige tier\u00e4rztliche Kontrollen, um gesund zu bleiben.<\/p>\n<h4>Kosten \/ Preis<\/h4>\n<p>Da diese Katzenrasse noch relativ neu und sehr beliebt ist, k\u00f6nnen Sie davon ausgehen, dass der Preis f\u00fcr Selkirk Rex-Katzen relativ hoch sein wird. F\u00fcr ein kleines Selkirk-K\u00e4tzchen sollten Sie mit 500 bis 800 Euro rechnen. Der Preis f\u00fcr ein K\u00e4tzchen variiert je nach Fellfarbe, Geschlecht, Geburtsreihenfolge, Gr\u00f6\u00dfe, Abstammung, Status der Meisterschaftsshow und anderen Faktoren.<\/p>\n<h4>Geeignete Aktivit\u00e4ten<\/h4>\n<p>Selkirk-Katzen sind perfekte Haustiere f\u00fcr Familien mit Kindern. Die Tiere brauchen viel Liebe und Zuneigung. Sie k\u00f6nnen mit ihnen spielen und vor allem schmusen.<\/p>\n<h2>Rassemerkmale<\/h2>\n<p>Bei der Zucht dieser Rasse wurden verschiedenen andere Rassen miteinander gekreuzt, darunter <a href=\"https:\/\/tierisch-verliebt.de\/magazin\/perserkatze\/\">Perser<\/a>, Kurzhaare, Exoten und Himalaya-Katzen. Dies hat zu einem Spektrum von Variationen in der Rasse in Bezug auf Aussehen, Struktur und Verhaltensmerkmale gef\u00fchrt. Im Allgemeinen ist der Selkirk Rex sehr charakteristisch. Das Tier zeichnet sich durch ein langes oder kurzes Fell, ein abgerundetes Gesicht und eine abgerundete Nase, eine muskul\u00f6se K\u00f6rperstruktur, gro\u00dfe Augen und flinke Beine aus. Das Fell selbst ist pl\u00fcschig und hat ein wolliges Aussehen. Es kann leicht gepflegt werden.<\/p>\n<h2>Geeignete Ern\u00e4hrung <\/h2>\n<p>Jede Katze ist einzigartig und hat ihre eigenen Vorlieben, Abneigungen und Bed\u00fcrfnisse, wenn es um <a href=\"https:\/\/tierisch-verliebt.de\/magazin\/katzenfutter-im-test\/\">Futter<\/a> geht. Katzen sind jedoch Fleischfresser und jede Katze muss 41 verschiedene und spezifische N\u00e4hrstoffe aus ihrem Futter erhalten. Der Anteil dieser N\u00e4hrstoffe variiert je nach Alter, Lebensstil und allgemeiner Gesundheit. Daher ist es nicht verwunderlich, dass ein wachsendes, energiegeladenes K\u00e4tzchen ein anderes N\u00e4hrstoffgleichgewicht in seiner Ern\u00e4hrung ben\u00f6tigt als eine weniger aktive \u00e4ltere Katze. Weitere zu ber\u00fccksichtigende \u00dcberlegungen sind die richtige Futtermenge und die Ber\u00fccksichtigung individueller Vorlieben in Bezug auf Nass- oder Trockenfutter.<\/p>\n","protected":false},"excerpt":{"rendered":"<p>Die Selkirk Rex Katze ist eine mittelgro\u00dfe bis gro\u00dfe Katze mit starkem Knochen. Das Tier hat einen klobigen K\u00f6rperbau, eine<\/p>\n","protected":false},"author":2,"featured_media":819,"parent":0,"menu_order":0,"comment_status":"closed","ping_status":"closed","template":"","meta":{"ngg_post_thumbnail":0,"footnotes":""},"class_list":["post-818","page","type-page","status-publish","has-post-thumbnail","hentry","comments-off"],"aioseo_notices":[],"_links":{"self":[{"href":"https:\/\/tierisch-verliebt.de\/magazin\/wp-json\/wp\/v2\/pages\/818","targetHints":{"allow":["GET"]}}],"collection":[{"href":"https:\/\/tierisch-verliebt.de\/magazin\/wp-json\/wp\/v2\/pages"}],"about":[{"href":"https:\/\/tierisch-verliebt.de\/magazin\/wp-json\/wp\/v2\/types\/page"}],"author":[{"embeddable":true,"href":"https:\/\/tierisch-verliebt.de\/magazin\/wp-json\/wp\/v2\/users\/2"}],"replies":[{"embeddable":true,"href":"https:\/\/tierisch-verliebt.de\/magazin\/wp-json\/wp\/v2\/comments?post=818"}],"version-history":[{"count":5,"href":"https:\/\/tierisch-verliebt.de\/magazin\/wp-json\/wp\/v2\/pages\/818\/revisions"}],"predecessor-version":[{"id":1261,"href":"https:\/\/tierisch-verliebt.de\/magazin\/wp-json\/wp\/v2\/pages\/818\/revisions\/1261"}],"wp:featuredmedia":[{"embeddable":true,"href":"https:\/\/tierisch-verliebt.de\/magazin\/wp-json\/wp\/v2\/media\/819"}],"wp:attachment":[{"href":"https:\/\/tierisch-verliebt.de\/magazin\/wp-json\/wp\/v2\/media?parent=818"}],"curies":[{"name":"wp","href":"https:\/\/api.w.org\/{rel}","templated":true}]}}