{"id":773,"date":"2020-01-30T13:58:02","date_gmt":"2020-01-30T12:58:02","guid":{"rendered":"https:\/\/tierisch-verliebt.de\/magazin\/?page_id=773"},"modified":"2025-04-30T11:51:43","modified_gmt":"2025-04-30T09:51:43","slug":"abessinier-katze","status":"publish","type":"page","link":"https:\/\/tierisch-verliebt.de\/magazin\/abessinier-katze\/","title":{"rendered":"Abessinier Katze &#8211; Das Portrait"},"content":{"rendered":"<p>Zu den \u00e4ltesten bekannten Katzenrassen z\u00e4hlen die Abessinier Katzen. Haupts\u00e4chlich erscheinen Sie uns in Darstellungen, vielen historischen Belegen und Abbildungen der altg\u00f6ttischen Geschichte.<\/p>\n\n<p>Die Abessinier Katze mit ihrer \u00c4hnlichkeit zu einem Puma ist eine wahre kleine Diva mit ihren gro\u00dfen Luchsohren. Es ist eine sehr lebhafte Katze und wahrlich keine Scho\u00dfkatze. In Bezug zu Frauchen oder Herrchen ist sie recht clever und wei\u00df beide geschickt um den Finger zu wickeln. Hier nun das vollst\u00e4ndige Portrait zu dieser Rasse.<\/p>\n<h2>Steckbrief<\/h2>\n<p><img decoding=\"async\" alt=\"check\" src=\"https:\/\/tierisch-verliebt.de\/magazin\/wp-content\/uploads\/2019\/06\/check-icon-16.png\"> <strong>Name<\/strong>: Abessinier Katze<br \/>\n<img decoding=\"async\" alt=\"check\" src=\"https:\/\/tierisch-verliebt.de\/magazin\/wp-content\/uploads\/2019\/06\/check-icon-16.png\"> <strong>Wissenschaftlicher Name<\/strong>: Felis catus<br \/>\n<img decoding=\"async\" alt=\"check\" src=\"https:\/\/tierisch-verliebt.de\/magazin\/wp-content\/uploads\/2019\/06\/check-icon-16.png\"> <strong>Herkunft<\/strong>: K\u00fcstenn\u00e4he am Indischen Ozean \/ Gro\u00dfbritannien<br \/>\n<img decoding=\"async\" alt=\"check\" src=\"https:\/\/tierisch-verliebt.de\/magazin\/wp-content\/uploads\/2019\/06\/check-icon-16.png\"> <strong>Lebenserwartung<\/strong>: 14 &#8211; 16 Jahre<br \/>\n<img decoding=\"async\" alt=\"check\" src=\"https:\/\/tierisch-verliebt.de\/magazin\/wp-content\/uploads\/2019\/06\/check-icon-16.png\"> <strong>Gewicht<\/strong>: 3 \u2013 5 kg<br \/>\n<img decoding=\"async\" alt=\"check\" src=\"https:\/\/tierisch-verliebt.de\/magazin\/wp-content\/uploads\/2019\/06\/check-icon-16.png\"> <strong>Fellfarben<\/strong>: blau, wildfarben, sorrel, beige &#8211; jeweils auch mit Silber<br \/>\n<img decoding=\"async\" alt=\"check\" src=\"https:\/\/tierisch-verliebt.de\/magazin\/wp-content\/uploads\/2019\/06\/check-icon-16.png\"> <strong>Charakter<\/strong>: lebhaft, anschmiegsam, sozial, neugierig, lernf\u00e4hig<br \/>\n<img decoding=\"async\" alt=\"check\" src=\"https:\/\/tierisch-verliebt.de\/magazin\/wp-content\/uploads\/2019\/06\/check-icon-16.png\"> <strong>Kosten<\/strong>: Zwischen 650 &amp; 1.300 Euro<\/p>\n<h2>Charakter und Wesen<\/h2>\n<p>Die Abessinier Katzen sind Muntermacher, aufgeschlossen, neugierig, intelligent, anh\u00e4nglich, lernf\u00e4hig, spiel- und kletterfreudig, verschmust und voller liebenswerter Kapriolen. Sie verinnerlichen ein sehr soziales Verhalten als kleine Stubentiger und f\u00fchlen sich pudelwohl, wenn Ihre Widersacher ebenso lebhaft sind. Kinder und ein kleiner s\u00fc\u00dfer Hund sollten kein Hindernis sein. Im Gegenteil, als Einzelkatze f\u00fcr Senioren oder Berufst\u00e4tige ist die Katze nicht unbedingt geschaffen. Allerdings kann laut Z\u00fcchter eine \u00e4ltere Abessinier Katze als Einzelkatze f\u00fcr Daheim infrage kommen.<\/p>\n<h2>Aussehen<\/h2>\n<p>Die Abessinier Katze wird laut Rassestandard als eine Katze mittlerer K\u00f6rperl\u00e4nge und Gr\u00f6\u00dfe beschrieben. Diese Katze verf\u00fcgt \u00fcber einen muskul\u00f6sen, geschmeidigen, sehnigen K\u00f6rper mit eleganten langen Beinen in einer guten Proportion zum K\u00f6rperbau. Die mandelf\u00f6rmigen Augen sind gro\u00df, ebenso die Ohren. Die mittellange Nase zeigt eine leichte sanfte Kurve im Profil. Der Schwanz ist ziemlich ausladend und das Fell ist kurz, eng anliegend, fein und geschlossen. Ein Medaillon oder Wei\u00df auf der Brust gelten als schwere Fehler. Eine Besonderheit der Rasse ist ihre Fellzeichnung. Diese wird auch \u201eAbessiniertabby\u201c oder \u201eTicking\u201c genannt.<\/p>\n<h2>Geschichte und Herkunft<\/h2>\n<p>In vielen Aufzeichnungen der alt\u00e4gyptischen Geschichte nahm sie fast die Rolle einer G\u00f6ttin ein, zusammen mit der Egyptian Mau. Bekannt ist Ihre einzigartige Fellzeichnung auch in Singapur oder Ceylon, daher ist der tats\u00e4chliche Ursprung nicht genau zu lokalisieren. 1868 soll mit \u201eZulu\u201cin Ihrer Art die erste Katze englischen Boden erreicht haben und sehr wahrscheinlich aus Abessinier eingereist sein.<\/p>\n<p><img decoding=\"async\" class=\"alignnone size-large wp-image-3218\" src=\"https:\/\/tierisch-verliebt.de\/magazin\/wp-content\/uploads\/2025\/04\/Abessinier-Katze-1024x682.jpg\" alt=\"Abessinier Katze\" width=\"910\" height=\"606\" srcset=\"https:\/\/tierisch-verliebt.de\/magazin\/wp-content\/uploads\/2025\/04\/Abessinier-Katze-1024x682.jpg 1024w, https:\/\/tierisch-verliebt.de\/magazin\/wp-content\/uploads\/2025\/04\/Abessinier-Katze-300x200.jpg 300w, https:\/\/tierisch-verliebt.de\/magazin\/wp-content\/uploads\/2025\/04\/Abessinier-Katze-768x512.jpg 768w, https:\/\/tierisch-verliebt.de\/magazin\/wp-content\/uploads\/2025\/04\/Abessinier-Katze.jpg 1280w\" sizes=\"(max-width: 910px) 100vw, 910px\" \/><\/p>\n<h2>Krankheitsanf\u00e4lligkeiten<\/h2>\n<p>Im Grunde ist die Abessinier eine gesunde Katze, ohne besonderen Auff\u00e4lligkeiten. Nat\u00fcrlich kann die Katze auch mal Durchfall bekommen, wie jede andere Katze. Leider ist die Rasse in einigen F\u00e4llen mit Erbkrankheiten belastet, wie z.B.P K. Eine unheilbare regenerative und chronische h\u00e4molytische An\u00e4mie, welche mit einer Aufl\u00f6sung der roten Blutk\u00f6rperchen einhergeht. F\u00fcr die eher seltene Amyloidose, ein Defekt des Stoffwechsels (angeboren), nicht therapierbar endet in der Regel mit einem akuten Nierenversagen. Hier stehen zurzeit weder Versuchsmethoden zur Verf\u00fcgung, noch gab es bisher eine Erbgutskl\u00e4rung zu diesem Problem. Als K\u00e4ufer muss man sich nicht unbedingt Sorgen machen, da ein guter Z\u00fcchter das Auftreten dieser Krankheit bei der Katze schnell erkennt.<\/p>\n<p>Der Zeitpunkt war damals sehr g\u00fcnstig, weil zu der Zeit gerade ein neues Hobby in England geboren wurde: \u201eDie Katzenzucht\u201c. Da es keine Paarungspartner gab, mussten verschiedene Katzenarten herhalten, meist <a href=\"https:\/\/tierisch-verliebt.de\/magazin\/hauskatze\/\">Hauskatzen<\/a>. Dadurch wurde allerdings die Konzentration des streifenfreien wildfarbenem Ticking erschwert. Als Rasse wurde die Abessinier erstmals im Jahre 1872 registriert. 1901 reisten dann die ersten Abessinier Katzen von England in die USA. Die erste deutsche Abessinier wurde 1934 in Dresden geboren. Ihre Fangemeinde ist weltweit sehr gro\u00df.<\/p>\n<h2>Gesundheit<\/h2>\n<p>Abessinierkatzen leiden mitunter an Pyruvatkinasemangel (PK). Eine St\u00f6rung der Glykolyse mit negativen Auswirkungen auf den Erythrozytenstoffwechsel. Katzen mit dem PK-Syndrom leiden an Blutarmut. Die \u00e4u\u00dferen Anzeichen zeigen sich in: Erh\u00f6hung der Reizschwelle \u2013 Schl\u00e4frigkeit \u2013 blassem Zahnfleisch \u2013 Gelbsucht oder einem aufgebl\u00e4hten Bauch. Es gibt keine Behandlungsmethode f\u00fcr diese Krankheit. Auftreten kann die Krankheit bei Kitten, aber ebenso auch bei erwachsenen Katzen. Ob die Katze von der Krankheit schon befallen ist, kann ein DNA-Test nachweisen. Ein weiterer Krankheitsfall bei diesen Katzen ist Renale Amyloidose (RA-eine Stoffwechselst\u00f6rung) oder progressive Retina-Atrophie (PRA-Netzschwund).<\/p>\n<h2>Haltung<\/h2>\n<p>Die Abessinier ist eine sehr, sehr lebhafte Katze. Ihre Besch\u00e4ftigung ist: springen \u2013 Gebiet erkunden \u2013 klettern. Sie ist st\u00e4ndig in Bewegung und verf\u00fcgt \u00fcber eine enorme Ausdauer. Daher ist v\u00f6llig klar, dass auch die Wohnung oder das Haus dementsprechend hergerichtet sein muss. Ausreichende Kratzm\u00f6glichkeiten am Mahagonischrank geh\u00f6ren ebenso dazu wie ein hoher Kratzbaum. In Ihrem Reich ist die Abessinierkatze immer der Hausherr. F\u00fcr Ihren Spieltrieb ist es angebracht, dass sich nur eine Person um sie k\u00fcmmert und viel Zeit und Ausdauer f\u00fcr die Katze zur Verf\u00fcgung steht.<\/p>\n<h2>Pflege<\/h2>\n<p>Dadurch, dass es sich um eine Kurzhaar-Katze handelt, ist Ihr Fell sehr leicht zu pflegen. Durch w\u00f6chentliches K\u00e4mmen werden auch die abgestorbenen Haare sehr gut entfernt. Nach Absprache mit einem Tierarzt sollte die Nagel \u2013und Zahnpflege regelm\u00e4\u00dfig erfolgen. Empfohlen wird auch eine j\u00e4hrliche Schutzimpfung, um das Immunsystem der Katze zu st\u00e4rken.<\/p>\n<h2>Ern\u00e4hrung<\/h2>\n<p>F\u00fcr ein gesundes und langes Katzenleben ist gutes <a href=\"https:\/\/tierisch-verliebt.de\/magazin\/katzenfutter-im-test\/\">Katzenfutter<\/a> die optimale Ern\u00e4hrung. Unsere Hauskatzen sind als Fleischfresser auf ausreichend gesundes Protein angewiesen. Die Abessinier freut sich \u00fcber viel frisches Fleisch. Kohlenhydrate verwerten sie nur zu einem geringen Teil. Ab und zu ein wenig Trockenfutter guter Qualit\u00e4t kann auch nicht schaden. Es muss ja nicht jeden Tag Rinderfilet sein.<\/p>\n<h2><img decoding=\"async\" class=\"alignnone size-full wp-image-3219\" src=\"https:\/\/tierisch-verliebt.de\/magazin\/wp-content\/uploads\/2025\/04\/Abessinier-Katze2.png\" alt=\"Abessinier Katze2\" width=\"1024\" height=\"1024\" srcset=\"https:\/\/tierisch-verliebt.de\/magazin\/wp-content\/uploads\/2025\/04\/Abessinier-Katze2.png 1024w, https:\/\/tierisch-verliebt.de\/magazin\/wp-content\/uploads\/2025\/04\/Abessinier-Katze2-300x300.png 300w, https:\/\/tierisch-verliebt.de\/magazin\/wp-content\/uploads\/2025\/04\/Abessinier-Katze2-150x150.png 150w, https:\/\/tierisch-verliebt.de\/magazin\/wp-content\/uploads\/2025\/04\/Abessinier-Katze2-768x768.png 768w\" sizes=\"(max-width: 1024px) 100vw, 1024px\" \/><\/h2>\n<h2>Wie viel kostet eine Abessinierkatze?<\/h2>\n<p>Im Schnitt fangen die Preise bei 650 Euro f\u00fcr ein Liebhabertier an. Katzen, die \u00fcber eine Zuchtqualit\u00e4t verf\u00fcgen sind in der Regel teurer. F\u00fcr Kitten fangen die Preise bei 800 Euro f\u00fcr ein Liebhabertier an. Mit rund 1300 Euro muss der Katzen-Liebhaber f\u00fcr eine Zuchtkatze rechnen.<\/p>\n<h2>Wer wei\u00df was?<\/h2>\n<p>Die besonders typische Fellzeichnung der Rasse wird auch Ticking genannt. Jedes einzelne Haar dieser Katze ist in der Grundfarbe zum Beispiel Schwarz bei den Wildfarbenen. Und zwei bis dreimal geringelt wie ein S\u00f6ckchen. Sehr interessant und charakteristisch ist die Tatsache, dass es au\u00dfer von Zuchtversuchen mit fremden Katzen, keine roten Abessinier Katzen gibt. Es gibt lediglich einige, die so \u00e4hnlich aussehen. Ein Grund, warum die rotbraun getickte Katze \u201eSorrel\u201c genannt wird. Gelegentlich werden sie als Urahnen der Somali miteinander gekreuzt.<\/p>\n<p>Die ber\u00fchmteste Abessinier war weltweit: \u201eDie Katze die aus dem Weltraum kam\u201c, aus dem gleichnamigen Walt Disney Film.<\/p>\n<h2><span id=\"FAQ\">FAQ<\/span><\/h2>\n<h3 data-start=\"1283\" data-end=\"1559\">K\u00f6nnen Abessinier Katzen in einer Wohnung leben?<\/h3>\n<p>Ja, allerdings nur, wenn die Wohnung gro\u00df genug ist und katzengerecht eingerichtet wurde \u2013 mit Kletterlandschaften, Kratzb\u00e4umen und gesicherten Fensterpl\u00e4tzen. Ein gesicherter Balkon oder Freigang im Garten w\u00e4re ein Plus.<\/p>\n<h3 data-start=\"1561\" data-end=\"1826\"><strong data-start=\"1561\" data-end=\"1622\">Vertragen sich Abessinier Katzen mit Kindern oder Hunden?<\/strong><\/h3>\n<p data-start=\"1561\" data-end=\"1826\">In der Regel ja \u2013 vorausgesetzt, die Kinder sind respektvoll im Umgang mit Tieren, und der Hund ist ebenfalls sozialisiert. Durch ihr freundliches und aktives Wesen passen sie gut in lebhafte Familien.<\/p>\n<h3 data-start=\"1828\" data-end=\"2038\">Wie laut sind Abessinier Katzen?<\/h3>\n<p data-start=\"1828\" data-end=\"2038\">Sie gelten als eher gespr\u00e4chige Katzen, ohne jedoch so laut wie beispielsweise Siamkatzen zu sein. Sie kommunizieren gern und &#8220;unterhalten&#8221; sich h\u00e4ufig mit ihren Menschen.<\/p>\n<h3 data-start=\"2040\" data-end=\"2262\">Wie oft sollte man eine Abessinier zum Tierarzt bringen?<\/h3>\n<p data-start=\"2040\" data-end=\"2262\">Wie bei allen Katzen sind j\u00e4hrliche Routineuntersuchungen beim Tierarzt empfehlenswert \u2013 inklusive Impfungen, Zahnkontrollen und allgemeinen Gesundheitschecks.<\/p>\n<h3 data-start=\"2264\" data-end=\"2653\">Wie gut eignen sich Abessinier Katzen f\u00fcr Menschen mit Allergien?<\/h3>\n<p data-start=\"2264\" data-end=\"2653\">Abessinier Katzen produzieren genauso wie andere Katzenrassen das Protein <em data-start=\"2410\" data-end=\"2419\">Fel d 1<\/em>, das f\u00fcr die meisten Katzenallergien verantwortlich ist. Eine Garantie f\u00fcr Allergikerfreundlichkeit gibt es nicht, allerdings berichten einige Allergiker, dass sie mit dieser Rasse besser klarkommen \u2013 was individuell verschieden ist.<\/p>\n","protected":false},"excerpt":{"rendered":"<p>Zu den \u00e4ltesten bekannten Katzenrassen z\u00e4hlen die Abessinier Katzen. Haupts\u00e4chlich erscheinen Sie uns in Darstellungen, vielen historischen Belegen und Abbildungen<\/p>\n","protected":false},"author":2,"featured_media":774,"parent":0,"menu_order":0,"comment_status":"closed","ping_status":"closed","template":"","meta":{"ngg_post_thumbnail":0,"footnotes":""},"class_list":["post-773","page","type-page","status-publish","has-post-thumbnail","hentry","comments-off"],"aioseo_notices":[],"_links":{"self":[{"href":"https:\/\/tierisch-verliebt.de\/magazin\/wp-json\/wp\/v2\/pages\/773","targetHints":{"allow":["GET"]}}],"collection":[{"href":"https:\/\/tierisch-verliebt.de\/magazin\/wp-json\/wp\/v2\/pages"}],"about":[{"href":"https:\/\/tierisch-verliebt.de\/magazin\/wp-json\/wp\/v2\/types\/page"}],"author":[{"embeddable":true,"href":"https:\/\/tierisch-verliebt.de\/magazin\/wp-json\/wp\/v2\/users\/2"}],"replies":[{"embeddable":true,"href":"https:\/\/tierisch-verliebt.de\/magazin\/wp-json\/wp\/v2\/comments?post=773"}],"version-history":[{"count":5,"href":"https:\/\/tierisch-verliebt.de\/magazin\/wp-json\/wp\/v2\/pages\/773\/revisions"}],"predecessor-version":[{"id":3221,"href":"https:\/\/tierisch-verliebt.de\/magazin\/wp-json\/wp\/v2\/pages\/773\/revisions\/3221"}],"wp:featuredmedia":[{"embeddable":true,"href":"https:\/\/tierisch-verliebt.de\/magazin\/wp-json\/wp\/v2\/media\/774"}],"wp:attachment":[{"href":"https:\/\/tierisch-verliebt.de\/magazin\/wp-json\/wp\/v2\/media?parent=773"}],"curies":[{"name":"wp","href":"https:\/\/api.w.org\/{rel}","templated":true}]}}