{"id":764,"date":"2020-01-27T19:40:36","date_gmt":"2020-01-27T18:40:36","guid":{"rendered":"https:\/\/tierisch-verliebt.de\/magazin\/?page_id=764"},"modified":"2025-02-19T13:22:33","modified_gmt":"2025-02-19T12:22:33","slug":"tuerkische-angora","status":"publish","type":"page","link":"https:\/\/tierisch-verliebt.de\/magazin\/tuerkische-angora\/","title":{"rendered":"T\u00fcrkische Angora: der elegante Wegbegleiter f\u00fcr die ganze Familie"},"content":{"rendered":"<h2>T\u00fcrkische Angora: die \u201eUrmutter\u201c aller Katzen<\/h2>\n<p>Die t\u00fcrkische Angora ist ein Exot unter den Katzen und erfordert Hintergrundwissen, um eine artgerechte Haltung zu erm\u00f6glichen. Erste Aufzeichnungen, die auf die Angora zur\u00fcckzuf\u00fchren sind, reichen bis ins 16. Jahrhundert und schon damals einen hohen Stellenwert genossen. Eine majest\u00e4tische Ausstrahlung wird dieser Katze nachgesagt und macht das Tier zu einem Unikat unter den Katzen. Sie hat einen schlanken K\u00f6rperbau, der leicht muskul\u00f6s ist. Dar\u00fcber hinaus z\u00e4hlt diese Katze zu den sogenannten Halblanghaarkatzen. Das wei\u00dfe Fell der Katze ist \u00e4u\u00dferst weich und der Schwanz \u201ebuschig\u201c. Im Gro\u00dfen ist das Tier zierlich und anmutig und eine Rarit\u00e4t, bez\u00fcglich Aussehen und Sozialverhalten.<\/p>\n\n<h2>Steckbrief<\/h2>\n<p><img decoding=\"async\" alt=\"check\" src=\"https:\/\/tierisch-verliebt.de\/magazin\/wp-content\/uploads\/2019\/06\/check-icon-16.png\"> <strong>Name<\/strong>: T\u00fcrkische Angora<br \/>\n<img decoding=\"async\" alt=\"check\" src=\"https:\/\/tierisch-verliebt.de\/magazin\/wp-content\/uploads\/2019\/06\/check-icon-16.png\"> <strong>Wissenschaftlicher Name<\/strong>: Felis silvestris catus<br \/>\n<img decoding=\"async\" alt=\"check\" src=\"https:\/\/tierisch-verliebt.de\/magazin\/wp-content\/uploads\/2019\/06\/check-icon-16.png\"> <strong>Herkunft<\/strong>: T\u00fcrkei<br \/>\n<img decoding=\"async\" alt=\"check\" src=\"https:\/\/tierisch-verliebt.de\/magazin\/wp-content\/uploads\/2019\/06\/check-icon-16.png\"> <strong>Lebenserwartung<\/strong>: 9 &#8211; 14 Jahre<br \/>\n<img decoding=\"async\" alt=\"check\" src=\"https:\/\/tierisch-verliebt.de\/magazin\/wp-content\/uploads\/2019\/06\/check-icon-16.png\"> <strong>Gewicht<\/strong>: 2,5 \u2013 5 kg<br \/>\n<img decoding=\"async\" alt=\"check\" src=\"https:\/\/tierisch-verliebt.de\/magazin\/wp-content\/uploads\/2019\/06\/check-icon-16.png\"> <strong>Fellfarben<\/strong>: wei\u00df, schwarz, rot, verd\u00fcnnte und silberne Variet\u00e4ten dieser Farben<br \/>\n<img decoding=\"async\" alt=\"check\" src=\"https:\/\/tierisch-verliebt.de\/magazin\/wp-content\/uploads\/2019\/06\/check-icon-16.png\"> <strong>Charakter<\/strong>: selbstbewusst, sozial, verspielt, intelligent<br \/>\n<img decoding=\"async\" alt=\"check\" src=\"https:\/\/tierisch-verliebt.de\/magazin\/wp-content\/uploads\/2019\/06\/check-icon-16.png\"> <strong>Kosten<\/strong>: Zwischen 500 &amp; 800 Euro<\/p>\n<h2>Wesen und Charakter der Angora<\/h2>\n<p>Ein signifikanter Wesenszug der Angora ist ihre menschenverbunden Art, sodass die Katze nur ungern alleine ist und vorzugsweise mit einer zweiten Katze gehalten werden sollte. Somit ist die Angora eine \u00e4u\u00dferst soziale Katze und dar\u00fcber hinaus intelligent, weshalb sie nicht nur die N\u00e4he braucht, sondern auch Herausforderungen. Sofern eine Haltung dieser Katzenart beabsichtigt wird, ist es unerl\u00e4sslich auf eine ausreichende Interaktion zu achten, um einer Vereinsamung pr\u00e4ventiv entgegenzutreten. T\u00fcrkisch Angora ist ein treuer Wegbegleiter f\u00fcr die ganze Familie. Zus\u00e4tzlich ist auf abwechslungsreiches Spielzeug zu achten, um die Intelligenz der Katze zu fordern, damit keine Langeweile aufkommt. Denn die Angora ist eine lebhafte und aktive Katze und bedarf viel Aufmerksamkeit.<\/p>\n<h2>Herkunft und Geschichte<\/h2>\n<p>Wie bereits erw\u00e4hnt ist die Angora bereits im 16. Jahrhundert gez\u00fcchtet worden und ist das Nationaltier der T\u00fcrkei. Bis zum heutigen Tag wird die Katze in der T\u00fcrkei \u201eAnkara kedisi\u201c genannt und bedeutet: \u201eKatze aus Ankara\u201c. Es ist eine elegante und intelligente Katze und dementsprechend sp\u00e4t kam die Genehmigung vonseiten der T\u00fcrkei, um eine Z\u00fcchtigung au\u00dferhalb der Grenzen zu erlauben. Erst in den 1980er Jahren hat die t\u00fcrkische Regierung die Ausfuhr ins Ausland erlaubt, sodass sich die Katze auch im Ausland gr\u00f6\u00dferer Beliebtheit freuen konnte.<\/p>\n<h2>\u00dcberlegungen vor einer Anschaffung der Angora<\/h2>\n<p>Aufgrund der gro\u00dfen Ausgepr\u00e4gtheit des Sozialverhaltens und dem regen Aktivit\u00e4tsdrang der Katze ist es unabdingbar zu kl\u00e4ren, inwieweit diese Bedingungen gegeben sind, bzw. gew\u00e4hrleistet k\u00f6nnen. Im Konkreten hei\u00dft dies, dass die Katze anschmiegsam ist und die t\u00e4gliche N\u00e4he zum Menschen braucht. Unter Ber\u00fccksichtigung dieser Aspekte ist eine Haltung als Hauskatze als auch als Freig\u00e4nger m\u00f6glich. Eine Haltung mit einer Zweitkatze sollte priorisiert werden, damit der t\u00e4gliche Bewegungs- und Spieldrang ausreichend gedeckt werden kann.<\/p>\n<p>Seit der Freigabe der Z\u00fcchtigung, abseits der T\u00fcrkei, gibt es diverse Z\u00fcchtungen, die mit genetischen Krankheiten einhergehen. Infolge dessen ist es relevant, sich mit diesen Krankheiten auseinanderzusetzen, um zwischen seri\u00f6sen und unseri\u00f6sen Z\u00fcchtern differenzieren zu k\u00f6nnen. Nur eine gesunde Katze wird langfristig Freude bereiten und den Halter durch den Alltag begleiten. Infolge von h\u00e4ufigen Inzucht im Stammbaum der Katzen, entstehen verschiedene Immunschw\u00e4chen und andere Krankheiten, die das Lebensalter immens beeinflussen, bzw. verk\u00fcrzen. Auch abweichende Farbmerkmale des Felles sind Indikator f\u00fcr \u00dcberz\u00fcchtung oder inad\u00e4quater Z\u00fcchtung, sodass gesundheitliche Einschr\u00e4nkungen nicht ausgeschlossen werden k\u00f6nnen. Katzen, die g\u00e4nzlich wei\u00df sind, leiden oftmals unter Taubheit und Gleichgewichtsst\u00f6rungen und gegebenenfalls unter Blindheit.<\/p>\n<p>Ein artgerechter Z\u00fcchter wird grunds\u00e4tzlich, ohne Aufforderung, den <a href=\"https:\/\/tierisch-verliebt.de\/magazin\/stammbaum\/\">Stammbaum der Katze<\/a> vorweisen und etwaige andere Nachweise erbringen, die eine gesundheitliche Unversehrtheit der Katze bezeugen. Bestenfalls wird der Z\u00fcchter vor Ort besucht und pers\u00f6nlich kennengelernt. Auch die Rahmenbedingungen, unter denen die Katze aufgewachsen ist, spielen eine fundamentale Rolle. Deshalb ist es vorteilhaft auf Aspekte zu achten, die das direkte Lebensumfeld der Katze betreffen. Die Katze, bzw. die Eltern des Tieres, sollten idealerweise in einer guten sozialer Anbindung zu Menschen aufgewachsen sein.<\/p>\n<h2>Rassemerkmale<\/h2>\n<p>Die Beliebtheit der Katze beruht auf dem extravaganten Erscheinungsbild der Katze, neben anderen Eigenschaften, wie Intelligenz und Sozialverhalten. Der muskul\u00f6se und doch dezent wirkende K\u00f6rperbau macht die Katze unverkennbar und einzigartig. Im Winter ist das Fell besonders weich und volumin\u00f6s und wird zum Sommer hin d\u00fcnner, sodass die Angora sich bestens sich in die umgebende \u00d6rtlichkeiten integrieren kann. Dabei ist auf eine regelm\u00e4\u00dfige Fellpflege zu achten, was ebenfalls die Bindung zur Katze st\u00e4rkt.<\/p>\n<h2>Geeignete Aktivit\u00e4ten<\/h2>\n<p>Die Angora sollte eine breite Variet\u00e4t an anspruchsvollen Spielzeugen haben, damit sie die Intelligenz ausreizen und ausleben kann. Anspruch ist ein st\u00e4ndiger Begleiter der Katze, weshalb eine Einzelhaltung des Tieres unvorteilhaft ist. Mit einer Zweitkatze hat die Angora einen st\u00e4ndigen Spielpartner, sodass eine Unterforderung des Vierbeiners ausgeschlossen werden kann. Denn als Halter alleine ist es nicht m\u00f6glich ununterbrochen der Katze Aufmerksamkeit entgegenzubringen.<\/p>\n<h2>Geeignete Ern\u00e4hrung<\/h2>\n<p>Trotz des majest\u00e4tisch anmutenden Erscheinungsbildes, ist die Katze bez\u00fcglich der Ern\u00e4hrung weniger anspruchsvoll, sodass es keine Besonderheiten, bez\u00fcglich des <a href=\"https:\/\/tierisch-verliebt.de\/magazin\/katzenfutter-im-test\/\">Katzenfutters<\/a> zu beachten gibt. Allgemeinhin ist, wie bei allen Katzen, auf eine ausgewogenen und fleischhaltige, Ern\u00e4hrung zu achten. Damit wird die Katze vital und gesund bleiben.<\/p>\n","protected":false},"excerpt":{"rendered":"<p>T\u00fcrkische Angora: die \u201eUrmutter\u201c aller Katzen Die t\u00fcrkische Angora ist ein Exot unter den Katzen und erfordert Hintergrundwissen, um eine<\/p>\n","protected":false},"author":2,"featured_media":765,"parent":0,"menu_order":0,"comment_status":"closed","ping_status":"closed","template":"","meta":{"ngg_post_thumbnail":0,"footnotes":""},"class_list":["post-764","page","type-page","status-publish","has-post-thumbnail","hentry","comments-off"],"aioseo_notices":[],"_links":{"self":[{"href":"https:\/\/tierisch-verliebt.de\/magazin\/wp-json\/wp\/v2\/pages\/764","targetHints":{"allow":["GET"]}}],"collection":[{"href":"https:\/\/tierisch-verliebt.de\/magazin\/wp-json\/wp\/v2\/pages"}],"about":[{"href":"https:\/\/tierisch-verliebt.de\/magazin\/wp-json\/wp\/v2\/types\/page"}],"author":[{"embeddable":true,"href":"https:\/\/tierisch-verliebt.de\/magazin\/wp-json\/wp\/v2\/users\/2"}],"replies":[{"embeddable":true,"href":"https:\/\/tierisch-verliebt.de\/magazin\/wp-json\/wp\/v2\/comments?post=764"}],"version-history":[{"count":5,"href":"https:\/\/tierisch-verliebt.de\/magazin\/wp-json\/wp\/v2\/pages\/764\/revisions"}],"predecessor-version":[{"id":3083,"href":"https:\/\/tierisch-verliebt.de\/magazin\/wp-json\/wp\/v2\/pages\/764\/revisions\/3083"}],"wp:featuredmedia":[{"embeddable":true,"href":"https:\/\/tierisch-verliebt.de\/magazin\/wp-json\/wp\/v2\/media\/765"}],"wp:attachment":[{"href":"https:\/\/tierisch-verliebt.de\/magazin\/wp-json\/wp\/v2\/media?parent=764"}],"curies":[{"name":"wp","href":"https:\/\/api.w.org\/{rel}","templated":true}]}}