{"id":755,"date":"2020-01-20T13:01:57","date_gmt":"2020-01-20T12:01:57","guid":{"rendered":"https:\/\/tierisch-verliebt.de\/magazin\/?page_id=755"},"modified":"2023-12-17T21:39:15","modified_gmt":"2023-12-17T20:39:15","slug":"sphynx-katze","status":"publish","type":"page","link":"https:\/\/tierisch-verliebt.de\/magazin\/sphynx-katze\/","title":{"rendered":"Sphynx Katze \u2013 geliebt oder verabscheut"},"content":{"rendered":"<p>Sphynx sind eine recht junge Katzenrasse, deren Aussehen etwas gew\u00f6hnungsbed\u00fcrftig ist. Ihr K\u00f6rper ist fast nackt und mit Falten bedeckt. Ursache der Haarlosigkeit ist eine Genmutation. Auff\u00e4llig sind zudem ihre gro\u00dfen Ohren. Die Meinungen zur Rasse der Sphynx gehen weit auseinander. W\u00e4hrend sie von den Einen geliebt wird, bezeichnen sie Andere als Qualzucht und sie wird sogar verabscheut.<\/p>\n\n<h2>Steckbrief<\/h2>\n<p><img decoding=\"async\" alt=\"check\" src=\"https:\/\/tierisch-verliebt.de\/magazin\/wp-content\/uploads\/2019\/06\/check-icon-16.png\"> <strong>Name<\/strong>: Sphynx<br \/>\n<img decoding=\"async\" alt=\"check\" src=\"https:\/\/tierisch-verliebt.de\/magazin\/wp-content\/uploads\/2019\/06\/check-icon-16.png\"> <strong>Wissenschaftlicher Name<\/strong>: Felis silvestris catus<br \/>\n<img decoding=\"async\" alt=\"check\" src=\"https:\/\/tierisch-verliebt.de\/magazin\/wp-content\/uploads\/2019\/06\/check-icon-16.png\"> <strong>Herkunft<\/strong>: Kanada<br \/>\n<img decoding=\"async\" alt=\"check\" src=\"https:\/\/tierisch-verliebt.de\/magazin\/wp-content\/uploads\/2019\/06\/check-icon-16.png\"> <strong>Lebenserwartung<\/strong>: 3 &#8211; 6,5 Jahre<br \/>\n<img decoding=\"async\" alt=\"check\" src=\"https:\/\/tierisch-verliebt.de\/magazin\/wp-content\/uploads\/2019\/06\/check-icon-16.png\"> <strong>Gewicht<\/strong>: 10 \u2013 16 kg<br \/>\n<img decoding=\"async\" alt=\"check\" src=\"https:\/\/tierisch-verliebt.de\/magazin\/wp-content\/uploads\/2019\/06\/check-icon-16.png\"> <strong>Fellfarben<\/strong>: creme, grau, wei\u00df<br \/>\n<img decoding=\"async\" alt=\"check\" src=\"https:\/\/tierisch-verliebt.de\/magazin\/wp-content\/uploads\/2019\/06\/check-icon-16.png\"> <strong>Charakter<\/strong>: selbstbewusst, intelligent, neugierig, unterhaltsam<br \/>\n<img decoding=\"async\" alt=\"check\" src=\"https:\/\/tierisch-verliebt.de\/magazin\/wp-content\/uploads\/2019\/06\/check-icon-16.png\"> <strong>Kosten<\/strong>: Zwischen 600 &amp; 1.000 Euro<\/p>\n<h2>Wesen und Charakter<\/h2>\n<p>Die Sphynx Katze ist sehr anh\u00e4nglich und auf den Menschen bezogen. Sie will \u00fcberall dabei sein und folgt ihrem Menschen auf Schritt und Tritt. Du kannst in Deiner Wohnung nicht mehr allein sein. Sogar nachts wird sie zu Dir ins Bett kriechen, um sich unter der Decke zu w\u00e4rmen. Die sozialen Katzen sollten mindestens zu zweit gehalten werden. Sphynx Katzen haben ein freundliches Wesen. Aggressionen sind ihr fremd. Wie die meisten Katzen sind auch Sphynx sehr verspielt.<\/p>\n<p>Die w\u00e4rmeliebenden Katzen liegen gern auf einer sonnigen Fensterbank. Als Freig\u00e4nger sind Sphynx Katzen nicht besonders geeignet. Die haarlosen Tiere haben zwar keine Probleme mit der Witterung, folgen aber aufgrund ihrer Zutraulichkeit auch fremden Menschen. Hellh\u00e4utige Sphynx sollten nicht zu lange in der Sonne liegen. Sie sind anf\u00e4lliger f\u00fcr Sonnenbrand als ihre dunkelh\u00e4utigen Artgenossen.<\/p>\n<h2>Herkunft &amp; Geschichte<\/h2>\n<p>Haarlose Katzen waren schon bei den Azteken bekannt. Die heutige Sphynx ist allerdings eine in Kanada entstandene Rasse, die auch Canadian Sphynx oder Canadian Hairless genannt wird. 1971 wurde sie als Rasse anerFelis silvestris catuskannt. Die Geschichte der Sphynx Katze begann 1966 in Ontario mit dem Kater Prune. Durch eine Genmutation kamen im Wurf einer <a href=\"https:\/\/tierisch-verliebt.de\/magazin\/hauskatze\/\">Hauskatze <\/a>auch einige haarlose K\u00e4tzchen zur Welt. Darunter befand sich auch Kater Prune, der nach Toronto ver\u00e4u\u00dfert wurde. Sp\u00e4ter verpaarte man ihn mit seiner Mutter.<\/p>\n<p>Durch die R\u00fcckverpaarung kamen Nacktkatzen sowie behaarte K\u00e4tzchen, die Tr\u00e4ger der rezessiv vererbten Haarlosigkeit waren, zur Welt. Weitere R\u00fcckverpaarungen und Verpaarungen zwischen nackten Katzen f\u00fchrten zu einigen haarlosen Nachkommen. Ein in die Niederlande abgegebener Nachkomme von Prune wurde mit einer Devon Rex Katze gekreuzt, um den begrenzten Genpool der Sphynx Katzen zu vergr\u00f6\u00dfern.<\/p>\n<p><img decoding=\"async\" class=\"alignnone size-full wp-image-2571\" src=\"https:\/\/tierisch-verliebt.de\/magazin\/wp-content\/uploads\/2023\/12\/frau-mit-sphinx.png\" alt=\"frau mit Sphynx Katze\" width=\"1024\" height=\"1024\"><\/p>\n<h2>\u00dcberlegungen vor der Anschaffung<\/h2>\n<p>Eine Katze ist ein Lebewesen, das t\u00e4glich Zuwendung braucht. \u00dcberlege Dir vor dem Kauf, ob Du genug Zeit f\u00fcr den Stubentiger hast. Kannst Du 10 bis 15 Jahre f\u00fcr die Katze da sein? Gibt es jemanden, der die Katze betreut, wenn Du l\u00e4ngere Zeit verreist? Hast Du an die Kosten gedacht, die eine Katze verursacht?<\/p>\n<p>F\u00fcr eine Sphynx Katze kannst Du mit Preisen zwischen 600 und 900 Euro rechnen. Neben der Erstausstattung mit Katzenkorb, Transportbox, Futter- und Wassernapf kommen Kosten f\u00fcr Futter auf Dich zu. Regelm\u00e4\u00dfig musst Du Katzenstreu kaufen. Auch Tierarztbesuche und Medikamente sind zu bezahlen.<\/p>\n<p>Sphynx Katzen sind sehr liebebed\u00fcrftige und anh\u00e4ngliche Tiere. Ihre Suche nach N\u00e4he kann manchmal aufdringlich sein. \u00dcberlege, ob Du mit diesem Verhalten der Katze klarkommst. Wenn Du auf Katzen allergisch reagierst, solltest Du auch auf eine haarlose Sphynx verzichten. Die Allergie wird nicht von den Tierhaaren, sondern von \u00fcber die Haut, Speichel und anderen K\u00f6rpersekreten ausgeschiedenen Proteinen der Katze ausgel\u00f6st.<\/p>\n<p>In einer Mietwohnung ist Katzenhaltung grunds\u00e4tzlich erlaubt. Falls im Mietvertrag vereinbart, musst Du die Erlaubnis des Vermieters einholen. In Einzelf\u00e4llen kann Dir die Katzenhaltung verboten werden.<\/p>\n<h2>Geeignete Aktivit\u00e4ten<\/h2>\n<p>Die \u00fcberwiegend als Wohnungskatze gehaltene Sphynx braucht auch im Haus geeignete Pl\u00e4tze zum Springen und Klettern. Ein gro\u00dfer Katzenbaum mit mehreren Plattformen bietet sich daf\u00fcr an. An hohen mit Sisal bespannten S\u00e4ulen kann die Katze ihre Krallen wetzen. Wie an einem echten Baum klettert sie nach oben. Sie springt von einer Ebene zur anderen. Auch Katzenspielzeug h\u00e4lt die Sphynx fit. Begeistert werfen sie Fellm\u00e4use in die Luft und springen mit den sonderbarsten Verrenkungen hinterher. Auch der Lichtpunkt von LED Lampen wird gern gejagt.<\/p>\n<h2>Rassemerkmale<\/h2>\n<p>Die Sphynx Katze ist eine fast g\u00e4nzlich haarlose Katze. Lediglich ein leichter Flaum bedeckt ihren K\u00f6rper. Den meisten Katzen dieser mittelgro\u00dfen Rasse sind jedoch die wichtigen Schnurrbarthaare erhalten geblieben. Der K\u00f6rper der Sphynx Katze ist von Falten bedeckt. Zwischen den Ohren, um die Schnauze und im Schulterbereich sind die ausgepr\u00e4gten Falten laut Rassestandard sogar erw\u00fcnscht. Die Haut der Sphynx Katze ist dicker als die von Katzen mit Fell.<\/p>\n<p>Sie soll sich wie Wildleder anf\u00fchlen. Sphynx Katzen erreichen ein K\u00f6rpergewicht von 3,5 bis 7 Kilogramm. Der Kopf der Sphynx ist kantig und von leicht dreieckiger Form. Sehr gro\u00dfe Ohren mit breitem Ansatz kennzeichnen den mittelgro\u00dfen Kopf. Die weit auseinander liegenden Augen dieser Katzenrasse stehen leicht schr\u00e4g. Sie sind gro\u00df und zitronenf\u00f6rmig. Ein d\u00fcnner peitschenf\u00f6rmiger Schwanz, der bei einigen Exemplaren an der Spitze Haarb\u00fcschel aufweist, ist typisch f\u00fcr Sphynx Katzen. Alle Farben und Zeichnungen sind erlaubt.<\/p>\n<p>In einigen deutschen Bundesl\u00e4ndern ist die Zucht von Nacktkatzen verboten. Andere Bundesl\u00e4nder empfehlen, Nacktkatzen ohne Schnurrhaare von der Zucht auszulassen. In einigen deutschen Bundesl\u00e4ndern wird von Fall zu Fall entschieden.<\/p>\n<h2>Geeignete Ern\u00e4hrung<\/h2>\n<p>Trotz aller Verbundenheit mit dem Menschen bleiben Katzen Raubtiere. Ein wesentlicher Bestandteil ihrer Ern\u00e4hrung sollte deshalb Fleisch sein. In vielen handels\u00fcblichen Sorten von Fertigfutter sind nur geringe Mengen Fleisch enthalten. Hochwertiges <a href=\"https:\/\/tierisch-verliebt.de\/magazin\/katzenfutter-im-test\/\">Katzenfutter<\/a> hat einen Fleischanteil von mindestens 20 Prozent und ist etwas teurer. Da es aber besser s\u00e4ttigt, braucht die Katze weniger davon. Trockenfutter sollte nur ab und zu gegeben werden.<\/p>\n<p>Als Leckerli zwischendurch ist es gut geeignet. Viele Katzenbesitzer f\u00fcttern ihre vierbeinigen Lieblinge mit BARF. Darunter versteht man die F\u00fctterung von rohem Fleisch und Innereien in Kombination mit Gem\u00fcse. Beim barfen ist es wichtig auf die richtige Zusammensetzung des Futters zu achten, um eine Unterversorgung mit wichtigen Mineralstoffen und Vitaminen zu vermeiden. Frisches Wasser muss immer zur Verf\u00fcgung stehen.<\/p>\n<p>Besonders bei der Ern\u00e4hrung mit Trockenfutter soll die Katze ausreichend trinken. Die Gabe von Kuhmilch ist f\u00fcr Katzen nicht zu empfehlen. Viele Katzen bekommen von der darin enthaltenen Laktose Durchfall. Wer seiner Katze dennoch Milch geben m\u00f6chte, kann auf spezielle im Handel erh\u00e4ltliche Katzenmilch zur\u00fcckgreifen.<\/p>\n<p>Die haarlosen Sphynx regeln ihre K\u00f6rpertemperatur direkt \u00fcber die Haut. Deshalb haben sie einen erh\u00f6hten Energiebedarf und fressen etwas mehr als andere Katzenrassen.<\/p>\n","protected":false},"excerpt":{"rendered":"<p>Sphynx sind eine recht junge Katzenrasse, deren Aussehen etwas gew\u00f6hnungsbed\u00fcrftig ist. Ihr K\u00f6rper ist fast nackt und mit Falten bedeckt.<\/p>\n","protected":false},"author":2,"featured_media":756,"parent":0,"menu_order":0,"comment_status":"closed","ping_status":"closed","template":"","meta":{"ngg_post_thumbnail":0,"footnotes":""},"class_list":["post-755","page","type-page","status-publish","has-post-thumbnail","hentry","comments-off"],"aioseo_notices":[],"_links":{"self":[{"href":"https:\/\/tierisch-verliebt.de\/magazin\/wp-json\/wp\/v2\/pages\/755","targetHints":{"allow":["GET"]}}],"collection":[{"href":"https:\/\/tierisch-verliebt.de\/magazin\/wp-json\/wp\/v2\/pages"}],"about":[{"href":"https:\/\/tierisch-verliebt.de\/magazin\/wp-json\/wp\/v2\/types\/page"}],"author":[{"embeddable":true,"href":"https:\/\/tierisch-verliebt.de\/magazin\/wp-json\/wp\/v2\/users\/2"}],"replies":[{"embeddable":true,"href":"https:\/\/tierisch-verliebt.de\/magazin\/wp-json\/wp\/v2\/comments?post=755"}],"version-history":[{"count":5,"href":"https:\/\/tierisch-verliebt.de\/magazin\/wp-json\/wp\/v2\/pages\/755\/revisions"}],"predecessor-version":[{"id":2595,"href":"https:\/\/tierisch-verliebt.de\/magazin\/wp-json\/wp\/v2\/pages\/755\/revisions\/2595"}],"wp:featuredmedia":[{"embeddable":true,"href":"https:\/\/tierisch-verliebt.de\/magazin\/wp-json\/wp\/v2\/media\/756"}],"wp:attachment":[{"href":"https:\/\/tierisch-verliebt.de\/magazin\/wp-json\/wp\/v2\/media?parent=755"}],"curies":[{"name":"wp","href":"https:\/\/api.w.org\/{rel}","templated":true}]}}