{"id":751,"date":"2020-01-17T10:17:00","date_gmt":"2020-01-17T09:17:00","guid":{"rendered":"https:\/\/tierisch-verliebt.de\/magazin\/?page_id=751"},"modified":"2025-02-24T08:48:59","modified_gmt":"2025-02-24T07:48:59","slug":"rednose-pitbull","status":"publish","type":"page","link":"https:\/\/tierisch-verliebt.de\/magazin\/rednose-pitbull\/","title":{"rendered":"Rednose Pitbull &#8211; Das Portrait"},"content":{"rendered":"\n<h2>Steckbrief<\/h2>\n<p><img decoding=\"async\" alt=\"check\" src=\"https:\/\/tierisch-verliebt.de\/magazin\/wp-content\/uploads\/2019\/06\/check-icon-16.png\"> <strong>Lebenserwartung:<\/strong> 10 bis 17 Jahre<br \/>\n<img decoding=\"async\" alt=\"check\" src=\"https:\/\/tierisch-verliebt.de\/magazin\/wp-content\/uploads\/2019\/06\/check-icon-16.png\"> <strong>Gewicht:<\/strong> 17 bis 20 kg<br \/>\n<img decoding=\"async\" alt=\"check\" src=\"https:\/\/tierisch-verliebt.de\/magazin\/wp-content\/uploads\/2019\/06\/check-icon-16.png\"> <strong>Widerristh\u00f6he:<\/strong> 43 bis 48 cm<br \/>\n<img decoding=\"async\" alt=\"check\" src=\"https:\/\/tierisch-verliebt.de\/magazin\/wp-content\/uploads\/2019\/06\/check-icon-16.png\"> <strong>Charakter:<\/strong> kontaktfreudig, agil, k\u00e4mpferisch<br \/>\n<img decoding=\"async\" alt=\"check\" src=\"https:\/\/tierisch-verliebt.de\/magazin\/wp-content\/uploads\/2019\/06\/check-icon-16.png\"> <strong>Farben:<\/strong> alle Farben au\u00dfer reinwei\u00df; black and tan und leberfarben unerw\u00fcnscht<br \/>\n<img decoding=\"async\" alt=\"check\" src=\"https:\/\/tierisch-verliebt.de\/magazin\/wp-content\/uploads\/2019\/06\/check-icon-16.png\"> <strong>Kosten:<\/strong> Zwischen 800 &amp; 1.500 Euro<\/p>\n<h2>Herkunft &amp; Geschichte des Rednose Pitbull<\/h2>\n<p>Im Jahr 1860 brachten britische Einwanderer &#8220;Bull and Terrier&#8221; mit in die Vereinigten Staaten von Amerika (USA). Dort wurden die Hunde durch Selektion auf Gr\u00f6\u00dfe und Einkreuzung anderer Rassen schnell gr\u00f6\u00dfer. Man nannte diese Hunde unter anderem Staffordshire Terrier (nicht zu verwechseln mit dem kleineren englischen Staffordshire Bullterrier). Im Jahr 1972 wurde die Rasse in <a href=\"https:\/\/tierisch-verliebt.de\/magazin\/american-staffordshire\/\">American Staffordshire Terrier<\/a> umbenannt.<\/p>\n<p>Der American Staffordshire Terrier wurde lange und wird leider auch heute noch illegal f\u00fcr Hundek\u00e4mpfe missbraucht. In den Staaten spalteten sich kurz nach dem Zweiten Weltkrieg die Freunde der Rasse: Die einen wollten aus dem Hund einen Ausstellungs- und Familienhund formen, die anderen hielten an den grausamen Hundek\u00e4mpfen fest; sie nannten ihre Tiere meist Pit Bullterrier nach der &#8220;pit&#8221;, der Hundekampfarena.<\/p>\n<p>Hier nun das vollst\u00e4ndige Portrait dieser dominante Hunderasse.<\/p>\nngg_shortcode_0_placeholder\n<h2>Wesen und Charaktereigenschaften<\/h2>\n<p>Hundek\u00e4mpfe verlangen nach einem harten, kompromisslosen Hund, der nicht selten bis zum Tod seines Gegners hart zubei\u00dft. Oft geht es dabei um sehr hohe Wetteins\u00e4tze. Die von der FCI anerkannten Zuchten stammen ausschlie\u00dflich aus Schau- und nicht aus Kampflinien (wobei auch vom Kampfhund erwartet wurde, dass er sich Menschen gegen\u00fcber sehr freundlich verhielt).<\/p>\n<h2>Haltung<\/h2>\n<p>Der selbstbewusste, temperamentvolle und gelehrige Hund braucht eine sehr konsequente, aber gewaltfreie Erziehung. Leider fallen vor allem R\u00fcden trotz aller Bem\u00fchungen durch Rauflust auf. Steht auf <a title=\"Listenhunde \u2013 Diese Hunde werden in Deutschland als gef\u00e4hrlich eingestuft\" href=\"https:\/\/tierisch-verliebt.de\/magazin\/listenhunde\/\">der Liste der &#8220;gef\u00e4hrlichen Hunderassen&#8221;<\/a> und ist geeignet f\u00fcr Fortgeschrittene.<\/p>\n<h2>\u00dcberlegungen vor der Anschaffung<\/h2>\n<p>Den Halter eines so genannten Kampfhundes (Hund mit gesteigerter Aggressivit\u00e4t und Gef\u00e4hrlichkeit) treffen eine Reihe von Vorschriften und Gesetzen. Da solche Hunde generell als gef\u00e4hrlich eingestuft werden, ist es in allen Bundesl\u00e4ndern Pflicht, die Tiere anzumelden.<\/p>\n<p>Weil diese landesrechtlichen Verordnungen nicht einheitlich sind und je unterschiedliche Rassen als Kampfhund z\u00e4hlen, sollte man sich bereits vor der Anschaffung eines solchen Hundes mit der speziellen landesrechtlichen Gesetzes- und Verordnungslage vertraut machen. Vielfach gilt f\u00fcr diese Hunde generell ein Maulkorb und Leinenzwang auf \u00f6ffentlichem Gel\u00e4nde, was nach der Rechtsprechung (OVG M\u00fcnster, Az: 5 B 3201\/96 und Az.: 1 S 2683\/94) zul\u00e4ssig ist und nicht gegen das Tierschutzgesetz verst\u00f6\u00dft. Beim Umzug in ein anderes Bundesland muss man sich dann entsprechend mit den dort geltenden Hundehaltervorschriften vertraut machen.<\/p>\nngg_shortcode_1_placeholder\n<h2>Rassemerkmale<\/h2>\n<h4>Die Gruppe der Terrier<\/h4>\n<p>Ganz gleich, um welche <a title=\"Portrait zur Hunderasse der Terrier\" href=\"https:\/\/tierisch-verliebt.de\/magazin\/terrier\/\">Terrierrasse<\/a> es sich handelt, allen gemeinsam sind Mut, Intelligenz und Vitalit\u00e4t. Oft neigen sie zu Dominanz und Selbstst\u00e4ndigkeit. Das bef\u00e4higte sie, den Fuchs oder Dachs im Bau zum bek\u00e4mpfen und aus der R\u00f6hre vor die Flinte des J\u00e4gers zu sprengen. Dies gab ihnen auch den Namen &#8220;Erdhunde&#8221; (lat: &#8220;Terra&#8221; = Erde), also. Terrier. Raubzeugbek\u00e4mpfung in Feld und Flur sowie die Jagd auf <a href=\"https:\/\/tierisch-verliebt.de\/magazin\/ratte\/\">Ratten<\/a> und <a href=\"https:\/\/tierisch-verliebt.de\/magazin\/maus\/\">M\u00e4use<\/a> waren ihre Aufgaben, die sie leidenschaftlich erf\u00fcllten. \u00dcberwiegend sind alle Terrierrassen brauchbare Begleithunderassen, wenn sie auch eine konsequente Haltung erfordern.<\/p>\n<h4>Terrier &#8211; der besondere Hund<\/h4>\n<p>Bei ihnen ist alles besonders: vital, selbstbewusst, selbstst\u00e4ndig, mutig, draufg\u00e4ngerisch, klug, bauernschlau, rauflustig, lauffreudig, spielfreudig, stur, eigensinnig, jagdfreudig, besch\u00e4ftigungsfreudig, lernfreudig, aktionsfreudig, auch verschmust, treu und anh\u00e4nglich.<\/p>\n<p>Wenn Ihnen das alles bei einem Hund gef\u00e4llt, dann sind Sie der ideale Partner f\u00fcr einen Terrier &#8211; au\u00dfer f\u00fcr den Jagdterrier, den sollten Sie dem <a href=\"https:\/\/tierisch-verliebt.de\/magazin\/jagdhunde\/\">J\u00e4ger<\/a> \u00fcberlassen.<\/p>\n<p><img decoding=\"async\" class=\"alignnone size-large wp-image-2367\" src=\"https:\/\/tierisch-verliebt.de\/magazin\/wp-content\/uploads\/2023\/08\/Pitbull-1-1024x768.jpg\" alt=\"Pitbull\" width=\"910\" height=\"683\" srcset=\"https:\/\/tierisch-verliebt.de\/magazin\/wp-content\/uploads\/2023\/08\/Pitbull-1-1024x768.jpg 1024w, https:\/\/tierisch-verliebt.de\/magazin\/wp-content\/uploads\/2023\/08\/Pitbull-1-300x225.jpg 300w, https:\/\/tierisch-verliebt.de\/magazin\/wp-content\/uploads\/2023\/08\/Pitbull-1-768x576.jpg 768w, https:\/\/tierisch-verliebt.de\/magazin\/wp-content\/uploads\/2023\/08\/Pitbull-1-600x450.jpg 600w, https:\/\/tierisch-verliebt.de\/magazin\/wp-content\/uploads\/2023\/08\/Pitbull-1.jpg 1280w\" sizes=\"(max-width: 910px) 100vw, 910px\" \/><\/p>\n<h2>Geeignete Ern\u00e4hrung<\/h2>\n<p>F\u00fcr seine neuen Aufgaben in der heutigen Gesellschaft, die fast ausschlie\u00dflich im sozialen Bereich liegen, hat der Pitbull sehr viel aufgeben m\u00fcssen. Er darf seinen Lebensunterhalt nicht mehr zusammen mit seinem Menschen erjagen. Sein <a href=\"https:\/\/tierisch-verliebt.de\/magazin\/insektenproteine-in-hundefutter\/\">Futter<\/a> ist p\u00fcnktlich im Napf. Um die H\u00fcndin muss er nicht mehr k\u00e4mpfen, sie wird zu ihm gebracht.<\/p>\n<p>Der fr\u00fchere Verwendungszweck, f\u00fcr den er einst gez\u00fcchtet wurde, ist im \u00fcbrigen vielen Menschen nicht einmal bekannt. Auch fr\u00fchere Gebrauchshunderassen wie der <a href=\"https:\/\/tierisch-verliebt.de\/magazin\/deutscher-schaeferhund\/\">Deutsche Sch\u00e4ferhund<\/a> werden heute als reine Familienhunde mit Luxus \u00fcberh\u00e4uft. Sie werden nur noch mehrmals am Tag einfallslos spazieren gef\u00fchrt (Gassi gehen).<\/p>\n<p>Sie bekommen keine Aufgaben mehr, die sie mit ihrer angez\u00fcchteten Intelligenz l\u00f6sen k\u00f6nnten. Daher ist der heutige Hund oft hyperaktiv, unbefriedigt, frustriert und letztlich verhaltensauff\u00e4llig. Sein Bewegungsdrang ist gro\u00df.<\/p>\n<p>Da ein Pitbull im Grunde genommen auch ein gef\u00e4hrlicher Kampfhund ist, sollte man sich mit Hunden auskennen. F\u00fcr eine Familie mit kleinen Kindern ist er nicht geeignet. Au\u00dferdem sollte man bei der Rasse, die es als Rednose Pitbull und als Bluenose Pitbull gibt, generell vorsichtig sein. Die Nase ist entweder blaufellig oder eher r\u00f6tlich. Die rednose Pitbulls sind seltener.<\/p>\n<h2 data-pm-slice=\"1 1 []\">FAQ`s<\/h2>\n<h3>Welche gesundheitlichen Probleme treten bei Rednose Pitbulls h\u00e4ufig auf?<\/h3>\n<p>Rednose Pitbulls sind generell robuste Hunde, k\u00f6nnen aber wie viele Hunderassen anf\u00e4llig f\u00fcr bestimmte gesundheitliche Probleme sein. Dazu geh\u00f6ren unter anderem H\u00fcftdysplasie, Allergien (besonders Hautprobleme), Herzkrankheiten und Gelenkprobleme. Regelm\u00e4\u00dfige Tierarztbesuche und eine ausgewogene Ern\u00e4hrung tragen dazu bei, die Gesundheit deines Hundes zu erhalten.<\/p>\n<p><img decoding=\"async\" class=\"alignnone size-large wp-image-2892\" src=\"https:\/\/tierisch-verliebt.de\/magazin\/wp-content\/uploads\/2025\/01\/rednose-Pitbull-1024x768.jpg\" alt=\"\" width=\"910\" height=\"683\" srcset=\"https:\/\/tierisch-verliebt.de\/magazin\/wp-content\/uploads\/2025\/01\/rednose-Pitbull-1024x768.jpg 1024w, https:\/\/tierisch-verliebt.de\/magazin\/wp-content\/uploads\/2025\/01\/rednose-Pitbull-300x225.jpg 300w, https:\/\/tierisch-verliebt.de\/magazin\/wp-content\/uploads\/2025\/01\/rednose-Pitbull-768x576.jpg 768w, https:\/\/tierisch-verliebt.de\/magazin\/wp-content\/uploads\/2025\/01\/rednose-Pitbull-600x450.jpg 600w, https:\/\/tierisch-verliebt.de\/magazin\/wp-content\/uploads\/2025\/01\/rednose-Pitbull.jpg 1280w\" sizes=\"(max-width: 910px) 100vw, 910px\" \/><\/p>\n<h3>Braucht ein Rednose Pitbull spezielle Trainingseinheiten oder einen Hundetrainer?<\/h3>\n<p>Der Rednose Pitbull ist eine intelligente und lernfreudige Rasse, was das Training erleichtert. Dennoch profitieren sie von einer konsequenten Erziehung und klaren Regeln. Spezielle Trainingseinheiten wie Gehorsamkeits\u00fcbungen, Leinenf\u00fchrigkeit oder soziale Interaktion sind besonders wichtig, um sicherzustellen, dass der Hund ausgeglichen bleibt. Ein erfahrener Hundetrainer kann hilfreich sein, besonders wenn es um Herausforderungen wie Territorialverhalten oder Unsicherheit geht.<\/p>\n<h3>Kann ein Rednose Pitbull problemlos mit anderen Hunden zusammenleben?<\/h3>\n<p>Rednose Pitbulls k\u00f6nnen sozial und freundlich gegen\u00fcber anderen Hunden sein, besonders wenn sie fr\u00fchzeitig und richtig<a href=\"https:\/\/tierisch-verliebt.de\/magazin\/hundesozialisation\/\"> sozialisiert<\/a> werden. Allerdings kann es bei einigen Hunden aufgrund ihres starken Charakters und fr\u00fcherer Zuchtlinien zu Dominanzverhalten kommen. Deshalb ist eine kontrollierte Gew\u00f6hnung an andere Hunde von klein auf essenziell, um Probleme zu vermeiden.<\/p>\n<p><img decoding=\"async\" class=\"alignnone size-large wp-image-2893\" src=\"https:\/\/tierisch-verliebt.de\/magazin\/wp-content\/uploads\/2025\/01\/rednose-Pitbull-Natur-1024x682.jpg\" alt=\"\" width=\"910\" height=\"606\" srcset=\"https:\/\/tierisch-verliebt.de\/magazin\/wp-content\/uploads\/2025\/01\/rednose-Pitbull-Natur-1024x682.jpg 1024w, https:\/\/tierisch-verliebt.de\/magazin\/wp-content\/uploads\/2025\/01\/rednose-Pitbull-Natur-300x200.jpg 300w, https:\/\/tierisch-verliebt.de\/magazin\/wp-content\/uploads\/2025\/01\/rednose-Pitbull-Natur-768x512.jpg 768w, https:\/\/tierisch-verliebt.de\/magazin\/wp-content\/uploads\/2025\/01\/rednose-Pitbull-Natur.jpg 1280w\" sizes=\"(max-width: 910px) 100vw, 910px\" \/><\/p>\n<h3>Wie viel Bewegung braucht ein Rednose Pitbull pro Tag?<\/h3>\n<p>Ein Rednose Pitbull ist ein aktiver Hund und ben\u00f6tigt t\u00e4glich mindestens 1,5 bis 2 Stunden <a href=\"https:\/\/tierisch-verliebt.de\/magazin\/hundesportarten\/\">Bewegung<\/a>, um gesund und gl\u00fccklich zu bleiben. Neben ausgedehnten Spazierg\u00e4ngen lieben sie es, zu rennen, zu spielen und mentale Herausforderungen zu meistern. Aktivit\u00e4ten wie Apportierspiele, Agility-Training oder lange Wanderungen sind ideal, um ihre Energie zu kanalisieren.<\/p>\n","protected":false},"excerpt":{"rendered":"<p>Steckbrief Lebenserwartung: 10 bis 17 Jahre Gewicht: 17 bis 20 kg Widerristh\u00f6he: 43 bis 48 cm Charakter: kontaktfreudig, agil, k\u00e4mpferisch<\/p>\n","protected":false},"author":2,"featured_media":752,"parent":0,"menu_order":0,"comment_status":"closed","ping_status":"closed","template":"","meta":{"ngg_post_thumbnail":0,"footnotes":""},"class_list":["post-751","page","type-page","status-publish","has-post-thumbnail","hentry","comments-off"],"aioseo_notices":[],"_links":{"self":[{"href":"https:\/\/tierisch-verliebt.de\/magazin\/wp-json\/wp\/v2\/pages\/751","targetHints":{"allow":["GET"]}}],"collection":[{"href":"https:\/\/tierisch-verliebt.de\/magazin\/wp-json\/wp\/v2\/pages"}],"about":[{"href":"https:\/\/tierisch-verliebt.de\/magazin\/wp-json\/wp\/v2\/types\/page"}],"author":[{"embeddable":true,"href":"https:\/\/tierisch-verliebt.de\/magazin\/wp-json\/wp\/v2\/users\/2"}],"replies":[{"embeddable":true,"href":"https:\/\/tierisch-verliebt.de\/magazin\/wp-json\/wp\/v2\/comments?post=751"}],"version-history":[{"count":5,"href":"https:\/\/tierisch-verliebt.de\/magazin\/wp-json\/wp\/v2\/pages\/751\/revisions"}],"predecessor-version":[{"id":3162,"href":"https:\/\/tierisch-verliebt.de\/magazin\/wp-json\/wp\/v2\/pages\/751\/revisions\/3162"}],"wp:featuredmedia":[{"embeddable":true,"href":"https:\/\/tierisch-verliebt.de\/magazin\/wp-json\/wp\/v2\/media\/752"}],"wp:attachment":[{"href":"https:\/\/tierisch-verliebt.de\/magazin\/wp-json\/wp\/v2\/media?parent=751"}],"curies":[{"name":"wp","href":"https:\/\/api.w.org\/{rel}","templated":true}]}}