{"id":736,"date":"2020-01-13T11:38:52","date_gmt":"2020-01-13T10:38:52","guid":{"rendered":"https:\/\/tierisch-verliebt.de\/magazin\/?page_id=736"},"modified":"2025-10-30T10:43:58","modified_gmt":"2025-10-30T09:43:58","slug":"deutsch-langhaar","status":"publish","type":"page","link":"https:\/\/tierisch-verliebt.de\/magazin\/deutsch-langhaar\/","title":{"rendered":"Deutsch Langhaar \u2013 die liebensw\u00fcrdige Sch\u00f6nheit"},"content":{"rendered":"<p>Diese menschenbezogenen und liebensw\u00fcrdigen Stubentiger erfreuen sich wachsender Beliebtheit. Mit ihrem unkomplizierten Wesen begeistert die einzige langhaarige Katzenrasse mit Ursprung in Deutschland. Die bereits Anfang des 20. Jahrhunderts entstandene Katzenrasse, war \u00fcber viele Jahre in Vergessenheit geraden, doch seit 2005 wird die Zucht der langhaarigen Sch\u00f6nheiten wieder gezielt betrieben.<\/p>\n\n<h2>Steckbrief<\/h2>\n<p><img decoding=\"async\" alt=\"check\" src=\"https:\/\/tierisch-verliebt.de\/magazin\/wp-content\/uploads\/2019\/06\/check-icon-16.png\"> <strong>Name<\/strong>: Deutsch Langhaar<br \/>\n<img decoding=\"async\" alt=\"check\" src=\"https:\/\/tierisch-verliebt.de\/magazin\/wp-content\/uploads\/2019\/06\/check-icon-16.png\"> <strong>Wissenschaftlicher Name<\/strong>: Borealis<br \/>\n<img decoding=\"async\" alt=\"check\" src=\"https:\/\/tierisch-verliebt.de\/magazin\/wp-content\/uploads\/2019\/06\/check-icon-16.png\"> <strong>Herkunft<\/strong>: Deutschland<br \/>\n<img decoding=\"async\" alt=\"check\" src=\"https:\/\/tierisch-verliebt.de\/magazin\/wp-content\/uploads\/2019\/06\/check-icon-16.png\"> <strong>Lebenserwartung<\/strong>: 12 &#8211; 15 Jahre<br \/>\n<img decoding=\"async\" alt=\"check\" src=\"https:\/\/tierisch-verliebt.de\/magazin\/wp-content\/uploads\/2019\/06\/check-icon-16.png\"> <strong>Gewicht<\/strong>: 3,5 \u2013 6 kg<br \/>\n<img decoding=\"async\" alt=\"check\" src=\"https:\/\/tierisch-verliebt.de\/magazin\/wp-content\/uploads\/2019\/06\/check-icon-16.png\"> <strong>Fellfarben<\/strong>: schwarz, grau, wei\u00df, braun, rot, mehrfarbig<br \/>\n<img decoding=\"async\" alt=\"check\" src=\"https:\/\/tierisch-verliebt.de\/magazin\/wp-content\/uploads\/2019\/06\/check-icon-16.png\"> <strong>Charakter<\/strong>: gesellig, liebensw\u00fcrdig, menschenbezogen, ausgeglichen, unkompliziert<br \/>\n<img decoding=\"async\" alt=\"check\" src=\"https:\/\/tierisch-verliebt.de\/magazin\/wp-content\/uploads\/2019\/06\/check-icon-16.png\"> <strong>Kosten<\/strong>: Zwischen 800 &amp; 1.100 Euro<\/p>\n<h2>Wesen und Charakter<\/h2>\n<p>Gerne bezeichnen Besitzer der Rasse ihre Lieblinge als ausgesprochen liebensw\u00fcrdig, anh\u00e4nglich und gesellig. Entsprechend eignen sich Katzen der Rasse perfekt als Familienkatze. Dank ihres unkomplizierten Wesens kommen Deutsch Langhaarkatzen auch sehr gut mit Kindern aber auch Hunden zurecht. Ihre Menschenbezogenheit bringen die Tiere sehr liebevoll zum Ausdruck und sind dabei keines Falls aufdringlich. Familien mit Kindern profitieren von diesen Eigenschaften.<\/p>\n<p>Auch an Spieltrieb mangelt es der Rasse mit gem\u00e4\u00dfigtem Temperament nicht. Sie gehen neugierig und aufmerksam durch die Welt. Dennoch sind Deutsch Langhaarkatzen immer f\u00fcr eine gem\u00fctliche Schmuseeinheit zu begeistern. Ihren Spieltrieb leben die edlen Tiere gerne mit anderen Katzen aus, denn die Deutsch Langhaarkatze ist in der Regel kein Einzelg\u00e4nger. Auch wenn sie mit ihren Artgenossen toben und schmusen, so suchen sie dennoch die menschliche N\u00e4he und sind jederzeit dankbar f\u00fcr Streicheleinheiten.<\/p>\n<h2>Farben und Farbkombinationen<\/h2>\n<p>Diese Rasse ist in den unterschiedlichsten Farbkombinationen und Fellzeichnungen zu finden. Laut den Richtlinien World Cat Federation sind alle Farbkombinationen erlaubt, jedoch sind die pr\u00e4genden Farben Schwarz und Rot, wobei diese in den unterschiedlichsten Tonvarianten vorkommen und auch durchaus blau und creme zum Vorschein kommen. Dies f\u00fchrt zu einer herausragenden Vielfalt an Variationen, wie es auch von Perser Katzen bekannt ist.<\/p>\n<p><img decoding=\"async\" class=\"alignnone size-full wp-image-3326\" src=\"https:\/\/tierisch-verliebt.de\/magazin\/wp-content\/uploads\/2025\/10\/deutsch-langhaar2.png\" alt=\"deutsch langhaar2\" width=\"1024\" height=\"1024\" srcset=\"https:\/\/tierisch-verliebt.de\/magazin\/wp-content\/uploads\/2025\/10\/deutsch-langhaar2.png 1024w, https:\/\/tierisch-verliebt.de\/magazin\/wp-content\/uploads\/2025\/10\/deutsch-langhaar2-300x300.png 300w, https:\/\/tierisch-verliebt.de\/magazin\/wp-content\/uploads\/2025\/10\/deutsch-langhaar2-150x150.png 150w, https:\/\/tierisch-verliebt.de\/magazin\/wp-content\/uploads\/2025\/10\/deutsch-langhaar2-768x768.png 768w\" sizes=\"(max-width: 1024px) 100vw, 1024px\" \/><\/p>\n<h2>Herkunft und Geschichte<\/h2>\n<p>Dies Rasse der Deutsch Langhaarkatze geht auf die 1920er Jahre zur\u00fcck. Zu dieser Zeit wurden Katzen in erster Linie nach Fellfabe und Haarl\u00e4nge gez\u00fcchtet, w\u00e4hrend das rassetypische Aussehen eher vernachl\u00e4ssigt wurde. Vor allem in der Perserkatzenzucht f\u00fchrt dies dazu, dass viele Tiere nicht die kurze Nase und den st\u00e4mmigen K\u00f6rper aufwiesen, der typisch f\u00fcr Hochzuchtperser war. Im Jahr 1929 entwickelte der Biologe und Zoologe Prof. Dr. Friedrich Schwangart umfangreiche Rassebeschreibungen, die eine konsequente Einteilung der Rassen erm\u00f6glichte. Dies f\u00fchrte dazu, dass viele Angorakatzen-Z\u00fcchter und Z\u00fcchter von Perserkatzen ihre Tiere nicht mehr diesen Rassen zuordnen durften und dies war die Geburtsstunde der deutschen Langhaarkatze. Schon im Jahr 1939 galt die Rasse als offiziell anerkannt und unter dem Namen Borealis gelistet. Dank ihrer genetischen Vielfalt galten die Tiere als besonders robust und nicht so krankheitsanf\u00e4llig wie Angora- oder Perserkatzen.<\/p>\n<p>Nach dem 2. Weltkrieg geriet die Rasse aber schnell in Vergessenheit, denn in den Nachkriegsjahren setzten sich exotische Rassen in Deutschland durch. Besonders die Siamkatze erfreute sich gro\u00dfer Beliebtheit. Erst in den 1960er Jahren gr\u00fcndete Frau Aschemeier den \u201eZwinger von der Blasheimer M\u00fchle\u201c und widmete sich der Erhaltungszucht der \u201eDeutsch Langhaar\u201c. Es dauerte weitere 50 Jahre, bis die Familie Aschemeier 2009 die Rasse wieder vorstellte und Tiere pr\u00e4sentieren konnte, die den urspr\u00fcnglichen Standards entsprachen. 2012 wurde die Deutsch Langhaar dann vom WCF international offiziell gelistet und anerkannt.<\/p>\n<h2>Rassemerkmale<\/h2>\n<p>Heute werden Deutsch Langhaarkatzen wieder gezielt nach den urspr\u00fcnglichen Standards gez\u00fcchtet, sodass es durchaus spezifische Rassemenkmale gibt.<\/p>\n<ul>\n<li>Langes Fell<\/li>\n<li>gro\u00df<\/li>\n<li>muskul\u00f6s<\/li>\n<li>langer, rechteckiger Kopf<\/li>\n<li>runder und gut entwickelter Brustkorb<\/li>\n<li>kr\u00e4ftiger Hals<\/li>\n<li>mittellange Beine<\/li>\n<li>gro\u00dfe Pfoten<\/li>\n<li>runde Schwanzspitze<\/li>\n<li>ovale, gro\u00dfe, leicht schr\u00e4g stehende und offene Augen<\/li>\n<li>typische Halskrause<\/li>\n<li>Knickerbocker<\/li>\n<li>federbauschartig behaarter Schwanz<\/li>\n<li>neigen zu \u00dcbergewicht<\/li>\n<\/ul>\n<h2>Geeignete Aktivit\u00e4ten<\/h2>\n<p>Da die Deutsch Langhaar Katze sehr menschenbezogen ist, h\u00e4lt sie problemlos auch den Trubel in einer Gro\u00dffamilie stand. Grunds\u00e4tzlich ben\u00f6tigen Katzen der Rasse viel Aufmerksamkeit und Zuwendung, um sich rundherum wohlzuf\u00fchlen. Zwar kann die Deutsch Langhaar auch problemlos als reine Wohnungskatze mit dem einen oder anderen gem\u00fctlichen Fensterplatz gehalten werden, aber auch ein gesicherter Garten f\u00fcr kleine Streifz\u00fcge kommt ihr sehr entgegen. Wichtig ist es, f\u00fcr Abwechslung zu sorgen, sodass sie ihrem Spieltrieb nachgehen kann. Perfekt ist eine weitere Katze im Haushalt. Da die Rasse sehr umg\u00e4nglich ist, eignet sie sich auch perfekt f\u00fcr Katzenliebhaber ohne aktive Katzenerfahrung.<\/p>\n<h2>Ern\u00e4hrung und Pflege<\/h2>\n<h3>Ern\u00e4hrung<\/h3>\n<p>Deutsch Langhaar sind im Bezug auf das <a href=\"https:\/\/tierisch-verliebt.de\/magazin\/katzenfutter-im-test\/\">Futter<\/a> recht problemlose Kosttr\u00e4ger. Sie geben sich sowohl mit g\u00fcnstigem Discounter-Futter zufrieden als auch mit frisch f\u00fcr sie zubereiteter Kost. Es ist jedoch empfehlenswert, auf eine gesunde und ausgewogene Ern\u00e4hrung zu achten. Da die Tiere der Rasse auch gerne zu \u00dcbergewicht neigen sollte das Gewicht regelm\u00e4\u00dfig kontrolliert werden und eventuell das Futter angepasst werden.<\/p>\n<p><img decoding=\"async\" class=\"alignnone size-large wp-image-3324\" src=\"https:\/\/tierisch-verliebt.de\/magazin\/wp-content\/uploads\/2025\/10\/deutsch-langhaar-1024x683.png\" alt=\"deutsch langhaar\" width=\"910\" height=\"607\" srcset=\"https:\/\/tierisch-verliebt.de\/magazin\/wp-content\/uploads\/2025\/10\/deutsch-langhaar-1024x683.png 1024w, https:\/\/tierisch-verliebt.de\/magazin\/wp-content\/uploads\/2025\/10\/deutsch-langhaar-300x200.png 300w, https:\/\/tierisch-verliebt.de\/magazin\/wp-content\/uploads\/2025\/10\/deutsch-langhaar-768x512.png 768w, https:\/\/tierisch-verliebt.de\/magazin\/wp-content\/uploads\/2025\/10\/deutsch-langhaar.png 1536w\" sizes=\"(max-width: 910px) 100vw, 910px\" \/><\/p>\n<h3>Pflege<\/h3>\n<p>Auch die Pflege sollte bei der Deutsch Langhaar nicht zu kurz kommen. Das halblange Fell ist relativ pflegeleicht, denn es neigt nicht zum Verfilzen. Jedoch sollte das w\u00f6chentliche K\u00e4mmen nicht ausfallen. In der Zeit des Fellwechsels sollte der Turnus allerdings verk\u00fcrzt werden. Dies dient der Entfernung der abgestorbenen Haare und somit beugt es der Haarballenbildung vor. Sollten doch einmal Knoten auftreten, die sich nicht durch das K\u00e4mmen entfernen lassen, k\u00f6nnen diese mit einem Entfilzungskamm behandelt werden.<\/p>\n<h2>\u00dcberlegungen vor der Anschaffung einer Deutsch Langhaar<\/h2>\n<p>Die Anschaffung einer Deutsch Langhaar ist keinesfalls kosteng\u00fcnstig. Die edlen Tiere sollten nur \u00fcber einen Z\u00fcchter, der der Interessengemeinschaft Deutsch Langhaarkatzen angeschlossen ist, gekauft werden. Ein Kitten mit entsprechendem <a href=\"https:\/\/tierisch-verliebt.de\/magazin\/stammbaum\/\">Stammbaum<\/a> schl\u00e4gt meist mit 1.000 Euro zu Buche.<\/p>\n<p>Vor der Anschaffung sollte auch bedacht werden, dass Katzen der Rasse durchaus eine Lebenserwartung von 15 Jahren haben. Wer sich entsprechend f\u00fcr die Anschaffung eines der Fellkn\u00e4ule entscheidet, sollte auch bereit sein \u00fcber diesen Zeitraum f\u00fcr seinen neuen Mitbewohner zu sorgen. Besonders wichtig ist es bei Deutsch Langhaar, dass diese nicht den ganzen Tag alleine verbringen sollten, da sie sehr menschenbezogen sind. Auch muss mit Kosten f\u00fcr die Ausstattung, Spielzeug, Futter und Tierarztkosten gerechnet werden. Zwar ist die Rasse sehr robust, doch in gehobenem Alter k\u00f6nnen h\u00e4ufigere Tierarztbesuche durchaus anfallen.<\/p>\n<h2>Gesundheit<\/h2>\n<p>Die Deutsche Langhaar gilt als \u00e4u\u00dferst robuste Rasse mit starkem Immunsystem. Da die Rasse noch nicht so weit verbreitet ist, sind rassespezifische Krankheiten bisher nicht bekannt. Doch nat\u00fcrlich k\u00f6nnen auch Tiere dieser Rasse an Infektionskrankheiten erkranken oder es kann im Alter zu gesundheitlichen Problemen kommen.<\/p>\n<p>Die beste Vorsorge ist eine artgerechte Ern\u00e4hrung. Zudem sollte auf das Gewicht geachtet werden, damit nicht durch \u00dcbergewicht Krankheiten entstehen. Sollte der Katze ein Garten zur Verf\u00fcgung stehen, ist es wichtig nicht nur gegen Katzenschnupfen und Katzenseuche zu impfen, sondern auch Tollwut- und Leukoseimpfungen durchf\u00fchren zu lassen.<\/p>\n<h2><span id=\"FAQ\">FAQ<\/span><\/h2>\n<h3><strong data-start=\"718\" data-end=\"758\">Wie pflegeintensiv ist das Fell?<\/strong><\/h3>\n<p>Das lange Fell braucht regelm\u00e4\u00dfige Pflege, ideal ist t\u00e4gliches oder zumindest mehrmals w\u00f6chentliches B\u00fcrsten, um Verfilzungen zu verhindern.<\/p>\n<h3 data-start=\"903\" data-end=\"1089\"><strong data-start=\"903\" data-end=\"960\">Ist die Deutsch Langhaar f\u00fcr Allergiker geeignet?<\/strong><\/h3>\n<p data-start=\"903\" data-end=\"1089\">Nein \u2013 wie die meisten Katzenrassen ist sie nicht allergikerfreundlich, da sie Proteine bildet, die Allergien ausl\u00f6sen k\u00f6nnen.<\/p>\n<h3 data-start=\"1091\" data-end=\"1271\"><strong data-start=\"1091\" data-end=\"1124\">Wie gesund ist die Rasse?<\/strong><\/h3>\n<p data-start=\"1091\" data-end=\"1271\">Die Deutsch Langhaar gilt als relativ robuste Naturkatze mit guter genetischer Basis. Regelm\u00e4\u00dfige Vorsorge beim Tierarzt bleibt dennoch wichtig.<\/p>\n<h3 data-start=\"1273\" data-end=\"1471\"><strong data-start=\"1273\" data-end=\"1346\">Kann die Deutsch Langhaar auch als Wohnungskatze gehalten werden?<\/strong><\/h3>\n<p data-start=\"1273\" data-end=\"1471\">Ja, wenn ausreichend Besch\u00e4ftigung, R\u00fcckzugsorte und Kratzm\u00f6glichkeiten geboten werden. Gesicherter Freigang ist ein Plus.<\/p>\n<h3 data-start=\"1473\" data-end=\"1626\"><strong data-start=\"1473\" data-end=\"1542\">Wie gut vertr\u00e4gt sie sich mit Kindern und anderen Haustieren?<\/strong><\/h3>\n<p data-start=\"1473\" data-end=\"1626\">Bei guter Sozialisierung meist hervorragend \u2013 sie gilt als freundlich und sozial.<\/p>\n","protected":false},"excerpt":{"rendered":"<p>Diese menschenbezogenen und liebensw\u00fcrdigen Stubentiger erfreuen sich wachsender Beliebtheit. Mit ihrem unkomplizierten Wesen begeistert die einzige langhaarige Katzenrasse mit Ursprung<\/p>\n","protected":false},"author":2,"featured_media":740,"parent":0,"menu_order":0,"comment_status":"closed","ping_status":"closed","template":"","meta":{"ngg_post_thumbnail":0,"footnotes":""},"class_list":["post-736","page","type-page","status-publish","has-post-thumbnail","hentry","comments-off"],"aioseo_notices":[],"_links":{"self":[{"href":"https:\/\/tierisch-verliebt.de\/magazin\/wp-json\/wp\/v2\/pages\/736","targetHints":{"allow":["GET"]}}],"collection":[{"href":"https:\/\/tierisch-verliebt.de\/magazin\/wp-json\/wp\/v2\/pages"}],"about":[{"href":"https:\/\/tierisch-verliebt.de\/magazin\/wp-json\/wp\/v2\/types\/page"}],"author":[{"embeddable":true,"href":"https:\/\/tierisch-verliebt.de\/magazin\/wp-json\/wp\/v2\/users\/2"}],"replies":[{"embeddable":true,"href":"https:\/\/tierisch-verliebt.de\/magazin\/wp-json\/wp\/v2\/comments?post=736"}],"version-history":[{"count":8,"href":"https:\/\/tierisch-verliebt.de\/magazin\/wp-json\/wp\/v2\/pages\/736\/revisions"}],"predecessor-version":[{"id":3333,"href":"https:\/\/tierisch-verliebt.de\/magazin\/wp-json\/wp\/v2\/pages\/736\/revisions\/3333"}],"wp:featuredmedia":[{"embeddable":true,"href":"https:\/\/tierisch-verliebt.de\/magazin\/wp-json\/wp\/v2\/media\/740"}],"wp:attachment":[{"href":"https:\/\/tierisch-verliebt.de\/magazin\/wp-json\/wp\/v2\/media?parent=736"}],"curies":[{"name":"wp","href":"https:\/\/api.w.org\/{rel}","templated":true}]}}