{"id":72,"date":"2019-06-13T15:31:13","date_gmt":"2019-06-13T13:31:13","guid":{"rendered":"https:\/\/tierisch-verliebt.de\/magazin\/?page_id=72"},"modified":"2025-02-07T12:01:57","modified_gmt":"2025-02-07T11:01:57","slug":"labrador-retriever","status":"publish","type":"page","link":"https:\/\/tierisch-verliebt.de\/magazin\/labrador-retriever\/","title":{"rendered":"Labrador Retriever &#8211; Das Portrait"},"content":{"rendered":"<p>Der wahrscheinlich beliebteste Retriever oder Apportierhunde ist der Labrador.<br \/>\n<!--more--> Diese Hunderasse ist besonders f\u00fcr seine Vielseitigkeit bekannt. Diese Rasse wird h\u00e4ufig als Polizei- oder Blindenhund verwendet, dar\u00fcber hinaus eignet sich diese Rasse auch als Jagdhund und gilt ebenfalls als zuverl\u00e4ssiger Familienhund.<\/p>\n<p>Das Portrait des Labrador Retrievers bietet eine detaillierte Darstellung dieser beliebten Hunderasse, einschlie\u00dflich ihrer charakteristischen Merkmale, ihres freundlichen Wesens und ihrer vielseitigen Einsatzm\u00f6glichkeiten.<\/p>\n\n<h2>Steckbrief<\/h2>\n<p><img decoding=\"async\" alt=\"check\" src=\"https:\/\/tierisch-verliebt.de\/magazin\/wp-content\/uploads\/2019\/06\/check-icon-16.png\"> <strong>Lebenserwartung:<\/strong> 10 bis 12 Jahre<br \/>\n<img decoding=\"async\" alt=\"check\" src=\"https:\/\/tierisch-verliebt.de\/magazin\/wp-content\/uploads\/2019\/06\/check-icon-16.png\"> <strong>Gewicht:<\/strong> 25 bis 35 Kg<br \/>\n<img decoding=\"async\" alt=\"check\" src=\"https:\/\/tierisch-verliebt.de\/magazin\/wp-content\/uploads\/2019\/06\/check-icon-16.png\"> <strong>Widerristh\u00f6he:<\/strong> 54 bis 63 cm<br \/>\n<img decoding=\"async\" alt=\"check\" src=\"https:\/\/tierisch-verliebt.de\/magazin\/wp-content\/uploads\/2019\/06\/check-icon-16.png\"> <strong>Charakter:<\/strong> Kontaktfreudig, agil, ausgeglichen<br \/>\n<img decoding=\"async\" alt=\"check\" src=\"https:\/\/tierisch-verliebt.de\/magazin\/wp-content\/uploads\/2019\/06\/check-icon-16.png\"> <strong>Farben:<\/strong> Schwarz, Gelb, Schokobraun<br \/>\n<img decoding=\"async\" alt=\"check\" src=\"https:\/\/tierisch-verliebt.de\/magazin\/wp-content\/uploads\/2019\/06\/check-icon-16.png\"> <strong>Kosten:<\/strong> Zwischen 700 &amp; 1.000 Euro<\/p>\n<p><img decoding=\"async\" class=\"alignnone size-large wp-image-2304\" src=\"https:\/\/tierisch-verliebt.de\/magazin\/wp-content\/uploads\/2023\/08\/Labrador-2-1024x682.jpg\" alt=\"Labrador\" width=\"910\" height=\"606\" srcset=\"https:\/\/tierisch-verliebt.de\/magazin\/wp-content\/uploads\/2023\/08\/Labrador-2-1024x682.jpg 1024w, https:\/\/tierisch-verliebt.de\/magazin\/wp-content\/uploads\/2023\/08\/Labrador-2-300x200.jpg 300w, https:\/\/tierisch-verliebt.de\/magazin\/wp-content\/uploads\/2023\/08\/Labrador-2-768x512.jpg 768w, https:\/\/tierisch-verliebt.de\/magazin\/wp-content\/uploads\/2023\/08\/Labrador-2.jpg 1280w\" sizes=\"(max-width: 910px) 100vw, 910px\" \/><\/p>\n<h2>Der Charakter dieser Hunderasse<\/h2>\n<p>Ein Labrador ist sanft, treu ausgeglichen und \u00e4u\u00dferst zuverl\u00e4ssig im Umgang mit Kindern. Diese Hunderasse zeichnet sich dahingehend aus, immer gefallen zu wollen. Doch er sch\u00fctzt auch vor Eindringlingen. Diese Hunde passen sich auch ideal an das Leben auf dem Land oder an das Leben in einer Staatwohnung an.<\/p>\n<p>Der Labrador ist sehr ausdauernd, geduldig, arbeitswillig und sehr neugierig. Diese Rasse eignet sich ideal als Wachhund. Der Hund leistet dar\u00fcber hinaus hervorragende Dienste als Apportierhund. Nicht umsonst hei\u00dft diese Rasse auch Labrador Retriever, denn \u201eto retrieve\u201c kommt aus der englischen Sprache und bedeutet \u00fcbersetzt \u201eapportieren\u201c.<\/p>\n<p>Obwohl diese Rasse sehr ruhig aus, braucht der neben viel Bewegung und eine sinnvolle Besch\u00e4ftigung, die den Hund ausf\u00fcllt. Ein weiteres Merkmal, die diese Hunderasse auszeichnet, bezeichnet der Engl\u00e4nder als \u201ewill to please\u201c, das bedeutet, dass der Hunde seinem Menschen gefallen m\u00f6chte. Daher reagiert diese Rasse sehr schnell, ist gelehrsam, gef\u00fcgig sowie einfach zu lenken.<\/p>\n<h2>Gemeinsame Aktivit\u00e4ten mit dem Vierbeiner<\/h2>\n<p>In England wird diese Rasse nach dem Abschuss \u00fcberwiegend auf Flugwild verwendet. In Deutschland findet diese Rasse bei J\u00e4gern vor allem zum sogenannten \u201eBuschieren\u201c Verwendung. Diese Methode dient der Suche vor dem Schuss. Eine weitere Besch\u00e4ftigungsm\u00f6glichkeit findet diese Rasse als sogenannten Schwei\u00dfhund. Die Gelehrsamkeit dieser Rasse pr\u00e4destiniert diese Rasse als Blindenhund, Behindertenbegleithund, Rettungs- und Polizeihund.<\/p>\n<p>F\u00fcr den Hundesport Agility ist diese Rasse ebenfalls hervorragend geeignet. Sollten keine anderen T\u00e4tigkeiten anstehen, ist die Arbeit mit einem Dummy eine weitere M\u00f6glichkeit, die den Apportier-Eigenschaften entgegenkommt.<\/p>\n<p>Dieses Training stammt urspr\u00fcnglich aus dem Bereich des Apportierens, mittlerweile hat sich diese Ausbildung zu einer selbstst\u00e4ndigen Disziplin entwickelt, welche sich aus den einzelnen \u00dcbungen Markieren, Suchen und Einweisen zusammensetzt. F\u00fcr diesen Sport ist dabei das gemeinsame Zusammenspiel zwischen dem Hund und seiner Besitzerin bzw. seinem Besitzer von besonderer Wichtigkeit.<\/p>\n<p><img decoding=\"async\" class=\"alignnone size-large wp-image-2305\" src=\"https:\/\/tierisch-verliebt.de\/magazin\/wp-content\/uploads\/2023\/08\/Labrador-3-1024x576.jpg\" alt=\"Labrador\" width=\"910\" height=\"512\" srcset=\"https:\/\/tierisch-verliebt.de\/magazin\/wp-content\/uploads\/2023\/08\/Labrador-3-1024x576.jpg 1024w, https:\/\/tierisch-verliebt.de\/magazin\/wp-content\/uploads\/2023\/08\/Labrador-3-300x169.jpg 300w, https:\/\/tierisch-verliebt.de\/magazin\/wp-content\/uploads\/2023\/08\/Labrador-3-768x432.jpg 768w, https:\/\/tierisch-verliebt.de\/magazin\/wp-content\/uploads\/2023\/08\/Labrador-3.jpg 1280w\" sizes=\"(max-width: 910px) 100vw, 910px\" \/><\/p>\n<h2>Die Geschichte der Hunderasse<\/h2>\n<p>Diese Rasse hat den Ursprung nicht in Labrador, sondern in Neufundland, wo sie darauf abgerichtet wurden, Fischernetze durch das Wasser zu ziehen. Im 19. Jahrhundert kamen immer mehr Fischer aus Neufundland an die englische Westk\u00fcste, um die Fische zu verkaufen. Dabei wurde der ein oder andere auch zum Verkauf des Hundes \u00fcberredet. Die Hunderasse setzte sich schnell als <a href=\"https:\/\/tierisch-verliebt.de\/magazin\/jagdhunde\/\">Jagdhund<\/a> durch und wurde im Jahr 1903 vom English Kennel Club anerkannt. Schon im Jahr 1887 gab der Earl von Malmesbury der Rasse den Namen Labrador.<\/p>\n<h2>Welche \u00dcberlegungen sollte vor der Anschaffung stattfinden<\/h2>\n<p>Bevor man sich ein Haustier kauft, sollte man sich gut \u00fcberlegen, ob man der Verantwortung gewachsen ist. Die <a href=\"https:\/\/tierisch-verliebt.de\/magazin\/hunderziehung-grundlegendes\/\">Erziehung<\/a> ist beim Labrador Retriever vergleichsweise einfach, dennoch hat die Rasse dennoch gro\u00dfe Anspr\u00fcche. Man sollte sich sicher sein, dass man sich auf einen langen Zeitraum an den Hund binden m\u00f6chte.<\/p>\n<p>Die Lebenserwartung dieser Rasse liegt zwischen zehn und vierzehn Jahren. In dieser Zeitspanne muss man t\u00e4glich mit dem Hund spazieren gehen und der Hund darf nie l\u00e4nger alleine sein. Aufgrund der starken Bindung zu seinem Besitzer ist diese Rasse nicht f\u00fcr die Zwingerhaltung geeignet und bleibt nur sehr ungern alleine zu Hause.<\/p>\n<p>Der Preis ist stark davon abh\u00e4ngig, ob der Hund reinrassig, ein Welpe oder schon ausgewachsen ist. F\u00fcr einen reinrassigen Welpen vom Z\u00fcchter kann man mit bis zu 1.000 Euro rechnen. Seri\u00f6se Anbieter investieren viel Geld in die Hunde, um die Gesundheit sowie Reinheit der Rasse zu erhalten.<\/p>\n<p>In der Regel hat man die Wahl zwischen drei unterschiedlichen Fellf\u00e4rbungen Schokoladenbraun, Schwarz und Gelb, dabei sind die braunen Retriever am teuersten. Wenn man sich keinen Welpen kaufen m\u00f6chte, sollte man sich beim gemeinn\u00fctzigen Verein \u201eRetriever in Not e.V.\u201c umsehen. Dort werden immer hundeerfahrene Hundeliebhaber gesucht, die einen Hund aus schlechter Haltung aufnehmen, um den Hunden ein neues Zuhause bieten zu k\u00f6nnen.<\/p>\n<p><img decoding=\"async\" class=\"alignnone size-large wp-image-2306\" src=\"https:\/\/tierisch-verliebt.de\/magazin\/wp-content\/uploads\/2023\/08\/Labrador-1-1024x682.jpg\" alt=\"Labrador\" width=\"910\" height=\"606\" srcset=\"https:\/\/tierisch-verliebt.de\/magazin\/wp-content\/uploads\/2023\/08\/Labrador-1-1024x682.jpg 1024w, https:\/\/tierisch-verliebt.de\/magazin\/wp-content\/uploads\/2023\/08\/Labrador-1-300x200.jpg 300w, https:\/\/tierisch-verliebt.de\/magazin\/wp-content\/uploads\/2023\/08\/Labrador-1-768x512.jpg 768w, https:\/\/tierisch-verliebt.de\/magazin\/wp-content\/uploads\/2023\/08\/Labrador-1.jpg 1280w\" sizes=\"(max-width: 910px) 100vw, 910px\" \/><\/p>\n<h2>Rassenmerkmale<\/h2>\n<p>Basierend auf dem Standard des <a href=\"https:\/\/tierisch-verliebt.de\/magazin\/fci-gruppen\/\">FCI (Federation Cynologique Internationale)<\/a> hat der Labrador Retriever folgenden allgemeine Erscheinungsmerkmale:<\/p>\n<h4>Kopf<\/h4>\n<p>Sein breiter Oberkopfmit dem ausgepr\u00e4gtem Stop verleiht der Rasse ein imposantes, kraftvolles Erscheinungsbild. Der Stop ist jene Partie, welche den \u00dcbergang von der Nasenwurzel zur Sch\u00e4delkalotte bezeichnet.<\/p>\n<h4>Gesichtsmerkmale<\/h4>\n<p>Diese Rasse verf\u00fcgt \u00fcber breite sowie ausgeformte Nasenl\u00f6cher. Der Fang ist ebenfalls sehr kraftvoll. Durch den kr\u00e4ftigen Kiefer sind die Z\u00e4hne des Hundes ein Scherengebiss, dementsprechend ist es besonders stark und widerstandsf\u00e4hig. Die oberen Z\u00e4hne \u00fcbergreifen die unteren dicht \u00fcberlappend. Die braunen oder haselnussfarbigen Augen zeigen sein sanftes Wesen und lassen auf eine besondere Intelligenz hindeuten.<\/p>\n<p>Die Ohren liegen dicht am Kopf an. Sie sind hoch und weiter hinten angesiedelt. Der Hals des Retrievers ist kraftvoll und stark.<\/p>\n<h4>K\u00f6rper<\/h4>\n<p>Brust bzw. Rippenkorb haben eine tiefe W\u00f6lbung und breite sowie kr\u00e4ftige Lenden. Der K\u00f6rper ist im Allgemeinen gut gebaut und mit einem breiten R\u00fccken ausgestattet.<\/p>\n<h4>Haarkleid<\/h4>\n<p>Das Haarkleid ist kurz, glatt und dicht. Es f\u00fchlt sich hart an und ist au\u00dfergew\u00f6hnlich wasserabweisend. Die vorherrschenden Farben sind Schwarz und Geld, doch mittlerweile gibt es auch Rassen mit einem leber- bzw. schokoladenfarbenen <a href=\"https:\/\/tierisch-verliebt.de\/magazin\/pflege-von-fell-und-zaehnen-des-hundes\/\">Fell<\/a>.<\/p>\n<h4>L\u00e4ufe und Pfoten<\/h4>\n<p>Die Vorderl\u00e4ufe sind vom Ellbogen abw\u00e4rts gerade verlaufend, die Hinterl\u00e4ufe sind kr\u00e4ftig. Die Pfoten sind fest, rund, mit gut gebogenen Zehen und kr\u00e4ftigen Ballen ausgestattet. Die Krallen passen zum Fell.<\/p>\n<h4>Rute<\/h4>\n<p>Die Rute der Rasse ist mit einem dichten Fell ausgestattet. Die Rute ist beim Labrador ziemlich auff\u00e4llig und am Ansatz relativ dick. Zur Spitze hin verj\u00fcngt sich die Rute. Aufgrund dieser Form wird sie oft auch als sogenannter Otterschwanz bezeichnet.<\/p>\nngg_shortcode_0_placeholder\n<h2>Die geeignete Ern\u00e4hrung des Labrador Retrievers<\/h2>\n<p>Einen Labrador Retriever kann man sowohl mit Trockenfutter aber auch mit Nassfutter ern\u00e4hren. Mit beiden Varianten ist es m\u00f6glich, den Hund bestm\u00f6glich zu versorgen. Der Vorteil von Trockenfutter ist, dass der Hund eine deutlich geringere Menge braucht. F\u00fcr einen wenig aktiven Hund mit einem Gewicht von rund 25 Kilogramm braucht man ungef\u00e4hr 270 Gramm Futter pro Tag. Wichtig ist es darauf zu achten, dass der Hund ausreichend Fl\u00fcssigkeit zu sich nimmt.<\/p>\n<p>Bei der Frage, ob man das Futter auf eine, zwei bzw. drei Portionen aufteilt, gibt es unterschiedliche Meinungen. Ein Gro\u00dfteil der Besitzer entscheiden sich f\u00fcr zwei Portionen am Tag. Eine am fr\u00fchen Morgen und eine am sp\u00e4ten Nachmittag. Dazwischen gibt es dann auch noch das ein oder andere Leckerli. Im Grunde genommen spricht auch nichts dagegen, solange der Anteil sollte nicht zu hoch sein. Denn hier lauert auch schon eine der gr\u00f6\u00dften Gefahren, warum die Hunde mit Gewichtsprobleme zu k\u00e4mpfen haben.<\/p>\n<p>Bei Labrador-Welpen ist die richtige <a href=\"https:\/\/tierisch-verliebt.de\/magazin\/havaneser-ernaehrung\/\">Ern\u00e4hrung<\/a> besonders wichtig, denn die Welpen haben eine empfindliche Verdauung. In der Regel sollte einen der Z\u00fcchter dar\u00fcber informieren, welches Futter der junge Hund bislang erhalten hat. Am besten man bleibt f\u00fcrs Erste dabei, da der Welpe sich erst an sein neues Zuhause gew\u00f6hnen muss.<\/p>\n<p>Doch man sollte sich genau \u00fcberlegen, wie es danach weitergehen sollte. Ein ausgeglichenes Verh\u00e4ltnis von Energie und Mineralstoffe sorgt f\u00fcr ein ausgeglichenes Wachstum. Beim Labrador kommt es genau darauf besonders an, denn diese Hunderasse weist ein bestimmtes Risiko auf, an Problemen mit Gelenken zu erkranken.<\/p>\n<p>Wenn man mit dem jetzigen <a href=\"https:\/\/tierisch-verliebt.de\/magazin\/insektenproteine-in-hundefutter\/\">Futter<\/a> nicht zufrieden ist, sollte man die Futterumstellung nicht abrupt vornehmen. Man sollte im Idealfall das Mischungsverh\u00e4ltnis von alten sowie dem neuen Futter steigern, sodass nach vier Tagen die Umstellung durchgef\u00fchrt ist.<\/p>\n<p><img decoding=\"async\" class=\"alignnone wp-image-3011 \" src=\"https:\/\/tierisch-verliebt.de\/magazin\/wp-content\/uploads\/2025\/02\/ernaehrung-Labrador-Retriever.webp\" alt=\"ernaehrung-labrador-retriever\" width=\"600\" height=\"600\" srcset=\"https:\/\/tierisch-verliebt.de\/magazin\/wp-content\/uploads\/2025\/02\/ernaehrung-Labrador-Retriever.webp 1024w, https:\/\/tierisch-verliebt.de\/magazin\/wp-content\/uploads\/2025\/02\/ernaehrung-Labrador-Retriever-300x300.webp 300w, https:\/\/tierisch-verliebt.de\/magazin\/wp-content\/uploads\/2025\/02\/ernaehrung-Labrador-Retriever-150x150.webp 150w, https:\/\/tierisch-verliebt.de\/magazin\/wp-content\/uploads\/2025\/02\/ernaehrung-Labrador-Retriever-768x768.webp 768w\" sizes=\"(max-width: 600px) 100vw, 600px\" \/><\/p>\n<h2>Labrador Retriever Videos<\/h2>\n<p>Eine menge Auslauf braucht so ein Labrador. Hier auf dem Video sieht man wie sich ein schwarzer Labrador am Strand austobt.<br \/>\n<iframe src=\"https:\/\/www.youtube.com\/embed\/mdhwp9z4XCQ\" width=\"560\" height=\"315\" frameborder=\"0\" allowfullscreen=\"allowfullscreen\"><\/iframe><\/p>\n<p>Aber auch relaxen tut der Labrador sehr gern. Hier ein Brauner beim chillen auf der Couch. Am besten ist aber mit Herrchen oder Frauchen zusammen.<br \/>\n<iframe src=\"https:\/\/www.youtube.com\/embed\/pVc4ABgbnsM\" width=\"560\" height=\"315\" frameborder=\"0\" allowfullscreen=\"allowfullscreen\"><\/iframe><\/p>\n<h2>FAQ<\/h2>\n<h3>Ist der Labrador Retriever f\u00fcr das Stadtleben geeignet?<\/h3>\n<p>Ja, der Labrador Retriever kann im Stadtleben gehalten werden, wenn er genug Bewegung &amp; geistige Auslastung bekommt.<br \/>\nOhne regelm\u00e4\u00dfige Besch\u00e4ftigung &amp; Auslauf kann er unruhig und destruktiv werden.<br \/>\nAm besten f\u00fcr aktive Stadtbewohner mit gen\u00fcgend Zeit &amp; nahegelegenen Gr\u00fcnfl\u00e4chen geeignet!<\/p>\n<h3>Wie kann man einen Labrador Retriever geistig auslasten?<\/h3>\n<p>Labradore sind intelligente, arbeitsfreudige Hunde, die nicht nur k\u00f6rperliche, sondern auch geistige Besch\u00e4ftigung brauchen. Ohne geistige Herausforderungen k\u00f6nnen sie sich langweilen und unerw\u00fcnschtes Verhalten wie exzessives Bellen, Graben oder Zerst\u00f6ren von Gegenst\u00e4nden entwickeln.<\/p>\n<h3>Welche gesundheitlichen Probleme sind typisch f\u00fcr den Labrador Retriever?<\/h3>\n<p>Der Labrador Retriever ist eine robuste Rasse, aber anf\u00e4llig f\u00fcr Gelenkprobleme, \u00dcbergewicht &amp; Augenkrankheiten.<br \/>\nEine gesunde Ern\u00e4hrung, viel Bewegung &amp; regelm\u00e4\u00dfige Tierarztbesuche helfen, Krankheiten vorzubeugen.<br \/>\nWer fr\u00fchzeitig auf Gewicht, Bewegung &amp; Gesundheitsvorsorge achtet, kann viele Probleme vermeiden!<\/p>\n<h3>Vertr\u00e4gt sich der Labrador Retriever mit anderen Haustieren?<\/h3>\n<p>Der Labrador Retriever ist eine der vertr\u00e4glichsten Hunderassen und kommt in der Regel gut mit anderen Haustieren aus.<br \/>\nEr versteht sich meist gut mit anderen Hunden.<br \/>\nMit Katzen kann er eine enge Freundschaft aufbauen, wenn er fr\u00fch daran gew\u00f6hnt wird.<br \/>\nMit Kleintieren ist Vorsicht geboten, aber mit Training kann er lernen, sie zu akzeptieren.<br \/>\nEine fr\u00fchzeitige Sozialisierung und klare Regeln sorgen f\u00fcr ein harmonisches Zusammenleben!<\/p>\n<p>&nbsp;<\/p>\n","protected":false},"excerpt":{"rendered":"<p>Der wahrscheinlich beliebteste Retriever oder Apportierhunde ist der Labrador.<\/p>\n","protected":false},"author":1,"featured_media":174,"parent":0,"menu_order":0,"comment_status":"closed","ping_status":"closed","template":"","meta":{"ngg_post_thumbnail":0,"footnotes":""},"class_list":["post-72","page","type-page","status-publish","has-post-thumbnail","hentry","comments-off"],"aioseo_notices":[],"_links":{"self":[{"href":"https:\/\/tierisch-verliebt.de\/magazin\/wp-json\/wp\/v2\/pages\/72","targetHints":{"allow":["GET"]}}],"collection":[{"href":"https:\/\/tierisch-verliebt.de\/magazin\/wp-json\/wp\/v2\/pages"}],"about":[{"href":"https:\/\/tierisch-verliebt.de\/magazin\/wp-json\/wp\/v2\/types\/page"}],"author":[{"embeddable":true,"href":"https:\/\/tierisch-verliebt.de\/magazin\/wp-json\/wp\/v2\/users\/1"}],"replies":[{"embeddable":true,"href":"https:\/\/tierisch-verliebt.de\/magazin\/wp-json\/wp\/v2\/comments?post=72"}],"version-history":[{"count":5,"href":"https:\/\/tierisch-verliebt.de\/magazin\/wp-json\/wp\/v2\/pages\/72\/revisions"}],"predecessor-version":[{"id":3024,"href":"https:\/\/tierisch-verliebt.de\/magazin\/wp-json\/wp\/v2\/pages\/72\/revisions\/3024"}],"wp:featuredmedia":[{"embeddable":true,"href":"https:\/\/tierisch-verliebt.de\/magazin\/wp-json\/wp\/v2\/media\/174"}],"wp:attachment":[{"href":"https:\/\/tierisch-verliebt.de\/magazin\/wp-json\/wp\/v2\/media?parent=72"}],"curies":[{"name":"wp","href":"https:\/\/api.w.org\/{rel}","templated":true}]}}