{"id":702,"date":"2019-12-27T18:08:44","date_gmt":"2019-12-27T17:08:44","guid":{"rendered":"https:\/\/tierisch-verliebt.de\/magazin\/?page_id=702"},"modified":"2020-10-19T21:17:31","modified_gmt":"2020-10-19T19:17:31","slug":"wildkatze","status":"publish","type":"page","link":"https:\/\/tierisch-verliebt.de\/magazin\/wildkatze\/","title":{"rendered":"Wildkatze- Das Portrait"},"content":{"rendered":"<p>Auf den ersten Blick wirkt die Wildkatze der graugetigerten <a href=\"https:\/\/tierisch-verliebt.de\/magazin\/hauskatze\/\">Hauskatze <\/a>\u00e4hnlich. Jedoch gibt es einige Unterschiede- wie zum Beispiel die Gr\u00f6\u00dfe, das dichtere Fell und der dickere Schwanz. Obwohl die Rasse den lateinischen Namen &#8220;Felis silvestris silvestris&#8221; tr\u00e4gt- auf Deutsch Wildkatze- ist sie keine verwilderte Hauskatze sondern ein richtiges Raubtier aus der freien Natur. Hier nun das vollst\u00e4ndige Portrait zu dieser Rasse.<\/p>\n\n<h2>Steckbrief<\/h2>\n<p><img decoding=\"async\" alt=\"check\" src=\"https:\/\/tierisch-verliebt.de\/magazin\/wp-content\/uploads\/2019\/06\/check-icon-16.png\"> <strong>Name<\/strong>: Wildkatze<br \/>\n<img decoding=\"async\" alt=\"check\" src=\"https:\/\/tierisch-verliebt.de\/magazin\/wp-content\/uploads\/2019\/06\/check-icon-16.png\"> <strong>Wissenschaftlicher Name<\/strong>:  Felis silvestris silvestris<br \/>\n<img decoding=\"async\" alt=\"check\" src=\"https:\/\/tierisch-verliebt.de\/magazin\/wp-content\/uploads\/2019\/06\/check-icon-16.png\"> <strong>Herkunft<\/strong>: Afrika<br \/>\n<img decoding=\"async\" alt=\"check\" src=\"https:\/\/tierisch-verliebt.de\/magazin\/wp-content\/uploads\/2019\/06\/check-icon-16.png\"> <strong>Lebenserwartung<\/strong>: 6 &#8211; 10 Jahre (in manchen F\u00e4llen sogar 15 Jahre)<br \/>\n<img decoding=\"async\" alt=\"check\" src=\"https:\/\/tierisch-verliebt.de\/magazin\/wp-content\/uploads\/2019\/06\/check-icon-16.png\"> <strong>Gewicht<\/strong>: 4 \u2013 5 kg<br \/>\n<img decoding=\"async\" alt=\"check\" src=\"https:\/\/tierisch-verliebt.de\/magazin\/wp-content\/uploads\/2019\/06\/check-icon-16.png\"> <strong>Fellfarben<\/strong>: ockergelb, grau-cremegelb getigert, verwaschen<br \/>\n<img decoding=\"async\" alt=\"check\" src=\"https:\/\/tierisch-verliebt.de\/magazin\/wp-content\/uploads\/2019\/06\/check-icon-16.png\"> <strong>Charakter<\/strong>: aktiv, intelligent, ruhig, scheu<br \/>\n<img decoding=\"async\" alt=\"check\" src=\"https:\/\/tierisch-verliebt.de\/magazin\/wp-content\/uploads\/2019\/06\/check-icon-16.png\"> <strong>Kosten<\/strong>: Zwischen  4.000 &#038; 5.000 Euro (Hybridkatze)<\/p>\n<h2>Wesen und Charakter<\/h2>\n<p>Grunds\u00e4tzlich ist die Wildkatze &#8211; im Vergleich zur Hauskatze &#8211; massiger und hat ein dichteres Fell. Der Schwanz ist relativ kurz und hat ein stumpfes Ende und ist mit bis zu drei Ringen gekennzeichnet. Das Fell wirkt verwaschen- auf dem R\u00fccken haben sie einen schwarzen Strich &#8211; dieser wird Aalstrich genannt.<\/p>\n<p>Wildkatzen haben einen scheuen Charakter und halten sich von Menschen und anderen Artgenossen eher fern. Trotz ihrer Scheuheit haben sie sehr gut entwickelte Sinnesorgane und k\u00f6nnen auch nachts als Pirschj\u00e4ger t\u00e4tig werden- sie schleichen sich an die Beute heran und fassen sie mit einem Sprung. Ihr Jagdrevier erstreckt sich auf bis zu 3.000 Hektar. Sie gelten als einzige Katzenart, die nicht gez\u00e4hmt werden kann- auch solche, die in Haushalten gehalten werden, verhalten sich zur\u00fcckhaltender und scheuer als andere Gesellen ihrer Art.<\/p>\n<p>Wildkatzen sind sehr kluge und aktive Katzen &#8211; jedoch sehr menschenscheu.<\/p>\n<h2>Herkunft und Geschichte<\/h2>\n<p>Die Wildkatzen kommen vorwiegend in Laub- und Mischw\u00e4ldern vor. Meistens findet man sie auch nahe dem Wasser. Finden kann man die Wildkatze in verschiedenen L\u00e4ndern Europas, wie zum Beispiel in Deutschland, Gro\u00dfbritannien oder der Schweiz, Afrikas und Asiens. Im 18. Jahrhundert wurde die Art weitaus ausgerottet. Urspr\u00fcnglich stammt die Wildkatze aus Afrika, von der Falbkatze, ab.<\/p>\n<h2>\u00dcberlegungen vor der Anschaffung<\/h2>\n<p>Zun\u00e4chst w\u00e4re zu erw\u00e4hnen, dass die Wildkatze als Haustier nicht geeignet ist, da sie sich in der Natur am wohlsten f\u00fchlt und sehr menschenscheu ist. Ebenso sollte man bedenken, dass sie, wenn man sie halten will, genug Freiraum braucht, denn Katzenliebhaber haben schon von Attacken auf andere Tiere in der Wohnung und von starken Aggressionen berichtet. Sie sollte sich zur\u00fcckziehen und verstecken k\u00f6nnen, denn dieses Verhalten liegt in ihrer Natur und kann auch nicht durch menschliche Erziehung anders erzwungen werden. Obwohl diese Katzenart in der Natur nicht \u00e4lter als vier Jahre alt wird, werden Katzen, die in Haushalten gehalten werden, bis zu zw\u00f6lf Jahre alt. Da die Wildkatze, wie ihr Name schon verr\u00e4t, ein wildes, nicht z\u00e4hmbares Tier ist, wird sie auch nicht zum Verkauf angeboten, sondern kann nur, wenn man Gl\u00fcck hat, &#8220;eingefangen&#8221; werden.<\/p>\n<p>Jedoch hat sich in den letzten Jahren ein neuer Trend gebildet: Das Kreuzen von Wild- und Hauskatzen. Exoten sind gefragter als je zuvor. Jedoch ist auch hier Vorsicht geboten- denn die Wildkatzen k\u00f6nnen w\u00e4hrend der Paarung die Hauskatze stark verletzen.<\/p>\n<p>Ein weiterer erw\u00e4hnenswerter Punkt ist der Gang zum Katzenklo- statt auf den daf\u00fcr vorgesehenen Klo sein Gesch\u00e4ft zu verrichten, machen die Wildkatzen das in der ganzen Wohnung- um eben ihr Revier zu markieren. Man sollte sich also vor der Anschaffung einer solchen Tierart gut \u00fcberlegen, ob man damit zurechtkommen w\u00fcrde, denn viele Tierheime berichten davon, immer mehr Wildkatzen ausgeliefert zu bekommen, da die Halter nicht damit zurechtgekommen sind.<\/p>\n<p>Hybridkatzen &#8211; also eine Kreuzung aus Haus- und Wildkatze &#8211; kann man trotz allem kaufen- man sollte jedoch auf einige Punkte achten:<\/p>\n<ul>\n<li>Man braucht einen Sachkundenachweis vom Tierarzt &#8211; dieser belegt, dass man sich mit den Haustieren auskennt<\/li>\n<li>Man braucht ein gro\u00dfes Au\u00dfengehege<\/li>\n<li>EG-Bescheinigung, mit der man den legalen Kauf des Tieres nachweisen kann<\/li>\n<\/ul>\n<p>Diese Art ist jedoch alles andere als billig- bei Katzenbabys muss man mit zirka 5.000 Euro rechnen.<\/p>\n<h2>Geeignete Aktivit\u00e4ten<\/h2>\n<p>Da es sich hier im eine Wildkatze im wahrsten Sinne des Wortes handelt, sollte man sich einiges \u00fcberlegen, damit die Katze in der Haltung nicht gelangweilt ist. Da sie sehr viel Platz braucht, w\u00e4re es geeignet sie, mit geeignetem Futter, in ihrem Revier jagen zu lassen. Au\u00dferdem sollte man der Katze einige Verstecke bieten, in denen sie sich zur\u00fcckziehen kann. Andere Aktivit\u00e4ten sind eher sinnlos, da die Katze, wie schon erw\u00e4hnt, sowohl menschenscheu als auch nicht z\u00e4hmbar ist.<\/p>\n<h2>Rassemerkmale<\/h2>\n<p>Neben den schon erw\u00e4hnten Merkmalen wie Gr\u00f6\u00dfe und Schwanz, gibt es noch weitere Unterschiede zur Hauskatze:<\/p>\n<ul>\n<li>Bei Wildkatzen ist der Sch\u00e4del gr\u00f6\u00dfer<\/li>\n<li>Au\u00dfergew\u00f6hnliche Gr\u00f6\u00dfe- mit bis zu 110 Zentimeter- gemessen von Kopf bis Schwanzspitze<\/li>\n<li>k\u00fcrzerer Darm da Fleischfresser<\/li>\n<li>Schwanz ist sowohl relativ kurz als auch stumpf und  buschig<\/li>\n<li>Die Augenfarbe ist grau-gr\u00fcn<\/li>\n<li>wei\u00dfer Fleck am Hals und dunkler Strich am R\u00fccken<\/li>\n<li>Einzelg\u00e4nger<\/li>\n<li>Paarungszeit ist im Monat Februar<\/li>\n<\/ul>\n<h2>Geeignete Ern\u00e4hrung<\/h2>\n<p>Wildkatzen nehmen keine pflanzliche Nahrung zu sich- sie sind Fleischfresser.<\/p>\n<p>Wenn man sich trotz allem f\u00fcr die Wildkatze als Haustier entscheidet, muss man damit rechnen regelm\u00e4\u00dfig verschiedene Arten von M\u00e4usen, Fr\u00f6schen, Insekten und Kaninchen zu kaufen, denn die Wildkatze wird sich nie an das bekannte <a href=\"https:\/\/tierisch-verliebt.de\/magazin\/katzenfutter-im-test\/\">Katzenfutter<\/a> gew\u00f6hnen k\u00f6nnen.<\/p>\n","protected":false},"excerpt":{"rendered":"<p>Auf den ersten Blick wirkt die Wildkatze der graugetigerten Hauskatze \u00e4hnlich. Jedoch gibt es einige Unterschiede- wie zum Beispiel die<\/p>\n","protected":false},"author":2,"featured_media":706,"parent":0,"menu_order":0,"comment_status":"closed","ping_status":"closed","template":"","meta":{"ngg_post_thumbnail":0,"footnotes":""},"class_list":["post-702","page","type-page","status-publish","has-post-thumbnail","hentry","comments-off"],"aioseo_notices":[],"_links":{"self":[{"href":"https:\/\/tierisch-verliebt.de\/magazin\/wp-json\/wp\/v2\/pages\/702","targetHints":{"allow":["GET"]}}],"collection":[{"href":"https:\/\/tierisch-verliebt.de\/magazin\/wp-json\/wp\/v2\/pages"}],"about":[{"href":"https:\/\/tierisch-verliebt.de\/magazin\/wp-json\/wp\/v2\/types\/page"}],"author":[{"embeddable":true,"href":"https:\/\/tierisch-verliebt.de\/magazin\/wp-json\/wp\/v2\/users\/2"}],"replies":[{"embeddable":true,"href":"https:\/\/tierisch-verliebt.de\/magazin\/wp-json\/wp\/v2\/comments?post=702"}],"version-history":[{"count":5,"href":"https:\/\/tierisch-verliebt.de\/magazin\/wp-json\/wp\/v2\/pages\/702\/revisions"}],"predecessor-version":[{"id":1272,"href":"https:\/\/tierisch-verliebt.de\/magazin\/wp-json\/wp\/v2\/pages\/702\/revisions\/1272"}],"wp:featuredmedia":[{"embeddable":true,"href":"https:\/\/tierisch-verliebt.de\/magazin\/wp-json\/wp\/v2\/media\/706"}],"wp:attachment":[{"href":"https:\/\/tierisch-verliebt.de\/magazin\/wp-json\/wp\/v2\/media?parent=702"}],"curies":[{"name":"wp","href":"https:\/\/api.w.org\/{rel}","templated":true}]}}