{"id":686,"date":"2019-12-18T21:10:05","date_gmt":"2019-12-18T20:10:05","guid":{"rendered":"https:\/\/tierisch-verliebt.de\/magazin\/?page_id=686"},"modified":"2024-08-28T13:07:02","modified_gmt":"2024-08-28T11:07:02","slug":"savannah-katze","status":"publish","type":"page","link":"https:\/\/tierisch-verliebt.de\/magazin\/savannah-katze\/","title":{"rendered":"Savannah Katze &#8211; Das Portrait"},"content":{"rendered":"<p>Eine Savannah-Katze ist eine seltene Katzenrasse, welche noch nicht sehr lange existiert und sehr exotischen Charakter und Aussehen aufweist. Jeder der diese Katze sieht, k\u00f6nnte meinen, dass sie direkt aus der Savanne von Afrika entsprungen ist. Hier nun das vollst\u00e4ndige Portrait zu dieser Rasse.<\/p>\n\n<p>Im Grunde ist die Savannah-Katze eine Mischung aus einem Serval und einer <a href=\"https:\/\/tierisch-verliebt.de\/magazin\/hauskatze\/\">Hauskatze<\/a>. Diese Katzenrasse z\u00e4hlt zu den Hybrid-Rassen. Au\u00dferdem ist sie als eine der teuersten (zwischen 1.000 und 15.000 Euro) Hauskatzen der Welt zu erwerben.<\/p>\n<h2>Steckbrief<\/h2>\n<p><img decoding=\"async\" alt=\"check\" src=\"https:\/\/tierisch-verliebt.de\/magazin\/wp-content\/uploads\/2019\/06\/check-icon-16.png\"> <strong>Name<\/strong>: Savannah Katze<br \/>\n<img decoding=\"async\" alt=\"check\" src=\"https:\/\/tierisch-verliebt.de\/magazin\/wp-content\/uploads\/2019\/06\/check-icon-16.png\"> <strong>Wissenschaftlicher Name<\/strong>: Felis catus \u00d7 Leptailurus serval<br \/>\n<img decoding=\"async\" alt=\"check\" src=\"https:\/\/tierisch-verliebt.de\/magazin\/wp-content\/uploads\/2019\/06\/check-icon-16.png\"> <strong>Herkunft<\/strong>: Kalifornien (USA)<br \/>\n<img decoding=\"async\" alt=\"check\" src=\"https:\/\/tierisch-verliebt.de\/magazin\/wp-content\/uploads\/2019\/06\/check-icon-16.png\"> <strong>Lebenserwartung<\/strong>: 12 bis 16 Jahre<br \/>\n<img decoding=\"async\" alt=\"check\" src=\"https:\/\/tierisch-verliebt.de\/magazin\/wp-content\/uploads\/2019\/06\/check-icon-16.png\"> <strong>Gewicht<\/strong>: 4,5 &#8211; 6,5 kg<br \/>\n<img decoding=\"async\" alt=\"check\" src=\"https:\/\/tierisch-verliebt.de\/magazin\/wp-content\/uploads\/2019\/06\/check-icon-16.png\"> <strong>Fellfarben<\/strong>: braun-beige mit dunklen Tupfen und Streifen<br \/>\n<img decoding=\"async\" alt=\"check\" src=\"https:\/\/tierisch-verliebt.de\/magazin\/wp-content\/uploads\/2019\/06\/check-icon-16.png\"> <strong>Charakter<\/strong>: sehr verspielt, intelligent, aktiv, abenteuerlustig<br \/>\n<img decoding=\"async\" alt=\"check\" src=\"https:\/\/tierisch-verliebt.de\/magazin\/wp-content\/uploads\/2019\/06\/check-icon-16.png\"> <strong>Kosten<\/strong>: Zwischen 1.000 &amp; 15.000 Euro<\/p>\n<h2>Charakter<\/h2>\n<p>Savannah Katzen zeichnen sich durch ein freundliches, verspieltes und soziales Wesen aus. Daneben besitzen sie einen sehr hohen Bewegungsdrang und sie sind sehr aktive Katzen. Aus diesem Grund ist es von den Besitzern notwendig, sie auch viel zum Beispiel mit Hilfe von Katzenspielzeug zu besch\u00e4ftigen. Weiterhin sind es sehr lebhafte Tiere. Das bedeutet, dass hier eine Einzelhaltung eher nicht zu empfehlen ist.<\/p>\n<p>Sie haben einen sehr athletischen K\u00f6rperbau und aus diesem Grund ist es ihnen m\u00f6glich bis zu zwei Meter hoch springen zu k\u00f6nnen. Auch klettern ist durch diesen K\u00f6rperbau problemlos bei dieser Rasse m\u00f6glich. Durch diese Merkmale ist es unbedingt erforderlich, dass ein Kratzbaum mit mehreren Etagen zur Verf\u00fcgung gestellt wird.<\/p>\n<p>Viele Menschen bezeichnen diese Rasse auch als Hund in einem Katzenk\u00f6rper. Dies liegt daran, dass diese Katzen das Apportieren und ebenfalls auch das Laufen an der Leine lernen k\u00f6nnen. Hierbei sollte die Leine schon im Kittenalter in der Wohnung zur \u00dcbung genutzt werden. Sp\u00e4ter kann dies auch nach drau\u00dfen verlegt werden.<\/p>\n<p>Diese Fellnase hat auch noch eine weitere Besonderheit, welche die Liebe zum Wasser ist. Diese Rasse liebt es Baden zu gehen, besonders wenn der Katze die M\u00f6glichkeit einer vollen Wanne gegeben wird.<\/p>\n<h2>Merkmale<\/h2>\n<p>Im Normalfall gibt es keine Probleme eine Savannah Katze an andere Haustiere zu gew\u00f6hnen. Auch mit Kindern kommt diese Rasse gut klar und zeigt eine gewisse Geduldigkeit. Ein weiterer Wesenszug solch einer Katze ist, dass sie sehr neugierig ist und auch gerne nach Abenteuern sucht.<\/p>\n<p>Wie andere Katzen hat eine Savannah Katze ihren eigenen Kopf und ein sehr starkes Durchsetzungsverm\u00f6gen. Trotzdem zeigen sie auch einen sehr liebevollen Charakter und k\u00f6nnen eine enge Bindung zu ihrem Besitzer aufbauen. Aber es sollten Anf\u00e4nger beachten, dass diese Rasse durch ihr Temperament nicht f\u00fcr sie geeignet ist. Demzufolge ist sie eher was f\u00fcr Katzenhalter mit Erfahrung.<\/p>\n<p>Mit der richtigen Haltung und Ern\u00e4hrung k\u00f6nnen diese Fellnasen bis zu zwanzig Jahre alt werden.<\/p>\n<p><img decoding=\"async\" class=\"alignnone size-full wp-image-2572\" src=\"https:\/\/tierisch-verliebt.de\/magazin\/wp-content\/uploads\/2023\/12\/frau-mit-savanna-katze.png\" alt=\"frau mit Savannah Katze \" width=\"1024\" height=\"1024\"><\/p>\n<h2>Herkunft und Geschichte<\/h2>\n<p>Wie schon oben erw\u00e4hnt, ist die Savannah Katze aus einer Kreuzung einer <a href=\"https:\/\/tierisch-verliebt.de\/magazin\/hauskatze\/\">Hauskatze<\/a> und einem Serval entstanden. Der Serval ist eine <a href=\"https:\/\/tierisch-verliebt.de\/magazin\/wildkatze\/\">Wildkatze<\/a> und seine Herkunft ist Afrika. Die erste Kreuzung entstand im Jahr 1986 und war eher ein Versehen. Zu dem Zeitpunkt sollte der Servalkater eine Servalkatze decken. Doch wurde dieser Kater zusammen mit einer Siamkatze untergebracht. Das f\u00fchrte dann zu einer Paarung und der ersten Savannah Katze.<\/p>\n<p>Im Anschluss daran erfolgte eine Z\u00fcchtung dieser Rasse durch die Besitzerin des Servalkaters. Im Jahr 1996 gab es dann den ersten Rassestandard. Dieser wurde von Patrick Kelley und Joyce Sroufe verfasst. Es erfolgte im Jahr 2001 eine Anerkennung der Rasse durch die TICA (The International Cat Association). Ein Jahr sp\u00e4ter hat die Savannah Katze sogar den Championship Status erhalten.<\/p>\n<h2>Rassemerkmale und Aussehen<\/h2>\n<p>Optisch sind Savannah Katzen zu vergleichen mit den Servals, nur eben etwas kleiner. Hierbei ist ein besonderes Merkmal, dass eine Tupfenzeichnung vorhanden ist. Der Grundton der Farbe solch einer Rasse ist Gold oder Beige. Daneben haben diese Fellnasen im Normalfall eine helle Unterseite aufzuweisen.<\/p>\n<p>Weiterhin sind diese Katzen gro\u00df und schlank. Die Beine sind von langer und muskul\u00f6ser Art. Gew\u00f6hnlich haben Savannah Katzen l\u00e4ngere Hinterl\u00e4ufe als Vorderl\u00e4ufe. Was die Pfoten angeht haben sie eine ovale und mittelgro\u00dfe Form.<\/p>\n<p>Der Schwanz ist ziemlich breit und die L\u00e4nge ist eher mittel. Passend zu dem K\u00f6rper ist der Hals lang und schmal. Zudem ist der Kopf dreieckig und im Vergleich zum Rest des K\u00f6rpers klein. Ein weiteres optisches und rassetypisches Merkmal ist, dass die sehr gro\u00dfen Ohren hoch am Kopf gelegen sind. Die Augen sind mittelgro\u00df und befinden sich tief am Kopf. Bei dieser Rasse k\u00f6nnen alle Augenfarben vorkommen. In diesen Bezug gibt es keine Abh\u00e4ngigkeit von der Fellfarbe.<\/p>\n<p>Je nachdem um welche Generation es sich handelt, kann sich die Gr\u00f6\u00dfe der Tiere unterscheiden. Die erste und zweite Generation sind zum Beispiel die gr\u00f6\u00dften Tiere. Dies liegt daran, dass bei den Generationen am Anfang noch der Einfluss der Wildkatze sehr stark ausgepr\u00e4gt ist. Das Gewicht liegt bei den Savannah Katzen zwischen 4,5 und zehn Kilo.<\/p>\n<h2>Haltung und Pflege einer Savannah Katze inklusive wichtiger \u00dcberlegungen vor der Anschaffung<\/h2>\n<p>Um eine Savannah Katze halten zu k\u00f6nnen m\u00fcssen bestimmte Auflagen eingehalten werden. Da diese Rasse als Hybridrasse gilt, bedeutet es, dass sie unter das Artenschutzgesetz fallen. Demzufolge muss in einigen Bundesl\u00e4ndern das Einhalten einer Meldepflicht bei den Beh\u00f6rden beachtet werden.<\/p>\n<p>Deutschlandweit ist es sogar notwendig, dass in ganz Deutschland bei Savannah Katzen der Generationen eins bis vier ein Au\u00dfengehege vorhanden sein muss. Dies muss mindestens eine Fl\u00e4che von 50 qm und 2,5m in der H\u00f6he aufweisen. Je nach Bundesland gibt es verschiedene Einschr\u00e4nkungen und Verbote.<\/p>\n<p>Eine Savannah Katze ab der f\u00fcnften Generation kann dann ohne Probleme in der Wohnung gehalten werden. Hier ist es aber von Vorteil durch den Bewegungsdrang der Katzen, wenn ein katzensicherer Balkon oder ein Garten vorhanden ist. Weiterhin sollte es viele Spiel- oder Versteckm\u00f6glichkeiten f\u00fcr die Tiere geben, zu Beispiel ein Katzentunnel oder ein Spielh\u00e4uschen.<\/p>\n<h2>Wichtiger \u00dcberlegungen vor der Anschaffung<\/h2>\n<p>Daneben ist es auch gut f\u00fcr das Tier, wenn Intelligenzspiele zur Besch\u00e4ftigung genutzt werden. Sollten die Fellnasen unter Langeweile leiden, kann es sein, dass die Wohnungseinrichtung darunter leiden wird. Auch eine Einzelhaltung sollte bei diesen Rassen vermieden werden. Das bedeutet, dass ein Artgenosse f\u00fcr das Tier positive Auswirkungen hat und so hat die Katze noch jemand anderen au\u00dfer dem Besitzer zum Spielen und Kuscheln.<\/p>\n<p>Ab und zu sollte auch Fellpflege mit einer B\u00fcrste oder einem Kamm durchgef\u00fchrt werden. Es ist aber auch ebenso wichtig, dass ein regelm\u00e4\u00dfiger Tierarztbesuch get\u00e4tigt werden muss. Nur so bekommt das Tier alle n\u00f6tigen Vorsorgeuntersuchen, Impfungen und Entwurmungen und die Katze bleibt bei guter Gesundheit.<\/p>\n<h2>Ern\u00e4hrung<\/h2>\n<p>Die Generationen eins bis vier sind in Bezug auf die Ern\u00e4hrung etwas anspruchsvoll. Sie bevorzugen eine Ern\u00e4hrung mit Rohfutter. Genaue Infos kann hierzu jeder Z\u00fcchter geben.<\/p>\n<p>Wenn es sich um eine Fellnase ab der f\u00fcnften Generation handelt, sind die Anspr\u00fcche auf die Ern\u00e4hrung eher von geringer Natur. Wichtig ist zu beachten, dass das <a href=\"https:\/\/tierisch-verliebt.de\/magazin\/katzenfutter-im-test\/\">Futter<\/a> einen hohen Fleischanteil aufweisen sollte (auf Zutatenliste sollte es ganz vorne stehen), da es sich bei Katzen um Fleischfresser handelt. Jeder Halter kann zwischen der Vergabe von Trocken- und Nassfutter w\u00e4hlen. Je nachdem f\u00fcr welches Futter sich entschieden wird, gibt es Vor- und auch Nachteile.<\/p>\n<p>Trockenfutter ist zum Beispiel ohne Probleme aufzubewahren und auch sehr kompakt. Aber der Nachteil ist hier, dass ein kleiner Fl\u00fcssigkeitsgehalt vorhanden ist. Auch die Qualit\u00e4t sollte unbedingt beachtet werden. Sofern auf dem Etikett etwas von tierischen Nebenerzeugnissen steht, sollte hier genauer gepr\u00fcft werden um was es sich handelt.<\/p>\n<p>Tierische Nebenerzeugnisse k\u00f6nnen n\u00e4mlich auch Abfallprodukte sein und nicht nur Innereien, welche auch zu den tierischen Nebenerzeugnissen geh\u00f6ren. Auch ist es wichtig zu wissen, dass Futter mit enthaltenden Getreideprodukten nur ab und zu gef\u00fcttert werden soll. Es gibt aber auch die M\u00f6glichkeit das Tier durch Selbstkochen oder dem sogenannten BARF zu f\u00fcttern.<\/p>\n<p>Dabei handelt es sich um sehr aufwendige Arten der F\u00fctterung, aber diese haben einen sehr artgerechten Charakter. Dabei sollte unbedingt beachtet werden, dass das n\u00f6tige Fachwissen vorhanden sein muss. Nur so k\u00f6nnen Mangelerscheinungen verhindert werden. Daher ist es von Vorteil in diesen Bezug alle n\u00f6tigen Informationen von Fachb\u00fcchern, Tier\u00e4rzte und sonstige Fachleute einzuholen.<\/p>\n","protected":false},"excerpt":{"rendered":"<p>Eine Savannah-Katze ist eine seltene Katzenrasse, welche noch nicht sehr lange existiert und sehr exotischen Charakter und Aussehen aufweist. Jeder<\/p>\n","protected":false},"author":2,"featured_media":688,"parent":0,"menu_order":0,"comment_status":"closed","ping_status":"closed","template":"","meta":{"ngg_post_thumbnail":0,"footnotes":""},"class_list":["post-686","page","type-page","status-publish","has-post-thumbnail","hentry","comments-off"],"aioseo_notices":[],"_links":{"self":[{"href":"https:\/\/tierisch-verliebt.de\/magazin\/wp-json\/wp\/v2\/pages\/686","targetHints":{"allow":["GET"]}}],"collection":[{"href":"https:\/\/tierisch-verliebt.de\/magazin\/wp-json\/wp\/v2\/pages"}],"about":[{"href":"https:\/\/tierisch-verliebt.de\/magazin\/wp-json\/wp\/v2\/types\/page"}],"author":[{"embeddable":true,"href":"https:\/\/tierisch-verliebt.de\/magazin\/wp-json\/wp\/v2\/users\/2"}],"replies":[{"embeddable":true,"href":"https:\/\/tierisch-verliebt.de\/magazin\/wp-json\/wp\/v2\/comments?post=686"}],"version-history":[{"count":5,"href":"https:\/\/tierisch-verliebt.de\/magazin\/wp-json\/wp\/v2\/pages\/686\/revisions"}],"predecessor-version":[{"id":2589,"href":"https:\/\/tierisch-verliebt.de\/magazin\/wp-json\/wp\/v2\/pages\/686\/revisions\/2589"}],"wp:featuredmedia":[{"embeddable":true,"href":"https:\/\/tierisch-verliebt.de\/magazin\/wp-json\/wp\/v2\/media\/688"}],"wp:attachment":[{"href":"https:\/\/tierisch-verliebt.de\/magazin\/wp-json\/wp\/v2\/media?parent=686"}],"curies":[{"name":"wp","href":"https:\/\/api.w.org\/{rel}","templated":true}]}}