{"id":682,"date":"2019-12-17T19:36:24","date_gmt":"2019-12-17T18:36:24","guid":{"rendered":"https:\/\/tierisch-verliebt.de\/magazin\/?page_id=682"},"modified":"2025-02-22T23:50:39","modified_gmt":"2025-02-22T22:50:39","slug":"cairn-terrier","status":"publish","type":"page","link":"https:\/\/tierisch-verliebt.de\/magazin\/cairn-terrier\/","title":{"rendered":"Der Cairn Terrier \u2013 Portr\u00e4t der Hunderasse"},"content":{"rendered":"<p>Von den schottischen Terrier-Hunden ist der Cairn Terrier die \u00e4lteste. Fr\u00fcher wurde er als J\u00e4ger f\u00fcr <a href=\"https:\/\/tierisch-verliebt.de\/magazin\/ratte\/\">Ratten<\/a> und als Begleithund eingesetzt. Im folgenden Rasseportrait wird im Detail auf die Herkunft, das Wesen und alle anderen wichtigen Informationen rund um die beliebte Rasse eingegangen. Hier nun das vollst\u00e4ndige Portr\u00e4t dieser Hunderasse.<\/p>\n\n<h2>Steckbrief<\/h2>\n<p><img decoding=\"async\" alt=\"check\" src=\"https:\/\/tierisch-verliebt.de\/magazin\/wp-content\/uploads\/2019\/06\/check-icon-16.png\"> <strong>Lebenserwartung:<\/strong> 12 bis 15 Jahre<br \/>\n<img decoding=\"async\" alt=\"check\" src=\"https:\/\/tierisch-verliebt.de\/magazin\/wp-content\/uploads\/2019\/06\/check-icon-16.png\"> <strong>Gewicht:<\/strong> 6 bis 7,5 kg<br \/>\n<img decoding=\"async\" alt=\"check\" src=\"https:\/\/tierisch-verliebt.de\/magazin\/wp-content\/uploads\/2019\/06\/check-icon-16.png\"> <strong>Widerristh\u00f6he:<\/strong> 28 bis 31 cm<br \/>\n<img decoding=\"async\" alt=\"check\" src=\"https:\/\/tierisch-verliebt.de\/magazin\/wp-content\/uploads\/2019\/06\/check-icon-16.png\"> <strong>Charakter:<\/strong> freundlich, temperamentvoll, furchtlos, st\u00f6risch<br \/>\n<img decoding=\"async\" alt=\"check\" src=\"https:\/\/tierisch-verliebt.de\/magazin\/wp-content\/uploads\/2019\/06\/check-icon-16.png\"> <strong>Farben:<\/strong> alle Farben bis auf schwarz und wei\u00df<br \/>\n<img decoding=\"async\" alt=\"check\" src=\"https:\/\/tierisch-verliebt.de\/magazin\/wp-content\/uploads\/2019\/06\/check-icon-16.png\"> <strong>FCI-Gruppe:<\/strong> <a href=\"https:\/\/tierisch-verliebt.de\/magazin\/fci-gruppen\/\">FCI-Gruppe 3<\/a><br \/>\n<img decoding=\"async\" alt=\"check\" src=\"https:\/\/tierisch-verliebt.de\/magazin\/wp-content\/uploads\/2019\/06\/check-icon-16.png\"> <strong>Kosten:<\/strong> Zwischen 600 &amp; 1.000 Euro<\/p>\n<h2>Herkunft&nbsp;<\/h2>\n<p>Bei dem schottischen Cairn Terrier handelt es sich um einen niederl\u00e4ufigen Jagdterrier. \u00dcber lange Zeit diente er den Menschen als Wach- und <a href=\"https:\/\/tierisch-verliebt.de\/magazin\/jagdhunde\/\">Jagdhund<\/a>. Auch machte er sich auf Hof und Haus jeden Tag aufs Neue n\u00fctzlich. Er k\u00fcmmerte sich um die Reduzierung der Population von M\u00e4usen und Ratten, vertrieb F\u00fcchse und Marder, um die Tauben und H\u00fchner zu besch\u00fctzen und machte sich so zu einem n\u00fctzlichen Helfer.<\/p>\n<p>Der Cairn Terrier tat sich besonders bei der Jagd auf Otter, Marder und F\u00fcchse sehr hervor. Der kleine Hund konnte diese Raubtiere ohne Furcht verfolgen und jagte diese in ihren Bau, um sie anschlie\u00dfend heraus zu sprengen beziehungsweise heraus zu dr\u00fccken. In seiner schottischen Heimat gibt es vor allem steinige Untergr\u00fcnde.<\/p>\n<p>Die praktizierte Sprache der Menschen ist das G\u00e4lisch. Carn hei\u00dft aus dem G\u00e4lischen \u00fcbersetzt Stein, woher der Terrier seinen Namen zu verdanken hat. Es ist davon auszugehen, dass der Vierbeiner diesen Namen bekommen hat, da seine Beute sich gerne in gro\u00dfen Haufen aus Steinen versteckt hat.<\/p>\n<h2><img decoding=\"async\" class=\"alignnone size-large wp-image-2208\" src=\"https:\/\/tierisch-verliebt.de\/magazin\/wp-content\/uploads\/2023\/08\/Cairn-Terrier-1-1024x649.jpg\" alt=\"Cairn Terrier \" width=\"910\" height=\"577\" srcset=\"https:\/\/tierisch-verliebt.de\/magazin\/wp-content\/uploads\/2023\/08\/Cairn-Terrier-1-1024x649.jpg 1024w, https:\/\/tierisch-verliebt.de\/magazin\/wp-content\/uploads\/2023\/08\/Cairn-Terrier-1-300x190.jpg 300w, https:\/\/tierisch-verliebt.de\/magazin\/wp-content\/uploads\/2023\/08\/Cairn-Terrier-1-768x487.jpg 768w, https:\/\/tierisch-verliebt.de\/magazin\/wp-content\/uploads\/2023\/08\/Cairn-Terrier-1.jpg 1280w\" sizes=\"(max-width: 910px) 100vw, 910px\" \/><\/h2>\n<h2>Geschichte<\/h2>\n<p>Gemeinsam mit dem West Highland White Terrier, dem Skye Terrier und dem Scottish Terrier, ist er einer der direkten Nachfolger des alten schottischen, niederl\u00e4ufigen Jagdterriers. Wie die anderen genannten <a title=\"Portrait zur Hunderasse der Terrier\" href=\"https:\/\/tierisch-verliebt.de\/magazin\/terrier\/\">Terrier<\/a> stammt auch der Cairn Terrier aus dem Genpool der schottischen Hunde.<\/p>\n<p>Durch eine k\u00fcnstlerische, z\u00fcchterische Trennung entstanden damals die vier einzelnen Rassen. Ins Zuchtbuch wurde der Cairn Terrier zum ersten Mal im Jahr 1907 eingetragen. Der britische Kennel Club erkannte ihn im Jahr 1912 als eigenst\u00e4ndige Rasse an. Der Cairn Terrier ist am engsten mit den historischen Rassen verwandt ist, also die \u00e4lteste Art des Terriers aus Schottland.<\/p>\n<p>Der Cairn Terrier wurde im Jahr 1930 nach Deutschland gebracht. Hier stellt er eine eher seltene Terrierart dar. Um das Jahr 2000 herum war der H\u00f6hepunkt seiner Beliebtheit mit ungef\u00e4hr 900 Welpen erreicht. Pro Jahr gibt es aktuell im VDH rund 300 bis 500 Welpen. Durch den Klub f\u00fcr Terrier, der im Jahre 1894 gegr\u00fcndet wurde, wird der Cairn Terrier in Deutschland w\u00fcrdevoll vertreten.<\/p>\n<h2>Die Rassemerkmale<\/h2>\n<p>Bei dem Cairn Terrier handelt es sich um einen handlichen, kleinen Hund, der eine selbstbewusste und beeindruckende Ausstrahlung hat. Sein Haarkleid ist derb und \u00fcppig, wobei das Deckhaar nicht drahtig ist. Die kurze Unterwolle ist dicht und weich. Generell ist das <a href=\"https:\/\/tierisch-verliebt.de\/magazin\/pflege-von-fell-und-zaehnen-des-hundes\/\">Fell<\/a> des Cairn Terriers sehr witterungsbest\u00e4ndig.<\/p>\n<p>Die H\u00f6he des Widerrist liegt bei circa 30 Zentimetern, sein Gewicht betr\u00e4gt idealerweise zwischen sechs und sieben einhalb Kilogramm. Die Erscheinung des Cairn Terrier kann als urw\u00fcchsig, arbeitsfreudig, aufmerksam und flink beschrieben werden. Er steht leicht nach vorn gebeugt und gut auf seinen Vorderpfoten. Die Hinter- und die Vorhand sind kraftvoll, der Brustkorb ist tief angelegt.<\/p>\n<p>Der Bewegungsablauf des Cairn Terrier ist sehr frei. Die Fellfarben, die bei dem Cairn Terrier offiziell erlaubt sind, repr\u00e4sentieren die steinige Landschaft aus Felsen in Schottland sehr gut. Die Nuancen reichen von einem sandfarbenen beige bis hin zu schiefergrau und r\u00f6tlich bis zu nahezu schwarz. Eine Stromung ist bei allen Farben zul\u00e4ssig. Allerdings nicht erlaubt sind loh und schwarz, wei\u00df oder reines schwarz. An dem Fang und den Ohren sind dunkle Abzeichen typisch.<\/p>\n<p><img decoding=\"async\" class=\"alignnone size-large wp-image-2207\" src=\"https:\/\/tierisch-verliebt.de\/magazin\/wp-content\/uploads\/2023\/08\/Cairn-Terrier-2-1024x682.jpg\" alt=\"Cairn Terrier \" width=\"910\" height=\"606\" srcset=\"https:\/\/tierisch-verliebt.de\/magazin\/wp-content\/uploads\/2023\/08\/Cairn-Terrier-2-1024x682.jpg 1024w, https:\/\/tierisch-verliebt.de\/magazin\/wp-content\/uploads\/2023\/08\/Cairn-Terrier-2-300x200.jpg 300w, https:\/\/tierisch-verliebt.de\/magazin\/wp-content\/uploads\/2023\/08\/Cairn-Terrier-2-768x512.jpg 768w, https:\/\/tierisch-verliebt.de\/magazin\/wp-content\/uploads\/2023\/08\/Cairn-Terrier-2.jpg 1280w\" sizes=\"(max-width: 910px) 100vw, 910px\" \/><\/p>\n<h2>Wesen und Charakter<\/h2>\n<p>Von seinem Wesen ist der Cairn Terrier kernig, aufgeweckt und lebendig. Definitiv kann er auch heute noch als J\u00e4ger identifiziert werden. Der Eindruck, den er hinterl\u00e4sst ist robust, mutig und aktiv. Er ist niemals aggressiv, allerdings selbstsicher, furchtlos und oft fr\u00f6hlich. Der traditionelle J\u00e4ger neigt in gewisser Ma\u00dfen zur Selbst\u00fcbersch\u00e4tzung und Selbstst\u00e4ndigkeit.<\/p>\n<p>Er scheut sich nicht, seinen Ideen auch Taten folgen zu lassen. Besitzer sollten diesen Charakterzug allerdings sch\u00e4tzen und mit einem L\u00e4cheln auf den Lippen hinnehmen. Nat\u00fcrlich muss dem Eigensinn des Cairn Terrier auch ab und zu eine Grenze gesetzt werden, allerdings wird er diese Grenzen oft gar nicht bemerken.<\/p>\n<p>Bei den Cairn Terriern handelt es sich um sehr anh\u00e4ngliche und treue Gef\u00e4hrten. Sie sind sehr kinderfreundlich und lieben ihre Familie sehr. Ihr Wesen ist liebensw\u00fcrdig und erw\u00e4chst aus dem Kontrast zwischen seiner Anh\u00e4nglichkeit und dem selbstbewussten und selbstst\u00e4ndigen Geist. In diesem Widerspruch liegt der Reiz in der Beziehung zu dem kleinen Terrier.<\/p>\n<p>Sein Temperament ist zwar sehr agil, dennoch wirkt der Hund niemals nerv\u00f6s oder hektisch. Der Cairn Terrier ist wachsam und macht sich durch Bellen bemerkbar, wenn er etwas ungew\u00f6hnliches wahrnimmt. Typische Kl\u00e4ffer sind sie jedoch nicht.<\/p>\n<h2>\u00dcberlegungen vor der Anschaffung<\/h2>\n<p>Grunds\u00e4tzlich stellt das Halten eines Cairn Terrier kein Problem dar. Eine Pflicht, die nicht vernachl\u00e4ssigt werden darf, ist allerdings die Pflege des Fells. Die Wohnung braucht keine spezielle Gr\u00f6\u00dfe, damit der Cairn Terrier sich wohl f\u00fchlt.<\/p>\n<p>Es ist kein Problem, ihn in der Gro\u00dfstadt in einer Mietwohnung zu halten. Allerdings sollte er jeden Tag die M\u00f6glichkeit haben, die Natur zu erkunden und seine Spazierg\u00e4nge absolvieren zu k\u00f6nnen. Es muss also im Hinterkopf behalten werden, dass der Cairn Terrier urspr\u00fcnglich ein J\u00e4ger war und er auch heute noch sehr lebendig ist.<\/p>\n<p>Die Hunde k\u00f6nnen eine tolle Begleitung beim <a href=\"https:\/\/tierisch-verliebt.de\/magazin\/dogtrekking\/\">Wandern<\/a> sein, da sie \u00fcber eine gute Ausdauer verf\u00fcgen. Wenn andere Kleintiere mit im Haushalt leben, sollte der Cairn Terrier bereits im Welpenalter an diese gew\u00f6hnt werden, da sonst die Gefahr besteht, dass er in ihnen eine Beute sieht.<\/p>\n<p>Wenn die <a href=\"https:\/\/tierisch-verliebt.de\/magazin\/hunderziehung-grundlegendes\/\">Erziehung<\/a> des Cairn Terrier bereits ab einem jungen Alter liebevoll und konsequent durchgesetzt wird, dann wird er zu einem wertvollen Begleiter, der robust und gesund ist. Er hat eine hohe Anpassungsf\u00e4higkeit und kann seinem Besitzer so in alle Lebenssituationen ohne Probleme folgen.<\/p>\n<p><img decoding=\"async\" class=\"alignnone size-large wp-image-2206\" src=\"https:\/\/tierisch-verliebt.de\/magazin\/wp-content\/uploads\/2023\/08\/Cairn-Terrier-3-1024x682.jpg\" alt=\"Cairn Terrier \" width=\"910\" height=\"606\" srcset=\"https:\/\/tierisch-verliebt.de\/magazin\/wp-content\/uploads\/2023\/08\/Cairn-Terrier-3-1024x682.jpg 1024w, https:\/\/tierisch-verliebt.de\/magazin\/wp-content\/uploads\/2023\/08\/Cairn-Terrier-3-300x200.jpg 300w, https:\/\/tierisch-verliebt.de\/magazin\/wp-content\/uploads\/2023\/08\/Cairn-Terrier-3-768x512.jpg 768w, https:\/\/tierisch-verliebt.de\/magazin\/wp-content\/uploads\/2023\/08\/Cairn-Terrier-3.jpg 1280w\" sizes=\"(max-width: 910px) 100vw, 910px\" \/><\/p>\n<h2>Geeignete Aktivit\u00e4ten<\/h2>\n<p>Ein Kapitel, was bei dem Cairn Terrier oft untersch\u00e4tzt wird, ist die Erziehung und die geeigneten Aktivit\u00e4ten f\u00fcr den Hund. Der kleine Terrier sieht zwar, besonders im Welpenalter, sehr putzig aus, dennoch steckt ein selbstbewusster, echter Terrier in ihm. Die Erziehung muss also bereits in den jungen Tagen konsequent verfolgt werden.<\/p>\n<p>Es handelt sich zwar um einen kleinen Hund, allerdings neigt er, wie alle Terrier dazu, gerne einmal die F\u00fchrung des Rudels \u00fcbernehmen zu wollen. Ansonsten ist die Haltung des kleinen Terriers unproblematisch. Er ben\u00f6tigt nur die richtige F\u00fchrung durch seinen Besitzer.<\/p>\n<p>Ist die Erziehung erst einmal erfolgreich abgeschlossen, ist der Cairn Terrier sehr gelehrig. Er hat Spa\u00df daran, immer neue Dinge zu lernen, weshalb dies auch in das t\u00e4gliche <a href=\"https:\/\/tierisch-verliebt.de\/magazin\/spiele-fuer-hunde-zu-hause\/\">Spiel<\/a> mit dem Hund einflie\u00dfen sollte. Aktivit\u00e4ten wie Agility kann ein gut erzogener Cairn Terrier gut ausf\u00fchren. Wird bei Spiel und Aktivit\u00e4ten noch sein genereller Jagdtrieb angesprochen, ist der Hund rundum gl\u00fccklich.<\/p>\n<h2>Gesundheit und typische Krankheiten<\/h2>\n<p>Eine gro\u00dfe Aufgabe stellt das Fell des Cairn Terriers dar. Es muss in regelm\u00e4\u00dfigen Abst\u00e4nden gereinigt, gek\u00e4mmt und geb\u00fcrstet werden. Einen Haarwechsel gibt es bei dem Terrier nicht. Pro Jahr muss das bereits abgestorbene Fell deshalb zwei bis dreimal getrimmt, also von einem Profi ausgezupft werden.<\/p>\n<p>Dar\u00fcber hinaus ist die Hunderasse sehr robust. Es gibt keine typischen Krankheiten, lediglich sollten die Gelenke, wie bei den meisten kleinen Hunden, bez\u00fcglich einer Patellaluxation beobachtet werden. Da die Rasse sehr robust ist, erreichen die Cairn Terrier oft ein Alter von \u00fcber 15 Jahren. Sie bleiben bis ins hohe Alter fit und lebensfroh.<\/p>\n<h2>Geeignete Ern\u00e4hrung<\/h2>\n<p>Es gibt keine besonderen Hinweise, die bez\u00fcglich der <a href=\"https:\/\/tierisch-verliebt.de\/magazin\/havaneser-ernaehrung\/\">Ern\u00e4hrung<\/a> des Cairn Terrier beachtet werden m\u00fcssen. Hier kommt es eher auf die individuellen Vorlieben des Hundes beziehungsweise des Besitzers an.<\/p>\n<p><img decoding=\"async\" class=\"alignnone wp-image-2804\" src=\"https:\/\/tierisch-verliebt.de\/magazin\/wp-content\/uploads\/2024\/12\/cairn-terrier-beim-essen.webp\" alt=\"Cairn-Terrier-beim-essen\" width=\"599\" height=\"599\" srcset=\"https:\/\/tierisch-verliebt.de\/magazin\/wp-content\/uploads\/2024\/12\/cairn-terrier-beim-essen.webp 1024w, https:\/\/tierisch-verliebt.de\/magazin\/wp-content\/uploads\/2024\/12\/cairn-terrier-beim-essen-300x300.webp 300w, https:\/\/tierisch-verliebt.de\/magazin\/wp-content\/uploads\/2024\/12\/cairn-terrier-beim-essen-150x150.webp 150w, https:\/\/tierisch-verliebt.de\/magazin\/wp-content\/uploads\/2024\/12\/cairn-terrier-beim-essen-768x768.webp 768w\" sizes=\"(max-width: 599px) 100vw, 599px\" \/><\/p>\n<h2>FAQ<\/h2>\n<div class=\"flex max-w-full flex-col flex-grow\">\n<div class=\"min-h-8 text-message flex w-full flex-col items-end gap-2 whitespace-normal break-words [.text-message+&amp;]:mt-5\" dir=\"auto\" data-message-author-role=\"assistant\" data-message-id=\"1c2127f6-3317-4115-8018-0bbe03ec660e\" data-message-model-slug=\"gpt-4o\">\n<div class=\"flex w-full flex-col gap-1 empty:hidden first:pt-[3px]\">\n<div class=\"markdown prose w-full break-words dark:prose-invert light\">\n<h3><strong>Wie pflegeintensiv ist der Cairn Terrier?<\/strong><\/h3>\n<p>Der Cairn Terrier hat ein wetterfestes Fell, das regelm\u00e4\u00dfiges B\u00fcrsten ben\u00f6tigt, um Verfilzungen zu vermeiden. Gelegentliches Trimmen hilft, das Fell in Form zu halten.<\/p>\n<h3><strong>Ist der Cairn Terrier f\u00fcr Anf\u00e4nger geeignet?<\/strong><\/h3>\n<p>Ja, Cairn Terrier sind anpassungsf\u00e4hige Hunde, die auch f\u00fcr Ersthundebesitzer geeignet sind, solange sie bereit sind, Zeit f\u00fcr Training und Besch\u00e4ftigung aufzubringen.<\/p>\n<h3><strong>Wie viel Bewegung braucht ein Cairn Terrier?<\/strong><\/h3>\n<p>Trotz seiner geringen Gr\u00f6\u00dfe hat der Cairn Terrier viel Energie. T\u00e4gliche Spazierg\u00e4nge und mentale Herausforderungen sind wichtig, um ihn auszulasten.<\/p>\n<h3><strong>Wie verh\u00e4lt sich der Cairn Terrier gegen\u00fcber Fremden?<\/strong><\/h3>\n<p>Cairn Terrier sind neugierig und freundlich, aber auch wachsam. Mit der richtigen Sozialisation k\u00f6nnen sie offen gegen\u00fcber Fremden sein.<\/p>\n<h3><strong>Sind Cairn Terrier familienfreundlich?<\/strong><\/h3>\n<p>Ja, Cairn Terrier sind gutm\u00fctige Hunde, die sich gut mit Kindern verstehen. Sie sind verspielt und lieben es, Zeit mit ihrer Familie zu verbringen.<\/p>\n<h3><strong>Gibt es gesundheitliche Probleme, auf die man achten sollte?<\/strong><\/h3>\n<p>Cairn Terrier sind eine robuste Rasse, aber wie bei vielen Hunden k\u00f6nnen sie anf\u00e4llig f\u00fcr bestimmte genetische Erkrankungen wie H\u00fcftdysplasie oder Augenprobleme sein. Regelm\u00e4\u00dfige tier\u00e4rztliche Kontrollen sind wichtig.<\/p>\n<h3><strong>Wie intelligent ist der Cairn Terrier?<\/strong><\/h3>\n<p>Cairn Terrier sind sehr intelligent und lernen schnell, k\u00f6nnen aber auch stur sein. Konsequentes Training mit positiver Verst\u00e4rkung ist entscheidend.<\/p>\n<p>&nbsp;<\/p>\n<\/div>\n<\/div>\n<\/div>\n<\/div>\n<div class=\"mb-2 flex gap-3 empty:hidden -ml-2\">\n<div class=\"items-center justify-start rounded-xl p-1 flex\">\n<div class=\"flex items-center\">&nbsp;<\/div>\n<\/div>\n<\/div>\n","protected":false},"excerpt":{"rendered":"<p>Von den schottischen Terrier-Hunden ist der Cairn Terrier die \u00e4lteste. Fr\u00fcher wurde er als J\u00e4ger f\u00fcr Ratten und als Begleithund<\/p>\n","protected":false},"author":2,"featured_media":683,"parent":0,"menu_order":0,"comment_status":"closed","ping_status":"closed","template":"","meta":{"ngg_post_thumbnail":0,"footnotes":""},"class_list":["post-682","page","type-page","status-publish","has-post-thumbnail","hentry","comments-off"],"aioseo_notices":[],"_links":{"self":[{"href":"https:\/\/tierisch-verliebt.de\/magazin\/wp-json\/wp\/v2\/pages\/682","targetHints":{"allow":["GET"]}}],"collection":[{"href":"https:\/\/tierisch-verliebt.de\/magazin\/wp-json\/wp\/v2\/pages"}],"about":[{"href":"https:\/\/tierisch-verliebt.de\/magazin\/wp-json\/wp\/v2\/types\/page"}],"author":[{"embeddable":true,"href":"https:\/\/tierisch-verliebt.de\/magazin\/wp-json\/wp\/v2\/users\/2"}],"replies":[{"embeddable":true,"href":"https:\/\/tierisch-verliebt.de\/magazin\/wp-json\/wp\/v2\/comments?post=682"}],"version-history":[{"count":5,"href":"https:\/\/tierisch-verliebt.de\/magazin\/wp-json\/wp\/v2\/pages\/682\/revisions"}],"predecessor-version":[{"id":2809,"href":"https:\/\/tierisch-verliebt.de\/magazin\/wp-json\/wp\/v2\/pages\/682\/revisions\/2809"}],"wp:featuredmedia":[{"embeddable":true,"href":"https:\/\/tierisch-verliebt.de\/magazin\/wp-json\/wp\/v2\/media\/683"}],"wp:attachment":[{"href":"https:\/\/tierisch-verliebt.de\/magazin\/wp-json\/wp\/v2\/media?parent=682"}],"curies":[{"name":"wp","href":"https:\/\/api.w.org\/{rel}","templated":true}]}}