{"id":672,"date":"2019-12-16T19:12:45","date_gmt":"2019-12-16T18:12:45","guid":{"rendered":"https:\/\/tierisch-verliebt.de\/magazin\/?page_id=672"},"modified":"2023-10-31T15:09:59","modified_gmt":"2023-10-31T14:09:59","slug":"ragdoll","status":"publish","type":"page","link":"https:\/\/tierisch-verliebt.de\/magazin\/ragdoll\/","title":{"rendered":"Gro\u00dfe Katze mit gro\u00dfem Herz &#8211; Die Ragdoll im Portrait"},"content":{"rendered":"<p>Die Ragdoll z\u00e4hlt mit zu einer der sch\u00f6nsten Katzenrassen. Sie ist gro\u00df, besitzt seidiges Fell und meist hellblaue Augen. Oft wird die Ragdoll mit einem Hund verglichen, denn diese Rasse ist sehr anh\u00e4nglich und verschmust. Sie lieben es einfach, Gesellschaft zu haben und folgen ihren Menschen oft auf Schritt und Tritt. Der Name Ragdoll hei\u00dft \u00fcbersetzt so viel wie \u201cStoffpuppe\u201d. Dies leitet sich daher ab, dass die Ragdoll oft in den Armen ihrer Besitzer erschlafft und wie eine Puppe hinunterh\u00e4ngt. Dann \u00e4hnelt sie wirklich einem Stofftier.<\/p>\n\n<h2>Steckbrief<\/h2>\n<p><img decoding=\"async\" alt=\"check\" src=\"https:\/\/tierisch-verliebt.de\/magazin\/wp-content\/uploads\/2019\/06\/check-icon-16.png\"> <strong>Name<\/strong>: Ragdoll<br \/>\n<img decoding=\"async\" alt=\"check\" src=\"https:\/\/tierisch-verliebt.de\/magazin\/wp-content\/uploads\/2019\/06\/check-icon-16.png\"> <strong>Wissenschaftlicher Name<\/strong>: Felis silvestris catus<br \/>\n<img decoding=\"async\" alt=\"check\" src=\"https:\/\/tierisch-verliebt.de\/magazin\/wp-content\/uploads\/2019\/06\/check-icon-16.png\"> <strong>Herkunft<\/strong>: Kalifornien (USA)<br \/>\n<img decoding=\"async\" alt=\"check\" src=\"https:\/\/tierisch-verliebt.de\/magazin\/wp-content\/uploads\/2019\/06\/check-icon-16.png\"> <strong>Lebenserwartung<\/strong>: 10 bis 16 Jahre<br \/>\n<img decoding=\"async\" alt=\"check\" src=\"https:\/\/tierisch-verliebt.de\/magazin\/wp-content\/uploads\/2019\/06\/check-icon-16.png\"> <strong>Gewicht<\/strong>: 4,5 &#8211; 6,5 kg<br \/>\n<img decoding=\"async\" alt=\"check\" src=\"https:\/\/tierisch-verliebt.de\/magazin\/wp-content\/uploads\/2019\/06\/check-icon-16.png\"> <strong>Fellfarben<\/strong>: wei\u00df, schwarz, schockoladenbraun, lilac, rot; mehrfarbig<br \/>\n<img decoding=\"async\" alt=\"check\" src=\"https:\/\/tierisch-verliebt.de\/magazin\/wp-content\/uploads\/2019\/06\/check-icon-16.png\"> <strong>Charakter<\/strong>: h\u00f6flich, sanft, charakterfest, verspielt, anh\u00e4nglich<br \/>\n<img decoding=\"async\" alt=\"check\" src=\"https:\/\/tierisch-verliebt.de\/magazin\/wp-content\/uploads\/2019\/06\/check-icon-16.png\"> <strong>Kosten<\/strong>: Zwischen 500 &amp; 800 Euro<\/p>\n<p>Dies ist aber nicht krankheitsbedingt, sondern passiert automatisch, wenn sich die Ragdoll wohlf\u00fchlt. Sie erreicht sozusagen das h\u00f6chste Entspannungslevel und l\u00e4sst sich v\u00f6llig gehen. Die freundliche Katzenrasse kann dann stundenlang auf dem Scho\u00df ihres Besitzers verweilen. Rundum ist die Ragdoll eine sch\u00f6ne Rasse, die so viel Liebe verspr\u00fcht. Erfahre nun mehr \u00fcber diese liebevolle Katze und ihre Eigenschaften.<\/p>\n<h2>Wesen und Charakter der Ragdoll<\/h2>\n<p>Ragdolls haben einen ausgeglichenen <a href=\"https:\/\/tierisch-verliebt.de\/magazin\/ragdoll-charakter\/\">Charakter<\/a> und sind sehr sanftm\u00fctig. Am liebsten folgen sie ihren Menschen \u00fcberall hin. Die Rasse hat einen gro\u00dfen K\u00f6rper und wirkt sehr massiv, sie bewegt sich aber elegant und geschickt durch die Wohnung. Die Ragdoll kann als Freilandkatze oder als Wohnungskatze gehalten werden. Wichtiger als der Freigang ist f\u00fcr die Katze Aufmerksamkeit und Besch\u00e4ftigung.<\/p>\n<p>Wer eine Ragdoll zu Hause haben m\u00f6chte, aber nicht st\u00e4ndig verf\u00fcgbar ist, der sollte unbedingt eine zweite Katze hinzunehmen. Die Rasse ist sehr intelligent und liebt es, bespielt zu werden. Bei Streifz\u00fcgen durch Wohnung oder Garten wird sie alles aufmerksam begutachten wollen. Da die Ragdoll sehr menschenbezogen ist, wird diese oft mit einem Hund verglichen und l\u00e4sst seine Besitzer nicht aus den Augen.<\/p>\n<p>Es macht aber auch unglaublich viel Spa\u00df ihr die ben\u00f6tigte Aufmerksamkeit zu geben, denn die Ragdoll ist sehr verspielt, fr\u00f6hlich und kommt auch gut mit anderen Haustieren aus. Meistens ist es kein Problem die Rasse zusammen mit Hunden zu halten. Auch Kinder sind kein Problem. Dies macht sie zu einer idealen Familienkatze. Neben den Spielsessions ist die Ragdoll an sich eine sehr ruhige Katze. Man h\u00f6rt sie kaum miauen, au\u00dfer sie m\u00f6chte unbedingt Aufmerksamkeit haben, dann kann die Ragdoll schon mal laut werden. Sie zeigt sich aber nie aggressiv und hat ein verschmustes Wesen, was diese Rasse zu einem angenehmen Familienmitglied macht.<\/p>\n<h2>Herkunft &amp; Geschichte der Ragdoll Rasse<\/h2>\n<p>Die gro\u00dfen Samtpfoten kommen urspr\u00fcnglich aus Kalifornien. Um 1960 rum begann die Zucht der Ragdoll hier. Als Mutter aller Ragdollkatzen ist eine K\u00e4tzin namens Josephine. Einer ihrer W\u00fcrfe hatte eine Reihe von au\u00dfergew\u00f6hnlich gro\u00dfen K\u00e4tzchen mit strahlend blauen Augen. Einer der Kater aus diesem Wurf landete bei Ann Baker, eine Katzenliebhaberin aus den Vereinigten Staaten. Hier beginnt die offizielle <a href=\"https:\/\/tierisch-verliebt.de\/magazin\/ragdoll-geschichte\/\">Geschichte der Ragdoll<\/a>. Die Rasse der Ragdoll ist \u00fcbrigens die einzige Katzenart, auf die ein Patent angemeldet ist. Seit 1980 ist die Ragdoll auch in Deutschland bekannt und beliebt.<\/p>\n<h2>\u00dcberlegungen vor der Anschaffung<\/h2>\n<p>Die Ragdoll ist definitiv eine wunderbare Katze, die sich mit hunde\u00e4hnlicher Anh\u00e4nglichkeit zeigt. Was man bei der <a href=\"https:\/\/tierisch-verliebt.de\/magazin\/ragdoll-haltung\/\">Haltung einer Ragdoll Katze<\/a> beachten muss, sie braucht viel Zeit und auch einiges an Platz und F\u00fcrsorge. Ansonsten ist die Ragdoll aber sehr anspruchslos und gen\u00fcgsam. F\u00fcr sie ist es das wichtigste, eine Beziehung zu ihren Menschen zu haben. Sie muss nicht unbedingt als Freig\u00e4nger gehalten, freut sich aber auch \u00fcber kurze Ausfl\u00fcge in den Garten.<\/p>\n<p>Das Fell wirkt so, als w\u00fcrde es viel <a href=\"https:\/\/tierisch-verliebt.de\/magazin\/ragdoll-pflege\/\">Pflege<\/a> ben\u00f6tigen. Das ist aber ein Trugschluss, denn das Fell verfilzt obwohl der L\u00e4nge kaum und bildet keine Kn\u00f6tchen. Gelegentlich mit der B\u00fcrste die Ragdoll verw\u00f6hnen reicht vollkommen aus. Beim Fellwechsel ist ein t\u00e4gliches B\u00fcrsten ratsam um die losen Haare zu entfernen.<\/p>\n<p>Da die Katze sehr gro\u00df ist sollte die Ausstattung f\u00fcr die Ragdoll auch entsprechend stabil ist. Die Rasse tendiert dazu, Gewicht zuzulegen, vor allem im Bauchbereich. Daher sollte das Gewicht regelm\u00e4\u00dfig kontrolliert werden. Durch ihre Gr\u00f6\u00dfe haben vor allem die Kater eine Veranlagung zu Herzkrankheiten.<\/p>\n<p>Eine Ragdoll sollte immer aus gesicherter Zucht gekauft werden, denn bei Inzucht kann die Gesundheit der Katze drunter leiden. Erbkrankheiten wie An\u00e4mie, Herzkrankheiten oder Augenkrankheiten k\u00f6nnen die Folge sein. Nat\u00fcrlich treten diese Krankheiten vereinzelt und nicht bei allen Katzen auf. Eine anerkannte <a href=\"https:\/\/tierisch-verliebt.de\/magazin\/ragdoll-zuechter\/\">Zuchtstelle<\/a> kann dabei helfen, einige Krankheiten zu vermeiden, gibt aber nat\u00fcrlich nie eine Garantie.<\/p>\n<p>Elternteile sollten vom <a href=\"https:\/\/tierisch-verliebt.de\/magazin\/ragdoll-zuechter\/\">Ragdoll-Z\u00fcchter<\/a> auf diese Erbkrankheiten getestet werden und nur bei negativem Ergebnis zur Zucht freigegeben werden. Nat\u00fcrlich versteht es sich, dass die kleinen Katzen ausreichend geimpft, gechipt und entwurmt sind. Man sollte bei einem seri\u00f6sen Z\u00fcchter mit rund 700\u20ac zur Anschaffung einer Ragdoll rechnen.<\/p>\n<h2>Geeignete Aktivit\u00e4ten f\u00fcr Ragdoll<\/h2>\n<p>Die Ragdoll braucht nicht unbedingt Freigang. Besch\u00e4ftigung braucht die Rasse aber trotzdem. Viele Katzen finden es schonmal sehr gut, wenn sie einen Aussichtsplatz am Fenster haben und von dort aus alles beobachten k\u00f6nnen. Der Ragdoll kann schnell langweilig werden und sie braucht konstante Besch\u00e4ftigung.<\/p>\n<p>Freigang nehmen sie nat\u00fcrlich auch gerne an, aber am meisten ist die Ragdoll daran interessiert mit ihrem Menschen zusammen zu sein. Selbst ein Spaziergang an der Leine ist f\u00fcr diese Katzenrasse eine angenehme Aktivit\u00e4t. Wer nicht andauernd f\u00fcr seine Katze da sein kann, der sollte sich auf jeden Fall eine Zweitkatze zulegen. Die Ragdoll hat zwar keinen ausgepr\u00e4gten Jagdtrieb, sie l\u00e4sst sich aber sehr gerne auf intensive Spiele ein.<\/p>\n<h2>Rassemerkmale<\/h2>\n<p>Die Ragdoll hat ein interessantes Farbspektrum. Dieses Spektrum umfasst Schwarz, Blau, Lilac und Chocolate mit den Varianten Colourpoint, Bicolour und Mitted. Die Katzen kommen wei\u00df zur Welt, ihre Farbe pr\u00e4gt sich erst nach rund zwei Jahren endg\u00fcltig aus.<\/p>\n<p><img decoding=\"async\" class=\"alignnone wp-image-1750 size-large\" src=\"https:\/\/tierisch-verliebt.de\/magazin\/wp-content\/uploads\/2022\/09\/ragdoll-charakter-1024x772.jpg\" alt=\"Charakter einer Ragdoll Katze\" width=\"910\" height=\"686\" srcset=\"https:\/\/tierisch-verliebt.de\/magazin\/wp-content\/uploads\/2022\/09\/ragdoll-charakter-1024x772.jpg 1024w, https:\/\/tierisch-verliebt.de\/magazin\/wp-content\/uploads\/2022\/09\/ragdoll-charakter-300x226.jpg 300w, https:\/\/tierisch-verliebt.de\/magazin\/wp-content\/uploads\/2022\/09\/ragdoll-charakter-768x579.jpg 768w, https:\/\/tierisch-verliebt.de\/magazin\/wp-content\/uploads\/2022\/09\/ragdoll-charakter.jpg 1280w\" sizes=\"(max-width: 910px) 100vw, 910px\" \/><\/p>\n<p>Die Katzen k\u00f6nnen zwischen 4,5 und 6,5 Kilogramm schwer werden, Kater zwischen 6,5 und 10 Kilogramm schwer werden. Der K\u00f6rperbau ist kr\u00e4ftig und muskul\u00f6s, besitzt eine breite Brust, einen buschigen Schwanz und sch\u00f6ne runde Pfoten. Ihre Augen sind oval und leuchtend blau. Das Fell besitzt eine seidige Textur und halblanges Haar.<\/p>\n<h2>Geeignete Ern\u00e4hrung f\u00fcr Ragdoll<\/h2>\n<p>An sich hat die Rasse keine besonderen Anspr\u00fcche an ihre <a href=\"https:\/\/tierisch-verliebt.de\/magazin\/ragdoll-ernaehrung\/\">Ern\u00e4hrung<\/a>, aber es ist nat\u00fcrlich immer angebracht seinem Liebling hochwertiges <a href=\"https:\/\/tierisch-verliebt.de\/magazin\/katzenfutter-im-test\/\">Futter<\/a> zur Verf\u00fcgung zu stellen. Denn ein gutes Futter ist nat\u00fcrlich auch eine gute Investition in die Gesundheit der Katze. Mineralien und Vitamine unterst\u00fctzen die Gesundheit und das Wachstum der Samtpfoten.<\/p>\n<p>Gr\u00e4tenloser Fisch, Rind, Kaninchen, Lamm, Huhn, Pute und Wildfleisch wird von der Ragdoll gerne angenommen. Au\u00dferdem frisst die Rasse gerne Gem\u00fcse, hartgekochte Eier, H\u00fcttenk\u00e4se und Joghurt sowie Reis. Schweinefleisch, roher Fisch und S\u00fc\u00dfspeisen sind nicht geeignet. Eine eiwei\u00dfhaltige Ern\u00e4hrung unterst\u00fctzt die Ragdoll optimal. Sensibel reagiert die Ragdoll eventuell auf Getreideprodukte.<\/p>\n<h2>Weitere Artikel zu Ragoll Katzen<\/h2>\n<ul>\n<li><a href=\"https:\/\/tierisch-verliebt.de\/magazin\/ragdoll-charakter\/\">Charakter einer Ragdoll Katze<\/a><\/li>\n<li><a href=\"https:\/\/tierisch-verliebt.de\/magazin\/ragdoll-haltung\/\">Die Haltung einer Ragdoll Katze<\/a><\/li>\n<li><a href=\"https:\/\/tierisch-verliebt.de\/magazin\/ragdoll-pflege\/\">Die Pflege einer Ragdoll Katze<\/a><\/li>\n<li><a href=\"https:\/\/tierisch-verliebt.de\/magazin\/ragdoll-ernaehrung\/\">Die Ern\u00e4hrung einer Ragdoll Katze<\/a><\/li>\n<li><a href=\"https:\/\/tierisch-verliebt.de\/magazin\/ragdoll-zuechter\/\">Ragdoll Z\u00fcchter in Deutschland<\/a><\/li>\n<li><a href=\"https:\/\/tierisch-verliebt.de\/magazin\/ragdoll-geschichte\/\">Die Geschichte der Ragdollkatze<\/a><\/li>\n<\/ul>\n","protected":false},"excerpt":{"rendered":"<p>Die Ragdoll z\u00e4hlt mit zu einer der sch\u00f6nsten Katzenrassen. Sie ist gro\u00df, besitzt seidiges Fell und meist hellblaue Augen. Oft<\/p>\n","protected":false},"author":2,"featured_media":677,"parent":0,"menu_order":0,"comment_status":"closed","ping_status":"closed","template":"","meta":{"ngg_post_thumbnail":0,"footnotes":""},"class_list":["post-672","page","type-page","status-publish","has-post-thumbnail","hentry","comments-off"],"aioseo_notices":[],"_links":{"self":[{"href":"https:\/\/tierisch-verliebt.de\/magazin\/wp-json\/wp\/v2\/pages\/672","targetHints":{"allow":["GET"]}}],"collection":[{"href":"https:\/\/tierisch-verliebt.de\/magazin\/wp-json\/wp\/v2\/pages"}],"about":[{"href":"https:\/\/tierisch-verliebt.de\/magazin\/wp-json\/wp\/v2\/types\/page"}],"author":[{"embeddable":true,"href":"https:\/\/tierisch-verliebt.de\/magazin\/wp-json\/wp\/v2\/users\/2"}],"replies":[{"embeddable":true,"href":"https:\/\/tierisch-verliebt.de\/magazin\/wp-json\/wp\/v2\/comments?post=672"}],"version-history":[{"count":5,"href":"https:\/\/tierisch-verliebt.de\/magazin\/wp-json\/wp\/v2\/pages\/672\/revisions"}],"predecessor-version":[{"id":2544,"href":"https:\/\/tierisch-verliebt.de\/magazin\/wp-json\/wp\/v2\/pages\/672\/revisions\/2544"}],"wp:featuredmedia":[{"embeddable":true,"href":"https:\/\/tierisch-verliebt.de\/magazin\/wp-json\/wp\/v2\/media\/677"}],"wp:attachment":[{"href":"https:\/\/tierisch-verliebt.de\/magazin\/wp-json\/wp\/v2\/media?parent=672"}],"curies":[{"name":"wp","href":"https:\/\/api.w.org\/{rel}","templated":true}]}}