{"id":638,"date":"2019-11-22T18:38:29","date_gmt":"2019-11-22T17:38:29","guid":{"rendered":"https:\/\/tierisch-verliebt.de\/magazin\/?page_id=638"},"modified":"2025-02-22T23:17:04","modified_gmt":"2025-02-22T22:17:04","slug":"husky-das-portrait","status":"publish","type":"page","link":"https:\/\/tierisch-verliebt.de\/magazin\/husky-das-portrait\/","title":{"rendered":"Husky &#8211; Das Portrait"},"content":{"rendered":"<p>Der Husky ist ein <a href=\"https:\/\/tierisch-verliebt.de\/magazin\/schlittenhund\/\">Schlittenhund<\/a>, aber nicht jeder Schlittenhund ist ein Husky. Es gibt den Sibirian und den Alaskan Husky, wobei nur der erstere eine anerkannte Hunderasse ist. Der Alaskan Husky ist eine Kreuzung aus dem Husky und Jagd- und Wildhunden, die in Alaska leben. Hier kann man das vollst\u00e4ndige Portrait dieser Hunderasse finden.<\/p>\n\n<h2>Steckbrief<\/h2>\n<p><img decoding=\"async\" alt=\"check\" src=\"https:\/\/tierisch-verliebt.de\/magazin\/wp-content\/uploads\/2019\/06\/check-icon-16.png\"> <strong>Lebenserwartung:<\/strong> 12 bis 15 Jahre<br \/>\n<img decoding=\"async\" alt=\"check\" src=\"https:\/\/tierisch-verliebt.de\/magazin\/wp-content\/uploads\/2019\/06\/check-icon-16.png\"> <strong>Gewicht:<\/strong> 16 bis 28 kg<br \/>\n<img decoding=\"async\" alt=\"check\" src=\"https:\/\/tierisch-verliebt.de\/magazin\/wp-content\/uploads\/2019\/06\/check-icon-16.png\"> <strong>Widerristh\u00f6he:<\/strong> 50 bis 60 cm<br \/>\n<img decoding=\"async\" alt=\"check\" src=\"https:\/\/tierisch-verliebt.de\/magazin\/wp-content\/uploads\/2019\/06\/check-icon-16.png\"> <strong>Charakter:<\/strong> sensibel, menschenbezogen, aufmerksam, neugierig<br \/>\n<img decoding=\"async\" alt=\"check\" src=\"https:\/\/tierisch-verliebt.de\/magazin\/wp-content\/uploads\/2019\/06\/check-icon-16.png\"> <strong>Farben:<\/strong> schwarz-wei\u00df, silber<br \/>\n<img decoding=\"async\" alt=\"check\" src=\"https:\/\/tierisch-verliebt.de\/magazin\/wp-content\/uploads\/2019\/06\/check-icon-16.png\"> <strong>FCI-Gruppe:<\/strong> <a href=\"https:\/\/tierisch-verliebt.de\/magazin\/fci-gruppen\/\">FCI-Gruppe 5<\/a><br \/>\n<img decoding=\"async\" alt=\"check\" src=\"https:\/\/tierisch-verliebt.de\/magazin\/wp-content\/uploads\/2019\/06\/check-icon-16.png\"> <strong>Kosten:<\/strong> Zwischen 900 &amp; 1.300 Euro<\/p>\n<p><img decoding=\"async\" class=\"alignnone size-large wp-image-2279\" src=\"https:\/\/tierisch-verliebt.de\/magazin\/wp-content\/uploads\/2023\/08\/Husky-3-1024x682.jpg\" alt=\"Husky \" width=\"910\" height=\"606\" srcset=\"https:\/\/tierisch-verliebt.de\/magazin\/wp-content\/uploads\/2023\/08\/Husky-3-1024x682.jpg 1024w, https:\/\/tierisch-verliebt.de\/magazin\/wp-content\/uploads\/2023\/08\/Husky-3-300x200.jpg 300w, https:\/\/tierisch-verliebt.de\/magazin\/wp-content\/uploads\/2023\/08\/Husky-3-768x512.jpg 768w, https:\/\/tierisch-verliebt.de\/magazin\/wp-content\/uploads\/2023\/08\/Husky-3.jpg 1280w\" sizes=\"(max-width: 910px) 100vw, 910px\" \/><\/p>\n<h2>Wesen und Charakter<\/h2>\n<p>Durch sein freundliches Wesen ist der Husky ein idealer Familienhund. Ein <a href=\"https:\/\/tierisch-verliebt.de\/magazin\/schlittenhund\/\">Schlittenhund<\/a> ist an \u201eTeamwork\u201c gew\u00f6hnt und ein typisches Rudeltier. Die Familie wird insofern zum Ersatz-Rudel. Sollte dem Husky innerhalb der Familie nicht genug Aufmerksamkeit geschenkt werden, empfiehlt es sich, mindestens einen weiteren Hund anzuschaffen.<\/p>\n<p>In einem Rudel in der Natur leben Tiere verschiedener Altersstufen miteinander so wie es in einer Familie mehrere Generationen gibt. Daher lieber Huskys Kinder und werden zu idealen Gef\u00e4hrten. Nat\u00fcrlich gibt es auch innerhalb einer Rasse Ausnahmen, aber f\u00fcr die Mehrheit des Huskies trifft das zu.<\/p>\n<p>Fremden gegen\u00fcber verhalten sich Huskies in der Regel aufgeschlossen, anstatt bellend Alarm zu schlagen. Somit ist der Husky als Wachhund ungeeignet. Huskies sind aktive Tiere, die sich gerne bewegen und mangelhafte Aktivit\u00e4ten mit unerw\u00fcnschtem Verhalten, wie zum Beispiel dem Attackieren von M\u00f6beln und Schuhen kompensieren.<\/p>\n<h2>Herkunft und Geschichte<\/h2>\n<p>Wie der Name richtig vermuten l\u00e4sst, stammt die Hunderasse aus Sibirien. Die Vorfahren der Huskies begleiteten einst Nomaden, die in der Tundra lebten. Besonders Jakuten, Tschuktschen haben sich um die Zucht der Hunde verdient gemacht.<\/p>\n<p>Die indigenen V\u00f6lker Sibiriens brauchten zum Kontrollieren der domestizierten Rentiere Schlittenhunde, die z\u00e4h und schnell waren, aber auch \u00fcber Kraft und Ausdauer verf\u00fcgten. Auch auf freundliche Wesensart wurde geachtet. Die Welpen wurden mit den Familien in Zelten aufgezogen und waren somit von klein auf an menschliche Gesellschaft gew\u00f6hnt.<\/p>\n<p>Durch Pelzhandel und Schlittenhunderennen wurde die Zucht forciert, so dass sich die heutigen Rassestandards durchgesetzt haben. Die Bezeichnung \u201eHusky\u201c fing bereits Mitte des 19. Jahrhunderts an, sich durchzusetzen und ist durch eine Ableitung des neufundl\u00e4ndischen Wortes f\u00fcr \u201eEskimo\u201c entstanden. Nur ein Jahrhundert zuvor wurden die vorfahren der Huskies als \u201eEskimohunde\u201c bezeichnet.<\/p>\n<p><img decoding=\"async\" class=\"alignnone size-large wp-image-2281\" src=\"https:\/\/tierisch-verliebt.de\/magazin\/wp-content\/uploads\/2023\/08\/Husky-1-1024x683.jpg\" alt=\"Husky \" width=\"910\" height=\"607\" srcset=\"https:\/\/tierisch-verliebt.de\/magazin\/wp-content\/uploads\/2023\/08\/Husky-1-1024x683.jpg 1024w, https:\/\/tierisch-verliebt.de\/magazin\/wp-content\/uploads\/2023\/08\/Husky-1-300x200.jpg 300w, https:\/\/tierisch-verliebt.de\/magazin\/wp-content\/uploads\/2023\/08\/Husky-1-768x512.jpg 768w, https:\/\/tierisch-verliebt.de\/magazin\/wp-content\/uploads\/2023\/08\/Husky-1.jpg 1280w\" sizes=\"(max-width: 910px) 100vw, 910px\" \/><\/p>\n<h2>\u00dcberlegungen vor der Anschaffung<\/h2>\n<p>Der Husky ist zwar ein freundlicher Familienhund, aber sehr aktiv. Einen Husky im Garten frei herumlaufen lassen, bedeutet auch, dass man es akzeptieren muss, dass das Tier hin und wieder ein Loch buddelt. F\u00fcr jemanden, der einen Mustergarten haben m\u00f6chte, w\u00e4re also der Husky eher nicht der passende Hund. Im Gegenzug muss man auch aufpassen, dass das Tier sich nicht verletzt. Ein Garten sollte also ausreichend gro\u00df und gut gesichert sein.<\/p>\n<p>Oft wird empfohlen, Huskies aus Sicherheitsgr\u00fcnden im Zwinger zu halten. Als Wohnungshund ist diese Rasse jedenfalls definitiv nicht geeignet. Weil Huskies in der Regel gut mit anderen Hunden zurechtkommen, kann man ihn gerne in Gesellschaft halten, auch mit Hunden aus anderen Rassen.<\/p>\n<p>Wer sich einen Husky w\u00fcnscht, sollte sich an einen seri\u00f6sen Z\u00fcchter wenden. F\u00fcr die Anschaffung sollten etwa 1300 Euro kalkuliert werden. Hinzukommen diverse <a href=\"https:\/\/tierisch-verliebt.de\/magazin\/unterhalt-eines-hundes\/\">Kosten<\/a> f\u00fcr Equipment, Spielzeug und Impfungen. Somit m\u00fcssen weitere 300 Euro kalkuliert werden.<\/p>\n<p>Leider werden Huskies oft im Internet als \u201eSchn\u00e4ppchen\u201c f\u00fcr ein paar hundert Euro angeboten. Davon sollte man unbedingt Abstand nehmen, weil so eine Hundezucht unter grausamsten Bedingungen abl\u00e4uft. Die Mutter muss einen Wurf nach dem n\u00e4chsten bekommen. Die Jungtiere sind oft krank und sterben fr\u00fch.<\/p>\n<h2>Geeignete Aktivit\u00e4ten<\/h2>\n<p>Nicht jeder hat einen Schlitten zur Verf\u00fcgung, vor den der Husky gespannt werden kann. Zudem f\u00e4llt in unseren Breiten viel zu selten Schnee, aber es gibt genug Alternativen. Auslauf ist wichtig, gerne auf einer Hundewiese. Wer sportlich ist, kann versuchen mitzulaufen. Ausdauertraining tut dem Hund ebenso wie dem Besitzer gut. Viele Huskies m\u00f6gen wurfspiele mit einem Ball oder anderem <a href=\"https:\/\/tierisch-verliebt.de\/magazin\/sichere-spielzeug%d0%b5-fuer-den-hund\/\">Hundespielzeug<\/a>.<\/p>\n<p>Hundesportarten wie Agility oder Dogdancing sind gut f\u00fcr den Husky geeignet. Bei diesen Sportarten ist der Hund nicht nur k\u00f6rperlich, sondern auch geistig gefordert, weil Koordination angesagt ist und vorgeschriebene Bewegungsabl\u00e4ufe.<\/p>\n<p>Man kann dem Hund auch anbieten, sich das Futter zu erarbeiten. Leckereien k\u00f6nnen in einem schwer zug\u00e4nglich Gef\u00e4\u00df versteckt werden, so dass der Husky sich bem\u00fchen muss, an sein Futter zu kommen. Man sollte dabei darauf achten, keine Kalorienbomben zu verwenden.<\/p>\n<p><img decoding=\"async\" class=\"alignnone size-large wp-image-2280\" src=\"https:\/\/tierisch-verliebt.de\/magazin\/wp-content\/uploads\/2023\/08\/Husky-2-1024x682.jpg\" alt=\"Husky \" width=\"910\" height=\"606\" srcset=\"https:\/\/tierisch-verliebt.de\/magazin\/wp-content\/uploads\/2023\/08\/Husky-2-1024x682.jpg 1024w, https:\/\/tierisch-verliebt.de\/magazin\/wp-content\/uploads\/2023\/08\/Husky-2-300x200.jpg 300w, https:\/\/tierisch-verliebt.de\/magazin\/wp-content\/uploads\/2023\/08\/Husky-2-768x512.jpg 768w, https:\/\/tierisch-verliebt.de\/magazin\/wp-content\/uploads\/2023\/08\/Husky-2.jpg 1280w\" sizes=\"(max-width: 910px) 100vw, 910px\" \/><\/p>\n<h2>Rassemerkmale<\/h2>\n<p>Der Husky ist ein mittelgro\u00dfer Hund mit dichtem Fell. Die Ohren stehen aufrecht, sind spitz, aber oben ein wenig abgerundet. Die Route ist buschig, erinnert an den Wolf oder den Fuchs. Der Husky wirkt freundlich, teils sogar l\u00e4chelnd bis schelmisch. Die Augen stehen schr\u00e4g und sind mandelf\u00f6rmig. Es gibt bei Huskies blau- und braun\u00e4ugige Individuen. Besonders beliebt sind Hunde, die ein blaues und ein braunes Auge haben.<\/p>\n<p>Der Hals hat mittlere L\u00e4nge und ist gebogen. Wenn das Tier steht, ist er aufgerichtet, so dass der Hund stolz wirkt. Zwei Mal im Jahr wechseln Huskies das Fell, das von Wei\u00df bis Schwarz alle Farben haben kann. Die Bewegungsabl\u00e4ufe wirken flie\u00dfend und m\u00fchelos. Der t\u00e4nzelnde Gang, der zum Beispiel beim <a href=\"https:\/\/tierisch-verliebt.de\/magazin\/chow-chow\/\">Chow-Chow<\/a> h\u00e4ufig ist, gilt beim Husky als nicht erw\u00fcnscht.<\/p>\n<p><img decoding=\"async\" class=\"alignnone wp-image-2987\" src=\"https:\/\/tierisch-verliebt.de\/magazin\/wp-content\/uploads\/2025\/02\/ernaehrung-Siberian-Husky.webp\" alt=\"ernaehrung-husky\" width=\"600\" height=\"600\" srcset=\"https:\/\/tierisch-verliebt.de\/magazin\/wp-content\/uploads\/2025\/02\/ernaehrung-Siberian-Husky.webp 1024w, https:\/\/tierisch-verliebt.de\/magazin\/wp-content\/uploads\/2025\/02\/ernaehrung-Siberian-Husky-300x300.webp 300w, https:\/\/tierisch-verliebt.de\/magazin\/wp-content\/uploads\/2025\/02\/ernaehrung-Siberian-Husky-150x150.webp 150w, https:\/\/tierisch-verliebt.de\/magazin\/wp-content\/uploads\/2025\/02\/ernaehrung-Siberian-Husky-768x768.webp 768w\" sizes=\"(max-width: 600px) 100vw, 600px\" \/><\/p>\n<h2>Geeignete Ern\u00e4hrung<\/h2>\n<p>Ein guter Z\u00fcchter teilt dem Hundehalter mit, welches Futter dem Welpen gegeben wurde. Dieses sollte am Anfang beibehalten werden. Eine Umstellung ist sp\u00e4ter m\u00f6glich. Die Menge des <a href=\"https:\/\/tierisch-verliebt.de\/magazin\/insektenproteine-in-hundefutter\/\">Futters<\/a> h\u00e4ngt von der Kondition des Tieres ab. Somit kann man sich in Abh\u00e4ngigkeit von Gr\u00f6\u00dfe und K\u00f6rpergewicht f\u00fcr Trocken- oder Nassfutter entscheiden.<\/p>\n<p>Wer das Hundefutter selbst zubereiten m\u00f6chte, sollte darauf achten, dass neben dem Fleisch als Hauptbestandteil etwa ein Drittel <a href=\"https:\/\/tierisch-verliebt.de\/magazin\/obst-und-gemuese-die-die-hunde-essen\/\">Gem\u00fcse<\/a> oder Getreide beigemengt wird. Allerdings kann man davon ausgehen, dass der Hund mit Fertigfutter mit allen notwendigen Vitaminen versorgt wird. Die enthaltenen Zutaten sind mittlerweile gut deklariert.<\/p>\n<p><img decoding=\"async\" class=\"alignnone size-large wp-image-2278\" src=\"https:\/\/tierisch-verliebt.de\/magazin\/wp-content\/uploads\/2023\/08\/Husky-4-1024x682.jpg\" alt=\"Husky \" width=\"910\" height=\"606\" srcset=\"https:\/\/tierisch-verliebt.de\/magazin\/wp-content\/uploads\/2023\/08\/Husky-4-1024x682.jpg 1024w, https:\/\/tierisch-verliebt.de\/magazin\/wp-content\/uploads\/2023\/08\/Husky-4-300x200.jpg 300w, https:\/\/tierisch-verliebt.de\/magazin\/wp-content\/uploads\/2023\/08\/Husky-4-768x511.jpg 768w, https:\/\/tierisch-verliebt.de\/magazin\/wp-content\/uploads\/2023\/08\/Husky-4.jpg 1280w\" sizes=\"(max-width: 910px) 100vw, 910px\" \/><\/p>\n<h2>FAQ<\/h2>\n<h3>Ist ein Husky als Familienhund geeignet?<\/h3>\n<p>Ja, ein Husky kann ein guter Familienhund sein \u2013 aber nur unter bestimmten Voraussetzungen.<br \/>\nHuskys sind freundlich, verspielt und energiegeladen, aber sie haben auch besondere Bed\u00fcrfnisse, die eine Familie erf\u00fcllen muss. Sie eignen sich besonders f\u00fcr aktive Familien, die viel Zeit f\u00fcr Bewegung, Erziehung und Besch\u00e4ftigung haben.<\/p>\n<h3>Wie lange kann ein Husky alleine bleiben?<\/h3>\n<p>Huskys sind keine Hunde, die gerne lange alleine bleiben.<br \/>\nSie sind sehr soziale Rudeltiere und lieben die Gesellschaft ihrer Menschen oder anderer Hunde. Ohne richtiges Training kann Alleinsein zu Stress, Heulen oder Zerst\u00f6rungswut f\u00fchren.<\/p>\n<h3>Kann ein Husky in einer Wohnung gehalten werden?<\/h3>\n<p>Ja, ein Husky kann in einer Wohnung gehalten werden \u2013 aber nur unter bestimmten Bedingungen.<br \/>\nHuskys sind aktive, energiegeladene Hunde mit einem hohen Bewegungsdrang. Sie k\u00f6nnen sich an das Leben in einer Wohnung anpassen, wenn ihre Bed\u00fcrfnisse nach Bewegung, geistiger Besch\u00e4ftigung und sozialer Interaktion erf\u00fcllt werden.<\/p>\n<h3>Vertragen sich Huskys mit anderen Haustieren?<\/h3>\n<p>Huskys k\u00f6nnen sich mit anderen Haustieren verstehen, aber es h\u00e4ngt stark von der Sozialisierung und dem individuellen Hund ab.<br \/>\nHuskys haben einen starken Jagdtrieb, da sie urspr\u00fcnglich f\u00fcr das Leben in der Wildnis gez\u00fcchtet wurden. Mit der richtigen Erziehung k\u00f6nnen sie jedoch lernen, mit anderen Hunden, Katzen oder sogar Kleintieren friedlich zusammenzuleben.<\/p>\n<h3 data-pm-slice=\"1 1 []\"><span id=\"Ist_der_Hovawart_fur_das_Stadtleben_geeignet\">Ist der Husky <span id=\"Ist_der_Hokkaido_Inu_fur_das_Stadtleben_geeignet\">f\u00fcr das Stadtleben geeignet?<\/span><\/span><\/h3>\n<p>Ein Husky kann im Stadtleben zurechtkommen \u2013 aber es ist nicht die ideale Umgebung f\u00fcr diese Rasse.<br \/>\nHuskys wurden f\u00fcr das Leben in der Wildnis und als Schlittenhunde gez\u00fcchtet. Sie brauchen viel Bewegung, geistige Besch\u00e4ftigung und Platz. In einer kleinen Stadtwohnung ohne regelm\u00e4\u00dfige Auslastung kann es schnell problematisch werden.<\/p>\n<h3><span id=\"Ist_der_Hovawart_fur_Allergiker_geeignet\"><span id=\"Ist_der_Golden_Retriever_fur_Allergiker_geeignet\">Ist der Husky f\u00fcr Allergiker geeignet?<\/span><\/span><\/h3>\n<p>Nein, der Husky ist nicht f\u00fcr Allergiker geeignet.<br \/>\nHuskys haben ein dichtes Doppelfell, das regelm\u00e4\u00dfig haart und viele Hautschuppen (Dander) abgibt \u2013 die Hauptausl\u00f6ser f\u00fcr Hundeallergien. Besonders w\u00e4hrend des Fellwechsels im Fr\u00fchling und Herbst verlieren sie gro\u00dfe Mengen an Haaren und Allergenen.<\/p>\n<p>&nbsp;<\/p>\n","protected":false},"excerpt":{"rendered":"<p>Der Husky ist ein Schlittenhund, aber nicht jeder Schlittenhund ist ein Husky. Es gibt den Sibirian und den Alaskan Husky,<\/p>\n","protected":false},"author":2,"featured_media":639,"parent":0,"menu_order":0,"comment_status":"closed","ping_status":"closed","template":"","meta":{"ngg_post_thumbnail":0,"footnotes":""},"class_list":["post-638","page","type-page","status-publish","has-post-thumbnail","hentry","comments-off"],"aioseo_notices":[],"_links":{"self":[{"href":"https:\/\/tierisch-verliebt.de\/magazin\/wp-json\/wp\/v2\/pages\/638","targetHints":{"allow":["GET"]}}],"collection":[{"href":"https:\/\/tierisch-verliebt.de\/magazin\/wp-json\/wp\/v2\/pages"}],"about":[{"href":"https:\/\/tierisch-verliebt.de\/magazin\/wp-json\/wp\/v2\/types\/page"}],"author":[{"embeddable":true,"href":"https:\/\/tierisch-verliebt.de\/magazin\/wp-json\/wp\/v2\/users\/2"}],"replies":[{"embeddable":true,"href":"https:\/\/tierisch-verliebt.de\/magazin\/wp-json\/wp\/v2\/comments?post=638"}],"version-history":[{"count":5,"href":"https:\/\/tierisch-verliebt.de\/magazin\/wp-json\/wp\/v2\/pages\/638\/revisions"}],"predecessor-version":[{"id":3112,"href":"https:\/\/tierisch-verliebt.de\/magazin\/wp-json\/wp\/v2\/pages\/638\/revisions\/3112"}],"wp:featuredmedia":[{"embeddable":true,"href":"https:\/\/tierisch-verliebt.de\/magazin\/wp-json\/wp\/v2\/media\/639"}],"wp:attachment":[{"href":"https:\/\/tierisch-verliebt.de\/magazin\/wp-json\/wp\/v2\/media?parent=638"}],"curies":[{"name":"wp","href":"https:\/\/api.w.org\/{rel}","templated":true}]}}