{"id":628,"date":"2019-11-21T18:52:56","date_gmt":"2019-11-21T17:52:56","guid":{"rendered":"https:\/\/tierisch-verliebt.de\/magazin\/?page_id=628"},"modified":"2025-02-24T08:53:49","modified_gmt":"2025-02-24T07:53:49","slug":"shar-pei","status":"publish","type":"page","link":"https:\/\/tierisch-verliebt.de\/magazin\/shar-pei\/","title":{"rendered":"Shar Pei &#8211; Das Portrait"},"content":{"rendered":"<p>Der Shar Pei ist ein sensibler aber auch sehr selbstsicherer Hund aus dem Reich der Mitte. Als fr\u00fcherer H\u00fcte und Wachhund ist er fremden gegen\u00fcber sehr misstrauisch. Sobald er Vertrauen gefasst hat, erweist sich der Shar Pei jedoch als sehr loyal und freundlich. Das macht ihn, bei einer guten Erziehung, zu einem guten Gef\u00e4hrten f\u00fcr Familien mit und ohne Kinder. Hier kann man das vollst\u00e4ndige Portrait dieser Hunderasse finden.<\/p>\n\n<h2>Steckbrief<\/h2>\n<p><img decoding=\"async\" alt=\"check\" src=\"https:\/\/tierisch-verliebt.de\/magazin\/wp-content\/uploads\/2019\/06\/check-icon-16.png\"> <strong>Lebenserwartung:<\/strong> 9 bis 11 Jahre<br \/>\n<img decoding=\"async\" alt=\"check\" src=\"https:\/\/tierisch-verliebt.de\/magazin\/wp-content\/uploads\/2019\/06\/check-icon-16.png\"> <strong>Gewicht:<\/strong> 18 bis 290 kg<br \/>\n<img decoding=\"async\" alt=\"check\" src=\"https:\/\/tierisch-verliebt.de\/magazin\/wp-content\/uploads\/2019\/06\/check-icon-16.png\"> <strong>Widerristh\u00f6he:<\/strong> 45 bis 51 cm<br \/>\n<img decoding=\"async\" alt=\"check\" src=\"https:\/\/tierisch-verliebt.de\/magazin\/wp-content\/uploads\/2019\/06\/check-icon-16.png\"> <strong>Charakter:<\/strong> Sensibel, selbstsicher, ausgeglichen, entspannt, unabh\u00e4ngig<br \/>\n<img decoding=\"async\" alt=\"check\" src=\"https:\/\/tierisch-verliebt.de\/magazin\/wp-content\/uploads\/2019\/06\/check-icon-16.png\"> <strong>Farben:<\/strong> creme, braun, rot, schwarz<br \/>\n<img decoding=\"async\" alt=\"check\" src=\"https:\/\/tierisch-verliebt.de\/magazin\/wp-content\/uploads\/2019\/06\/check-icon-16.png\"> <strong>FCI-Gruppe:<\/strong> <a href=\"https:\/\/tierisch-verliebt.de\/magazin\/fci-gruppen\/\">FCI-Gruppe 2<\/a><br \/>\n<img decoding=\"async\" alt=\"check\" src=\"https:\/\/tierisch-verliebt.de\/magazin\/wp-content\/uploads\/2019\/06\/check-icon-16.png\"> <strong>Kosten:<\/strong> Zwischen 1.300 &amp; 1.600 Euro<\/p>\n<p><img decoding=\"async\" class=\"alignnone size-large wp-image-2397\" src=\"https:\/\/tierisch-verliebt.de\/magazin\/wp-content\/uploads\/2023\/08\/Shar-Pei-1-1024x682.jpg\" alt=\"Shar Pei \" width=\"910\" height=\"606\" srcset=\"https:\/\/tierisch-verliebt.de\/magazin\/wp-content\/uploads\/2023\/08\/Shar-Pei-1-1024x682.jpg 1024w, https:\/\/tierisch-verliebt.de\/magazin\/wp-content\/uploads\/2023\/08\/Shar-Pei-1-300x200.jpg 300w, https:\/\/tierisch-verliebt.de\/magazin\/wp-content\/uploads\/2023\/08\/Shar-Pei-1-768x512.jpg 768w, https:\/\/tierisch-verliebt.de\/magazin\/wp-content\/uploads\/2023\/08\/Shar-Pei-1.jpg 1280w\" sizes=\"(max-width: 910px) 100vw, 910px\" \/><\/p>\n<h2>Wesen und Charakter<\/h2>\n<p>Der Shar Pei ist intelligenter und ausgeglichener Hund. Seine Gelassenheit und der eigene Wille lassen ihn sehr selbstsicher wirken und das macht ihn zu einem starken Charakter. Schon als Welpe l\u00e4sst er erkennen, ob er ein Freund von Bewegung ist oder es lieber ruhiger angehen l\u00e4sst.<\/p>\n<p>Der Shar Pei ist ein ruhiger Vertreter seiner Art. Er bellt nicht viel, aber beobachtet immer aufmerksam seine Umgebung und ist Fremden gegen\u00fcber stets misstrauisch. Menschen, denen er vertraut, steht er jedoch loyal zur Seite. Das k\u00f6nnen auch Familien mit Kindern sein.<\/p>\n<h2>Geschichte und Herkunft<\/h2>\n<p>Es gibt mehrere Theorien was den Ursprung des Shar Peis angeht. Eine Theorie besagt, dass er eine neu gez\u00fcchtete Rasse ist. Entstanden aus einer Kreuzung des chinesischen Chow-Chows mit dem Steffordshire Bullterrier.<\/p>\n<p>Eine weitere Theorie besagt, dass der Ursprung des Shar Peis in den s\u00fcdlichen Provinzen Chinas liegt. Seine Geschichte geht 2000 Jahre bis in die Han Dynastie (206 v. Chr. bis 220 n. Chr.) zur\u00fcck. Trotz seiner langen Geschichte war der Shar Pei bis ins 20. Jahrhundert haupts\u00e4chlich in China bekannt und auch lange dort weit verbreitet.<\/p>\n<p>Als <a href=\"https:\/\/tierisch-verliebt.de\/magazin\/jagdhunde\/\">Jagd<\/a>&#8211; und Wachhund war er vor allem in den unteren gesellschaftlichen Schichten n\u00fctzlich. Dazu geh\u00f6rten Fischer, Bauern und die einfache Landbev\u00f6lkerung. Da diese Rasse den Anspr\u00fcchen des Adels nicht gen\u00fcgte und die \u00e4rmere Bev\u00f6lkerung sich nach der Einf\u00fchrung der Hundesteuer kaum noch einen Hund leisten konnte, drohte der Shar Pei in den 70er Jahren des 20. Jahrhunderts auszusterben.<\/p>\n<p>Weltweit soll es keine 150 Tiere dieser Rasse mehr gegeben haben. Dank der Initiative eines chinesischen Z\u00fcchters und der Zusammenarbeit mit seinen amerikanischen Kollegen, gelang es den Bestand der seltensten Hunderasse der Welt wieder zu vergr\u00f6\u00dfern. 1979 kamen die ersten Shar Peis aus China und Amerika nach Deutschland.<\/p>\n<p><img decoding=\"async\" class=\"alignnone size-large wp-image-2396\" src=\"https:\/\/tierisch-verliebt.de\/magazin\/wp-content\/uploads\/2023\/08\/Shar-Pei-3-1024x576.jpg\" alt=\"Shar Pei \" width=\"910\" height=\"512\" srcset=\"https:\/\/tierisch-verliebt.de\/magazin\/wp-content\/uploads\/2023\/08\/Shar-Pei-3-1024x576.jpg 1024w, https:\/\/tierisch-verliebt.de\/magazin\/wp-content\/uploads\/2023\/08\/Shar-Pei-3-300x169.jpg 300w, https:\/\/tierisch-verliebt.de\/magazin\/wp-content\/uploads\/2023\/08\/Shar-Pei-3-768x432.jpg 768w, https:\/\/tierisch-verliebt.de\/magazin\/wp-content\/uploads\/2023\/08\/Shar-Pei-3.jpg 1280w\" sizes=\"(max-width: 910px) 100vw, 910px\" \/><\/p>\n<h2>\u00dcberlegungen vor der Anschaffung<\/h2>\n<p>Diese Hunderasse ist eher f\u00fcr erfahrene Hundehalter geeignet. Seine Intelligenz und der starke Wille des Shar Pei braucht eine geduldige und liebevolle, aber konsequente <a href=\"https:\/\/tierisch-verliebt.de\/magazin\/hunderziehung-grundlegendes\/\">Erziehung<\/a>. Ansonsten kann es passieren, dass er den Menschen dominiert und keinen Respekt mehr vor ihm hat.<\/p>\n<p>Bei einer guten <a href=\"https:\/\/tierisch-verliebt.de\/magazin\/hunderziehung-grundlegendes\/\">Erziehung<\/a> ist er jedoch ein treuer Begleiter, der sich problemlos in Familien mit Kindern einf\u00fcgt. Ideal ist auch ein Haus mit Garten, wo der seinen Freiraum hat und seinem Bewegungsdrang nachgehen kann.<\/p>\n<p>Es muss vor der Anschaffung eines jungen Shar Peis beachtet werden, dass die Hautfalten regelm\u00e4\u00dfig kontrolliert und gereinigt werden m\u00fcssen. Das beugt Entz\u00fcndungen vor. Dieser erh\u00f6hte Pflegeaufwand f\u00e4llt auch bei erwachsenen Hunden mit erh\u00f6hter Faltenbildung an.<\/p>\n<h2>Geeignete Aktivit\u00e4ten<\/h2>\n<p>Urspr\u00fcnglich war der Shar Pei ein Wach- und <a href=\"https:\/\/tierisch-verliebt.de\/magazin\/jagdhunde\/\">Jagdhund<\/a>. Das sollte bei der Wahl der Aktivit\u00e4ten beachtet werden. Es ist eine intelligente und willensstarke Rasse, die selbst\u00e4ndig denkt und handelt. Das hei\u00dft, dass dieses Tier durchaus belastbar bei Wanderungen und langen Spazierg\u00e4ngen ist. Optimal ist die gleichzeitige geistige Besch\u00e4ftigung.<\/p>\n<p>Von Hundesport ist im Normalfall aber abzusehen, da diese Rasse zu Eigensinnig und intelligent ist, um stupide Kommandos ohne Sinn zu befolgen. Eine rassengerechte Besch\u00e4ftigung w\u00e4re beispielsweise das Ausnutzen des Jagdtriebs, der heute durchaus noch vorhanden ist. Das fordert sowohl die Intelligenz als auch die Bewegung des Hundes.<\/p>\n<p><img decoding=\"async\" class=\"alignnone size-large wp-image-2395\" src=\"https:\/\/tierisch-verliebt.de\/magazin\/wp-content\/uploads\/2023\/08\/Shar-Pei-2-1024x750.jpg\" alt=\"Shar Pei \" width=\"910\" height=\"667\" srcset=\"https:\/\/tierisch-verliebt.de\/magazin\/wp-content\/uploads\/2023\/08\/Shar-Pei-2-1024x750.jpg 1024w, https:\/\/tierisch-verliebt.de\/magazin\/wp-content\/uploads\/2023\/08\/Shar-Pei-2-300x220.jpg 300w, https:\/\/tierisch-verliebt.de\/magazin\/wp-content\/uploads\/2023\/08\/Shar-Pei-2-768x563.jpg 768w, https:\/\/tierisch-verliebt.de\/magazin\/wp-content\/uploads\/2023\/08\/Shar-Pei-2.jpg 1280w\" sizes=\"(max-width: 910px) 100vw, 910px\" \/><\/p>\n<h2>Rassemerkmale<\/h2>\n<p>Die Merkmale des Shar Pei und anderer Rassen werden durch den FCI (F\u00e9d\u00e9ration Cynologique Internationale) festgelegt. Dieser z\u00e4hlt den Shar Pei zur Sektion 2.1 &#8211; Doggenartige Hunde. Das auff\u00e4lligste Merkmal des Shar Pai sind seine Falten, wegen denen er auch als \u201echinesischer Faltenhund\u201c bezeichnet wird.<\/p>\n<p>Sie sind insbesondere am Kopf und Widerrist deutlich sichtbar. Das war jedoch nicht immer der Fall. Der urspr\u00fcngliche Shar Pei (Bone Mouth) wies nicht diese starke Faltenbildung auf. Im Laufe der Zeit wurden die Hautfalten durch Z\u00fcchtung immer weiter gef\u00f6rdert und sorgen inzwischen bei dieser Hunderasse zu Atembeschwerden, Augen- und Hautproblemen.<\/p>\n<p>Aus diesem Grund wird eine starke Faltenbildung heute nicht mehr von der FCI als Standard f\u00fcr diese Rasse akzeptiert. Leichte Ans\u00e4tze, ohne gesundheitliche Auswirkungen auf den Hund, sind jedoch erlaubt. Ein weiteres Merkmal dieser chinesischen Rasse ist eine blaue bis blauschwarze Zunge. Das Zahnfleisch hat ebenfalls diese F\u00e4rbung.<\/p>\n<p>Au\u00dferdem sind die <a href=\"https:\/\/tierisch-verliebt.de\/magazin\/pflege-von-fell-und-zaehnen-des-hundes\/\">Haare<\/a> kurz und einfarbig. Bis auf wei\u00df sind alle \u00fcblichen Farben vertreten. Neben den bereits erw\u00e4hnten Krankheiten, kann schon in jungen Jahren beim Shar Pei das FSF (Familial Shar Pei Fever) auftreten. Es h\u00e4lt einige Stunden oder bis zu 36 Stunden an. H\u00e4ufiges Auftreten ist nicht ungew\u00f6hnlich, kommt im Alter aber immer unregelm\u00e4\u00dfiger vor.<\/p>\n<p>Ein typisches Merkmal dieser Rasse ist die Scheu vor Wasser. Sportliche Aktivit\u00e4ten an Land sind daher am besten geeignet.<\/p>\n<h2>Geeignete Ern\u00e4hrung<\/h2>\n<p>Die <a href=\"https:\/\/tierisch-verliebt.de\/magazin\/havaneser-ernaehrung\/\">Ern\u00e4hrung<\/a> des Shar Pei richtet sich nach den gleichen Regeln wie bei anderen Hunden. Sie sollte ausgewogen und abwechslungsreich sein und nicht in zu gro\u00dfen Portionen verf\u00fcttert werden. Au\u00dferdem richtet sich die Art des <a href=\"https:\/\/tierisch-verliebt.de\/magazin\/insektenproteine-in-hundefutter\/\">Futters<\/a> im Erwachsenenalter nach Gr\u00f6\u00dfe und Sportlichkeit des Hundes. Unvertr\u00e4glichkeiten und Allergien sind bei dieser Rasse ebenso m\u00f6glich, wie bei anderen.<\/p>\n<h2 data-pm-slice=\"1 1 []\">FAQ`s<\/h2>\n<h3>Welche gesundheitlichen Probleme sind bei Shar Pei bekannt?<\/h3>\n<p>Der Shar Pei ist eine au\u00dfergew\u00f6hnliche Hunderasse mit einzigartigem Aussehen, jedoch leider auch anf\u00e4llig f\u00fcr bestimmte gesundheitliche Probleme. Hier sind einige der h\u00e4ufigsten Erkrankungen, die bei dieser Rasse auftreten k\u00f6nnen:<\/p>\n<p><strong>1. Shar-Pei-Fieber (Familial Shar-Pei Fever, FSF)<\/strong><br \/>\nGenetisch bedingte Erkrankung, die zu wiederkehrendem Fieber und Schwellungen (oft an den Sprunggelenken) f\u00fchrt. Kann zu Amyloidose f\u00fchren, einer Krankheit, bei der sich sch\u00e4dliche Proteinablagerungen in den Organen bilden, vor allem in den Nieren.<\/p>\n<p><strong>2. Entropium<\/strong><br \/>\nEine Fehlstellung der Augenlider, bei der diese nach innen rollen, wodurch die Wimpern die Hornhaut reizen. Unbehandelt kann dies zu chronischen Schmerzen oder sogar zu Sehverlust f\u00fchren.<\/p>\n<p><strong>3. Hautprobleme<\/strong><br \/>\nDie charakteristischen Hautfalten des Shar Pei machen ihn anf\u00e4llig f\u00fcr Infektionen durch Pilze und Bakterien. Regelm\u00e4\u00dfige Reinigung und Pflege der Falten sind notwendig, um Entz\u00fcndungen vorzubeugen.<\/p>\n<p><strong>4. Ohrenentz\u00fcndungen<\/strong><br \/>\nDie engen und oft schlecht bel\u00fcfteten Geh\u00f6rg\u00e4nge beg\u00fcnstigen Infektionen.<br \/>\nRegelm\u00e4\u00dfige Kontrolle und Reinigung der Ohren k\u00f6nnen helfen, Entz\u00fcndungen zu verhindern.<\/p>\n<p><strong>5. Allergien<\/strong><br \/>\nShar Pei leiden h\u00e4ufig unter Nahrungsmittel- und Umweltallergien, die sich durch Juckreiz, R\u00f6tungen und Hautprobleme \u00e4u\u00dfern k\u00f6nnen.<\/p>\n<p><strong>6. H\u00fcftdysplasie<\/strong><br \/>\nEine genetische Fehlbildung der H\u00fcftgelenke, die Schmerzen und Bewegungseinschr\u00e4nkungen verursachen kann. Dies ist ein h\u00e4ufiges Problem bei vielen mittelgro\u00dfen bis gro\u00dfen Hunderassen.<\/p>\n<p><strong>7. Atmungsprobleme<\/strong><br \/>\nAufgrund ihrer anatomischen Merkmale (z. B. kurzer Nasenr\u00fccken) k\u00f6nnen einige Shar Pei Schwierigkeiten mit der Atmung haben, insbesondere bei Hitze oder k\u00f6rperlicher Anstrengung.<\/p>\n<p><strong>8. Amyloidose<\/strong><br \/>\nDiese Erkrankung tritt h\u00e4ufig als Folge von chronischen Entz\u00fcndungen (z. B. FSF) auf.<br \/>\nSie f\u00fchrt zur Ablagerung von Proteinen in Organen wie Nieren oder Leber, was zu Organversagen f\u00fchren kann.<\/p>\n<p><strong>Pr\u00e4vention und Pflege<\/strong><br \/>\nUm gesundheitliche Probleme beim Shar Pei zu minimieren, sind folgende Ma\u00dfnahmen wichtig:<\/p>\n<ul>\n<li>Regelm\u00e4\u00dfige Tierarztbesuche und Vorsorgeuntersuchungen.<\/li>\n<li>Sorgf\u00e4ltige Pflege der Haut und Ohren, um Infektionen vorzubeugen.<\/li>\n<li>Eine ausgewogene Ern\u00e4hrung, die m\u00f6gliche Allergien ber\u00fccksichtigt.<\/li>\n<li>Die Auswahl eines verantwortungsvollen Z\u00fcchters, der auf die Gesundheit seiner Tiere achtet.<\/li>\n<\/ul>\n<p>Mit der richtigen Pflege und Vorsorge kann der Shar Pei ein treuer und gesunder Begleiter sein.<\/p>\n<h3>Welche Besonderheiten gibt es bei der Hautpflege eines Shar Pei?<\/h3>\n<p><img decoding=\"async\" class=\"alignnone size-full wp-image-2874\" src=\"https:\/\/tierisch-verliebt.de\/magazin\/wp-content\/uploads\/2025\/01\/Shar-Pei-falten-trocknen.webp\" alt=\"\" width=\"1024\" height=\"1024\" srcset=\"https:\/\/tierisch-verliebt.de\/magazin\/wp-content\/uploads\/2025\/01\/Shar-Pei-falten-trocknen.webp 1024w, https:\/\/tierisch-verliebt.de\/magazin\/wp-content\/uploads\/2025\/01\/Shar-Pei-falten-trocknen-300x300.webp 300w, https:\/\/tierisch-verliebt.de\/magazin\/wp-content\/uploads\/2025\/01\/Shar-Pei-falten-trocknen-150x150.webp 150w, https:\/\/tierisch-verliebt.de\/magazin\/wp-content\/uploads\/2025\/01\/Shar-Pei-falten-trocknen-768x768.webp 768w\" sizes=\"(max-width: 1024px) 100vw, 1024px\" \/><\/p>\n<p>Die Haut des Shar Pei ist aufgrund seiner charakteristischen Falten einzigartig, aber auch anf\u00e4llig f\u00fcr bestimmte Probleme. Die richtige Hautpflege ist daher entscheidend, um Entz\u00fcndungen und Infektionen zu vermeiden. Hier sind die wichtigsten Aspekte:<\/p>\n<p><strong>1. Reinigung der Hautfalten<\/strong><br \/>\n<em>Regelm\u00e4\u00dfige Kontrolle:<\/em><br \/>\nDie Hautfalten des Shar Pei bieten einen idealen N\u00e4hrboden f\u00fcr Feuchtigkeit, Schmutz und Bakterien. Es ist wichtig, diese regelm\u00e4\u00dfig auf R\u00f6tungen, Geruch oder Irritationen zu \u00fcberpr\u00fcfen.<\/p>\n<p><em>Sanfte Reinigung:<\/em><br \/>\nVerwenden Sie ein weiches, feuchtes Tuch oder spezielle, pH-neutrale Feuchtt\u00fccher f\u00fcr Hunde, um die Falten sauber zu halten.<\/p>\n<p><em>Trocknen der Falten:<\/em><br \/>\nNach der Reinigung ist es essenziell, die Falten gr\u00fcndlich zu trocknen. Feuchtigkeit, die zwischen den Falten zur\u00fcckbleibt, kann Hautprobleme wie Pilzinfektionen f\u00f6rdern.<\/p>\n<p><strong>2. Bade-Routine<\/strong><br \/>\n<em>H\u00e4ufigkeit:<\/em><br \/>\nDer Shar Pei muss nicht h\u00e4ufig gebadet werden, etwa alle 4\u20136 Wochen oder bei Bedarf (z. B. nach starker Verschmutzung). Zu h\u00e4ufiges Baden kann die Haut austrocknen.<\/p>\n<p><em>Sanfte Shampoos:<\/em><br \/>\nVerwenden Sie ein mildes, hypoallergenes Hundeshampoo, das speziell f\u00fcr empfindliche Haut geeignet ist. Shampoos mit Haferflocken oder Aloe Vera k\u00f6nnen beruhigend wirken.<\/p>\n<p><em>Gr\u00fcndliches Absp\u00fclen:<\/em><br \/>\nR\u00fcckst\u00e4nde von Shampoo k\u00f6nnen die Haut reizen, daher sollten Sie sicherstellen, dass das Fell und die Falten gr\u00fcndlich ausgesp\u00fclt werden.<\/p>\n<p><strong>3. Vorbeugung von Hautproblemen<\/strong><br \/>\n<em>Hautpflegeprodukte:<\/em><br \/>\nVerwenden Sie bei Bedarf Pflegeprodukte, die f\u00fcr empfindliche Haut entwickelt wurden, wie Lotionen oder Sprays mit antiseptischen Eigenschaften, um Infektionen vorzubeugen.<\/p>\n<p><em>Falten trocken halten:<\/em><br \/>\nBesonders bei feuchtem Wetter ist es wichtig, die Falten trocken zu halten, um Pilz- oder Bakterieninfektionen zu vermeiden. Babypuder ohne Duftstoffe oder spezielle Puder f\u00fcr Hunde k\u00f6nnen helfen.<\/p>\n<p><em>Allergien beachten:<\/em><br \/>\nShar Pei sind anf\u00e4llig f\u00fcr Hautallergien. Achten Sie auf allergieausl\u00f6sende Stoffe in Pflegeprodukten, Futter oder der Umgebung.<\/p>\n<p><strong>4. Regelm\u00e4\u00dfige Fellpflege<\/strong><br \/>\n<em>B\u00fcrsten:<\/em><br \/>\nObwohl Shar Pei ein kurzes <a href=\"https:\/\/tierisch-verliebt.de\/magazin\/pflege-von-fell-und-zaehnen-des-hundes\/\">Fell<\/a> haben, profitieren sie von regelm\u00e4\u00dfigem B\u00fcrsten. Dies entfernt abgestorbene Hautschuppen und f\u00f6rdert eine gesunde Haut.<\/p>\n<p><em>Saisonaler Fellwechsel:<\/em><br \/>\nW\u00e4hrend des Fellwechsels kann h\u00e4ufigeres B\u00fcrsten helfen, abgestorbene Haare zu entfernen und die Haut zu entlasten.<\/p>\n<p><strong>5. Ern\u00e4hrung und Gesundheit<\/strong><br \/>\n<em>Ausgewogene Ern\u00e4hrung:<\/em><br \/>\nEine hochwertige Ern\u00e4hrung mit Omega-3- und Omega-6-Fetts\u00e4uren tr\u00e4gt zu gesunder Haut und einem gl\u00e4nzenden Fell bei.<\/p>\n<p><em>Tierarztbesuche:<\/em><br \/>\nRegelm\u00e4\u00dfige Untersuchungen beim Tierarzt helfen, Hautprobleme fr\u00fchzeitig zu erkennen und zu behandeln.<\/p>\n<p><strong>Fazit<\/strong><br \/>\nDie Hautpflege eines Shar Pei erfordert Aufmerksamkeit und regelm\u00e4\u00dfige Pflege, insbesondere in den Falten. Mit der richtigen Reinigung, Pflegeprodukten und einer ausgewogenen Ern\u00e4hrung k\u00f6nnen Hautprobleme minimiert und das Wohlbefinden des Hundes sichergestellt werden.<\/p>\n<h3>Wie verh\u00e4lt sich ein Shar Pei gegen\u00fcber Fremden und anderen Tieren?<\/h3>\n<p>Der Shar Pei hat ein ausgepr\u00e4gtes Temperament, das sich sowohl gegen\u00fcber Fremden als auch anderen Tieren in bestimmten Verhaltensmustern zeigt. Hier ein \u00dcberblick:<\/p>\n<p><strong>1. Verhalten gegen\u00fcber Fremden<\/strong><br \/>\n<em>Zur\u00fcckhaltend und reserviert:<\/em><br \/>\nShar Pei sind in der Regel Fremden gegen\u00fcber misstrauisch und zeigen sich oft zur\u00fcckhaltend, aber nicht aggressiv. Diese Distanz ist ein Teil ihres nat\u00fcrlichen Schutzinstinkts.<\/p>\n<p><em>Kein \u00fcberm\u00e4\u00dfiges Bellen:<\/em><br \/>\nShar Pei bellen selten, es sei denn, sie f\u00fchlen sich wirklich bedroht oder m\u00f6chten ihre Familie auf eine potenzielle Gefahr aufmerksam machen.<\/p>\n<p><em>Schutzinstinkt:<\/em><br \/>\nSie sind loyale Wachhunde und k\u00f6nnen Fremden gegen\u00fcber wachsam sein, insbesondere wenn sie das Gef\u00fchl haben, dass ihre Familie bedroht wird.<\/p>\n<p><em>Sozialisierung ist entscheidend:<\/em><br \/>\nFr\u00fchzeitige Sozialisierung hilft, ihre Zur\u00fcckhaltung gegen\u00fcber Fremden in gesunde, kontrollierte Bahnen zu lenken.<\/p>\n<p><strong>2. Verhalten gegen\u00fcber anderen Tieren<\/strong><\/p>\n<p><img decoding=\"async\" class=\"alignnone size-full wp-image-2875\" src=\"https:\/\/tierisch-verliebt.de\/magazin\/wp-content\/uploads\/2025\/01\/Shar-Pei-mit-anderen-Hund.webp\" alt=\"\" width=\"1024\" height=\"1024\" srcset=\"https:\/\/tierisch-verliebt.de\/magazin\/wp-content\/uploads\/2025\/01\/Shar-Pei-mit-anderen-Hund.webp 1024w, https:\/\/tierisch-verliebt.de\/magazin\/wp-content\/uploads\/2025\/01\/Shar-Pei-mit-anderen-Hund-300x300.webp 300w, https:\/\/tierisch-verliebt.de\/magazin\/wp-content\/uploads\/2025\/01\/Shar-Pei-mit-anderen-Hund-150x150.webp 150w, https:\/\/tierisch-verliebt.de\/magazin\/wp-content\/uploads\/2025\/01\/Shar-Pei-mit-anderen-Hund-768x768.webp 768w\" sizes=\"(max-width: 1024px) 100vw, 1024px\" \/><br \/>\n<em>Dominanzverhalten:<\/em><br \/>\nDer Shar Pei kann gegen\u00fcber anderen Hunden ein gewisses Dominanzverhalten zeigen, besonders wenn er nicht ausreichend sozialisiert wurde.<\/p>\n<p><em>Eher einzelg\u00e4ngerisch:<\/em><br \/>\nDiese Rasse neigt dazu, unabh\u00e4ngig zu sein und ben\u00f6tigt m\u00f6glicherweise Zeit, um sich an andere Tiere im Haushalt zu gew\u00f6hnen.<\/p>\n<p><em>Zusammenleben mit anderen Haustieren:<\/em><br \/>\nMit einer guten Einf\u00fchrung und positiven Erfahrungen k\u00f6nnen Shar Pei lernen, friedlich mit anderen Haustieren wie Katzen oder kleineren Tieren zusammenzuleben.<\/p>\n<p><em>Jagdinstinkt:<\/em><br \/>\nObwohl Shar Pei keinen stark ausgepr\u00e4gten Jagdtrieb haben, k\u00f6nnen sie dennoch auf kleine Tiere reagieren, besonders wenn diese sich pl\u00f6tzlich bewegen.<\/p>\n<p><strong>3. Tipps f\u00fcr ein harmonisches Miteinander<\/strong><br \/>\n<em>Fr\u00fchzeitige Sozialisierung:<\/em><br \/>\nDer Kontakt mit verschiedenen Menschen, Hunden und anderen Tieren sollte bereits im Welpenalter beginnen, um problematisches Verhalten zu vermeiden.<\/p>\n<p><em>Klare F\u00fchrung:<\/em><br \/>\nDer Shar Pei ben\u00f6tigt einen souver\u00e4nen und ruhigen Besitzer, der klare Grenzen setzt und Konfliktsituationen fr\u00fch erkennt und entsch\u00e4rft.<\/p>\n<p><em>Training von Begegnungen:<\/em><br \/>\nGeplante Treffen mit anderen Hunden oder Menschen unter kontrollierten Bedingungen k\u00f6nnen helfen, das Verhalten zu verbessern.<\/p>\n<p><strong>Fazit<\/strong><br \/>\nDer Shar Pei ist ein loyaler und wachsam-ruhiger Begleiter, der Fremden gegen\u00fcber oft reserviert, aber nicht aggressiv ist. Mit anderen Tieren verh\u00e4lt er sich eigenst\u00e4ndig und ben\u00f6tigt klare Regeln sowie positive Erfahrungen, um harmonisch zu interagieren. Eine gute Sozialisierung und konsequente F\u00fchrung sind der Schl\u00fcssel f\u00fcr ein entspanntes Verhalten.<\/p>\n<h3>Gibt es spezielle Trainingsans\u00e4tze f\u00fcr Shar Pei?<\/h3>\n<p>Ja, der Shar Pei erfordert aufgrund seines eigenst\u00e4ndigen und manchmal stur wirkenden Wesens spezielle Trainingsans\u00e4tze. Hier sind einige wichtige Punkte, die beim Training eines Shar Pei zu beachten sind:<\/p>\n<p><strong>1. Fr\u00fchzeitige Sozialisierung<\/strong><br \/>\nBeginnen Sie fr\u00fch, den Shar Pei an verschiedene Menschen, Tiere und Umgebungen zu gew\u00f6hnen.<br \/>\nEine gute Sozialisierung hilft, potenzielles Misstrauen gegen\u00fcber Fremden und anderen Hunden zu verringern.<\/p>\n<p><strong>2. Konsequenz und Geduld<\/strong><br \/>\nDer Shar Pei hat einen unabh\u00e4ngigen Charakter, was ihn manchmal eigensinnig wirken l\u00e4sst.<br \/>\nSeien Sie konsequent, aber niemals hart oder aggressiv. Eine ruhige, geduldige Herangehensweise ist entscheidend.<\/p>\n<p><strong>3. Positive Verst\u00e4rkung<\/strong><br \/>\nBelohnen Sie gutes Verhalten mit Leckerlis, Lob oder Spiel. Shar Pei reagieren nicht gut auf Bestrafungen, sondern lernen besser durch positive Erfahrungen.<\/p>\n<p><strong>4. Kurze, abwechslungsreiche Trainingseinheiten<\/strong><br \/>\nHalten Sie die Trainingseinheiten kurz (10\u201315 Minuten), da Shar Pei schnell gelangweilt werden k\u00f6nnen. Variieren Sie die \u00dcbungen, um das Interesse des Hundes aufrechtzuerhalten.<\/p>\n<p><strong>5. Aufbau von Vertrauen<\/strong><br \/>\nEin Shar Pei arbeitet am besten mit einem Besitzer zusammen, dem er vertraut.<br \/>\nVermeiden Sie harsche Worte oder grobe Handlungen, da dies das Vertrauen besch\u00e4digen k\u00f6nnte.<\/p>\n<p><strong>6. Klare Kommunikation<\/strong><br \/>\nVerwenden Sie klare, einfache Befehle. Shar Pei verstehen schnell, was von ihnen erwartet wird, ben\u00f6tigen aber eindeutige Anweisungen. Vermeiden Sie Widerspr\u00fcche im Training.<\/p>\n<p><strong>7. Umgang mit Schutz- und Wachinstinkten<\/strong><br \/>\nDer Shar Pei hat starke Schutzinstinkte. Trainieren Sie ihn fr\u00fch, um unerw\u00fcnschtes territoriales Verhalten zu kontrollieren. Gezielte \u00dcbungen zur Impulskontrolle und das Training eines zuverl\u00e4ssigen R\u00fcckrufs sind besonders wichtig.<\/p>\n<p><strong>8. Starke Bindung aufbauen<\/strong><br \/>\nDer Shar Pei ist ein loyaler Hund, der eine enge Bindung zu seiner Familie sucht.<br \/>\nGemeinsame Aktivit\u00e4ten wie Spazierg\u00e4nge und Spiele f\u00f6rdern die Bindung und machen den Hund kooperativer im Training.<\/p>\n<p><strong>9. Welpen- und Hundeschulen<\/strong><br \/>\nDer Besuch einer Welpenschule kann helfen, grundlegende Befehle zu festigen und den Hund an soziale Situationen zu gew\u00f6hnen. Achten Sie darauf, dass der Trainer Erfahrung mit unabh\u00e4ngigen Rassen wie dem Shar Pei hat.<\/p>\n<p><strong>10. Geduld bei schwierigen Phasen<\/strong><br \/>\nDer Shar Pei durchl\u00e4uft wie viele Hunde Phasen, in denen er weniger kooperativ ist (z. B. Pubert\u00e4t). Bleiben Sie in diesen Phasen ruhig und geduldig.<\/p>\n<p><strong>Fazit<\/strong><br \/>\nDas Training eines Shar Pei erfordert Geduld, Konsequenz und Einf\u00fchlungsverm\u00f6gen. Wenn Sie diese Aspekte ber\u00fccksichtigen, wird Ihr Shar Pei ein gut erzogener, treuer Begleiter, der Sie mit seiner einzigartigen Pers\u00f6nlichkeit begeistert.<\/p>\n","protected":false},"excerpt":{"rendered":"<p>Der Shar Pei ist ein sensibler aber auch sehr selbstsicherer Hund aus dem Reich der Mitte. Als fr\u00fcherer H\u00fcte und<\/p>\n","protected":false},"author":2,"featured_media":630,"parent":0,"menu_order":0,"comment_status":"closed","ping_status":"closed","template":"","meta":{"ngg_post_thumbnail":0,"footnotes":""},"class_list":["post-628","page","type-page","status-publish","has-post-thumbnail","hentry","comments-off"],"aioseo_notices":[],"_links":{"self":[{"href":"https:\/\/tierisch-verliebt.de\/magazin\/wp-json\/wp\/v2\/pages\/628","targetHints":{"allow":["GET"]}}],"collection":[{"href":"https:\/\/tierisch-verliebt.de\/magazin\/wp-json\/wp\/v2\/pages"}],"about":[{"href":"https:\/\/tierisch-verliebt.de\/magazin\/wp-json\/wp\/v2\/types\/page"}],"author":[{"embeddable":true,"href":"https:\/\/tierisch-verliebt.de\/magazin\/wp-json\/wp\/v2\/users\/2"}],"replies":[{"embeddable":true,"href":"https:\/\/tierisch-verliebt.de\/magazin\/wp-json\/wp\/v2\/comments?post=628"}],"version-history":[{"count":5,"href":"https:\/\/tierisch-verliebt.de\/magazin\/wp-json\/wp\/v2\/pages\/628\/revisions"}],"predecessor-version":[{"id":2389,"href":"https:\/\/tierisch-verliebt.de\/magazin\/wp-json\/wp\/v2\/pages\/628\/revisions\/2389"}],"wp:featuredmedia":[{"embeddable":true,"href":"https:\/\/tierisch-verliebt.de\/magazin\/wp-json\/wp\/v2\/media\/630"}],"wp:attachment":[{"href":"https:\/\/tierisch-verliebt.de\/magazin\/wp-json\/wp\/v2\/media?parent=628"}],"curies":[{"name":"wp","href":"https:\/\/api.w.org\/{rel}","templated":true}]}}