{"id":624,"date":"2019-11-20T20:29:35","date_gmt":"2019-11-20T19:29:35","guid":{"rendered":"https:\/\/tierisch-verliebt.de\/magazin\/?page_id=624"},"modified":"2025-02-19T13:19:06","modified_gmt":"2025-02-19T12:19:06","slug":"cavalier-king-charles-spaniel","status":"publish","type":"page","link":"https:\/\/tierisch-verliebt.de\/magazin\/cavalier-king-charles-spaniel\/","title":{"rendered":"Cavalier King Charles Spaniel &#8211; Das Portrait"},"content":{"rendered":"<p>Klein, s\u00fc\u00df, lebhaft und sehr kuschelbed\u00fcrftig, das ist die Hunderasse Cavalier King Charles Spaniel, welche wir Ihnen hier im Rassenportrait vorstellen m\u00f6chten. Der kleine Adels-Hund ist der perfekte Begleiter f\u00fcr Familien mit Kindern oder auch \u00e4ltere Menschen. Kurz gesagt ein kompakter Hund f\u00fcr jedermann. Im weiteren Verlauf m\u00f6chten wir Sie \u00fcber alle wichtigen Details eines Cavalier King Charles Spaniel informieren.<\/p>\n\n<h2>Steckbrief<\/h2>\n<p><img decoding=\"async\" alt=\"check\" src=\"https:\/\/tierisch-verliebt.de\/magazin\/wp-content\/uploads\/2019\/06\/check-icon-16.png\"> <strong>Lebenserwartung:<\/strong> 9 bis 14 Jahre<br \/>\n<img decoding=\"async\" alt=\"check\" src=\"https:\/\/tierisch-verliebt.de\/magazin\/wp-content\/uploads\/2019\/06\/check-icon-16.png\"> <strong>Gewicht:<\/strong> 5 bis 8 kg<br \/>\n<img decoding=\"async\" alt=\"check\" src=\"https:\/\/tierisch-verliebt.de\/magazin\/wp-content\/uploads\/2019\/06\/check-icon-16.png\"> <strong>Widerristh\u00f6he:<\/strong> 30 bis 33 cm<br \/>\n<img decoding=\"async\" alt=\"check\" src=\"https:\/\/tierisch-verliebt.de\/magazin\/wp-content\/uploads\/2019\/06\/check-icon-16.png\"> <strong>Charakter:<\/strong> freundlich, anh\u00e4nglich und kuschelbed\u00fcrftig, aktiv und lebhaft<br \/>\n<img decoding=\"async\" alt=\"check\" src=\"https:\/\/tierisch-verliebt.de\/magazin\/wp-content\/uploads\/2019\/06\/check-icon-16.png\"> <strong>Farben:<\/strong> einfarbig rot, wei\u00df \u2013 rot, schwarz \u2013 loh, schwarz \u2013 wei\u00df \u2013 loh<br \/>\n<img decoding=\"async\" alt=\"check\" src=\"https:\/\/tierisch-verliebt.de\/magazin\/wp-content\/uploads\/2019\/06\/check-icon-16.png\"> <strong>FCI-Gruppe:<\/strong> <a href=\"https:\/\/tierisch-verliebt.de\/magazin\/fci-gruppen\/\">FCI-Gruppe 9<\/a><br \/>\n<img decoding=\"async\" alt=\"check\" src=\"https:\/\/tierisch-verliebt.de\/magazin\/wp-content\/uploads\/2019\/06\/check-icon-16.png\"> <strong>Kosten:<\/strong> Zwischen 1.000 &amp; 1.500 Euro<\/p>\n<h2><img decoding=\"async\" class=\"alignnone wp-image-2187 size-large\" src=\"https:\/\/tierisch-verliebt.de\/magazin\/wp-content\/uploads\/2023\/08\/Cavalier-King-Charles-Spaniel-2-1024x682.jpg\" alt=\"Cavalier King Charles Spaniel\" width=\"910\" height=\"606\" srcset=\"https:\/\/tierisch-verliebt.de\/magazin\/wp-content\/uploads\/2023\/08\/Cavalier-King-Charles-Spaniel-2-1024x682.jpg 1024w, https:\/\/tierisch-verliebt.de\/magazin\/wp-content\/uploads\/2023\/08\/Cavalier-King-Charles-Spaniel-2-300x200.jpg 300w, https:\/\/tierisch-verliebt.de\/magazin\/wp-content\/uploads\/2023\/08\/Cavalier-King-Charles-Spaniel-2-768x512.jpg 768w, https:\/\/tierisch-verliebt.de\/magazin\/wp-content\/uploads\/2023\/08\/Cavalier-King-Charles-Spaniel-2.jpg 1280w\" sizes=\"(max-width: 910px) 100vw, 910px\" \/><\/h2>\n<h2>Wesen und Charakter<\/h2>\n<p>Der Cavalier King Charles Spaniel ist, wie der Name schon vermuten l\u00e4sst ein wahrer Cavalier. Er ist ein sehr sanftm\u00fctiger Wegbegleiter und liebt seine Menschen. So nett, freundlich, folgsam und liebesbed\u00fcrftig der kleine Hund auch ist, ben\u00f6tigt der kleine Spaniel eine ebenso liebevolle Erziehung und Behandlung. Diese Hunderasse weist so gut wie keine Aggressivit\u00e4t auf und versteht sich daher nah zu mit jedem anderen Hund oder Haustier. Auch Kinder und fremde Menschen sind gern gesehene G\u00e4ste des Cavalier King Charles Spaniels und alle werden freudig begr\u00fc\u00dft. Der kleine Hund ist vermutlich einer der treusten, freundlichsten und anh\u00e4nglichsten Hunde, die es gibt.<\/p>\n<h2>Herkunft &amp; Geschichte<\/h2>\n<p>Die Wurzeln dieser Hunderasse reichen bis in das 14. Jahrhundert zur\u00fcck. Als ein direkter Nachfahre der Hunde der britischen Hochadelsfamilien, bestand seine Hauptaufgabe darin, die Kinder zu besch\u00e4ftigen und das Bett der Damen zu w\u00e4rmen. Zus\u00e4tzlich dienten die King Charles Spaniel dazu, einfach niedlich zu sein.<\/p>\n<p>Leider wurde daher eine extreme Umz\u00fcchtung an dem kleinen Hund vorgenommen. Unter anderem wurde die Schnauze k\u00fcrzer, der Kopf runder und die Augen gr\u00f6\u00dfer. Alles um den Cavalier noch kompakter und s\u00fc\u00dfer zu gestalten. Um das 19. Jahrhundert herum, wollten Z\u00fcchter sogar eine Namens\u00e4nderung durchsetzen. Die Umbenennung in den Namen &#8220;Toy-Spaniel&#8221; soll aber vom K\u00f6nig Edward VII. verhindert worden sein.<\/p>\n<p>Schon knappe 20 Jahre sp\u00e4ter sorgten einige Tierfreunde daf\u00fcr, dass die urspr\u00fcngliche Hunderasse wieder angez\u00fcchtet wird. Mit der Gr\u00fcndung des&#8221;Klubs zur F\u00f6rderung des Cavalier King Charles Spaniels&#8221; erfreuten sich immer mehr Hunde ihre Ursprungsform. Schon damals unterschied sich die zur\u00fcckgez\u00fcchtete Rasse deutlich vom kurznasigen Spaniel.<\/p>\n<p><img decoding=\"async\" class=\"alignnone size-large wp-image-2188\" src=\"https:\/\/tierisch-verliebt.de\/magazin\/wp-content\/uploads\/2023\/08\/Cavalier-King-Charles-Spaniel-1-1024x682.jpg\" alt=\"Cavalier King Charles Spaniel (1)\" width=\"910\" height=\"606\" srcset=\"https:\/\/tierisch-verliebt.de\/magazin\/wp-content\/uploads\/2023\/08\/Cavalier-King-Charles-Spaniel-1-1024x682.jpg 1024w, https:\/\/tierisch-verliebt.de\/magazin\/wp-content\/uploads\/2023\/08\/Cavalier-King-Charles-Spaniel-1-300x200.jpg 300w, https:\/\/tierisch-verliebt.de\/magazin\/wp-content\/uploads\/2023\/08\/Cavalier-King-Charles-Spaniel-1-768x512.jpg 768w, https:\/\/tierisch-verliebt.de\/magazin\/wp-content\/uploads\/2023\/08\/Cavalier-King-Charles-Spaniel-1.jpg 1280w\" sizes=\"(max-width: 910px) 100vw, 910px\" \/><\/p>\n<h2>\u00dcberlegungen vor der Anschaffung<\/h2>\n<p>Wenn Sie sich \u00fcberlegen einen Cavalier King Charles Spaniel zu zulegen, m\u00fcssen Sie vorher einiges beachten, damit der kleine Hund auch ein sch\u00f6nes zuhause erh\u00e4lt. Auf was Sie achten sollten, welche Voraussetzungen erf\u00fcllt sein m\u00fcssten und alles was noch wichtig in Bezug auf den Cavalier ist, erfahren Sie im Folgenden Absatz.<\/p>\n<p>Wie Sie sich wohl schon gedacht haben, ist der Cavalier King Charles Spaniel ziemlich pflegeleicht und anspruchslos. Sie sollten aber auf ausreichend Auslauf, wie lange Spazierg\u00e4nge oder sportliche Aktivit\u00e4ten achten. Zudem ben\u00f6tigt die Hunderasse ein liebevolles zuhause, in dem auch viel geschmust wird.<\/p>\n<p>Da der Spaniel auch ausgewachsen nicht gerade gro\u00df wird, ist sein Platzbedarf auch eher gering. Sollten Sie sich f\u00fcr einen Cavalier King Charles Spaniel entscheiden, k\u00f6nnen Sie mit Anschaffungskosten f\u00fcr einen reinrassigen Welpen inklusive Gesundheitscheck von knappen 1500 \u20ac planen. Hinzu kommen Leinen, N\u00e4pfe, Schlafgelegenheiten, Hundespielzeug und geeignetes Futter.<\/p>\n<p>Bitte achten Sie beim Kauf auf einen seri\u00f6sen Z\u00fcchter!<\/p>\n<h2>Geeignete Aktivit\u00e4ten<\/h2>\n<p>Lange Spazierg\u00e4nge, kleinere sportliche Aufgaben, wie das Agility Training oder Apportieren, sind willkommene Besch\u00e4ftigungen f\u00fcr den kleinen s\u00fc\u00dfen Fratz. Ansonsten ben\u00f6tigen die meisten King Charles Spaniel nicht viel Bewegung.<\/p>\n<h2>Rassemerkmale<\/h2>\n<p>In diesem Absatz m\u00f6chten wir Ihnen die typischen Rassenmerkmale des Cavalier King Charles Spaniel n\u00e4herbringen. Wie Sie dem Steckbrief wahrscheinlich bereits entnommen haben, erreichen die Cavaliere eine Schulterh\u00f6he von 30 \u2013 33 Cm und ein Gewicht von knappen 5 \u2013 8 Kilogramm. Der Cavalier King Charles Spaniel wird meist mit einer von vier verschiedenen Farbvariationen geboren.<\/p>\n<p><u>Blenheim:<\/u><br \/>\nwei\u00dfer Untergrund mit kastanienbraunen Kacheln<\/p>\n<p><u>Tricolour:<br \/>\n<\/u>wei\u00dfer Untergrund mit schwarzen Kacheln und lohfarbenen Wangen, sowie Augenbrauen<\/p>\n<p><u>Ruby:<br \/>\n<\/u>das Fell ist in ein leuchtendes Rot getaucht<\/p>\n<p><u>Black-and-Tan:<br \/>\n<\/u>Black-and-Tan ist die seltenste vorkommende Farbvariation. Das Fell weist ein dunkles, gl\u00e4nzendes schwarz auf. Die Wangen, sowie Augenbrauen sind lohfarbend und an den L\u00e4ufen, Pfoten, der Rute und der Vorderbrust ist etwas Tan zu erkennen.<\/p>\n<p>Neben der s\u00fc\u00dfen und lieben Art, sowie dem seidigen langem <a href=\"https:\/\/tierisch-verliebt.de\/magazin\/pflege-von-fell-und-zaehnen-des-hundes\/\">Fell<\/a>, leiden Cavalier King Charles Spaniel teilweise leider unter einigen mehr oder weniger schwerwiegende Rassekrankheiten.<\/p>\n<p><img decoding=\"async\" class=\"alignnone size-large wp-image-2186\" src=\"https:\/\/tierisch-verliebt.de\/magazin\/wp-content\/uploads\/2023\/08\/Cavalier-King-Charles-Spaniel-3-1024x682.jpg\" alt=\"Cavalier King Charles Spaniel (1)\" width=\"910\" height=\"606\" srcset=\"https:\/\/tierisch-verliebt.de\/magazin\/wp-content\/uploads\/2023\/08\/Cavalier-King-Charles-Spaniel-3-1024x682.jpg 1024w, https:\/\/tierisch-verliebt.de\/magazin\/wp-content\/uploads\/2023\/08\/Cavalier-King-Charles-Spaniel-3-300x200.jpg 300w, https:\/\/tierisch-verliebt.de\/magazin\/wp-content\/uploads\/2023\/08\/Cavalier-King-Charles-Spaniel-3-768x512.jpg 768w, https:\/\/tierisch-verliebt.de\/magazin\/wp-content\/uploads\/2023\/08\/Cavalier-King-Charles-Spaniel-3.jpg 1280w\" sizes=\"(max-width: 910px) 100vw, 910px\" \/><\/p>\n<h2>Die richtige Ern\u00e4hrung<\/h2>\n<p>Die optimale <a href=\"https:\/\/tierisch-verliebt.de\/magazin\/havaneser-ernaehrung\/\">Ern\u00e4hrung<\/a> eines King Charles ist relativ simpel. Da Welpen deutlich weniger Futtermengen aufnehmen k\u00f6nnen, sollten Sie Welpen 3-4-mal am Tag mit kleinen Mengen Futter begl\u00fccken. Ausgewachsene Spaniel, essen meist nur 1-2 Mahlzeiten pro Tag.<\/p>\n<p>Eine Faustformel besagt, dass ein Hund ca. 2 % &#8211; 3,5 % des eigenen K\u00f6rpergewichtes an Futter ben\u00f6tigt. F\u00fcr einen erwachsenen Cavalier King Charles Spaniel mit knappen 7 Kilo, w\u00fcrde dies eine Futtermenge von 140 \u2013 245 Gramm pro Tag bedeuten. Die eigentliche Menge an <a href=\"https:\/\/tierisch-verliebt.de\/magazin\/insektenproteine-in-hundefutter\/\">Futter<\/a> h\u00e4ngt aber noch an vielen weiteren Faktoren ab. Hier spielt zum Beispiel auch der Aktivit\u00e4tsgrad oder eine bestehende Krankheit eine gro\u00dfe Rolle.<\/p>\n<h2>FAQ<\/h2>\n<div class=\"flex max-w-full flex-col flex-grow\">\n<div class=\"min-h-8 text-message flex w-full flex-col items-end gap-2 whitespace-normal break-words [.text-message+&amp;]:mt-5\" dir=\"auto\" data-message-author-role=\"assistant\" data-message-id=\"1f655497-43b4-4e8e-8865-4e07d25065ee\" data-message-model-slug=\"gpt-4o\">\n<div class=\"flex w-full flex-col gap-1 empty:hidden first:pt-[3px]\">\n<div class=\"markdown prose w-full break-words dark:prose-invert light\">\n<h3><strong>Wie pflegeintensiv ist der Cavalier King Charles Spaniel?<\/strong><\/h3>\n<p>Der Cavalier King Charles Spaniel hat ein seidiges Fell, das regelm\u00e4\u00dfiges B\u00fcrsten erfordert, um Verfilzungen zu vermeiden. Besonders wichtig ist die Pflege der Ohren, da diese anf\u00e4llig f\u00fcr Infektionen sind.<\/p>\n<h3><strong>Wie viel Bewegung braucht ein Cavalier King Charles Spaniel?<\/strong><\/h3>\n<p>Diese Rasse ist anpassungsf\u00e4hig, ben\u00f6tigt aber t\u00e4gliche Spazierg\u00e4nge und Spielzeit, um k\u00f6rperlich und geistig ausgelastet zu bleiben. Sie lieben moderate Bewegung und sind ideal f\u00fcr Familien oder Einzelpersonen.<\/p>\n<h3><strong>Ist der Cavalier King Charles Spaniel familienfreundlich?<\/strong><\/h3>\n<p>Ja, diese Rasse ist bekannt f\u00fcr ihre liebevolle und sanfte Art. Sie kommen gut mit Kindern und anderen Haustieren aus, solange sie richtig sozialisiert wurden.<\/p>\n<h3><strong>Welche gesundheitlichen Probleme k\u00f6nnen auftreten?<\/strong><\/h3>\n<p>Cavalier King Charles Spaniels sind anf\u00e4llig f\u00fcr Herzprobleme (Mitralklappenkrankheit), Augenprobleme und H\u00fcftdysplasie. Regelm\u00e4\u00dfige tier\u00e4rztliche Kontrollen sind wichtig, um gesundheitliche Probleme fr\u00fchzeitig zu erkennen.<\/p>\n<h3><strong>Wie intelligent ist der Cavalier King Charles Spaniel?<\/strong><\/h3>\n<p>Diese Rasse ist intelligent und lernbegierig, was sie leicht trainierbar macht. Sie reagieren gut auf positive Verst\u00e4rkung und regelm\u00e4\u00dfige \u00dcbungseinheiten.<\/p>\n<h3><strong>Ist der Cavalier King Charles Spaniel f\u00fcr Anf\u00e4nger geeignet?<\/strong><\/h3>\n<p>Ja, diese Rasse ist wegen ihres freundlichen Wesens und ihrer Anpassungsf\u00e4higkeit gut f\u00fcr Ersthundebesitzer geeignet.<\/p>\n<h3><strong>Wie verh\u00e4lt sich der Cavalier King Charles Spaniel gegen\u00fcber Fremden?<\/strong><\/h3>\n<p>Cavalier King Charles Spaniels sind in der Regel freundlich und offen gegen\u00fcber Fremden, was sie zu ausgezeichneten Begleithunden macht, jedoch weniger zu Wachhunden.<\/p>\n<p>&nbsp;<\/p>\n<p>&nbsp;<\/p>\n<\/div>\n<\/div>\n<\/div>\n<\/div>\n<div class=\"mb-2 flex gap-3 empty:hidden -ml-2\">\n<div class=\"items-center justify-start rounded-xl p-1 flex\">\n<div class=\"flex items-center\">&nbsp;<\/div>\n<\/div>\n<\/div>\n","protected":false},"excerpt":{"rendered":"<p>Klein, s\u00fc\u00df, lebhaft und sehr kuschelbed\u00fcrftig, das ist die Hunderasse Cavalier King Charles Spaniel, welche wir Ihnen hier im Rassenportrait<\/p>\n","protected":false},"author":2,"featured_media":625,"parent":0,"menu_order":0,"comment_status":"closed","ping_status":"closed","template":"","meta":{"ngg_post_thumbnail":0,"footnotes":""},"class_list":["post-624","page","type-page","status-publish","has-post-thumbnail","hentry","comments-off"],"aioseo_notices":[],"_links":{"self":[{"href":"https:\/\/tierisch-verliebt.de\/magazin\/wp-json\/wp\/v2\/pages\/624","targetHints":{"allow":["GET"]}}],"collection":[{"href":"https:\/\/tierisch-verliebt.de\/magazin\/wp-json\/wp\/v2\/pages"}],"about":[{"href":"https:\/\/tierisch-verliebt.de\/magazin\/wp-json\/wp\/v2\/types\/page"}],"author":[{"embeddable":true,"href":"https:\/\/tierisch-verliebt.de\/magazin\/wp-json\/wp\/v2\/users\/2"}],"replies":[{"embeddable":true,"href":"https:\/\/tierisch-verliebt.de\/magazin\/wp-json\/wp\/v2\/comments?post=624"}],"version-history":[{"count":5,"href":"https:\/\/tierisch-verliebt.de\/magazin\/wp-json\/wp\/v2\/pages\/624\/revisions"}],"predecessor-version":[{"id":3081,"href":"https:\/\/tierisch-verliebt.de\/magazin\/wp-json\/wp\/v2\/pages\/624\/revisions\/3081"}],"wp:featuredmedia":[{"embeddable":true,"href":"https:\/\/tierisch-verliebt.de\/magazin\/wp-json\/wp\/v2\/media\/625"}],"wp:attachment":[{"href":"https:\/\/tierisch-verliebt.de\/magazin\/wp-json\/wp\/v2\/media?parent=624"}],"curies":[{"name":"wp","href":"https:\/\/api.w.org\/{rel}","templated":true}]}}