{"id":614,"date":"2019-11-18T19:35:42","date_gmt":"2019-11-18T18:35:42","guid":{"rendered":"https:\/\/tierisch-verliebt.de\/magazin\/?page_id=614"},"modified":"2026-03-03T09:28:32","modified_gmt":"2026-03-03T08:28:32","slug":"american-staffordshire","status":"publish","type":"page","link":"https:\/\/tierisch-verliebt.de\/magazin\/american-staffordshire\/","title":{"rendered":"American Staffordshire &#8211; Das Portrait"},"content":{"rendered":"<p>Der American Staffordshire Terrier z\u00e4hlt in Deutschland zu den mittelgro\u00dfen Hunden. Mit der richtigen Erziehung ist er anh\u00e4nglicher, verspielter und treuer Begleithund. Die durchschnittliche Lebenserwartung der Hunde liegt dabei zwischen 9 und 15 Jahren. Die Rasse wird unter anderem auch als Kampfhund gez\u00fcchtet und steht deshalb auf der <a title=\"Listenhunde \u2013 Diese Hunde werden in Deutschland als gef\u00e4hrlich eingestuft\" href=\"https:\/\/tierisch-verliebt.de\/magazin\/listenhunde\/\">Liste der gef\u00e4hrlichen Hunde<\/a>.<\/p>\n\n<h2>Steckbrief<\/h2>\n<p><img decoding=\"async\" alt=\"check\" src=\"https:\/\/tierisch-verliebt.de\/magazin\/wp-content\/uploads\/2019\/06\/check-icon-16.png\"> <strong>Lebenserwartung:<\/strong> 9 bis 15 Jahre<br \/>\n<img decoding=\"async\" alt=\"check\" src=\"https:\/\/tierisch-verliebt.de\/magazin\/wp-content\/uploads\/2019\/06\/check-icon-16.png\"> <strong>Gewicht:<\/strong> 18 bis 30 kg<br \/>\n<img decoding=\"async\" alt=\"check\" src=\"https:\/\/tierisch-verliebt.de\/magazin\/wp-content\/uploads\/2019\/06\/check-icon-16.png\"> <strong>Widerristh\u00f6he:<\/strong> 43 bis 48 cm<br \/>\n<img decoding=\"async\" alt=\"check\" src=\"https:\/\/tierisch-verliebt.de\/magazin\/wp-content\/uploads\/2019\/06\/check-icon-16.png\"> <strong>Charakter:<\/strong> intelligent, aufmerksam, loyal, ausdauernd, dynamisch<br \/>\n<img decoding=\"async\" alt=\"check\" src=\"https:\/\/tierisch-verliebt.de\/magazin\/wp-content\/uploads\/2019\/06\/check-icon-16.png\"> <strong>Farben:<\/strong> wei\u00df, schwarz, grau und braun<br \/>\n<img decoding=\"async\" alt=\"check\" src=\"https:\/\/tierisch-verliebt.de\/magazin\/wp-content\/uploads\/2019\/06\/check-icon-16.png\"> <strong>FCI-Gruppe:<\/strong> <a href=\"https:\/\/tierisch-verliebt.de\/magazin\/fci-gruppen\/\">FCI-Gruppe 3<\/a><br \/>\n<img decoding=\"async\" alt=\"check\" src=\"https:\/\/tierisch-verliebt.de\/magazin\/wp-content\/uploads\/2019\/06\/check-icon-16.png\"> <strong>Kosten:<\/strong> Zwischen 900 &amp; 1.200 Euro<\/p>\n<h2><img decoding=\"async\" class=\"aligncenter wp-image-1922 \" src=\"https:\/\/tierisch-verliebt.de\/magazin\/wp-content\/uploads\/2023\/02\/American-Staffordshire-4-1024x683.jpg\" alt=\"American Staffordshire\" width=\"452\" height=\"302\" srcset=\"https:\/\/tierisch-verliebt.de\/magazin\/wp-content\/uploads\/2023\/02\/American-Staffordshire-4-1024x683.jpg 1024w, https:\/\/tierisch-verliebt.de\/magazin\/wp-content\/uploads\/2023\/02\/American-Staffordshire-4-300x200.jpg 300w, https:\/\/tierisch-verliebt.de\/magazin\/wp-content\/uploads\/2023\/02\/American-Staffordshire-4-768x512.jpg 768w, https:\/\/tierisch-verliebt.de\/magazin\/wp-content\/uploads\/2023\/02\/American-Staffordshire-4-1536x1024.jpg 1536w, https:\/\/tierisch-verliebt.de\/magazin\/wp-content\/uploads\/2023\/02\/American-Staffordshire-4.jpg 1920w\" sizes=\"(max-width: 452px) 100vw, 452px\" \/><\/h2>\n<h2>Wesen und Charakter des American Staffordshire<\/h2>\n<p>Das Portrait des American Staffordshire Terriers zeigt eine kraftvolle und loyale Hunderasse, die durch ihre Intelligenz, ihren Mut und ihre enge Bindung zu ihren Menschen beeindruckt. Diese Hunderasse ist sehr intelligent, deshalb lernen die Hunde aufmerksam und gut. Dazu ist Konsequenz n\u00f6tig, da der American Staffordshire durchaus eigenwillig und stur sein kann. Aber auch ein sehr hoher Spieltrieb und eine hohe Reizschwelle zeichnen diese Hunde aus.<\/p>\n<p>Gepaart mit ihrer Lernf\u00e4higkeit und dem Drang nach Besch\u00e4ftigung eignen sie sich sehr gut als Sporthunde und auch als Familienhunde oder sogar Therapiehunde. Der American Staffordshire ist n\u00e4mlich sehr anh\u00e4nglich und kinderlieb &#8211; dies geh\u00f6rt schlicht von Anfang an in die richtigen Bahnen gelenkt, da er teilweise stark ausgepr\u00e4gtes Dominanz- oder Wachverhalten zeigt.<\/p>\n<p>Dies liegt auch an der Treue gegen\u00fcber seinem Besitzer, weshalb er schnell in eine Verteidigungshaltung gegen\u00fcber potenziellen Gefahren schalten kann. Im Allgemeinen ist er aber trotz seiner Verspieltheit ein sehr verschmuster Hund, der gen\u00fcgend Zeit und M\u00f6glichkeit zum Auspowern mit seinem Besitzer oder der Familie braucht.<\/p>\n<p><iframe title=\"American Staffordshire Terrier (AmStaff) | Kraftvolle Hunderasse in urbaner Landschaft \u2013 Kurzvideo\" width=\"910\" height=\"512\" src=\"https:\/\/www.youtube.com\/embed\/rS0ppc6KBwI?feature=oembed\" frameborder=\"0\" allow=\"accelerometer; autoplay; clipboard-write; encrypted-media; gyroscope; picture-in-picture; web-share\" referrerpolicy=\"strict-origin-when-cross-origin\" allowfullscreen><\/iframe><\/p>\n<h2>Herkunft und Geschichte der Rasse<\/h2>\n<p>Die Ahnen des American Staffordshire sind der <a title=\"Portrait zur Hunderasse der Terrier\" href=\"https:\/\/tierisch-verliebt.de\/magazin\/terrier\/\">Terrier<\/a> und die <a title=\"Bulldoggen \u2013 Diese Rassen, Arten und Varianten gibt es\" href=\"https:\/\/tierisch-verliebt.de\/magazin\/bulldoggen-rassen\/\">Bulldogge<\/a> aus England. Als Tierk\u00e4mpfe dort 1835 verboten wurden, verlie\u00dfen einige Veranstalter und Hundehalter das Land und zogen nach Amerika. Die Rasse wurde also durch britische Einwanderer in die USA gebracht, wo Tierk\u00e4mpfe ab 1880 f\u00fcr sie wieder zum Gewerbe wurde.<\/p>\n<p>Mit der Zeit allerdings entstanden zwei Linien des Bullterriers, da die einen ihn vermehrt oder nur als Kampfhund einsetzen wollten. Immer mehr hielten ihn aber auch als Familien- und Wachhund. Um eine deutliche Grenze zwischen beiden zu schaffen, wurden den Rassen eigene Namen zugeteilt. So entstand auf der einen Seite der American Pit Bull Terrier, der als Kampfhund diente. Und auf der anderen Seite gab es nun den American Staffordshire Terrier.<\/p>\n<h2><img decoding=\"async\" class=\"aligncenter wp-image-1920 \" src=\"https:\/\/tierisch-verliebt.de\/magazin\/wp-content\/uploads\/2023\/02\/American-Staffordshire-2-931x1024.jpg\" alt=\"American Staffordshire\" width=\"353\" height=\"388\" srcset=\"https:\/\/tierisch-verliebt.de\/magazin\/wp-content\/uploads\/2023\/02\/American-Staffordshire-2-931x1024.jpg 931w, https:\/\/tierisch-verliebt.de\/magazin\/wp-content\/uploads\/2023\/02\/American-Staffordshire-2-273x300.jpg 273w, https:\/\/tierisch-verliebt.de\/magazin\/wp-content\/uploads\/2023\/02\/American-Staffordshire-2-768x845.jpg 768w, https:\/\/tierisch-verliebt.de\/magazin\/wp-content\/uploads\/2023\/02\/American-Staffordshire-2-1396x1536.jpg 1396w, https:\/\/tierisch-verliebt.de\/magazin\/wp-content\/uploads\/2023\/02\/American-Staffordshire-2.jpg 1745w\" sizes=\"(max-width: 353px) 100vw, 353px\" \/><\/h2>\n<h2>\u00dcberlegungen vor der Anschaffung eines American Staffordshire Terrier<\/h2>\n<p>Am wichtigsten ist, sich dar\u00fcber im Klaren zu sein, dass der Kauf eines American Staffordshire nicht ganz einfach ist. Da sie als <a href=\"https:\/\/tierisch-verliebt.de\/magazin\/listenhunde\/\">Listenhunde<\/a> gelten, unterliegen die Zuchten strengen Auflagen und der Z\u00fcchter muss bei einem der drei offiziellen VDH &#8211; Vereinen Mitglied sein, um eine legale Zucht vorweisen zu k\u00f6nnen. So jemanden zu finden ist mit gr\u00fcndlicher Suche aber auch hier m\u00f6glich, das zeigt sich allerdings auch im Preis. F\u00fcr einen Welpen aus legaler und guter Zucht zahlt man um die 1000 Euro.<\/p>\n<p>Es gibt gen\u00fcgend Z\u00fcchter, die illegale Zuchten bieten und Hunde, die stark verhaltensauff\u00e4llig sind oder auch Mischlinge. Deshalb immer Papiere und Stammb\u00e4ume zeigen lassen. Aber nicht nur die Anschaffung, sondern auch die Haltung eines Listenhundes unterliegt gewissen Regeln &#8211; mit diesen sollte man sich im Vorfeld vertraut machen und sich \u00fcber angemessene Haltungsbedingungen informieren. Wer dem Hund nicht gen\u00fcgend Platz, Zeit und Auslauf bieten kann, sollte einen Kauf dieser Rasse \u00fcberdenken.<\/p>\n<h2><img decoding=\"async\" class=\"aligncenter wp-image-1921 \" src=\"https:\/\/tierisch-verliebt.de\/magazin\/wp-content\/uploads\/2023\/02\/American-Staffordshire-3-1024x683.jpg\" alt=\"American Staffordshire\" width=\"536\" height=\"357\" srcset=\"https:\/\/tierisch-verliebt.de\/magazin\/wp-content\/uploads\/2023\/02\/American-Staffordshire-3-1024x683.jpg 1024w, https:\/\/tierisch-verliebt.de\/magazin\/wp-content\/uploads\/2023\/02\/American-Staffordshire-3-300x200.jpg 300w, https:\/\/tierisch-verliebt.de\/magazin\/wp-content\/uploads\/2023\/02\/American-Staffordshire-3-768x512.jpg 768w, https:\/\/tierisch-verliebt.de\/magazin\/wp-content\/uploads\/2023\/02\/American-Staffordshire-3-1536x1024.jpg 1536w, https:\/\/tierisch-verliebt.de\/magazin\/wp-content\/uploads\/2023\/02\/American-Staffordshire-3.jpg 1920w\" sizes=\"(max-width: 536px) 100vw, 536px\" \/><\/h2>\n<h2>Geeignete Aktivit\u00e4ten f\u00fcr die Rasse American Staffordshire<\/h2>\n<p>Der American Staffordshire braucht von Anfang an eine liebevolle und konsequente Erziehung. Schon als Welpe sollte mit dem Training begonnen werden und t\u00e4glich f\u00fcr gen\u00fcgend Auslastung gesorgt werden. Nur, wenn diese Rasse sowohl k\u00f6rperlich als auch mental gefordert wird, ist sie ausgeglichen und gl\u00fccklich.<\/p>\n<p>Geeignet ist zum einen zum Beispiel eine Hundeschule. Denn gerade Hundesportarten wie Agility sind sehr gut f\u00fcr den American Staffordshire geeignet. Aber auch lange Spazierg\u00e4nge, Wanderungen und Spiele mit dem Besitzer oder der Familie sollten t\u00e4glich an der Tagesordnung stehen um diesen Hund auszulasten. Am besten sind \u00fcbrigens Wohnungen oder H\u00e4user mit gro\u00dfem Garten f\u00fcr die Haltung geeignet, da man hier den Vierbeiner auch mal drau\u00dfen laufen lassen kann.<\/p>\n<h2>Rassemerkmale<\/h2>\n<p>Den American Staffordshire zeichnet sich durch einen kr\u00e4ftigen und robusten K\u00f6rperbau aus, mit einer Widerristh\u00f6he zwischen 43 cm und 48 cm. Dabei erreichen die Hunde ein Gewicht zwischen 18 kg bis 30 kg. Ein auff\u00e4lliges Merkmal der Rasse stellt der Kopf der Hunde dar. Er ist gro\u00df und keilf\u00f6rmig mit einem sehr starken Gebiss. Die Ohren liegen hoch am Kopf. Bei den Ohren handelt es sich um Rosenohren oder halb aufgerichtete Stehohren. Das Fell der American Staffordshire ist kurz, dicht und glatt. Bei der Zucht sind alle Farben erlaubt.<\/p>\n<h2><img decoding=\"async\" class=\"aligncenter wp-image-615 \" src=\"https:\/\/tierisch-verliebt.de\/magazin\/wp-content\/uploads\/2019\/11\/American-Staffordshire-600x450.jpg\" alt=\"American Staffordshire\" width=\"520\" height=\"390\"><\/h2>\n<h2>Geeignete Ern\u00e4hrung f\u00fcr den American Staffordshire<\/h2>\n<p>Im Allgemeinen stellt die Rasse keine bestimmten Anforderungen an die Ern\u00e4hrung. Es wird also kein spezielles <a href=\"https:\/\/tierisch-verliebt.de\/magazin\/getreidefreies-futter\/\">Futter<\/a> ben\u00f6tigt. Aufgrund der ohnehin schon kr\u00e4ftigen Statur kann der American Staffordshire allerdings zu \u00dcbergewicht neigen. Es wird deshalb empfohlen, ihn lieber mit zwei bis drei Portionen \u00fcber den Tag verteilt zu f\u00fcttern, statt mit einer gro\u00dfen Mahlzeit. Dies beugt auch einer Magendrehung vor.<\/p>\n<p>Je \u00e4lter der Hund wird, umso wichtiger wird es auf das Gewicht zu achten. Auch, um anderen alters- oder gewichtsbedingten Krankheiten wie Arthrose vorzubeugen &#8211; dies gilt f\u00fcr nahezu jede Hunderasse. Der American Staffordshire spricht auch gut auf die Methode der Rohf\u00fctterung, dem sogenannten <a href=\"https:\/\/www.barfinfo.de\/\" target=\"_blank\" rel=\"noopener\">Barfen<\/a>, an.<\/p>\n<p><img decoding=\"async\" class=\"alignnone wp-image-2706\" src=\"https:\/\/tierisch-verliebt.de\/magazin\/wp-content\/uploads\/2024\/09\/american-staffordshire-ernaehrung.webp\" alt=\"american-staffordshire-ernaehrung\" width=\"600\" height=\"600\" srcset=\"https:\/\/tierisch-verliebt.de\/magazin\/wp-content\/uploads\/2024\/09\/american-staffordshire-ernaehrung.webp 1024w, https:\/\/tierisch-verliebt.de\/magazin\/wp-content\/uploads\/2024\/09\/american-staffordshire-ernaehrung-300x300.webp 300w, https:\/\/tierisch-verliebt.de\/magazin\/wp-content\/uploads\/2024\/09\/american-staffordshire-ernaehrung-150x150.webp 150w, https:\/\/tierisch-verliebt.de\/magazin\/wp-content\/uploads\/2024\/09\/american-staffordshire-ernaehrung-768x768.webp 768w\" sizes=\"(max-width: 600px) 100vw, 600px\" \/><\/p>\n<h2>FAQ<\/h2>\n<p><strong>Wie viel Pflege braucht ein American Staffordshire Terrier?<\/strong><\/p>\n<p>Der American Staffordshire Terrier hat ein kurzes Fell, das wenig Pflege erfordert. Regelm\u00e4\u00dfiges B\u00fcrsten h\u00e4lt das Fell gl\u00e4nzend und hilft, abgestorbene Haare zu entfernen.<\/p>\n<p><strong>Ist der American Staffordshire Terrier anf\u00e4llig f\u00fcr gesundheitliche Probleme?<\/strong><\/p>\n<p>Einige h\u00e4ufige gesundheitliche Probleme bei dieser Rasse sind H\u00fcftdysplasie, Hautprobleme und Allergien. Regelm\u00e4\u00dfige tier\u00e4rztliche Kontrollen sind wichtig, um solche Probleme fr\u00fchzeitig zu erkennen.<\/p>\n<p><strong>Sind American Staffordshire Terrier familienfreundlich?<\/strong><\/p>\n<p>Mit der richtigen Sozialisation k\u00f6nnen sie sehr loyale und liebevolle Familienhunde sein. Sie kommen in der Regel gut mit Kindern aus, sollten aber immer beaufsichtigt werden, besonders bei kleinen Kindern.<\/p>\n<p><strong>Wie viel Bewegung braucht ein American Staffordshire Terrier?<\/strong><\/p>\n<p>Diese Rasse ist energiegeladen und ben\u00f6tigt t\u00e4glich viel Bewegung, um k\u00f6rperlich und geistig ausgelastet zu sein. L\u00e4ngere Spazierg\u00e4nge und interaktive Spiele sind ideal.<\/p>\n<p><strong>Sind American Staffordshire Terrier leicht zu trainieren?<\/strong><\/p>\n<p>Sie sind intelligent und lernbegierig, aber k\u00f6nnen manchmal stur sein. Konsequente Erziehung mit positiver Verst\u00e4rkung ist der Schl\u00fcssel zu einem gut erzogenen Hund.<\/p>\n","protected":false},"excerpt":{"rendered":"<p>Der American Staffordshire Terrier z\u00e4hlt in Deutschland zu den mittelgro\u00dfen Hunden. Mit der richtigen Erziehung ist er anh\u00e4nglicher, verspielter und<\/p>\n","protected":false},"author":2,"featured_media":1919,"parent":0,"menu_order":0,"comment_status":"closed","ping_status":"closed","template":"","meta":{"ngg_post_thumbnail":0,"footnotes":""},"class_list":["post-614","page","type-page","status-publish","has-post-thumbnail","hentry","comments-off"],"aioseo_notices":[],"_links":{"self":[{"href":"https:\/\/tierisch-verliebt.de\/magazin\/wp-json\/wp\/v2\/pages\/614","targetHints":{"allow":["GET"]}}],"collection":[{"href":"https:\/\/tierisch-verliebt.de\/magazin\/wp-json\/wp\/v2\/pages"}],"about":[{"href":"https:\/\/tierisch-verliebt.de\/magazin\/wp-json\/wp\/v2\/types\/page"}],"author":[{"embeddable":true,"href":"https:\/\/tierisch-verliebt.de\/magazin\/wp-json\/wp\/v2\/users\/2"}],"replies":[{"embeddable":true,"href":"https:\/\/tierisch-verliebt.de\/magazin\/wp-json\/wp\/v2\/comments?post=614"}],"version-history":[{"count":7,"href":"https:\/\/tierisch-verliebt.de\/magazin\/wp-json\/wp\/v2\/pages\/614\/revisions"}],"predecessor-version":[{"id":3549,"href":"https:\/\/tierisch-verliebt.de\/magazin\/wp-json\/wp\/v2\/pages\/614\/revisions\/3549"}],"wp:featuredmedia":[{"embeddable":true,"href":"https:\/\/tierisch-verliebt.de\/magazin\/wp-json\/wp\/v2\/media\/1919"}],"wp:attachment":[{"href":"https:\/\/tierisch-verliebt.de\/magazin\/wp-json\/wp\/v2\/media?parent=614"}],"curies":[{"name":"wp","href":"https:\/\/api.w.org\/{rel}","templated":true}]}}