{"id":602,"date":"2019-11-15T08:05:50","date_gmt":"2019-11-15T07:05:50","guid":{"rendered":"https:\/\/tierisch-verliebt.de\/magazin\/?page_id=602"},"modified":"2024-12-30T23:47:09","modified_gmt":"2024-12-30T22:47:09","slug":"chow-chow","status":"publish","type":"page","link":"https:\/\/tierisch-verliebt.de\/magazin\/chow-chow\/","title":{"rendered":"Der stolze Chow Chow"},"content":{"rendered":"<p>Der Chow Chow ist eine Hunderasse mit einem au\u00dfergew\u00f6hnlichen \u00c4u\u00dferem. Gegen\u00fcber Fremden ist er h\u00e4ufig distanziert. L\u00e4sst er sich jedoch auf seine Besitzer ein, ist er ein treuer Kamerad, der in den verschiedensten Bereichen eingesetzt werden kann.<\/p>\n\n<h2>Steckbrief<\/h2>\n<p><img decoding=\"async\" alt=\"check\" src=\"https:\/\/tierisch-verliebt.de\/magazin\/wp-content\/uploads\/2019\/06\/check-icon-16.png\"> <strong>Lebenserwartung:<\/strong> 9 bis 14 Jahre<br \/>\n<img decoding=\"async\" alt=\"check\" src=\"https:\/\/tierisch-verliebt.de\/magazin\/wp-content\/uploads\/2019\/06\/check-icon-16.png\"> <strong>Gewicht:<\/strong> 20 bis 32 kg<br \/>\n<img decoding=\"async\" alt=\"check\" src=\"https:\/\/tierisch-verliebt.de\/magazin\/wp-content\/uploads\/2019\/06\/check-icon-16.png\"> <strong>Widerristh\u00f6he:<\/strong> 46 bis 56 cm<br \/>\n<img decoding=\"async\" alt=\"check\" src=\"https:\/\/tierisch-verliebt.de\/magazin\/wp-content\/uploads\/2019\/06\/check-icon-16.png\"> <strong>Charakter:<\/strong> ruhig, eigenwillig, sehr wachsam, treu<br \/>\n<img decoding=\"async\" alt=\"check\" src=\"https:\/\/tierisch-verliebt.de\/magazin\/wp-content\/uploads\/2019\/06\/check-icon-16.png\"> <strong>Farben:<\/strong> schwarz, rot, blau, rehfarben, creme, wei\u00df<br \/>\n<img decoding=\"async\" alt=\"check\" src=\"https:\/\/tierisch-verliebt.de\/magazin\/wp-content\/uploads\/2019\/06\/check-icon-16.png\"> <strong>FCI-Gruppe:<\/strong> <a href=\"https:\/\/tierisch-verliebt.de\/magazin\/fci-gruppen\/\">FCI-Gruppe 5<\/a><br \/>\n<img decoding=\"async\" alt=\"check\" src=\"https:\/\/tierisch-verliebt.de\/magazin\/wp-content\/uploads\/2019\/06\/check-icon-16.png\"> <strong>Kosten:<\/strong> Zwischen 800 &amp; 1.000 Euro<\/p>\n<p><img decoding=\"async\" class=\"alignnone size-large wp-image-2197\" src=\"https:\/\/tierisch-verliebt.de\/magazin\/wp-content\/uploads\/2023\/08\/Chow-Chow-2-1024x682.jpg\" alt=\"Chow Chow\" width=\"910\" height=\"606\" srcset=\"https:\/\/tierisch-verliebt.de\/magazin\/wp-content\/uploads\/2023\/08\/Chow-Chow-2-1024x682.jpg 1024w, https:\/\/tierisch-verliebt.de\/magazin\/wp-content\/uploads\/2023\/08\/Chow-Chow-2-300x200.jpg 300w, https:\/\/tierisch-verliebt.de\/magazin\/wp-content\/uploads\/2023\/08\/Chow-Chow-2-768x512.jpg 768w, https:\/\/tierisch-verliebt.de\/magazin\/wp-content\/uploads\/2023\/08\/Chow-Chow-2.jpg 1280w\" sizes=\"(max-width: 910px) 100vw, 910px\" \/><\/p>\n<h2>Wesen und Charakter<\/h2>\n<p>Der Chow Chow ist ein kompakter mittelgro\u00dfer Hund, der bis zu 56 cm gro\u00df und bis zu 32 kg schwer werden kann. Wesentliche Merkmale sind die blauschwarz gef\u00e4rbte Zunge sowie die Halskrause, die an eine L\u00f6wenm\u00e4hne erinnert. Die Augen haben die Form von Mandeln und sind tief angesetzt. Chows k\u00f6nnen raues oder glattes Fell haben, das rot, schwarz, blau, zimt oder creme gef\u00e4rbt ist.<\/p>\n<p>Der Chow Chow hat ein einzigartiges Aussehen. Zudem hat er einen stolzen und unabh\u00e4ngigen Charakter, der dem von Katzen sehr \u00e4hnlich ist. Mit seinem muskul\u00f6sen \u00c4u\u00dferen und seiner tiefen Brust repr\u00e4sentiert dieser Hund das alte China mit all seiner W\u00fcrde.<\/p>\n<p>Chows sollen ihren Besitzern zufolge die saubersten aller Hunde sein. Sie riechen nur minimal. Ist ein Chow gut erzogen, zeichnet er sich durch seine Intelligenz, Ruhe und W\u00fcrde aus. Er passt sich den gegebenen Umst\u00e4nden gut an und braucht keinerlei spezielles Training. Hat ein Chow zu seinen Besitzern einmal Vertrauen gefasst, ist er absolut loyal.<\/p>\n<h2>Herkunft &amp; Geschichte<\/h2>\n<p>Der Chow Chow stammt urspr\u00fcnglich aus dem alten China, genauer gesagt aus der Han Dynastie (ungef\u00e4hr 206 v. Chr.). Damit repr\u00e4sentiert er vermutlich eine der \u00e4ltesten Hunderassen der Welt.<\/p>\n<p>Der multifunktionale Einsatz des Chows ist in seiner Historie begr\u00fcndet. Zun\u00e4chst war er ein beliebter Begleithund der chinesischen Adeligen. In der Tang Dynastie (ca. achtes Jahrhundert) war der Hund so beliebt, dass ein damaliger Kaiser etwa 5.000 Chows hielt, die von 10.000 Mitarbeitern versorgt wurden. In den kommenden Jahrhunderten wurden sie jedoch auch als Wachhunde, Jagdhunde und zur Bef\u00f6rderung von Waren eingesetzt.<\/p>\n<p>Der Ursprung des Namens Chow Chow ist nicht ganz eindeutig. Die Bedeutung des kantonesischen Wortes Chow k\u00f6nnte vom Wort &#8220;essbar&#8221; abgeleitet worden sein. Dies r\u00fchrt daher, dass die Vorfahren dieser Hunderasse f\u00fcr die Bewohner in dicht besiedeltem Gel\u00e4nde als Nahrungsquelle herhalten mussten.<\/p>\n<p>Eine weitere Erkl\u00e4rung stammt aus dem 18. Jahrhundert. Sie besagt, dass der Ausdruck &#8220;chow-chow&#8221; auf den englischen Handelsschiffen f\u00fcr die kleinen \u00fcbrig gebliebene Dinge genutzt wurde, die nicht auf der Liste der Schiffsladung aufgez\u00e4hlt wurden. Die Chows, die von den britischen H\u00e4ndlern erworben wurden, fielen somit unter den Ausdruck &#8220;chow-chow&#8221;.<\/p>\n<p>Die sogenannten Wild Dogs of China bekamen in den 1820er Jahren einen Platz im Londoner Zoo. Bekanntheit erlangten sie jedoch erst, als die Hundeliebhaberin K\u00f6nigin Victoria sich einen Chow zulegte. In Nordamerika wurden sie seit den 1890ern ausgestellt. Der American Kennel Club (AKC), welcher der gr\u00f6\u00dfte Dachverband der US amerikanischen Rassehundez\u00fcchter ist, nahm den Chow Chow 1903 auf.<\/p>\n<p><img decoding=\"async\" class=\"alignnone size-large wp-image-2196\" src=\"https:\/\/tierisch-verliebt.de\/magazin\/wp-content\/uploads\/2023\/08\/Chow-Chow-3-1024x682.jpg\" alt=\"Chow Chow\" width=\"910\" height=\"606\" srcset=\"https:\/\/tierisch-verliebt.de\/magazin\/wp-content\/uploads\/2023\/08\/Chow-Chow-3-1024x682.jpg 1024w, https:\/\/tierisch-verliebt.de\/magazin\/wp-content\/uploads\/2023\/08\/Chow-Chow-3-300x200.jpg 300w, https:\/\/tierisch-verliebt.de\/magazin\/wp-content\/uploads\/2023\/08\/Chow-Chow-3-768x511.jpg 768w, https:\/\/tierisch-verliebt.de\/magazin\/wp-content\/uploads\/2023\/08\/Chow-Chow-3.jpg 1280w\" sizes=\"(max-width: 910px) 100vw, 910px\" \/><\/p>\n<h2>\u00dcberlegung vor der Anschaffung<\/h2>\n<p>Wie bei allen Hunderassen sollte der Chow Chow schon im Welpenalter in die Hundeschule gehen bzw. Welpenkurse besuchen. So ist eine ad\u00e4quate Sozialisierung mit anderen Hunden m\u00f6glich und der Chow wird zu einem ausgeglichenen Begleithund, der gut erzogen ist. Da der Chow sehr intelligent, aber auch eigensinnig sein kann, sollte man sich bewusst sein, dass man diesem Hund mit Geduld und liebevoller Strenge begegnen sollte. Konsequenz, Liebe und Lob f\u00fchren zu einer harmonischen Beziehung, die auf Vertrauen basiert.<\/p>\n<p>Das ausladende Doppelhaar der Rau- und Glatthaar-Chow Chows muss regelm\u00e4\u00dfig gepflegt werden, damit <a href=\"https:\/\/tierisch-verliebt.de\/magazin\/pflege-von-fell-und-zaehnen-des-hundes\/\">Fell<\/a> und Haut gesund bleiben. Dies kostet viel Zeit, die w\u00f6chentlich aufzuwenden ist. Das Fell (Deckhaar und Unterwolle) sollte mindestens zweimal pro Woche ausgiebig geb\u00fcrstet werden. Zecken und Fl\u00f6he m\u00fcssen sofort entfernt werden. Augen und Ohren sollten immer mitbehandelt werden. Das Fell von Welpen als auch die Halskrause k\u00f6nnen schnell verfilzen, wenn die Pflege vernachl\u00e4ssigt wird.<\/p>\n<p>Es gibt einige gesundheitliche Probleme, die bei dem Chow Chow auftreten k\u00f6nnen. So sind Probleme mit den Augenlidern (Roll-Lid), Dysplasien der Ellbogen und H\u00fcfte, Probleme mit der Schilddr\u00fcse und Allergien bekannt. Durch eine verantwortungsvolle Zucht und regelm\u00e4\u00dfige Vorsorgeuntersuchungen beim Tierarzt, k\u00f6nnen diese Erkrankungen jedoch ausgeschlossen bzw. fr\u00fchzeitig diagnostiziert und behandelt werden.<\/p>\n<p>Die <a href=\"https:\/\/tierisch-verliebt.de\/magazin\/unterhalt-eines-hundes\/\">Kosten<\/a> f\u00fcr die Anschaffung, Welpen- bzw. Hundeschule, Ausr\u00fcstung (Halsband, Hundeleine, B\u00fcrste etc.), Impfungen und Vorsorgeuntersuchungen beim Tierarzt, sowie die Hundehaftpflichtversicherung, ggf. eine Krankenversicherung als auch Betreuungskosten (z. B. im Urlaub) sollten vor der Anschaffung immer bedacht werden.<\/p>\n<p><img decoding=\"async\" class=\"alignnone wp-image-2848\" src=\"https:\/\/tierisch-verliebt.de\/magazin\/wp-content\/uploads\/2024\/12\/Buersten-Chow-Chow.webp\" alt=\"buersten-chow-chow\" width=\"600\" height=\"600\" srcset=\"https:\/\/tierisch-verliebt.de\/magazin\/wp-content\/uploads\/2024\/12\/Buersten-Chow-Chow.webp 1024w, https:\/\/tierisch-verliebt.de\/magazin\/wp-content\/uploads\/2024\/12\/Buersten-Chow-Chow-300x300.webp 300w, https:\/\/tierisch-verliebt.de\/magazin\/wp-content\/uploads\/2024\/12\/Buersten-Chow-Chow-150x150.webp 150w, https:\/\/tierisch-verliebt.de\/magazin\/wp-content\/uploads\/2024\/12\/Buersten-Chow-Chow-768x768.webp 768w\" sizes=\"(max-width: 600px) 100vw, 600px\" \/><\/p>\n<h2>Geeignete Aktivit\u00e4ten mit dem Chow Chow<\/h2>\n<p>Der Chow Chow ben\u00f6tigt kein exzessives Training. Er liebt es, aktiv zu sein und lernt schnell, da er ein fokussierter Hund ist. Mehrere Spazierg\u00e4nge am Tag in einer gem\u00e4\u00dfigten Geschwindigkeit sind f\u00fcr diese Hunderasse ausreichend. K\u00f6rperliche Bet\u00e4tigung in den hei\u00dfen Phasen des Jahres sollte jedoch vermieden werden, da der Chow dies nicht gut vertr\u00e4gt. Das Spielen mit Spielzeug sollte nicht zu wild und intensiv betrieben werden. Diese Rasse mag es gem\u00e4\u00dfigt.<\/p>\n<p><img decoding=\"async\" class=\"alignnone size-large wp-image-2198\" src=\"https:\/\/tierisch-verliebt.de\/magazin\/wp-content\/uploads\/2023\/08\/Chow-Chow-1-1024x576.jpg\" alt=\"Chow Chow\" width=\"910\" height=\"512\" srcset=\"https:\/\/tierisch-verliebt.de\/magazin\/wp-content\/uploads\/2023\/08\/Chow-Chow-1-1024x576.jpg 1024w, https:\/\/tierisch-verliebt.de\/magazin\/wp-content\/uploads\/2023\/08\/Chow-Chow-1-300x169.jpg 300w, https:\/\/tierisch-verliebt.de\/magazin\/wp-content\/uploads\/2023\/08\/Chow-Chow-1-768x432.jpg 768w, https:\/\/tierisch-verliebt.de\/magazin\/wp-content\/uploads\/2023\/08\/Chow-Chow-1.jpg 1280w\" sizes=\"(max-width: 910px) 100vw, 910px\" \/><\/p>\n<h2>Rassemerkmale<\/h2>\n<p>Der Chow Chow ist ein kr\u00e4ftiger, sehr muskul\u00f6ser mittelgro\u00dfer Hund. Er hat einen schweren Knochenbau und ist quadratisch gebaut. Er ist robust und repr\u00e4sentiert den arktischen Hundetyp. Der Chow ist ein aufrechter Hund mit einem kompakten K\u00f6rper sowie einer kurzen Kuppe, die breit und tief ist. Der Schwanz ist hoch angesetzt und wird sehr dicht am R\u00fccken getragen.<\/p>\n<p>Die Beine sind gerade und kr\u00e4ftig. Direkt unter dem H\u00fcftknochen sind das Sprunggelenk und die Mittelfu\u00dfknochen. Betrachtet man den Chow von der Seite, erkennt man einen leichten Winkel der Hinterbeine. Hierdurch ergibt sich der charakteristische und einzigartige Gang dieser Rasse, der mit kurzen und gestelzten Schritten erfolgt.<\/p>\n<p>Der Kopf wirkt im Verh\u00e4ltnis zum K\u00f6rper gro\u00df. Dies ergibt sich durch den flachen und breiten Sch\u00e4del. Die Schnauze ist kurz, breit als auch tief. Die Halskrause verleiht dem Chow sein stolzes Aussehen. Trotz seines kr\u00e4ftigen \u00c4u\u00dferen ist der Chow Chow ein eleganter, beweglicher Hund, der gerne aktiv ist. Ein wesentliches Charakteristikum ist die blauschwarze Zunge.<\/p>\n<h2>Geeignete Ern\u00e4hrung<\/h2>\n<p>Der Chow Chow ist anf\u00e4llig f\u00fcr Allergien, sodass schnell Irritationen bei einer ungeeigneten Ern\u00e4hrung auftreten. Eine getreidearme <a href=\"https:\/\/tierisch-verliebt.de\/magazin\/havaneser-ernaehrung\/\">Ern\u00e4hrung<\/a> mit einem hohen Fleischanteil eignen sich f\u00fcr diese Rasse besonders gut. Hierbei kann auf kommerzielles Trocken- und Nassfutter zur\u00fcckgegriffen werden, das sich jedoch durch seine Hochwertigkeit auszeichnet. Auch wenn die Futtersorte beibehalten wird, sollte der Hund regelm\u00e4\u00dfig auf Anzeichen von Allergien untersucht werden. Die Inhaltsstoffe werden von Futtermittelunternehmen h\u00e4ufig ver\u00e4ndert.<\/p>\n<p><img decoding=\"async\" class=\"alignnone wp-image-2846\" src=\"https:\/\/tierisch-verliebt.de\/magazin\/wp-content\/uploads\/2024\/12\/chow-chow-essen.webp\" alt=\"ernaehrung-chow-chow\" width=\"600\" height=\"600\" srcset=\"https:\/\/tierisch-verliebt.de\/magazin\/wp-content\/uploads\/2024\/12\/chow-chow-essen.webp 1024w, https:\/\/tierisch-verliebt.de\/magazin\/wp-content\/uploads\/2024\/12\/chow-chow-essen-300x300.webp 300w, https:\/\/tierisch-verliebt.de\/magazin\/wp-content\/uploads\/2024\/12\/chow-chow-essen-150x150.webp 150w, https:\/\/tierisch-verliebt.de\/magazin\/wp-content\/uploads\/2024\/12\/chow-chow-essen-768x768.webp 768w\" sizes=\"(max-width: 600px) 100vw, 600px\" \/><\/p>\n<h2>FAQ<\/h2>\n<div class=\"flex max-w-full flex-col flex-grow\">\n<div class=\"min-h-8 text-message flex w-full flex-col items-end gap-2 whitespace-normal break-words text-start [.text-message+&amp;]:mt-5\" dir=\"auto\" data-message-author-role=\"assistant\" data-message-id=\"a819c988-bc99-4131-a2fe-c3b5304de1ae\" data-message-model-slug=\"gpt-4o\">\n<div class=\"flex w-full flex-col gap-1 empty:hidden first:pt-[3px]\">\n<div class=\"markdown prose w-full break-words dark:prose-invert light\">\n<h3><strong>Wie pflegeintensiv ist ein Chow Chow?<\/strong><\/h3>\n<p>Der Chow Chow hat ein dichtes, flauschiges Fell, das regelm\u00e4\u00dfiges B\u00fcrsten erfordert, um Verfilzungen zu vermeiden und die Haut gesund zu halten. Besonders w\u00e4hrend des Fellwechsels sollte das B\u00fcrsten h\u00e4ufiger erfolgen.<\/p>\n<h3><strong>Wie viel Bewegung braucht ein Chow Chow?<\/strong><\/h3>\n<p>Chow Chows sind keine \u00fcberm\u00e4\u00dfig aktiven Hunde, ben\u00f6tigen aber t\u00e4gliche Spazierg\u00e4nge und moderate Bewegung, um gesund und fit zu bleiben.<\/p>\n<h3><strong>Wie verh\u00e4lt sich der Chow Chow gegen\u00fcber Fremden und kleinen Kindern?<\/strong><\/h3>\n<p>Diese Rasse ist von Natur aus wachsam und reserviert gegen\u00fcber Fremden. Sie k\u00f6nnen sich jedoch freundlich verhalten, wenn sie gut sozialisiert wurden. Chow Chows sind loyal und besch\u00fctzen ihre Familie, aber sie k\u00f6nnen zur\u00fcckhaltend sein, besonders gegen\u00fcber kleinen Kindern. Eine fr\u00fche Sozialisation ist wichtig, um sie an verschiedene Situationen zu gew\u00f6hnen.<\/p>\n<h3><strong>Welche gesundheitlichen Probleme k\u00f6nnen auftreten?<\/strong><\/h3>\n<p>Chow Chows sind anf\u00e4llig f\u00fcr H\u00fcftdysplasie, Augenprobleme (z. B. Entropium) und Hautprobleme. Regelm\u00e4\u00dfige tier\u00e4rztliche Untersuchungen sind essenziell.<\/p>\n<h3><strong>Wie intelligent ist ein Chow Chow?<\/strong><\/h3>\n<p>Chow Chows sind intelligent, aber auch eigenwillig. Sie ben\u00f6tigen konsequentes und geduldiges Training mit positiver Verst\u00e4rkung.<\/p>\n<h3><strong>Ist ein Chow Chow f\u00fcr Anf\u00e4nger geeignet?<\/strong><\/h3>\n<p>Der Chow Chow ist aufgrund seines unabh\u00e4ngigen Wesens und seines starken Charakters besser f\u00fcr erfahrene Hundebesitzer geeignet.<\/p>\n<h3><strong>Ist ein Chow Chow f\u00fcr das Stadtleben geeignet?<\/strong><\/h3>\n<p>Ja, ein Chow Chow kann gut in der Stadt leben, solange er ausreichend Bewegung und mentale Besch\u00e4ftigung bekommt.<\/p>\n<p>&nbsp;<\/p>\n<\/div>\n<\/div>\n<\/div>\n<\/div>\n<div class=\"mb-2 flex gap-3 empty:hidden -ml-2\">\n<div class=\"items-center justify-start rounded-xl p-1 flex\">\n<div class=\"flex items-center\">&nbsp;<\/div>\n<\/div>\n<\/div>\n","protected":false},"excerpt":{"rendered":"<p>Der Chow Chow ist eine Hunderasse mit einem au\u00dfergew\u00f6hnlichen \u00c4u\u00dferem. Gegen\u00fcber Fremden ist er h\u00e4ufig distanziert. L\u00e4sst er sich jedoch<\/p>\n","protected":false},"author":2,"featured_media":603,"parent":0,"menu_order":0,"comment_status":"closed","ping_status":"closed","template":"","meta":{"ngg_post_thumbnail":0,"footnotes":""},"class_list":["post-602","page","type-page","status-publish","has-post-thumbnail","hentry","comments-off"],"aioseo_notices":[],"_links":{"self":[{"href":"https:\/\/tierisch-verliebt.de\/magazin\/wp-json\/wp\/v2\/pages\/602","targetHints":{"allow":["GET"]}}],"collection":[{"href":"https:\/\/tierisch-verliebt.de\/magazin\/wp-json\/wp\/v2\/pages"}],"about":[{"href":"https:\/\/tierisch-verliebt.de\/magazin\/wp-json\/wp\/v2\/types\/page"}],"author":[{"embeddable":true,"href":"https:\/\/tierisch-verliebt.de\/magazin\/wp-json\/wp\/v2\/users\/2"}],"replies":[{"embeddable":true,"href":"https:\/\/tierisch-verliebt.de\/magazin\/wp-json\/wp\/v2\/comments?post=602"}],"version-history":[{"count":5,"href":"https:\/\/tierisch-verliebt.de\/magazin\/wp-json\/wp\/v2\/pages\/602\/revisions"}],"predecessor-version":[{"id":2195,"href":"https:\/\/tierisch-verliebt.de\/magazin\/wp-json\/wp\/v2\/pages\/602\/revisions\/2195"}],"wp:featuredmedia":[{"embeddable":true,"href":"https:\/\/tierisch-verliebt.de\/magazin\/wp-json\/wp\/v2\/media\/603"}],"wp:attachment":[{"href":"https:\/\/tierisch-verliebt.de\/magazin\/wp-json\/wp\/v2\/media?parent=602"}],"curies":[{"name":"wp","href":"https:\/\/api.w.org\/{rel}","templated":true}]}}