{"id":583,"date":"2019-11-09T17:40:05","date_gmt":"2019-11-09T16:40:05","guid":{"rendered":"https:\/\/tierisch-verliebt.de\/magazin\/?page_id=583"},"modified":"2025-02-22T23:59:00","modified_gmt":"2025-02-22T22:59:00","slug":"malinois","status":"publish","type":"page","link":"https:\/\/tierisch-verliebt.de\/magazin\/malinois\/","title":{"rendered":"Malinois &#8211; Das Portrait"},"content":{"rendered":"<p>Der Malinois wird oft mit dem <a href=\"https:\/\/tierisch-verliebt.de\/magazin\/deutscher-schaeferhund\/\">Deutschen Sch\u00e4ferhund<\/a> verwechselt. Doch sein K\u00f6rperbau ist deutlich graziler und sein Gesicht feiner. Seine Fellfarbe variiert zwischen hellen bernsteinfarben, rot und grau. Dabei sind die Haarspitzen oft schwarz gef\u00e4rbt. Im Gegensatz zum Deutschen Sch\u00e4ferhund ist der Malinois leichter. Dadurch wird er gern zum Dienst- und Sporthund ausgebildet, denn er ist schnell, wendig und besonders klug. Gegen\u00fcber seinem Besitzer ist der Hund sehr anh\u00e4nglich und treu. Viele Fellnasen bauen eine Art Besch\u00fctzerinstinkt auf. Sie verteidigen Ihre Herrchen, wenn es n\u00f6tig ist. Hier nun das vollst\u00e4ndige Portrait dieser Hunderasse.<\/p>\n\n<h2>Steckbrief<\/h2>\n<p><img decoding=\"async\" alt=\"check\" src=\"https:\/\/tierisch-verliebt.de\/magazin\/wp-content\/uploads\/2019\/06\/check-icon-16.png\"> <strong>Lebenserwartung:<\/strong> 12 bis 14 Jahre<br \/>\n<img decoding=\"async\" alt=\"check\" src=\"https:\/\/tierisch-verliebt.de\/magazin\/wp-content\/uploads\/2019\/06\/check-icon-16.png\"> <strong>Gewicht:<\/strong> 20 bis 30 kg<br \/>\n<img decoding=\"async\" alt=\"check\" src=\"https:\/\/tierisch-verliebt.de\/magazin\/wp-content\/uploads\/2019\/06\/check-icon-16.png\"> <strong>Widerristh\u00f6he:<\/strong> 56 bis 66 cm<br \/>\n<img decoding=\"async\" alt=\"check\" src=\"https:\/\/tierisch-verliebt.de\/magazin\/wp-content\/uploads\/2019\/06\/check-icon-16.png\"> <strong>Charakter:<\/strong> nh\u00e4nglich, treu, aktiv, lernf\u00e4hig<br \/>\n<img decoding=\"async\" alt=\"check\" src=\"https:\/\/tierisch-verliebt.de\/magazin\/wp-content\/uploads\/2019\/06\/check-icon-16.png\"> <strong>Farben:<\/strong> bernsteinfarben, rot, grau mit schwarzen Spitzen<br \/>\n<img decoding=\"async\" alt=\"check\" src=\"https:\/\/tierisch-verliebt.de\/magazin\/wp-content\/uploads\/2019\/06\/check-icon-16.png\"> <strong>FCI-Gruppe:<\/strong> <a href=\"https:\/\/tierisch-verliebt.de\/magazin\/fci-gruppen\/\">FCI-Gruppe 1<\/a><br \/>\n<img decoding=\"async\" alt=\"check\" src=\"https:\/\/tierisch-verliebt.de\/magazin\/wp-content\/uploads\/2019\/06\/check-icon-16.png\"> <strong>Kosten:<\/strong> Zwischen 800 &amp; 1.500 Euro<\/p>\n<p><img decoding=\"async\" class=\"alignnone size-large wp-image-2316\" src=\"https:\/\/tierisch-verliebt.de\/magazin\/wp-content\/uploads\/2023\/08\/Malinois-1-1024x722.jpg\" alt=\"Malinois\" width=\"910\" height=\"642\" srcset=\"https:\/\/tierisch-verliebt.de\/magazin\/wp-content\/uploads\/2023\/08\/Malinois-1-1024x722.jpg 1024w, https:\/\/tierisch-verliebt.de\/magazin\/wp-content\/uploads\/2023\/08\/Malinois-1-300x211.jpg 300w, https:\/\/tierisch-verliebt.de\/magazin\/wp-content\/uploads\/2023\/08\/Malinois-1-768x541.jpg 768w, https:\/\/tierisch-verliebt.de\/magazin\/wp-content\/uploads\/2023\/08\/Malinois-1.jpg 1280w\" sizes=\"(max-width: 910px) 100vw, 910px\" \/><\/p>\n<h2>Der Charakter dieser Hunderasse<\/h2>\n<p>Malinois sind besonders f\u00fcr erfahrene Hundebesitzer gut geeignet, denn die Hunde sind motiviert und lernwillig. Sie m\u00f6chten gef\u00f6rdert werden. Malinois nehmen ihre Aufgaben ernst und geben enorm viel Einsatzbereitschaft. F\u00fchlen sie sich unterfordert, dann suchen sie sich selbst Aufgaben. Ihre Besitzer sollten Ihnen beibringen, dass es auch Ruhepausen gibt.<\/p>\n<p>Fremden gegen\u00fcber sind die Hunde eher skeptisch. Sie verteidigen ihr Zuhause und ihre Besitzer bestimmt und unerschrocken. Gerade bei Welpen sollte man den Wachinstinkt nicht f\u00f6rdern, denn ein ausgewachsener Malinois k\u00f6nnte beginnen seine Menschen in unerw\u00fcnschten Situationen sch\u00fctzen zu wollen. Ihren Besitzern gegen\u00fcber sind die Hunde treu und anh\u00e4nglich. Sie geben alles daf\u00fcr, es ihren Menschen Recht zu machen.<\/p>\n<p><img decoding=\"async\" class=\"alignnone size-large wp-image-2317\" src=\"https:\/\/tierisch-verliebt.de\/magazin\/wp-content\/uploads\/2023\/08\/Malinois-2-1024x678.jpg\" alt=\"Malinois\" width=\"910\" height=\"603\" srcset=\"https:\/\/tierisch-verliebt.de\/magazin\/wp-content\/uploads\/2023\/08\/Malinois-2-1024x678.jpg 1024w, https:\/\/tierisch-verliebt.de\/magazin\/wp-content\/uploads\/2023\/08\/Malinois-2-300x199.jpg 300w, https:\/\/tierisch-verliebt.de\/magazin\/wp-content\/uploads\/2023\/08\/Malinois-2-768x509.jpg 768w, https:\/\/tierisch-verliebt.de\/magazin\/wp-content\/uploads\/2023\/08\/Malinois-2.jpg 1280w\" sizes=\"(max-width: 910px) 100vw, 910px\" \/><\/p>\n<h2>Herkunft &amp; Geschichte der Hunderasse<\/h2>\n<p>Der Belgische Sch\u00e4ferhund ist einer von vier Hunderassen: Laekenois, Tervueren, Groenendael und Malinois. Sie unterschieden sich grunds\u00e4tzlich nur in ihrem \u00c4u\u00dferen und wurden als Arbeitshunde gez\u00fcchtet. Da es keine einheitlichen Sch\u00e4ferhund-Typen in Belgien gab, dokumentierte ein Professor des belgischen Instituts f\u00fcr Tiermedizin zum Ende des 19. Jahrhunderts die Standards f\u00fcr die unterschiedlichen Variet\u00e4ten belgischer Sch\u00e4ferhunde. Der gr\u00f6\u00dfte Unterschied aller vier Arten liegt im <a href=\"https:\/\/tierisch-verliebt.de\/magazin\/pflege-von-fell-und-zaehnen-des-hundes\/\">Fell<\/a>.<\/p>\n<p>Durch eine strenge Selektion in der Zucht entwickelten sich schnell und erfolgreich rassereine Arten. Dabei hebt sich der Malinois besonders mit seiner Beweglichkeit, seiner Ausdauer und seiner \u00fcbersprudelnden Motivation hervor. Er wurde rasch zu einem der beliebtesten Dienst- und Sporthunde \u00fcberhaupt. Sein Name ist auf die Stadt Malines zur\u00fcckzuf\u00fchren, in der die Rasse urspr\u00fcnglich am verbreitetsten war.<\/p>\n<h2>Welche \u00dcberlegungen sollten vor der Anschaffung stattfinden<\/h2>\n<p>Bevor man sich einen Hund anschafft, sollte man sicher sein, dass diese neuen Lebensumst\u00e4nde ein hohes Verantwortungsbewusstsein verlangen. Der Malinois ist nicht als Mitl\u00e4ufer in einer Familie geeignet. Er ben\u00f6tigt viel Auslauf und m\u00f6chte t\u00e4glich mehrere Stunden geistig gef\u00f6rdert werden. Mit ein wenig Training wird der Malinois zu einem guten Familienhund, denn er liebt das gemeinsame Familienleben und die Zusammenarbeit mit Menschen.<\/p>\n<p>Auch mit Kindern kommen die treuen, verschmusten Hunde gut aus. Doch f\u00fcr alle Tiere wird Zeit und Geduld ben\u00f6tigt, um eine gute <a href=\"https:\/\/tierisch-verliebt.de\/magazin\/hunderziehung-grundlegendes\/\">Erziehung<\/a> zu erzielen. Als reiner Zwingerhund ist diese Rasse absolut unterfordert. Die aktiven Tiere sollten auch nicht als Wohnungshunde in Erw\u00e4gung gezogen werden. Ein Vorteil der Rasse ist das pflegeleichte Fell, welches nur einmal die Woche geb\u00fcrstet werden muss.<\/p>\n<p>Die Preise der <a href=\"https:\/\/tierisch-verliebt.de\/magazin\/belgischer-schaeferhund\/\">Belgischen Sch\u00e4ferhunde<\/a> variieren stark. Sie h\u00e4ngen davon ab ob die Hunde reinrassig, Welpen oder ausgewachsen sind. Bei einem seri\u00f6sen Z\u00fcchter kosten reinrassige Welpen zwischen 1.000 und 1.500 Euro. Glaubw\u00fcrdige Z\u00fcchter lassen die Welpen einige Gesundheitschecks und Impfungen durchlaufen, bevor sie die kleinen Fellnasen in die weite Welt hinausschicken. Wer die Tierzucht nicht unterst\u00fctzen m\u00f6chte, kann sich auch beim Tierschutz nach einem Malinois umsehen. Hierbei zahlt man nur eine kleine Schutzgeb\u00fchr und schenkt gleichzeitig einem einsamen Tier ein neues Heim.<\/p>\n<p>Dadurch, dass der Belgische Sch\u00e4ferhund in Deutschland gar nicht so weit verbreitet ist, sind auch weniger rassespezifische Krankheiten zu bef\u00fcrchten. Grunds\u00e4tzlich gelten die Hunde als robust. Doch wie bei allen anderen Hundearten kann es zu schwerwiegenden Augenerkrankungen kommen und in seltenen F\u00e4llen zu H\u00fcftgelenksdysplasien, welche die Bewegung einschr\u00e4nken. Diese Krankheiten sind jedoch bei vielen Hunderassen dieser Gr\u00f6\u00dfe anzutreffen und kein Grund zur Sorge. Wenn man seinen Hund gr\u00fcndlich beobachtet und pflegt kann man die meisten Krankheiten bereits fr\u00fchzeitig erkennen und behandeln.<\/p>\n<p><img decoding=\"async\" class=\"alignnone size-large wp-image-2318\" src=\"https:\/\/tierisch-verliebt.de\/magazin\/wp-content\/uploads\/2023\/08\/Malinois-3-1024x494.jpg\" alt=\"Malinois\" width=\"910\" height=\"439\" srcset=\"https:\/\/tierisch-verliebt.de\/magazin\/wp-content\/uploads\/2023\/08\/Malinois-3-1024x494.jpg 1024w, https:\/\/tierisch-verliebt.de\/magazin\/wp-content\/uploads\/2023\/08\/Malinois-3-300x145.jpg 300w, https:\/\/tierisch-verliebt.de\/magazin\/wp-content\/uploads\/2023\/08\/Malinois-3-768x371.jpg 768w, https:\/\/tierisch-verliebt.de\/magazin\/wp-content\/uploads\/2023\/08\/Malinois-3.jpg 1280w\" sizes=\"(max-width: 910px) 100vw, 910px\" \/><\/p>\n<h2>Geeignete Aktivit\u00e4ten<\/h2>\n<p>Malinois schmusen zwar gerne, doch sie ben\u00f6tigen t\u00e4glich eine gro\u00dfe Portion Sport und Auslauf. In fast allen Bereichen des Hundesports stellt sich die Rasse als durchgehend begabt heraus. Auch bei Wettbewerben erzielen sie gro\u00dfe Erfolge. Polizei und Zoll bilden die Hunde sehr gern zu Rettung- und Diensthunden aus.<\/p>\n<p>In &#8220;Agility&#8221; kann der Malinois sein k\u00f6nnen beweisen. Hierbei handelt es sich um einen Parcours, den der Hund in einer festgelegten Reihenfolge mit verschiedenen Hindernissen zu bew\u00e4ltigen hat. Beim &#8220;Obedience&#8221; (engl. Gehorsam) wird die Beziehung zwischen Mensch und Hund gest\u00e4rkt. Die Hundesportart verlangt eine exakte und schnelle Ausf\u00fchrung der \u00dcbungen. Kaum ein anderer Hund kann den Malinois in Sachen Schnelligkeit, Ausdauer, Intelligenz und Beweglichkeit das Wasser reichen. Auch ihre Sprungkraft ist beeindruckend. Ohne hohen Aufwand k\u00f6nnen die Tiere eine Steilwand von bis zu 2,50 m \u00fcberwinden.<\/p>\n<h2>Rassemerkmale<\/h2>\n<p>Der Malinois ist ein mittelgro\u00dfer, kurzhaariger Hund. H\u00fcndinnen erreichen eine Widerristh\u00f6he zwischen 56 &#8211; 61 cm. Ausgewachsene R\u00fcden sind mit 61 &#8211; 66 cm ein ganzes St\u00fcck h\u00f6her. Ihr K\u00f6rperbau ist kompakt und doch etwas schmaler als beim Deutschen Sch\u00e4ferhund. M\u00e4nnliche Hunde erreichen ein Normalgewicht zwischen 29 &#8211; 34 kg. Weibliche Malinois wiegen zwischen 25 &#8211; 30 kg. Das pflegeleichte Fell kann bernsteinfarben, rot oder grau werden. Dabei sind die Fellspitzen immer dunkelbraun bis schwarz. Auch die Rute ist dunkler.<\/p>\n<h2>Die geeignete Ern\u00e4hrung f\u00fcr Malinois<\/h2>\n<p>Malinois haben einen gro\u00dfen Appetit. Der Energiebedarf kann sich je nach Alter, Gewicht und Aktivit\u00e4t unterscheiden. Eine pauschale <a href=\"https:\/\/tierisch-verliebt.de\/magazin\/havaneser-ernaehrung\/\">Ern\u00e4hrung<\/a> f\u00fcr alle Hunde gibt es leider nicht. Grunds\u00e4tzlich ist eine ausgewogene und gesunde Ern\u00e4hrung, mit dem Fokus auf Mineralstoffe und Vitamine, zu empfehlen.<\/p>\n<p>Bei einem ausgewachsenen Hund kann man sich an die grobe Regel halten das, dass Futter etwa zu 75 Prozent aus Fleisch bestehen sollte. Ein weiterer Bestandteil ist <a href=\"https:\/\/tierisch-verliebt.de\/magazin\/obst-und-gemuese-die-die-hunde-essen\/\">Gem\u00fcse<\/a>. Kohlenhydrate, s\u00fc\u00dfes Obst und zu viel Getreide d\u00fcrfen vermieden werden.<\/p>\n<p><img decoding=\"async\" class=\"alignnone wp-image-3019\" src=\"https:\/\/tierisch-verliebt.de\/magazin\/wp-content\/uploads\/2025\/02\/ernaehrung-Belgian-Malinois.webp\" alt=\"ernaehrung-Malinois\" width=\"599\" height=\"599\" srcset=\"https:\/\/tierisch-verliebt.de\/magazin\/wp-content\/uploads\/2025\/02\/ernaehrung-Belgian-Malinois.webp 1024w, https:\/\/tierisch-verliebt.de\/magazin\/wp-content\/uploads\/2025\/02\/ernaehrung-Belgian-Malinois-300x300.webp 300w, https:\/\/tierisch-verliebt.de\/magazin\/wp-content\/uploads\/2025\/02\/ernaehrung-Belgian-Malinois-150x150.webp 150w, https:\/\/tierisch-verliebt.de\/magazin\/wp-content\/uploads\/2025\/02\/ernaehrung-Belgian-Malinois-768x768.webp 768w\" sizes=\"(max-width: 599px) 100vw, 599px\" \/><\/p>\n<h2>FAQ<\/h2>\n<h3>Bellt ein Malinois viel?<\/h3>\n<p>Ja, der Malinois kann dazu neigen, viel zu bellen, wenn er nicht richtig ausgelastet oder erzogen wird.<br \/>\nDiese Rasse ist wachsam, intelligent und arbeitsfreudig, weshalb sie oft als Schutz- und Polizeihund eingesetzt wird. Ihr Bellverhalten h\u00e4ngt stark von Erziehung, Besch\u00e4ftigung und Umgebung ab.<\/p>\n<h3>Wie lange kann ein Malinois alleine bleiben?<\/h3>\n<p>Ein Malinois kann bis zu 4\u20136 Stunden alleine bleiben, aber nur mit der richtigen Gew\u00f6hnung und Vorbereitung.<br \/>\nDiese Rasse ist sehr menschenbezogen und hat einen starken Arbeits- &amp; Besch\u00e4ftigungstrieb. Wenn er nicht ausreichend k\u00f6rperlich und geistig ausgelastet wird, kann er unter Trennungsangst leiden oder unerw\u00fcnschtes Verhalten (z. B. Bellen, Zerst\u00f6ren) entwickeln.<\/p>\n<h3>Ist der Malinois f\u00fcr Allergiker geeignet?<\/h3>\n<p>Nein, der Malinois ist nicht ideal f\u00fcr Allergiker.<br \/>\nObwohl er ein kurzes Fell mit wenig Unterwolle hat, verliert er ganzj\u00e4hrig Haare und produziert Hautschuppen (Dander), Speichel und andere potenzielle Allergene, die allergische Reaktionen ausl\u00f6sen k\u00f6nnen.<\/p>\n<h3>Vertr\u00e4gt sich der Malinois <span id=\"Vertragt_sich_der_Leonberger_mit_anderen_Haustieren\">mit anderen Haustieren?<\/span><\/h3>\n<p>Ja, aber nur mit der richtigen Sozialisierung und Erziehung.<br \/>\nDer Malinois ist ein sehr intelligenter, energiegeladener und territorialer Hund, der einen ausgepr\u00e4gten Schutz- und Jagdinstinkt haben kann. Ob er sich mit anderen Haustieren versteht, h\u00e4ngt stark von fr\u00fcher Sozialisierung, Training und individueller Pers\u00f6nlichkeit ab.<\/p>\n<h3>Sind Malinois wetterempfindlich?<\/h3>\n<p>Nein, Malinois sind generell nicht besonders wetterempfindlich, aber sie haben gewisse Grenzen, da sie ein kurzes Fell ohne dichte Unterwolle besitzen. Ihr sehr aktives Wesen hilft ihnen jedoch, sich auch bei schlechtem Wetter gut zu bewegen und warm zu bleiben.<\/p>\n<p>&nbsp;<\/p>\n<p>&nbsp;<\/p>\n","protected":false},"excerpt":{"rendered":"<p>Der Malinois wird oft mit dem Deutschen Sch\u00e4ferhund verwechselt. Doch sein K\u00f6rperbau ist deutlich graziler und sein Gesicht feiner. Seine<\/p>\n","protected":false},"author":2,"featured_media":584,"parent":0,"menu_order":0,"comment_status":"closed","ping_status":"closed","template":"","meta":{"ngg_post_thumbnail":0,"footnotes":""},"class_list":["post-583","page","type-page","status-publish","has-post-thumbnail","hentry","comments-off"],"aioseo_notices":[],"_links":{"self":[{"href":"https:\/\/tierisch-verliebt.de\/magazin\/wp-json\/wp\/v2\/pages\/583","targetHints":{"allow":["GET"]}}],"collection":[{"href":"https:\/\/tierisch-verliebt.de\/magazin\/wp-json\/wp\/v2\/pages"}],"about":[{"href":"https:\/\/tierisch-verliebt.de\/magazin\/wp-json\/wp\/v2\/types\/page"}],"author":[{"embeddable":true,"href":"https:\/\/tierisch-verliebt.de\/magazin\/wp-json\/wp\/v2\/users\/2"}],"replies":[{"embeddable":true,"href":"https:\/\/tierisch-verliebt.de\/magazin\/wp-json\/wp\/v2\/comments?post=583"}],"version-history":[{"count":5,"href":"https:\/\/tierisch-verliebt.de\/magazin\/wp-json\/wp\/v2\/pages\/583\/revisions"}],"predecessor-version":[{"id":3148,"href":"https:\/\/tierisch-verliebt.de\/magazin\/wp-json\/wp\/v2\/pages\/583\/revisions\/3148"}],"wp:featuredmedia":[{"embeddable":true,"href":"https:\/\/tierisch-verliebt.de\/magazin\/wp-json\/wp\/v2\/media\/584"}],"wp:attachment":[{"href":"https:\/\/tierisch-verliebt.de\/magazin\/wp-json\/wp\/v2\/media?parent=583"}],"curies":[{"name":"wp","href":"https:\/\/api.w.org\/{rel}","templated":true}]}}