{"id":577,"date":"2019-11-09T17:06:17","date_gmt":"2019-11-09T16:06:17","guid":{"rendered":"https:\/\/tierisch-verliebt.de\/magazin\/?page_id=577"},"modified":"2025-02-21T23:14:28","modified_gmt":"2025-02-21T22:14:28","slug":"bolonka-zwetna","status":"publish","type":"page","link":"https:\/\/tierisch-verliebt.de\/magazin\/bolonka-zwetna\/","title":{"rendered":"Bolonka Zwetna \u2013 Das Portrait"},"content":{"rendered":"<p>Bolonka hei\u00dft Scho\u00dfhund auf Russisch. Zwetna bedeutet farbig. Das farbige Scho\u00dfh\u00fcndchen aus Russland wirkt mit seinem Wuschelhaar besonders niedlich. Auch Zarenhund genannt war der kleine Hund bereits am Zarenhof beliebt. Die russischen Scho\u00dfh\u00fcndchen bestechen durch ihr fr\u00f6hliches und ausgeglichenes Wesen. Das Portrait der russischen Scho\u00dfhunden &#8211; beliebt als verschmuste und anh\u00e4ngliche Familienmitglieder. Auch wenn der Bolonka Zwetna klein ist, so ist er doch ein ganzer Hund!<\/p>\n\n<h2>Steckbrief<\/h2>\n<p><img decoding=\"async\" alt=\"check\" src=\"https:\/\/tierisch-verliebt.de\/magazin\/wp-content\/uploads\/2019\/06\/check-icon-16.png\"> <strong>Lebenserwartung:<\/strong> 9 bis 15 Jahre<br \/>\n<img decoding=\"async\" alt=\"check\" src=\"https:\/\/tierisch-verliebt.de\/magazin\/wp-content\/uploads\/2019\/06\/check-icon-16.png\"> <strong>Gewicht:<\/strong> 3 bis 4 kg<br \/>\n<img decoding=\"async\" alt=\"check\" src=\"https:\/\/tierisch-verliebt.de\/magazin\/wp-content\/uploads\/2019\/06\/check-icon-16.png\"> <strong>Widerristh\u00f6he:<\/strong> 24 bis 26 cm<br \/>\n<img decoding=\"async\" alt=\"check\" src=\"https:\/\/tierisch-verliebt.de\/magazin\/wp-content\/uploads\/2019\/06\/check-icon-16.png\"> <strong>Charakter:<\/strong> fr\u00f6hlich, verspielt, ausgeglichen, anh\u00e4nglich<br \/>\n<img decoding=\"async\" alt=\"check\" src=\"https:\/\/tierisch-verliebt.de\/magazin\/wp-content\/uploads\/2019\/06\/check-icon-16.png\"> <strong>Farben:<\/strong> einfarbig, zweifarbig, dreifarbig, kein reines Wei\u00df<br \/>\n<img decoding=\"async\" alt=\"check\" src=\"https:\/\/tierisch-verliebt.de\/magazin\/wp-content\/uploads\/2019\/06\/check-icon-16.png\"> <strong>FCI-Gruppe:<\/strong> <a href=\"https:\/\/tierisch-verliebt.de\/magazin\/fci-gruppen\/\">FCI-Gruppe 9<\/a> nicht von der FCI anerkannt, vom VDH anerkannt<br \/>\n<img decoding=\"async\" alt=\"check\" src=\"https:\/\/tierisch-verliebt.de\/magazin\/wp-content\/uploads\/2019\/06\/check-icon-16.png\"> <strong>Kosten:<\/strong> Zwischen 1.000 &amp; 1.500 Euro<\/p>\n<h2>Wesen und Charakter der Bolonka Zwetna<\/h2>\n<p>Das Portr\u00e4t des Bolonka Zwetna beschreibt eine charmante und fr\u00f6hliche Hunderasse, die mit ihrem freundlichen Wesen, ihrer Anpassungsf\u00e4higkeit und ihrem liebevollen Charakter begeistert. Beim Bolonka Zwetna handelt es sich um eine besonders vertr\u00e4gliche Hunderasse. Der Bolonka hat ein ausgeglichenes, lebhaftes und gutm\u00fctiges Wesen. Er ist verspielt und lernwillig.<\/p>\n<p>Seine Erziehung bereitet keine Probleme. Ein Hund dieser Rasse neigt nicht zum Kl\u00e4ffen. Zudem besitzt er keinen Jagd- oder H\u00fctetrieb. Ein Bolonka ist sehr anh\u00e4nglich. Deshalb bleibt er nur ungern allein. Weil er so klein ist, k\u00f6nnen seine Halter ihn aber fast \u00fcberallhin mitnehmen. Er kann Herrchen und Frauchen gut ins B\u00fcro oder in den Urlaub begleiten.<\/p>\n<p>Die Hunderasse ist auch f\u00fcr Stadtwohnungen geeignet. Das Zarenh\u00fcndchen passt sich sehr gut an seine Menschen und seine Umgebung an. Stets sucht es die N\u00e4he seiner Bezugspersonen. Der kleine Bolonka braucht viel Beachtung, Streicheleinheiten und liebevollen Zuspruch. Der s\u00fc\u00dfe Scho\u00dfhund sollte allerdings nicht untersch\u00e4tzt werden. Er ist ein Kraftpaket in Miniformat: sehr ausdauernd und robust. Deshalb genie\u00dft er ausgedehnte Spazierg\u00e4nge sehr und wei\u00df auch einen eigenen Garten zu sch\u00e4tzen.<\/p>\n<h2><img decoding=\"async\" class=\"alignnone size-large wp-image-2033\" src=\"https:\/\/tierisch-verliebt.de\/magazin\/wp-content\/uploads\/2023\/05\/Bolonka-3-1024x767.jpg\" alt=\"Bolonka\" width=\"910\" height=\"682\" srcset=\"https:\/\/tierisch-verliebt.de\/magazin\/wp-content\/uploads\/2023\/05\/Bolonka-3-1024x767.jpg 1024w, https:\/\/tierisch-verliebt.de\/magazin\/wp-content\/uploads\/2023\/05\/Bolonka-3-300x225.jpg 300w, https:\/\/tierisch-verliebt.de\/magazin\/wp-content\/uploads\/2023\/05\/Bolonka-3-768x576.jpg 768w, https:\/\/tierisch-verliebt.de\/magazin\/wp-content\/uploads\/2023\/05\/Bolonka-3-1536x1151.jpg 1536w, https:\/\/tierisch-verliebt.de\/magazin\/wp-content\/uploads\/2023\/05\/Bolonka-3-600x450.jpg 600w, https:\/\/tierisch-verliebt.de\/magazin\/wp-content\/uploads\/2023\/05\/Bolonka-3.jpg 1920w\" sizes=\"(max-width: 910px) 100vw, 910px\" \/><\/h2>\n<h2>Herkunft und Geschichte des Zarenh\u00fcndchens<\/h2>\n<p>Die possierliche Hunderasse stammt aus Russland. Der Bolonka Zwetna war einst der Liebling russischer Adelsdamen am Zarenhof. Sein Name verr\u00e4t, zu welchem Zweck er gez\u00fcchtet wurde: Der Adel w\u00fcnschte sich einen kleinen, vertr\u00e4glichen Scho\u00dfhund. Aber eigentlich begann die Geschichte des Bolonka schon in Frankreich. Dort hielt sich der franz\u00f6sische Adel kleine wei\u00dfe Scho\u00dfhunde. Im 18. Jahrhundert wurden Scho\u00dfh\u00fcndchen als Gastgeschenke nach Russland an den Zarenhof gebracht. So kam auch Katharina die Gro\u00dfe zu ihren Luxusscho\u00dfh\u00fcndchen.<\/p>\n<p>Zun\u00e4chst handelte es sich noch um den rein wei\u00dfen Bolonka Franzuska. Durch russische Zucht entstanden farbige Bolonkas. Dabei wurden andere Kleinhunderassen wie Shi Tzu, Lhasa Apso, Pekinese und Bologneser eingekreuzt. In Russland wurden sie Tsvetnaya Bolonka genannt. In Deutschland bekamen die H\u00fcndchen sp\u00e4ter den Namen Bolonka Zwetna.<\/p>\n<h2>\u00dcberlegungen vor der Anschaffung<\/h2>\n<p>Die Anschaffung eines Bolonka Zwetna sollte wie bei jedem Haustier wohl\u00fcberlegt sein. Der Hund bzw. die Hunderasse muss zum jeweiligen Menschen oder der jeweiligen Familie passen. Auch wenn es sich um ein Scho\u00dfh\u00fcndchen handelt, stellt der kleine Vierbeiner doch einige Anspr\u00fcche. Besitzer eines Bolonka Zwetna tragen rund 15 Jahre Verantwortung. Vor der Entscheidung f\u00fcr einen Bolonka sollten die Halter einige Aspekte bedenken: Ein Welpe von einem seri\u00f6sen Z\u00fcchter kostet 1.000 bis 1.500 Euro.<\/p>\n<p>Das Fell des bunten Scho\u00dfh\u00fcndchens ist pflegeintensiver als das anderer Hunderassen. Es muss jeden zweiten Tag gr\u00fcndlich geb\u00fcrstet werden. Kleine Knoten im Hundehaar m\u00fcssen sofort gel\u00f6st werden. Ansonsten verfilzt das Fell sehr schnell. Zus\u00e4tzlich sollte diese Hunderasse mindestens zweimal im Jahr zum Hundefriseur. Zudem ist ein Bolonka sehr anh\u00e4nglich. Er bleibt gar nicht gerne allein zuhause.<\/p>\n<p>Wie bei allen Rassehunden treten beim Zarenh\u00fcndchen h\u00e4ufiger rassetypische Krankheiten auf. Das sind die Patellaluxation, die H\u00fcftgelenkdysplasie und die Progressive Retinaatrophie. Die Patellaluxation ist eine Ausrenkung der Kniescheibe. Bei der H\u00fcftgelenkdysplasie sitzt der Oberschenkelkopf nicht richtig in der Gelenkpfanne. Es entstehen Reibungen, die Entz\u00fcndungen verursachen. Die Progressive Retinaatrophie ist eine Augenkrankheit, die oft zur Erblindung f\u00fchrt.<\/p>\n<h2><img decoding=\"async\" class=\"alignnone size-large wp-image-2034\" src=\"https:\/\/tierisch-verliebt.de\/magazin\/wp-content\/uploads\/2023\/05\/Bolonka-2-1024x683.jpg\" alt=\"Bolonka\" width=\"910\" height=\"607\" srcset=\"https:\/\/tierisch-verliebt.de\/magazin\/wp-content\/uploads\/2023\/05\/Bolonka-2-1024x683.jpg 1024w, https:\/\/tierisch-verliebt.de\/magazin\/wp-content\/uploads\/2023\/05\/Bolonka-2-300x200.jpg 300w, https:\/\/tierisch-verliebt.de\/magazin\/wp-content\/uploads\/2023\/05\/Bolonka-2-768x512.jpg 768w, https:\/\/tierisch-verliebt.de\/magazin\/wp-content\/uploads\/2023\/05\/Bolonka-2-1536x1024.jpg 1536w, https:\/\/tierisch-verliebt.de\/magazin\/wp-content\/uploads\/2023\/05\/Bolonka-2.jpg 1920w\" sizes=\"(max-width: 910px) 100vw, 910px\" \/><\/h2>\n<h2>Aktivit\u00e4ten mit dem russischen Scho\u00dfhund<\/h2>\n<p>Im Vergleich zu anderen Hunderassen hat der Bolonka Zwetna einen mittleren Aktivit\u00e4tsbedarf. Der verschmuste Scho\u00dfhund m\u00f6chte nicht nur auf dem Sofa liegen. Er braucht t\u00e4glich ausreichend Auslauf und m\u00f6chte bespa\u00dft werden. Ein Zarenh\u00fcndchen verlangt nach Abwechslung und Aufmerksamkeit. Das lebhafte H\u00fcndchen liebt es zu spielen. Agility und Dogdancing sind durchaus geeignete Hundesportarten f\u00fcr einen Bolonka. Es ist gut, wenn er nicht nur Bewegung, sondern auch geistige Besch\u00e4ftigung bekommt. Der Besuch einer Hundeschule, Welpengruppe oder Hundespielgruppe bietet sich an.<\/p>\n<h2>Rassemerkmale<\/h2>\n<p>Der K\u00f6rperbau des Bolonka Zwetna ist der eines idealen Scho\u00dfh\u00fcndchens: klein, leicht, kompakt. Sein R\u00fccken soll gerade sein. Die Rute sollte er aufrecht tragen. Sein Fell ist lang und gewellt oder lockig. Erlaubt ist jede Fellfarbe, nur kein reines Wei\u00df. Ein Bolonka haart wenig bis gar nicht. Er hat einen gerundeten, mittelgro\u00dfen Kopf. Seine Augen sind rundlich, mittelgro\u00df und gerade angesetzt. Seine mittelgro\u00dfen Ohren sind etwas hoch angesetzt. Der Bolonka Zwetna ist in Russland eine anerkannte Hunderasse. In Deutschland wird er vom VDH (Verband f\u00fcr das Deutsche Hundewesen) seit 2011 anerkannt, vom FCI (F\u00e9d\u00e9ration Cynologique Internationale) bisher noch nicht.<\/p>\n<h2><img decoding=\"async\" class=\"alignnone size-large wp-image-2035\" src=\"https:\/\/tierisch-verliebt.de\/magazin\/wp-content\/uploads\/2023\/05\/Bolonka-1-1024x640.jpg\" alt=\"Bolonka\" width=\"910\" height=\"569\" srcset=\"https:\/\/tierisch-verliebt.de\/magazin\/wp-content\/uploads\/2023\/05\/Bolonka-1-1024x640.jpg 1024w, https:\/\/tierisch-verliebt.de\/magazin\/wp-content\/uploads\/2023\/05\/Bolonka-1-300x188.jpg 300w, https:\/\/tierisch-verliebt.de\/magazin\/wp-content\/uploads\/2023\/05\/Bolonka-1-768x480.jpg 768w, https:\/\/tierisch-verliebt.de\/magazin\/wp-content\/uploads\/2023\/05\/Bolonka-1-1536x960.jpg 1536w, https:\/\/tierisch-verliebt.de\/magazin\/wp-content\/uploads\/2023\/05\/Bolonka-1.jpg 1920w\" sizes=\"(max-width: 910px) 100vw, 910px\" \/><\/h2>\n<h2>Die geeignete Ern\u00e4hrung f\u00fcr diese Hunderasse<\/h2>\n<p>Zun\u00e4chst sollte f\u00fcr einen Bolonka wie f\u00fcr alle Hunde immer frisches Trinkwasser bereitstehen. Was sein Futter betrifft, stellt das Zarenh\u00fcndchen keine besonderen Anspr\u00fcche. Seine Ern\u00e4hrung sollte jedoch vollwertig sein. Empfehlenswert ist Hundefutter mit einem hohen Fleischanteil, welches mit Gem\u00fcse kombiniert wird. Letztendlich entscheidet der Hundehalter, ob er lieber Fertigfutter oder frisches Futter gibt. Beim Fertigfutter kann er zwischen Trocken- oder Nassfutter w\u00e4hlen. M\u00f6chte er das Hundefutter lieber selbst zubereiten, kann er f\u00fcr seinen Bolonka kochen. Oder er kann rohes Fleisch mit Gem\u00fcse geben (\u201ebarfen\u201c).<\/p>\n<p>Tipps zur Ern\u00e4hrung geben auch Z\u00fcchter und Tierarzt. Bolonkawelpen sollten anfangs das gleiche Futter bekommen wie beim Z\u00fcchter. Pl\u00f6tzliche Futterumstellungen vertragen Welpen schlecht. Beim Bolonka Zwetna ist es besser, mehrmals t\u00e4glich kleine Portionen zu f\u00fcttern. Das ist f\u00fcr Kleinhunderassen bek\u00f6mmlicher als nur eine gro\u00dfe Ration am Tag.<\/p>\n<p>Leckerchen sollte der kleine Scho\u00dfhund nur in Ma\u00dfen bekommen. Sie m\u00fcssen entsprechend der Gr\u00f6\u00dfe des H\u00fcndchens kleiner ausfallen. Andernfalls leidet er rasch an \u00dcbergewicht. Speisen, die Menschen gerne essen, geh\u00f6ren nicht in den Futternapf. F\u00fcr Menschen vertr\u00e4gliche Nahrungsmittel k\u00f6nnen der Gesundheit des Scho\u00dfh\u00fcndchens schaden.<\/p>\n<p><img decoding=\"async\" class=\"alignnone wp-image-2733\" src=\"https:\/\/tierisch-verliebt.de\/magazin\/wp-content\/uploads\/2024\/09\/bolonka-zwetna-essen.webp\" alt=\"bolonka-zwetna-essen\" width=\"600\" height=\"600\" srcset=\"https:\/\/tierisch-verliebt.de\/magazin\/wp-content\/uploads\/2024\/09\/bolonka-zwetna-essen.webp 1024w, https:\/\/tierisch-verliebt.de\/magazin\/wp-content\/uploads\/2024\/09\/bolonka-zwetna-essen-300x300.webp 300w, https:\/\/tierisch-verliebt.de\/magazin\/wp-content\/uploads\/2024\/09\/bolonka-zwetna-essen-150x150.webp 150w, https:\/\/tierisch-verliebt.de\/magazin\/wp-content\/uploads\/2024\/09\/bolonka-zwetna-essen-768x768.webp 768w\" sizes=\"(max-width: 600px) 100vw, 600px\" \/><\/p>\n<h2>FAQ<\/h2>\n<p><strong>Wie pflegeintensiv ist das Fell des Bolonka Zwetna?<\/strong><\/p>\n<p>Das Fell des Bolonka Zwetna ist lang und seidig, was regelm\u00e4\u00dfiges B\u00fcrsten erfordert, um Verfilzungen zu vermeiden. Viele Besitzer lassen das Fell auch scheren, um die Pflege zu erleichtern.<\/p>\n<p><strong>Wie viel Bewegung braucht ein Bolonka Zwetna?<\/strong><\/p>\n<p>Obwohl der Bolonka Zwetna klein ist, ben\u00f6tigt er regelm\u00e4\u00dfige Bewegung. T\u00e4gliche Spazierg\u00e4nge und Spielzeiten sind ausreichend, um ihn gl\u00fccklich und gesund zu halten.<\/p>\n<p><strong>Ist der Bolonka Zwetna f\u00fcr Allergiker geeignet?<\/strong><\/p>\n<p>Ja, der Bolonka Zwetna verliert nur wenig Haare und wird oft als hypoallergene Rasse angesehen. Dies kann ihn zu einer guten Wahl f\u00fcr Menschen mit Allergien machen.<\/p>\n<p><strong>Wie verh\u00e4lt sich der Bolonka Zwetna gegen\u00fcber anderen Haustieren?<\/strong><\/p>\n<p>Bolonka Zwetnas sind sozial und kommen in der Regel gut mit anderen Haustieren aus, insbesondere wenn sie von klein auf sozialisiert wurden.<\/p>\n<p><strong>Wie alt wird ein Bolonka Zwetna?<\/strong><\/p>\n<p>Bolonka Zwetnas haben eine relativ lange Lebenserwartung und k\u00f6nnen oft 9 bis 15 Jahre alt werden.<\/p>\n","protected":false},"excerpt":{"rendered":"<p>Bolonka hei\u00dft Scho\u00dfhund auf Russisch. Zwetna bedeutet farbig. Das farbige Scho\u00dfh\u00fcndchen aus Russland wirkt mit seinem Wuschelhaar besonders niedlich. Auch<\/p>\n","protected":false},"author":2,"featured_media":579,"parent":0,"menu_order":0,"comment_status":"closed","ping_status":"closed","template":"","meta":{"ngg_post_thumbnail":0,"footnotes":""},"class_list":["post-577","page","type-page","status-publish","has-post-thumbnail","hentry","comments-off"],"aioseo_notices":[],"_links":{"self":[{"href":"https:\/\/tierisch-verliebt.de\/magazin\/wp-json\/wp\/v2\/pages\/577","targetHints":{"allow":["GET"]}}],"collection":[{"href":"https:\/\/tierisch-verliebt.de\/magazin\/wp-json\/wp\/v2\/pages"}],"about":[{"href":"https:\/\/tierisch-verliebt.de\/magazin\/wp-json\/wp\/v2\/types\/page"}],"author":[{"embeddable":true,"href":"https:\/\/tierisch-verliebt.de\/magazin\/wp-json\/wp\/v2\/users\/2"}],"replies":[{"embeddable":true,"href":"https:\/\/tierisch-verliebt.de\/magazin\/wp-json\/wp\/v2\/comments?post=577"}],"version-history":[{"count":5,"href":"https:\/\/tierisch-verliebt.de\/magazin\/wp-json\/wp\/v2\/pages\/577\/revisions"}],"predecessor-version":[{"id":3060,"href":"https:\/\/tierisch-verliebt.de\/magazin\/wp-json\/wp\/v2\/pages\/577\/revisions\/3060"}],"wp:featuredmedia":[{"embeddable":true,"href":"https:\/\/tierisch-verliebt.de\/magazin\/wp-json\/wp\/v2\/media\/579"}],"wp:attachment":[{"href":"https:\/\/tierisch-verliebt.de\/magazin\/wp-json\/wp\/v2\/media?parent=577"}],"curies":[{"name":"wp","href":"https:\/\/api.w.org\/{rel}","templated":true}]}}