{"id":572,"date":"2019-11-09T14:18:33","date_gmt":"2019-11-09T13:18:33","guid":{"rendered":"https:\/\/tierisch-verliebt.de\/magazin\/?page_id=572"},"modified":"2025-02-22T23:08:14","modified_gmt":"2025-02-22T22:08:14","slug":"irischer-wolfshund","status":"publish","type":"page","link":"https:\/\/tierisch-verliebt.de\/magazin\/irischer-wolfshund\/","title":{"rendered":"Irischer Wolfshund &#8211; Das Portrait"},"content":{"rendered":"<p>Der Irische Wolfshund oder Irish Wolfhound ist ein beeindruckendes Tier. Er z\u00e4hlt zu den gr\u00f6\u00dften und imposantesten Hunden der Welt, dabei ist er sehr sanftm\u00fctig und menschenbezogen, also ein riesiges Schmusetier und ein Traumhund. Er ist eine von der FCI anerkannte Rasse, die zur Gruppe der Windhunde geh\u00f6rt. Hier kann man das vollst\u00e4ndige Portrait dieser Hunderasse finden.<\/p>\n\n<h2>Irischer Wolfshunds Steckbrief<\/h2>\n<p><img decoding=\"async\" alt=\"check\" src=\"https:\/\/tierisch-verliebt.de\/magazin\/wp-content\/uploads\/2019\/06\/check-icon-16.png\"> <strong>Lebenserwartung:<\/strong> 6 bis 8 Jahre<br \/>\n<img decoding=\"async\" alt=\"check\" src=\"https:\/\/tierisch-verliebt.de\/magazin\/wp-content\/uploads\/2019\/06\/check-icon-16.png\"> <strong>Gewicht:<\/strong> 45 bis 60 kg<br \/>\n<img decoding=\"async\" alt=\"check\" src=\"https:\/\/tierisch-verliebt.de\/magazin\/wp-content\/uploads\/2019\/06\/check-icon-16.png\"> <strong>Widerristh\u00f6he:<\/strong> 75 bis 85 cm<br \/>\n<img decoding=\"async\" alt=\"check\" src=\"https:\/\/tierisch-verliebt.de\/magazin\/wp-content\/uploads\/2019\/06\/check-icon-16.png\"> <strong>Charakter:<\/strong> wachsam, gutm\u00fctig, sensibel, anh\u00e4nglich, ruhig<br \/>\n<img decoding=\"async\" alt=\"check\" src=\"https:\/\/tierisch-verliebt.de\/magazin\/wp-content\/uploads\/2019\/06\/check-icon-16.png\"> <strong>Farben:<\/strong> grau, gestromt, schwarz, wei\u00df, rot, rehbraun<br \/>\n<img decoding=\"async\" alt=\"check\" src=\"https:\/\/tierisch-verliebt.de\/magazin\/wp-content\/uploads\/2019\/06\/check-icon-16.png\"> <strong>FCI-Gruppe:<\/strong> <a href=\"https:\/\/tierisch-verliebt.de\/magazin\/fci-gruppen\/\">FCI-Gruppe 10<\/a><br \/>\n<img decoding=\"async\" alt=\"check\" src=\"https:\/\/tierisch-verliebt.de\/magazin\/wp-content\/uploads\/2019\/06\/check-icon-16.png\"> <strong>Kosten:<\/strong> Zwischen 1.200 &amp; 2.000 Euro<\/p>\n<h2>Die Rassemerkmale<\/h2>\n<p>Der Irische Wolfshund wird durchschnittlich 75 bis 85 cm gro\u00df, wobei es auch Exemplare mit einer Widerristh\u00f6he von \u00fcber einem Meter gibt. Das Gewicht liegt zwischen 45 und 60 Kilogramm. Der K\u00f6rperbau des Irischen Wolfshundes ist muskul\u00f6s und schlank. Der Kopf ist schmal, die Schnauze lang, die nach hinten gefalteten Ohren (Rosenohren) sind klein, die Rute lang und gebogen. Das <a href=\"https:\/\/tierisch-verliebt.de\/magazin\/pflege-von-fell-und-zaehnen-des-hundes\/\">Fell<\/a> Irischer Wolfshunde ist rau, besonders am Kopf und den Beinen drahtig, dick und verh\u00e4ltnism\u00e4\u00dfig lang. G\u00e4ngige Fellfarben sind schwarz, grau, hellbraun, rot und h\u00e4ufig auch gestromt. Alle Fellfarben, die auch bei dem nahen Verwandten des Irischen Wolfshundes, dem Deerhound vorkommen, werden toleriert.<\/p>\n<p><img decoding=\"async\" class=\"alignnone size-large wp-image-2284\" src=\"https:\/\/tierisch-verliebt.de\/magazin\/wp-content\/uploads\/2023\/08\/Irischer-Wolfshund-2-1024x667.jpg\" alt=\"Irischer Wolfshund \" width=\"910\" height=\"593\" srcset=\"https:\/\/tierisch-verliebt.de\/magazin\/wp-content\/uploads\/2023\/08\/Irischer-Wolfshund-2-1024x667.jpg 1024w, https:\/\/tierisch-verliebt.de\/magazin\/wp-content\/uploads\/2023\/08\/Irischer-Wolfshund-2-300x195.jpg 300w, https:\/\/tierisch-verliebt.de\/magazin\/wp-content\/uploads\/2023\/08\/Irischer-Wolfshund-2-768x500.jpg 768w, https:\/\/tierisch-verliebt.de\/magazin\/wp-content\/uploads\/2023\/08\/Irischer-Wolfshund-2.jpg 1280w\" sizes=\"(max-width: 910px) 100vw, 910px\" \/><\/p>\n<h2>Herkunft und Geschichte<\/h2>\n<p>Es ist nicht ganz klar, wann und wo die Hunderasse entstand. Fakt ist aber, dass es schon 7000 Jahre vor Christus in der Region Irland\/England Wales sehr gro\u00dfe und dem Windhund \u00e4hnliche Hunde gegeben hat. Und aus der Antike existieren schriftliche Belege, in denen von riesigen Hunden die Rede ist, die zum Beispiel bei den Kampfspielen im Alten Rom f\u00fcr Aufsehen sorgten. Im 16. und 17.Jahrhundert wurden vom Adel in Irland und England gro\u00dfe Hunde zur Jagd auf B\u00e4ren und W\u00f6lfe, Wildschweine und Elche eingesetzt.<\/p>\n<p>Ihre Zucht wurde aber weitgehend uninteressant, als es in der Region nicht mehr viel Gro\u00dfwild, vor allem aber keine W\u00f6lfe und B\u00e4ren mehr gab. Es soll ein Schotte mit Namen George Augustus Graham gewesen sein, der in der Mitte des 19.Jahrhunderts ein paar der wenigen noch vorhandenen Tiere der Irischen Ur-Rasse mit anderen gro\u00dfen Hunden, darunter Deerhounds, Barsois und Doggen kreuzte. Daraus entstand der moderne Irish Wolfhound. Der erste Zuchtklub gr\u00fcndete sich im Jahr 1885 und heute ist die Rasse \u00fcberall auf der Welt bekannt.<\/p>\n<h2>Das Wesen des Irischen Wolfshundes<\/h2>\n<p>Obwohl er von imponierender Gr\u00f6\u00dfe ist, f\u00fcrchten sich die Menschen kaum vor dem Irischen Wolfshund. Das liegt daran, dass er schon auf dem ersten Blick ein sanfter und freundlicher Riese ist. Er hat ein liebensw\u00fcrdiges ruhiges Wesen und ist weder \u00fcbernerv\u00f6s noch schreckhaft. Der Irische Wolfshund sieht zwar nicht aus wie ein Scho\u00dfhund, aber er benimmt sich oft so, l\u00e4sst sich sehr gerne streicheln und bet\u00fcteln und sucht, wo immer es geht, die N\u00e4he &#8220;seiner Menschen&#8221;.<\/p>\n<p>Er ist auch recht intelligent, was allerdings nicht automatisch dazu f\u00fchrt, dass er immer tut, was man von ihm will. Er ist n\u00e4mlich auch selbstbewusst und ein wenig eigensinnig. Mit Geduld, Liebe und viel Beharrlichkeit l\u00e4sst sich der Irische Wolfshund aber gut erziehen und ist deshalb durchaus auch eine f\u00fcr Hunde-Anf\u00e4nger geeignete Rasse. Auch als Familienhund ist er geeignet. Allerdings ist zu bedenken, dass er schon allein durch seine Gr\u00f6\u00dfe und sein Gewicht eher etwas f\u00fcr standhafte Menschen ist.<\/p>\n<p>Obwohl er wirklich sehr sanft ist, kann es schon vorkommen, dass er jemanden aus lauter Freude und Ungest\u00fcm von den F\u00fc\u00dfen holt. Als Wachhund eignet sich der Irische Wolfshund nicht wirklich, dazu ist er nicht &#8220;scharf&#8221; genug. Und ein <a href=\"https:\/\/tierisch-verliebt.de\/magazin\/jagdhunde\/\">Jagdhund<\/a> ist der heutige Irische Wolfshund auch nicht mehr, obwohl manche Exemplare immer noch einen gewissen inneren Jagdtrieb haben und alle sehr gern und auch schnell laufen.<\/p>\n<p><img decoding=\"async\" class=\"alignnone size-large wp-image-2285\" src=\"https:\/\/tierisch-verliebt.de\/magazin\/wp-content\/uploads\/2023\/08\/Irischer-Wolfshund-1-1024x682.jpg\" alt=\"Irischer Wolfshund \" width=\"910\" height=\"606\" srcset=\"https:\/\/tierisch-verliebt.de\/magazin\/wp-content\/uploads\/2023\/08\/Irischer-Wolfshund-1-1024x682.jpg 1024w, https:\/\/tierisch-verliebt.de\/magazin\/wp-content\/uploads\/2023\/08\/Irischer-Wolfshund-1-300x200.jpg 300w, https:\/\/tierisch-verliebt.de\/magazin\/wp-content\/uploads\/2023\/08\/Irischer-Wolfshund-1-768x512.jpg 768w, https:\/\/tierisch-verliebt.de\/magazin\/wp-content\/uploads\/2023\/08\/Irischer-Wolfshund-1.jpg 1280w\" sizes=\"(max-width: 910px) 100vw, 910px\" \/><\/p>\n<h2>Was ist bei der Anschaffung zu bedenken?<\/h2>\n<p>Ein so gro\u00dfer Hund braucht nat\u00fcrlich erst einmal Platz und es ist am bestem, wenn seine Besitzer ein Grundst\u00fcck mit Garten ihr eigen nennen oder auf einem Bauernhof leben. Trotzdem ist es grunds\u00e4tzlich auch m\u00f6glich, einen Irischen Wolfshund in der Wohnung zu halten, wenn er als Ausgleich gen\u00fcgend Auslauf geboten bekommt. Aber allgemein sollte der Platzbedarf eines so gro\u00dfen Hundes nicht untersch\u00e4tzt werden.<\/p>\n<p>Es gibt nicht viele Stellen in einer Wohnung, wo er nicht m\u00fchelos hinkommt, wenn er das m\u00f6chte. Und au\u00dferdem sollten potentielle Halter dar\u00fcber nachdenken, dass Treppen f\u00fcr den Hund nicht gut sind und vor allem in den ersten 2 Lebensjahren auf ein Mindestma\u00df beschr\u00e4nkt werden sollten. Au\u00dferdem kann es unter Umst\u00e4nden auch einmal dazu kommen, dass ein erkranktes Tier die Treppen hinunter und hinauf getragen werden m\u00fcssen. Und das ist bei 50 Kilo Lebendgewicht schon eine komplizierte Sache.<\/p>\n<p>Auf der anderen Seite sollte ein Irischer Wolfshund aber auch keinesfalls in einem Zwinger oder separierten Raum gehalten werden, er geh\u00f6rt ganz einfach mit seinem menschlichen Rudel zusammen. Um einen optimal ausgelasteten Irischen Wolfshund zu haben, m\u00fcssen seinen Menschen ihm viel Bewegung erm\u00f6glichen. Eine gute M\u00f6glichkeit ist dabei Hundesport und besonders Coursing oder andere Arten von Hunderennen. Aber auch Laufen am Fahrrad oder gemeinsames Jogging sind gut.<\/p>\n<h2>Geignete Aktivit\u00e4ten<\/h2>\n<p>Allerdings ist der Irische Wolfshund eher Sprinter als Ausdauerl\u00e4ufer. Er hat in der Regel auch nicht viel Spa\u00df an komplexeren Besch\u00e4ftigungsspielen wie zum Beispiel Agility oder Suchspielen. Au\u00dferdem m\u00fcssen Menschen, die sich f\u00fcr einen Irischen Wolfshund interessieren, auch ber\u00fccksichtigen, wieviel ein solcher Hund an <a href=\"https:\/\/tierisch-verliebt.de\/magazin\/insektenproteine-in-hundefutter\/\">Futter<\/a> braucht. Und es ist nicht nur die Menge an Futter, sondern auch die Qualit\u00e4t, die ins Geld geht.<\/p>\n<h2>Gesundheit<\/h2>\n<p>Die Irischen Wolfshunde haben wie die meisten sehr gro\u00dfen Hunderassen h\u00e4ufig Probleme mit den Gelenken und Wachstumsst\u00f6rungen der Knochen. Sie m\u00fcssen deshalb besonders hochwertig und ausgewogen ern\u00e4hrt werden. \u00dcberhaupt ist die Gr\u00f6\u00dfe der Rasse f\u00fcr die Gesundheit der Tiere ein Risiko. H\u00e4ufig leiden Irische Wolfshunde an H\u00fcft-oder-Ellbogendysplasie aber auch an Herzerkrankungen und Erkrankungen des Magen-Darmtraktes. Besonders gef\u00fcrchtet ist bei ihnen die Magendrehung. Weshalb beim F\u00fcttern besonders gut aufgepasst werden muss. Die Rasse wird in der Regel leider auch nicht sehr alt. Die durchschnittliche Lebenserwartung liegt nur zwischen 6 und 8 Jahren.<\/p>\n<p><img decoding=\"async\" class=\"alignnone wp-image-2989\" src=\"https:\/\/tierisch-verliebt.de\/magazin\/wp-content\/uploads\/2025\/02\/ernaehrung-irischer-wolfshund.webp\" alt=\"ernaehrung-irischer-wolfshund\" width=\"600\" height=\"600\" srcset=\"https:\/\/tierisch-verliebt.de\/magazin\/wp-content\/uploads\/2025\/02\/ernaehrung-irischer-wolfshund.webp 1024w, https:\/\/tierisch-verliebt.de\/magazin\/wp-content\/uploads\/2025\/02\/ernaehrung-irischer-wolfshund-300x300.webp 300w, https:\/\/tierisch-verliebt.de\/magazin\/wp-content\/uploads\/2025\/02\/ernaehrung-irischer-wolfshund-150x150.webp 150w, https:\/\/tierisch-verliebt.de\/magazin\/wp-content\/uploads\/2025\/02\/ernaehrung-irischer-wolfshund-768x768.webp 768w\" sizes=\"(max-width: 600px) 100vw, 600px\" \/><\/p>\n<h2>FAQ<\/h2>\n<h3>Wie soll man einen Irischen Wolfshund f\u00fcttern?<\/h3>\n<p>Der Irische Wolfshund ben\u00f6tigt eine ausgewogene, hochwertige Ern\u00e4hrung, die auf seine Gr\u00f6\u00dfe, Aktivit\u00e4t und speziellen gesundheitlichen Bed\u00fcrfnisse abgestimmt ist.<br \/>\nDa diese Rasse zu den gr\u00f6\u00dften Hunden der Welt geh\u00f6rt, ist eine richtige F\u00fctterung besonders wichtig, um Wachstum, Gelenke und Verdauung zu unterst\u00fctzen.<\/p>\n<h3>Kann ein Irischer Wolfshund in einer Wohnung gehalten werden?<\/h3>\n<p>Ja, ein Irischer Wolfshund kann in einer Wohnung leben \u2013 aber nur unter bestimmten Bedingungen.<br \/>\nDiese Rasse ist zwar sehr gro\u00df, aber \u00fcberraschend ruhig und anpassungsf\u00e4hig. Solange seine Bewegungsbed\u00fcrfnisse erf\u00fcllt werden, kann er sich auch in einer Wohnung wohlf\u00fchlen.<\/p>\n<h3>Wie kann man einen Irischen Wolfshund geistig auslasten?<\/h3>\n<p>Irische Wolfshunde sind sanfte, intelligente Hunde, die neben k\u00f6rperlicher Bewegung auch geistige Besch\u00e4ftigung brauchen.<br \/>\nDa sie von Natur aus ruhige J\u00e4ger und Wachhunde sind, lieben sie Denkaufgaben und Herausforderungen, die ihre Instinkte ansprechen.<\/p>\n<h3>Wie lange kann ein Irischer Wolfshund alleine bleiben?<\/h3>\n<p>Ein gut trainierter Irischer Wolfshund kann bis zu 4\u20136 Stunden alleine bleiben.<br \/>\nDiese Rasse ist jedoch sehr menschenbezogen &amp; nicht f\u00fcr lange Isolation geeignet.<br \/>\nMit Geduld, Besch\u00e4ftigung &amp; klarer Routine kann das Alleinsein leichter gemacht werden!<\/p>\n<h3>Wie pflegeintensiv ist das Fell des Irischen Wolfshunds?<\/h3>\n<p>Das Fell des Irischen Wolfshunds ist relativ pflegeleicht \u2013 aber regelm\u00e4\u00dfige Pflege ist trotzdem notwendig.<br \/>\nSein dichtes, raues &amp; drahtiges Fell sch\u00fctzt ihn vor Witterungseinfl\u00fcssen, muss aber kontrolliert geb\u00fcrstet &amp; gepflegt werden, um Verfilzungen &amp; Hautprobleme zu vermeiden.<\/p>\n","protected":false},"excerpt":{"rendered":"<p>Der Irische Wolfshund oder Irish Wolfhound ist ein beeindruckendes Tier. Er z\u00e4hlt zu den gr\u00f6\u00dften und imposantesten Hunden der Welt,<\/p>\n","protected":false},"author":2,"featured_media":574,"parent":0,"menu_order":0,"comment_status":"closed","ping_status":"closed","template":"","meta":{"ngg_post_thumbnail":0,"footnotes":""},"class_list":["post-572","page","type-page","status-publish","has-post-thumbnail","hentry","comments-off"],"aioseo_notices":[],"_links":{"self":[{"href":"https:\/\/tierisch-verliebt.de\/magazin\/wp-json\/wp\/v2\/pages\/572","targetHints":{"allow":["GET"]}}],"collection":[{"href":"https:\/\/tierisch-verliebt.de\/magazin\/wp-json\/wp\/v2\/pages"}],"about":[{"href":"https:\/\/tierisch-verliebt.de\/magazin\/wp-json\/wp\/v2\/types\/page"}],"author":[{"embeddable":true,"href":"https:\/\/tierisch-verliebt.de\/magazin\/wp-json\/wp\/v2\/users\/2"}],"replies":[{"embeddable":true,"href":"https:\/\/tierisch-verliebt.de\/magazin\/wp-json\/wp\/v2\/comments?post=572"}],"version-history":[{"count":5,"href":"https:\/\/tierisch-verliebt.de\/magazin\/wp-json\/wp\/v2\/pages\/572\/revisions"}],"predecessor-version":[{"id":3111,"href":"https:\/\/tierisch-verliebt.de\/magazin\/wp-json\/wp\/v2\/pages\/572\/revisions\/3111"}],"wp:featuredmedia":[{"embeddable":true,"href":"https:\/\/tierisch-verliebt.de\/magazin\/wp-json\/wp\/v2\/media\/574"}],"wp:attachment":[{"href":"https:\/\/tierisch-verliebt.de\/magazin\/wp-json\/wp\/v2\/media?parent=572"}],"curies":[{"name":"wp","href":"https:\/\/api.w.org\/{rel}","templated":true}]}}