{"id":566,"date":"2019-11-09T13:09:44","date_gmt":"2019-11-09T12:09:44","guid":{"rendered":"https:\/\/tierisch-verliebt.de\/magazin\/?page_id=566"},"modified":"2025-02-07T15:18:38","modified_gmt":"2025-02-07T14:18:38","slug":"bordeaux-dogge","status":"publish","type":"page","link":"https:\/\/tierisch-verliebt.de\/magazin\/bordeaux-dogge\/","title":{"rendered":"Die Bordeaux Dogge &#8211; Portrait der Hunderasse"},"content":{"rendered":"\n<h2>Steckbrief<\/h2>\n<p><img decoding=\"async\" alt=\"check\" src=\"https:\/\/tierisch-verliebt.de\/magazin\/wp-content\/uploads\/2019\/06\/check-icon-16.png\"> <strong>Lebenserwartung:<\/strong> 8 bis 10 Jahre<br \/>\n<img decoding=\"async\" alt=\"check\" src=\"https:\/\/tierisch-verliebt.de\/magazin\/wp-content\/uploads\/2019\/06\/check-icon-16.png\"> <strong>Gewicht:<\/strong> 45 bis 60 kg<br \/>\n<img decoding=\"async\" alt=\"check\" src=\"https:\/\/tierisch-verliebt.de\/magazin\/wp-content\/uploads\/2019\/06\/check-icon-16.png\"> <strong>Widerristh\u00f6he:<\/strong> 58 bis 68 cm<br \/>\n<img decoding=\"async\" alt=\"check\" src=\"https:\/\/tierisch-verliebt.de\/magazin\/wp-content\/uploads\/2019\/06\/check-icon-16.png\"> <strong>Charakter:<\/strong> selbstsicher, intelligent, robust, gutm\u00fctig, geduldig<br \/>\n<img decoding=\"async\" alt=\"check\" src=\"https:\/\/tierisch-verliebt.de\/magazin\/wp-content\/uploads\/2019\/06\/check-icon-16.png\"> <strong>Farben:<\/strong> gold- oder mahagonifarben<br \/>\n<img decoding=\"async\" alt=\"check\" src=\"https:\/\/tierisch-verliebt.de\/magazin\/wp-content\/uploads\/2019\/06\/check-icon-16.png\"> <strong>FCI-Gruppe:<\/strong> <a href=\"https:\/\/tierisch-verliebt.de\/magazin\/fci-gruppen\/\">FCI-Gruppe 2<\/a><br \/>\n<img decoding=\"async\" alt=\"check\" src=\"https:\/\/tierisch-verliebt.de\/magazin\/wp-content\/uploads\/2019\/06\/check-icon-16.png\"> <strong>Kosten:<\/strong> Zwischen 1.000 &amp; 1.600 Euro<\/p>\n<h2>Das Wesen und der Charakter<\/h2>\n<p>Das Portrait der Bordeaux Dogge zeigt eine beeindruckende und kraftvolle Hunderasse. Das Wesen der Rasse Bordeaux Dogge ist generell ruhig und gelassen. Sie agiert stets ehrlich und Hektik ist ihr ein Fremdwort. Dennoch ist eine konsequente und disziplinierte Erziehung n\u00f6tig, da die Rasse sehr gro\u00df ist. Ausschlaggebend daf\u00fcr, dass diese Beziehung gelingt, ist eine positive Beziehung zwischen Hund und Mensch.<\/p>\n<p>Der Hund ist klug und selbstsicher, weshalb unn\u00f6tige H\u00e4rte und Zw\u00e4nge die Erziehung nicht unbedingt allein positiv beeinflussen. Besonders noch sehr junge Bordeaux Doggen k\u00f6nnen mit ihrer gro\u00dfen Kraft h\u00e4ufig noch nicht gut umgehen, weshalb diese durch den Halter in die richtige Richtung gelenkt werden muss.<\/p>\n<p>Hat der Hund allerdings eine gute Erziehung genossen, dann lernt er durch diese seine gro\u00dfen Kr\u00e4fte gezielt und richtig einzusetzen. \u00c4ndern kann sich das ausgeglichene und entspannte Wesen der Rasse, wenn sie f\u00fchlt, dass ihr Zuhause oder ihr Besitzer bedroht wird. Daf\u00fcr hat sie n\u00e4mlich ein sehr feines Gef\u00fchl und ist dadurch sehr gut in der Lage, zwischen einer ernsten Situation und reinem Spa\u00df zu unterscheiden.<\/p>\n<p>Sehr wichtig f\u00fcr die Bordeaux Dogge sind eine gro\u00dfe Bewegungsfreiheit und viel Auslauf. Die Rasse ist nicht daf\u00fcr geeignet, sie in einer Wohnung ohne entsprechenden Auslauf, wie beispielsweise einen Garten, zu halten. Die Bordeaux Dogge ist zu gerne drau\u00dfen im Freien unterwegs. Um eine angemessene Auslastung der Rasse zu erzielen, eignen sich ausgedehnte Gassirunden oder auch ein langer Ausflug mit dem Fahrrad. Als Familienhunde eignen sich die Doggen sehr gut, vorausgesetzt ihnen wird die ben\u00f6tigte Bewegungsfreiheit und eine gute Erziehung zu Teil. Sie verstehen sich sehr gut mit Kindern und lieben es, sich mit Menschen zu umgeben.<\/p>\n<h2><img decoding=\"async\" class=\"alignnone size-large wp-image-2039\" src=\"https:\/\/tierisch-verliebt.de\/magazin\/wp-content\/uploads\/2023\/05\/bordeaux-dogge-1-1024x682.jpg\" alt=\"bordeaux dogge\" width=\"910\" height=\"606\" srcset=\"https:\/\/tierisch-verliebt.de\/magazin\/wp-content\/uploads\/2023\/05\/bordeaux-dogge-1-1024x682.jpg 1024w, https:\/\/tierisch-verliebt.de\/magazin\/wp-content\/uploads\/2023\/05\/bordeaux-dogge-1-300x200.jpg 300w, https:\/\/tierisch-verliebt.de\/magazin\/wp-content\/uploads\/2023\/05\/bordeaux-dogge-1-768x511.jpg 768w, https:\/\/tierisch-verliebt.de\/magazin\/wp-content\/uploads\/2023\/05\/bordeaux-dogge-1-1536x1022.jpg 1536w, https:\/\/tierisch-verliebt.de\/magazin\/wp-content\/uploads\/2023\/05\/bordeaux-dogge-1.jpg 1920w\" sizes=\"(max-width: 910px) 100vw, 910px\" \/><\/h2>\n<h2>Die richtigen Aktivit\u00e4ten<\/h2>\n<p>In fr\u00fcheren Zeiten diente die Rasse der Bordeaux Dogge oft f\u00fcr die Jagd von Jaguaren und B\u00e4ren. Leider wurde sie auch oft missbraucht f\u00fcr Tierk\u00e4mpfe, in denen sie B\u00e4ren oder W\u00f6lfen ausgesetzt wurde. Ihr heutiges bevorzugtes Einsatzgebiet besteht wegen der Vielzahl ihrer positiven Charaktereigenschaften besonders im Bereich des Schutz- und Wachhundes. Bekommt die Rasse ausreichend Besch\u00e4ftigung, genug Auslauf und eine entsprechende Erziehung, kann sie ein toller Familienhund werden.<\/p>\n<p>Die Reizschwelle der Bordeaux Dogge ist sehr hoch und ihr Charakter ausgeglichen. Nicht vorhersehbare Gem\u00fctsausbr\u00fcche m\u00fcssen bei ihr also in der Regel nicht bef\u00fcrchtet werden, weshalb sie sich auch unter Kindern als toller Hund macht. Weniger geeignet ist die Bordeaux Dogge f\u00fcr lange Joggingrunde oder sehr lange Strecken mit dem Rad, da sie aufgrund ihrer Gr\u00f6\u00dfe nat\u00fcrlich eine gewisse Masse bewegen muss.<\/p>\n<h2>Herkunft und Geschichte der Bordeaux Dogge<\/h2>\n<p>Ein anderer Name f\u00fcr die Bordeaux Dogge ist auch Dogue de Bordeaux. Sie z\u00e4hlt in Frankreich zu den \u00e4ltesten bekannten Hunderassen und hat ihre Wurzeln bei den Alanerhunden. Einer der direkten Vorfahren der Bordeaux Dogge ist der Saupacker. Von diesem schrieb der Graf von Foix, Gaston Phebus, bereits im 14. Jahrhundert, dass dieser Hund seine gemachte Beute besser festhalten kann, als mehrere Windhunde zusammen.<\/p>\n<p>Erst am Ende des 14. Jahrhunderts wurden die Hunde zum ersten Mal als Doggen bezeichnet. Ihre Verbreitung begrenzte sich bis zur Mitte des 19. Jahrhunderts nahezu ausschlie\u00dflich auf die s\u00fcdfranz\u00f6sischen Aquitanien. Eingesetzt wurden sie damals zur Bewachung von Vieh und Haus, K\u00e4mpfen in einer Arena oder auch zur Jagd von Gro\u00dfwild.<\/p>\n<p>Aus dem Jahr 1863 stammen die ersten Berichte \u00fcber die Rasse bei Hundeausstellungen im franz\u00f6sischen Paris. Nach der Zeit des zweiten Weltkrieges war die Rasse schon fast ausgestorben. Ihre Beliebtheit stieg allerdings wieder rasant in den Jahren nach 1960. Im Jahr 1989 wurde der Bordeaux Dogge ein zus\u00e4tzlicher Bekanntheitsgrad zu Teil, als sie neben Tom Hanks in einem Kinofilm die Hauptrolle ergatterte.<\/p>\n<h2><img decoding=\"async\" class=\"alignnone size-large wp-image-2040\" src=\"https:\/\/tierisch-verliebt.de\/magazin\/wp-content\/uploads\/2023\/05\/bordeaux-dogge-1024x683.jpg\" alt=\"bordeaux dogge\" width=\"910\" height=\"607\" srcset=\"https:\/\/tierisch-verliebt.de\/magazin\/wp-content\/uploads\/2023\/05\/bordeaux-dogge-1024x683.jpg 1024w, https:\/\/tierisch-verliebt.de\/magazin\/wp-content\/uploads\/2023\/05\/bordeaux-dogge-300x200.jpg 300w, https:\/\/tierisch-verliebt.de\/magazin\/wp-content\/uploads\/2023\/05\/bordeaux-dogge-768x512.jpg 768w, https:\/\/tierisch-verliebt.de\/magazin\/wp-content\/uploads\/2023\/05\/bordeaux-dogge-1536x1024.jpg 1536w, https:\/\/tierisch-verliebt.de\/magazin\/wp-content\/uploads\/2023\/05\/bordeaux-dogge.jpg 1920w\" sizes=\"(max-width: 910px) 100vw, 910px\" \/><\/h2>\n<h2>Die Merkmale der Rasse<\/h2>\n<p>Gef\u00fchrt wird die Bordeaux Dogge bei dem FCI, dem gr\u00f6\u00dften kynologischen Dachverband, in der 2. Gruppe, welcher den Pinscher\/Schnauzer\/Molosser\/Schweizer Sennhunden entspricht. Genauer gesagt befindet sich diese hier in der Sektion 2.1., den doggenartigen Molossern. Standardm\u00e4\u00dfig entspricht eine ausgewachsene Bordeaux Dogge einer H\u00f6he zwischen 60 und 68 Zentimetern bei einem R\u00fcden und zwischen 58 und 66 cm bei einer H\u00fcndin.<\/p>\n<p>Bei m\u00e4nnlichen Hunden liegt das Mindestgewicht bei rund 50 Kilogramm, bei einer Bordeaux Doggen H\u00fcnding bei rund 45 Kilogramm. Es wird wegen der gro\u00dfen Masse der Rasse empfohlen, sie in einem Haushalt zu halten, in dem es keine Treppen gibt, da diese, wie viele andere gro\u00dfe Hunderassen auch, zu einer Ausbildung von H\u00fcftdysplasie neigen.<\/p>\n<h3>Fell<\/h3>\n<p>Die Bordeaux Dogge hat ein d\u00fcnnes und kurzes Fell, was sich im optimalen Fall sehr weich anf\u00fchlen sollte. Das Fell ist einfarbig und bewegt sich in den Nuancen Isabell, guldenrehbraun und Mahagoni. Erlaubt sind ein paar wei\u00dfe Flecken in dem Fell, diese konzentrieren sich dann aber auf die Brust oder die Enden der Gliedma\u00dfen des Hundes. Au\u00dferdem gibt es den Fall einer sogenannten schwarzen Maske, welche aber nur gering ausgepr\u00e4gt ist und nicht \u00fcber die gesamte Fl\u00e4che der Sch\u00e4delregion reicht. Ebenfalls m\u00f6glich ist eine braune Maske, welche die Lidr\u00e4nder und den Nasenschwamm braun f\u00e4rbt. Auch Hunde ohne Maske kommen vor, deren Haut rosa und das Haarkleid falbfarben ist.<\/p>\n<h3>K\u00f6rperbau<\/h3>\n<p>Der K\u00f6rperbau der Bordeaux Dogge ist sehr kr\u00e4ftig und die Linienf\u00fchrung ist konkav. Die Dogge ist st\u00e4mmig aber zur gleichen Zeit imposant und athletisch. Die Widerristh\u00f6he wird in einem Verh\u00e4ltnis von 11:10 von der Strecke von Schulter bis Sitzbeinh\u00f6cker \u00fcbertroffen. Einem Viertel der L\u00e4nge des Kopfes entspricht ihre minimale Fangl\u00e4nge, die maximale L\u00e4nge macht hier ein Drittel auch. Deshalb wird die Bordeaux Dogge auch als brachycephaler Molosser, also kurzn\u00e4sig, bezeichnet.<\/p>\n<p>Der R\u00fccken der Hunde ist muskul\u00f6s, breit und fest und der Widerrist ist stark ausgepr\u00e4gt. Die Spitze der Rute, welche sehr dick ist, sollte im Idealfall bis zu dem Sprunggelenk des Hundes reichen. Sie tragen die Rute, welche weder eine Knick- oder einer Knotenrute entsprechen sollte, allgemein tief. Nur, wenn die Hunde sich bewegen hebt sich die Rute etwas. Wenn diese sich \u00fcber den R\u00fccken einrollt, entspricht dies nicht dem Rassestandard der Bordeaux Dogge.<\/p>\n<p><img decoding=\"async\" class=\"alignnone size-large wp-image-2038\" src=\"https:\/\/tierisch-verliebt.de\/magazin\/wp-content\/uploads\/2023\/05\/bordeaux-dogge-2-1024x683.jpg\" alt=\"bordeaux dogge\" width=\"910\" height=\"607\" srcset=\"https:\/\/tierisch-verliebt.de\/magazin\/wp-content\/uploads\/2023\/05\/bordeaux-dogge-2-1024x683.jpg 1024w, https:\/\/tierisch-verliebt.de\/magazin\/wp-content\/uploads\/2023\/05\/bordeaux-dogge-2-300x200.jpg 300w, https:\/\/tierisch-verliebt.de\/magazin\/wp-content\/uploads\/2023\/05\/bordeaux-dogge-2-768x512.jpg 768w, https:\/\/tierisch-verliebt.de\/magazin\/wp-content\/uploads\/2023\/05\/bordeaux-dogge-2-1536x1024.jpg 1536w, https:\/\/tierisch-verliebt.de\/magazin\/wp-content\/uploads\/2023\/05\/bordeaux-dogge-2.jpg 1920w\" sizes=\"(max-width: 910px) 100vw, 910px\" \/><\/p>\n<p>Der Kopf der Dogge ist m\u00e4chtig, kurz und kantig. Von der Vogelperspektive aus betrachtet entspricht er einer Trapezf\u00f6rmigen. Die Ohren sind an ihrem Ansatz leicht aufgestellt und eher klein. Typisch f\u00fcr die Rasse sind eine symmetrische Befaltung des Fangs und locker fallende Lefzen. Da sich in diesem Bereich starke Falten bilden, neigt dieser Bereich oft zu einer Ausbreitung einer Entz\u00fcndung der Hautfalten, weshalb er in regelm\u00e4\u00dfigen Abst\u00e4nden kontrolliert werden sollte.<\/p>\n<p>Der Stop der franz\u00f6sischen Rasse ist ausgepr\u00e4gt und entspricht beinah einem 90 Grad Winkel. An dem Hals des Hundes, welcher muskul\u00f6s ist, befindet sich reichlich lose Haut. Auch die Gliedma\u00dfen besitzen viel Muskelmasse und die Pfoten sind robust und kr\u00e4ftig, mit Zehen, die sehr nah beinander liegen und \u00fcber stark ausgepr\u00e4gte Krallen verf\u00fcgen.<\/p>\n<h2>Geeignete Ern\u00e4hrung<\/h2>\n<p>Der Bedarf an N\u00e4hrstoffen der Bordeaux Dogge unterscheidet sich stark von den Bed\u00fcrfnissen anderer Rassen. Doch auch zwischen den einzelnen Vertretern der Rasse gibt es Unterschiede, da f\u00fcr den individuellen Bedarf an N\u00e4hrstoffen immer verschiedene Faktoren ausschlaggebend sind. Zu nennen sind hier beispielsweise die Gr\u00f6\u00dfe, das Gewicht und das Alter des Tieres, sowie seine Aktivit\u00e4t und eventuelle Nahrungsunvertr\u00e4glichkeiten.<\/p>\n<p>Wie schon erw\u00e4hnt haben die Bordeaux Doggen eine Tendenz, eine H\u00fcftgelenkdysplasie zu entwickeln, weshalb ihre Energiezufuhr optimal dem Bedarf angepasst werden sollte. So kann ein zu schnelles Wachstum und damit verbundene Sch\u00e4den an den Gelenken verhindert werden. Die Rasse leidet ebenfalls vermehrt an Bl\u00e4hungen und Magendrehungen, weshalb das Futter leicht verdaulich sein sollte und besser in kleinen Portionen \u00fcber den Tag hinweg serviert werden sollte.<\/p>\n<p><img decoding=\"async\" class=\"alignnone wp-image-2909\" src=\"https:\/\/tierisch-verliebt.de\/magazin\/wp-content\/uploads\/2025\/01\/essen-Bordeaux-Dogue.webp\" alt=\"ernaehrung-Bordeaux Dogge\" width=\"600\" height=\"600\" srcset=\"https:\/\/tierisch-verliebt.de\/magazin\/wp-content\/uploads\/2025\/01\/essen-Bordeaux-Dogue.webp 1024w, https:\/\/tierisch-verliebt.de\/magazin\/wp-content\/uploads\/2025\/01\/essen-Bordeaux-Dogue-300x300.webp 300w, https:\/\/tierisch-verliebt.de\/magazin\/wp-content\/uploads\/2025\/01\/essen-Bordeaux-Dogue-150x150.webp 150w, https:\/\/tierisch-verliebt.de\/magazin\/wp-content\/uploads\/2025\/01\/essen-Bordeaux-Dogue-768x768.webp 768w\" sizes=\"(max-width: 600px) 100vw, 600px\" \/><\/p>\n<h2>FAQ<\/h2>\n<h3>1. Ist die Bordeaux Dogge f\u00fcr Anf\u00e4nger geeignet?<\/h3>\n<p>Die Bordeaux Dogge ist nicht ideal f\u00fcr Anf\u00e4nger, kann aber unter bestimmten Voraussetzungen auch von Ersthundebesitzern gehalten werden, wenn diese bereit sind, Zeit, Geduld und Energie zu investieren. Hier sind die Gr\u00fcnde:<\/p>\n<ul>\n<li>Herausforderungen f\u00fcr Anf\u00e4nger: starke Pers\u00f6nlichkeit und Schutzinstinkt, Gr\u00f6\u00dfe und St\u00e4rke, hoher Pflegeaufwand, gesundheitliche Probleme, Kurzlebigkeit<\/li>\n<li>Vorteile f\u00fcr Anf\u00e4nger (unter bestimmten Bedingungen): sanftes Wesen, m\u00e4\u00dfiger Bewegungsbedarf, Familienfreundlichkeit.&nbsp;&nbsp;&nbsp;&nbsp;&nbsp;&nbsp;&nbsp;&nbsp;&nbsp;&nbsp;&nbsp;&nbsp;&nbsp;&nbsp;&nbsp;&nbsp;&nbsp;&nbsp;<\/li>\n<\/ul>\n<p>Wenn ein Anf\u00e4nger bereit ist, sich intensiv mit den Bed\u00fcrfnissen dieser Rasse auseinanderzusetzen und gegebenenfalls professionelle Hilfe (z. B. durch einen Hundetrainer) in Anspruch nimmt, kann eine Bordeaux Dogge ein treuer und wundervoller Begleiter sein. Ohne die n\u00f6tige Vorbereitung ist diese Rasse jedoch eher f\u00fcr erfahrene Hundebesitzer geeignet.<\/p>\n<h3>2. Ist die Bordeaux Dogge f\u00fcr Familien mit Kindern geeignet?<\/h3>\n<p>Ja, die Bordeaux Dogge kann ein ausgezeichneter Familienhund sein und kommt in der Regel gut mit Kindern aus. Ihr ruhiges, geduldiges Wesen und ihre enge Bindung zur Familie machen sie zu einem liebevollen Begleiter.<\/p>\n<p>Tipps f\u00fcr Familien mit Kindern und einer Bordeaux Dogge<\/p>\n<ul>\n<li>Beaufsichtigung: Lass kleine Kinder nie unbeaufsichtigt mit einem Hund, egal wie freundlich dieser ist.<\/li>\n<li>Klare Grenzen: Bringe Kindern bei, den Hund nicht zu st\u00f6ren, wenn er frisst, schl\u00e4ft oder seine Ruhe haben m\u00f6chte.<\/li>\n<li>Fr\u00fche Gew\u00f6hnung: Sozialisiere die Bordeaux Dogge fr\u00fchzeitig mit Kindern, damit sie lernt, entspannt auf deren Verhalten zu reagieren.<\/li>\n<li>Ruhige Umgebung: Bordeaux Doggen sch\u00e4tzen eine ruhige Umgebung und k\u00f6nnten von st\u00e4ndigem L\u00e4rm oder Chaos gestresst werden.<\/li>\n<\/ul>\n<h3>3. Vertr\u00e4gt sich die Bordeaux Dogge gut mit anderen Haustieren?<\/h3>\n<p>Die Bordeaux Dogge kann sich gut mit anderen Haustieren vertragen, insbesondere wenn sie gut sozialisiert und erzogen wurde. Mit Geduld und positiver Verst\u00e4rkung l\u00e4sst sich ein harmonisches Zusammenleben schaffen. Besonders wichtig ist es, den Hund fr\u00fchzeitig an andere Tiere zu gew\u00f6hnen und auf seine individuellen Bed\u00fcrfnisse einzugehen.<\/p>\n<h3>4. Wie viel Platz ben\u00f6tigt eine Bordeaux Dogge?<\/h3>\n<p>Die Bordeaux Dogge ben\u00f6tigt nicht so viel Platz wie man aufgrund ihrer Gr\u00f6\u00dfe denken k\u00f6nnte, da sie eine eher ruhige Rasse ist. Optimal ist ein Haus mit einem Garten, der ausreichend Platz bietet, damit die Bordeaux Dogge sich bewegen und entspannen kann. Eine Wohnung kann funktionieren, wenn sie gro\u00df genug ist und der Hund ausreichend Bewegung durch Spazierg\u00e4nge und Aktivit\u00e4ten erh\u00e4lt.<\/p>\n<p>&nbsp;<\/p>\n","protected":false},"excerpt":{"rendered":"<p>Steckbrief Lebenserwartung: 8 bis 10 Jahre Gewicht: 45 bis 60 kg Widerristh\u00f6he: 58 bis 68 cm Charakter: selbstsicher, intelligent, robust,<\/p>\n","protected":false},"author":2,"featured_media":567,"parent":0,"menu_order":0,"comment_status":"closed","ping_status":"closed","template":"","meta":{"ngg_post_thumbnail":0,"footnotes":""},"class_list":["post-566","page","type-page","status-publish","has-post-thumbnail","hentry","comments-off"],"aioseo_notices":[],"_links":{"self":[{"href":"https:\/\/tierisch-verliebt.de\/magazin\/wp-json\/wp\/v2\/pages\/566","targetHints":{"allow":["GET"]}}],"collection":[{"href":"https:\/\/tierisch-verliebt.de\/magazin\/wp-json\/wp\/v2\/pages"}],"about":[{"href":"https:\/\/tierisch-verliebt.de\/magazin\/wp-json\/wp\/v2\/types\/page"}],"author":[{"embeddable":true,"href":"https:\/\/tierisch-verliebt.de\/magazin\/wp-json\/wp\/v2\/users\/2"}],"replies":[{"embeddable":true,"href":"https:\/\/tierisch-verliebt.de\/magazin\/wp-json\/wp\/v2\/comments?post=566"}],"version-history":[{"count":5,"href":"https:\/\/tierisch-verliebt.de\/magazin\/wp-json\/wp\/v2\/pages\/566\/revisions"}],"predecessor-version":[{"id":3062,"href":"https:\/\/tierisch-verliebt.de\/magazin\/wp-json\/wp\/v2\/pages\/566\/revisions\/3062"}],"wp:featuredmedia":[{"embeddable":true,"href":"https:\/\/tierisch-verliebt.de\/magazin\/wp-json\/wp\/v2\/media\/567"}],"wp:attachment":[{"href":"https:\/\/tierisch-verliebt.de\/magazin\/wp-json\/wp\/v2\/media?parent=566"}],"curies":[{"name":"wp","href":"https:\/\/api.w.org\/{rel}","templated":true}]}}