{"id":549,"date":"2019-11-07T21:02:14","date_gmt":"2019-11-07T20:02:14","guid":{"rendered":"https:\/\/tierisch-verliebt.de\/magazin\/?page_id=549"},"modified":"2025-02-22T23:46:00","modified_gmt":"2025-02-22T22:46:00","slug":"dackel","status":"publish","type":"page","link":"https:\/\/tierisch-verliebt.de\/magazin\/dackel\/","title":{"rendered":"Dackel &#8211; Das Portrait"},"content":{"rendered":"<p>Nicht ohne Grund ist der Dackel, auch Teckel oder Dachshund genannt, eine der beliebtesten Hunderassen Deutschlands. Der neugierige und freundliche Hund mit den typischen kurzen Beinen und dem langen R\u00fccken ist ein \u00fcberaus treuer und intelligenter Geselle, der nicht nur als Jagdhund, sondern auch als Familienhund eine gute Figur macht. Hier nun das vollst\u00e4ndige Portrait dieser Hunderasse.<\/p>\n\n<h2>Steckbrief<\/h2>\n<p><img decoding=\"async\" alt=\"check\" src=\"https:\/\/tierisch-verliebt.de\/magazin\/wp-content\/uploads\/2019\/06\/check-icon-16.png\"> <strong>Lebenserwartung:<\/strong> 14 bis 17 Jahre<br \/>\n<img decoding=\"async\" alt=\"check\" src=\"https:\/\/tierisch-verliebt.de\/magazin\/wp-content\/uploads\/2019\/06\/check-icon-16.png\"> <strong>Gewicht:<\/strong> 3 bis 9 kg<br \/>\n<img decoding=\"async\" alt=\"check\" src=\"https:\/\/tierisch-verliebt.de\/magazin\/wp-content\/uploads\/2019\/06\/check-icon-16.png\"> <strong>Widerristh\u00f6he:<\/strong> 17 bis 27 cm<br \/>\n<img decoding=\"async\" alt=\"check\" src=\"https:\/\/tierisch-verliebt.de\/magazin\/wp-content\/uploads\/2019\/06\/check-icon-16.png\"> <strong>Charakter:<\/strong> verspielt, intelligent,stur, mutig, selbstbewusst<br \/>\n<img decoding=\"async\" alt=\"check\" src=\"https:\/\/tierisch-verliebt.de\/magazin\/wp-content\/uploads\/2019\/06\/check-icon-16.png\"> <strong>Farben:<\/strong> gelb, orange, rot, braun, schwarz, saufarben, einfarbig, zweifarbig, gefleckt und gestromt<br \/>\n<img decoding=\"async\" alt=\"check\" src=\"https:\/\/tierisch-verliebt.de\/magazin\/wp-content\/uploads\/2019\/06\/check-icon-16.png\"> <strong>FCI-Gruppe:<\/strong> <a href=\"https:\/\/tierisch-verliebt.de\/magazin\/fci-gruppen\/\">FCI-Gruppe 4<\/a><br \/>\n<img decoding=\"async\" alt=\"check\" src=\"https:\/\/tierisch-verliebt.de\/magazin\/wp-content\/uploads\/2019\/06\/check-icon-16.png\"> <strong>Kosten:<\/strong> Zwischen 500 &amp; 900 Euro<\/p>\n<p><img decoding=\"async\" class=\"alignnone size-large wp-image-2211\" src=\"https:\/\/tierisch-verliebt.de\/magazin\/wp-content\/uploads\/2023\/08\/Dackel-3-1024x682.jpg\" alt=\"Dackel\" width=\"910\" height=\"606\" srcset=\"https:\/\/tierisch-verliebt.de\/magazin\/wp-content\/uploads\/2023\/08\/Dackel-3-1024x682.jpg 1024w, https:\/\/tierisch-verliebt.de\/magazin\/wp-content\/uploads\/2023\/08\/Dackel-3-300x200.jpg 300w, https:\/\/tierisch-verliebt.de\/magazin\/wp-content\/uploads\/2023\/08\/Dackel-3-768x512.jpg 768w, https:\/\/tierisch-verliebt.de\/magazin\/wp-content\/uploads\/2023\/08\/Dackel-3.jpg 1280w\" sizes=\"(max-width: 910px) 100vw, 910px\" \/><\/p>\n<h2>Wesen und Charakter des Dackels<\/h2>\n<p>Um den Charakter des Dackels verstehen zu k\u00f6nnen, muss man sich vor allem die Herkunft dieser Rasse ansehen. Als Jagdhund wurde er vor allem f\u00fcr die Baujagd auf Dachse und F\u00fcchse gez\u00fcchtet, weswegen er von Natur aus eine gesunde Portion Selbstbewusstsein mitbringt. Im Zweifelsfall muss er als Jagdhund das Tier ohne die Hilfe seines Herrchens stellen k\u00f6nnen im Bau und ist daher daf\u00fcr gez\u00fcchtet worden auch eigenst\u00e4ndige Entscheidung treffen zu k\u00f6nnen. Eine gewisse Dickk\u00f6pfigkeit kann man der beliebten Rasse daher nicht absprechen, genauso wie eine eher geringe Bindungsbereitschaft an ihren Menschen.<\/p>\n<p>Trotzdem sind Dackel keinesfalls aggressive Tiere, sondern in ihrem Grundwesen absolut freundlich und aufgeschlossen. Gegen\u00fcber Artgenossen sind die teilweise sogar so aufgeschlossen, dass sie gern mal ihre Gr\u00f6\u00dfe vergessen und auch mit wesentlich gr\u00f6\u00dferen Hunden sehr selbstbewusst umgehen. Eine konsequente <a href=\"https:\/\/tierisch-verliebt.de\/magazin\/hunderziehung-grundlegendes\/\">Erziehung<\/a> ist bei den selbstbewussten Jagdhunden allerdings unverzichtbar.<\/p>\n<h2>Herkunft und Geschichte des Dackels<\/h2>\n<p>Der Dackel geht auf die Keltenbracke zur\u00fcck, die bereits vor 2.000 Jahren von keltischen St\u00e4mmen zur Jagd eingesetzt wurde. Im Mittelalter wurden die Vorfahren des Dackels dann das erste Mal gezielt gez\u00fcchtet, um robuste <a href=\"https:\/\/tierisch-verliebt.de\/magazin\/jagdhunde\/\">Jagdhunde<\/a> f\u00fcr die Dachs- und Fuchsjagd zu erhalten, woher der Dackel vermutlich auch seinen heutigen Namen bekommen hat. Neben der Bezeichnung als Dackel ist er auch unter den Namen Teckel und Dachshund bekannt.<\/p>\n<p>1888 wurde schlie\u00dflich der Deutsche Teckelclub gegr\u00fcndet, der erstmals einige Rassestandards f\u00fcr den Dachshund festlegte. Erst danach erfreuten sich die kurzbeinigen Hunde auch au\u00dferhalb Deutschlands immer gr\u00f6\u00dferer Beliebtheit, sodass 1925 erste internationale Standards von der FCI folgten.<\/p>\n<p><img decoding=\"async\" class=\"alignnone size-large wp-image-2213\" src=\"https:\/\/tierisch-verliebt.de\/magazin\/wp-content\/uploads\/2023\/08\/Dackel-1-918x1024.jpg\" alt=\"Dackel\" width=\"910\" height=\"1015\" srcset=\"https:\/\/tierisch-verliebt.de\/magazin\/wp-content\/uploads\/2023\/08\/Dackel-1-918x1024.jpg 918w, https:\/\/tierisch-verliebt.de\/magazin\/wp-content\/uploads\/2023\/08\/Dackel-1-269x300.jpg 269w, https:\/\/tierisch-verliebt.de\/magazin\/wp-content\/uploads\/2023\/08\/Dackel-1-768x857.jpg 768w, https:\/\/tierisch-verliebt.de\/magazin\/wp-content\/uploads\/2023\/08\/Dackel-1.jpg 1147w\" sizes=\"(max-width: 910px) 100vw, 910px\" \/><\/p>\n<h2>\u00dcberlegungen vor der Anschaffung eines Dackels<\/h2>\n<p>Aufgrund der hohen Lebenserwartung ist die Anschaffung eines Dackels zwar nicht f\u00fcr ein sprichw\u00f6rtliches ganzes Leben, doch immerhin f\u00fcr eine hoffentlich sehr lange Zeit. Dementsprechend gut sollte man sich den Kauf eines solchen Vierbeiners vorher \u00fcberlegen, gerade wenn man auf die Besonderheiten des Dackels schaut.<\/p>\n<p>Die selbstbewussten Hunde z\u00e4hlen zwar zu den kleineren Rassen, machen daher aber nicht weniger aufwand als gr\u00f6\u00dfere Hunde. Vor allem die konsequente Erziehung eines Dackels kann Nerven und Zeit kosten, da die Hunde sehr dickk\u00f6pfig und selbstst\u00e4ndig sein k\u00f6nnen. Auch ihr Jagdtrieb sollte nicht au\u00dfer acht gelassen werden, weswegen diese Rasse nicht nur Auslauf, sondern vor allem auch viel Besch\u00e4ftigung haben m\u00f6chte.<\/p>\n<p>Hinzu kommen laufende <a href=\"https:\/\/tierisch-verliebt.de\/magazin\/unterhalt-eines-hundes\/\">Kosten<\/a> f\u00fcr Futter, Hundesteuer, Tierarzt und Zubeh\u00f6r, die auch nicht zu verachten sind und bei etwaigen Krankheitsf\u00e4llen zudem schnell ansteigen k\u00f6nnen. Wer allerdings kein Problem damit hat bei Wind und Wetter an der frischen Luft zu sein und seinem Dackel die Aufmerksamkeit und Zeit schenkt, die er verdient, der hat einen loyalen Partner gefunden, der sich mit der richtigen Erziehung auch bestens als Familienhund eignet.<\/p>\n<h2>Geeignete Aktivit\u00e4ten f\u00fcr den Dackel<\/h2>\n<p>Obwohl der Dackel eine recht kleine Hunderasse ist, ben\u00f6tigt er ausgiebigen Auslauf und vor allem viel Besch\u00e4ftigung um zufrieden und gesund zu bleiben. Ausgedehnte Spazierg\u00e4nge oder Wanderungen halten ihn gut auf Trab, wobei Bewegung alleine nicht ausreicht. Als Jagdhund gez\u00fcchtet verf\u00fcgt er auch heute noch \u00fcber einen ausgepr\u00e4gten Jagdinstinkt und liebt es zu st\u00f6bern und auch zu buddeln. Wenn er nicht gerade jagdlich gef\u00fchrt wird, sind vor allem F\u00e4hrten-, St\u00f6ber- und Versteckspiele genau richtig f\u00fcr den agilen und intelligenten Hund.<\/p>\n<p>Auch Mantrailing, Intelligenzspielzeuge und Apportierspiele eignen sich gut, um den Dackel zu besch\u00e4ftigen, wohingegen man auf Sportarten wie Agility besser verzichten sollte. Dackel neigen aufgrund ihres K\u00f6rperbaus zu Bandscheibenvorf\u00e4llen, weswegen Treppensteigen und Springen schnell mit einem Besuch beim Tierarzt enden k\u00f6nnen.<\/p>\n<p><img decoding=\"async\" class=\"alignnone size-large wp-image-2212\" src=\"https:\/\/tierisch-verliebt.de\/magazin\/wp-content\/uploads\/2023\/08\/Dackel-2-1024x776.jpg\" alt=\"Dackel\" width=\"910\" height=\"690\" srcset=\"https:\/\/tierisch-verliebt.de\/magazin\/wp-content\/uploads\/2023\/08\/Dackel-2-1024x776.jpg 1024w, https:\/\/tierisch-verliebt.de\/magazin\/wp-content\/uploads\/2023\/08\/Dackel-2-300x227.jpg 300w, https:\/\/tierisch-verliebt.de\/magazin\/wp-content\/uploads\/2023\/08\/Dackel-2-768x582.jpg 768w, https:\/\/tierisch-verliebt.de\/magazin\/wp-content\/uploads\/2023\/08\/Dackel-2.jpg 1280w\" sizes=\"(max-width: 910px) 100vw, 910px\" \/><\/p>\n<h2>Rassemerkmale des Dackels<\/h2>\n<p>Schon auf den ersten Blick l\u00e4sst sich der Dackel anhand seines Fells in drei unterschiedliche Typen einteilen. Kurzhaardackel haben ein, wie der Name bereits andeutet, kurzes glattes und eher dichtes Fell. Langhaardeckel hingegen haben ein langes und sehr weiches Fell, w\u00e4hrend Rauhaardackel ein kurzes und sehr drahtiges Fell besitzen.<\/p>\n<p>Und auch an unterschiedlichen Farbvarianten mangelt es dem Dackel nicht. Sein Farbspektrum reicht von gelb, \u00fcber orange und rot bis hin zu braun, schwarz und saufarben. Dabei k\u00f6nnen Dackel sowohl einfarbig als auch zweifarbig vorkommen, ebenso wie gefleckt und gestromt. Allein gescheckte Dackel sind hierzulande (und von der FCI) nicht anerkannt, erfreuen sich allerdings in den USA unter dem Namen Piebalds einer gewissen Aufmerksamkeit.<\/p>\n<p>Neben der Unterscheidung der Fellmerkmale werden Dackel zudem aufgrund ihres K\u00f6rperbaus in drei unterschiedliche Kategorien eingeteilt. Die kleinsten Dackel mit einem Brustumfang bis zu 30 cm werden als Kaninchenteckel bezeichnet. Alles mit einem Brustumfang zwischen 30 cm und 35 cm geh\u00f6rt zu der Kategorie der Zwergteckel und die gr\u00f6\u00dferen Vertreter mit einem Brustumfang ab 35 cm geh\u00f6ren zu den Teckeln.<\/p>\n<p>Allen gemeinsam ist allerdings der grundlegende K\u00f6rperbau des Dackels, der charakteristisch \u00fcber einen sehr langen R\u00fccken und sehr kurze Beine verf\u00fcgt. Dackel sind damit eher lang als hoch, weswegen sie sich hervorragend f\u00fcr die Baujagd eignen. Zudem sind sie sehr muskul\u00f6s gebaut, tragen ihren Kopf aufrecht hoch und besitzen ausschlie\u00dflich rund geformte h\u00e4ngende Ohren. Ihre Schnauze ist ebenso schmal und l\u00e4nglich wie ihr K\u00f6rperbau, was dem Dackel alles in allem eine unverwechselbare Gestalt gibt.<\/p>\n<h2>Geeignete Ern\u00e4hrung f\u00fcr den Dackel<\/h2>\n<p>Nat\u00fcrlich tr\u00e4gt vor allem eine gesunde und ausgewogene <a href=\"https:\/\/tierisch-verliebt.de\/magazin\/havaneser-ernaehrung\/\">Ern\u00e4hrung<\/a> zum Wohlbefinden des Dackels bei. H\u00e4ufig sind die Hunde nicht gerade w\u00e4hlerisch, was die Futtersorte angeht und nehmen sowohl Nass- als auch Trockenfutter oder auch das Barfen sehr gut an.<\/p>\n<p>Egal f\u00fcr welche Futterart von welchem Hersteller man sich auch entscheidet, man sollte immer gut darauf achten, welche Mengen der Dackel frisst. Bei kaum einer Hunderasse wirkt sich \u00dcbergewicht bereits so gravierend auf den R\u00fccken und damit die Gesundheit des Hundes aus, wie bei den kurzbeinigen Jagdhunden. Aufgrund ihres \u00fcberdurchschnittlich langen K\u00f6rperbaus kann es bei \u00dcbergewicht sehr schnell zu allerlei R\u00fcckenleiden kommen, die mit einer ausgewogenen Ern\u00e4hrung und gen\u00fcgend sportlicher Besch\u00e4ftigung leicht vermieden werden k\u00f6nnen.<\/p>\n<p><img decoding=\"async\" class=\"alignnone wp-image-2937\" src=\"https:\/\/tierisch-verliebt.de\/magazin\/wp-content\/uploads\/2025\/01\/ernaehrung-Dachshund.webp\" alt=\"ernaehrung-dackel\" width=\"600\" height=\"600\" srcset=\"https:\/\/tierisch-verliebt.de\/magazin\/wp-content\/uploads\/2025\/01\/ernaehrung-Dachshund.webp 1024w, https:\/\/tierisch-verliebt.de\/magazin\/wp-content\/uploads\/2025\/01\/ernaehrung-Dachshund-300x300.webp 300w, https:\/\/tierisch-verliebt.de\/magazin\/wp-content\/uploads\/2025\/01\/ernaehrung-Dachshund-150x150.webp 150w, https:\/\/tierisch-verliebt.de\/magazin\/wp-content\/uploads\/2025\/01\/ernaehrung-Dachshund-768x768.webp 768w\" sizes=\"(max-width: 600px) 100vw, 600px\" \/><\/p>\n<h2>FAQ<\/h2>\n<h3>1. Sind Dackel f\u00fcr Ersthundebesitzer geeignet?<\/h3>\n<p>Dackel sind loyale, intelligente und charmante Hunde, die sich mit der richtigen Erziehung auch f\u00fcr Ersthundebesitzer eignen. Allerdings erfordern sie Geduld, Konsequenz und ein gewisses Ma\u00df an Erfahrung mit stureren Hunden. Wer bereit ist, sich auf ihren starken Charakter einzulassen und f\u00fcr ausreichende Besch\u00e4ftigung zu sorgen, wird mit einem treuen und unterhaltsamen Begleiter belohnt.<\/p>\n<h3>2. Wie viel Platz ben\u00f6tigt ein Dackel?<\/h3>\n<p>Dackel ben\u00f6tigen wenig Platz in der Wohnung, aber ausreichend Bewegung und eine r\u00fcckenfreundliche Umgebung. Ein Garten ist kein Muss, solange regelm\u00e4\u00dfige Spazierg\u00e4nge und Besch\u00e4ftigung gew\u00e4hrleistet sind. Wer darauf achtet, dass der Dackel keine Treppen steigt und keine hohen Spr\u00fcnge macht, kann ihn problemlos in jeder Wohnsituation halten.<\/p>\n<h3>3. Wie pflegeintensiv ist ein Dackel?<\/h3>\n<p>Dackel sind insgesamt pflegeleichte Hunde, aber ihre Fellpflege variiert je nach Felltyp. Kurzhaardackel sind am einfachsten zu pflegen, w\u00e4hrend Langhaardackel mehr B\u00fcrsten und gelegentliches Baden ben\u00f6tigen. Besondere Aufmerksamkeit verdienen die Ohren, Z\u00e4hne und der R\u00fccken, um gesundheitliche Probleme zu vermeiden. Wer diese Punkte beachtet, hat mit einem Dackel einen unkomplizierten und pflegearmen Begleiter.<\/p>\n<h3>4. Vertr\u00e4gt sich der Dackel mit anderen Haustieren?<\/h3>\n<p>Dackel sind soziale Hunde, die sich gut mit anderen Hunden und manchmal auch mit Katzen verstehen k\u00f6nnen \u2013 wenn sie fr\u00fch daran gew\u00f6hnt werden. Aufgrund ihres Jagdtriebs sind sie jedoch nicht ideal f\u00fcr Haushalte mit Kleintieren. Mit der richtigen Erziehung und einer langsamen Einf\u00fchrung kann das Zusammenleben mit anderen Haustieren jedoch gut funktionieren.<\/p>\n<h3>5. Wie lange kann ein Dackel alleine bleiben?<\/h3>\n<p>Dackel sind keine Hunde, die gerne lange alleine bleiben. Mit gutem Training k\u00f6nnen sie bis zu 4\u20136 Stunden allein sein, aber l\u00e4ngere Zeiten sollten vermieden werden. Wer oft au\u00dfer Haus ist, sollte eine Betreuung oder Alternativen in Betracht ziehen, um seinen Dackel gl\u00fccklich und ausgeglichen zu halten.<\/p>\n","protected":false},"excerpt":{"rendered":"<p>Nicht ohne Grund ist der Dackel, auch Teckel oder Dachshund genannt, eine der beliebtesten Hunderassen Deutschlands. Der neugierige und freundliche<\/p>\n","protected":false},"author":2,"featured_media":552,"parent":0,"menu_order":0,"comment_status":"closed","ping_status":"closed","template":"","meta":{"ngg_post_thumbnail":0,"footnotes":""},"class_list":["post-549","page","type-page","status-publish","has-post-thumbnail","hentry","comments-off"],"aioseo_notices":[],"_links":{"self":[{"href":"https:\/\/tierisch-verliebt.de\/magazin\/wp-json\/wp\/v2\/pages\/549","targetHints":{"allow":["GET"]}}],"collection":[{"href":"https:\/\/tierisch-verliebt.de\/magazin\/wp-json\/wp\/v2\/pages"}],"about":[{"href":"https:\/\/tierisch-verliebt.de\/magazin\/wp-json\/wp\/v2\/types\/page"}],"author":[{"embeddable":true,"href":"https:\/\/tierisch-verliebt.de\/magazin\/wp-json\/wp\/v2\/users\/2"}],"replies":[{"embeddable":true,"href":"https:\/\/tierisch-verliebt.de\/magazin\/wp-json\/wp\/v2\/comments?post=549"}],"version-history":[{"count":5,"href":"https:\/\/tierisch-verliebt.de\/magazin\/wp-json\/wp\/v2\/pages\/549\/revisions"}],"predecessor-version":[{"id":3133,"href":"https:\/\/tierisch-verliebt.de\/magazin\/wp-json\/wp\/v2\/pages\/549\/revisions\/3133"}],"wp:featuredmedia":[{"embeddable":true,"href":"https:\/\/tierisch-verliebt.de\/magazin\/wp-json\/wp\/v2\/media\/552"}],"wp:attachment":[{"href":"https:\/\/tierisch-verliebt.de\/magazin\/wp-json\/wp\/v2\/media?parent=549"}],"curies":[{"name":"wp","href":"https:\/\/api.w.org\/{rel}","templated":true}]}}