{"id":479,"date":"2019-11-05T20:15:42","date_gmt":"2019-11-05T19:15:42","guid":{"rendered":"https:\/\/tierisch-verliebt.de\/magazin\/?page_id=479"},"modified":"2025-02-07T15:15:45","modified_gmt":"2025-02-07T14:15:45","slug":"bernhardiner","status":"publish","type":"page","link":"https:\/\/tierisch-verliebt.de\/magazin\/bernhardiner\/","title":{"rendered":"Bernhardiner &#8211; Das Portrait"},"content":{"rendered":"<p>Das Portrait des Bernhardiners zeigt eine sanftm\u00fctige und imposante Hunderasse, die f\u00fcr ihre Gutm\u00fctigkeit, ihre Schutzinstinkte und ihre enge Bindung zu ihrer Familie bekannt ist. Der Bernhardiner wird auch St. Bernhardshund genannt. Er ist eine von Seiten des FCI anerkannte Hunderasse und geh\u00f6rt in die Gruppe der Pinscher, Schnauzer, Molossoide und Schweizer Sennenhunde.<\/p>\n\n<h2>Steckbrief<\/h2>\n<p><img decoding=\"async\" alt=\"check\" src=\"https:\/\/tierisch-verliebt.de\/magazin\/wp-content\/uploads\/2019\/06\/check-icon-16.png\"> <strong>Lebenserwartung:<\/strong> 8 bis 10 Jahre<br \/>\n<img decoding=\"async\" alt=\"check\" src=\"https:\/\/tierisch-verliebt.de\/magazin\/wp-content\/uploads\/2019\/06\/check-icon-16.png\"> <strong>Gewicht:<\/strong> 65 bis 90 kg<br \/>\n<img decoding=\"async\" alt=\"check\" src=\"https:\/\/tierisch-verliebt.de\/magazin\/wp-content\/uploads\/2019\/06\/check-icon-16.png\"> <strong>Widerristh\u00f6he:<\/strong> 60 bis 90 cm<br \/>\n<img decoding=\"async\" alt=\"check\" src=\"https:\/\/tierisch-verliebt.de\/magazin\/wp-content\/uploads\/2019\/06\/check-icon-16.png\"> <strong>Charakter:<\/strong> ruhig, wachsam, freundlich, geduldig, liebevoll<br \/>\n<img decoding=\"async\" alt=\"check\" src=\"https:\/\/tierisch-verliebt.de\/magazin\/wp-content\/uploads\/2019\/06\/check-icon-16.png\"> <strong>Farben:<\/strong> rot, wei\u00df, braun; mehrfarbig<br \/>\n<img decoding=\"async\" alt=\"check\" src=\"https:\/\/tierisch-verliebt.de\/magazin\/wp-content\/uploads\/2019\/06\/check-icon-16.png\"> <strong>FCI-Gruppe:<\/strong> <a href=\"https:\/\/tierisch-verliebt.de\/magazin\/fci-gruppen\/\">FCI-Gruppe 2<\/a><br \/>\n<img decoding=\"async\" alt=\"check\" src=\"https:\/\/tierisch-verliebt.de\/magazin\/wp-content\/uploads\/2019\/06\/check-icon-16.png\"> <strong>Kosten:<\/strong> Zwischen 1000 &amp; 1500 Euro<\/p>\n<h2>Wesen und Charakter<\/h2>\n<p>Der Bernhardiner f\u00e4llt zun\u00e4chst durch seine massige Erscheinung auf. Dieser zum Trotz ist er aber vom Wesen her ein sehr sensibler und zuverl\u00e4ssiger Hund. Er \u00fcberzeugt mit seinem Sanftmut und kann sehr liebevoll und anh\u00e4nglich sein. Auch Fremden gegen\u00fcber versp\u00fcrt er keine Aggressionen. Er ist der ideale Familienhund, da er sehr ruhig und ausgeglichen ist. Er braucht den Kontakt mit Menschen und die Familie in seinem Umfeld.<\/p>\n<p>Durch die enge Verbundenheit entwickelt er auch einen besonderen Schutzinstinkt. Er kann sehr wachsam sein. Dabei tritt er sehr selbstsicher auf. Er ist zudem sehr kinderlieb. Ein weiteres typisches Charakterium des Bernhardiners ist seine bei Zeiten auftretende Dickk\u00f6pfigkeit. Andererseits ist er aber auch sehr geduldig und bellt eher wenig.<\/p>\n<h2><img decoding=\"async\" class=\"alignnone size-large wp-image-2025\" src=\"https:\/\/tierisch-verliebt.de\/magazin\/wp-content\/uploads\/2023\/05\/Bernhardiner-3-1024x683.jpg\" alt=\"Bernhardiner\" width=\"910\" height=\"607\" srcset=\"https:\/\/tierisch-verliebt.de\/magazin\/wp-content\/uploads\/2023\/05\/Bernhardiner-3-1024x683.jpg 1024w, https:\/\/tierisch-verliebt.de\/magazin\/wp-content\/uploads\/2023\/05\/Bernhardiner-3-300x200.jpg 300w, https:\/\/tierisch-verliebt.de\/magazin\/wp-content\/uploads\/2023\/05\/Bernhardiner-3-768x512.jpg 768w, https:\/\/tierisch-verliebt.de\/magazin\/wp-content\/uploads\/2023\/05\/Bernhardiner-3-1536x1024.jpg 1536w, https:\/\/tierisch-verliebt.de\/magazin\/wp-content\/uploads\/2023\/05\/Bernhardiner-3.jpg 1920w\" sizes=\"(max-width: 910px) 100vw, 910px\" \/><\/h2>\n<h2>Herkunft &amp; Geschichte<\/h2>\n<p>Gegen 1050 wurde das Hospiz auf dem Gro\u00dfen St. Bernhard gegr\u00fcndet. Die Hunde, die dort lebten, bezeichnete man entsprechend als Bernhardiner. Gegen Ende des 17. Jahrhunderts dann gingen die Bernhardiner in den Dienst der M\u00f6nche. Zu dieser Zeit war die Zucht noch nicht in konstanter Weise m\u00f6glich und die einzelnen Tiere wurden maximal 8 Jahre alt. Der damalige Bernhardiner hat optisch nicht viel gemein mit dem heutigen Bernhardiner. Zu klaren \u00e4u\u00dferlichen Merkmalen kam es erst gegen Ende des 19. Jahrhunderts. Zudem kamen nun Hunde mit langem Fell hinzu. In Deutschland war die Rasse unter dem Begriff \u201eAlpenhund\u201c bekannt.<\/p>\n<p>Erst im Jahr 1887 wurde der Schweizer Standard eingef\u00fchrt und anerkannt. Seinen Bekanntheitsgrad erlangte der Bernhardiner haupts\u00e4chlich durch seine Eins\u00e4tze als Lawinenhund. Diese waren f\u00fcr das Hospiz auf dem Gro\u00dfen St. Bernhard im Einsatz und wurden von den M\u00f6nchen ausgebildet. Ein besonders bekannter Vertreter war der Bernhardiner Barry, welcher mehr als 40 Menschen das Leben rettete.<\/p>\n<p>Mit der Zeit haben sich die Rassemerkmale allerdings ver\u00e4ndert, so dass der Bernhardiner nicht mehr so gut als Lawinensp\u00fcrhund geeignet ist. Dies liegt vor allem an seiner Gr\u00f6\u00dfe und seinem Gewicht. Einzelne Bernhardiner werden aber nach wie vor noch in der Fondation Barry in Martigny ausgebildet. Seit dem Jahr 1884 gilt er Bernhardiner zudem als Nationalhund der Schweiz. Er ist aber heutzutage meist nur noch Haus- und Begleithund.<\/p>\n<h2>\u00dcberlegungen vor der Anschaffung<\/h2>\n<p>Der Bernhardiner ist ein sehr gro\u00dfes Tier. Aus diesem Grund muss man sich vor der Anschaffung zum einen \u00fcberlegen, ob die R\u00e4umlichkeiten gen\u00fcgend Platz bieten und man dem Tier auch ausreichend Auslauf garantieren kann. Auch sollte das Auto eine gewisse Gr\u00f6\u00dfe mitbringen, um den Hund bei Bedarf auch problemlos mitf\u00fchren zu k\u00f6nnen. F\u00fcr die Haltung in der Wohnung ist der Bernhardiner nicht geeignet.<\/p>\n<p>Im Haus sollte man nicht zu viele glatte B\u00f6den haben. Zudem ist es nicht gut f\u00fcr die Gelenke des Bernhardiners, wenn er h\u00e4ufig Treppen steigen muss. Beim Spaziergang braucht der Bernhardiner keine au\u00dfergew\u00f6hnlichen sportlichen Bet\u00e4tigungen. Er ist eher der gem\u00fctliche Vertreter. Trotzdem braucht er ausreichend Auslauf. Zudem sollte man eine gewisse Erfahrung im Umgang mit Hunden mitbringen.<\/p>\n<p><img decoding=\"async\" class=\"alignnone size-large wp-image-2027\" src=\"https:\/\/tierisch-verliebt.de\/magazin\/wp-content\/uploads\/2023\/05\/Bernhardiner-1-1024x874.jpg\" alt=\"Bernhardiner\" width=\"910\" height=\"777\" srcset=\"https:\/\/tierisch-verliebt.de\/magazin\/wp-content\/uploads\/2023\/05\/Bernhardiner-1-1024x874.jpg 1024w, https:\/\/tierisch-verliebt.de\/magazin\/wp-content\/uploads\/2023\/05\/Bernhardiner-1-300x256.jpg 300w, https:\/\/tierisch-verliebt.de\/magazin\/wp-content\/uploads\/2023\/05\/Bernhardiner-1-768x655.jpg 768w, https:\/\/tierisch-verliebt.de\/magazin\/wp-content\/uploads\/2023\/05\/Bernhardiner-1-1536x1310.jpg 1536w, https:\/\/tierisch-verliebt.de\/magazin\/wp-content\/uploads\/2023\/05\/Bernhardiner-1.jpg 1920w\" sizes=\"(max-width: 910px) 100vw, 910px\" \/><\/p>\n<p>Besonders gro\u00dfe Hunde m\u00fcssen richtig erzogen werden und bed\u00fcrfen einer starken und kontrollierenden Hand. Das Herrchen oder Frauchen muss sich durchsetzen k\u00f6nnen. Dies ist bei dieser Rasse besonders wichtig, da Bernhardiner \u00fcber eine gewisse Dickk\u00f6pfigkeit verf\u00fcgen. Gehorcht das Tier nicht, kann es schwer werden, einen Hund in dieser Gr\u00f6\u00dfe zu halten oder zu bewegen.<\/p>\n<h3>Kosten<\/h3>\n<p>Ein gro\u00dfer Hund kostet nat\u00fcrlich auch entsprechend. Bei der Anschaffung eines Bernhardiners muss man etwa 1.000 Euro einkalkulieren. Hinzu kommen die <a href=\"https:\/\/tierisch-verliebt.de\/magazin\/unterhalt-eines-hundes\/\">Kosten<\/a> f\u00fcr die Erstausstattung wie ein K\u00f6rbchen oder eine Hundeh\u00fctte, Spielzeug, Fress- und Trinkn\u00e4pfe sowie Halsband und Leine. Auch entsprechende Pflegeutensilien m\u00fcssen angeschafft werden, da der Bernhardiner \u00fcber ein langes Fell verf\u00fcgt, welches regelm\u00e4\u00dfig geb\u00fcrstet und gestriegelt werden muss. Nicht zuletzt sind es aber besonders die Kosten f\u00fcr das Futter, die hoch zu Buche schlagen. Ein Bernhardiner kann ein Gewicht von bis zu 120 Kilogramm erreichen.<\/p>\n<p>Entsprechend hoch ist auch sein Bedarf an Nahrung. Zudem sollte man auch immer die Kosten f\u00fcr einen notwendigen Tierarztbesuch mit einkalkulieren. Generell sollte man das Tier nicht zu h\u00e4ufig alleine lassen. Wer also st\u00e4ndig unterwegs ist, der sollte sich lieber keinen Hund anschaffen. Da der Bernhardiner ein familienfreundliches Tier ist, ist es aber kein Problem, wenn Kinder im Haushalt sind.<\/p>\n<h2>Geeignete Aktivit\u00e4ten<\/h2>\n<p>Der Bernhardiner ist kein Hund, der besonders aktiv ist. Er ist eher gem\u00fctlich. Daher muss man hier keine besonderen Hundesportarten durchf\u00fchren. Dreimal am Tag sollte er dennoch ausgef\u00fchrt werden. Dabei reichen ausgiebige Spazierg\u00e4nge. Einem Ball jagt der Bernhardiner nicht gerne hinterher.<\/p>\n<h2><img decoding=\"async\" class=\"alignnone size-large wp-image-2026\" src=\"https:\/\/tierisch-verliebt.de\/magazin\/wp-content\/uploads\/2023\/05\/Bernhardiner-2-1024x798.jpg\" alt=\"Bernhardiner\" width=\"910\" height=\"709\" srcset=\"https:\/\/tierisch-verliebt.de\/magazin\/wp-content\/uploads\/2023\/05\/Bernhardiner-2-1024x798.jpg 1024w, https:\/\/tierisch-verliebt.de\/magazin\/wp-content\/uploads\/2023\/05\/Bernhardiner-2-300x234.jpg 300w, https:\/\/tierisch-verliebt.de\/magazin\/wp-content\/uploads\/2023\/05\/Bernhardiner-2-768x598.jpg 768w, https:\/\/tierisch-verliebt.de\/magazin\/wp-content\/uploads\/2023\/05\/Bernhardiner-2-1536x1197.jpg 1536w, https:\/\/tierisch-verliebt.de\/magazin\/wp-content\/uploads\/2023\/05\/Bernhardiner-2.jpg 1920w\" sizes=\"(max-width: 910px) 100vw, 910px\" \/><\/h2>\n<h2>Rassemerkmale<\/h2>\n<p>Der Bernhardiner ist der optimale Familienhund, da er sehr ruhig und gelassen ist sowie kinderlieb. Man muss sich allerdings gegen den Dickkopf durchsetzen k\u00f6nnen. Dabei darf man aber keine H\u00e4rte anwenden. Ein konsequentes Verhalten ist das A und O. Grunds\u00e4tzlich kann man mit einem Bernhardiner aber einen treuen Begleiter f\u00fcrs Leben finden. Der Bernhardiner neigt zu gewissen rassetypischen Erkrankungen. Hierzu geh\u00f6rt vor allem ein Hautproblem, welches ein Resultat der Zucht ist. Weiter k\u00f6nnen die Tiere auch unter epileptischen Anf\u00e4llen leiden.<\/p>\n<p>Ein Problem der Rasse ist das schnelle Wachstum. Der K\u00f6rper kommt hier nicht so schnell hinterher, so dass sich auch hierdurch Probleme entwickeln k\u00f6nnen. Dadurch sinkt auch die Lebenserwartung. Viele Bernhardiner haben auch Probleme mit den Augen. Hier bilden sich h\u00e4ufig H\u00e4ngeaugen aus. Diese m\u00fcssen besonders gepflegt werden und k\u00f6nnen langfristig zu ernsthaften Sch\u00e4den f\u00fchren.<\/p>\n<p>Weitere rassetypische Krankheiten sind zudem Krebs oder auch eine H\u00fcftgelenksdysplasie und andere Knochenprobleme. Die generelle Lebenserwartung eines Bernhardiners ist vergleichsweise gering und liegt zwischen 8 und 10 Jahren.<\/p>\n<h2>Geeignete Ern\u00e4hrung<\/h2>\n<p>Da die Junghunde sehr schnell wachsen, ben\u00f6tigen sie ein entsprechend n\u00e4hrstoffreiches Futter. Diese muss im Einklang mit der Bewegung des Hundes stehen, die nicht vernachl\u00e4ssigt werden darf. Bei der Wahl des Futters ist auf eine gute Qualit\u00e4t zu achten und auf ausreichende Mengen. Allerdings kann es bei ausgewachsenen Bernhardinern zu einer Magendehnung kommen. Daher sollte man lieber mehrere kleine Portionen verf\u00fcttern. Vor allem Fleisch sollte den Hauptanteil des Futters ausmachen. Ansonsten muss das Futter sehr n\u00e4hrstoffhaltig sein. Verf\u00fcttern kann man sowohl Trocken- als auch Nassfutter. F\u00fcr die Gelenke empfehlen sich zudem Omega-3-Fetts\u00e4uren.<\/p>\n<p><img decoding=\"async\" class=\"alignnone wp-image-2729\" src=\"https:\/\/tierisch-verliebt.de\/magazin\/wp-content\/uploads\/2024\/09\/bernhardiner-essen.webp\" alt=\"bernhardiner-essen\" width=\"600\" height=\"600\" srcset=\"https:\/\/tierisch-verliebt.de\/magazin\/wp-content\/uploads\/2024\/09\/bernhardiner-essen.webp 1024w, https:\/\/tierisch-verliebt.de\/magazin\/wp-content\/uploads\/2024\/09\/bernhardiner-essen-300x300.webp 300w, https:\/\/tierisch-verliebt.de\/magazin\/wp-content\/uploads\/2024\/09\/bernhardiner-essen-150x150.webp 150w, https:\/\/tierisch-verliebt.de\/magazin\/wp-content\/uploads\/2024\/09\/bernhardiner-essen-768x768.webp 768w\" sizes=\"(max-width: 600px) 100vw, 600px\" \/><\/p>\n<h2>FAQ<\/h2>\n<p><strong>Wie viel Pflege ben\u00f6tigt ein Bernhardiner?<\/strong><\/p>\n<p>Bernhardiner haben ein dichtes Fell, das regelm\u00e4\u00dfiges B\u00fcrsten erfordert, um Verfilzungen zu verhindern und abgestorbene Haare zu entfernen. Besonders w\u00e4hrend des Fellwechsels sollten sie h\u00e4ufiger geb\u00fcrstet werden.<\/p>\n<p><strong>Wie viel Bewegung braucht ein Bernhardiner?<\/strong><\/p>\n<p>Trotz ihrer Gr\u00f6\u00dfe sind Bernhardiner relativ ruhige Hunde, die moderate Bewegung ben\u00f6tigen. T\u00e4gliche Spazierg\u00e4nge und gelegentliche l\u00e4ngere Ausfl\u00fcge reichen aus, um sie fit und gesund zu halten.<\/p>\n<p><strong>Sind Bernhardiner familienfreundlich?<\/strong><\/p>\n<p>Ja, Bernhardiner sind bekannt f\u00fcr ihre Freundlichkeit und Geduld. Sie sind besonders gut f\u00fcr Familien geeignet und kommen gut mit Kindern und anderen Haustieren aus.<\/p>\n<p><strong>Welche gesundheitlichen Probleme k\u00f6nnen bei Bernhardinern auftreten?<\/strong><\/p>\n<p>Aufgrund ihrer Gr\u00f6\u00dfe sind Bernhardiner anf\u00e4llig f\u00fcr H\u00fcft- und Ellbogendysplasie. Sie k\u00f6nnen auch Herzprobleme oder Magenprobleme (Magendrehung) entwickeln. Regelm\u00e4\u00dfige tier\u00e4rztliche Untersuchungen sind wichtig.<\/p>\n<p><strong>Wie alt wird ein Bernhardiner?<\/strong><\/p>\n<p>Leider haben Bernhardiner eine relativ kurze Lebenserwartung im Vergleich zu anderen Hunderassen. Sie leben im Durchschnitt 8 bis 10 Jahre.<\/p>\n","protected":false},"excerpt":{"rendered":"<p>Das Portrait des Bernhardiners zeigt eine sanftm\u00fctige und imposante Hunderasse, die f\u00fcr ihre Gutm\u00fctigkeit, ihre Schutzinstinkte und ihre enge Bindung<\/p>\n","protected":false},"author":2,"featured_media":480,"parent":0,"menu_order":0,"comment_status":"closed","ping_status":"closed","template":"","meta":{"ngg_post_thumbnail":0,"footnotes":""},"class_list":["post-479","page","type-page","status-publish","has-post-thumbnail","hentry","comments-off"],"aioseo_notices":[],"_links":{"self":[{"href":"https:\/\/tierisch-verliebt.de\/magazin\/wp-json\/wp\/v2\/pages\/479","targetHints":{"allow":["GET"]}}],"collection":[{"href":"https:\/\/tierisch-verliebt.de\/magazin\/wp-json\/wp\/v2\/pages"}],"about":[{"href":"https:\/\/tierisch-verliebt.de\/magazin\/wp-json\/wp\/v2\/types\/page"}],"author":[{"embeddable":true,"href":"https:\/\/tierisch-verliebt.de\/magazin\/wp-json\/wp\/v2\/users\/2"}],"replies":[{"embeddable":true,"href":"https:\/\/tierisch-verliebt.de\/magazin\/wp-json\/wp\/v2\/comments?post=479"}],"version-history":[{"count":5,"href":"https:\/\/tierisch-verliebt.de\/magazin\/wp-json\/wp\/v2\/pages\/479\/revisions"}],"predecessor-version":[{"id":3059,"href":"https:\/\/tierisch-verliebt.de\/magazin\/wp-json\/wp\/v2\/pages\/479\/revisions\/3059"}],"wp:featuredmedia":[{"embeddable":true,"href":"https:\/\/tierisch-verliebt.de\/magazin\/wp-json\/wp\/v2\/media\/480"}],"wp:attachment":[{"href":"https:\/\/tierisch-verliebt.de\/magazin\/wp-json\/wp\/v2\/media?parent=479"}],"curies":[{"name":"wp","href":"https:\/\/api.w.org\/{rel}","templated":true}]}}