{"id":474,"date":"2019-11-05T19:49:15","date_gmt":"2019-11-05T18:49:15","guid":{"rendered":"https:\/\/tierisch-verliebt.de\/magazin\/?page_id=474"},"modified":"2025-01-08T18:26:10","modified_gmt":"2025-01-08T17:26:10","slug":"tibet-terrier","status":"publish","type":"page","link":"https:\/\/tierisch-verliebt.de\/magazin\/tibet-terrier\/","title":{"rendered":"Tibet Terrier &#8211; Heiliger Tibetaner"},"content":{"rendered":"<p>Der kleine lustige Wuschelhund passt bestens zu Kindern. Intelligent und froh gelaunt tollt er gern mit der gesamten Familie herum. Bekannt ist der charmante Terrier auch als &#8216;Heiliger Tibetanischer Hund&#8217;. Seine Spuren f\u00fchren in die Antike vor 2000 Jahren ins tibetanische Hochgebirge.<\/p>\n\n<h2>Steckbrief<\/h2>\n<p><img decoding=\"async\" alt=\"check\" src=\"https:\/\/tierisch-verliebt.de\/magazin\/wp-content\/uploads\/2019\/06\/check-icon-16.png\"> <strong>Lebenserwartung:<\/strong> 12 bis 15 Jahre<br \/>\n<img decoding=\"async\" alt=\"check\" src=\"https:\/\/tierisch-verliebt.de\/magazin\/wp-content\/uploads\/2019\/06\/check-icon-16.png\"> <strong>Gewicht:<\/strong> 8 bis 15 kg<br \/>\n<img decoding=\"async\" alt=\"check\" src=\"https:\/\/tierisch-verliebt.de\/magazin\/wp-content\/uploads\/2019\/06\/check-icon-16.png\"> <strong>Widerristh\u00f6he:<\/strong> 30 bis 41 cm<br \/>\n<img decoding=\"async\" alt=\"check\" src=\"https:\/\/tierisch-verliebt.de\/magazin\/wp-content\/uploads\/2019\/06\/check-icon-16.png\"> <strong>Charakter:<\/strong> freundlich, lernwillig, verspielt, anh\u00e4nglich, intelligent<br \/>\n<img decoding=\"async\" alt=\"check\" src=\"https:\/\/tierisch-verliebt.de\/magazin\/wp-content\/uploads\/2019\/06\/check-icon-16.png\"> <strong>Farben:<\/strong> wei\u00df, creme, grau oder schwarz, mehrfarbig<br \/>\n<img decoding=\"async\" alt=\"check\" src=\"https:\/\/tierisch-verliebt.de\/magazin\/wp-content\/uploads\/2019\/06\/check-icon-16.png\"> <strong>FCI-Gruppe:<\/strong> <a href=\"https:\/\/tierisch-verliebt.de\/magazin\/fci-gruppen\/\">FCI-Gruppe 9<\/a><br \/>\n<img decoding=\"async\" alt=\"check\" src=\"https:\/\/tierisch-verliebt.de\/magazin\/wp-content\/uploads\/2019\/06\/check-icon-16.png\"> <strong>Kosten:<\/strong> Zwischen 850 &amp; 1200 Euro<\/p>\n<p><img decoding=\"async\" class=\"alignnone size-large wp-image-2411\" src=\"https:\/\/tierisch-verliebt.de\/magazin\/wp-content\/uploads\/2023\/08\/Tibet-Terrier-3-1024x683.jpg\" alt=\"Tibet Terrier\" width=\"910\" height=\"607\" srcset=\"https:\/\/tierisch-verliebt.de\/magazin\/wp-content\/uploads\/2023\/08\/Tibet-Terrier-3-1024x683.jpg 1024w, https:\/\/tierisch-verliebt.de\/magazin\/wp-content\/uploads\/2023\/08\/Tibet-Terrier-3-300x200.jpg 300w, https:\/\/tierisch-verliebt.de\/magazin\/wp-content\/uploads\/2023\/08\/Tibet-Terrier-3-768x512.jpg 768w, https:\/\/tierisch-verliebt.de\/magazin\/wp-content\/uploads\/2023\/08\/Tibet-Terrier-3.jpg 1280w\" sizes=\"(max-width: 910px) 100vw, 910px\" \/><\/p>\n<h2>Herkunft&nbsp;<\/h2>\n<p>Er lebte einst in Himalaja-Kl\u00f6stern. Die buddistischen M\u00f6nche behandelten den Hund respektvoll, denn nach buddistisch-tibetanischer Kultur waren die langfelligen Hunde (Apsos) &#8216;Auferstandene Seelen&#8217;. Deshalb durften sie nicht verkauft werden. Man verschenkte sie, um sich f\u00fcr geleistete Dienste zu bedanken.<\/p>\n<p>Oder die M\u00f6nche tauschten ihre Hunde mit Hirtenhunden der Nomaden. Gro\u00dfe Hunde sollten mit den Nomaden weiterziehen, denn ihnen dienten sie im Flachland als Hirtenhund. Im Gegenzug bekamen die M\u00f6nche kleine Wach- und Gesellschaftshunde f\u00fcr ihre Kl\u00f6ster.<\/p>\n<p>Zwischen beiden Arten unterschied man nicht. Der Austausch lief konstant. Auch zwischen den Kl\u00f6stern tauschten die M\u00f6nche Hunde aus. So zollte man einander Respekt und Freundschaft und erfrischte obendrein das Blut ihrer Hunde-Arten. Die \u00fcberbrachten Hunde waren meist R\u00fcden. Behandelte man sie anst\u00e4ndig, sollten sie Gl\u00fcck bringen.<\/p>\n<h2>Geschichte<\/h2>\n<p>Die Rassebezeichnung &#8216;Tibet Terrier&#8217; ist eigentlich Quatsch, weil sie gar keine <a title=\"Portrait zur Hunderasse der Terrier\" href=\"https:\/\/tierisch-verliebt.de\/magazin\/terrier\/\">Terrier<\/a> sind. Sie haben keinen Geruchsinstinkt und buddeln nicht in der Erde herum. Eigentlich m\u00fcssten sie &#8216;Aspo Tibet&#8217; oder &#8216;Tsang Apso&#8217; genannt werden. Tibetanisch &#8216;Apso&#8217; bedeutet &#8216;langfelliger Hund&#8217;.<\/p>\n<p>Offiziell gelangte der Terrier in den 20er Jahren in den Westen. Und das war so: Ein tibetanischer Boss und seine Frau brauchten \u00e4rztliche Hilfe. Darum fuhren sie zusammen mit ihrer schwangeren H\u00fcndin Lily nach Cawnpore in Indien. Dort wurden sie von Frau Dr. Greig behandelt. Doktor Greig passte w\u00e4hrend der Genesungszeit ihrer Patientin auf Lily und ihre Welpen auf.<\/p>\n<p>Zum Dank schenkte ihr das tibetanische Paar den Welpen Bunti. Bunti war wei\u00df mit honigfarbenen T\u00f6nen. Doktor Greig pr\u00e4sentierte fortan Bunti auf Ausstellungen als &#8216;Llasa Terrier&#8217;. Der &#8216;Kennel-Club von Indien&#8217; pr\u00fcfte die Arten und bestimmte das Programm. Es begann mit Bunti und Rajah, ebenfalls ein Geschenk von Tibetanern. Ein erster Wurf am 24. Dezember 1924 war somit ein besonderes Weihnachtsgeschenk.<\/p>\n<p>Als Dr. Greig sp\u00e4ter zur\u00fcck nach England reiste, veranlasste sie weitere Kreuzungen. &#8216;Mr. Binks of Ladkok&#8217; und noch zwei Welpen kamen zur Welt. 1927 reiste sie in Begleitung von Mr. Binks nach Indien zur\u00fcck und pr\u00e4sentierte ihn als &#8216;Lhasa Terrier von England&#8217;. Von einem tibetanischen Lama erhielt sie einen R\u00fcden, den sie &#8216;Thoombay of Ladkok&#8217; nannte.<\/p>\n<p>Als Dankesch\u00f6n schickte sie einen Welpen Thombays ob Ladkok ans Kloster. Fortan kreierte sie die &#8216;Lamlah&#8217;-Z\u00fcchtung. 1930 erkannte der &#8216;Kennel Club von Indien&#8217; den &#8216;Tibet Terrier&#8217; offiziell an und ein Jahr sp\u00e4ter der &#8216;Kennel Club von England&#8217; ebenfalls. Die ersten beiden Ausstellungssieger von England waren &#8216;Thoombau of Ladkok&#8217; und &#8216;Jana Lamleh&#8217; der Familie Greig. Thoombau erhielt am 7. Dezember 1938 den Titel und Jana am 4. Juli 1939. Jana war die Urenkelin von Bunti.<\/p>\n<p><img decoding=\"async\" class=\"alignnone size-large wp-image-2410\" src=\"https:\/\/tierisch-verliebt.de\/magazin\/wp-content\/uploads\/2023\/08\/Tibet-Terrier-2-1024x682.jpg\" alt=\"Tibet Terrier\" width=\"910\" height=\"606\" srcset=\"https:\/\/tierisch-verliebt.de\/magazin\/wp-content\/uploads\/2023\/08\/Tibet-Terrier-2-1024x682.jpg 1024w, https:\/\/tierisch-verliebt.de\/magazin\/wp-content\/uploads\/2023\/08\/Tibet-Terrier-2-300x200.jpg 300w, https:\/\/tierisch-verliebt.de\/magazin\/wp-content\/uploads\/2023\/08\/Tibet-Terrier-2-768x512.jpg 768w, https:\/\/tierisch-verliebt.de\/magazin\/wp-content\/uploads\/2023\/08\/Tibet-Terrier-2.jpg 1280w\" sizes=\"(max-width: 910px) 100vw, 910px\" \/><\/p>\n<h2>Tibet Terriers Charakter<\/h2>\n<p>Er ist intelligent, liebensw\u00fcrdig und fr\u00f6hlich, und er ist ein treuer Familiengeselle. Die Welpen sind muntere Energieb\u00fcndel. Tibet Terrier sind gute Wachhunde, stets aufmerksam. Bei kleinsten Anzeichen eventueller Gefahr geben sie mit t\u00fcchtigem Gebell geflissentlich Bescheid. Aggressiv werden sie jedoch keineswegs, streits\u00fcchtig auch nicht.<\/p>\n<p>Der Tibet Terrier l\u00e4uft gern viel, spielt fr\u00f6hlich mit Kindern und vertr\u00e4gt sich gut mit Katzen. Man kann ihn in einer Wohnung halten oder im Haus mit Garten sowieso. Allein mag er keineswegs sein. Trotzig ist der Gewohnheitsterrier. Stur stellt er sich bei ungewohnten &#8216;Gassi-Geh-Zeiten&#8217; oder neuen Ruhe-Lagern als seine gewohnten.<\/p>\n<h2>Aktivit\u00e4ten<\/h2>\n<p>Trotz seiner Sturheit l\u00e4sst der Terrier sich gut <a href=\"https:\/\/tierisch-verliebt.de\/magazin\/hunderziehung-grundlegendes\/\">erziehen<\/a>. Er begreift schnell all die seltsamen Anordnungen der Menschen, es sei denn, diese w\u00fcrden mit H\u00e4rte ausgesprochen. Die findet er schlimm und stellt sich dann einfach stur.<\/p>\n<p>Jedenfalls braucht der Hund viel Bewegung. Weil er ein munteres H\u00fcndchen ist, l\u00e4uft er gern viel. Die englische Hundesportart &#8216;Agility&#8217; passt bestens zu ihm, denn hierbei wird viel Bewegung gefordert. Weitere sportliche Aktivit\u00e4ten w\u00e4ren &#8216;Dog-Dance&#8217; und &#8216;Obedience&#8217;. Vielfach wird er ob seiner empathischen Art als Therapiehund ausgebildet.<\/p>\n<h2>Rassemerkmale<\/h2>\n<p>Die F\u00e9d\u00e9ration Cynologique Internationale (FCI) hat unseren spielfreudigen <a href=\"https:\/\/tierisch-verliebt.de\/magazin\/terrier\/\">Terrier<\/a> in die Kategorie 9 der &#8216;Gesellschafts- und Begleithunde&#8217; aufgenommen und in die Sektion 5 der &#8216;Tibetanischen Hunderassen&#8217; einsortiert. Er wird etwa 13 bis 15 Jahre alt. Sein K\u00f6rperbau ist robust und kr\u00e4ftig, und er wird 35-40 Zentimeter gro\u00df. Sein Gewicht kommt auf 11-15 Kilo.<\/p>\n<p>Seine Felltracht tr\u00e4gt er \u00fcppig und wuschlig. Diese w\u00e4rmt ihn sogar bei -40\u00ba. Schlie\u00dflich hatte er einst im Himalaja-Gebirge seine Heimat. Hitze vertr\u00e4gt er auch gut, denn wenn der &#8216;Tibet Apso&#8217; mit langem und der &#8216;Lhasa Apso&#8217; mit zottligem Fell sich bewegt oder ihm frischer Wind durchs Fell weht, wird er prima durchl\u00fcftet.<\/p>\n<p>Das <a href=\"https:\/\/tierisch-verliebt.de\/magazin\/pflege-von-fell-und-zaehnen-des-hundes\/\">Fell<\/a> darf nie auf den Boden reichen, und es darf die Augen nicht verdecken. Sein Fell kann wei\u00df, grau sein, gold-, creme- oder rauchfarben oder sogar schwarz sein. Schwarz-wei\u00dfe und dreifarbige Terrier gibt es ebenfalls. Nur schoko- und leberbraune Terrier erf\u00fcllen nicht den Rasse-Standart. Alle haben ein schwarzes und ledriges N\u00e4schen und dunkle Ringe um die Augen.<\/p>\n<p>Tibet Terrier tappsen auf breiten, flachen und runden Pfoten, denn sie kommen aus dem schneereichen Himalaja. Seine Pf\u00f6tchen dienten einst als Schneeschuhe. Deshalb wird er liebevoll &#8216;Schneel\u00f6we&#8217; genannt.<\/p>\n<p><img decoding=\"async\" class=\"alignnone size-large wp-image-2412\" src=\"https:\/\/tierisch-verliebt.de\/magazin\/wp-content\/uploads\/2023\/08\/Tibet-Terrier-1-1024x682.jpg\" alt=\"Tibet Terrier\" width=\"910\" height=\"606\" srcset=\"https:\/\/tierisch-verliebt.de\/magazin\/wp-content\/uploads\/2023\/08\/Tibet-Terrier-1-1024x682.jpg 1024w, https:\/\/tierisch-verliebt.de\/magazin\/wp-content\/uploads\/2023\/08\/Tibet-Terrier-1-300x200.jpg 300w, https:\/\/tierisch-verliebt.de\/magazin\/wp-content\/uploads\/2023\/08\/Tibet-Terrier-1-768x512.jpg 768w, https:\/\/tierisch-verliebt.de\/magazin\/wp-content\/uploads\/2023\/08\/Tibet-Terrier-1.jpg 1280w\" sizes=\"(max-width: 910px) 100vw, 910px\" \/><\/p>\n<h2>Anschaffung, Gesundheit und Pflege<\/h2>\n<p>Ein Welpe sollte von einem seri\u00f6sen Z\u00fcchter kommen, denn nur der gew\u00e4hrleistet n\u00f6tige Gesundheitsvorsorge. Kaufen Sie keinen Tibet Terrier aus Internet-Anzeigen oder Zeitungsanzeigen, denn diese Z\u00fcchtungen sind meist unkontrolliert. Seri\u00f6se Zuchtvereine m\u00fcssen, wenn Hunde ihrem Rasse-Standard entsprechen sollen, an gesundheitlichen Kontrollma\u00dfnahmen teilnehmen.<\/p>\n<p>Eine genetisch bedingte Krankheit k\u00f6nnte eine &#8216;H\u00fcftgelenkdysplasie&#8217; sein oder eine &#8216;Kniescheiben-Luxation&#8217;, also eine Verrenkung der Knochenenden, da sie kaum noch Kontakt miteinander bilden, ebenso eine &#8216;Atrophie&#8217;, also Gewebeschwund an der inneren Augenhaut, der Retina, auch eine &#8216;Linsenluxation&#8217;, eine Verlagerung der Augenlinse.<\/p>\n<p>Die Erbkrankheit &#8216;Canine Ceroid-Lipofuszionose&#8217; k\u00f6nnte auftreten, welche K\u00f6rper- und Nervenzellen sch\u00e4digt und t\u00f6dlich ist. Das Innenohr k\u00f6nnte erkranken, (&#8216;Kongenitales Vestibularsyndrom&#8217;). Gleichgewichtsst\u00f6rungen und Taubheit w\u00fcrden folgen.<\/p>\n<p>Der Tibet Terrier braucht Proteine, Fleisch, hochwertiges, am besten Muskelfleisch und Innereien. Trocken- sowie Nassfutter darf er bekommen. Doch steht auf der Packung &#8216;Tierische Nebenerzeugnisse&#8217;, ist es minderwertiges <a href=\"https:\/\/tierisch-verliebt.de\/magazin\/insektenproteine-in-hundefutter\/\">Futter<\/a>.<\/p>\n<p>Das Tibet-Terrier-Fell muss mehrmals w\u00f6chentlich gewaschen und geb\u00fcrstet werden. Abgestorbene Haare m\u00fcssen entfernt werden. Doch das Fell ist ein nat\u00fcrlicher Schutz und darf nicht geschoren werden!<\/p>\n<h2 data-pm-slice=\"1 1 []\">FAQ`s<\/h2>\n<h3>Bellen Tibet Terrier viel?<\/h3>\n<p>Tibet Terrier sind von Natur aus wachsame Hunde und haben einen ausgepr\u00e4gten Besch\u00fctzerinstinkt. Sie neigen dazu, zu bellen, wenn sie ungew\u00f6hnliche Ger\u00e4usche h\u00f6ren oder fremde Personen bemerken. Das macht sie zu guten Wachhunden. Allerdings bellen sie nicht grundlos und lassen sich mit konsequenter Erziehung darauf trainieren, in passenden Situationen ruhig zu bleiben. Ein gut sozialisierter Tibet Terrier ist in der Regel kein \u201eDauerbeller\u201c.<\/p>\n<h3>Brauchen Tibet Terrier spezielle Pflege im Winter oder Sommer?<\/h3>\n<p>Ja, Tibet Terrier ben\u00f6tigen in extremen Wetterlagen besondere Aufmerksamkeit.<\/p>\n<ul>\n<li>Winter: Ihr dichtes, langes Fell sch\u00fctzt sie gut vor K\u00e4lte, aber Schnee und Eis k\u00f6nnen sich in den Haaren der Pfoten sammeln. Daher ist es hilfreich, die Haare zwischen den Ballen kurz zu halten und die Pfoten nach Spazierg\u00e4ngen zu reinigen. Zudem sollten Sie Streusalz entfernen, da es die Pfoten reizen kann.<\/li>\n<\/ul>\n<p><img decoding=\"async\" class=\"alignnone size-large wp-image-2854\" src=\"https:\/\/tierisch-verliebt.de\/magazin\/wp-content\/uploads\/2025\/01\/Tibet-Terrier-Winter-1024x682.jpg\" alt=\"\" width=\"910\" height=\"606\" srcset=\"https:\/\/tierisch-verliebt.de\/magazin\/wp-content\/uploads\/2025\/01\/Tibet-Terrier-Winter-1024x682.jpg 1024w, https:\/\/tierisch-verliebt.de\/magazin\/wp-content\/uploads\/2025\/01\/Tibet-Terrier-Winter-300x200.jpg 300w, https:\/\/tierisch-verliebt.de\/magazin\/wp-content\/uploads\/2025\/01\/Tibet-Terrier-Winter-768x512.jpg 768w, https:\/\/tierisch-verliebt.de\/magazin\/wp-content\/uploads\/2025\/01\/Tibet-Terrier-Winter.jpg 1280w\" sizes=\"(max-width: 910px) 100vw, 910px\" \/><\/p>\n<ul>\n<li>Sommer: Ihr Fell sch\u00fctzt sie auch vor Hitze, dennoch sollten Spazierg\u00e4nge in der Mittagshitze vermieden werden. Sorgen Sie daf\u00fcr, dass der Hund immer Zugang zu Schatten und frischem Wasser hat. Regelm\u00e4\u00dfiges B\u00fcrsten im Sommer hilft, abgestorbene Haare zu entfernen und \u00dcberhitzung vorzubeugen.<\/li>\n<\/ul>\n<p><img decoding=\"async\" class=\"alignnone size-large wp-image-2855\" src=\"https:\/\/tierisch-verliebt.de\/magazin\/wp-content\/uploads\/2025\/01\/Tibet-Terrier-Sommer-1024x682.jpg\" alt=\"\" width=\"910\" height=\"606\" srcset=\"https:\/\/tierisch-verliebt.de\/magazin\/wp-content\/uploads\/2025\/01\/Tibet-Terrier-Sommer-1024x682.jpg 1024w, https:\/\/tierisch-verliebt.de\/magazin\/wp-content\/uploads\/2025\/01\/Tibet-Terrier-Sommer-300x200.jpg 300w, https:\/\/tierisch-verliebt.de\/magazin\/wp-content\/uploads\/2025\/01\/Tibet-Terrier-Sommer-768x512.jpg 768w, https:\/\/tierisch-verliebt.de\/magazin\/wp-content\/uploads\/2025\/01\/Tibet-Terrier-Sommer.jpg 1280w\" sizes=\"(max-width: 910px) 100vw, 910px\" \/><\/p>\n<h3>Sind Tibet Terrier allergikerfreundlich?<\/h3>\n<p>Tibet Terrier gelten als potenziell <a href=\"https:\/\/tierisch-verliebt.de\/magazin\/tierhaarallergie\/\">allergikerfreundlich<\/a>, da sie keinen Fellwechsel im klassischen Sinne haben und wenig Haare verlieren. Ihr Fell \u00e4hnelt eher Menschenhaar, was f\u00fcr Allergiker oft vertr\u00e4glicher ist. Allerdings h\u00e4ngt die Vertr\u00e4glichkeit stark von der individuellen Allergie ab (z. B. auf Hautschuppen oder Speichel). Es ist ratsam, vor der Anschaffung Zeit mit einem Tibet Terrier zu verbringen, um m\u00f6gliche Reaktionen zu testen.<\/p>\n<h3>Sind Tibet Terrier f\u00fcr Familien mit Kindern geeignet?<\/h3>\n<p>Ja, Tibet Terrier sind ausgezeichnete <a href=\"https:\/\/tierisch-verliebt.de\/magazin\/haustiere-und-kinder\/\">Familienhunde<\/a> und verstehen sich meist sehr gut mit Kindern. Sie sind verspielt, liebevoll und genie\u00dfen die Aufmerksamkeit der Familie. Wichtig ist jedoch, dass Kinder den respektvollen Umgang mit Hunden lernen. Besonders j\u00fcngere Kinder sollten nicht unbeaufsichtigt mit dem Hund spielen. Bei richtiger Erziehung und Sozialisation ist der Tibet Terrier ein loyaler und geduldiger Begleiter, der perfekt in eine aktive Familie passt.<\/p>\n","protected":false},"excerpt":{"rendered":"<p>Der kleine lustige Wuschelhund passt bestens zu Kindern. Intelligent und froh gelaunt tollt er gern mit der gesamten Familie herum.<\/p>\n","protected":false},"author":2,"featured_media":475,"parent":0,"menu_order":0,"comment_status":"closed","ping_status":"closed","template":"","meta":{"ngg_post_thumbnail":0,"footnotes":""},"class_list":["post-474","page","type-page","status-publish","has-post-thumbnail","hentry","comments-off"],"aioseo_notices":[],"_links":{"self":[{"href":"https:\/\/tierisch-verliebt.de\/magazin\/wp-json\/wp\/v2\/pages\/474","targetHints":{"allow":["GET"]}}],"collection":[{"href":"https:\/\/tierisch-verliebt.de\/magazin\/wp-json\/wp\/v2\/pages"}],"about":[{"href":"https:\/\/tierisch-verliebt.de\/magazin\/wp-json\/wp\/v2\/types\/page"}],"author":[{"embeddable":true,"href":"https:\/\/tierisch-verliebt.de\/magazin\/wp-json\/wp\/v2\/users\/2"}],"replies":[{"embeddable":true,"href":"https:\/\/tierisch-verliebt.de\/magazin\/wp-json\/wp\/v2\/comments?post=474"}],"version-history":[{"count":5,"href":"https:\/\/tierisch-verliebt.de\/magazin\/wp-json\/wp\/v2\/pages\/474\/revisions"}],"predecessor-version":[{"id":2856,"href":"https:\/\/tierisch-verliebt.de\/magazin\/wp-json\/wp\/v2\/pages\/474\/revisions\/2856"}],"wp:featuredmedia":[{"embeddable":true,"href":"https:\/\/tierisch-verliebt.de\/magazin\/wp-json\/wp\/v2\/media\/475"}],"wp:attachment":[{"href":"https:\/\/tierisch-verliebt.de\/magazin\/wp-json\/wp\/v2\/media?parent=474"}],"curies":[{"name":"wp","href":"https:\/\/api.w.org\/{rel}","templated":true}]}}