{"id":470,"date":"2019-11-05T19:20:19","date_gmt":"2019-11-05T18:20:19","guid":{"rendered":"https:\/\/tierisch-verliebt.de\/magazin\/?page_id=470"},"modified":"2025-02-24T08:45:36","modified_gmt":"2025-02-24T07:45:36","slug":"pudel","status":"publish","type":"page","link":"https:\/\/tierisch-verliebt.de\/magazin\/pudel\/","title":{"rendered":"Pudel &#8211; Das Portrait"},"content":{"rendered":"<p>Pudel sind kluge Familienhunde, die urspr\u00fcnglich als apportierende Jagdhunde gez\u00fcchtet wurden. Als gute Schwimmer waren sie insbesondere bei der Jagd auf Wasserv\u00f6gel sehr beliebt. Die FCI (F\u00e9d\u00e9ration Cynologique Internationale) ordnet die anerkannte Rasse in Gruppe 9 zu den Gesellschafts- und Begleithunden ein. Hier kann man nun das vollst\u00e4ndige Portrait dieser Hunderasse finden.<\/p>\n<p>Entsprechend ihrer Gr\u00f6\u00dfe werden Gro\u00dfpudel, Kleinpudel, Zwergpudel und Toypudel unterschieden.<\/p>\n\n<h2>Steckbrief<\/h2>\n<p><img decoding=\"async\" alt=\"check\" src=\"https:\/\/tierisch-verliebt.de\/magazin\/wp-content\/uploads\/2019\/06\/check-icon-16.png\"> <strong>Lebenserwartung:<\/strong> 10 bis 15 Jahre<br \/>\n<img decoding=\"async\" alt=\"check\" src=\"https:\/\/tierisch-verliebt.de\/magazin\/wp-content\/uploads\/2019\/06\/check-icon-16.png\"> <strong>Gewicht:<\/strong> 3 bis 25 kg<br \/>\n<img decoding=\"async\" alt=\"check\" src=\"https:\/\/tierisch-verliebt.de\/magazin\/wp-content\/uploads\/2019\/06\/check-icon-16.png\"> <strong>Widerristh\u00f6he:<\/strong> 24 bis 60 cm<br \/>\n<img decoding=\"async\" alt=\"check\" src=\"https:\/\/tierisch-verliebt.de\/magazin\/wp-content\/uploads\/2019\/06\/check-icon-16.png\"> <strong>Charakter:<\/strong> selbstbewusst, einfallsreich, gehorsam, treu, gelehrig<br \/>\n<img decoding=\"async\" alt=\"check\" src=\"https:\/\/tierisch-verliebt.de\/magazin\/wp-content\/uploads\/2019\/06\/check-icon-16.png\"> <strong>Farben:<\/strong> schwarz, wei\u00df, braun, silber, apricot, rot<br \/>\n<img decoding=\"async\" alt=\"check\" src=\"https:\/\/tierisch-verliebt.de\/magazin\/wp-content\/uploads\/2019\/06\/check-icon-16.png\"> <strong>FCI-Gruppe:<\/strong> <a href=\"https:\/\/tierisch-verliebt.de\/magazin\/fci-gruppen\/\">FCI-Gruppe 9<\/a><br \/>\n<img decoding=\"async\" alt=\"check\" src=\"https:\/\/tierisch-verliebt.de\/magazin\/wp-content\/uploads\/2019\/06\/check-icon-16.png\"> <strong>Kosten:<\/strong> Zwischen 650 &amp; 1500 Euro<\/p>\n<p><img decoding=\"async\" class=\"alignnone size-large wp-image-2364\" src=\"https:\/\/tierisch-verliebt.de\/magazin\/wp-content\/uploads\/2023\/08\/Pudel-1-1024x680.jpg\" alt=\"Pudel\" width=\"910\" height=\"604\" srcset=\"https:\/\/tierisch-verliebt.de\/magazin\/wp-content\/uploads\/2023\/08\/Pudel-1-1024x680.jpg 1024w, https:\/\/tierisch-verliebt.de\/magazin\/wp-content\/uploads\/2023\/08\/Pudel-1-300x199.jpg 300w, https:\/\/tierisch-verliebt.de\/magazin\/wp-content\/uploads\/2023\/08\/Pudel-1-768x510.jpg 768w, https:\/\/tierisch-verliebt.de\/magazin\/wp-content\/uploads\/2023\/08\/Pudel-1.jpg 1280w\" sizes=\"(max-width: 910px) 100vw, 910px\" \/><\/p>\n<h2>Wesen und Charakter<\/h2>\n<p>Ein Pudel ist ein gutm\u00fctiger fr\u00f6hlicher Hund, der bis ins Alter verspielt bleibt. Als kinderlieber und freundlicher Zeitgenosse ist er ein idealer Familienhund. Dennoch ist er kein Spielzeug. Bei Bedarf verteidigt er seine Familie gegen\u00fcber Fremden. Der Pudel ist ein anpassungsf\u00e4higes Tier, das mit neuen Situationen gut zurechtkommt. Mit anderen Hunden vertr\u00e4gt er sich gut. Auch mit Katzen hat er im Allgemeinen keine Probleme. Die Lernfreude von Pudeln macht ihre <a href=\"https:\/\/tierisch-verliebt.de\/magazin\/hunderziehung-grundlegendes\/\">Erziehung<\/a> leichter. Neues wird mit Begeisterung aufgenommen. Auf Stimmungsschwankungen ihres Herrchens reagieren Pudel einf\u00fchlsam.<\/p>\n<h2>Herkunft und Geschichte<\/h2>\n<p>Pudel sind mit den von Nordafrika nach Europa eingef\u00fchrten Wasserhunden verwandt. Zum <a href=\"https:\/\/tierisch-verliebt.de\/magazin\/jagdhunde\/\">Jagen<\/a> und Apportieren von Wasserv\u00f6geln wurden sie mit Vorliebe eingesetzt. Fischern halfen sie beim Ausbringen der Netze. Die heute noch \u00fcbliche Schur an den Hinterbeinen sollte den Hunden die Bewegung im Wasser erleichtern. Zum Schutz von Herz und Lunge blieb das Fell im Brustbereich lang. Im Zirkus begeisterten die lernf\u00e4higen Pudel mit ihren Kunstst\u00fccken.<\/p>\n<p>Zu Beginn der Zucht waren nur Gro\u00dfpudel und Kleinpudel vertreten. Im 17. und 18. Jahrhundert wurden Pudel beim franz\u00f6sischen Adel als Scho\u00dfhunde immer beliebter. Sie wurden frisiert, gepudert und parf\u00fcmiert. Ende des 19. Jahrhunderts hielten Pudel vermehrt Einzug in die H\u00e4user der einfachen Leute. Der Wunsch nach kleineren Exemplaren f\u00fchrte zur Zucht der Zwergpudel.<\/p>\n<p>Als Rassestandard wurde der Zwergpudel um 1930 anerkannt. 1985 folgte die Anerkennung des Toypudel als Rasse. Zeitweise waren Pudel die beliebtesten Hunde der Deutschen. Heutzutage sind Pudel meist Familienhunde oder werden als Blindenf\u00fchrhunde oder Sp\u00fcrhunde eingesetzt. Der Name Pudel kommt wahrscheinlich aus dem Altdeutschen vom Wort puddeln und bedeutet \u201eim Wasser plantschen\u201c.<\/p>\n<p><img decoding=\"async\" class=\"alignnone size-large wp-image-2362\" src=\"https:\/\/tierisch-verliebt.de\/magazin\/wp-content\/uploads\/2023\/08\/Pudel-3-1024x682.jpg\" alt=\"Pudel\" width=\"910\" height=\"606\" srcset=\"https:\/\/tierisch-verliebt.de\/magazin\/wp-content\/uploads\/2023\/08\/Pudel-3-1024x682.jpg 1024w, https:\/\/tierisch-verliebt.de\/magazin\/wp-content\/uploads\/2023\/08\/Pudel-3-300x200.jpg 300w, https:\/\/tierisch-verliebt.de\/magazin\/wp-content\/uploads\/2023\/08\/Pudel-3-768x512.jpg 768w, https:\/\/tierisch-verliebt.de\/magazin\/wp-content\/uploads\/2023\/08\/Pudel-3.jpg 1280w\" sizes=\"(max-width: 910px) 100vw, 910px\" \/><\/p>\n<h2>\u00dcberlegungen vor der Anschaffung<\/h2>\n<p>Ein Pudel f\u00fchlt sich sowohl in einer Stadtwohnung, als auch in einem Haus mit gro\u00dfem Garten wohl. Er braucht einen aktiven Menschen, der sich viel mit ihm bewegt und geistig f\u00f6rdert. Gen\u00fcgend Auslauf ist Grundvoraussetzung. Das lockige Fell ben\u00f6tigt ausreichend Pflege. Es muss t\u00e4glich geb\u00fcrstet werden, um nicht zu verfilzen.<\/p>\n<p>Da das <a href=\"https:\/\/tierisch-verliebt.de\/magazin\/pflege-von-fell-und-zaehnen-des-hundes\/\">Fell<\/a> recht lang wird, ist eine regelm\u00e4\u00dfige Schur notwendig. Wenn Sie sich die Schur nicht selbst zutrauen, m\u00fcssen Sie alle zwei Monate mit Kosten f\u00fcr den Hundefriseur rechnen. Weiterhin kommen Ausgaben f\u00fcr Futter, Spielzeug, Schlafkorb und Arztbesuche auf sie zu. Ein Pudelwelpe vom Z\u00fcchter kostet bis zu 1500 Euro.<\/p>\n<p>Pudel k\u00f6nnen 15 Jahre alt werden. Einzelne Exemplare erreichen ein stolzes Alter von 18 Jahren. Das ist eine lange Zeit, in der Sie f\u00fcr Ihren vierbeinigen Freund sorgen m\u00fcssen. Pudel sind nicht gern allein. Wenn Sie verreisen, sollten hundefreundliche Urlaubsziele ausgew\u00e4hlt werden.<\/p>\n<h2>Geeignete Aktivit\u00e4ten<\/h2>\n<p>Trotz ihres eleganten \u00c4u\u00dferen, faul herumliegen m\u00f6gen die agilen Hunde \u00fcberhaupt nicht. Sie sind \u00e4u\u00dferst spielfreudig und intelligent. Beim Hundesport k\u00f6nnen sie ihre Lernf\u00e4higkeit unter Beweis stellen. Mit Begeisterung \u00fcberwinden die aufgeweckten Pudel einen Hindernisparcours. Sie laufen Slalom, springen \u00fcber Hindernisse oder durchlaufen eine R\u00f6hre.<\/p>\n<p>Da Pudel urspr\u00fcnglich Jagdhunde waren, ist Flyball ein ideales <a href=\"https:\/\/tierisch-verliebt.de\/magazin\/spiele-fuer-hunde-zu-hause\/\">Spiel<\/a> f\u00fcr den flinken gelehrigen Hund. Schnelligkeit und Pr\u00e4zision werden bei diesem Mannschaftssport gef\u00f6rdert. Dabei muss der Pudel \u00fcber H\u00fcrden springen, ein Pedal bet\u00e4tigen und den dadurch herausgeschleuderten Tennisball fangen. Dog-Dancing und Hunderennen sind Aktivit\u00e4ten, die dem Pudel Spa\u00df machen.<\/p>\n<p>Gro\u00dfpudel haben sich als wertvolle Helfer f\u00fcr den Menschen einen Namen gemacht. Der mit dem Menschen eng verbundene Hund gibt bei entsprechender Ausbildung einen exzellenten Blindenf\u00fchrhund ab. Auch als Therapiehund, Drogensuchhund oder Rettungshund leisten Pudel gute Dienste.<\/p>\n<p><img decoding=\"async\" class=\"alignnone size-large wp-image-2363\" src=\"https:\/\/tierisch-verliebt.de\/magazin\/wp-content\/uploads\/2023\/08\/Pudel-2-1024x682.jpg\" alt=\"Pudel\" width=\"910\" height=\"606\" srcset=\"https:\/\/tierisch-verliebt.de\/magazin\/wp-content\/uploads\/2023\/08\/Pudel-2-1024x682.jpg 1024w, https:\/\/tierisch-verliebt.de\/magazin\/wp-content\/uploads\/2023\/08\/Pudel-2-300x200.jpg 300w, https:\/\/tierisch-verliebt.de\/magazin\/wp-content\/uploads\/2023\/08\/Pudel-2-768x512.jpg 768w, https:\/\/tierisch-verliebt.de\/magazin\/wp-content\/uploads\/2023\/08\/Pudel-2.jpg 1280w\" sizes=\"(max-width: 910px) 100vw, 910px\" \/><\/p>\n<h2>Rassemerkmale<\/h2>\n<p>Ein harmonischer Gesamteindruck geh\u00f6rt zum Erscheinungsbild des stolz wirkenden Hundes. Ein vornehmer Kopf mit schwarzen oder tiefbraunen Augen ist angestrebt. Die Kopfhaltung soll grazi\u00f6s sein. Der K\u00f6rper des Pudels ist quadratisch mit schmaler Brust. Dadurch wirken die Hinterbeine lang und elegant. Charakteristisch ist ein leichtf\u00fc\u00dfiger t\u00e4nzelnder Gang. In Bewegung tr\u00e4gt er die Rute schr\u00e4g nach oben gerichtet. Typisch ist sein lockiges dichtes Fell, das bei einigen Tieren sehr lang werden kann. Wird es regelm\u00e4\u00dfig gek\u00fcrzt, bleiben die Locken sichtbar. Beim Pudel gibt es keinen Fellwechsel. Sein Fell w\u00e4chst st\u00e4ndig weiter und haart kaum.<\/p>\n<p>Ziemlich lange Ohren h\u00e4ngen entlang der Wangen herab. Sie haben abgerundete Spitzen und sind mit langem welligen Haar bedeckt. Pudel mit lockigem Haar sollen gleichm\u00e4\u00dfig langes Fell und ebenm\u00e4\u00dfige Locken haben. Das Fell der Schn\u00fcrenpudel dagegen bildet feine dichte Schn\u00fcre, die mindestens zwanzig Zentimeter lang sind. Als anerkannte Ausstellungsschur sind L\u00f6wenschur, Moderne Schur, Englische Schur und Puppy-Schur zugelassen.<\/p>\n<h2>Geeignete Ern\u00e4hrung<\/h2>\n<p>Gesundes vitaminreiches Futter ist die Grundlage f\u00fcr die Ern\u00e4hrung des Pudels. Wenn Sie sich f\u00fcr ein Fertigfutter entscheiden, achten Sie auf die Zusammensetzung. Das Futter sollte aus nat\u00fcrlichen Zutaten ohne k\u00fcnstliche Zusatzstoffe bestehen. Eine ausgewogene Mischung aus Nassfutter und Trockenfutter ist ideal. Die Futtermenge richtet sich nach Gr\u00f6\u00dfe, Alter und Bewegung.<\/p>\n<h2 data-pm-slice=\"1 1 []\">FAQ`s<\/h2>\n<p><img decoding=\"async\" class=\"alignnone size-large wp-image-2895\" src=\"https:\/\/tierisch-verliebt.de\/magazin\/wp-content\/uploads\/2025\/01\/Pudel-1024x682.jpg\" alt=\"\" width=\"910\" height=\"606\" srcset=\"https:\/\/tierisch-verliebt.de\/magazin\/wp-content\/uploads\/2025\/01\/Pudel-1024x682.jpg 1024w, https:\/\/tierisch-verliebt.de\/magazin\/wp-content\/uploads\/2025\/01\/Pudel-300x200.jpg 300w, https:\/\/tierisch-verliebt.de\/magazin\/wp-content\/uploads\/2025\/01\/Pudel-768x512.jpg 768w, https:\/\/tierisch-verliebt.de\/magazin\/wp-content\/uploads\/2025\/01\/Pudel.jpg 1280w\" sizes=\"(max-width: 910px) 100vw, 910px\" \/><\/p>\n<h3>Sind Pudel f\u00fcr Allergiker geeignet?<\/h3>\n<p>Ja, Pudel gelten als eine der Hunderassen, die besser f\u00fcr<a href=\"https:\/\/tierisch-verliebt.de\/magazin\/tierhaarallergie\/\"> Allergiker<\/a> geeignet sind. Ihr Fell verliert kaum Haare und produziert weniger Schuppen, was die Allergieausl\u00f6ser minimiert. Dennoch sollte ein Allergiker vor der Anschaffung Zeit mit einem Pudel verbringen, um sicherzugehen, dass keine Reaktion auftritt.<\/p>\n<h3>Wie viel kostet die Haltung eines Pudels?<\/h3>\n<p>Die Kosten variieren je nach Gr\u00f6\u00dfe des Pudels (Toy, Zwerg, Mittel oder Gro\u00dfpudel) und individuellen Bed\u00fcrfnissen. Hier eine grobe \u00dcbersicht:<\/p>\n<ul>\n<li>Anschaffungskosten: Zwischen 1.000 und 2.500 Euro (je nach Z\u00fcchter).<\/li>\n<\/ul>\n<p>Laufende Kosten pro Monat:<\/p>\n<ul>\n<li>Futter: 40\u201380 Euro.<\/li>\n<li>Tierarzt (Impfungen, Vorsorge): ca. 15\u201320 Euro im Schnitt.<\/li>\n<li><a href=\"https:\/\/tierisch-verliebt.de\/magazin\/hundefrisuren\/\">Hundefriseur<\/a>: ca. 50\u2013100 Euro alle 6\u20138 Wochen.<\/li>\n<li>Versicherung und Steuern: 10\u201330 Euro.<\/li>\n<\/ul>\n<p>Insgesamt k\u00f6nnen monatlich 100\u2013200 Euro anfallen.<\/p>\n<p><img decoding=\"async\" class=\"alignnone size-large wp-image-2896\" src=\"https:\/\/tierisch-verliebt.de\/magazin\/wp-content\/uploads\/2025\/01\/pudel-1-1024x682.jpg\" alt=\"\" width=\"910\" height=\"606\" srcset=\"https:\/\/tierisch-verliebt.de\/magazin\/wp-content\/uploads\/2025\/01\/pudel-1-1024x682.jpg 1024w, https:\/\/tierisch-verliebt.de\/magazin\/wp-content\/uploads\/2025\/01\/pudel-1-300x200.jpg 300w, https:\/\/tierisch-verliebt.de\/magazin\/wp-content\/uploads\/2025\/01\/pudel-1-768x512.jpg 768w, https:\/\/tierisch-verliebt.de\/magazin\/wp-content\/uploads\/2025\/01\/pudel-1.jpg 1280w\" sizes=\"(max-width: 910px) 100vw, 910px\" \/><\/p>\n<h3>Welche typischen Krankheiten treten bei Pudeln auf?<\/h3>\n<p>Pudel sind generell robust und langlebig, k\u00f6nnen jedoch zu bestimmten erblich bedingten Erkrankungen neigen:<\/p>\n<ul>\n<li>Patellaluxation: Vor allem bei kleineren Pudeln, eine Fehlstellung der Kniescheibe.<\/li>\n<li>Augenprobleme: Katarakt (grauer Star) oder progressive Retinaatrophie (PRA).<\/li>\n<li>Ohrenentz\u00fcndungen: Durch ihr dichtes Fell in den Ohren neigen Pudel zu Ohrproblemen.<\/li>\n<li>H\u00fcftdysplasie: Vor allem bei gr\u00f6\u00dferen Pudeln ein Thema.<\/li>\n<\/ul>\n<p>Regelm\u00e4\u00dfige Vorsorgeuntersuchungen und eine gute Zuchtwahl minimieren diese Risiken.<\/p>\n","protected":false},"excerpt":{"rendered":"<p>Pudel sind kluge Familienhunde, die urspr\u00fcnglich als apportierende Jagdhunde gez\u00fcchtet wurden. Als gute Schwimmer waren sie insbesondere bei der Jagd<\/p>\n","protected":false},"author":2,"featured_media":471,"parent":0,"menu_order":0,"comment_status":"closed","ping_status":"closed","template":"","meta":{"ngg_post_thumbnail":0,"footnotes":""},"class_list":["post-470","page","type-page","status-publish","has-post-thumbnail","hentry","comments-off"],"aioseo_notices":[],"_links":{"self":[{"href":"https:\/\/tierisch-verliebt.de\/magazin\/wp-json\/wp\/v2\/pages\/470","targetHints":{"allow":["GET"]}}],"collection":[{"href":"https:\/\/tierisch-verliebt.de\/magazin\/wp-json\/wp\/v2\/pages"}],"about":[{"href":"https:\/\/tierisch-verliebt.de\/magazin\/wp-json\/wp\/v2\/types\/page"}],"author":[{"embeddable":true,"href":"https:\/\/tierisch-verliebt.de\/magazin\/wp-json\/wp\/v2\/users\/2"}],"replies":[{"embeddable":true,"href":"https:\/\/tierisch-verliebt.de\/magazin\/wp-json\/wp\/v2\/comments?post=470"}],"version-history":[{"count":5,"href":"https:\/\/tierisch-verliebt.de\/magazin\/wp-json\/wp\/v2\/pages\/470\/revisions"}],"predecessor-version":[{"id":3160,"href":"https:\/\/tierisch-verliebt.de\/magazin\/wp-json\/wp\/v2\/pages\/470\/revisions\/3160"}],"wp:featuredmedia":[{"embeddable":true,"href":"https:\/\/tierisch-verliebt.de\/magazin\/wp-json\/wp\/v2\/media\/471"}],"wp:attachment":[{"href":"https:\/\/tierisch-verliebt.de\/magazin\/wp-json\/wp\/v2\/media?parent=470"}],"curies":[{"name":"wp","href":"https:\/\/api.w.org\/{rel}","templated":true}]}}