{"id":450,"date":"2019-11-04T08:16:11","date_gmt":"2019-11-04T07:16:11","guid":{"rendered":"https:\/\/tierisch-verliebt.de\/magazin\/?page_id=450"},"modified":"2026-03-03T09:22:26","modified_gmt":"2026-03-03T08:22:26","slug":"akita-inu","status":"publish","type":"page","link":"https:\/\/tierisch-verliebt.de\/magazin\/akita-inu\/","title":{"rendered":"Akita Inu &#8211; Das Portrait"},"content":{"rendered":"<p>Der exotische Akita Inu besticht nicht nur durch sein tolles Aussehen, sondern auch durch seinen einmaligen Charakter. Die Mischung aus seiner loyalen Freundlichkeit, seinem intelligenten Wesen und seiner rauen Urspr\u00fcnglichkeit machen ihn zu einem faszinierenden, aber auch anspruchsvollen, Familienhund.r<\/p>\n\n<h2>Steckbrief<\/h2>\n<p><img decoding=\"async\" alt=\"check\" src=\"https:\/\/tierisch-verliebt.de\/magazin\/wp-content\/uploads\/2019\/06\/check-icon-16.png\"> <strong>Lebenserwartung:<\/strong> 11 bis 14 Jahre<br \/>\n<img decoding=\"async\" alt=\"check\" src=\"https:\/\/tierisch-verliebt.de\/magazin\/wp-content\/uploads\/2019\/06\/check-icon-16.png\"> <strong>Gewicht:<\/strong> 28 bis 40 kg<br \/>\n<img decoding=\"async\" alt=\"check\" src=\"https:\/\/tierisch-verliebt.de\/magazin\/wp-content\/uploads\/2019\/06\/check-icon-16.png\"> <strong>Widerristh\u00f6he:<\/strong> 58 bis 70 cm<br \/>\n<img decoding=\"async\" alt=\"check\" src=\"https:\/\/tierisch-verliebt.de\/magazin\/wp-content\/uploads\/2019\/06\/check-icon-16.png\"> <strong>Charakter:<\/strong> selbstbewusst, ruhig, konzentriert, intelligent<br \/>\n<img decoding=\"async\" alt=\"check\" src=\"https:\/\/tierisch-verliebt.de\/magazin\/wp-content\/uploads\/2019\/06\/check-icon-16.png\"> <strong>Farben:<\/strong> rot, sesam, gestromt, wei\u00df<br \/>\n<img decoding=\"async\" alt=\"check\" src=\"https:\/\/tierisch-verliebt.de\/magazin\/wp-content\/uploads\/2019\/06\/check-icon-16.png\"> <strong>FCI-Gruppe:<\/strong> <a href=\"https:\/\/tierisch-verliebt.de\/magazin\/fci-gruppen\/\">FCI-Gruppe 5<\/a><br \/>\n<img decoding=\"async\" alt=\"check\" src=\"https:\/\/tierisch-verliebt.de\/magazin\/wp-content\/uploads\/2019\/06\/check-icon-16.png\"> <strong>Kosten:<\/strong> Zwischen 1.250 &amp; 1.600 Euro<\/p>\n<h2>Wesen und Charakter des Akita Inu<\/h2>\n<p>Der Akita Inu ist dem Wolf genetisch noch sehr nah und das merkt man dieser Rasse auch deutlich an. Akitas haben eine starke Pers\u00f6nlichkeit, sind sehr intelligent und verhalten sich nicht unterw\u00fcrfig. Ihre <a href=\"https:\/\/tierisch-verliebt.de\/magazin\/hunderziehung-grundlegendes\/\">Erziehung<\/a> ben\u00f6tigt sehr viel Erfahrung. Zudem merkt man ihnen ihren Ursprung als Jagd- und Schutzhunde an, denn Akitas haben auch heute noch einen ausgepr\u00e4gten Jagd- und Schutztrieb. Sie stehen unheimlich loyal zu ihrer Familie und k\u00f6nnen daher in Notsituationen durchaus entscheiden ihre Lieben bis zum bitteren Ende verteidigen zu wollen.<\/p>\n<p><img decoding=\"async\" class=\"alignnone wp-image-1874 \" src=\"https:\/\/tierisch-verliebt.de\/magazin\/wp-content\/uploads\/2023\/02\/Akita-Inu-1024x683.jpg\" alt=\"Akita Inu \" width=\"569\" height=\"380\" srcset=\"https:\/\/tierisch-verliebt.de\/magazin\/wp-content\/uploads\/2023\/02\/Akita-Inu-1024x683.jpg 1024w, https:\/\/tierisch-verliebt.de\/magazin\/wp-content\/uploads\/2023\/02\/Akita-Inu-300x200.jpg 300w, https:\/\/tierisch-verliebt.de\/magazin\/wp-content\/uploads\/2023\/02\/Akita-Inu-768x512.jpg 768w, https:\/\/tierisch-verliebt.de\/magazin\/wp-content\/uploads\/2023\/02\/Akita-Inu-1536x1024.jpg 1536w, https:\/\/tierisch-verliebt.de\/magazin\/wp-content\/uploads\/2023\/02\/Akita-Inu.jpg 1920w\" sizes=\"(max-width: 569px) 100vw, 569px\" \/><\/p>\n<p>Dabei sind Akitas Menschen gegen\u00fcber deutlich freundlicher eingestellt als ihren eigenen Artgenossen. Aufgrund ihrer ausgepr\u00e4gten Individualdistanz bevorzugen sie andere Hunde nicht in ihrer direkten N\u00e4he und gerade R\u00fcden k\u00f6nnen Artgenossen gegen\u00fcber schnell aggressiv werden. Deshalb eignet sich der Akita nicht unbedingt als Zweithund. Daf\u00fcr ist diese Rasse umso mehr auf ihr Herrchen gepr\u00e4gt und liebt es Familienanschluss zu haben. Dementsprechend eignet sich der Akita bei entsprechender Erziehung und Haltung auch hervorragend als Familienhund.<\/p>\n<p>Der intelligente, ruhige und robuste Akita zeichnet sich zudem auch durch sein Selbstbewusstsein und sein eigenst\u00e4ndiges Denken und Handeln aus. Sieht er keinen Sinn hinter bestimmten Kommandos, wird er sich einfach verweigern. Umgekehrt eignet er sich hervorragend, um in unbekannten Situationen schnell selbstst\u00e4ndige Entscheidungen zu treffen.<\/p>\n<h2>Herkunft und Geschichte<\/h2>\n<p>Der Name der Rasse setzt sich aus der Provinz &#8216;Akita&#8217; in Japan und dem Wort &#8216;Inu&#8217; f\u00fcr &#8216;Hund&#8217; zusammen. Sie ist eine der \u00e4ltesten in Japan gez\u00fcchteten Hunderassen. Schon fr\u00fcher wurden sie zur Jagd auf Kragenb\u00e4ren, Schwarzwild und Federwild eingesetzt und erfreuten sich zudem gro\u00dfer Beliebtheit als Wachhunde und Zughunde. Zudem wurden sie auch in Hundek\u00e4mpfen eingesetzt, bis diese 1908 in Japan verboten wurden.<\/p>\n<p>Bereits 1931 wurde die Rasse zum japanischen Naturdenkmal erkl\u00e4rt, was sie nicht davor bewahrte im Laufe des Zweiten Weltkrieges beinahe ausgerottet zu werden. Fleisch und Fell waren dringend ben\u00f6tigte Waren, weswegen ihre Zahl verschwindend gering wurde. Nach Ende des Krieges entwickelten sich zwei unterschiedliche Zuchtrichtungen von denen eine heute als American Akita bekannt ist und in Japan nicht anerkannt wird. Dort z\u00e4hlt nur ihre eigene Akita Linie, die seither zu ihrer urspr\u00fcnglichen Erscheinungsform zur\u00fcck gez\u00fcchtet werden soll. Beide Linien sind vom FCI gleicherma\u00dfen anerkannt worden.<\/p>\n<h2>\u00dcberlegungen vor der Anschaffung<\/h2>\n<p>Das Portrait des Akita Inu beschreibt eine beeindruckende Hunderasse mit w\u00fcrdevoller Ausstrahlung, starkem Charakter und unersch\u00fctterlicher Loyalit\u00e4t gegen\u00fcber ihren Menschen. Einen Hund zu halten kostet aber viel Zeit und Geld, was auch bei einem Akita Inu der Fall ist. Schon die Anschaffung der reinrassigen Hunde ist kostspielig und auch die laufenden <a href=\"https:\/\/tierisch-verliebt.de\/magazin\/unterhalt-eines-hundes\/\">Kosten<\/a> im Monat f\u00fcr Futter,<a href=\"https:\/\/www.tierarzt-onlineverzeichnis.de\/suche\" target=\"_blank\" rel=\"noopener\"> Tierarzt<\/a>, Steuer, Zubeh\u00f6r, etc. sollten nicht vergessen werden.<\/p>\n<p>Neben den Kosten ist es aber vor allem das Wesen des Akita Inu, was ihn nicht f\u00fcr jedermann geeignet macht. Seine fehlende Unterw\u00fcrfigkeit, seine soziale Unvertr\u00e4glichkeit und sein selbstbewusstes Wesen erfordern eine konsequente, aber liebevolle Erziehung. Einen Akita mit Gewalt und Dominanz unterwerfen zu wollen scheitert kl\u00e4glich und gipfelt h\u00f6chstens in einer aggressiven Antwort des Tieres, weswegen erfahrene Hundehalter gefragt sind, um ihm Manieren beizubringen.<\/p>\n<p><img decoding=\"async\" class=\"alignnone wp-image-1873 \" src=\"https:\/\/tierisch-verliebt.de\/magazin\/wp-content\/uploads\/2023\/02\/Akita-Inu-2-1024x683.jpg\" alt=\"Akita Inu \" width=\"615\" height=\"410\" srcset=\"https:\/\/tierisch-verliebt.de\/magazin\/wp-content\/uploads\/2023\/02\/Akita-Inu-2-1024x683.jpg 1024w, https:\/\/tierisch-verliebt.de\/magazin\/wp-content\/uploads\/2023\/02\/Akita-Inu-2-300x200.jpg 300w, https:\/\/tierisch-verliebt.de\/magazin\/wp-content\/uploads\/2023\/02\/Akita-Inu-2-768x512.jpg 768w, https:\/\/tierisch-verliebt.de\/magazin\/wp-content\/uploads\/2023\/02\/Akita-Inu-2-1536x1024.jpg 1536w, https:\/\/tierisch-verliebt.de\/magazin\/wp-content\/uploads\/2023\/02\/Akita-Inu-2.jpg 1920w\" sizes=\"(max-width: 615px) 100vw, 615px\" \/><\/p>\n<p>Gerade im Welpenalter ist es wichtig, die jungen Akitas so gut wie m\u00f6glich zu sozialisieren, um sp\u00e4tere Probleme mit Artgenossen so gut es geht vermeiden zu k\u00f6nnen. Als Zweithund ist der Akita trotzdem nur bedingt haltbar, was man sich vor der Anschaffung vor Augen f\u00fchren sollte.<\/p>\n<p>Auch der Zeitaufwand f\u00fcr seine Erziehung und vor allem die t\u00e4gliche Besch\u00e4ftigung, sind ein weiterer Ausschlag gebender Punkt. Wer einen Akita halten m\u00f6chte, sollte auch die Zeit haben sich intensiv mit ihm auseinanderzusetzen. Hinzu kommt sein ausgepr\u00e4gter <a href=\"https:\/\/tierisch-verliebt.de\/magazin\/jagdhunde\/\">Jagd<\/a>&#8211; und Schutzinstinkt, mit dem der Besitzer umgehen k\u00f6nnen sollte.<\/p>\n<h2>Geeignete Aktivit\u00e4ten f\u00fcr Akita Inu<\/h2>\n<p>Allen voran braucht der Akita nat\u00fcrlich auch seinen Auslauf, ist allerdings mit gem\u00fctlichen Spazierg\u00e4ngen vollkommen zufrieden. F\u00fcr Hundesport muss er erst begeistert werden und verweigert sich h\u00e4ufig, wenn er keinen Sinn hinter den Kommandos sieht. Als stark selbst denkender und vor allem auch selbst Entscheidungen treffender Hund, liegen ihm reine Sportarten wo es um das Befolgen von Kommandos geht absolut nicht.<\/p>\n<p><a href=\"https:\/\/tierisch-verliebt.de\/magazin\/dogtrekking\/\">Dogtrekking <\/a>oder Mantrailing sind da schon eher sein Ding, zumal er noch heute \u00fcber einen ausgepr\u00e4gten Jagdinstinkt verf\u00fcgt und damit Suchspiele aller Art von Natur aus sein Ding sind. Hauptsache seine Nase ist besch\u00e4ftigt und h\u00e4lt ihn auf Trab.<\/p>\n<p>Zudem sollte man aufgrund seiner gro\u00dfen Individualdistanz Unternehmungen lieber allein mit ihm vornehmen und Orte meiden, an denen sich viele Hunde versammeln.<\/p>\n<p><iframe title=\"Akita Inu (Japanese Akita) | Kraftvolle Hunderasse in freier Natur \u2013 Cinematic Kurzvideo\" width=\"910\" height=\"512\" src=\"https:\/\/www.youtube.com\/embed\/xXdQIVx2yho?feature=oembed\" frameborder=\"0\" allow=\"accelerometer; autoplay; clipboard-write; encrypted-media; gyroscope; picture-in-picture; web-share\" referrerpolicy=\"strict-origin-when-cross-origin\" allowfullscreen><\/iframe><\/p>\n<h2>Rassemerkmale<\/h2>\n<p>Der Akita Inu ist ein muskul\u00f6ser Hund, der zu den Spitzen geh\u00f6rt und dem oftmals eine w\u00fcrdevolle und imposante Haltung nachgesagt wird. Sein dichtes Fell ist kurz und eher hart und grob, besitzt aber eine sehr weiche Unterwolle. Farblich existieren Akitas in den Varianten rot-falbfarben, sesam, gestromt und wei\u00df. Allen gemein ist allerdings die gew\u00fcnschte wei\u00dfe Zeichnung im Gesicht (Maske), ebenso wie wei\u00dfe F\u00e4rbungen an Brust, Beinen, unter dem Bauch und unter der Rute.<\/p>\n<p><img decoding=\"async\" class=\"alignnone wp-image-1876 \" src=\"https:\/\/tierisch-verliebt.de\/magazin\/wp-content\/uploads\/2023\/02\/Akita-Inu-3-1024x683.jpg\" alt=\"Akita Inu\" width=\"620\" height=\"414\" srcset=\"https:\/\/tierisch-verliebt.de\/magazin\/wp-content\/uploads\/2023\/02\/Akita-Inu-3-1024x683.jpg 1024w, https:\/\/tierisch-verliebt.de\/magazin\/wp-content\/uploads\/2023\/02\/Akita-Inu-3-300x200.jpg 300w, https:\/\/tierisch-verliebt.de\/magazin\/wp-content\/uploads\/2023\/02\/Akita-Inu-3-768x512.jpg 768w, https:\/\/tierisch-verliebt.de\/magazin\/wp-content\/uploads\/2023\/02\/Akita-Inu-3-1536x1024.jpg 1536w, https:\/\/tierisch-verliebt.de\/magazin\/wp-content\/uploads\/2023\/02\/Akita-Inu-3.jpg 1920w\" sizes=\"(max-width: 620px) 100vw, 620px\" \/><\/p>\n<p>R\u00fcden erreichen eine Schulterh\u00f6he von bis zu 67 cm, w\u00e4hrend H\u00fcndinnen etwas kleiner sind und bis zu 61 cm gro\u00df werden k\u00f6nnen. Beide bringen ein Gewicht von 35-40 kg auf die Waage. Charakteristisch f\u00fcr den Akita Inu ist vor allem die aufgerollte, buschige Rute und die breite Stirn mit markanter Stirnfurche. Die Ohren sind eher klein, dreieckig, spitz und nach vorn geneigt.<\/p>\n<h2>Geeignete Ern\u00e4hrung f\u00fcr Akita Inu<\/h2>\n<p>Der Akita Inu braucht eine ausgewogene und abwechslungsreiche Ern\u00e4hrung, deren genauer Gehalt stark von seiner Leistung, seinem Alter und seinem Gewicht abh\u00e4ngig ist. Die Portionen sollten weder zu gro\u00df, noch zu klein und frei von \u00fcberfl\u00fcssigen Inhaltsstoffen wie Aromen und Farbstoffen sein. Auch der \u00fcberm\u00e4\u00dfige Zusatz von Futtererg\u00e4nzungsmitteln ist eher kontraproduktiv. Es sollte viel mehr auf eine hochwertige Nahrung geachtet werden, die durch Kauartikel aus Trockenfleisch erg\u00e4nzt werden kann.<\/p>\n<p>Zudem wurde \u00f6fters von allergischen Reaktionen nach dem Verzehr von Futter mit hohen Soja-Anteil oder hohem Proteingehalt berichtet.<\/p>\n<p data-wp-editing=\"1\"><img decoding=\"async\" class=\"wp-image-2697 alignleft\" src=\"https:\/\/tierisch-verliebt.de\/magazin\/wp-content\/uploads\/2024\/09\/Ernaehrung-Akita-Inu.webp\" alt=\"akita-inu-essen\" width=\"600\" height=\"600\" srcset=\"https:\/\/tierisch-verliebt.de\/magazin\/wp-content\/uploads\/2024\/09\/Ernaehrung-Akita-Inu.webp 1024w, https:\/\/tierisch-verliebt.de\/magazin\/wp-content\/uploads\/2024\/09\/Ernaehrung-Akita-Inu-300x300.webp 300w, https:\/\/tierisch-verliebt.de\/magazin\/wp-content\/uploads\/2024\/09\/Ernaehrung-Akita-Inu-150x150.webp 150w, https:\/\/tierisch-verliebt.de\/magazin\/wp-content\/uploads\/2024\/09\/Ernaehrung-Akita-Inu-768x768.webp 768w\" sizes=\"(max-width: 600px) 100vw, 600px\" \/><\/p>\n<h2>FAQ<\/h2>\n<h3>Wie viel Pflege braucht ein Akita Inu?<\/h3>\n<p>Akita Inus haben ein dichtes Doppelfell, das regelm\u00e4\u00dfig geb\u00fcrstet werden sollte, um es sauber und frei von abgestorbenem Haar zu halten. Sie haaren stark, besonders w\u00e4hrend des Fellwechsels, was zus\u00e4tzliche Pflege erfordert.<\/p>\n<h3>Ist der Akita Inu f\u00fcr Anf\u00e4nger geeignet?<\/h3>\n<p>Akita Inus sind unabh\u00e4ngige und starke Pers\u00f6nlichkeiten. Sie sind nicht unbedingt f\u00fcr Anf\u00e4nger geeignet, da sie eine erfahrene und konsequente Hand bei der Erziehung ben\u00f6tigen.<\/p>\n<h3>Wie viel Bewegung braucht ein Akita Inu?<\/h3>\n<p>Obwohl Akita Inus ruhig und gelassen wirken, ben\u00f6tigen sie regelm\u00e4\u00dfige Bewegung, um gesund und ausgeglichen zu bleiben. Lange Spazierg\u00e4nge und mentale Herausforderungen sind ideal f\u00fcr diese Rasse.<\/p>\n<h3>Wie ist das Sozialverhalten des Akita Inu gegen\u00fcber Fremden und anderen Tieren?<\/h3>\n<p>Akita Inus sind oft zur\u00fcckhaltend gegen\u00fcber Fremden und k\u00f6nnen territorial sein. Mit anderen Hunden oder Tieren vertragen sie sich nur, wenn sie fr\u00fch und gut sozialisiert wurden.<\/p>\n<h3>Welche gesundheitlichen Probleme k\u00f6nnen beim Akita Inu auftreten?<\/h3>\n<p>Akita Inus k\u00f6nnen anf\u00e4llig f\u00fcr bestimmte genetische Erkrankungen wie H\u00fcftdysplasie, Schilddr\u00fcsenerkrankungen oder Augenprobleme sein. Regelm\u00e4\u00dfige tier\u00e4rztliche Untersuchungen sind wichtig, um gesundheitliche Probleme fr\u00fch zu erkennen.<\/p>\n","protected":false},"excerpt":{"rendered":"<p>Der exotische Akita Inu besticht nicht nur durch sein tolles Aussehen, sondern auch durch seinen einmaligen Charakter. Die Mischung aus<\/p>\n","protected":false},"author":2,"featured_media":460,"parent":0,"menu_order":0,"comment_status":"closed","ping_status":"closed","template":"","meta":{"ngg_post_thumbnail":0,"footnotes":""},"class_list":["post-450","page","type-page","status-publish","has-post-thumbnail","hentry","comments-off"],"aioseo_notices":[],"_links":{"self":[{"href":"https:\/\/tierisch-verliebt.de\/magazin\/wp-json\/wp\/v2\/pages\/450","targetHints":{"allow":["GET"]}}],"collection":[{"href":"https:\/\/tierisch-verliebt.de\/magazin\/wp-json\/wp\/v2\/pages"}],"about":[{"href":"https:\/\/tierisch-verliebt.de\/magazin\/wp-json\/wp\/v2\/types\/page"}],"author":[{"embeddable":true,"href":"https:\/\/tierisch-verliebt.de\/magazin\/wp-json\/wp\/v2\/users\/2"}],"replies":[{"embeddable":true,"href":"https:\/\/tierisch-verliebt.de\/magazin\/wp-json\/wp\/v2\/comments?post=450"}],"version-history":[{"count":5,"href":"https:\/\/tierisch-verliebt.de\/magazin\/wp-json\/wp\/v2\/pages\/450\/revisions"}],"predecessor-version":[{"id":3539,"href":"https:\/\/tierisch-verliebt.de\/magazin\/wp-json\/wp\/v2\/pages\/450\/revisions\/3539"}],"wp:featuredmedia":[{"embeddable":true,"href":"https:\/\/tierisch-verliebt.de\/magazin\/wp-json\/wp\/v2\/media\/460"}],"wp:attachment":[{"href":"https:\/\/tierisch-verliebt.de\/magazin\/wp-json\/wp\/v2\/media?parent=450"}],"curies":[{"name":"wp","href":"https:\/\/api.w.org\/{rel}","templated":true}]}}