{"id":429,"date":"2019-10-31T22:11:27","date_gmt":"2019-10-31T21:11:27","guid":{"rendered":"https:\/\/tierisch-verliebt.de\/magazin\/?page_id=429"},"modified":"2024-12-19T17:52:41","modified_gmt":"2024-12-19T16:52:41","slug":"yorkshire-terrier","status":"publish","type":"page","link":"https:\/\/tierisch-verliebt.de\/magazin\/yorkshire-terrier\/","title":{"rendered":"Yorkshire Terrier im Portr\u00e4t"},"content":{"rendered":"<p>Der Yorkshire Terrier ist ein Zwergterrier, der ein Gewicht von ungef\u00e4hr drei Kilogramm erreicht. Mit einer Widerristh\u00f6he von circa zwanzig Zentimetern, z\u00e4hlt er zu den kleinsten Hunderassen der Welt. Auffallend sind sein langes Fell, das an beiden Seiten des Scheitels herabh\u00e4ngt und v-f\u00f6rmige Ohren.<\/p>\n\n<h2>Steckbrief<\/h2>\n<p><img decoding=\"async\" alt=\"check\" src=\"https:\/\/tierisch-verliebt.de\/magazin\/wp-content\/uploads\/2019\/06\/check-icon-16.png\"> <strong>Lebenserwartung:<\/strong> 10 bis 15 Jahre<br \/>\n<img decoding=\"async\" alt=\"check\" src=\"https:\/\/tierisch-verliebt.de\/magazin\/wp-content\/uploads\/2019\/06\/check-icon-16.png\"> <strong>Gewicht:<\/strong> 2 bis 3,5 kg<br \/>\n<img decoding=\"async\" alt=\"check\" src=\"https:\/\/tierisch-verliebt.de\/magazin\/wp-content\/uploads\/2019\/06\/check-icon-16.png\"> <strong>Widerristh\u00f6he:<\/strong> 18 bis 25 cm<br \/>\n<img decoding=\"async\" alt=\"check\" src=\"https:\/\/tierisch-verliebt.de\/magazin\/wp-content\/uploads\/2019\/06\/check-icon-16.png\"> <strong>Charakter:<\/strong> intelligent, lebhaft, neugierig, temperamentvoll, witzig<br \/>\n<img decoding=\"async\" alt=\"check\" src=\"https:\/\/tierisch-verliebt.de\/magazin\/wp-content\/uploads\/2019\/06\/check-icon-16.png\"> <strong>Farben:<\/strong> stahlblau, durchsetzt mit hellen Schattierungen<br \/>\n<img decoding=\"async\" alt=\"check\" src=\"https:\/\/tierisch-verliebt.de\/magazin\/wp-content\/uploads\/2019\/06\/check-icon-16.png\"> <strong>FCI-Gruppe:<\/strong> <a href=\"https:\/\/tierisch-verliebt.de\/magazin\/fci-gruppen\/\">FCI-Gruppe 3<\/a><br \/>\n<img decoding=\"async\" alt=\"check\" src=\"https:\/\/tierisch-verliebt.de\/magazin\/wp-content\/uploads\/2019\/06\/check-icon-16.png\"> <strong>Kosten:<\/strong> Zwischen 700 &amp; 1.500 Euro<\/p>\n<p><img decoding=\"async\" class=\"alignnone size-large wp-image-2426\" src=\"https:\/\/tierisch-verliebt.de\/magazin\/wp-content\/uploads\/2023\/08\/Yorkshire-Terrier-3-1024x682.jpg\" alt=\"Yorkshire Terrier\" width=\"910\" height=\"606\" srcset=\"https:\/\/tierisch-verliebt.de\/magazin\/wp-content\/uploads\/2023\/08\/Yorkshire-Terrier-3-1024x682.jpg 1024w, https:\/\/tierisch-verliebt.de\/magazin\/wp-content\/uploads\/2023\/08\/Yorkshire-Terrier-3-300x200.jpg 300w, https:\/\/tierisch-verliebt.de\/magazin\/wp-content\/uploads\/2023\/08\/Yorkshire-Terrier-3-768x512.jpg 768w, https:\/\/tierisch-verliebt.de\/magazin\/wp-content\/uploads\/2023\/08\/Yorkshire-Terrier-3.jpg 1280w\" sizes=\"(max-width: 910px) 100vw, 910px\" \/><\/p>\n<h2>Wesen und Charakter<\/h2>\n<p>Der Yorkshire Terrier ist ein sehr kleiner, aber selbstbewusster Hund. Durch sein niedliches \u00c4u\u00dferes wird er oft f\u00fcr einen Scho\u00dfhund gehalten. Doch er ist wachsam und kann auch angriffslustig sein. An der Seite seines Herrchens f\u00fchlt er sich sicher und stark. Mutig kl\u00e4fft er dann auch gr\u00f6\u00dfere Hunde oder Fremde an. Ein Yorkshire Terrier ist sehr anh\u00e4nglich. L\u00e4ngeres Alleinsein gef\u00e4llt ihm nicht. Da er gerne bellt, ben\u00f6tigt er konsequente <a href=\"https:\/\/tierisch-verliebt.de\/magazin\/hunderziehung-grundlegendes\/\">Erziehung<\/a>, um sich nicht zu einem Kl\u00e4ffer zu entwickeln.<\/p>\n<p>Er liebt es, im Mittelpunkt zu stehen und macht auf sich aufmerksam. Auch hier hilft Strenge, die ihm seine Grenzen zeigt. Mit kleinen Kindern sollte ein Yorkshire Terrier nicht alleine gelassen werden. Er ist zwar klein, aber als <a href=\"https:\/\/tierisch-verliebt.de\/magazin\/sichere-spielzeug%d0%b5-fuer-den-hund\/\">Spielzeug<\/a> f\u00fcr grob zupackende Kinderh\u00e4nde ungeeignet. Der selbstbewusste Yorki zeigt, was ihm nicht gef\u00e4llt. F\u00fcr \u00e4ltere Kinder dagegen kann er ein Spielgef\u00e4hrte sein.<\/p>\n<h2>Herkunft und Geschichte des Yorkshire Terrier<\/h2>\n<p>Die Geschichte des Yorkshire Terriers begann im 19. Jahrhundert, als schottische Einwanderer ihre Hunde mit in die Grafschaft Yorkshire im Norden Englands brachten. Die Tiere, die zu den Schottischen <a title=\"Portrait zur Hunderasse der Terrier\" href=\"https:\/\/tierisch-verliebt.de\/magazin\/terrier\/\">Terrierrassen<\/a> geh\u00f6rten, dienten der armen Bev\u00f6lkerung in den engen Arbeitervierteln als unerschrockene <a href=\"https:\/\/tierisch-verliebt.de\/magazin\/ratte\/\">Ratten<\/a>&#8211; und M\u00e4usef\u00e4nger. Sie wurden gebraucht, um die Rattenplage in den \u00e4rmlichen Wohngebieten einzud\u00e4mmen.<\/p>\n<p>Manchmal wurden die Hunde auch zur illegalen <a href=\"https:\/\/tierisch-verliebt.de\/magazin\/jagdhunde\/\">Jagd<\/a> auf Kaninchen benutzt. Gr\u00f6\u00dfere Hunde waren der armen Bev\u00f6lkerung verboten. Mehrere Hunderassen sollen an der Entstehung des Yorkshire Terriers beteiligt gewesen sein, darunter der Skye Terrier und der Scotch Terrier. Das seidige glatte Fell weist auf eine Kreuzung mit dem Malteser hin. Von den Anf\u00e4ngen der Zucht existieren keinerlei Schriftst\u00fccke, da die Arbeiter weder lesen noch schreiben konnten.<\/p>\n<p>Zu Beginn der Zucht waren die Tiere noch um einiges gr\u00f6\u00dfer und bis zu sechs Kilogramm schwer. Sp\u00e4ter wurde der Terrier kleiner gez\u00fcchtet und in der Oberschicht als Scho\u00dfhund immer beliebter. Das Auftreten in Hundeshows steigerte seine Bekanntheit. 1873 erfolgte die Anerkennung der Yorkshire Terrier als Hunderasse durch den Kennel Club.<\/p>\n<p>Um 1912 begann die Zucht der Yorkshire Terrier in Deutschland. Ab den siebziger Jahren erlangten die Yorkshire Terrier in Deutschland gr\u00f6\u00dfere Bekanntheit. Heute ist der Yorki auf der ganzen Welt beliebt.<\/p>\n<p><img decoding=\"async\" class=\"alignnone size-large wp-image-2425\" src=\"https:\/\/tierisch-verliebt.de\/magazin\/wp-content\/uploads\/2023\/08\/Yorkshire-Terrier-2-1024x682.jpg\" alt=\"Yorkshire Terrier\" width=\"910\" height=\"606\" srcset=\"https:\/\/tierisch-verliebt.de\/magazin\/wp-content\/uploads\/2023\/08\/Yorkshire-Terrier-2-1024x682.jpg 1024w, https:\/\/tierisch-verliebt.de\/magazin\/wp-content\/uploads\/2023\/08\/Yorkshire-Terrier-2-300x200.jpg 300w, https:\/\/tierisch-verliebt.de\/magazin\/wp-content\/uploads\/2023\/08\/Yorkshire-Terrier-2-768x512.jpg 768w, https:\/\/tierisch-verliebt.de\/magazin\/wp-content\/uploads\/2023\/08\/Yorkshire-Terrier-2.jpg 1280w\" sizes=\"(max-width: 910px) 100vw, 910px\" \/><\/p>\n<h2>\u00dcberlegungen vor der Anschaffung<\/h2>\n<p>Yorkshire Terrier ben\u00f6tigen nicht viel Platz. Wenn sie gen\u00fcgend Auslauf bekommen, k\u00f6nnen sie auch in einer kleinen Stadtwohnung gehalten werden. Yorkshire Terrier werden bis zu f\u00fcnfzehn Jahre alt. In dieser Zeit sind Sie f\u00fcr ihn verantwortlich, jeden einzelnen Tag. Sie m\u00fcssen mit ihm Gassi gehen, auch wenn das Wetter schlecht ist oder Sie lieber faulenzen wollen.<\/p>\n<p>Haben Sie gen\u00fcgend Zeit, um sich t\u00e4glich ausgiebig mit ihm zu besch\u00e4ftigen? Bedenken Sie auch die <a href=\"https:\/\/tierisch-verliebt.de\/magazin\/unterhalt-eines-hundes\/\">Kosten<\/a> f\u00fcr <a href=\"https:\/\/tierisch-verliebt.de\/magazin\/insektenproteine-in-hundefutter\/\">Futter<\/a>, Tierarzt oder Fell. Kann der Hund auf Reisen mitgenommen werden? Haben Sie eine Betreuung f\u00fcr ihn, wenn Sie ein paar Tage nicht da sind? Vertr\u00e4gt er sich mit anderen eventuell schon vorhandenen Haustieren? Erst wenn Sie all diese Dinge bedacht haben, k\u00f6nnen Sie sich ruhigen Gewissens f\u00fcr einen Yorkshire Terrier als neues Familienmitglied entscheiden.<\/p>\n<h2>Geeignete Aktivit\u00e4ten<\/h2>\n<p>Der Yorkshire Terrier braucht Bewegung. Ein kurzes Gassigehen gen\u00fcgt ihm nicht. Er m\u00f6chte viel Bewegung in der Natur. Als Jagdhund ist er f\u00fcr Renn- und Ballspiele zu begeistern. M\u00fchelos schafft er es einen Hindernisparcours zu bew\u00e4ltigen. Auch das Suchen von Leckerlis oder <a href=\"https:\/\/tierisch-verliebt.de\/magazin\/sichere-spielzeug%d0%b5-fuer-den-hund\/\">Spielzeug<\/a> hilft den intelligenten Hund auszulasten. Clickertraining ist eine gute M\u00f6glichkeit den Yorkshire Terrier geistig zu f\u00f6rdern und ihm Verhaltensregeln beizubringen. Dabei wird der Hund sofort nach positiver Erf\u00fcllung einer Aufgabe mit einem Leckerli in Verbindung mit einem Click-Ger\u00e4usch belohnt.<\/p>\n<p><img decoding=\"async\" class=\"alignnone size-large wp-image-2427\" src=\"https:\/\/tierisch-verliebt.de\/magazin\/wp-content\/uploads\/2023\/08\/Yorkshire-Terrier-1-1024x682.jpg\" alt=\"Yorkshire Terrier\" width=\"910\" height=\"606\" srcset=\"https:\/\/tierisch-verliebt.de\/magazin\/wp-content\/uploads\/2023\/08\/Yorkshire-Terrier-1-1024x682.jpg 1024w, https:\/\/tierisch-verliebt.de\/magazin\/wp-content\/uploads\/2023\/08\/Yorkshire-Terrier-1-300x200.jpg 300w, https:\/\/tierisch-verliebt.de\/magazin\/wp-content\/uploads\/2023\/08\/Yorkshire-Terrier-1-768x512.jpg 768w, https:\/\/tierisch-verliebt.de\/magazin\/wp-content\/uploads\/2023\/08\/Yorkshire-Terrier-1.jpg 1280w\" sizes=\"(max-width: 910px) 100vw, 910px\" \/><\/p>\n<h2>Rassemerkmale<\/h2>\n<p>Laut FCI (F\u00e9d\u00e9ration Cynologique Internationale) darf der Yorkshire Terrier eine Schulterh\u00f6he bis 25 Zentimeter aufweisen. Sein Gewicht sollte zwischen 2,4 und 3,1 Kilogramm liegen. Das mittellange, glatte Fell eines Yorkshire Terriers haart kaum. Es h\u00e4ngt an beiden Seiten eines langen Scheitels, der von der Nase bis zur Schwanzspitze reicht, gleichm\u00e4\u00dfig herunter.<\/p>\n<p>Das <a href=\"https:\/\/tierisch-verliebt.de\/magazin\/pflege-von-fell-und-zaehnen-des-hundes\/\">Fell<\/a> ist vom Hinterkopf bis zum Ansatz der Rute von stahlblauer Farbe. Es wird von kr\u00e4ftigem dunklem Goldgelb im Brustbereich erg\u00e4nzt. Ein kompakter K\u00f6rperbau und aufrechte Haltung sind Merkmale eines Yorkshire Terriers. Er hat einen kleinen flachen Sch\u00e4del und mittelgro\u00dfe dunkle Augen.<\/p>\n<h2>Geeignete Ern\u00e4hrung<\/h2>\n<p>F\u00fcr eine optimale N\u00e4hrstoffversorgung sind Futtermischungen diverser Anbieter geeignet. Trockenfutter und Nassfutter eignen sich gleicherma\u00dfen. Yorkshire Terrier haben oft ein empfindliches Verdauungssystem. Sie ben\u00f6tigen ein gut verdauliches <a href=\"https:\/\/tierisch-verliebt.de\/magazin\/insektenproteine-in-hundefutter\/\">Futter<\/a>. Einige Tiere neigen zu Allergien, die den Verzicht auf bestimmte Inhaltsstoffe notwendig machen. Manchmal vertragen Yorkshire Terrier getreidefreies Futter besser. Die Futtermenge richtet sich nach Alter, K\u00f6rpergewicht und Bewegung.<\/p>\n<h2 data-pm-slice=\"1 1 []\">FAQ`s<\/h2>\n<p>Hier beantworten wir einige h\u00e4ufig gestellte Fragen, die Ihnen helfen k\u00f6nnen, Ihren Yorkshire Terrier besser zu verstehen und optimal zu versorgen.<\/p>\n<h3>Wie viel Pflege ben\u00f6tigt das Fell eines Yorkshire Terriers?<\/h3>\n<p><img decoding=\"async\" class=\"alignnone size-large wp-image-2839\" src=\"https:\/\/tierisch-verliebt.de\/magazin\/wp-content\/uploads\/2024\/12\/Yorkshire-Terrier-1024x682.jpg\" alt=\"\" width=\"910\" height=\"606\" srcset=\"https:\/\/tierisch-verliebt.de\/magazin\/wp-content\/uploads\/2024\/12\/Yorkshire-Terrier-1024x682.jpg 1024w, https:\/\/tierisch-verliebt.de\/magazin\/wp-content\/uploads\/2024\/12\/Yorkshire-Terrier-300x200.jpg 300w, https:\/\/tierisch-verliebt.de\/magazin\/wp-content\/uploads\/2024\/12\/Yorkshire-Terrier-768x512.jpg 768w, https:\/\/tierisch-verliebt.de\/magazin\/wp-content\/uploads\/2024\/12\/Yorkshire-Terrier.jpg 1280w\" sizes=\"(max-width: 910px) 100vw, 910px\" \/><\/p>\n<p>Yorkshire Terrier haben ein langes, seidiges Fell, das regelm\u00e4\u00dfig geb\u00fcrstet werden muss, um Verfilzungen zu vermeiden. Ein monatlicher Besuch beim Hundefriseur kann ebenfalls hilfreich sein.<\/p>\n<h3>Sind Yorkshire Terrier allergikerfreundlich?<\/h3>\n<p>Yorkshire Terrier haaren wenig und gelten als hypoallergen, was sie f\u00fcr Allergiker geeignet machen kann. Trotzdem ist es ratsam, die individuelle Reaktion vor der Anschaffung zu testen.<\/p>\n<h3>Welche gesundheitlichen Probleme sind bei Yorkshire Terrier h\u00e4ufig?<\/h3>\n<p>Yorkshire Terrier k\u00f6nnen anf\u00e4llig f\u00fcr Zahnprobleme, Patellaluxation (Knieprobleme) und Hypoglyk\u00e4mie (niedriger Blutzucker) sein. Regelm\u00e4\u00dfige Tierarztbesuche und eine ausgewogene Ern\u00e4hrung sind wichtig.<\/p>\n<h3>Sind Yorkshire Terrier laut oder bellen sie viel?<\/h3>\n<p>Yorkshire Terrier neigen dazu, wachsam und manchmal bellfreudig zu sein, besonders wenn sie Fremde bemerken. Eine fr\u00fchzeitige Erziehung kann helfen, das Bellen zu kontrollieren.<\/p>\n<h3>Kann ein Yorkshire Terrier auch in einer Wohnung gehalten werden?<\/h3>\n<p>Ja, Yorkshire Terrier sind ideal f\u00fcr die Wohnungshaltung, solange sie genug Bewegung und geistige Besch\u00e4ftigung erhalten.<\/p>\n","protected":false},"excerpt":{"rendered":"<p>Der Yorkshire Terrier ist ein Zwergterrier, der ein Gewicht von ungef\u00e4hr drei Kilogramm erreicht. Mit einer Widerristh\u00f6he von circa zwanzig<\/p>\n","protected":false},"author":2,"featured_media":430,"parent":0,"menu_order":0,"comment_status":"closed","ping_status":"closed","template":"","meta":{"ngg_post_thumbnail":0,"footnotes":""},"class_list":["post-429","page","type-page","status-publish","has-post-thumbnail","hentry","comments-off"],"aioseo_notices":[],"_links":{"self":[{"href":"https:\/\/tierisch-verliebt.de\/magazin\/wp-json\/wp\/v2\/pages\/429","targetHints":{"allow":["GET"]}}],"collection":[{"href":"https:\/\/tierisch-verliebt.de\/magazin\/wp-json\/wp\/v2\/pages"}],"about":[{"href":"https:\/\/tierisch-verliebt.de\/magazin\/wp-json\/wp\/v2\/types\/page"}],"author":[{"embeddable":true,"href":"https:\/\/tierisch-verliebt.de\/magazin\/wp-json\/wp\/v2\/users\/2"}],"replies":[{"embeddable":true,"href":"https:\/\/tierisch-verliebt.de\/magazin\/wp-json\/wp\/v2\/comments?post=429"}],"version-history":[{"count":5,"href":"https:\/\/tierisch-verliebt.de\/magazin\/wp-json\/wp\/v2\/pages\/429\/revisions"}],"predecessor-version":[{"id":2840,"href":"https:\/\/tierisch-verliebt.de\/magazin\/wp-json\/wp\/v2\/pages\/429\/revisions\/2840"}],"wp:featuredmedia":[{"embeddable":true,"href":"https:\/\/tierisch-verliebt.de\/magazin\/wp-json\/wp\/v2\/media\/430"}],"wp:attachment":[{"href":"https:\/\/tierisch-verliebt.de\/magazin\/wp-json\/wp\/v2\/media?parent=429"}],"curies":[{"name":"wp","href":"https:\/\/api.w.org\/{rel}","templated":true}]}}