{"id":412,"date":"2019-10-29T20:05:08","date_gmt":"2019-10-29T19:05:08","guid":{"rendered":"https:\/\/tierisch-verliebt.de\/magazin\/?page_id=412"},"modified":"2025-02-22T23:45:02","modified_gmt":"2025-02-22T22:45:02","slug":"deutsche-dogge","status":"publish","type":"page","link":"https:\/\/tierisch-verliebt.de\/magazin\/deutsche-dogge\/","title":{"rendered":"Deutsche Dogge &#8211; Das Portrait"},"content":{"rendered":"<p>Mit ihrer enormen Gr\u00f6\u00dfe und gleichzeitig anmutigen Art zieht die Deutsche Dogge Hundebesitzer in ihren Bann. Zwar wirkt der Riesenhund auf den ersten Blick einsch\u00fcchternd, mit seinem liebevollen Charakter bewirkt er allerdings sofort das Gegenteil und \u00fcberzeugt mit einem Herz voller Liebe und Sanftmut. Hier kann man das vollst\u00e4ndige Portrait dieser Hunderasse finden.<\/p>\n\n<h2>Steckbrief<\/h2>\n<p><img decoding=\"async\" alt=\"check\" src=\"https:\/\/tierisch-verliebt.de\/magazin\/wp-content\/uploads\/2019\/06\/check-icon-16.png\"> <strong>Lebenserwartung:<\/strong> 8 bis 10 Jahre<br \/>\n<img decoding=\"async\" alt=\"check\" src=\"https:\/\/tierisch-verliebt.de\/magazin\/wp-content\/uploads\/2019\/06\/check-icon-16.png\"> <strong>Gewicht:<\/strong> 50 bis 90 kg<br \/>\n<img decoding=\"async\" alt=\"check\" src=\"https:\/\/tierisch-verliebt.de\/magazin\/wp-content\/uploads\/2019\/06\/check-icon-16.png\"> <strong>Widerristh\u00f6he:<\/strong> 72 bis 86 cm<br \/>\n<img decoding=\"async\" alt=\"check\" src=\"https:\/\/tierisch-verliebt.de\/magazin\/wp-content\/uploads\/2019\/06\/check-icon-16.png\"> <strong>Charakter:<\/strong> stark, liebevoll, ausgeglichen, ruhig<br \/>\n<img decoding=\"async\" alt=\"check\" src=\"https:\/\/tierisch-verliebt.de\/magazin\/wp-content\/uploads\/2019\/06\/check-icon-16.png\"> <strong>Farben:<\/strong> gelb-gestromt, schwarz-gefleckt, blau<br \/>\n<img decoding=\"async\" alt=\"check\" src=\"https:\/\/tierisch-verliebt.de\/magazin\/wp-content\/uploads\/2019\/06\/check-icon-16.png\"> <strong>FCI-Gruppe:<\/strong> <a href=\"https:\/\/tierisch-verliebt.de\/magazin\/fci-gruppen\/\">FCI-Gruppe 2<\/a><br \/>\n<img decoding=\"async\" alt=\"check\" src=\"https:\/\/tierisch-verliebt.de\/magazin\/wp-content\/uploads\/2019\/06\/check-icon-16.png\"> <strong>Kosten:<\/strong> Zwischen 900 &amp; 1.800 Euro<\/p>\n<h2>Wesen und Charakter<\/h2>\n<p>Trotz ihrer imposanten Erscheinung gilt die Deutsche Dogge als \u00fcberaus einf\u00fchlsam, liebenswert und friedlich. In der Regel ist der Vierbeiner Menschen und anderen tierischen Artgenossen freundlich gesinnt. Hat die Dogge die F\u00fchrungsqualit\u00e4ten ihres Besitzers anerkannt, wird sie sich unterordnen und gehorchen.<\/p>\n<p>Hundebesitzer m\u00fcssen sich trotzdem auch auf die temperamentvolle Seite der Rasse einlassen k\u00f6nnen. Deutsche Doggen haben einen immensen Bewegungsdrang und wenn dieser nicht ausreichend erf\u00fcllt wird, neigen sie schnell zur Frustration. Zus\u00e4tzlich ist ihnen der Familienanschluss besonders wichtig. Werden sie nicht richtig eingebunden und von sozialen Aktivit\u00e4ten ausgeschlossen, kommt nicht selten Unzufriedenheit bei den Tieren auf. Zu Aggressionen neigen sie allerdings nur, wenn sie nicht richtig gehalten und kaum sozialisiert werden.<\/p>\n<p>Die Hunderasse geh\u00f6rt ausschlie\u00dflich in die H\u00e4nde von erfahrenen und einf\u00fchlsamen Hundebesitzern, die sich mit der Haltung auskennen und sich voll und ganz auf das Tier einlassen k\u00f6nnen. Die Rasse besitzt eine enorme Kraft, was sich Hundehalter stets im Hinterkopf behalten sollten. Eine fachkundige <a href=\"https:\/\/tierisch-verliebt.de\/magazin\/hunderziehung-grundlegendes\/\">Erziehung<\/a> sowie fr\u00fchzeitige Sozialisierung sind daher unbedingt erforderlich.<\/p>\n<p><img decoding=\"async\" class=\"alignnone size-large wp-image-2223\" src=\"https:\/\/tierisch-verliebt.de\/magazin\/wp-content\/uploads\/2023\/08\/Deutsche-Dogge-3-1024x1024.jpg\" alt=\"Deutsche Dogge\" width=\"910\" height=\"910\" srcset=\"https:\/\/tierisch-verliebt.de\/magazin\/wp-content\/uploads\/2023\/08\/Deutsche-Dogge-3-1024x1024.jpg 1024w, https:\/\/tierisch-verliebt.de\/magazin\/wp-content\/uploads\/2023\/08\/Deutsche-Dogge-3-300x300.jpg 300w, https:\/\/tierisch-verliebt.de\/magazin\/wp-content\/uploads\/2023\/08\/Deutsche-Dogge-3-150x150.jpg 150w, https:\/\/tierisch-verliebt.de\/magazin\/wp-content\/uploads\/2023\/08\/Deutsche-Dogge-3-768x768.jpg 768w, https:\/\/tierisch-verliebt.de\/magazin\/wp-content\/uploads\/2023\/08\/Deutsche-Dogge-3.jpg 1280w\" sizes=\"(max-width: 910px) 100vw, 910px\" \/><\/p>\n<h2>Herkunft &amp; Geschichte<\/h2>\n<p>Als Urahnen der Deutschen Doggen galten massive Kampfhunde aus dem assyrischen Reich vor rund 4.000 Jahren. Ihren Einzug nach Europa fanden die Tiere h\u00f6chstwahrscheinlich mit den R\u00f6mern, wo sie anf\u00e4nglich als Zirkushunde zur Schau gestellt wurden. Schon damals sorgten sie aufgrund ihrer Eleganz und ihres beeindruckenden Aussehens f\u00fcr Aufsehen.<\/p>\n<p>Angesichts gro\u00dfer Beliebtheit gelangten die Tiere w\u00e4hrend der Feldz\u00fcge nach Irland und Gro\u00dfbritannien. Laut historischen \u00dcberlieferungen wurden sie dort mit irischen Wolfshunden und dem Mastiff gekreuzt. Die Bezeichnung \u201eDogge\u201c, das alte englische Wort f\u00fcr \u201eDog\u201c, spricht auch f\u00fcr ihre britische Abstammungslinie.<\/p>\n<p>Die riesigen Hunde erfreuten sich auch in Europa auf F\u00fcrstenh\u00f6fen gro\u00dfer Beliebtheit und boten sich ideal f\u00fcr Repr\u00e4sentationszwecke an. Dar\u00fcber hinaus eigneten sie sich hervorragend f\u00fcr Hetzjagden auf B\u00e4ren oder W\u00f6lfe.<\/p>\n<p>In Deutschland wurde 1878 die erste Deutsche Dogge auf einer Ausstellung vorgef\u00fchrt. 1888 kam es schlie\u00dflich zur Gr\u00fcndung des Deutschen Doggen Clubs, dem ersten Rassehundezuchtsverein in Deutschland. Die Zucht der modernen Deutschen Dogge hatte das Ziel, einen eleganten Besch\u00fctzer und Begleiter zu erhalten. Nach diesen Vorstellungen kam es letztendlich zur heutigen Z\u00fcchtung der Deutschen Dogge.<\/p>\n<h2>\u00dcberlegungen vor der Anschaffung<\/h2>\n<p>Die Haltung der Deutschen Dogge ist \u00e4u\u00dferst kostenintensiv und aufw\u00e4ndig. Nicht nur der regelm\u00e4\u00dfige Tierarztbesuch, sondern auch etwaige Medikamente, Transportkosten sowie das notwendige Futter in hoher Qualit\u00e4t summieren sich. Die Tiere ben\u00f6tigen weitaus mehr Futter als kleinere Hunde und zudem auch einen gr\u00f6\u00dferen Schlafplatz. Nur ein Teppich wird den Hund auf Dauer nicht zufriedenstellen.<\/p>\n<p>Dar\u00fcber hinaus sollte die Rasse unter keinen Umst\u00e4nden in einer kleinen Wohnung gehalten werden, da die Doggen hierf\u00fcr schlichtweg zu gro\u00df sind. Viel besser eignet sich ein Haus mit gen\u00fcgend Garten f\u00fcr den Auslauf. Hektische Innenst\u00e4dte sind nichts f\u00fcr den gro\u00dfen Hund, vielmehr bevorzugen sie ruhige, l\u00e4ndliche Gegenden. Interessierte der Hunderasse sollten sich diese Punkte daher unbedingt im Hinterkopf behalten.<\/p>\n<p>Die Tiere verf\u00fcgen au\u00dferdem \u00fcber eine enorme Kraft, weshalb zuk\u00fcnftige Hundebesitzer \u00fcber ausreichend Kraft und Durchsetzungsverm\u00f6gen verf\u00fcgen sollten. Deutsche Doggen ben\u00f6tigen jedoch nicht nur viel Platz, sondern auch gen\u00fcgend Zeit. Zwar sind die Tiere von einem ruhigen Gem\u00fct, ben\u00f6tigen jedoch trotzdem ihre t\u00e4glichen und durchaus l\u00e4ngeren Spazierg\u00e4nge. Treppen sollten die Vierbeiner, besonders im Welpenalter, keine bew\u00e4ltigen m\u00fcssen, da es schnell zu Gelenksch\u00e4den kommen kann.<\/p>\n<p><img decoding=\"async\" class=\"alignnone size-large wp-image-2224\" src=\"https:\/\/tierisch-verliebt.de\/magazin\/wp-content\/uploads\/2023\/08\/Deutsche-Dogge-2-1024x682.jpg\" alt=\"Deutsche Dogge\" width=\"910\" height=\"606\" srcset=\"https:\/\/tierisch-verliebt.de\/magazin\/wp-content\/uploads\/2023\/08\/Deutsche-Dogge-2-1024x682.jpg 1024w, https:\/\/tierisch-verliebt.de\/magazin\/wp-content\/uploads\/2023\/08\/Deutsche-Dogge-2-300x200.jpg 300w, https:\/\/tierisch-verliebt.de\/magazin\/wp-content\/uploads\/2023\/08\/Deutsche-Dogge-2-768x512.jpg 768w, https:\/\/tierisch-verliebt.de\/magazin\/wp-content\/uploads\/2023\/08\/Deutsche-Dogge-2.jpg 1280w\" sizes=\"(max-width: 910px) 100vw, 910px\" \/><\/p>\n<h2>Kosten<\/h2>\n<p>Die <a href=\"https:\/\/tierisch-verliebt.de\/magazin\/unterhalt-eines-hundes\/\">Anschaffungskosten<\/a> des eleganten Hundes liegen bei einem Durchschnitt von 1.600 Euro aufw\u00e4rts. Auch Hundeleinen d\u00fcrfen bei der Anschaffung nicht fehlen. Hier empfiehlt es sich, kein Geld zu sparen und mindestens zwei davon zu erwerben. Des Weiteren ist ausreichend Platz f\u00fcr eine Liegest\u00e4tte notwendig sowie ein Futter- und Wassernapf.<\/p>\n<p>Empfehlenswert ist hier unter anderem ein Futternapfst\u00e4nder, der sich bequem auf die Gr\u00f6\u00dfe des Hundes einstellen l\u00e4sst. F\u00fcr einen artgerechten Transport sollte zudem das Fahrzeug ausreichend umger\u00fcstet werden, damit sich die Deutsche Dogge auch w\u00e4hrend der Autofahrt wohlf\u00fchlt.<\/p>\n<p>Nach der Anschaffung ist es zudem notwendig, den Hund in der Stadt anzumelden, da, je nach Wohnort, eine Hundesteuer eingereicht werden muss. Der Preis kann hierf\u00fcr ebenfalls zwischen 60 und 150 Euro variieren. Der Kauf einer Deutschen Dogge sollte daher gut \u00fcberlegt sein und ausschlie\u00dflich bei einem namhaften Z\u00fcchter stattfinden.<\/p>\n<h2>Geeignete Aktivit\u00e4ten<\/h2>\n<p>Deutsche Doggen eignen sich nicht nur als Begleithunde, sondern auch als Familienhunde. Sie sind \u00e4u\u00dferst agil und bewegungsfreudig, weshalb sie sich t\u00e4glich ausgiebig bewegen sollten. Die gro\u00dfen Hunde sind ideale Begleiter f\u00fcr Radfahrer oder Jogger, aber auch ausgedehnte Spazierg\u00e4nge erfreuen sie sehr. Als relativ neue und zugleich effektive Hundesportart z\u00e4hlt auch Hoopers Agility. Hierf\u00fcr wird die Dogge auf gro\u00dfer Distanz durch einen Parkour geleitet.<\/p>\n<p>Gleichzeitig sollte auch das <a href=\"https:\/\/tierisch-verliebt.de\/magazin\/spiele-fuer-hunde-zu-hause\/\">Spielen<\/a> mit Artgenossen in Betracht gezogen werden. \u00d6ffentliche Hundeschulen oder Hundeparks schaffen nicht nur gen\u00fcgend Bewegung, sondern er\u00f6ffnen dem Hund auch den regelm\u00e4\u00dfigen Kontakt mit Artgenossen.<\/p>\n<p>Auch mentale Besch\u00e4ftigung ist f\u00fcr die Tiere unbedingt notwendig, damit sie wirklich ausgelastet sind. Das Clickertraining erweist sich hierf\u00fcr als ideal: Durch das Klicken eines Knackfrosches wird dem Hund suggeriert, ob sein Handeln richtig war. Ist dies der Fall, kann sich das Tier \u00fcber eine schmackhafte Belohnung freuen. Weitere ideale Besch\u00e4ftigungen sind unter anderem <a href=\"https:\/\/tierisch-verliebt.de\/magazin\/sichere-spielzeug%d0%b5-fuer-den-hund\/\">Intelligenzspielzeuge<\/a> wie Futterb\u00e4lle, um das Ged\u00e4chtnis des Hundes zu trainieren.<\/p>\n<p><img decoding=\"async\" class=\"alignnone size-large wp-image-2222\" src=\"https:\/\/tierisch-verliebt.de\/magazin\/wp-content\/uploads\/2023\/08\/Deutsche-Dogge-1-1024x682.jpg\" alt=\"Deutsche Dogge\" width=\"910\" height=\"606\" srcset=\"https:\/\/tierisch-verliebt.de\/magazin\/wp-content\/uploads\/2023\/08\/Deutsche-Dogge-1-1024x682.jpg 1024w, https:\/\/tierisch-verliebt.de\/magazin\/wp-content\/uploads\/2023\/08\/Deutsche-Dogge-1-300x200.jpg 300w, https:\/\/tierisch-verliebt.de\/magazin\/wp-content\/uploads\/2023\/08\/Deutsche-Dogge-1-768x512.jpg 768w, https:\/\/tierisch-verliebt.de\/magazin\/wp-content\/uploads\/2023\/08\/Deutsche-Dogge-1.jpg 1280w\" sizes=\"(max-width: 910px) 100vw, 910px\" \/><\/p>\n<h2>Rassemerkmale<\/h2>\n<p>Die Deutsche Dogge z\u00e4hlt zur einer der gr\u00f6\u00dften Hunderassen und erreicht eine Widerristh\u00f6he von bis zu 80 cm \u2013 in manchen F\u00e4llen sogar mehr. Insgesamt gilt ihre k\u00f6rperliche Erscheinung als \u00e4u\u00dferst robust, elegant und m\u00e4chtig. Nicht selten werden sie als \u201eApoll unter den Hunderassen\u201c bezeichnet.<\/p>\n<p>Das <a href=\"https:\/\/tierisch-verliebt.de\/magazin\/pflege-von-fell-und-zaehnen-des-hundes\/\">Fell<\/a> der Tiere ist im Regelfall glatt, kurz und demnach relativ pflegeleicht. Farblich treten die Doggen, je nach Z\u00fcchtung, von gelb gestromt \u00fcber gefleckt bis hin zu schwarz oder stahlblau auf. Die gefleckten Tiere werden gerne als Harlekins bezeichnet und besitzen meist ein wei\u00dfes Fellkleid mit einzelnen schwarzen Flecken. Gelb-gestreifte Hunde verf\u00fcgen stattdessen \u00fcber eine schwarze Maske. Die Doggen sind aufgrund ihrer fehlenden Unterwolle k\u00e4lteempfindlich und wasserscheu.<\/p>\n<p><img decoding=\"async\" class=\"alignnone wp-image-2949\" src=\"https:\/\/tierisch-verliebt.de\/magazin\/wp-content\/uploads\/2025\/01\/spazieren-Deutsche-Dogge.webp\" alt=\"spazieren-deutsche-dogge\" width=\"599\" height=\"599\" srcset=\"https:\/\/tierisch-verliebt.de\/magazin\/wp-content\/uploads\/2025\/01\/spazieren-Deutsche-Dogge.webp 1024w, https:\/\/tierisch-verliebt.de\/magazin\/wp-content\/uploads\/2025\/01\/spazieren-Deutsche-Dogge-300x300.webp 300w, https:\/\/tierisch-verliebt.de\/magazin\/wp-content\/uploads\/2025\/01\/spazieren-Deutsche-Dogge-150x150.webp 150w, https:\/\/tierisch-verliebt.de\/magazin\/wp-content\/uploads\/2025\/01\/spazieren-Deutsche-Dogge-768x768.webp 768w\" sizes=\"(max-width: 599px) 100vw, 599px\" \/><\/p>\n<h2>Geeignete Ern\u00e4hrung<\/h2>\n<p>Eine richtige und abwechslungsreiche <a href=\"https:\/\/tierisch-verliebt.de\/magazin\/havaneser-ernaehrung\/\">Ern\u00e4hrung<\/a> ist grundlegend f\u00fcr ein langes Leben der Deutschen Dogge. Besonders in der Wachstumsphase ist es wichtig, dem Hund nur qualitativ hochwertiges und gezielt zusammengesetztes Futter zur Verf\u00fcgung zu stellen. Zudem sollten Hundebesitzer darauf achten, dass es sich stets um Hundefutter f\u00fcr gro\u00dfe Hunde handelt.<\/p>\n<p>Je nach Vorlieben des Hundes eignet sich f\u00fcr die Ern\u00e4hrung entweder Nass- oder Trockenfutter. Welpen ben\u00f6tigen rund drei kleinere Mahlzeiten pro Tag, bei \u00e4lteren Doggen sind zwei F\u00fctterungen ausreichend. Da die Rasse zur Magenumdrehung neigt, sollten unbedingt vor und besonders nach der <a href=\"https:\/\/tierisch-verliebt.de\/magazin\/insektenproteine-in-hundefutter\/\">F\u00fctterung<\/a> Ruhezeiten von zwei bis drei Stunden eingeplant werden.<\/p>\n<p>Idealerweise setzt sich das Hundefutter aus einem m\u00f6glichst hohen Fleischanteil zusammen. Konservierungsstoffe sowie k\u00fcnstliche Farbstoffe und Zus\u00e4tze sollten auf ein Minimum reduziert werden. Auch die BARF-Ern\u00e4hrung k\u00f6nnte von Hundebesitzern in Erw\u00e4gung gezogen werden. Hierbei ern\u00e4hrt sich der Hund lediglich von rohem Fleisch und Knochen. Ebenfalls auf dem Speiseplan stehen Kr\u00e4uter, <a href=\"https:\/\/tierisch-verliebt.de\/magazin\/obst-und-gemuese-die-die-hunde-essen\/\">Gem\u00fcse, Obst<\/a> sowie Pflanzen- oder Fisch\u00f6l.<\/p>\n<p>Bevor sich Hundebesitzer allerdings f\u00fcr die BARF-Methode entscheiden, sollten sie sich umfassend \u00fcber diese F\u00fctterung informieren. Bei Falschanwendung kann es schnell zur Mangelern\u00e4hrung kommen, weshalb es notwendig ist, sich im Vorhinein intensiv mit dem N\u00e4hrwertbedarf des eignen Hundes auseinanderzusetzen.<\/p>\n<p><img decoding=\"async\" class=\"alignnone wp-image-2948\" src=\"https:\/\/tierisch-verliebt.de\/magazin\/wp-content\/uploads\/2025\/01\/ernaehrung-Deutsche-Dogge-1.webp\" alt=\"ernaehrung-deutsche-dogge\" width=\"600\" height=\"600\" srcset=\"https:\/\/tierisch-verliebt.de\/magazin\/wp-content\/uploads\/2025\/01\/ernaehrung-Deutsche-Dogge-1.webp 1024w, https:\/\/tierisch-verliebt.de\/magazin\/wp-content\/uploads\/2025\/01\/ernaehrung-Deutsche-Dogge-1-300x300.webp 300w, https:\/\/tierisch-verliebt.de\/magazin\/wp-content\/uploads\/2025\/01\/ernaehrung-Deutsche-Dogge-1-150x150.webp 150w, https:\/\/tierisch-verliebt.de\/magazin\/wp-content\/uploads\/2025\/01\/ernaehrung-Deutsche-Dogge-1-768x768.webp 768w\" sizes=\"(max-width: 600px) 100vw, 600px\" \/><\/p>\n<h2>FAQ<\/h2>\n<h3>1. Sind Deutsche Doggen f\u00fcr Ersthundebesitzer geeignet?<\/h3>\n<p>Deutsche Doggen k\u00f6nnen f\u00fcr Ersthundebesitzer geeignet sein, wenn sie sich intensiv mit der Erziehung und den Bed\u00fcrfnissen dieser riesigen Rasse auseinandersetzen. Ihre sanfte Natur macht sie zu wunderbaren Begleitern, aber ihre Gr\u00f6\u00dfe, Kosten und gesundheitlichen Herausforderungen erfordern Erfahrung und Engagement. Wer bereit ist, sich dieser Verantwortung zu stellen, wird mit einem treuen und liebevollen Hund belohnt.<\/p>\n<h3>2. Vertr\u00e4gt sich die Deutsche Dogge mit anderen Haustieren?<\/h3>\n<p>Deutsche Doggen sind freundliche und soziale Hunde, die sich mit anderen Haustieren gut vertragen k\u00f6nnen, wenn sie fr\u00fchzeitig daran gew\u00f6hnt werden. Mit einer guten Sozialisierung und einer langsamen Einf\u00fchrung kann eine Deutsche Dogge harmonisch mit Hunden, Katzen und (mit Vorsicht) auch Kleintieren zusammenleben.<\/p>\n<h3>3. Wie lange kann eine Deutsche Dogge alleine bleiben?<\/h3>\n<p>Deutsche Doggen sind keine Hunde, die gerne lange alleine bleiben. Mit Training k\u00f6nnen sie bis zu 4\u20136 Stunden allein sein, aber l\u00e4ngere Zeitr\u00e4ume sind nicht ideal. Wer oft au\u00dfer Haus ist, sollte eine alternative Betreuung in Betracht ziehen, um seine Dogge gl\u00fccklich und ausgeglichen zu halten.<\/p>\n<h3>4. Wie kann man eine Deutsche Dogge geistig auslasten?<\/h3>\n<p>Deutsche Doggen brauchen nicht nur Bewegung, sondern auch geistige Herausforderungen! Suchspiele, Denkaufgaben, Apportieren, Tricktraining und abwechslungsreiche Spazierg\u00e4nge sind gro\u00dfartige M\u00f6glichkeiten, um ihren schlauen Kopf zu besch\u00e4ftigen. Ein gut ausgelasteter Hund ist entspannter und zufriedener \u2013 und damit ein harmonischer Begleiter.<\/p>\n<h3>5. Sind die Deutsche Dogge f\u00fcr Allergiker geeignet?<\/h3>\n<p>Nein, Deutsche Doggen sind nicht hypoallergen und daher f\u00fcr Allergiker eher ungeeignet. Sie verlieren Haare, produzieren Hautschuppen (Schuppen sind Hauptausl\u00f6ser f\u00fcr Allergien) und sabbern oft, was Allergene weiter verbreiten kann. Ein vorheriger Allergietest ist ratsam, bevor man eine Deutsche Dogge ins Haus holt.&nbsp;<\/p>\n","protected":false},"excerpt":{"rendered":"<p>Mit ihrer enormen Gr\u00f6\u00dfe und gleichzeitig anmutigen Art zieht die Deutsche Dogge Hundebesitzer in ihren Bann. Zwar wirkt der Riesenhund<\/p>\n","protected":false},"author":2,"featured_media":413,"parent":0,"menu_order":0,"comment_status":"closed","ping_status":"closed","template":"","meta":{"ngg_post_thumbnail":0,"footnotes":""},"class_list":["post-412","page","type-page","status-publish","has-post-thumbnail","hentry","comments-off"],"aioseo_notices":[],"_links":{"self":[{"href":"https:\/\/tierisch-verliebt.de\/magazin\/wp-json\/wp\/v2\/pages\/412","targetHints":{"allow":["GET"]}}],"collection":[{"href":"https:\/\/tierisch-verliebt.de\/magazin\/wp-json\/wp\/v2\/pages"}],"about":[{"href":"https:\/\/tierisch-verliebt.de\/magazin\/wp-json\/wp\/v2\/types\/page"}],"author":[{"embeddable":true,"href":"https:\/\/tierisch-verliebt.de\/magazin\/wp-json\/wp\/v2\/users\/2"}],"replies":[{"embeddable":true,"href":"https:\/\/tierisch-verliebt.de\/magazin\/wp-json\/wp\/v2\/comments?post=412"}],"version-history":[{"count":5,"href":"https:\/\/tierisch-verliebt.de\/magazin\/wp-json\/wp\/v2\/pages\/412\/revisions"}],"predecessor-version":[{"id":3131,"href":"https:\/\/tierisch-verliebt.de\/magazin\/wp-json\/wp\/v2\/pages\/412\/revisions\/3131"}],"wp:featuredmedia":[{"embeddable":true,"href":"https:\/\/tierisch-verliebt.de\/magazin\/wp-json\/wp\/v2\/media\/413"}],"wp:attachment":[{"href":"https:\/\/tierisch-verliebt.de\/magazin\/wp-json\/wp\/v2\/media?parent=412"}],"curies":[{"name":"wp","href":"https:\/\/api.w.org\/{rel}","templated":true}]}}