{"id":404,"date":"2019-10-29T19:11:55","date_gmt":"2019-10-29T18:11:55","guid":{"rendered":"https:\/\/tierisch-verliebt.de\/magazin\/?page_id=404"},"modified":"2026-03-03T11:36:39","modified_gmt":"2026-03-03T10:36:39","slug":"beagle","status":"publish","type":"page","link":"https:\/\/tierisch-verliebt.de\/magazin\/beagle\/","title":{"rendered":"Der Beagle &#8211; Portrait einer freundlichen Hunderasse"},"content":{"rendered":"<p>Der fr\u00f6hliche Beagle geh\u00f6rt zu den kleinen und mittelgro\u00dfen Rassen. Als Schwei\u00dfhund sp\u00fcrt er Hasen und Kleinwild bei der Jagd nach. Als intelligenter und freundlicher Frohsinn ist er ein spielfreudiger Geselle f\u00fcr Kinder.<\/p>\n\n<h2>Steckbrief<\/h2>\n<p><img decoding=\"async\" alt=\"check\" src=\"https:\/\/tierisch-verliebt.de\/magazin\/wp-content\/uploads\/2019\/06\/check-icon-16.png\"> <strong>Lebenserwartung:<\/strong> 12 bis 15 Jahre<br \/>\n<img decoding=\"async\" alt=\"check\" src=\"https:\/\/tierisch-verliebt.de\/magazin\/wp-content\/uploads\/2019\/06\/check-icon-16.png\"> <strong>Gewicht:<\/strong> 10 bis 18 kg<br \/>\n<img decoding=\"async\" alt=\"check\" src=\"https:\/\/tierisch-verliebt.de\/magazin\/wp-content\/uploads\/2019\/06\/check-icon-16.png\"> <strong>Widerristh\u00f6he:<\/strong> 33 bis 40 cm<br \/>\n<img decoding=\"async\" alt=\"check\" src=\"https:\/\/tierisch-verliebt.de\/magazin\/wp-content\/uploads\/2019\/06\/check-icon-16.png\"> <strong>Charakter:<\/strong> abenteuerlustig, sanftm\u00fctig, ruhig, kontaktfreudig<br \/>\n<img decoding=\"async\" alt=\"check\" src=\"https:\/\/tierisch-verliebt.de\/magazin\/wp-content\/uploads\/2019\/06\/check-icon-16.png\"> <strong>Farben:<\/strong> braun-wei\u00df, rot-wei\u00df, schwarz-wei\u00df-braun<br \/>\n<img decoding=\"async\" alt=\"check\" src=\"https:\/\/tierisch-verliebt.de\/magazin\/wp-content\/uploads\/2019\/06\/check-icon-16.png\"> <strong>FCI-Gruppe:<\/strong> <a href=\"https:\/\/tierisch-verliebt.de\/magazin\/fci-gruppen\/\">FCI-Gruppe 6<\/a><br \/>\n<img decoding=\"async\" alt=\"check\" src=\"https:\/\/tierisch-verliebt.de\/magazin\/wp-content\/uploads\/2019\/06\/check-icon-16.png\"> <strong>Kosten:<\/strong> Zwischen 800 &amp; 1.200 Euro<\/p>\n<h2>Wesen &amp; Charakter&nbsp;<\/h2>\n<p>Der Beagle hat ein Portrait einer freundlichen Hunderasse, die mit ihrem lebhaften Wesen, ihrer ausgepr\u00e4gten Sp\u00fcrnase und ihrem liebevollen Charakter \u00fcberzeugt. Wegen ihrer ruhigen und harmonischen Art sind Beagles beliebte Familienhunde. Aggressivit\u00e4t liegt ihnen fern, lieber spielen sie in ihrer gut gelaunten Art eine Extra-Runde. Dabei darf es gern Leckerlis geben, denn diese Rasse futtert, was ihr vor die Schnauze kommt.<\/p>\n<p>Beagles sind ebenso beliebte <a href=\"https:\/\/tierisch-verliebt.de\/magazin\/jagdhunde\/\">Jagdhunde<\/a>. Inst\u00e4ndig verfolgen sie Spuren. Sobald sie eine interessante F\u00e4hrte aufgenommen haben, hilft kaum ein &#8216;Komm&#8217;, &#8216;Sitz&#8217;, oder &#8216;Bleib&#8217;. Verbote umgehen sie sehr gern. Der Beagle verfolgt aufgrund seiner Natur mit seinem exzellenten Geruchssinn jede Spur. So wird er als Sp\u00fcrhund genutzt. Kaum, dass er einer F\u00e4hrte folgt, h\u00f6rt er nicht mehr auf seinen Menschen, obwohl er sehr gut h\u00f6rt.<\/p>\n<p>Sein Jagdtrieb herrscht vor. Zielstrebig und z\u00e4h verfolgt er seine Opfer. Im Team klappt die Jagd am besten, und so erbringen Beagles im Rudel prima Jagderfolge. Die Engl\u00e4nder erkannten die Anpassungsf\u00e4higkeit der Rasse sowie deren Laufdrang und z\u00fcchteten sie zu Meutehunden.<\/p>\n<h2>Herkunft der Beagle<\/h2>\n<p>Die Urspr\u00fcnge der Beagles k\u00f6nnte man seiner Statur nach und \u00e4hnlichen Eigenschaften gar in der Antike Griechenlands vermuten. Schon der Athener Philosoph Xenophon (431-354 v.C.) erw\u00e4hnte in seinem Werk \u00fcber die Jagdkunst einen dem Beagle \u00e4hnlichen Schn\u00fcfflerhund, der mit seinem guten Geruchssinn Hasen jagte. Von Griechenland aus sollte die Rasse sp\u00e4ter \u00fcber Italien bis in die Normandie Frankreichs gelangen.<\/p>\n<p>Von der Normandie kam die Hunderasse 1066 mit der Familie Talbot unter Wilhelm, dem Eroberer nach England. Man nannte sie die &#8216;Chien St. Hubert&#8217;. In Gro\u00dfbritannien z\u00fcchtete man nun die wei\u00dfe Rasse &#8216;Talbot&#8217;. Mit ihrem feinen Geruchssinn konnten sie Hirsche im tiefsten Winter aufst\u00f6bern und wurden f\u00fcr die Jagd f\u00fcr Gro\u00dfwild gez\u00fcchtet. Diese doch langsame Rasse wurde mit Windhunden vermischt, damit sie schneller wurden.<\/p>\n<p>Die Talbots sind wohl Vorfahren des heutigen Beagles und Bluthundes. Aufgrund ihres Zweckmangels sowie der Notwendigkeit st\u00e4ndiger Pflege sind sie ausgestorben. Den Begriff &#8216;Talbot&#8217; gibt es noch heute in der Wappenkunde. In Subury, Suffolk, tr\u00e4gt das Wappen der Stadt, der Schule und Sportverein den Talbot. Etwa 100 Jahre sp\u00e4ter werden die &#8216;Northern Hounds&#8217; als schlank und schnell mit einem schrillen Spurlaut beschrieben.<\/p>\n<p><img decoding=\"async\" class=\"alignnone wp-image-1965 \" src=\"https:\/\/tierisch-verliebt.de\/magazin\/wp-content\/uploads\/2023\/03\/Beagle-2-1024x680.jpg\" alt=\"Beagle\" width=\"577\" height=\"383\" srcset=\"https:\/\/tierisch-verliebt.de\/magazin\/wp-content\/uploads\/2023\/03\/Beagle-2-1024x680.jpg 1024w, https:\/\/tierisch-verliebt.de\/magazin\/wp-content\/uploads\/2023\/03\/Beagle-2-300x199.jpg 300w, https:\/\/tierisch-verliebt.de\/magazin\/wp-content\/uploads\/2023\/03\/Beagle-2-768x510.jpg 768w, https:\/\/tierisch-verliebt.de\/magazin\/wp-content\/uploads\/2023\/03\/Beagle-2-1536x1020.jpg 1536w, https:\/\/tierisch-verliebt.de\/magazin\/wp-content\/uploads\/2023\/03\/Beagle-2.jpg 1920w\" sizes=\"(max-width: 577px) 100vw, 577px\" \/><\/p>\n<h2>Geschichte<\/h2>\n<p>In der Gascogne Frankreichs wurde um 1400 eine jagdt\u00fcchtige Hunderasse beschrieben. Die Hunde waren auf wei\u00dfem Fell schwarz-braun gecheckt, die &#8216;Southern Hounds&#8217;. Sie waren gro\u00df und robust, hatten einen quadratischen Kopf und lange, weiche, dreieckige Ohren. Der heutige Beagle soll eine Z\u00fcchtung aus Southern und den weniger korpulent, mit spitzer Schnauze versehen und mit weniger Geruchssinn ausgestatteten, f\u00fcr die Jagd gez\u00fcchteten Northern Hounds sein.<\/p>\n<p>Die britische Aristokatie adoptierte ihn schlie\u00dflich als &#8216;Taschenhund&#8217;. Er sollte w\u00e4hrend der Jagd seinen perfekten Einsatz vom Sattel der Reiter leisten. Seit 1890 ist er durch die Initiative des &#8216;Kennel Club&#8217; von England amtlich als Rasse anerkannt. Sein Namensursprung wird im franz\u00f6sischen \u201cbecguele\u201d bzw. \u201cb&#8217;gueule\u201d , was etwa &#8220;laute Kehle&#8221; bedeutet, zur\u00fcckgef\u00fchrt wohl auf sein typisches Bellen.<\/p>\n<p><iframe title=\"Beagle | Freundliche Jagdhunderasse voller Energie \u2013 Cinematic Kurzvideo\" width=\"910\" height=\"512\" src=\"https:\/\/www.youtube.com\/embed\/QwDBc8ULnK8?feature=oembed\" frameborder=\"0\" allow=\"accelerometer; autoplay; clipboard-write; encrypted-media; gyroscope; picture-in-picture; web-share\" referrerpolicy=\"strict-origin-when-cross-origin\" allowfullscreen><\/iframe><\/p>\n<h2>Beagle Zuhause<\/h2>\n<p>Ein hohes \u00f6konomisches sowie zeitliches Budget, viel Platz, Auslauf und Gesellschaft. Diese Merkmale gilt es vor einem Beagle-Kauf zu \u00fcberlegen. Die beste Voraussetzung f\u00fcr ein freudiges Beagle-Leben w\u00e4re eine Familie mit gro\u00dfem Garten. So kann er seiner Frohnatur nachkommen und drau\u00dfen mit Kindern herumtollen.<\/p>\n<p>Beagle-Welpen m\u00fcssen streng erzogen werden. Eigentlich l\u00e4sst er sich nicht gern <a href=\"https:\/\/tierisch-verliebt.de\/magazin\/hunderziehung-grundlegendes\/\">erziehen<\/a>. Zu gern setzt er dickk\u00f6pfig seinen eigenen Willen durch. Schlau ist er und \u00fcberlistet kurzum seinen Menschen. Im Nu&#8217; wird er Rudelf\u00fchrer, sollte man ihm nicht schon von fr\u00fchester Welpenzeit an zeigen, wer im Hause das Rudel f\u00fchrt.<\/p>\n<p>Man zahlt locker 1.000 Euro f\u00fcr einen Beagle von einem seri\u00f6sen Z\u00fcchter. Allt\u00e4gliche Dinge wie Halsb\u00e4nder, Leine, Korb, etc. sollte man nat\u00fcrlich auch bedenken, au\u00dferdem fallen Impf- Tierarzt- und Steuerkosten an. Der Beagle hat st\u00e4ndig Appetit und frisst am liebsten ununterbrochen. Somit kostet sein t\u00e4glicher Gaumenschmaus viel <a href=\"https:\/\/tierisch-verliebt.de\/magazin\/unterhalt-eines-hundes\/\">Geld<\/a>.<\/p>\n<h2><img decoding=\"async\" class=\"alignnone wp-image-1964 \" src=\"https:\/\/tierisch-verliebt.de\/magazin\/wp-content\/uploads\/2023\/03\/Beagle-3-1024x687.jpg\" alt=\"Beagle\" width=\"594\" height=\"398\" srcset=\"https:\/\/tierisch-verliebt.de\/magazin\/wp-content\/uploads\/2023\/03\/Beagle-3-1024x687.jpg 1024w, https:\/\/tierisch-verliebt.de\/magazin\/wp-content\/uploads\/2023\/03\/Beagle-3-300x201.jpg 300w, https:\/\/tierisch-verliebt.de\/magazin\/wp-content\/uploads\/2023\/03\/Beagle-3-768x515.jpg 768w, https:\/\/tierisch-verliebt.de\/magazin\/wp-content\/uploads\/2023\/03\/Beagle-3-1536x1030.jpg 1536w, https:\/\/tierisch-verliebt.de\/magazin\/wp-content\/uploads\/2023\/03\/Beagle-3.jpg 1920w\" sizes=\"(max-width: 594px) 100vw, 594px\" \/><\/h2>\n<h2>Aktivit\u00e4ten f\u00fcr Beagle<\/h2>\n<p>Beagle-Besitzer sollten gern viel spazieren gehen. Der Beagle w\u00fcrde locker zwei Stunden laufen. Spannende F\u00e4hrten findet er schnell, und noch schneller folgt er diesen. Seinem starken Bewegungsdrang kommt schnelles Laufen neben fahrradfahrenden Hundehaltern gut zu Pass. Und im <a href=\"https:\/\/tierisch-verliebt.de\/magazin\/spiele-fuer-hunde-zu-hause\/\">Spiel<\/a> mit anderen Hunden und mit Kindern kann er sich bestens austoben, obwohl er einst als Jagd- und Meutehund gez\u00fcchtet wurde. Er weist hervorragende F\u00e4higkeiten als Sp\u00fcrhund auf. Als Jagdhund verfolgt er seine Beute beharrlich.<\/p>\n<p>Man z\u00e4hlt ihn zur &#8216;Hound Group&#8217;, deren Hunde dazu ausgebildet sind, Spuren nachzugehen, mit Lauten zu jagen, dann ihren Standort mit einem Laut zu bekunden. Er jagt ebenso bestens das Federwild, auch im Wasser. Der Beagle lernt hervorragend, doch ist er als Apportierhund ungeeignet. Aufgrund seines au\u00dferordentlichen Geruchssinns dient er bei der Suche nach illegaler Ware an H\u00e4fen und Flugh\u00e4fen.<\/p>\n<p>Missbraucht wurden Beagles von Wissenschaftlern. Da Beagles von ihrer Statur her niedrig gebaut sind, wurden sie zu diversen Tests in Laboren gefangen gehalten. Viele starben an den Folgen greulich absurder Laborversuche.<\/p>\n<h2>Rassemerkmale der Beagle<\/h2>\n<p>Nach der F\u00e9d\u00e9ration Cynologique Internationale (FCI) geh\u00f6rt er zur Gruppe 6 der FCI, Sektion 1.3, Standard 161. Das sind Laufhunde.<\/p>\n<p>Der Beagle wird nahezu 40 Zentimeter gro\u00df und 18 kg schwer. Er kann 15 Jahre alt werden. Sein Fell ist meist zweifarbig: braun-wei\u00df, beige-wei\u00df, zitronengelb-wei\u00df. Auch die dreifarbige Fellfarbenvariante &#8216;rot-wei\u00df-schwarz&#8217; kommt vor. Seine Beine sind kurz, kr\u00e4ftig und muskul\u00f6s. Seine Rute ist hochangesetzt, dick und dicht behaart, die wei\u00dfe Spitze zeigt fr\u00f6hlich nach oben. Er schaut mit sanftem Blick aus dunkelbraunen und haselnussbraunen Augen. Sein Kiefer ist kr\u00e4ftig. Seine langen Ohren h\u00e4ngen tief hinunter.<\/p>\n<h2><img decoding=\"async\" class=\"alignnone wp-image-1966 \" src=\"https:\/\/tierisch-verliebt.de\/magazin\/wp-content\/uploads\/2023\/03\/Beagle-1-1024x683.jpg\" alt=\"Beagle\" width=\"647\" height=\"431\" srcset=\"https:\/\/tierisch-verliebt.de\/magazin\/wp-content\/uploads\/2023\/03\/Beagle-1-1024x683.jpg 1024w, https:\/\/tierisch-verliebt.de\/magazin\/wp-content\/uploads\/2023\/03\/Beagle-1-300x200.jpg 300w, https:\/\/tierisch-verliebt.de\/magazin\/wp-content\/uploads\/2023\/03\/Beagle-1-768x512.jpg 768w, https:\/\/tierisch-verliebt.de\/magazin\/wp-content\/uploads\/2023\/03\/Beagle-1-1536x1024.jpg 1536w, https:\/\/tierisch-verliebt.de\/magazin\/wp-content\/uploads\/2023\/03\/Beagle-1.jpg 1920w\" sizes=\"(max-width: 647px) 100vw, 647px\" \/><\/h2>\n<h2>Gesundheit der Beagle<\/h2>\n<p>Da die Form der Beagles-Ohren Luftwege versperren, bleiben sie feuchtnass. Deshalb k\u00f6nnen sie sich leicht infizieren. Regelm\u00e4\u00dfiges S\u00e4ubern hilft. Seine Augen k\u00f6nnen an Gr\u00fcnstar und an Hornhautdystrophien erkranken.Manche Beagles leiden an Epilepsie und Schilddr\u00fcsenunterfunktion. Beides kann medikament\u00f6s behandelt werden.<\/p>\n<p>Bewegungsmangel f\u00fchrt bei Beagles zu \u00dcbergewicht. Daher k\u00f6nnten sie am Herz und an den Gelenken erkranken. Ihr <a href=\"https:\/\/tierisch-verliebt.de\/magazin\/getreidefreies-futter\/\">Futter<\/a> sollte aus niedriger Energiedichte bestehen, die Rationen gut berechnet werden.<\/p>\n<p>Lustig wirkt er leider aufgrund seiner schwachen Beinchen und seiner etwas gekr\u00fcmmten Wirbels\u00e4ule. So denke man doch an Peanuts-&#8216;Snoopy&#8217;. Beim Gehen m\u00fcssen Beagles auf ihren kurzen Beinchen ihr Gleichgewicht halten. Eine Folge darauf w\u00e4ren Bandscheibenvorf\u00e4lle.<\/p>\n<p><img decoding=\"async\" class=\"alignnone wp-image-2907\" src=\"https:\/\/tierisch-verliebt.de\/magazin\/wp-content\/uploads\/2025\/01\/ernaehrung-Beagle.webp\" alt=\"ernaehrung-beagle\" width=\"600\" height=\"600\" srcset=\"https:\/\/tierisch-verliebt.de\/magazin\/wp-content\/uploads\/2025\/01\/ernaehrung-Beagle.webp 1024w, https:\/\/tierisch-verliebt.de\/magazin\/wp-content\/uploads\/2025\/01\/ernaehrung-Beagle-300x300.webp 300w, https:\/\/tierisch-verliebt.de\/magazin\/wp-content\/uploads\/2025\/01\/ernaehrung-Beagle-150x150.webp 150w, https:\/\/tierisch-verliebt.de\/magazin\/wp-content\/uploads\/2025\/01\/ernaehrung-Beagle-768x768.webp 768w\" sizes=\"(max-width: 600px) 100vw, 600px\" \/><\/p>\n<h2>FAQ<\/h2>\n<h3>1. Sind Beagle f\u00fcr Ersthundebesitzer geeignet?<\/h3>\n<p>Ja, Beagle k\u00f6nnen f\u00fcr Ersthundebesitzer geeignet sein, allerdings gibt es einige Aspekte, die beachtet werden sollten. Hier sind die wichtigsten Vor- und Nachteile:<\/p>\n<ul>\n<li>Vorteile: Freundliches Wesen, Mittlere Gr\u00f6\u00dfe, Verspieltheit und Energie und Pflegeleichtes Fell<\/li>\n<li>Nachteile: Starker Jagdtrieb, Sturheit und Eigenwilligkeit, Hohe Energie und Lautst\u00e4rke<\/li>\n<\/ul>\n<p>Mit der richtigen Vorbereitung und Geduld kann ein Beagle f\u00fcr Ersthundebesitzer eine tolle Wahl sein!<\/p>\n<h3>2. Wie trainiert man einen Beagle effektiv?<\/h3>\n<p>Beagle sind intelligente, aber auch eigenwillige Hunde, was das Training zu einer Herausforderung machen kann. Hier sind einige Tipps, wie man einen Beagle effektiv trainiert: positive Verst\u00e4rkung verwenden, beim Kommandos und Regeln immer dieselben W\u00f6rter und Gesten verwenden, kurze und regelm\u00e4\u00dfige Trainingseinheiten, seinen Geruchssinn nutzen, Ablenkungen minimieren, Geduld bei Sturheit, fr\u00fche Sozialisation, Gehorsamstraining priorisieren, Langeweile vermeiden. Ein gut trainierter Beagle ist ein treuer, gl\u00fccklicher Begleiter! Mit Geduld und Engagement wirst du viel Erfolg haben.<\/p>\n<h3>3. Wie viel kostet die Haltung eines Beagle im Durchschnitt pro Monat?<\/h3>\n<p>Die monatlichen Kosten f\u00fcr die Haltung eines Beagle k\u00f6nnen variieren, aber hier ist eine \u00dcbersicht \u00fcber die typischen Ausgaben, damit du dir ein Bild machen kannst:<\/p>\n<p>Gesamtkosten pro Monat: 70\u2013200 \u20ac ( Futterkosten: 30\u201360 \u20ac, Tierarztkosten: 10\u201340 \u20ac, Hundesteuer: 5\u201320 \u20ac, Haftpflichtversicherung: 5\u201315 \u20ac, Pflege und Hygiene: 5\u201315 \u20ac, Spielzeug und Zubeh\u00f6r: 5\u201315 \u20ac, Trainings- und Hundeschule (optional): 10\u201330 \u20ac, Sonstiges &#8211; Reisekosten, Leckerlis oder spezielle Ausr\u00fcstung: 5\u201320 \u20ac ).<\/p>\n<p>Die genauen Kosten h\u00e4ngen von den individuellen Bed\u00fcrfnissen des Hundes und deinem Lebensstil ab. Ein finanzielles Polster f\u00fcr unvorhergesehene Ausgaben, wie Tierarztkosten, wird ebenfalls empfohlen.<\/p>\n<h3>4. Ist der Beagle f\u00fcr Allergiker geeignet?<\/h3>\n<p>Beagle sind in der Regel nicht ideal f\u00fcr Allergiker, da sie trotz ihres kurzen Fells regelm\u00e4\u00dfig Haare verlieren und Schuppen produzieren. Diese Schuppen, zusammen mit Speichel und Urin, sind die Hauptausl\u00f6ser von Tierhaarallergien. Dennoch h\u00e4ngt die Vertr\u00e4glichkeit immer vom individuellen Allergiker und der St\u00e4rke der Allergie ab. Tipps, falls ein Allergiker einen Beagle halten m\u00f6chte: h\u00e4ufiges B\u00fcrsten, saubere Umgebung, Hundehautpflege, Allergietests und zeitliche Probephase.<\/p>\n<p>Wenn du Allergiker bist und dir einen Beagle w\u00fcnschst, solltest du die Situation sorgf\u00e4ltig abw\u00e4gen und gegebenenfalls R\u00fccksprache mit einem Allergologen halten.<\/p>\n","protected":false},"excerpt":{"rendered":"<p>Der fr\u00f6hliche Beagle geh\u00f6rt zu den kleinen und mittelgro\u00dfen Rassen. Als Schwei\u00dfhund sp\u00fcrt er Hasen und Kleinwild bei der Jagd<\/p>\n","protected":false},"author":2,"featured_media":405,"parent":0,"menu_order":0,"comment_status":"closed","ping_status":"closed","template":"","meta":{"ngg_post_thumbnail":0,"footnotes":""},"class_list":["post-404","page","type-page","status-publish","has-post-thumbnail","hentry","comments-off"],"aioseo_notices":[],"_links":{"self":[{"href":"https:\/\/tierisch-verliebt.de\/magazin\/wp-json\/wp\/v2\/pages\/404","targetHints":{"allow":["GET"]}}],"collection":[{"href":"https:\/\/tierisch-verliebt.de\/magazin\/wp-json\/wp\/v2\/pages"}],"about":[{"href":"https:\/\/tierisch-verliebt.de\/magazin\/wp-json\/wp\/v2\/types\/page"}],"author":[{"embeddable":true,"href":"https:\/\/tierisch-verliebt.de\/magazin\/wp-json\/wp\/v2\/users\/2"}],"replies":[{"embeddable":true,"href":"https:\/\/tierisch-verliebt.de\/magazin\/wp-json\/wp\/v2\/comments?post=404"}],"version-history":[{"count":6,"href":"https:\/\/tierisch-verliebt.de\/magazin\/wp-json\/wp\/v2\/pages\/404\/revisions"}],"predecessor-version":[{"id":3567,"href":"https:\/\/tierisch-verliebt.de\/magazin\/wp-json\/wp\/v2\/pages\/404\/revisions\/3567"}],"wp:featuredmedia":[{"embeddable":true,"href":"https:\/\/tierisch-verliebt.de\/magazin\/wp-json\/wp\/v2\/media\/405"}],"wp:attachment":[{"href":"https:\/\/tierisch-verliebt.de\/magazin\/wp-json\/wp\/v2\/media?parent=404"}],"curies":[{"name":"wp","href":"https:\/\/api.w.org\/{rel}","templated":true}]}}