{"id":395,"date":"2019-10-28T07:42:31","date_gmt":"2019-10-28T06:42:31","guid":{"rendered":"https:\/\/tierisch-verliebt.de\/magazin\/?page_id=395"},"modified":"2025-02-07T12:15:15","modified_gmt":"2025-02-07T11:15:15","slug":"weimaraner","status":"publish","type":"page","link":"https:\/\/tierisch-verliebt.de\/magazin\/weimaraner\/","title":{"rendered":"Der Weimaraner &#8211; Jagdhundsch\u00f6nheit in grau"},"content":{"rendered":"<p>Der Weimaraner ist ein sehr eindrucksvoller Hund, der die Blicke auf sich zieht. Mit seiner beinah einzigartigen silbrig-grauen Farbe sticht er unter den zahlreichen Hunderassen deutlich heraus. Urspr\u00fcnglich als Jagdhung gez\u00fcchtet, begeistert der Weimaraner mittlerweile auch als Familien- und Begleithund seine Halter mit seiner treuen und aktiven Art. Neben dem wesentlich bekannteren Weimaraner mit kurzem Fell gibt es auch so genannte &#8220;Langhaar-Weimaraner&#8221;.<\/p>\n\n<h2>Steckbrief<\/h2>\n<p><img decoding=\"async\" alt=\"check\" src=\"https:\/\/tierisch-verliebt.de\/magazin\/wp-content\/uploads\/2019\/06\/check-icon-16.png\"> <strong>Lebenserwartung:<\/strong> 10 bis 14 Jahre<br \/>\n<img decoding=\"async\" alt=\"check\" src=\"https:\/\/tierisch-verliebt.de\/magazin\/wp-content\/uploads\/2019\/06\/check-icon-16.png\"> <strong>Gewicht:<\/strong> 25 bis 40 kg<br \/>\n<img decoding=\"async\" alt=\"check\" src=\"https:\/\/tierisch-verliebt.de\/magazin\/wp-content\/uploads\/2019\/06\/check-icon-16.png\"> <strong>Widerristh\u00f6he:<\/strong> 57 bis 70 cm<br \/>\n<img decoding=\"async\" alt=\"check\" src=\"https:\/\/tierisch-verliebt.de\/magazin\/wp-content\/uploads\/2019\/06\/check-icon-16.png\"> <strong>Charakter:<\/strong> wachsam, arbeitswillig, intelligent, aktiv, aufmerksam<br \/>\n<img decoding=\"async\" alt=\"check\" src=\"https:\/\/tierisch-verliebt.de\/magazin\/wp-content\/uploads\/2019\/06\/check-icon-16.png\"> <strong>Farben:<\/strong> silber-, reh-, mausgrau<br \/>\n<img decoding=\"async\" alt=\"check\" src=\"https:\/\/tierisch-verliebt.de\/magazin\/wp-content\/uploads\/2019\/06\/check-icon-16.png\"> <strong>FCI-Gruppe:<\/strong> <a href=\"https:\/\/tierisch-verliebt.de\/magazin\/fci-gruppen\/\">FCI-Gruppe 7<\/a><br \/>\n<img decoding=\"async\" alt=\"check\" src=\"https:\/\/tierisch-verliebt.de\/magazin\/wp-content\/uploads\/2019\/06\/check-icon-16.png\"> <strong>Kosten:<\/strong> Zwischen 1.000 &amp; 1.400 Euro<\/p>\n<p><img decoding=\"async\" class=\"alignnone size-large wp-image-2418\" src=\"https:\/\/tierisch-verliebt.de\/magazin\/wp-content\/uploads\/2023\/08\/Weimaraner-2-1024x678.jpg\" alt=\"Weimaraner\" width=\"910\" height=\"603\" srcset=\"https:\/\/tierisch-verliebt.de\/magazin\/wp-content\/uploads\/2023\/08\/Weimaraner-2-1024x678.jpg 1024w, https:\/\/tierisch-verliebt.de\/magazin\/wp-content\/uploads\/2023\/08\/Weimaraner-2-300x199.jpg 300w, https:\/\/tierisch-verliebt.de\/magazin\/wp-content\/uploads\/2023\/08\/Weimaraner-2-768x509.jpg 768w, https:\/\/tierisch-verliebt.de\/magazin\/wp-content\/uploads\/2023\/08\/Weimaraner-2.jpg 1280w\" sizes=\"(max-width: 910px) 100vw, 910px\" \/><\/p>\n<h2>Wesen und Charakter<\/h2>\n<p>Das Wesen des Weimaraners ist deutlich von seinen Eigenschaften als <a href=\"https:\/\/tierisch-verliebt.de\/magazin\/jagdhunde\/\">Jagdhund<\/a> gepr\u00e4gt. Er ist ein sehr aktiver und lebhafter Hund, der besch\u00e4ftigt werden m\u00f6chte. Besonders die ihm eigene Intelligenz fordert den Halter manchmal, wenn es um die Erziehung geht. Diese sollte konsequent, aber auch sehr liebevoll sein. Denn der Weimaraner gilt auch als sehr sensibel und auf seinen Menschen fixiert. Die N\u00e4he und Treue zu seinem Halter kann sich beim Weimaraner als ausgepr\u00e4gter <a href=\"https:\/\/tierisch-verliebt.de\/magazin\/schutzhunde\/\">Schutz<\/a>&#8211; und Wachinstinkt \u00e4u\u00dfern.<\/p>\n<p>Die Familientauglichkeit von Hunden, bei denen dieser Wachinstinkt sehr stark ausgepr\u00e4gt ist, ist fraglich. Mittlerweile gibt es in der Weimaraner-Zucht verschiedene Linien, die nicht nur die jagdlichen F\u00e4higkeiten der Hunde f\u00f6rdern. Manche Z\u00fcchter versuchen besonders jene Eigenschaften durch Zucht zu festigen, die den Hund zu einem Familien- und Begleithund machen.<\/p>\n<p>Als Jagdhund ist er ein richtiger Allrounder. Er ist f\u00fcr die Arbeit vor und nach dem Schuss geeignet, das bedeutet er kann sowohl zum Aufst\u00f6bern von Wild verwendet werden, als auch f\u00fcr die so genannte \u201eSchwei\u00dfarbeit\u201c oder Nachsuche &#8211; dem Auffinden des erlegten Tieres.<\/p>\n<h2>Herkunft &amp; Geschichte<\/h2>\n<p>Der Weimaraner ist ein Rassehund der seinen Ursprung in Deutschland hat. Die genaue geschichtliche Entwicklung ist nicht gekl\u00e4rt. Es finden sich allerdings Aufzeichnungen \u00fcber den Weimaraner, wonach er im 19. Jahrhundert am Hof der deutschen Stadt \u201eWeimar\u201c gehalten wurde, daher auch der Name \u201eWeimaraner\u201c. 1897 wurde der erste urspr\u00fcngliche Zuchtverein des Weimaraners gegr\u00fcndet, heute unter dem Namen \u201eWeimaraner Klub\u201c bekannt. Der Klub stellt viele Informationen zur Rasse zur Verf\u00fcgung und ist auch an der Weiterentwicklung des Rassestandards beteiligt.<\/p>\n<p><img decoding=\"async\" class=\"alignnone size-large wp-image-2417\" src=\"https:\/\/tierisch-verliebt.de\/magazin\/wp-content\/uploads\/2023\/08\/Weimaraner-3-1024x682.jpg\" alt=\"Weimaraner\" width=\"910\" height=\"606\" srcset=\"https:\/\/tierisch-verliebt.de\/magazin\/wp-content\/uploads\/2023\/08\/Weimaraner-3-1024x682.jpg 1024w, https:\/\/tierisch-verliebt.de\/magazin\/wp-content\/uploads\/2023\/08\/Weimaraner-3-300x200.jpg 300w, https:\/\/tierisch-verliebt.de\/magazin\/wp-content\/uploads\/2023\/08\/Weimaraner-3-768x512.jpg 768w, https:\/\/tierisch-verliebt.de\/magazin\/wp-content\/uploads\/2023\/08\/Weimaraner-3.jpg 1280w\" sizes=\"(max-width: 910px) 100vw, 910px\" \/><\/p>\n<h2>\u00dcberlegungen vor der Anschaffung<\/h2>\n<p>Der Weimaraner ist aufgrund seiner Eigenschaften als Jagdhund weder ein Anf\u00e4nger-, noch unbedingt ein Familienhund! Obwohl es mittlerweile Zuchtlinien gibt, die weniger die jagdlichen Charaktermerkmale des Weimaraners betonen, sondern auf seine Umg\u00e4nglichkeit und Eignung als Begleithund achten, wird ein qualifizierter Z\u00fcchter diese Rasse nie in unerfahrene H\u00e4nde abgeben!<\/p>\n<p>Wer einen Weimaraner halten m\u00f6chte, ohne ihn jagdlich zu f\u00fchren muss auf jeden Fall trotzdem seiner Intelligenz und seinem aktiven Wesen gerecht werden. Er braucht ausreichend Bewegung, von einigen Z\u00fcchtern werden t\u00e4glich mindestens 2 Stunden angegeben. Zus\u00e4tzlich dazu ben\u00f6tigt er Besch\u00e4ftigungen, die seinen Kopf f\u00f6rdern.<\/p>\n<p>Aufgaben wie F\u00e4hrtensuchen oder Apportieren sollten regelm\u00e4\u00dfig zur Besch\u00e4ftigung durchgef\u00fchrt werden. Ausreichend Zeit und Erfahrung mit der <a href=\"https:\/\/tierisch-verliebt.de\/magazin\/hunderziehung-grundlegendes\/\">Erziehung<\/a> und der qualitativen Besch\u00e4ftigung mit Hunden ist somit eine der wichtigsten Voraussetzungen zur Haltung des sch\u00f6nen grauen Weimaraners.<\/p>\n<p>Der Weimaraner wird zudem relativ gro\u00df: R\u00fcden erreichen eine Schulterh\u00f6he von bis zu 70cm. Dementsprechend gro\u00df ist auch der Platzbedarf, als \u201eWohnungshund\u201c ist der Weimaraner definitiv nicht geeignet. Zudem kommen mit einer entsprechenden Gr\u00f6\u00dfe auch deutlich h\u00f6here Futterkosten auf den Halter zu, dies sollte vor einer Anschaffung bedacht werden.<\/p>\n<p>Des Weiteren sollte vor der Anschaffung eines Hundes &#8211; nicht nur des Weimaraners &#8211; bedacht werden, dass nicht nur einiges an Geld in den Kauf des Hundes und der Grundausstattung investiert werden muss, sondern im Krankheitsfall auch hohe <a href=\"https:\/\/tierisch-verliebt.de\/magazin\/unterhalt-eines-hundes\/\">Kosten<\/a> f\u00fcr den Tierarzt auf den Halter zukommen k\u00f6nnen! Ein gewisses finanzielles Polster sollte also immer vorhanden sein, falls Tierarztkosten anfallen.<\/p>\n<p><img decoding=\"async\" class=\"alignnone size-large wp-image-2416\" src=\"https:\/\/tierisch-verliebt.de\/magazin\/wp-content\/uploads\/2023\/08\/Weimaraner-4-1024x768.jpg\" alt=\"Weimaraner\" width=\"910\" height=\"683\" srcset=\"https:\/\/tierisch-verliebt.de\/magazin\/wp-content\/uploads\/2023\/08\/Weimaraner-4-1024x768.jpg 1024w, https:\/\/tierisch-verliebt.de\/magazin\/wp-content\/uploads\/2023\/08\/Weimaraner-4-300x225.jpg 300w, https:\/\/tierisch-verliebt.de\/magazin\/wp-content\/uploads\/2023\/08\/Weimaraner-4-768x576.jpg 768w, https:\/\/tierisch-verliebt.de\/magazin\/wp-content\/uploads\/2023\/08\/Weimaraner-4-600x450.jpg 600w, https:\/\/tierisch-verliebt.de\/magazin\/wp-content\/uploads\/2023\/08\/Weimaraner-4.jpg 1280w\" sizes=\"(max-width: 910px) 100vw, 910px\" \/><\/p>\n<h2>Geeignete Aktivit\u00e4ten mit einem Weimaraner<\/h2>\n<p>Wie bereits erw\u00e4hnt ist der Weimaraner urspr\u00fcnglich ein <a href=\"https:\/\/tierisch-verliebt.de\/magazin\/jagdhunde\/\">Jagdhund<\/a>. Er ist bestens geeignet f\u00fcr alle jagdlichen Aufgaben, wie das St\u00f6bern oder die Schwei\u00dfarbeit. Durch seine ausgezeichnete Nase ist er exzellent f\u00fcr das F\u00e4hrtensuchen geeignet. Auch wer den Weimaraner nicht jagdlich f\u00fchren m\u00f6chte, kann seinen Begleiter mit solchen Aufgaben fordern.<\/p>\n<p>Ausreichende, abwechslungsreiche Bewegung sollten zum t\u00e4glichen Programm des Weimaraners geh\u00f6ren. Ebenso Aufgaben, die der Intelligenz des Weimaraner und seinen Jagdtrieben gerecht werden. Auch, wenn der Hund nicht f\u00fcr die Jagd ausgebildet und verwendet wird, sollte er zumindest \u00e4hnliche Aufgaben erf\u00fcllen d\u00fcrfen, wie F\u00e4hrtensuchen oder Apportieren.<\/p>\n<h2>Rassemerkmale<\/h2>\n<p>Der Weimaraner zieht besonders durch seine einzigartige Farbe innerhalb der Hundewelt die Aufmerksamkeit auf sich. Den grauen Weimaraner gibt es meistens als Kurzhaar-Variante, allerdings sind auch gelegentlich Langhaar-Weimaraner anzutreffen. Als Rassehund ist f\u00fcr den Weimaraner auch ein gewisser Rassestandard festgelegt, den R\u00fcden und H\u00fcndinnen erf\u00fcllen m\u00fcssen, wenn sie offiziell zur Zucht zugelassen werden sollen.<\/p>\n<p>In diesem Rassestandard sind unter anderem folgende Merkmale festgelegt: R\u00fcden d\u00fcrfen zwischen 59cm und 70cm Schulterh\u00f6he haben, bei einem Gewicht von bis zu 40kg. H\u00fcndinnen sollten deutlich kleiner und leichter sein als die R\u00fcden. Sie d\u00fcrfen eine Gr\u00f6\u00dfe von 65cm erreichen und ein Gewicht von 35kg. Damit geh\u00f6rt der Weimaraner zu den mittelgro\u00dfen bis gro\u00dfen Hunderassen.<\/p>\n<p>Die Farben werden im Rassestandard als \u201esilber- , reh- oder mausgrau\u201c beschrieben. Der Weimaraner darf kleine wei\u00dfe Abzeichen aufweisen. Die Augen der au\u00dfergew\u00f6hnlichen Hunde sind im Welpenalter leuchtend blau, danach nehmen sie eine bernsteinfarbene F\u00e4rbung an. Der Fang der Hunde soll insbesondere bei den R\u00fcden sehr markant ausgepr\u00e4gt sein.<\/p>\n<p><img decoding=\"async\" class=\"alignnone size-large wp-image-2419\" src=\"https:\/\/tierisch-verliebt.de\/magazin\/wp-content\/uploads\/2023\/08\/Weimaraner-1-1024x678.jpg\" alt=\"Weimaraner\" width=\"910\" height=\"603\" srcset=\"https:\/\/tierisch-verliebt.de\/magazin\/wp-content\/uploads\/2023\/08\/Weimaraner-1-1024x678.jpg 1024w, https:\/\/tierisch-verliebt.de\/magazin\/wp-content\/uploads\/2023\/08\/Weimaraner-1-300x199.jpg 300w, https:\/\/tierisch-verliebt.de\/magazin\/wp-content\/uploads\/2023\/08\/Weimaraner-1-768x509.jpg 768w, https:\/\/tierisch-verliebt.de\/magazin\/wp-content\/uploads\/2023\/08\/Weimaraner-1.jpg 1280w\" sizes=\"(max-width: 910px) 100vw, 910px\" \/><\/p>\n<h2>Geeignete Ern\u00e4hrung<\/h2>\n<p>Weimaraner k\u00f6nnen zu Allergien neigen. Darauf sollte bei der Ern\u00e4hrung geachtet werden, falls der Hund gesundheitliche Probleme zeigt. Prinzipiell ist er aber nicht anders zu ern\u00e4hren, als andere Hunderassen. Wie alle Hunde ben\u00f6tigt der Weimaraner eine seiner k\u00f6rperlichen Aktivit\u00e4t angepasste und qualitativ hochwertige <a href=\"https:\/\/tierisch-verliebt.de\/magazin\/havaneser-ernaehrung\/\">Ern\u00e4hrung<\/a>.<\/p>\n<p>Dies k\u00f6nnen Fertig-Futtermischungen von ausreichend hoher Qualit\u00e4t sein oder aber auch selbst zusammengestellte Kost, wie das beim \u201eBARF\u201c der Fall ist. Es empfiehlt sich, die Empfehlungen vom Z\u00fcchter des Welpen oder Tier\u00e4rzten umzusetzen. Leckerlis sind erlaubt, sollten aber immer hundegerecht sein und nur in Ma\u00dfen verf\u00fcttert werden. Zugang zu frischem Wasser muss immer gegeben sein.<\/p>\n<h2 data-pm-slice=\"1 1 []\">FAQ`s<\/h2>\n<p><img decoding=\"async\" class=\"alignnone size-large wp-image-2851\" src=\"https:\/\/tierisch-verliebt.de\/magazin\/wp-content\/uploads\/2025\/01\/Weimarer-1-1024x682.jpg\" alt=\"\" width=\"910\" height=\"606\" srcset=\"https:\/\/tierisch-verliebt.de\/magazin\/wp-content\/uploads\/2025\/01\/Weimarer-1-1024x682.jpg 1024w, https:\/\/tierisch-verliebt.de\/magazin\/wp-content\/uploads\/2025\/01\/Weimarer-1-300x200.jpg 300w, https:\/\/tierisch-verliebt.de\/magazin\/wp-content\/uploads\/2025\/01\/Weimarer-1-768x512.jpg 768w, https:\/\/tierisch-verliebt.de\/magazin\/wp-content\/uploads\/2025\/01\/Weimarer-1.jpg 1280w\" sizes=\"(max-width: 910px) 100vw, 910px\" \/><\/p>\n<h3>Wie viel Pflege ben\u00f6tigt das Fell des Weimaraners?<\/h3>\n<p>Der Weimaraner hat ein kurzes Fell, das wenig Pflege ben\u00f6tigt. Regelm\u00e4\u00dfiges B\u00fcrsten, etwa einmal pro Woche, reicht aus, um loses Haar zu entfernen und den nat\u00fcrlichen Glanz zu erhalten.<\/p>\n<h3>Neigt der Weimaraner zu bestimmten Krankheiten?<\/h3>\n<p>Weimaraner k\u00f6nnen zu rassetypischen Erkrankungen wie H\u00fcftdysplasie, Magendrehung und bestimmten Augenkrankheiten neigen. Regelm\u00e4\u00dfige Tierarztbesuche und eine ausgewogene Ern\u00e4hrung sind wichtig, um die Gesundheit zu f\u00f6rdern.<\/p>\n<h3>Welche Voraussetzungen sind wichtig, um einen Weimaraner gl\u00fccklich zu machen?<\/h3>\n<p><img decoding=\"async\" class=\"alignnone size-large wp-image-2852\" src=\"https:\/\/tierisch-verliebt.de\/magazin\/wp-content\/uploads\/2025\/01\/weimaraner-laufen-1024x682.jpg\" alt=\"\" width=\"910\" height=\"606\" srcset=\"https:\/\/tierisch-verliebt.de\/magazin\/wp-content\/uploads\/2025\/01\/weimaraner-laufen-1024x682.jpg 1024w, https:\/\/tierisch-verliebt.de\/magazin\/wp-content\/uploads\/2025\/01\/weimaraner-laufen-300x200.jpg 300w, https:\/\/tierisch-verliebt.de\/magazin\/wp-content\/uploads\/2025\/01\/weimaraner-laufen-768x512.jpg 768w, https:\/\/tierisch-verliebt.de\/magazin\/wp-content\/uploads\/2025\/01\/weimaraner-laufen.jpg 1280w\" sizes=\"(max-width: 910px) 100vw, 910px\" \/><\/p>\n<p>Der Weimaraner ist eine elegante Jagdhundsch\u00f6nheit in Grau, die mit ihrer Intelligenz, Ausdauer und ihrem edlen Erscheinungsbild begeistert. Ein Weimaraner braucht viel Auslauf, eine Aufgabe (z. B. Apportieren, F\u00e4hrtensuche) und einen festen Platz in der Familie. Er ist am gl\u00fccklichsten, wenn er k\u00f6rperlich und geistig gefordert wird und eng mit seiner Familie zusammenlebt.<\/p>\n","protected":false},"excerpt":{"rendered":"<p>Der Weimaraner ist ein sehr eindrucksvoller Hund, der die Blicke auf sich zieht. Mit seiner beinah einzigartigen silbrig-grauen Farbe sticht<\/p>\n","protected":false},"author":2,"featured_media":396,"parent":0,"menu_order":0,"comment_status":"closed","ping_status":"closed","template":"","meta":{"ngg_post_thumbnail":0,"footnotes":""},"class_list":["post-395","page","type-page","status-publish","has-post-thumbnail","hentry","comments-off"],"aioseo_notices":[],"_links":{"self":[{"href":"https:\/\/tierisch-verliebt.de\/magazin\/wp-json\/wp\/v2\/pages\/395","targetHints":{"allow":["GET"]}}],"collection":[{"href":"https:\/\/tierisch-verliebt.de\/magazin\/wp-json\/wp\/v2\/pages"}],"about":[{"href":"https:\/\/tierisch-verliebt.de\/magazin\/wp-json\/wp\/v2\/types\/page"}],"author":[{"embeddable":true,"href":"https:\/\/tierisch-verliebt.de\/magazin\/wp-json\/wp\/v2\/users\/2"}],"replies":[{"embeddable":true,"href":"https:\/\/tierisch-verliebt.de\/magazin\/wp-json\/wp\/v2\/comments?post=395"}],"version-history":[{"count":5,"href":"https:\/\/tierisch-verliebt.de\/magazin\/wp-json\/wp\/v2\/pages\/395\/revisions"}],"predecessor-version":[{"id":3029,"href":"https:\/\/tierisch-verliebt.de\/magazin\/wp-json\/wp\/v2\/pages\/395\/revisions\/3029"}],"wp:featuredmedia":[{"embeddable":true,"href":"https:\/\/tierisch-verliebt.de\/magazin\/wp-json\/wp\/v2\/media\/396"}],"wp:attachment":[{"href":"https:\/\/tierisch-verliebt.de\/magazin\/wp-json\/wp\/v2\/media?parent=395"}],"curies":[{"name":"wp","href":"https:\/\/api.w.org\/{rel}","templated":true}]}}