{"id":355,"date":"2019-10-23T20:42:17","date_gmt":"2019-10-23T18:42:17","guid":{"rendered":"https:\/\/tierisch-verliebt.de\/magazin\/?page_id=355"},"modified":"2025-02-23T00:04:32","modified_gmt":"2025-02-22T23:04:32","slug":"mops","status":"publish","type":"page","link":"https:\/\/tierisch-verliebt.de\/magazin\/mops\/","title":{"rendered":"Mops &#8211; Das Portrait"},"content":{"rendered":"<p>Der quirlige Mops ist ein wahrer Charmeur und steht seinem Besitzer zu jeder Zeit liebevoll und treu zur Seite. Wer einmal einen Mops an seiner Seite hat, will sich niemals wieder von dem verschmusten Tier trennen. Das zerknautschte aber dennoch liebevolle Gesicht ber\u00fchrt die Herzen vieler Hundeliebhaber. Aber alle Achtung: M\u00f6pse sind \u00fcberaus raffinierte Gesch\u00f6pfe und wissen genau, wie sie ihre Besitzer um den Finger wickeln k\u00f6nnen. Hier kann man das vollst\u00e4ndige Portrait dieser Hunderasse finden.<\/p>\n\n<h2>Steckbrief<\/h2>\n<p><img decoding=\"async\" alt=\"check\" src=\"https:\/\/tierisch-verliebt.de\/magazin\/wp-content\/uploads\/2019\/06\/check-icon-16.png\"> <strong>Lebenserwartung:<\/strong> 12 bis 15 Jahre<br \/>\n<img decoding=\"async\" alt=\"check\" src=\"https:\/\/tierisch-verliebt.de\/magazin\/wp-content\/uploads\/2019\/06\/check-icon-16.png\"> <strong>Gewicht:<\/strong> 6 bis 8 kg<br \/>\n<img decoding=\"async\" alt=\"check\" src=\"https:\/\/tierisch-verliebt.de\/magazin\/wp-content\/uploads\/2019\/06\/check-icon-16.png\"> <strong>Widerristh\u00f6he:<\/strong> 25 bis 30 cm<br \/>\n<img decoding=\"async\" alt=\"check\" src=\"https:\/\/tierisch-verliebt.de\/magazin\/wp-content\/uploads\/2019\/06\/check-icon-16.png\"> <strong>Charakter:<\/strong> gehorsam, fr\u00f6hlich, w\u00fcrdevoll,<br \/>\n<img decoding=\"async\" alt=\"check\" src=\"https:\/\/tierisch-verliebt.de\/magazin\/wp-content\/uploads\/2019\/06\/check-icon-16.png\"> <strong>Farben:<\/strong> falbfarben, schwarz, silber, aprikose, verspielt<br \/>\n<img decoding=\"async\" alt=\"check\" src=\"https:\/\/tierisch-verliebt.de\/magazin\/wp-content\/uploads\/2019\/06\/check-icon-16.png\"> <strong>FCI-Gruppe:<\/strong> <a href=\"https:\/\/tierisch-verliebt.de\/magazin\/fci-gruppen\/\">FCI-Gruppe 9<\/a><br \/>\n<img decoding=\"async\" alt=\"check\" src=\"https:\/\/tierisch-verliebt.de\/magazin\/wp-content\/uploads\/2019\/06\/check-icon-16.png\"> <strong>Kosten:<\/strong> Zwischen 600 &amp; 1.000 Euro<\/p>\n<p><img decoding=\"async\" class=\"alignnone size-large wp-image-2336\" src=\"https:\/\/tierisch-verliebt.de\/magazin\/wp-content\/uploads\/2023\/08\/Mops-1-1024x682.jpg\" alt=\"Mops\" width=\"910\" height=\"606\" srcset=\"https:\/\/tierisch-verliebt.de\/magazin\/wp-content\/uploads\/2023\/08\/Mops-1-1024x682.jpg 1024w, https:\/\/tierisch-verliebt.de\/magazin\/wp-content\/uploads\/2023\/08\/Mops-1-300x200.jpg 300w, https:\/\/tierisch-verliebt.de\/magazin\/wp-content\/uploads\/2023\/08\/Mops-1-768x512.jpg 768w, https:\/\/tierisch-verliebt.de\/magazin\/wp-content\/uploads\/2023\/08\/Mops-1.jpg 1280w\" sizes=\"(max-width: 910px) 100vw, 910px\" \/><\/p>\n<h1>Wesen und Charakter<\/h1>\n<p>Kenner von M\u00f6pse wissen: Die kleinen Vierbeiner haben viel Charme, den sie gekonnt einzusetzen wissen. Wer k\u00f6nnte auch den runden, gro\u00dfen Augen des Vierbeiners widerstehen? Zu sehr verw\u00f6hnt werden sollte er jedoch nicht, ansonsten wird er schnell eigensinnig.<\/p>\n<p>Ein Mops ist \u00fcberaus intelligent, lebhaft und gleichzeitig \u00e4u\u00dferst humorvoll. Gelegentlich ist er stur, daher ist eine konsequente <a href=\"https:\/\/tierisch-verliebt.de\/magazin\/hunderziehung-grundlegendes\/\">Erziehung<\/a> nicht wegzudenken. Der kleine Vierbeiner kommuniziert gerne mit seinen Mitmenschen, aber auch bei Artgenossen f\u00fchlt er sich wohl. Mit Einsamkeit kann er nicht umgehen, weshalb er nicht st\u00e4ndig alleine gelassen werden sollte. F\u00fchlt er sich nicht richtig behandelt, bekommt der Besitzer dies meist durch Mimik, Gestik oder vereinzelte Grummel-Laute zu sp\u00fcren.<\/p>\n<p>Im Allgemeinen sind die Tiere \u00e4u\u00dferst anh\u00e4nglich, unkompliziert und w\u00fcrden ihren Besitzern am liebsten kaum von der Seite weichen. In manchen F\u00e4llen untersch\u00e4tzen sie jedoch gef\u00e4hrliche Situationen, da sie mit der ihnen entgegengebrachten Aggression nicht umgehen k\u00f6nnen.<\/p>\n<h1>Herkunft und Geschichte<\/h1>\n<p>Der aristokratische Hund verdient seinen Titel nicht ohne Grund: Laut \u00dcberlieferungen gehen die Urspr\u00fcnge des niedlichen Vierbeiners bis zu 2000 Jahre zur\u00fcck. Bereits im chinesischen Kaiserreich galt der Mops als Hund des Kaisers.<\/p>\n<p>Zwischen dem 15. und 16. Jahrhundert gelangte der Mops \u00fcber Handelsschiffe erstmalig nach Europa. Es dauerte nicht lange, bis die Hunderasse schlie\u00dflich auch in den europ\u00e4ischen Adelskreisen immer mehr an Bedeutung gewann. Im Laufe der Zeit entwickelte sich der Mops zu einem wahren Modehund und war bei den hohen Herrschaften kaum noch wegzudenken. Jeder, der etwas von sich hielt, pr\u00e4sentierte sich mit einem Mops und lie\u00df sich, wenn m\u00f6glich, zusammen mit ihm portr\u00e4tieren. Auch K\u00f6nigin Viktoria war von dem Hund \u00e4u\u00dferst angetan und hielt sich sogar ein ganzes Rudel.<\/p>\n<p>Besonders auf Bildern des 18. und 19. Jahrhunderts ist der Hund h\u00e4ufig zu sehen. Aber auch zahlreiche Geschichten und Sagen ranken sich um den kleinen Hund. Eingang fand er hierbei in Werken von Johann Wolfgang von Goethe, Wilhelm Busch und Loriot, von dem auch das ber\u00fchmte Sprichwort stammt: \u201eEin Leben ohne Mops ist m\u00f6glich, aber sinnlos\u201c.<\/p>\n<p>\u00c4hnlich wie viele andere Trends kam auch der Mops Mitte des 19. Jahrhunderts aus der Mode. Mittlerweile scheint die Rasse jedoch einen erneuten Aufschwung zu erleben.<\/p>\n<p><img decoding=\"async\" class=\"alignnone size-large wp-image-2337\" src=\"https:\/\/tierisch-verliebt.de\/magazin\/wp-content\/uploads\/2023\/08\/Mops-2-1024x682.jpg\" alt=\"Mops\" width=\"910\" height=\"606\" srcset=\"https:\/\/tierisch-verliebt.de\/magazin\/wp-content\/uploads\/2023\/08\/Mops-2-1024x682.jpg 1024w, https:\/\/tierisch-verliebt.de\/magazin\/wp-content\/uploads\/2023\/08\/Mops-2-300x200.jpg 300w, https:\/\/tierisch-verliebt.de\/magazin\/wp-content\/uploads\/2023\/08\/Mops-2-768x512.jpg 768w, https:\/\/tierisch-verliebt.de\/magazin\/wp-content\/uploads\/2023\/08\/Mops-2.jpg 1280w\" sizes=\"(max-width: 910px) 100vw, 910px\" \/><\/p>\n<h1>\u00dcberlegung vor der Anschaffung<\/h1>\n<p>Wer einen Mops kaufen m\u00f6chte, sollte sich in seiner Entscheidung auch wirklich sicher sein. Es ist f\u00fcr sie besonders wichtig, dass sie ebenfalls als Familienmitglied gesehen und auch in die unterschiedlichsten Aktivit\u00e4ten miteinbezogen werden. Ein Mops sollte nicht angeschafft werden, wenn dieser im Endeffekt den ganzen Tag \u00fcber alleine zu Hause ist.<\/p>\n<p>Da die Rasse relativ klein ist, k\u00f6nnen sie grunds\u00e4tzlich auch in Wohnungen gehalten werden. Hierbei muss jedoch beachtet werden, dass die Vierbeiner genauso ihren Auslauf ben\u00f6tigen wie andere Hunderassen. Auch ein Platz zum Zur\u00fcckziehen sollte stets zur Verf\u00fcgung stehen.<\/p>\n<p>Empfehlenswert ist es, reinrassige M\u00f6pse mit Papieren nur von eingetragenen Z\u00fcchtern zu kaufen. Interessierte m\u00fcssen jedoch mit einem Preis von 600 bis 1.000 Euro rechnen \u2013 manchmal auch mehr. Eine Investition dieser Art lohnt sich aber, da die Tiere bei anerkannten Z\u00fcchtern stets auf Erbkrankheiten und anderen m\u00f6glichen Erkrankungen untersucht werden.<\/p>\n<p>Es gibt jedoch die M\u00f6glichkeit, reinrassige Mopshunde auch von Privatpersonen zu kaufen. F\u00fcr diese Hunde gibt es jedoch keine Papiere, weshalb der Preis meist ein wenig niedriger ausf\u00e4llt. Im Gegensatz zum Z\u00fcchter ist in diesem Fall jedoch eine Kontrolle durch den anerkannten Verein nicht vorhanden. Idealerweise sollten vor dem endg\u00fcltigen Kauf stets mehr Z\u00fcchter aufgesucht werden, damit sich Besitzer ein Bild davon machen k\u00f6nnen, wie die Tiere gehalten werden.<\/p>\n<p>Wer lieber ein erwachsenes Tier h\u00e4tte, kann sich auch an ein Tierheim wenden. Hier wird jedoch ein <a href=\"https:\/\/tierisch-verliebt.de\/magazin\/unterhalt-eines-hundes\/\">Kostenbeitrag<\/a> f\u00fcr etwaige Impfungen sowie angefallene Futterkosten verlangt \u2013 auch ein Schutzvertrag ist notwendig.<\/p>\n<h1>Geeignete Aktivit\u00e4ten<\/h1>\n<p>M\u00f6pse sind zwar aktiv und lebhaft, k\u00f6nnen jedoch aufgrund ihrer Atmung kaum anstrengende Sportarten ausf\u00fchren. Grunds\u00e4tzlich hat die Rasse aber keinen besonders hohen Bewegungsbedarf. Sie ziehen es oft vor, einfach auf dem Sofa zu liegen und zu kuscheln. F\u00fcr kurze Spazierg\u00e4nge oder gelegentliche <a href=\"https:\/\/tierisch-verliebt.de\/magazin\/spiele-fuer-hunde-zu-hause\/\">Spielereien<\/a> sind sie jedoch stets zu haben.<\/p>\n<p>Eine m\u00f6gliche Sportart f\u00fcr den Mops ist beispielsweise Hoopers Agility. Hierbei durchl\u00e4uft das Tier einen Parkour aus verschiedensten Hindernissen. Aber auch das Training mit einem Futterdummy oder das Einlernen von kleinen Kunstst\u00fccken eignet sich f\u00fcr die Hunderasse hervorragend.<\/p>\n<p><img decoding=\"async\" class=\"alignnone size-large wp-image-2338\" src=\"https:\/\/tierisch-verliebt.de\/magazin\/wp-content\/uploads\/2023\/08\/Mops-3-1024x682.jpg\" alt=\"Mops\" width=\"910\" height=\"606\" srcset=\"https:\/\/tierisch-verliebt.de\/magazin\/wp-content\/uploads\/2023\/08\/Mops-3-1024x682.jpg 1024w, https:\/\/tierisch-verliebt.de\/magazin\/wp-content\/uploads\/2023\/08\/Mops-3-300x200.jpg 300w, https:\/\/tierisch-verliebt.de\/magazin\/wp-content\/uploads\/2023\/08\/Mops-3-768x512.jpg 768w, https:\/\/tierisch-verliebt.de\/magazin\/wp-content\/uploads\/2023\/08\/Mops-3.jpg 1280w\" sizes=\"(max-width: 910px) 100vw, 910px\" \/><\/p>\n<h1>Rassemerkmale<\/h1>\n<p>M\u00f6pse sind eine vom FCI-anerkannte Hunderasse und gelten im Rahmen der Klassifikation als Gesellschafts- und Begleithunde. Sie geh\u00f6ren mit einer Gr\u00f6\u00dfe von rund 32 Zentimeter zu den sogenannten Mini-Molossern.<\/p>\n<p>Charakteristisch f\u00fcr den Vierbeiner sind seine kurze Schnauze, das faltige Gesicht und die gro\u00dfen dunklen Kulleraugen. Ihr Unterkiefer ist breit und meist ist ein geringer Vorbiss vorhanden. Weitere Merkmale sind ein schwarzer Nasenschwamm sowie die relativ weit ge\u00f6ffneten Nasenl\u00f6cher. Die Ohren des Mopses sind d\u00fcnn und weich.<\/p>\n<p>Im Vergleich zu ihrem K\u00f6rper ist der Kopf eines Mopses relativ gro\u00df. Ihr gedrungener K\u00f6rper weist einen geraden R\u00fccken auf und ihr Brustkorb ist breit. Die Rute ist \u00fcber die H\u00fcfte gerollt und im Idealfall hoch angesetzt.<\/p>\n<p>Das <a href=\"https:\/\/tierisch-verliebt.de\/magazin\/pflege-von-fell-und-zaehnen-des-hundes\/\">Fell<\/a> des Mopses ist stets weich, kurz und glatt. Die Farben des Haarkleides reichen von hell \u00fcber silberfarben bis hin zu schwarz. Im Idealfall bringt ein Mops zwischen 6 und 8 Kilogramm auf die Waage.<\/p>\n<h1>Geeignete Ern\u00e4hrung<\/h1>\n<p>Bei falscher Ern\u00e4hrung neigen die Tiere zu \u00dcbergewicht, weshalb besonders auf eine ausgewogene Ern\u00e4hrung viel Wert gelegt werden sollte. Empfehlenswert ist hochwertiges Futter mit geringem Fettgehalt und hohem Fleischanteil. Dar\u00fcber hinaus eignet sich auch eine Ern\u00e4hrung mit Trocken- und Nassfutter sowie eine Rohf\u00fctterung mit BARF.<\/p>\n<p>Minderwertiges <a href=\"https:\/\/tierisch-verliebt.de\/magazin\/insektenproteine-in-hundefutter\/\">Hundefutter<\/a> f\u00fchrt schnell zu Mundgeruch oder Bl\u00e4hungen. Dar\u00fcber hinaus wird der Hund nicht mit allen notwendigen N\u00e4hrstoffen versorgt, was wiederum den Organismus schwer belasten kann.<\/p>\n<h1 data-pm-slice=\"1 1 []\">FAQ`s<\/h1>\n<h3>Ist ein Mops f\u00fcr Allergiker geeignet?<\/h3>\n<p>Der Mops haart das ganze Jahr \u00fcber moderat bis stark, weshalb er nicht die beste Wahl f\u00fcr <a href=\"https:\/\/tierisch-verliebt.de\/magazin\/tierhaarallergie\/\">Allergiker<\/a> ist. Regelm\u00e4\u00dfiges B\u00fcrsten kann jedoch helfen, den Haarverlust zu kontrollieren.<\/p>\n<h3>Versteht sich ein Mops mit Kindern und anderen Haustieren?<\/h3>\n<p>Ja, ein Mops ist in der Regel sehr vertr\u00e4glich und freundlich gegen\u00fcber Kindern und anderen Haustieren. Aufgrund seiner robusten Statur ist er ein guter Spielgef\u00e4hrte f\u00fcr Kinder, sollte jedoch nie unbeaufsichtigt mit sehr kleinen Kindern sein.<\/p>\n<p><img decoding=\"async\" class=\"alignnone size-large wp-image-2934\" src=\"https:\/\/tierisch-verliebt.de\/magazin\/wp-content\/uploads\/2025\/01\/mops-1024x683.jpg\" alt=\"\" width=\"910\" height=\"607\" srcset=\"https:\/\/tierisch-verliebt.de\/magazin\/wp-content\/uploads\/2025\/01\/mops-1024x683.jpg 1024w, https:\/\/tierisch-verliebt.de\/magazin\/wp-content\/uploads\/2025\/01\/mops-300x200.jpg 300w, https:\/\/tierisch-verliebt.de\/magazin\/wp-content\/uploads\/2025\/01\/mops-768x512.jpg 768w, https:\/\/tierisch-verliebt.de\/magazin\/wp-content\/uploads\/2025\/01\/mops.jpg 1280w\" sizes=\"(max-width: 910px) 100vw, 910px\" \/><\/p>\n<h3>Neigt der Mops zu gesundheitlichen Problemen?<\/h3>\n<p>Ja, aufgrund seiner Zuchtmerkmale kann der Mops unter Atemproblemen (Brachyzephalie), Augenkrankheiten und Gelenkproblemen leiden. Eine verantwortungsbewusste Zucht sowie eine gesunde Lebensweise k\u00f6nnen das Risiko minimieren.<\/p>\n<h3>Wie pflegeintensiv ist ein Mops?<\/h3>\n<p>Die Pflege eines Mopses ist relativ unkompliziert. Wichtig ist das regelm\u00e4\u00dfige Reinigen der Gesichts- und Hautfalten, um Hautreizungen oder Infektionen vorzubeugen.<\/p>\n","protected":false},"excerpt":{"rendered":"<p>Der quirlige Mops ist ein wahrer Charmeur und steht seinem Besitzer zu jeder Zeit liebevoll und treu zur Seite. Wer<\/p>\n","protected":false},"author":2,"featured_media":356,"parent":0,"menu_order":0,"comment_status":"closed","ping_status":"closed","template":"","meta":{"ngg_post_thumbnail":0,"footnotes":""},"class_list":["post-355","page","type-page","status-publish","has-post-thumbnail","hentry","comments-off"],"aioseo_notices":[],"_links":{"self":[{"href":"https:\/\/tierisch-verliebt.de\/magazin\/wp-json\/wp\/v2\/pages\/355","targetHints":{"allow":["GET"]}}],"collection":[{"href":"https:\/\/tierisch-verliebt.de\/magazin\/wp-json\/wp\/v2\/pages"}],"about":[{"href":"https:\/\/tierisch-verliebt.de\/magazin\/wp-json\/wp\/v2\/types\/page"}],"author":[{"embeddable":true,"href":"https:\/\/tierisch-verliebt.de\/magazin\/wp-json\/wp\/v2\/users\/2"}],"replies":[{"embeddable":true,"href":"https:\/\/tierisch-verliebt.de\/magazin\/wp-json\/wp\/v2\/comments?post=355"}],"version-history":[{"count":5,"href":"https:\/\/tierisch-verliebt.de\/magazin\/wp-json\/wp\/v2\/pages\/355\/revisions"}],"predecessor-version":[{"id":3154,"href":"https:\/\/tierisch-verliebt.de\/magazin\/wp-json\/wp\/v2\/pages\/355\/revisions\/3154"}],"wp:featuredmedia":[{"embeddable":true,"href":"https:\/\/tierisch-verliebt.de\/magazin\/wp-json\/wp\/v2\/media\/356"}],"wp:attachment":[{"href":"https:\/\/tierisch-verliebt.de\/magazin\/wp-json\/wp\/v2\/media?parent=355"}],"curies":[{"name":"wp","href":"https:\/\/api.w.org\/{rel}","templated":true}]}}