{"id":345,"date":"2019-10-22T20:47:58","date_gmt":"2019-10-22T18:47:58","guid":{"rendered":"https:\/\/tierisch-verliebt.de\/magazin\/?page_id=345"},"modified":"2025-02-21T23:20:07","modified_gmt":"2025-02-21T22:20:07","slug":"dobermann","status":"publish","type":"page","link":"https:\/\/tierisch-verliebt.de\/magazin\/dobermann\/","title":{"rendered":"Der Dobermann &#8211; ein Allrounder"},"content":{"rendered":"<p>Der Dobermann ist eine Rasse, die Kraft und Eleganz vereint, genannt noch Allrounder. Mit Konsequenz und starker Hand kann dieser intelligente, wachsame sowie loyale Hund zu einem loyalen Familienmitglied werden, sofern man seinen Anspr\u00fcchen bez\u00fcglich Auslastung gerecht wird. Allerdings ist er aufgrund dieser Anspr\u00fcche an seinen Besitzer sicherlich kein Hund f\u00fcr jeden.<\/p>\n\n<h2>Steckbrief<\/h2>\n<p><img decoding=\"async\" alt=\"check\" src=\"https:\/\/tierisch-verliebt.de\/magazin\/wp-content\/uploads\/2019\/06\/check-icon-16.png\"> <strong>Lebenserwartung:<\/strong> 11 bis 13 Jahre<br \/>\n<img decoding=\"async\" alt=\"check\" src=\"https:\/\/tierisch-verliebt.de\/magazin\/wp-content\/uploads\/2019\/06\/check-icon-16.png\"> <strong>Gewicht:<\/strong> 32 bis 45 kg<br \/>\n<img decoding=\"async\" alt=\"check\" src=\"https:\/\/tierisch-verliebt.de\/magazin\/wp-content\/uploads\/2019\/06\/check-icon-16.png\"> <strong>Widerristh\u00f6he:<\/strong> 63 bis 72 cm<br \/>\n<img decoding=\"async\" alt=\"check\" src=\"https:\/\/tierisch-verliebt.de\/magazin\/wp-content\/uploads\/2019\/06\/check-icon-16.png\"> <strong>Charakter:<\/strong> furchtlos, mutig, friedlich, sportlich, wachsam<br \/>\n<img decoding=\"async\" alt=\"check\" src=\"https:\/\/tierisch-verliebt.de\/magazin\/wp-content\/uploads\/2019\/06\/check-icon-16.png\"> <strong>Farben:<\/strong> schwarz, dunkelbraun<br \/>\n<img decoding=\"async\" alt=\"check\" src=\"https:\/\/tierisch-verliebt.de\/magazin\/wp-content\/uploads\/2019\/06\/check-icon-16.png\"> <strong>FCI-Gruppe:<\/strong> <a href=\"https:\/\/tierisch-verliebt.de\/magazin\/fci-gruppen\/\">FCI-Gruppe 2<\/a><br \/>\n<img decoding=\"async\" alt=\"check\" src=\"https:\/\/tierisch-verliebt.de\/magazin\/wp-content\/uploads\/2019\/06\/check-icon-16.png\"> <strong>Kosten:<\/strong> Zwischen 1.000 &amp; 1.500 Euro<\/p>\n<h2>Wesen und Charakter<\/h2>\n<p>Als selbstbewusster und entschlossener Hund ist der Dobermann ein geeigneter Wachhund. Bei richtiger Haltung und Auslastung wird er zum liebenswerten und freundlichen Begleiter seiner Besitzer, entgegen seinem doch negativen Ruf. Dieser Ruf r\u00fchrt wahrscheinlich daher, dass der Dobermann als mutiger <a href=\"https:\/\/tierisch-verliebt.de\/magazin\/schutzhunde\/\">Schutzhund<\/a> nicht z\u00f6gert, seine Familie vor einer augenscheinlichen Bedrohung zu sch\u00fctzen. Grundlose Aggressivit\u00e4t ist dieser Rasse trotzdem nicht zuzuschreiben.<\/p>\n<p>Au\u00dferdem zeichnet sich der Dobermann durch einen hohen Lernwillen und Begeisterungsf\u00e4higkeit aus. Gepaart mit seiner Intelligenz und seiner Liebe zu k\u00f6rperlichen Aktivit\u00e4ten l\u00e4sst sich der Dobermann sehr gut trainieren. Bequeme Menschen finden aufgrund dieses Wesens sicherlich keine Freude an einem anspruchsvollen Hund wie diesem.<\/p>\n<p><img decoding=\"async\" class=\"alignnone size-large wp-image-2234\" src=\"https:\/\/tierisch-verliebt.de\/magazin\/wp-content\/uploads\/2023\/08\/Dobermann-1-1024x681.jpg\" alt=\"Dobermann\" width=\"910\" height=\"605\" srcset=\"https:\/\/tierisch-verliebt.de\/magazin\/wp-content\/uploads\/2023\/08\/Dobermann-1-1024x681.jpg 1024w, https:\/\/tierisch-verliebt.de\/magazin\/wp-content\/uploads\/2023\/08\/Dobermann-1-300x199.jpg 300w, https:\/\/tierisch-verliebt.de\/magazin\/wp-content\/uploads\/2023\/08\/Dobermann-1-768x511.jpg 768w, https:\/\/tierisch-verliebt.de\/magazin\/wp-content\/uploads\/2023\/08\/Dobermann-1.jpg 1280w\" sizes=\"(max-width: 910px) 100vw, 910px\" \/><\/p>\n<h2>Herkunft &amp; Geschichte<\/h2>\n<p>Seinen Namen erhielt der Dobermann durch den ersten bekannten Z\u00fcchter dieser Rasse, Friedrich Louis Dobermann, welcher aus der Stadt Apolda in Th\u00fcringen stammte und von 1834 bis 1894 lebte. Ihm war es ein Anliegen einen Hund zu z\u00fcchten, der seinen Anspr\u00fcchen gerecht wird. Als Steuereintreiber \u00fcbte er einen zur damaligen Zeit sehr gef\u00e4hrlichen Beruf aus &#8211; und auch seine T\u00e4tigkeit als Nachtpolizist lie\u00df in ihm den Wunsch nach einem imposanten, aber auch zuverl\u00e4ssigen Schutzhund aufkommen. Da ein weiterer seiner Berufe auch der des Hundef\u00e4ngers war, dienten ihm verschiedenste Hunde damit, den Grundstein f\u00fcr die Rasse, die wir heute als Dobermann kennen, zu legen.<\/p>\n<p>Allerdings gibt es keine exakten Aufzeichnungen dar\u00fcber, welche Hunde genau f\u00fcr seine Z\u00fcchtung verwendet wurden. Eine wichtige Rolle hierf\u00fcr haben wohl die &#8220;Fleischerhunde&#8221;, welche einen zur damaligen Zeit guten Zuchtstand hatten und als Vorl\u00e4ufer der heutigen Rottweiler gelten. Auch sollen Greyhounds in die Zucht eingeflossen sein, um der Rasse ein schlankeres Aussehen zu verleihen.<\/p>\n<p>Durch und durch entstand eine Hunderasse, die als Gebrauchs-, Arbeits- und Wachhund eingesetzt werden konnte. Wegen des bereits fr\u00fchen Einsatzes als Polizeihund nannte man den Dobermann auch &#8220;Gendarmenhund&#8221;. Im Bereich der Jagd setzt man ihn haupts\u00e4chlich zur Bek\u00e4mpfung von Raubwild ein. Auch in beiden Weltkriegen spielte der Dobermann eine Rolle. Dort fand man im deutschen Heer f\u00fcr ihn Verwendung als Melde-, Minensuch- und Sanit\u00e4tshund. Zus\u00e4tzlich zu Sch\u00e4ferhunden und Airedale-Terriern z\u00e4hlten sie zu den bevorzugten Diensthunden in Konzentrationslagern.<\/p>\n<p><img decoding=\"async\" class=\"alignnone size-full wp-image-2568\" src=\"https:\/\/tierisch-verliebt.de\/magazin\/wp-content\/uploads\/2023\/12\/frau-mit-doberman-hund.png\" alt=\"frau mit dobermann hund\" width=\"1024\" height=\"1024\"><\/p>\n<h2>\u00dcberlegungen vor der Anschaffung<\/h2>\n<p>Die wichtigste \u00dcberlegung vor Anschaffung eines Dobermanns sollte eine gro\u00dfe Portion an Selbstreflexion beinhalten. Als temperamentvoller und arbeitswilliger Hund braucht der Dobermann einen Besitzer, der ihm k\u00f6rperliche und geistige Auslastung bieten kann. Mit <a href=\"https:\/\/tierisch-verliebt.de\/magazin\/spiele-fuer-hunde-zu-hause\/\">Ballspielen<\/a> und Spazierg\u00e4ngen alleine wird diese Hunderasse kaum ihre ben\u00f6tige Auslastung erreichen und unausgeglichen werden.<\/p>\n<p>Au\u00dferdem ist es wichtig, dem Dobermann die n\u00f6tige Konsequenz entgegenzubringen. Er braucht Menschen, die in seinem Rudel als klarer Alpha auftreten. Unsichere Menschen tun sich selbst und vor allem auch dem Dobermann keinen Gefallen. Auch nimmt diese Rasse sehr viel Zeit in Anspruch.<\/p>\n<p>Aufgrund seiner gro\u00dfen Ausdauer bietet sich eine Wohnung in der Stadt nicht zur Haltung an. Da er viel Platz zum Herumtoben ben\u00f6tigt, passt zu dieser Rasse besser ein Haus in der Vorstadt oder am Land. Auch wenn ein gro\u00dfer Garten vorhanden ist, sollte der Dobermann trotzdem in die Familienaktivit\u00e4ten eingebunden werden, um seinen Platz im Rudel annehmen zu k\u00f6nnen.<\/p>\n<p><img decoding=\"async\" class=\"alignnone size-large wp-image-2232\" src=\"https:\/\/tierisch-verliebt.de\/magazin\/wp-content\/uploads\/2023\/08\/Dobermann-3-1024x627.jpg\" alt=\"Dobermann\" width=\"910\" height=\"557\" srcset=\"https:\/\/tierisch-verliebt.de\/magazin\/wp-content\/uploads\/2023\/08\/Dobermann-3-1024x627.jpg 1024w, https:\/\/tierisch-verliebt.de\/magazin\/wp-content\/uploads\/2023\/08\/Dobermann-3-300x184.jpg 300w, https:\/\/tierisch-verliebt.de\/magazin\/wp-content\/uploads\/2023\/08\/Dobermann-3-768x470.jpg 768w, https:\/\/tierisch-verliebt.de\/magazin\/wp-content\/uploads\/2023\/08\/Dobermann-3.jpg 1280w\" sizes=\"(max-width: 910px) 100vw, 910px\" \/><\/p>\n<h2>Geeignete Aktivit\u00e4ten<\/h2>\n<p>Nat\u00fcrlich bietet sich aufgrund seines Wesens auf jeden Fall der Hundesport an. Besonders Agility, Obedience oder VPG-Sport (Schutzhundesport) gelten aufgrund der vorhandenen Intelligenz des Dobermanns als geeignet. Auch der Einsatz als Therapie- und Blindenf\u00fchrhund ist m\u00f6glich.<\/p>\n<p>Generell ist der Dobermann f\u00fcr so gut wie jede sportliche Aktivit\u00e4t sowie f\u00fcr Intelligenzspiele geeignet. Aktive Menschen, die sich gerne in der Natur aufhalten, werden an dieser Rasse sehr viel Freude finden.<\/p>\n<h2>Rassemerkmale<\/h2>\n<p>Der Dobermann ist ein schlanker, aber dennoch kr\u00e4ftig gebauter, mittelgro\u00dfer Hund mit einer Lebenserwartung von etwa 12 Jahren. Die H\u00fcndinnen erreichen ein Gewicht von etwa 32 bis 35 kg und eine Widerristh\u00f6he von 63 bis 68 cm. R\u00fcden wiegen zwischen 40 und 45 kg und weisen eine Widerristh\u00f6he von 68 bis 72 cm auf. Ein langer Kopf mit einem keilf\u00f6rmigen Sch\u00e4del z\u00e4hlt zum typischen Erscheinungsbild des Dobermanns, ebenso wie ein kr\u00e4ftiges Scherengebiss.<\/p>\n<p>Das <a href=\"https:\/\/tierisch-verliebt.de\/magazin\/pflege-von-fell-und-zaehnen-des-hundes\/\">Fell<\/a> dieser Rasse ist glatt und gl\u00e4nzend. Die Fellfarbe ist entweder Schwarz oder Dunkelbraun mit rotbraunen Abzeichen an Kopf, Brust und an den L\u00e4ufen. Die ovalen Augen sind generell dunkel, k\u00f6nnen aber bei braunen Tieren auch heller sein. Die Ohren sind hoch angesetzt und mittelgro\u00df.<\/p>\n<p><img decoding=\"async\" class=\"alignnone size-large wp-image-2233\" src=\"https:\/\/tierisch-verliebt.de\/magazin\/wp-content\/uploads\/2023\/08\/Dobermann-2-1024x709.jpg\" alt=\"Dobermann\" width=\"910\" height=\"630\" srcset=\"https:\/\/tierisch-verliebt.de\/magazin\/wp-content\/uploads\/2023\/08\/Dobermann-2-1024x709.jpg 1024w, https:\/\/tierisch-verliebt.de\/magazin\/wp-content\/uploads\/2023\/08\/Dobermann-2-300x208.jpg 300w, https:\/\/tierisch-verliebt.de\/magazin\/wp-content\/uploads\/2023\/08\/Dobermann-2-768x532.jpg 768w, https:\/\/tierisch-verliebt.de\/magazin\/wp-content\/uploads\/2023\/08\/Dobermann-2.jpg 1280w\" sizes=\"(max-width: 910px) 100vw, 910px\" \/><\/p>\n<h2>Geeignete Ern\u00e4hrung<\/h2>\n<p>Gerade aufgrund seines hohen Drangs nach Aktivit\u00e4t braucht der Dobermann eine gute <a href=\"https:\/\/tierisch-verliebt.de\/magazin\/havaneser-ernaehrung\/\">Ern\u00e4hrung<\/a>. Diese kann sowohl mit Nassfutter, als auch mit Trockenfutter oder gar BARF stattfinden. Das Wichtigste dabei ist, dass die Inhaltsstoffe qualitativ hochwertig und alle ben\u00f6tigten N\u00e4hrstoffe enthalten sind. Als ideal gelten ein hoher Fleischanteil sowie kein Zucker und keine Farb- und Konservierungsstoffe. Weist ein Dobermann \u00dcbergewicht auf, dann wird dieser weder richtig ern\u00e4hrt noch bekommt er artgerechte Bewegung.<\/p>\n<p><img decoding=\"async\" class=\"alignnone wp-image-2954\" src=\"https:\/\/tierisch-verliebt.de\/magazin\/wp-content\/uploads\/2025\/01\/ernaehrung-Dobermann-pinscher-1.webp\" alt=\"ernaehrung-dobermann\" width=\"600\" height=\"600\" srcset=\"https:\/\/tierisch-verliebt.de\/magazin\/wp-content\/uploads\/2025\/01\/ernaehrung-Dobermann-pinscher-1.webp 1024w, https:\/\/tierisch-verliebt.de\/magazin\/wp-content\/uploads\/2025\/01\/ernaehrung-Dobermann-pinscher-1-300x300.webp 300w, https:\/\/tierisch-verliebt.de\/magazin\/wp-content\/uploads\/2025\/01\/ernaehrung-Dobermann-pinscher-1-150x150.webp 150w, https:\/\/tierisch-verliebt.de\/magazin\/wp-content\/uploads\/2025\/01\/ernaehrung-Dobermann-pinscher-1-768x768.webp 768w\" sizes=\"(max-width: 600px) 100vw, 600px\" \/><\/p>\n<h2>FAQ<\/h2>\n<h3>1. Sind Deutsche Doggen f\u00fcr Ersthundebesitzer geeignet?<\/h3>\n<p>Deutsche Doggen sind sanftm\u00fctig und lernwillig, aber ihre Gr\u00f6\u00dfe und speziellen Bed\u00fcrfnisse machen sie f\u00fcr Ersthundebesitzer anspruchsvoll. Mit konsequenter Erziehung, viel Platz, Zeit und der richtigen Vorbereitung kann aber auch ein Anf\u00e4nger mit einer Dogge gl\u00fccklich werden. Wer bereit ist, sich dieser Verantwortung zu stellen, wird mit einem treuen und liebevollen sanften Riesen belohnt.<\/p>\n<h3>2. Vertr\u00e4gt sich der Dobermann mit anderen Haustieren?<\/h3>\n<p>&nbsp;Ja, ein Dobermann kann sich mit anderen Haustieren vertragen, aber nur bei richtiger Sozialisierung und Erziehung. Allerdings kann ihr Schutztrieb, ihr Beutetrieb und ihr dominantes Verhalten eine Herausforderung sein. Mit der richtigen Erziehung, langsamer Gew\u00f6hnung und klaren Regeln kann ein Dobermann jedoch ein gro\u00dfartiger Begleiter f\u00fcr andere Haustiere sein.<\/p>\n<h3>3. Wie kann man einen Dobermann geistig auslasten?<\/h3>\n<p>Doberm\u00e4nner brauchen neben Bewegung auch geistige Herausforderungen, um ausgeglichen und zufrieden zu sein. Suchspiele, Denkaufgaben, Tricktraining und abwechslungsreiche Spazierg\u00e4nge sind ideal, um sie mental zu fordern. Ein gut ausgelasteter Dobermann ist ruhiger, gl\u00fccklicher und entspannter.<\/p>\n<h3>4. Bellen Doberm\u00e4nner viel?<\/h3>\n<p>Doberm\u00e4nner bellen nicht grundlos, sondern meist nur, wenn es wirklich n\u00f6tig ist. Mit guter Erziehung, ausreichender Besch\u00e4ftigung und konsequenten Regeln kann das Bellverhalten gut kontrolliert werden. Ein gut erzogener Dobermann ist aufmerksam, aber kein \u00fcberm\u00e4\u00dfiger Kl\u00e4ffer.<\/p>\n<h3>5. Wie viel Platz ben\u00f6tigt ein Dobermann?<\/h3>\n<p>Doberm\u00e4nner brauchen keine riesigen Wohnr\u00e4ume, aber sie ben\u00f6tigen t\u00e4glich viel Bewegung und Platz zum Laufen. Eine Wohnung ist m\u00f6glich, wenn gen\u00fcgend Auslauf gegeben ist. Ideal ist ein Haus mit Garten, aber nur, wenn der Hund nicht einfach drau\u00dfen &#8220;geparkt&#8221; wird. Ohne gen\u00fcgend Bewegung kann ein Dobermann unruhig oder destruktiv werden.<\/p>\n<p>&nbsp;<\/p>\n","protected":false},"excerpt":{"rendered":"<p>Der Dobermann ist eine Rasse, die Kraft und Eleganz vereint, genannt noch Allrounder. Mit Konsequenz und starker Hand kann dieser<\/p>\n","protected":false},"author":2,"featured_media":347,"parent":0,"menu_order":0,"comment_status":"closed","ping_status":"closed","template":"","meta":{"ngg_post_thumbnail":0,"footnotes":""},"class_list":["post-345","page","type-page","status-publish","has-post-thumbnail","hentry","comments-off"],"aioseo_notices":[],"_links":{"self":[{"href":"https:\/\/tierisch-verliebt.de\/magazin\/wp-json\/wp\/v2\/pages\/345","targetHints":{"allow":["GET"]}}],"collection":[{"href":"https:\/\/tierisch-verliebt.de\/magazin\/wp-json\/wp\/v2\/pages"}],"about":[{"href":"https:\/\/tierisch-verliebt.de\/magazin\/wp-json\/wp\/v2\/types\/page"}],"author":[{"embeddable":true,"href":"https:\/\/tierisch-verliebt.de\/magazin\/wp-json\/wp\/v2\/users\/2"}],"replies":[{"embeddable":true,"href":"https:\/\/tierisch-verliebt.de\/magazin\/wp-json\/wp\/v2\/comments?post=345"}],"version-history":[{"count":5,"href":"https:\/\/tierisch-verliebt.de\/magazin\/wp-json\/wp\/v2\/pages\/345\/revisions"}],"predecessor-version":[{"id":3098,"href":"https:\/\/tierisch-verliebt.de\/magazin\/wp-json\/wp\/v2\/pages\/345\/revisions\/3098"}],"wp:featuredmedia":[{"embeddable":true,"href":"https:\/\/tierisch-verliebt.de\/magazin\/wp-json\/wp\/v2\/media\/347"}],"wp:attachment":[{"href":"https:\/\/tierisch-verliebt.de\/magazin\/wp-json\/wp\/v2\/media?parent=345"}],"curies":[{"name":"wp","href":"https:\/\/api.w.org\/{rel}","templated":true}]}}