{"id":327,"date":"2019-10-21T12:29:19","date_gmt":"2019-10-21T10:29:19","guid":{"rendered":"https:\/\/tierisch-verliebt.de\/magazin\/?page_id=327"},"modified":"2026-03-03T11:32:18","modified_gmt":"2026-03-03T10:32:18","slug":"australian-shepherd","status":"publish","type":"page","link":"https:\/\/tierisch-verliebt.de\/magazin\/australian-shepherd\/","title":{"rendered":"Australian Shepherd &#8211; Das Portrait"},"content":{"rendered":"<p>Der Australian Shepherd wird auch Aussie genannt und ist ein freundlicher, sozialer treuer Begleiter sowie ein idealer Spielgef\u00e4hrte f\u00fcr Kinder. Fremden gegen\u00fcber tritt er reserviert und wachsam aber nicht aggressiv auf, trotzdem ist er in Gefahrensituationen jederzeit bereit. Er lebt und arbeitet gerne im Team, das Alleinsein ist nicht seine St\u00e4rke. Der Aussie denkt gerne eigenst\u00e4ndig, sodass eine konsequente <a href=\"https:\/\/tierisch-verliebt.de\/magazin\/hunderziehung-grundlegendes\/\">Erziehung<\/a> unumg\u00e4nglich ist, da sonst seine eigenen Regeln zum Tragen kommen.<\/p>\n\n<h2>Steckbrief<\/h2>\n<p><img decoding=\"async\" alt=\"check\" src=\"https:\/\/tierisch-verliebt.de\/magazin\/wp-content\/uploads\/2019\/06\/check-icon-16.png\"> <strong>Lebenserwartung:<\/strong> 11 bis 15 Jahre<br \/>\n<img decoding=\"async\" alt=\"check\" src=\"https:\/\/tierisch-verliebt.de\/magazin\/wp-content\/uploads\/2019\/06\/check-icon-16.png\"> <strong>Gewicht:<\/strong> 15 bis 28 kg<br \/>\n<img decoding=\"async\" alt=\"check\" src=\"https:\/\/tierisch-verliebt.de\/magazin\/wp-content\/uploads\/2019\/06\/check-icon-16.png\"> <strong>Widerristh\u00f6he:<\/strong> 46 bis 58 cm<br \/>\n<img decoding=\"async\" alt=\"check\" src=\"https:\/\/tierisch-verliebt.de\/magazin\/wp-content\/uploads\/2019\/06\/check-icon-16.png\"> <strong>Charakter:<\/strong> intelligent, aktiv, ausgeglichen, freundlich<br \/>\n<img decoding=\"async\" alt=\"check\" src=\"https:\/\/tierisch-verliebt.de\/magazin\/wp-content\/uploads\/2019\/06\/check-icon-16.png\"> <strong>Farben:<\/strong> verschieden, mehrfarbig<br \/>\n<img decoding=\"async\" alt=\"check\" src=\"https:\/\/tierisch-verliebt.de\/magazin\/wp-content\/uploads\/2019\/06\/check-icon-16.png\"> <strong>FCI-Gruppe:<\/strong> <a href=\"https:\/\/tierisch-verliebt.de\/magazin\/fci-gruppen\/\">FCI-Gruppe 1<\/a><br \/>\n<img decoding=\"async\" alt=\"check\" src=\"https:\/\/tierisch-verliebt.de\/magazin\/wp-content\/uploads\/2019\/06\/check-icon-16.png\"> <strong>Kosten:<\/strong> Zwischen 900 &amp; 1.300 Euro<\/p>\n<h2>Herkunft des Australian Shepherd<\/h2>\n<p>Die Heimat des Australian Shepherd liegt, trotz des Namens, in Nordamerika. Es wird vermutet, dass ihn baskische Schafhirten zu Beginn des 19. Jahrhunderts zusammen mit den Merinoschafen von Australien mitgebracht haben. Der Ursprung liegt m\u00f6glicherweise in der Paarung zwischen dem Collie und australischen Wildhunden, auch bekannt als Dingos. Es kamen weitere Einkreuzungen wie Kelpies, Bullterrier und Dalmatiner dazu.<\/p>\n<p>Der Australien Shepherd begeisterte \u00fcber die Jahre auch in vielen Western- und Rodeo-Shows. Das erste Zuchtbuch stammt aus dem Jahr 1957 vom Australian Shepherd Club of America, zwanzig Jahre sp\u00e4ter ist der einheitliche Rassestandard bestimmt worden. Im Jahr 1996, erkannte die F\u00e9d\u00e9ration Cynologique Internationale die Rasse als eigenst\u00e4ndig an.<\/p>\n<h2><img decoding=\"async\" class=\"aligncenter wp-image-1932\" src=\"https:\/\/tierisch-verliebt.de\/magazin\/wp-content\/uploads\/2023\/02\/australien-shepherd-1-600x450.jpg\" alt=\"Australian Shepherd\" width=\"442\" height=\"332\"><\/h2>\n<h2>Wichtige \u00dcberlungen vor einer Anschaffung<\/h2>\n<p>Das Portrait des Australian Shepherd beschreibt eine intelligente und energiegeladene Hunderasse, die mit ihrem ausgepr\u00e4gten Arbeitswillen, ihrer Lernfreude und ihrer engen Bindung zu ihrer Familie begeistert. Die wichtigste Voraussetzung f\u00fcr ein Zusammenleben sind Menschen, welche genauso aktiv sind und Freude an Bewegung haben wie der Australian Shepherd; t\u00e4gliche Spazierg\u00e4nge reichen bei dieser Rasse nicht aus, eine geistige und k\u00f6rperliche Auslastung in einem gesunden Ma\u00df, jedoch ohne \u00dcberforderung, ist unabdingbar.<\/p>\n<p>Der Intelligenz muss Gen\u00fcge getan und der Spieltrieb gef\u00f6rdert werden. Gleichzeitig sind dem Hund auch ausreichend Ruhephasen zu g\u00f6nnen, was entsprechend Platz und Freiraum zu Hause erfordert. Ein Hund bedeutet zudem mehr Reinigungsaktivit\u00e4t im Haushalt, sei es das Entfernen von Hundehaaren oder den Pfotenabdr\u00fccken nach Outdoor-Aktivit\u00e4ten.<\/p>\n<p>Der Australian Shepherd m\u00f6chte jederzeit und \u00fcberall dabei sein, deshalb ist auch dies einer von vielen Faktoren, welcher vor einer Anschaffung gr\u00fcndlich gepr\u00fcft werden muss.<br \/>\nHinzu kommen die finanziellen Aspekte wie Futter, Tierarztkosten und unerwartete <a href=\"https:\/\/tierisch-verliebt.de\/magazin\/unterhalt-eines-hundes\/\">Ausgaben<\/a>. Mittlerweile gibt es auch Krankenversicherung f\u00fcr Tiere, dessen Pr\u00e4mien aber auch bezahlt werden m\u00fcssen.<\/p>\n<h2><img decoding=\"async\" class=\"aligncenter wp-image-1931\" src=\"https:\/\/tierisch-verliebt.de\/magazin\/wp-content\/uploads\/2023\/02\/australien-shepherd-4-1024x683.jpg\" alt=\"Australian Shepherd\" width=\"486\" height=\"324\" srcset=\"https:\/\/tierisch-verliebt.de\/magazin\/wp-content\/uploads\/2023\/02\/australien-shepherd-4-1024x683.jpg 1024w, https:\/\/tierisch-verliebt.de\/magazin\/wp-content\/uploads\/2023\/02\/australien-shepherd-4-300x200.jpg 300w, https:\/\/tierisch-verliebt.de\/magazin\/wp-content\/uploads\/2023\/02\/australien-shepherd-4-768x512.jpg 768w, https:\/\/tierisch-verliebt.de\/magazin\/wp-content\/uploads\/2023\/02\/australien-shepherd-4-1536x1024.jpg 1536w, https:\/\/tierisch-verliebt.de\/magazin\/wp-content\/uploads\/2023\/02\/australien-shepherd-4.jpg 1920w\" sizes=\"(max-width: 486px) 100vw, 486px\" \/><\/h2>\n<h2>Pflege und Gesundheit f\u00fcr den Australian Shepherd<\/h2>\n<p>Der Pflegeaufwand ist zwar nicht gro\u00df, aber trotzdem ein Muss; zwei- bis dreimal pro Woche b\u00fcrsten bedeutet ein sch\u00f6neres Fell und verhindert die Bildung von Filzknoten. Beim Fellwechsel im Fr\u00fchjahr und Herbst sollte diese Fellpflege t\u00e4glich oder zumindest jeden zweiten Tag auf dem Programm stehen. Das Fell darf aber auf keinen Fall geschoren werden.<\/p>\n<h2>Ideale Aktivit\u00e4ten f\u00fcr den Australian Shepherd<\/h2>\n<p>Der Aussie ist ein Energieb\u00fcndel, welcher jede Aktivit\u00e4t noch so gerne annimmt. Er h\u00fctet nicht nur gerne Tiere jeglicher Art, sondern ist auch begeisterter Begleiter bei einem Ausritt mit dem Pferd. Durch seine hohe Intelligenz und der schnellen Auffassungsgabe sowie der Lernf\u00e4higkeit ist er der ideale Begleithund f\u00fcr Menschen mit einer Seh- oder H\u00f6rbehinderung. Er l\u00e4sst sich auch gerne zum F\u00e4hrten- oder Rettungshund ausbilden. F\u00fcr den begeisterten Sportler eignen sich beispielsweise Aktivit\u00e4ten wie Agility, Dog-Dancing oder <a href=\"https:\/\/dogtrekkingharz.de\/\" target=\"_blank\" rel=\"noopener\">Dog-Trekking<\/a>. Zudem ist er ein guter Trainer f\u00fcr die Kommunikation zwischen Mensch und Hund.<\/p>\n<h2><img decoding=\"async\" class=\"aligncenter wp-image-1930\" src=\"https:\/\/tierisch-verliebt.de\/magazin\/wp-content\/uploads\/2023\/02\/australien-shepherd-3-1024x612.jpg\" alt=\"Australian Shepherd\" width=\"628\" height=\"375\" srcset=\"https:\/\/tierisch-verliebt.de\/magazin\/wp-content\/uploads\/2023\/02\/australien-shepherd-3-1024x612.jpg 1024w, https:\/\/tierisch-verliebt.de\/magazin\/wp-content\/uploads\/2023\/02\/australien-shepherd-3-300x179.jpg 300w, https:\/\/tierisch-verliebt.de\/magazin\/wp-content\/uploads\/2023\/02\/australien-shepherd-3-768x459.jpg 768w, https:\/\/tierisch-verliebt.de\/magazin\/wp-content\/uploads\/2023\/02\/australien-shepherd-3-1536x918.jpg 1536w, https:\/\/tierisch-verliebt.de\/magazin\/wp-content\/uploads\/2023\/02\/australien-shepherd-3.jpg 1920w\" sizes=\"(max-width: 628px) 100vw, 628px\" \/><\/h2>\n<h2>Rassenmerkmale des Australian Shepherd<\/h2>\n<h3>Fell<\/h3>\n<p>Das Fell am Kopf, den Ohren, unterhalb der Sprunggelenke sowie an der Vorderseite der Vorl\u00e4ufe ist kurz und glatt, die Hinterseiten der Vorderl\u00e4ufe sowie die Hosen hingegen sind deutlich l\u00e4nger.<br \/>\nDie Fellzeichnung des Australian Shepherd besteht aus den Grundfarben Schwarz und Rot. Die anerkannten Farben sind Bluemerle und Redmerle mit typischen Aufhellungen, sodass sich daraus im Gesamten sechzehn verschiedene M\u00f6glichkeiten von Farben und Fellzeichnungen ergeben.<\/p>\n<p>Bei beiden Konstellationen hat es Hunde mit und ohne wei\u00dfe oder kupferfarbene Zeichen, dabei darf keine Farbe dominierend sein. Die Haarlinie am wei\u00dfen Kragen unterliegt ebenfalls strengen Zuchtbestimmungen und darf nur bis zum Widerrist f\u00fchren. Die wei\u00dfe Farbe kann auch an der Blesse, der Brust sowie an der Unterseite vom Fang vorkommen, dort mit einer L\u00e4ngenausdehnung bis zu zehn Zentimeter.<\/p>\n<h3>Gr\u00f6\u00dfe<\/h3>\n<p>Die H\u00fcndin erreicht eine H\u00f6he von 46 bis 54 Zentimeter, w\u00e4hrend der R\u00fcde eine Gr\u00f6\u00dfe von 51 bis 58 Zentimeter aufweist.<\/p>\n<h3>Gewicht<\/h3>\n<p>Das Gewicht bei der H\u00fcndin betr\u00e4gt zwischen 17 und 20 Kilogramm, beim R\u00fcden zwischen 23 und 29 Kilogramm.<\/p>\n<h3>Augen<\/h3>\n<p>Die klaren und mandelf\u00f6rmigen Augen sind entweder blau, braun. Zweifarbige Augen kommen meistens bei der Fellfarbe Red- oder Bluemerle vor. Seine dichte Unterwolle sch\u00fctzt ihn vor K\u00e4lte und Feuchtigkeit.<\/p>\n<h3>Ohren<\/h3>\n<p>Die charakteristischen dreieckigen Ohren mit den etwas abgerundeten Spitzen sitzen in unterschiedlicher H\u00f6he am Kopf, entweder stehend oder herabh\u00e4ngend.<\/p>\n<p><iframe title=\"Australian Shepherd (Aussie) | Intelligente Hunderasse in freier Natur \u2013 Cinematic Kurzvideo\" width=\"910\" height=\"512\" src=\"https:\/\/www.youtube.com\/embed\/1kEigUr9luI?feature=oembed\" frameborder=\"0\" allow=\"accelerometer; autoplay; clipboard-write; encrypted-media; gyroscope; picture-in-picture; web-share\" referrerpolicy=\"strict-origin-when-cross-origin\" allowfullscreen><\/iframe><\/p>\n<h2>Wesen und Charakter des Australian Shepherd<\/h2>\n<p>Diese Hunderasse ist lebhaft, kr\u00e4ftig, ausdauernd und verf\u00fcgt \u00fcber eine au\u00dfergew\u00f6hnliche Beweglichkeit sowie einen sehr gro\u00dfen Bewegungsdrang. Die aufmerksame und intelligente Rasse wird zudem von einem ausgepr\u00e4gten H\u00fcte- und Besch\u00fctzerinstinkt gepr\u00e4gt. Der Australian Shepherd als ein loyaler, kluger, lernfreudiger sowie verspielter und gleichzeitig wachsamer Hund bringt viel Freude mit. Als H\u00fcte- und Treibhunde hat er viele Kommandos und gro\u00dfe Ausdauer gelernt, was die Charakterz\u00fcge bis heute pr\u00e4gt. Mit ihrer Intelligenz und Beobachtungsgabe k\u00f6nnen sie Situationen einzusch\u00e4tzen und allenfalls besch\u00fctzend eingreifen.<\/p>\n<h2><img decoding=\"async\" class=\"aligncenter wp-image-1929\" src=\"https:\/\/tierisch-verliebt.de\/magazin\/wp-content\/uploads\/2023\/02\/australien-shepherd-2-1024x683.jpg\" alt=\"Australian Shepherd\" width=\"533\" height=\"355\" srcset=\"https:\/\/tierisch-verliebt.de\/magazin\/wp-content\/uploads\/2023\/02\/australien-shepherd-2-1024x683.jpg 1024w, https:\/\/tierisch-verliebt.de\/magazin\/wp-content\/uploads\/2023\/02\/australien-shepherd-2-300x200.jpg 300w, https:\/\/tierisch-verliebt.de\/magazin\/wp-content\/uploads\/2023\/02\/australien-shepherd-2-768x512.jpg 768w, https:\/\/tierisch-verliebt.de\/magazin\/wp-content\/uploads\/2023\/02\/australien-shepherd-2-1536x1024.jpg 1536w, https:\/\/tierisch-verliebt.de\/magazin\/wp-content\/uploads\/2023\/02\/australien-shepherd-2.jpg 1920w\" sizes=\"(max-width: 533px) 100vw, 533px\" \/><\/h2>\n<h2>Gesunde und ausgewogene Ern\u00e4hrung f\u00fcr Australian Shepherd<\/h2>\n<p>Die Futtermenge richtet sich grunds\u00e4tzlich nach Gewicht, Gr\u00f6\u00dfe und Aktivit\u00e4t.<br \/>\nBei Welpen sollte die Energiezufuhr ausgewogen sein. Bei einem zu energiereichen <a href=\"https:\/\/tierisch-verliebt.de\/magazin\/insektenproteine-in-hundefutter\/\">Futter<\/a> wachsen sie zu schnell und es kommt zu Fehlbildungen. Mengenm\u00e4\u00dfig kommt es unter anderem auf das Alter, das momentane Gewicht und den Grad der Aktivit\u00e4t an. Zudem kann sich am Gewicht der Eltern orientiert werden.<\/p>\n<p>Das Futter sollte hochwertig sein und gen\u00fcgend tierische Proteine, aber nicht zu viele Kohlenhydrate, enthalten. Zudem braucht es gen\u00fcgend Mineralstoffe und Vitamine. F\u00fcr den Knochenaufbau sind ein ausgeglichener Wert an Calcium und Phosphor sehr wichtig.<br \/>\nGleiches gilt auch bei ausgewachsenen Hunden, was die Qualit\u00e4t sowie die Inhaltsstoffe des Futters.<\/p>\n<p>Die Futtermenge richtet sich ebenfalls nach Gewicht, Alter und Aktivit\u00e4tslevel; besonders aktive Hunde sollten mehr Kohlenhydrate essen. Der Australian Shepherd neigt durch seinen Bewegungsdrang zwar nicht zu \u00dcbergewicht, allf\u00e4llige Leckerlis sollten trotzdem vom Hauptfutter abgezogen werden. Eine gesunde Ern\u00e4hrung ist daran zu erkennen, dass der Australian Shepherd aktiv ist, ein seidig gl\u00e4nzendes Fell hat und sich Rippen und Taille mit den H\u00e4nden f\u00fchlen lassen ohne zu stark herauszustehen.<\/p>\n<p><img decoding=\"async\" class=\"alignnone wp-image-2720\" src=\"https:\/\/tierisch-verliebt.de\/magazin\/wp-content\/uploads\/2024\/09\/australian-shepherd-spazieren.webp\" alt=\"australian-shepherd-spazieren\" width=\"600\" height=\"600\" srcset=\"https:\/\/tierisch-verliebt.de\/magazin\/wp-content\/uploads\/2024\/09\/australian-shepherd-spazieren.webp 1024w, https:\/\/tierisch-verliebt.de\/magazin\/wp-content\/uploads\/2024\/09\/australian-shepherd-spazieren-300x300.webp 300w, https:\/\/tierisch-verliebt.de\/magazin\/wp-content\/uploads\/2024\/09\/australian-shepherd-spazieren-150x150.webp 150w, https:\/\/tierisch-verliebt.de\/magazin\/wp-content\/uploads\/2024\/09\/australian-shepherd-spazieren-768x768.webp 768w\" sizes=\"(max-width: 600px) 100vw, 600px\" \/><\/p>\n<h2>Wissenswertes<\/h2>\n<p>Grunds\u00e4tzlich ist der Australian Shepherd eine sehr gesunde Rasse. Bei einem m\u00f6glichen Gendefekt kann eine \u00dcberempfindlichkeit auf verschiedene Medikamente auftreten. Eine Stummelrute ist ebenfalls auf einen Gendefekt zur\u00fcckzuf\u00fchren, hat aber keine gesundheitlichen Nachteile.<\/p>\n<p>Die Verpaarung von Merle-Merle ist verboten, diese kann zu Blind- und\/oder Taubheit f\u00fchren.<\/p>\n<h2>FAQ<\/h2>\n<p><strong>Wie viel Pflege braucht ein Australian Shepherd?<\/strong><\/p>\n<p>Australian Shepherds haben ein mittellanges Fell, das regelm\u00e4\u00dfiges B\u00fcrsten erfordert, um Verfilzungen zu vermeiden und abgestorbene Haare zu entfernen. W\u00e4hrend des Fellwechsels sollten sie h\u00e4ufiger geb\u00fcrstet werden.<\/p>\n<p><strong>Sind Australian Shepherds gut f\u00fcr Familien geeignet?<\/strong><\/p>\n<p>Australian Shepherds sind familienfreundlich, sehr aktiv und lieben es, in der N\u00e4he ihrer Menschen zu sein. Sie sind besonders gut f\u00fcr Familien geeignet, die viel Zeit im Freien verbringen.<\/p>\n<p><strong>Wie viel Bewegung braucht ein Australian Shepherd?<\/strong><\/p>\n<p>Diese Rasse ist extrem aktiv und ben\u00f6tigt t\u00e4glich viel Bewegung und geistige Besch\u00e4ftigung. Lange Spazierg\u00e4nge, Apportierspiele und Aktivit\u00e4ten wie Agility oder Flyball sind ideal.<\/p>\n<p><strong>Sind Australian Shepherds leicht zu trainieren?<\/strong><\/p>\n<p>Australian Shepherds sind intelligent und lernfreudig, was sie leicht trainierbar macht. Sie reagieren besonders gut auf positive Verst\u00e4rkung.<\/p>\n<p><strong>Welche gesundheitlichen Probleme k\u00f6nnen bei Australian Shepherds auftreten?<\/strong><\/p>\n<p>Zu den h\u00e4ufigsten gesundheitlichen Problemen geh\u00f6ren H\u00fcftdysplasie, Augenerkrankungen und Epilepsie. Regelm\u00e4\u00dfige tier\u00e4rztliche Untersuchungen sind wichtig, um m\u00f6gliche Probleme fr\u00fchzeitig zu erkennen.<\/p>\n","protected":false},"excerpt":{"rendered":"<p>Der Australian Shepherd wird auch Aussie genannt und ist ein freundlicher, sozialer treuer Begleiter sowie ein idealer Spielgef\u00e4hrte f\u00fcr Kinder.<\/p>\n","protected":false},"author":2,"featured_media":328,"parent":0,"menu_order":0,"comment_status":"closed","ping_status":"closed","template":"","meta":{"ngg_post_thumbnail":0,"footnotes":""},"class_list":["post-327","page","type-page","status-publish","has-post-thumbnail","hentry","comments-off"],"aioseo_notices":[],"_links":{"self":[{"href":"https:\/\/tierisch-verliebt.de\/magazin\/wp-json\/wp\/v2\/pages\/327","targetHints":{"allow":["GET"]}}],"collection":[{"href":"https:\/\/tierisch-verliebt.de\/magazin\/wp-json\/wp\/v2\/pages"}],"about":[{"href":"https:\/\/tierisch-verliebt.de\/magazin\/wp-json\/wp\/v2\/types\/page"}],"author":[{"embeddable":true,"href":"https:\/\/tierisch-verliebt.de\/magazin\/wp-json\/wp\/v2\/users\/2"}],"replies":[{"embeddable":true,"href":"https:\/\/tierisch-verliebt.de\/magazin\/wp-json\/wp\/v2\/comments?post=327"}],"version-history":[{"count":6,"href":"https:\/\/tierisch-verliebt.de\/magazin\/wp-json\/wp\/v2\/pages\/327\/revisions"}],"predecessor-version":[{"id":3559,"href":"https:\/\/tierisch-verliebt.de\/magazin\/wp-json\/wp\/v2\/pages\/327\/revisions\/3559"}],"wp:featuredmedia":[{"embeddable":true,"href":"https:\/\/tierisch-verliebt.de\/magazin\/wp-json\/wp\/v2\/media\/328"}],"wp:attachment":[{"href":"https:\/\/tierisch-verliebt.de\/magazin\/wp-json\/wp\/v2\/media?parent=327"}],"curies":[{"name":"wp","href":"https:\/\/api.w.org\/{rel}","templated":true}]}}