{"id":303,"date":"2019-10-08T13:29:35","date_gmt":"2019-10-08T11:29:35","guid":{"rendered":"https:\/\/tierisch-verliebt.de\/magazin\/?page_id=303"},"modified":"2023-12-17T21:19:45","modified_gmt":"2023-12-17T20:19:45","slug":"perserkatze","status":"publish","type":"page","link":"https:\/\/tierisch-verliebt.de\/magazin\/perserkatze\/","title":{"rendered":"Perserkatze"},"content":{"rendered":"<p>Die Perserkatze geh\u00f6rten zu den beliebtesten und den \u00e4ltesten Rasse-Katzen. Sie ist eine typische Vertreterin der Langhaarkatzen. Durch deutliche, spezifische Merkmale ist sie leicht von anderen Rassen zu unterscheiden. Durch ihr allgemein typisches Wesen eignet sie sich besonders gut f\u00fcr die Wohnungshaltung und als Zweitkatze.<\/p>\n\n<h2>Steckbrief<\/h2>\n<p><img decoding=\"async\" alt=\"check\" src=\"https:\/\/tierisch-verliebt.de\/magazin\/wp-content\/uploads\/2019\/06\/check-icon-16.png\"> <strong>Name<\/strong>: Perserkatze<br \/>\n<img decoding=\"async\" alt=\"check\" src=\"https:\/\/tierisch-verliebt.de\/magazin\/wp-content\/uploads\/2019\/06\/check-icon-16.png\"> <strong>Wissenschaftlicher Name<\/strong>: Felis catus<br \/>\n<img decoding=\"async\" alt=\"check\" src=\"https:\/\/tierisch-verliebt.de\/magazin\/wp-content\/uploads\/2019\/06\/check-icon-16.png\"> <strong>Herkunft<\/strong>: Iran<br \/>\n<img decoding=\"async\" alt=\"check\" src=\"https:\/\/tierisch-verliebt.de\/magazin\/wp-content\/uploads\/2019\/06\/check-icon-16.png\"> <strong>Lebenserwartung<\/strong>: 10 \u2013 17 Jahre in Gefangenschaft<br \/>\n<img decoding=\"async\" alt=\"check\" src=\"https:\/\/tierisch-verliebt.de\/magazin\/wp-content\/uploads\/2019\/06\/check-icon-16.png\"> <strong>Gewicht<\/strong>: Kater: 10 kg; Katze: 8 kg<br \/>\n<img decoding=\"async\" alt=\"check\" src=\"https:\/\/tierisch-verliebt.de\/magazin\/wp-content\/uploads\/2019\/06\/check-icon-16.png\"> <strong>Charakter<\/strong>: ruhig, bequem, wenig agil<\/p>\n<h2>Wesen und Charakter<\/h2>\n<p>Das besondere an Katzen ist ja, dass sie immer ihren eigenen Kopf behalten. Eine Erziehung wie bei einem Hund ist nicht m\u00f6glich, man einigt sich eher auf gewisse gemeinsame Regeln, wenn man es so ausdr\u00fccken m\u00f6chte.<\/p>\n<p>Diesen eigenen Kopf haben auch Perserkatzen. Das mag man leicht vergessen beim Anblick des langen Fellkleides und der extra gro\u00dfen Augen. Perserkatzen bleiben dennoch Individualisten.<br \/>\nDiese Individualisten haben aber in der Regel ein sehr sanftes Wesen. Sie wissen sich zu behaupten, bleiben aber sanft. Lieber gehen sie einen Schritt zur\u00fcck, als unbedingt auf einen Kampf zu bestehen.<br \/>\nDiesen zur\u00fcckhaltenden Zug kann man auch beobachten, wenn Fremde zu Besuch kommen. Erst nach mehreren Besuchen wird der Fremde zum Familien- und Freundeskreis integriert, und die Perserkatze zeigt sich dem Fremden.<\/p>\n<p>Es sei denn, irgendwas erregt so sehr ihr missfallen, dass sie sofort darauf mit Abwehr reagiert. F\u00fcr eine Katze gibt es eben keine allgemeing\u00fcltigen Regeln.<br \/>\nDennoch ist eine Perserkatze eher eine sehr menschenbezogene Katze, die ungern f\u00fcr mehrere Stunden allein bleibt. Deshalb ist es f\u00fcr eine Perserkatze weniger geeignet, wenn man den ganzen Tag arbeiten geht, und sie alleine bleibt. Es denn, sie hat Gesellschaft.<\/p>\n<p><img decoding=\"async\" class=\"alignnone size-full wp-image-2573\" src=\"https:\/\/tierisch-verliebt.de\/magazin\/wp-content\/uploads\/2023\/12\/frau-mit-persian-katze.png\" alt=\"frau mit Perserkatze\" width=\"1024\" height=\"1024\"><\/p>\n<h2>Herkunft und Geschichte<\/h2>\n<p>\u00dcbrigens ist der Name Perser-Katze etwas verwirrend. Urspr\u00fcnglich dachte man, dass diese oft mehrfarbigen Langhaarkatzen aus dem Nahen Osten stammen, etwa der T\u00fcrkei oder dem Iran. Aber \u00fcber die Geschichte der Herkunft der ersten Perserkatzen gibt es verschiedenen Thesen, von denen noch keine endg\u00fcltig bewiesen werden konnte.<\/p>\n<p>Ob sie nun tats\u00e4chlich irgendwo aus dem Nahen Osten stammt, russische Langhaarkatzen als Stammeltern hat oder doch nur aus verschiedenen Zufalls- und gezielten Kreuzungen in England entstanden ist, bleibt also weiterhin die spannende Frage.<\/p>\n<p>Jedenfalls wurden irgendwann spezifische Rassenmerkmale festgelegt und danach gez\u00fcchtet. Mit gewissen Wellen in der Beliebtheitsskala wurden die einen anderen Merkmale angepasst. So gab es eine Zeit, in der die Augen immer gr\u00f6\u00dfer und die Stirn immer schmaler werden sollte. Dadurch wurde die urspr\u00fcnglich l\u00e4ngere und markantere Nase immer k\u00fcrzer. Das beeinflusste bei zu kurzer Nase auch den Tr\u00e4nenkanal.<br \/>\nAls dieser Trend durchaus zu Extremen neigte, \u00e4nderten sich die Vorgaben f\u00fcr die Rasse teilweise und damit auch ihre Geschichte.<\/p>\n<h2>Farben und Farbkombinationen<\/h2>\n<p>Perserkatzen gibt es in verschiedenen Farben. In Verbindung mit der Fellfarbe steht bei Persern auch die Augenfarbe. So gibt es viele Perser mit orange- bis kupferfarbenen Augen, manche haben gr\u00fcne Augen und es gibt Farbschl\u00e4ge mit blauen Augen.<br \/>\nPerserkatzen mit den Farbschl\u00e4gen Colourpoint, wei\u00dfer oder beiger K\u00f6rper mit farbigen Kopf, Schwanz und Beinen, oder einfarbig wei\u00df haben blaue Augen.<br \/>\nPerser mit Tabby-Farbschl\u00e4gen, golden und silver, haben oft gr\u00fcne Augen. Auch silber-shade und golden-shade Perser haben gr\u00fcne Augen.<\/p>\nngg_shortcode_0_placeholder\n<h2>Rassemerkmale<\/h2>\n<p>Neben den vielen Varianten in Fell- und Augenfarben gibt einige ganz typische Rassemerkmale, die f\u00fcr alle Perserkatzen gelten:<\/p>\n<ul>\n<li>gro\u00dfer runder Kopf<\/li>\n<li>kleine Ohren<\/li>\n<li>gro\u00dfe runde Augen<\/li>\n<li>kurze flache Nase<\/li>\n<li>breite Schultern und Brust<\/li>\n<li>langes dichtes Fell, viel Unterwolle<\/li>\n<li>gedrungener K\u00f6rperbau<\/li>\n<li>kurze st\u00e4mmige Beine<\/li>\n<li>kurzer buschiger Schwanz<\/li>\n<li>gro\u00dfe runde Pfoten<\/li>\n<\/ul>\n<p>Durch die Kopfform mit den kleinen Ohren und den gro\u00dfen Augen wirken Perserkatzen auf den ersten Blick sehr kindlich und s\u00fc\u00df. Dabei sind diese Merkmale angez\u00fcchtet und sagen nichts \u00fcber den Charakter aus.<br \/>\nInsgesamt hat die Perserkatze einen kompakten und kr\u00e4ftigen K\u00f6rperbau. F\u00fcr Spiele und ein gewisses Ma\u00df an Toben ist der gedrungene K\u00f6rper gut geeignet, aber f\u00fcr akrobatische Spr\u00fcnge und wilde Touren im Freigel\u00e4nde eher weniger.<br \/>\nHinzu kommt das buschige Fellkleid mit der dichten Unterwolle, das weniger zu langen Streifz\u00fcgen in der Natur passt. Tats\u00e4chlich bevorzugen viele Perser eher das Beobachten als das Herumstreunern.<\/p>\n<h2>Geeignete Aktivit\u00e4ten<\/h2>\n<p>Dass Perserkatzen eher ruhige Vertreter sind, bedeutet nicht, dass sie Spielen gar nicht m\u00f6gen. Im Gegenteil, neben ausgiebigen Schmusen findet sich bestimmt ein Lieblingsspielzeug f\u00fcr jede Katze. Einen Kratzbaum braucht auch eine Perserkatze, umso mehr, wenn sie eine reine Wohnungskatze ist.<br \/>\nManche Perserkatze lieben einen Spaziergang durch den Garten oder einen gesicherten Freigang auf dem Balkon.<br \/>\n\u00dcbrigens kann man sehr gut die t\u00e4gliche Fellpflege als ein Spiel aufbauen, das zus\u00e4tzliche die Bindung zwischen Mensch und Katze st\u00e4rkt.<\/p>\n<h2>Ern\u00e4hrung und Pflege einer Perserkatze<\/h2>\n<h3>Pflege<\/h3>\n<p>Die t\u00e4gliche Fellpflege ist ein Muss bei Perserkatzen, ist aber kein gro\u00dfes Problem. Kennt die Katze das B\u00fcrsten von Jugend an, dauert es auch nicht allzu lang. Aufgrund der dichten Unterwolle schaffen Perserkatzen es nicht alleine, alle losen Haare zu entfernen. Die Folge sind Kn\u00f6tchen im Fell. Ohne B\u00fcrsten verfilzt das Fell und die Kn\u00f6tchen m\u00fcssen unter Umst\u00e4nden sogar herausgeschnitten werden.<br \/>\nAu\u00dferdem ist es sinnvoll, der Katze mit Katzengras bei der Verdauung der vermehrten Haarmenge, die die Katze mit dichten Fellkleid aufnimmt, zu helfen. So beugt man St\u00f6rungen im Magen-Darm-Trakt vor.<br \/>\nHat man seiner Perserkatze von Anfang an das B\u00fcrsten gut beigebracht, kann man zugleich auch eine Kontrolle der Augen, Ohren, Nase und Pfoten durchf\u00fchren. So wird die Katze spielerisch untersucht und man beugt ganz einfach vielen Unp\u00e4sslichkeiten vor.<\/p>\n<h3>Ern\u00e4hrung<\/h3>\n<p>F\u00fcr Katzen, also auch Perserkatzen, ist mageres Fleisch wie Gefl\u00fcgel und Fisch gut geeignet, auch gekochtes Hasen- und Kaninchenfleisch ist geeignet. Ungeeignet ist dunkles Fleisch und Schweinefleisch.<br \/>\nMan reicht gro\u00dfe Brocken, damit die Katze kauen muss. Fleisch sollte sechzig Prozent pro Mahlzeit ausmachen. Innereien und Leber d\u00fcrfen gerne einmal pro Woche gef\u00fcttert werden, weil die Katze das enthaltene Vitamin A zwar braucht, aber nicht zu viel davon. Zu viel Vitamin A f\u00fchrt bei Katzen zu Gesundheitsbeschwerden wie Fettleber und Sehst\u00f6rungen.<\/p>\n<p>Wer <a href=\"https:\/\/tierisch-verliebt.de\/magazin\/katzenfutter-im-test\/\">Fertigfutter<\/a> f\u00fcttern m\u00f6chte, sollte nicht nur Trockenfutter geben. Das urspr\u00fcngliche W\u00fcstentier Katze neigt dazu, zu wenig Wasser zu trinken. Da Trockenfutter kaum Wasser enth\u00e4lt, sollte man der Katze reichlich Wasser und auch zus\u00e4tzlich etwas Nassfutter zur Verf\u00fcgung stellen.<\/p>\n<h2>\u00dcberlegungen vor der Anschaffung<\/h2>\n<p>Rassekatzen vom Z\u00fcchter sind nicht billig, das muss man einplanen. Zwischen f\u00fcnfhundert und tausend Euro kann man da schon locker ausgeben.<\/p>\n<p>Gelegentlich findet man auch Rassekatzen im Tierheim. Aber auch da unterschreibt man einen Vertrag und bezahlt einen Beitrag, der von Ort zu Ort schwanken kann.<br \/>\nBeim Z\u00fcchter sollte man unbedingt auf gesunde Tiere achten, weil es noch immer viele Z\u00fcchter gibt, die nach oben schon erw\u00e4hnten Regeln z\u00fcchten. Zu kurze Nasen, tr\u00e4nende Augen usw. beeintr\u00e4chtigen das Katzenleben erheblich, sowohl bei der Atmung als auch bei der Bewegungsfreiheit.<\/p>\n<p>Ein Hinweis auf gute Gesundheit sind auch die Elterntiere. Bei manchen Zuchtlinien bei Persern treten Probleme mit den Nieren auf.<\/p>\n<p>Ansonsten sind Perserkatzen anspruchslose und au\u00dfer dem B\u00fcrsten des Fells pflegeleichte Katzen. Sie sind gut f\u00fcr die Wohnungshaltung geeignet und lieben die N\u00e4he die zu ihrem Menschen oder einer Zweitkatze.<br \/>\nAchtsamkeit bei Katzen, insbesondere bei Persern, erfordern Symptome des sogenannten Katzenschnupfens, eine virale Krankheit, die die Atemwege bef\u00e4llt. Sauberhalten der Augen und Nasen\u00f6ffnungen helfen, solche Krankheiten zu vermeiden.<\/p>\n","protected":false},"excerpt":{"rendered":"<p>Die Perserkatze geh\u00f6rten zu den beliebtesten und den \u00e4ltesten Rasse-Katzen. Sie ist eine typische Vertreterin der Langhaarkatzen. Durch deutliche, spezifische<\/p>\n","protected":false},"author":1,"featured_media":306,"parent":0,"menu_order":0,"comment_status":"closed","ping_status":"closed","template":"","meta":{"ngg_post_thumbnail":0,"footnotes":""},"class_list":["post-303","page","type-page","status-publish","has-post-thumbnail","hentry","comments-off"],"aioseo_notices":[],"_links":{"self":[{"href":"https:\/\/tierisch-verliebt.de\/magazin\/wp-json\/wp\/v2\/pages\/303","targetHints":{"allow":["GET"]}}],"collection":[{"href":"https:\/\/tierisch-verliebt.de\/magazin\/wp-json\/wp\/v2\/pages"}],"about":[{"href":"https:\/\/tierisch-verliebt.de\/magazin\/wp-json\/wp\/v2\/types\/page"}],"author":[{"embeddable":true,"href":"https:\/\/tierisch-verliebt.de\/magazin\/wp-json\/wp\/v2\/users\/1"}],"replies":[{"embeddable":true,"href":"https:\/\/tierisch-verliebt.de\/magazin\/wp-json\/wp\/v2\/comments?post=303"}],"version-history":[{"count":5,"href":"https:\/\/tierisch-verliebt.de\/magazin\/wp-json\/wp\/v2\/pages\/303\/revisions"}],"predecessor-version":[{"id":2587,"href":"https:\/\/tierisch-verliebt.de\/magazin\/wp-json\/wp\/v2\/pages\/303\/revisions\/2587"}],"wp:featuredmedia":[{"embeddable":true,"href":"https:\/\/tierisch-verliebt.de\/magazin\/wp-json\/wp\/v2\/media\/306"}],"wp:attachment":[{"href":"https:\/\/tierisch-verliebt.de\/magazin\/wp-json\/wp\/v2\/media?parent=303"}],"curies":[{"name":"wp","href":"https:\/\/api.w.org\/{rel}","templated":true}]}}