{"id":282,"date":"2019-10-04T13:11:56","date_gmt":"2019-10-04T11:11:56","guid":{"rendered":"https:\/\/tierisch-verliebt.de\/magazin\/?page_id=282"},"modified":"2025-02-22T23:44:14","modified_gmt":"2025-02-22T22:44:14","slug":"deutscher-schaeferhund","status":"publish","type":"page","link":"https:\/\/tierisch-verliebt.de\/magazin\/deutscher-schaeferhund\/","title":{"rendered":"Deutscher Sch\u00e4ferhund &#8211; Das Portrait"},"content":{"rendered":"<p>Der Deutsche Sch\u00e4ferhund ist nicht einfach nur ein Hund, er steht auch f\u00fcr Mut, St\u00e4rke und Loyalit\u00e4t. Er ist ein treuer und anh\u00e4nglicher Partner, der eine hohe Arbeitsbereitschaft aufzeigt und mit einem starken &#8220;Will-to-please&#8221; seinem Herrchen oder Frauchen Gefallen will. Au\u00dferdem ist der Deutsche Sch\u00e4ferhund sehr kinderlieb und er vertr\u00e4gt sich auch gut mit anderen Haustieren. Deutsche Sch\u00e4ferhunde sind als Arbeitstiere gez\u00fcchtet, dies sollte vor der Anschaffung ber\u00fccksichtigt werden. Hier kann man das vollst\u00e4ndige Portrait dieser Hunderasse finden.<\/p>\n\n<h2>Steckbrief<\/h2>\n<p><img decoding=\"async\" alt=\"check\" src=\"https:\/\/tierisch-verliebt.de\/magazin\/wp-content\/uploads\/2019\/06\/check-icon-16.png\"> <strong>Lebenserwartung<\/strong>: 10 bis 14 Jahre<br \/>\n<img decoding=\"async\" alt=\"check\" src=\"https:\/\/tierisch-verliebt.de\/magazin\/wp-content\/uploads\/2019\/06\/check-icon-16.png\"> <strong>Charakter<\/strong>: treu, intelligent, selbstsicher, arbeitswillig<br \/>\n<img decoding=\"async\" alt=\"check\" src=\"https:\/\/tierisch-verliebt.de\/magazin\/wp-content\/uploads\/2019\/06\/check-icon-16.png\"> <strong>Widerristh\u00f6he<\/strong>: R\u00fcden: 60 bis 65 cm, H\u00fcndin: 55 bis 60 cm<br \/>\n<img decoding=\"async\" alt=\"check\" src=\"https:\/\/tierisch-verliebt.de\/magazin\/wp-content\/uploads\/2019\/06\/check-icon-16.png\"> <strong>Gewicht<\/strong>: R\u00fcden: 30 bis 40 kg, H\u00fcndin: 22 bis 32 kg<br \/>\n<img decoding=\"async\" alt=\"check\" src=\"https:\/\/tierisch-verliebt.de\/magazin\/wp-content\/uploads\/2019\/06\/check-icon-16.png\"> <strong>Farbe<\/strong>: Langhaar oder Stockhaar, gelb oder braun, schwarz mit rotbraun, schwarz einfarbig oder grau mit dunkleren Z\u00fcgen<br \/>\n<img decoding=\"async\" alt=\"check\" src=\"https:\/\/tierisch-verliebt.de\/magazin\/wp-content\/uploads\/2019\/06\/check-icon-16.png\"> <strong>Kosten:<\/strong> Zwischen 1.000 &amp; 1.500 Euro<\/p>\n<h2>Wesen und Charakter<\/h2>\n<p>Der Deutsche Sch\u00e4ferhund besticht durch sein ausgeglichenes, nervenfestes, selbstsicheres und unbefangenes Wesen. Er ist au\u00dferhalb einer Reizlage ein sehr gutartiger Partner, der durch seinen Gehorsam, Tapferkeit, Mut, Zuverl\u00e4ssigkeit und Intelligenz bestens als Diensthund geeignet ist. Au\u00dferdem bedarf es einer hohen Belastbarkeit. Diese ganzen positiven Eigenschaften vereint findet man kaum in anderen Rassen und macht den Deutschen Sch\u00e4ferhund zum idealen Familien- und Schutzhund.<\/p>\n<p>Mit seiner selbstsicheren und klugen Art ist er ein guter und treuer Familienhund, wenn er gen\u00fcgend ausgelastet und gearbeitet wird. Auch sollte er eine entsprechende <a href=\"https:\/\/tierisch-verliebt.de\/magazin\/hunderziehung-grundlegendes\/\">Erziehung<\/a> genie\u00dfen und muss gefordert werden. Wenn ein Deutscher Sch\u00e4ferhund unterfordert ist, wird er sich selbst Aufgaben suchen, diese sind meist anders, als Herrchen oder Frauchen sie gerne h\u00e4tten.<\/p>\n<p>Zu beachten ist, dass der Charakter des Sch\u00e4ferhundes abweichen kann, da es auch darauf ankommt, f\u00fcr welche Aufgaben er gez\u00fcchtet wurde. Die Sch\u00e4ferhunde aus der Leistungszucht zum Beispiel werden mit einem ausgepr\u00e4gten Beute- und Schutztrieb und einer sehr niedrigen Reizschwelle gez\u00fcchtet. Daher sollte man f\u00fcr den jeweiligen Bedarf eine passende Zuchtst\u00e4tte finden.<\/p>\n<p><img decoding=\"async\" class=\"alignnone size-large wp-image-2227\" src=\"https:\/\/tierisch-verliebt.de\/magazin\/wp-content\/uploads\/2023\/08\/Deutscher-Schaeferhund-3-1024x686.jpg\" alt=\"Deutscher Sch\u00e4ferhund\" width=\"910\" height=\"610\" srcset=\"https:\/\/tierisch-verliebt.de\/magazin\/wp-content\/uploads\/2023\/08\/Deutscher-Schaeferhund-3-1024x686.jpg 1024w, https:\/\/tierisch-verliebt.de\/magazin\/wp-content\/uploads\/2023\/08\/Deutscher-Schaeferhund-3-300x201.jpg 300w, https:\/\/tierisch-verliebt.de\/magazin\/wp-content\/uploads\/2023\/08\/Deutscher-Schaeferhund-3-768x514.jpg 768w, https:\/\/tierisch-verliebt.de\/magazin\/wp-content\/uploads\/2023\/08\/Deutscher-Schaeferhund-3.jpg 1280w\" sizes=\"(max-width: 910px) 100vw, 910px\" \/><\/p>\n<h2>Herkunft und Geschichte<\/h2>\n<p>Die Herkunft des Deutschen Sch\u00e4ferhundes liegt in Deutschland, bereits seit dem 7. Jahrhundert wurden im germanischen Raum Sch\u00e4ferhunde verschiedener Schl\u00e4ge gez\u00fcchtet. Sie sollten robust, gehorsam und konzentrationsf\u00e4hig sein, dazu noch gute H\u00fcteeigenschaften mitbringen. Der Deutsche Sch\u00e4ferhund wurde schon als Helfer im Ersten Weltkrieg eingesetzt. Damals suchte er nach verwundeten Soldaten, wurde als Meldehund und als Trostspender sehr gesch\u00e4tzt.<\/p>\n<p>Zum Bewachen von Haus und Hof war er fr\u00fcher schon ein zuverl\u00e4ssiger Schutzhund. So begann seine Karriere vom Kriegshelfer zum Diensthund. Heute ist der Deutsche Sch\u00e4ferhund als Diensthund bei Polizei und Zoll nicht mehr wegzudenken. Auch bei Sch\u00e4fern ist er ein sehr beliebter Arbeits- und H\u00fctehund, der mit seinem enormen &#8220;Will-to-please&#8221; seinem Herrchen oder Frauchen bei seinen Aufgaben Gefallen will.<\/p>\n<p><img decoding=\"async\" class=\"alignnone size-full wp-image-2575\" src=\"https:\/\/tierisch-verliebt.de\/magazin\/wp-content\/uploads\/2023\/12\/frau-mit-german-schepherd.png\" alt=\"frau mit Deutscher Sch\u00e4ferhund\" width=\"1024\" height=\"1024\"><\/p>\n<h2>\u00dcberlegungen vor der Anschaffung<\/h2>\n<p>Bevor man sich einen Deutschen Sch\u00e4ferhund anschafft, sollte man sich im Klaren sein, dass er haupts\u00e4chlich als Arbeitshund gedacht ist. Er ben\u00f6tigt gen\u00fcgend Auslastung und Besch\u00e4ftigung und eine konsequente Erziehung um ein ausgeglichener Familienhund zu sein. Auch sollte man vor dem Kauf auf einen seri\u00f6sen Z\u00fcchter achten, da auch die gesundheitlichen Aspekte beim Deutschen Sch\u00e4ferhund unbedingt beachtet werden sollten.<\/p>\n<p>Es sollte besonders auf einen geraden R\u00fccken geachtet werden, da Hunde mit abfallendem R\u00fccken vermehrt zur H\u00fcftdysplasie (HD) neigen. Als Welpe sollten sie noch nicht zu stark belastet werden. Auch was die Ern\u00e4hrung betrifft, ist der Sch\u00e4ferhund sehr sensibel. Schnelle Futterumstellungen werden nicht gut vertragen, hierbei wird oft mit Verdauungsproblemen reagiert.<\/p>\n<p>Ein Deutscher Sch\u00e4ferhund mit Stammbaum von einem anerkannten Z\u00fcchter kostet ab 1000 Euro aufw\u00e4rts, es kommt auch darauf an, ob er aus einer Hochzucht oder Leistungszucht stammt. Es gibt auch Deutsche Sch\u00e4ferhunde aus dem Tierschutz, die f\u00fcr eine Schutzgeb\u00fchr zwischen 150 und 350 Euro ein neues Zuhause suchen.<\/p>\n<p><img decoding=\"async\" class=\"alignnone size-large wp-image-2228\" src=\"https:\/\/tierisch-verliebt.de\/magazin\/wp-content\/uploads\/2023\/08\/Deutscher-Schaeferhund-2-1024x677.jpg\" alt=\"Deutscher Sch\u00e4ferhund\" width=\"910\" height=\"602\" srcset=\"https:\/\/tierisch-verliebt.de\/magazin\/wp-content\/uploads\/2023\/08\/Deutscher-Schaeferhund-2-1024x677.jpg 1024w, https:\/\/tierisch-verliebt.de\/magazin\/wp-content\/uploads\/2023\/08\/Deutscher-Schaeferhund-2-300x198.jpg 300w, https:\/\/tierisch-verliebt.de\/magazin\/wp-content\/uploads\/2023\/08\/Deutscher-Schaeferhund-2-768x508.jpg 768w, https:\/\/tierisch-verliebt.de\/magazin\/wp-content\/uploads\/2023\/08\/Deutscher-Schaeferhund-2.jpg 1280w\" sizes=\"(max-width: 910px) 100vw, 910px\" \/><\/p>\n<p>F\u00fcr die Erstausstattung m\u00fcssen ca. 200 bis 300 Euro eingeplant werden. Es sollte f\u00fcr das neue Familienmitglied ein Hundebett, Hundedecken, Leine, Halsband, Futter-, Wassernapf, Hunde- bzw. Welpenfutter und <a href=\"https:\/\/tierisch-verliebt.de\/magazin\/sichere-spielzeug%d0%b5-fuer-den-hund\/\">Spielzeug<\/a> angeschafft werden. Zu den laufenden <a href=\"https:\/\/tierisch-verliebt.de\/magazin\/unterhalt-eines-hundes\/\">Kosten<\/a> geh\u00f6ren das Hundefutter, Tierarztkosten f\u00fcr Impfungen und Wurmkuren und f\u00fcr ungeplante Erkrankungen bzw. Notf\u00e4lle. Au\u00dferdem wird eine Hundesteuer f\u00e4llig und eine Haftpflichtversicherung ist in manchen Bundesl\u00e4ndern Pflicht.<\/p>\n<p>F\u00fcr die artgerechte Haltung und das k\u00f6rperliche Wohlbefinden eines Sch\u00e4ferhundes ist ein gro\u00dfer Garten und gen\u00fcgend Auslauf wichtig. Auch kann er in einer Wohnung gehalten werden, hier sollten aber die Spazierg\u00e4nge und die Besch\u00e4ftigung auf keinen Fall zu kurz kommen. Die Wohnung sollte am besten ebenerdig sein, da ein Sch\u00e4ferhund nicht zu viele Treppen steigen sollte. In einer Mietwohnung sollte unbedingt die Erlaubnis des Vermieters eingeholt werden.<\/p>\n<h2>Geeignete Aktivit\u00e4ten<\/h2>\n<p>Im famili\u00e4ren Zusammenleben mit einem Deutschen Sch\u00e4ferhund w\u00e4ren Fahrrad fahren, Agility und Nasen- und Kopfarbeit geeignete Besch\u00e4ftigungsideen, die Kopfarbeit sollte bei den schlauen Sch\u00e4ferhunden nicht fehlen, damit sie optimal ausgelastet sind. Im dienstlichen Bereich sind sie sehr gut als Dienst- und H\u00fctehund, als Begleit-, Wach- und <a href=\"https:\/\/tierisch-verliebt.de\/magazin\/schutzhunde\/\">Schutzhund<\/a> zu gebrauchen.<\/p>\n<h2>Rassemerkmale der Deutscher Sch\u00e4ferhunde<\/h2>\n<p>Zu den Merkmalen der Sch\u00e4ferhundrasse z\u00e4hlen die Sensibilit\u00e4t, sein Will-to-Please, die Freundlichkeit, die Intelligenz und das Bewegungsbed\u00fcrfnis.<\/p>\n<p><img decoding=\"async\" class=\"alignnone size-large wp-image-2229\" src=\"https:\/\/tierisch-verliebt.de\/magazin\/wp-content\/uploads\/2023\/08\/Deutscher-Schaeferhund-1-1024x731.jpg\" alt=\"Deutscher Sch\u00e4ferhund\" width=\"910\" height=\"650\" srcset=\"https:\/\/tierisch-verliebt.de\/magazin\/wp-content\/uploads\/2023\/08\/Deutscher-Schaeferhund-1-1024x731.jpg 1024w, https:\/\/tierisch-verliebt.de\/magazin\/wp-content\/uploads\/2023\/08\/Deutscher-Schaeferhund-1-300x214.jpg 300w, https:\/\/tierisch-verliebt.de\/magazin\/wp-content\/uploads\/2023\/08\/Deutscher-Schaeferhund-1-768x548.jpg 768w, https:\/\/tierisch-verliebt.de\/magazin\/wp-content\/uploads\/2023\/08\/Deutscher-Schaeferhund-1.jpg 1280w\" sizes=\"(max-width: 910px) 100vw, 910px\" \/><\/p>\n<h2>Geeignete Ern\u00e4hrung<\/h2>\n<p>Da auch, wie beim Menschen, der Verdauungstrakt unterschiedlich reagiert, je nach der Lebensphase, in der er sich grade befindet, sollte das richtige <a href=\"https:\/\/tierisch-verliebt.de\/magazin\/insektenproteine-in-hundefutter\/\">Futter<\/a> f\u00fcr diese Lebensphasen gew\u00e4hlt werden. Welpen ben\u00f6tigten Welpenfutter, da dieses extra auf das Wachstum und die Entwicklung des Welpen abgestimmt ist. Mit 14 Monaten gilt der Welpe als ausgewachsen. W\u00e4hrend der Welpenphase sollte das Futter nur einmal auf &#8220;Adult&#8221; umgestellt werden, meist so im Alter von 6 Monaten.<br \/>\nEs ist wichtig, egal ob Trockenfutter oder Nassfutter gef\u00fcttert wird, auf die notwendigen N\u00e4hrstoffe zu achten, damit der Hund bestens versorgt ist. Auch das Barfen ist f\u00fcr Sch\u00e4ferhunde kein Problem.<\/p>\n<p><img decoding=\"async\" class=\"alignnone wp-image-2951 \" src=\"https:\/\/tierisch-verliebt.de\/magazin\/wp-content\/uploads\/2025\/01\/ernaehrung-deutscher-schaeferhund.webp\" alt=\"ernaehrung-deutscher-schaeferhund\" width=\"600\" height=\"600\" srcset=\"https:\/\/tierisch-verliebt.de\/magazin\/wp-content\/uploads\/2025\/01\/ernaehrung-deutscher-schaeferhund.webp 1024w, https:\/\/tierisch-verliebt.de\/magazin\/wp-content\/uploads\/2025\/01\/ernaehrung-deutscher-schaeferhund-300x300.webp 300w, https:\/\/tierisch-verliebt.de\/magazin\/wp-content\/uploads\/2025\/01\/ernaehrung-deutscher-schaeferhund-150x150.webp 150w, https:\/\/tierisch-verliebt.de\/magazin\/wp-content\/uploads\/2025\/01\/ernaehrung-deutscher-schaeferhund-768x768.webp 768w\" sizes=\"(max-width: 600px) 100vw, 600px\" \/><\/p>\n<h2>FAQ<\/h2>\n<h3>1. Bellen Deutsche Sch\u00e4ferhunde viel?<\/h3>\n<p>Deutsche Sch\u00e4ferhunde sind keine Kl\u00e4ffer, aber sie bellen aus sinnvollen Gr\u00fcnden wie Schutz, Aufmerksamkeit oder Frustration. Mit der richtigen Erziehung, gen\u00fcgend Auslastung und klaren Regeln kann das Bellverhalten kontrolliert werden. Ein gut erzogener Sch\u00e4ferhund ist aufmerksam, aber kein \u00fcberm\u00e4\u00dfiger Beller.<\/p>\n<h3>2. Wie lange kann ein Deutscher Sch\u00e4ferhund alleine bleiben?<\/h3>\n<p>Deutsche Sch\u00e4ferhunde sind sehr soziale Hunde, die nicht gerne lange alleine sind. Mit Training k\u00f6nnen sie bis zu 4\u20136 Stunden allein sein, aber l\u00e4ngere Zeitr\u00e4ume sind nicht ideal. Wer oft au\u00dfer Haus ist, sollte eine alternative Betreuung in Betracht ziehen, um seinen Sch\u00e4ferhund gl\u00fccklich und ausgeglichen zu halten.<\/p>\n<h3>3. Sind Deutsche Sch\u00e4ferhunde f\u00fcr Ersthundebesitzer geeignet?<\/h3>\n<p>Deutsche Sch\u00e4ferhunde sind keine klassischen Anf\u00e4ngerhunde, aber mit Engagement, Zeit und konsequenter Erziehung k\u00f6nnen auch Ersthundebesitzer mit ihnen erfolgreich sein. Wer bereit ist, viel Zeit in Training, Sozialisation und Besch\u00e4ftigung zu investieren, wird mit einem treuen, intelligenten und vielseitigen Hund belohnt.<\/p>\n<h3>4. Wie kann man einen Deutschen Sch\u00e4ferhund geistig auslasten?<\/h3>\n<p>Deutsche Sch\u00e4ferhunde brauchen geistige Herausforderungen genauso wie k\u00f6rperliche Bewegung. Suchspiele, Denkaufgaben, Tricktraining und abwechslungsreiche Spazierg\u00e4nge sind ideal, um ihren schlauen Kopf zu besch\u00e4ftigen. Ein gut ausgelasteter Sch\u00e4ferhund ist ruhiger, zufriedener und ausgeglichener.<\/p>\n<h3>5. Vertr\u00e4gt sich der Deutsche Sch\u00e4ferhund mit anderen Haustieren?<\/h3>\n<p>Deutsche Sch\u00e4ferhunde sind soziale und lernf\u00e4hige Hunde, die sich mit anderen Haustieren gut vertragen k\u00f6nnen, wenn sie fr\u00fchzeitig daran gew\u00f6hnt werden. Mit konsequenter Erziehung, klaren Regeln und geduldiger Einf\u00fchrung kann ein Sch\u00e4ferhund harmonisch mit Hunden, Katzen und Kleintieren zusammenleben.<\/p>\n","protected":false},"excerpt":{"rendered":"<p>Der Deutsche Sch\u00e4ferhund ist nicht einfach nur ein Hund, er steht auch f\u00fcr Mut, St\u00e4rke und Loyalit\u00e4t. Er ist ein<\/p>\n","protected":false},"author":1,"featured_media":285,"parent":0,"menu_order":0,"comment_status":"closed","ping_status":"closed","template":"","meta":{"ngg_post_thumbnail":0,"footnotes":""},"class_list":["post-282","page","type-page","status-publish","has-post-thumbnail","hentry","comments-off"],"aioseo_notices":[],"_links":{"self":[{"href":"https:\/\/tierisch-verliebt.de\/magazin\/wp-json\/wp\/v2\/pages\/282","targetHints":{"allow":["GET"]}}],"collection":[{"href":"https:\/\/tierisch-verliebt.de\/magazin\/wp-json\/wp\/v2\/pages"}],"about":[{"href":"https:\/\/tierisch-verliebt.de\/magazin\/wp-json\/wp\/v2\/types\/page"}],"author":[{"embeddable":true,"href":"https:\/\/tierisch-verliebt.de\/magazin\/wp-json\/wp\/v2\/users\/1"}],"replies":[{"embeddable":true,"href":"https:\/\/tierisch-verliebt.de\/magazin\/wp-json\/wp\/v2\/comments?post=282"}],"version-history":[{"count":5,"href":"https:\/\/tierisch-verliebt.de\/magazin\/wp-json\/wp\/v2\/pages\/282\/revisions"}],"predecessor-version":[{"id":3128,"href":"https:\/\/tierisch-verliebt.de\/magazin\/wp-json\/wp\/v2\/pages\/282\/revisions\/3128"}],"wp:featuredmedia":[{"embeddable":true,"href":"https:\/\/tierisch-verliebt.de\/magazin\/wp-json\/wp\/v2\/media\/285"}],"wp:attachment":[{"href":"https:\/\/tierisch-verliebt.de\/magazin\/wp-json\/wp\/v2\/media?parent=282"}],"curies":[{"name":"wp","href":"https:\/\/api.w.org\/{rel}","templated":true}]}}