{"id":264,"date":"2019-09-27T11:37:35","date_gmt":"2019-09-27T09:37:35","guid":{"rendered":"https:\/\/tierisch-verliebt.de\/magazin\/?page_id=264"},"modified":"2026-03-03T09:40:30","modified_gmt":"2026-03-03T08:40:30","slug":"golden-retriever","status":"publish","type":"page","link":"https:\/\/tierisch-verliebt.de\/magazin\/golden-retriever\/","title":{"rendered":"Golden Retriever &#8211; Der Familienhund"},"content":{"rendered":"<p>Ein Hund f\u00fcr die ganze Familie. Die Rasse Golden Retriever hat zahlreiche Welpen in die Film- und Fernsehwelt ausgesandt, um genau diesen Charakterzug zu beschreiben. Allgemein ist der Golden Retriever als freundlicher Spielkamerad mit einem guten Wesen bekannt. Im Umgang mit Kindern sind selbst die ausgewachsenen Hunde ausgezeichnet. Sie sind verst\u00e4ndnisvoll und ruhig. Gleichzeitig sind sie echte Hochleistungssportler. Wer gerne Laufen geht oder Fahrrad f\u00e4hrt, der kann sich mit einem Golden Retriever auf eine nette Gesellschaft freuen.<\/p>\n\n<p>Die Hunderasse ist wissbegierig und sehr verspielt. Beobachtet man Hundebesitzer mit ihren Golden Retrievern im Park, so f\u00e4llt auf, dass die Herrchen und Frauchen von Golden Retriever h\u00e4ufig einen Ball oder anderes <a href=\"https:\/\/tierisch-verliebt.de\/magazin\/sichere-spielzeug%d0%b5-fuer-den-hund\/\">Spielzug<\/a> mit sich tragen. Denn die Hunde der kontaktfreudigen Rasse wollen besch\u00e4ftigt sein.<\/p>\n<h2>Steckbrief<\/h2>\n<p><img decoding=\"async\" alt=\"check\" src=\"https:\/\/tierisch-verliebt.de\/magazin\/wp-content\/uploads\/2019\/06\/check-icon-16.png\"> <strong>Lebenserwartung:<\/strong> 10 bis 12 Jahre<br \/>\n<img decoding=\"async\" alt=\"check\" src=\"https:\/\/tierisch-verliebt.de\/magazin\/wp-content\/uploads\/2019\/06\/check-icon-16.png\"> <strong>Gewicht:<\/strong> weiblich 25\u201332 kg, m\u00e4nnlich 30\u201334 kg<br \/>\n<img decoding=\"async\" alt=\"check\" src=\"https:\/\/tierisch-verliebt.de\/magazin\/wp-content\/uploads\/2019\/06\/check-icon-16.png\"> <strong>Widerristh\u00f6he:<\/strong> weiblich 50\u201357 cm, m\u00e4nnlich 55\u201361 cm<br \/>\n<img decoding=\"async\" alt=\"check\" src=\"https:\/\/tierisch-verliebt.de\/magazin\/wp-content\/uploads\/2019\/06\/check-icon-16.png\"> <strong>Charakter:<\/strong> zuverl\u00e4ssig, intelligent, lieb, vertrauensw\u00fcrdig, selbstbewusst, freundlich<br \/>\n<img decoding=\"async\" alt=\"check\" src=\"https:\/\/tierisch-verliebt.de\/magazin\/wp-content\/uploads\/2019\/06\/check-icon-16.png\"> <strong>Farben:<\/strong> dunkelgold, creme, hellgold, gold<br \/>\n<img decoding=\"async\" alt=\"check\" src=\"https:\/\/tierisch-verliebt.de\/magazin\/wp-content\/uploads\/2019\/06\/check-icon-16.png\"> <strong>Kosten:<\/strong> Zwischen 250 &amp; 2.500 Euro<\/p>\n<p><img decoding=\"async\" class=\"alignnone size-large wp-image-2260\" src=\"https:\/\/tierisch-verliebt.de\/magazin\/wp-content\/uploads\/2023\/08\/Golden-Retriever-3-1024x682.jpg\" alt=\"Golden Retriever\" width=\"910\" height=\"606\" srcset=\"https:\/\/tierisch-verliebt.de\/magazin\/wp-content\/uploads\/2023\/08\/Golden-Retriever-3-1024x682.jpg 1024w, https:\/\/tierisch-verliebt.de\/magazin\/wp-content\/uploads\/2023\/08\/Golden-Retriever-3-300x200.jpg 300w, https:\/\/tierisch-verliebt.de\/magazin\/wp-content\/uploads\/2023\/08\/Golden-Retriever-3-768x512.jpg 768w, https:\/\/tierisch-verliebt.de\/magazin\/wp-content\/uploads\/2023\/08\/Golden-Retriever-3.jpg 1280w\" sizes=\"(max-width: 910px) 100vw, 910px\" \/><\/p>\n<h2>Das Wesen und der Charakter des Golden Retriever<\/h2>\n<p>Schnell l\u00e4sst sich ein Golden Retriever nicht aus der Ruhe bringen. Auch wenn die Welpen munter, z\u00e4hlen die ausgewachsenen Hunde zu entspannten Weggef\u00e4hrten. Des Weiteren ist der Golden Retriever gut auszubilden. Die Rasse wurde f\u00fcr die Arbeit mit dem Menschen gez\u00fcchtigt. Die Lernfreude der Hunde l\u00e4sst sich bereits im jungen Alter erkennen.<\/p>\n<p>Der Golden Retriever ist ein treuer Begleiter. Gerne schlie\u00dft er sich den Pl\u00e4nen seines Herrchens an und verbringt viel gemeinsame Zeit mit Menschen und anderen Hunden. Die Rolle des Wachhunden passt auf den zahmen Hund nicht, da Golden Retriever in der Regel jeden nett begr\u00fc\u00dfen. Demzufolge w\u00fcrden sie sich selbst von einem Einbrecher hinter dem Ohr kraulen lassen.<\/p>\n<p>In der Gesellschaft ist der Golden Retriever beliebt. Trotz seiner Gr\u00f6\u00dfe verbinden die meisten Menschen mit dem blonden Riesen ein positives Bild. Kinder m\u00f6chten das weiche Fell des Hundes stets streicheln und auch Menschen ohne Hunde schlie\u00dfen die Golden Retriever schnell ins Herz. Fr\u00fcher wurden die Retriever f\u00fcr die <a href=\"https:\/\/tierisch-verliebt.de\/magazin\/jagdhunde\/\">Jagd<\/a> gez\u00fcchtet. Demnach sind sie gerne an der frischen Luft und verf\u00fcgen \u00fcber ein starkes Zusammengeh\u00f6rigkeitsgef\u00fchl. Sie folgen den Anweisungen ihres Herrchens und lassen sich erziehen.<\/p>\n<h3>Golden Retriever Welpen<\/h3>\n<p><img decoding=\"async\" class=\"alignnone wp-image-268 size-large\" src=\"https:\/\/tierisch-verliebt.de\/magazin\/wp-content\/uploads\/2019\/09\/Golden-Retriever-Welpen-1024x768.jpg\" alt=\"2 s\u00fc\u00dfe Golden Retriever Welpen\" width=\"910\" height=\"683\" srcset=\"https:\/\/tierisch-verliebt.de\/magazin\/wp-content\/uploads\/2019\/09\/Golden-Retriever-Welpen-1024x768.jpg 1024w, https:\/\/tierisch-verliebt.de\/magazin\/wp-content\/uploads\/2019\/09\/Golden-Retriever-Welpen-300x225.jpg 300w, https:\/\/tierisch-verliebt.de\/magazin\/wp-content\/uploads\/2019\/09\/Golden-Retriever-Welpen-768x576.jpg 768w, https:\/\/tierisch-verliebt.de\/magazin\/wp-content\/uploads\/2019\/09\/Golden-Retriever-Welpen-600x450.jpg 600w\" sizes=\"(max-width: 910px) 100vw, 910px\" \/><br \/>\nBesonders s\u00fc\u00df sind die Welpen.<\/p>\n<h2>Die Geschichte der blonden Riesen<\/h2>\n<p>Die Rasse stammt aus England. Ende des neunzehnten Jahrhunderts wurden die Retriever mit dem goldenen Haar erstmals gez\u00fcchtet. Genauer war es der erste Lord von Tweedmouth, der die Zucht \u00fcbernahm. Bei seiner Zucht verfolgte der Lord das Ziel einen idealen Jagdhund mit einem scharfen Geruchsinn zu z\u00fcchten. So plante er mit dem Hund die <a href=\"https:\/\/tierisch-verliebt.de\/magazin\/jagdhunde\/\">Jagd<\/a> auf Federvieh im Wasser. Einerseits war der Jagdtrieb wichtig, andererseits sollte der Hund sich ebenfalls nicht an den rauen Temperaturen und der feuchten K\u00e4lte st\u00f6ren.<\/p>\n<p>Die Rasse geht auf den gelben oder besser gesagt goldenen Retriever und den Tweed Water Spaniel zur\u00fcck. Allerdings sind dies nicht die einzigen zwei Ursprungsrassen. Denn die Blutlinie des goldenen Retrievers beinhaltet ebenfalls den Bluthund und den irischen Setter. Im Jahr 1913 erkannte der British Kennel Club die neue Rasse an, die sich wie ein Lauffeuer verbreitete. W\u00e4hrend die Beliebtheit in Gro\u00dfbritannien sowie in den vereinigten Staaten stark zunahm, lies sie in kontinental Europa auf sich warten. Erst in den achtziger Jahren eroberte der Golden Retriever die Herzen der Menschen auf dem Kontinent.<\/p>\n<h2>Herkunft<\/h2>\n<p>Der Golden Retriever ist als verl\u00e4sslicher Familienhund bekannt. Sein Umgang mit Menschen kann geschult werden, weshalb man die Rasse h\u00e4ufig unter den Therapie- und Blindenhunden antrifft. Grob unterteilt sich die Rasse in zwei Linien, die sich an die Linien des Labradors anlehnen. Einerseits besteht die Show Linie. Sie zeichnet ihre Sch\u00f6nheit aus. Die Hunde dieser Linie eignen sich f\u00fcr Ausstellungen. Auf Grund ihres ruhigen Wesens sind sie wahre Familienhunde und k\u00f6nnen gut mit Kindern arbeiten.<\/p>\n<p>Wer also das ruhige Gem\u00fct der Rasse sch\u00e4tzt, der sollte sich f\u00fcr die Show Linie entscheiden. Der Show Linie steht die Field Trial Linie gegen\u00fcber. Hunde dieser Linie sind echte Jagdhunde. Sie lieben die Herausforderung und freuen sich \u00fcber Abenteuer. Dem Besitzer wird mit ihnen nie langweilig. Die Field Trial Linie kennzeichnet ein starkes Temperament. In England absolvieren sie beispielsweise Apportiere Turniere.<\/p>\n<p><img decoding=\"async\" class=\"alignnone size-large wp-image-2261\" src=\"https:\/\/tierisch-verliebt.de\/magazin\/wp-content\/uploads\/2023\/08\/Golden-Retriever-2-1024x682.jpg\" alt=\"Golden Retriever\" width=\"910\" height=\"606\" srcset=\"https:\/\/tierisch-verliebt.de\/magazin\/wp-content\/uploads\/2023\/08\/Golden-Retriever-2-1024x682.jpg 1024w, https:\/\/tierisch-verliebt.de\/magazin\/wp-content\/uploads\/2023\/08\/Golden-Retriever-2-300x200.jpg 300w, https:\/\/tierisch-verliebt.de\/magazin\/wp-content\/uploads\/2023\/08\/Golden-Retriever-2-768x512.jpg 768w, https:\/\/tierisch-verliebt.de\/magazin\/wp-content\/uploads\/2023\/08\/Golden-Retriever-2.jpg 1280w\" sizes=\"(max-width: 910px) 100vw, 910px\" \/><\/p>\n<h2>Das muss vor der Anschaffung bedacht werden<\/h2>\n<p>Eine Anschaffung eines Hundes sollte gut \u00fcberlegt werden. Anders als ein Spielzeug, kann ein Hund nicht einfach wieder zur\u00fcckgegeben werden. Bei einem Hund handelt es sich um ein Lebewesen, das sich erst an sein neues Umfeld gew\u00f6hnen muss. Vor der Anschaffung des Hundes ist es sinnvoll sich mit allen Unklarheiten vertraut zu machen.<\/p>\n<p>H\u00e4ufig taucht die Frage auf: Wie alt wird ein Golden Retriever? Ebenso oft werden sich Fragen nach den Kosten gestellt. Denn ein Hund kostet nicht nur bei der Anschaffung, sondern die Haltung muss ebenfalls in das monatliche Budget des Besitzers einkalkuliert werden. Bei einem Golden Retriever handelt es sich um einen Hund mit einer gewissen Gr\u00f6\u00dfe und einem entsprechenden Appetit. Futtermittel, Tierarztkosten, Ausr\u00fcstung und Hundesteuer und Versicherungen m\u00fcssen in regelm\u00e4\u00dfigen Abst\u00e4nden bezahlt werden. Sobald der Hund ausgewachsen ist erh\u00f6hen sich die <a href=\"https:\/\/tierisch-verliebt.de\/magazin\/unterhalt-eines-hundes\/\">Erhaltungskosten<\/a>.<\/p>\n<p>Wie alt wird ein Golden Retriever? Golden Retriever haben ein durchschnittliche Lebenserwartung von zehn bis zw\u00f6lf Jahren. Die Lebenserwartung ist abh\u00e4ngig von seiner Gesundheit. Die Tiermedizin ist weit fortgeschritten. Alterleiden k\u00f6nnen gut behandelt werden.<\/p>\n<p><iframe title=\"Golden Retriever | Freundlicher Familienhund auf gr\u00fcner Wiese \u2013 Kurzvideo\" width=\"910\" height=\"512\" src=\"https:\/\/www.youtube.com\/embed\/7bxdX7oF6M4?feature=oembed\" frameborder=\"0\" allow=\"accelerometer; autoplay; clipboard-write; encrypted-media; gyroscope; picture-in-picture; web-share\" referrerpolicy=\"strict-origin-when-cross-origin\" allowfullscreen><\/iframe><\/p>\n<h3>Was kostet ein Golden Retriever?<\/h3>\n<p>Die Kosten lassen sich grob in die Posten Kauf und Unterhalt untergliedern. Die Preise beginnen grob bei 250 Euro und k\u00f6nnen bis zu 2.000 Euro reichen. Kaufen kann man die Hunde bei einem Z\u00fcchter. Der Preis ist abh\u00e4ngig von dem Wurf und von der Bekanntheit der Zucht. Handelt es sich um private Zuchten, liegen die Preise im unteren Preissegment. Wer nicht unbedingt einen Welpen bei dem Z\u00fcchter kaufen m\u00f6chte, der kann sich f\u00fcr eine Adoption eines ausgewachsenen Tiers entscheiden. Daf\u00fcr kann mit einer Tierhilfe oder einem Tierheim in Kontakt getreten werden.<\/p>\n<p>Auf den Kauf folgen die Erstausstattung des Hundes, sowie der erste Besuch beim Tierarzt. Danach gilt es eine Haftpflichtversicherung abzuschlie\u00dfen und den Hund anzumelden. Zu den laufenden <a href=\"https:\/\/tierisch-verliebt.de\/magazin\/unterhalt-eines-hundes\/\">Kosten<\/a> z\u00e4hlen das Futter, sowie <a href=\"https:\/\/tierisch-verliebt.de\/magazin\/sichere-spielzeug%d0%b5-fuer-den-hund\/\">Spielzeuge<\/a> und vielleicht zus\u00e4tzliche Versicherungen. Mit dem Golden Retriever holt man sich keinen kleinen Hund in das Haus. Der Hundekorb weist daher eine gewisse Gr\u00f6\u00dfe aus. Ein Garten ist f\u00fcr den Hund ideal.<\/p>\n<p><img decoding=\"async\" class=\"alignnone size-large wp-image-2263\" src=\"https:\/\/tierisch-verliebt.de\/magazin\/wp-content\/uploads\/2023\/08\/Golden-Retriever-1024x682.jpg\" alt=\"Golden Retriever\" width=\"910\" height=\"606\" srcset=\"https:\/\/tierisch-verliebt.de\/magazin\/wp-content\/uploads\/2023\/08\/Golden-Retriever-1024x682.jpg 1024w, https:\/\/tierisch-verliebt.de\/magazin\/wp-content\/uploads\/2023\/08\/Golden-Retriever-300x200.jpg 300w, https:\/\/tierisch-verliebt.de\/magazin\/wp-content\/uploads\/2023\/08\/Golden-Retriever-768x512.jpg 768w, https:\/\/tierisch-verliebt.de\/magazin\/wp-content\/uploads\/2023\/08\/Golden-Retriever.jpg 1280w\" sizes=\"(max-width: 910px) 100vw, 910px\" \/><\/p>\n<h3>Geeignete Aktivit\u00e4ten<\/h3>\n<p>Der Golden Retriever freut sich \u00fcber Bewegung. Er ist ein guter Schwimmer, daher kann gemeinsam mit ihm ebenfalls Wassersport unternommen werden. Ansonsten l\u00e4sst es sich mit dem Hund Joggen, Radfahren und <a href=\"https:\/\/tierisch-verliebt.de\/magazin\/dogtrekking\/\">Wandern<\/a>.<\/p>\n<h3>Rassemerkmale<\/h3>\n<p>Zu den Rassemerkmalen z\u00e4hlt das goldene weiche <a href=\"https:\/\/tierisch-verliebt.de\/magazin\/pflege-von-fell-und-zaehnen-des-hundes\/\">Fell<\/a>. Weitere Merkmale sind wohl der treuherzige Blick und die offene Art.<\/p>\n<h2>Geeignete Ern\u00e4hrung<\/h2>\n<p>Der Golden Retriever ist aktiv. Seine Ern\u00e4hrung sollte ausgewogen und reichhaltig sein. Wer sich viel der bewegt, hat meistens einen gro\u00dfen Appetit. Allerdings ist bei einer zu reichhaltigen <a href=\"https:\/\/tierisch-verliebt.de\/magazin\/havaneser-ernaehrung\/\">Ern\u00e4hrung<\/a> Vorsicht geboten, denn die blonden Hunde neigen zu \u00dcbergewicht. Das macht sich vor allen bei alten Hunden der Rasse bemerkbar. Das \u00dcbergewicht kann sich negativ auf die Gesundheit des Hundes auswirken, daher sollten zus\u00e4tzliche Pfunde vermieden werden. Allerdings ist die Einhaltung des Ern\u00e4hrungsplans bei Golden Retrievern nicht einfach f\u00fcr ihre Besitzer. Die Hunde neigen zum Betteln und den s\u00fc\u00dfen Blicken kann selbst ein strenges Herrchen nicht widerstehen.<\/p>\n<p><img decoding=\"async\" class=\"alignnone wp-image-2978\" src=\"https:\/\/tierisch-verliebt.de\/magazin\/wp-content\/uploads\/2025\/02\/ernaehrung-Golden-Retriever.webp\" alt=\"ernaehrung-golden-retriever\" width=\"600\" height=\"600\" srcset=\"https:\/\/tierisch-verliebt.de\/magazin\/wp-content\/uploads\/2025\/02\/ernaehrung-Golden-Retriever.webp 1024w, https:\/\/tierisch-verliebt.de\/magazin\/wp-content\/uploads\/2025\/02\/ernaehrung-Golden-Retriever-300x300.webp 300w, https:\/\/tierisch-verliebt.de\/magazin\/wp-content\/uploads\/2025\/02\/ernaehrung-Golden-Retriever-150x150.webp 150w, https:\/\/tierisch-verliebt.de\/magazin\/wp-content\/uploads\/2025\/02\/ernaehrung-Golden-Retriever-768x768.webp 768w\" sizes=\"(max-width: 600px) 100vw, 600px\" \/><\/p>\n<p>Bei einem ausgewachsenen Hund empfehlen sich zwei Portionen am Tag. Eine wird am Morgen und die andere wird am sp\u00e4ten Nachmittag gegeben. Bei der Erstellung des Ern\u00e4hrungsplans sollten jedoch die individuellen Bed\u00fcrfnisse des Hundes beachtet werden, denn nicht jeder Hund einer Rasse ist wie der andere. Bei einem ausgewachsenen Hund empfiehlt sich eine gesunde Mischung aus Trocken- und Nassfutter. Bei dem Nassfutter ist es wichtig auf die Zusatzstoffe zu achten. Denn einige Hunden entwickeln Unvertr\u00e4glichkeiten. Auch kann das <a href=\"https:\/\/tierisch-verliebt.de\/magazin\/insektenproteine-in-hundefutter\/\">Futter<\/a> mit mild gegartem Fleisch aufgewertet werden.<\/p>\n<p><img decoding=\"async\" class=\"alignnone size-large wp-image-269\" src=\"https:\/\/tierisch-verliebt.de\/magazin\/wp-content\/uploads\/2019\/09\/Golden-Retriever-ausgewachsen-1024x683.jpg\" alt=\"Ausgewachsener Golden Retriever\" width=\"910\" height=\"607\" srcset=\"https:\/\/tierisch-verliebt.de\/magazin\/wp-content\/uploads\/2019\/09\/Golden-Retriever-ausgewachsen-1024x683.jpg 1024w, https:\/\/tierisch-verliebt.de\/magazin\/wp-content\/uploads\/2019\/09\/Golden-Retriever-ausgewachsen-300x200.jpg 300w, https:\/\/tierisch-verliebt.de\/magazin\/wp-content\/uploads\/2019\/09\/Golden-Retriever-ausgewachsen-768x512.jpg 768w\" sizes=\"(max-width: 910px) 100vw, 910px\" \/><\/p>\n<h2>FAQ<\/h2>\n<h3>Wie geht der Golden Retriever mit Kindern um?<\/h3>\n<p>Der Golden Retriever ist eine der kinderfreundlichsten Hunderassen \u00fcberhaupt.<br \/>\nEr ist sanft, geduldig, verspielt und \u00e4u\u00dferst sozial, was ihn zu einem idealen Familienhund macht. Durch sein freundliches und ausgeglichenes Wesen kommt er sehr gut mit Kindern zurecht und gilt als toleranter, liebevoller Begleiter.<\/p>\n<h3>Wie lange kann ein Golden Retriever <span id=\"Wie_lange_kann_ein_Finnischer_Lapphund_alleine_bleiben\">alleine bleiben?<\/span><\/h3>\n<p>Ein erwachsener Golden Retriever kann etwa 4\u20136 Stunden alleine bleiben, wenn er es langsam und richtig gelernt hat.<br \/>\nDiese Rasse ist sehr menschenbezogen und mag es nicht, lange ohne Gesellschaft zu sein. L\u00e4ngere Zeiten allein k\u00f6nnen zu Langeweile, Frustration oder Trennungsangst f\u00fchren.<\/p>\n<h3>Sind Golden Retriever leicht zu trainieren?<\/h3>\n<p>Golden Retriever sind extrem leicht zu trainieren, da sie intelligent, motiviert und menschenbezogen sind.<br \/>\nSie lieben es zu lernen und reagieren hervorragend auf positive Verst\u00e4rkung.<br \/>\nKonsequenz ist wichtig, da sie manchmal zu verspielt oder leicht ablenkbar sind.<br \/>\nMit der richtigen Erziehung wird ein Golden Retriever ein perfekt trainierter, gehorsamer und gl\u00fccklicher Begleiter!<\/p>\n<h3>Welche gesundheitlichen Probleme sind typisch f\u00fcr den Golden Retriever?<\/h3>\n<p>Golden Retriever sind anf\u00e4llig f\u00fcr einige gesundheitliche Probleme, besonders H\u00fcftdysplasie, Krebs und Herzerkrankungen.<br \/>\nRegelm\u00e4\u00dfige tier\u00e4rztliche Kontrollen, gesunde Ern\u00e4hrung und ausreichend Bewegung k\u00f6nnen helfen, viele Probleme zu vermeiden.<br \/>\nWer einen Golden Retriever h\u00e4lt, sollte sich der m\u00f6glichen Gesundheitsrisiken bewusst sein und fr\u00fchzeitig Vorsorge betreiben.<\/p>\n<p>Mit der richtigen Pflege, Bewegung und tier\u00e4rztlicher Betreuung kann ein Golden Retriever ein langes und gl\u00fcckliches Leben f\u00fchren.<\/p>\n<h3>Ist der Golden Retriever f\u00fcr Allergiker geeignet?<\/h3>\n<p>Nein, der Golden Retriever ist nicht f\u00fcr Allergiker geeignet.<br \/>\nDiese Rasse verliert ganzj\u00e4hrig Haare und produziert viele Hautschuppen (Dander), die allergische Reaktionen ausl\u00f6sen k\u00f6nnen. Zudem haben sie ein dichtes, doppeltes Fell, das Allergene speichert.<\/p>\n<p>&nbsp;<\/p>\n","protected":false},"excerpt":{"rendered":"<p>Ein Hund f\u00fcr die ganze Familie. Die Rasse Golden Retriever hat zahlreiche Welpen in die Film- und Fernsehwelt ausgesandt, um<\/p>\n","protected":false},"author":1,"featured_media":2262,"parent":0,"menu_order":0,"comment_status":"closed","ping_status":"closed","template":"","meta":{"ngg_post_thumbnail":0,"footnotes":""},"class_list":["post-264","page","type-page","status-publish","has-post-thumbnail","hentry","comments-off"],"aioseo_notices":[],"_links":{"self":[{"href":"https:\/\/tierisch-verliebt.de\/magazin\/wp-json\/wp\/v2\/pages\/264","targetHints":{"allow":["GET"]}}],"collection":[{"href":"https:\/\/tierisch-verliebt.de\/magazin\/wp-json\/wp\/v2\/pages"}],"about":[{"href":"https:\/\/tierisch-verliebt.de\/magazin\/wp-json\/wp\/v2\/types\/page"}],"author":[{"embeddable":true,"href":"https:\/\/tierisch-verliebt.de\/magazin\/wp-json\/wp\/v2\/users\/1"}],"replies":[{"embeddable":true,"href":"https:\/\/tierisch-verliebt.de\/magazin\/wp-json\/wp\/v2\/comments?post=264"}],"version-history":[{"count":5,"href":"https:\/\/tierisch-verliebt.de\/magazin\/wp-json\/wp\/v2\/pages\/264\/revisions"}],"predecessor-version":[{"id":3550,"href":"https:\/\/tierisch-verliebt.de\/magazin\/wp-json\/wp\/v2\/pages\/264\/revisions\/3550"}],"wp:featuredmedia":[{"embeddable":true,"href":"https:\/\/tierisch-verliebt.de\/magazin\/wp-json\/wp\/v2\/media\/2262"}],"wp:attachment":[{"href":"https:\/\/tierisch-verliebt.de\/magazin\/wp-json\/wp\/v2\/media?parent=264"}],"curies":[{"name":"wp","href":"https:\/\/api.w.org\/{rel}","templated":true}]}}