{"id":2622,"date":"2024-01-16T15:32:06","date_gmt":"2024-01-16T14:32:06","guid":{"rendered":"https:\/\/tierisch-verliebt.de\/magazin\/?page_id=2622"},"modified":"2025-02-22T23:06:44","modified_gmt":"2025-02-22T22:06:44","slug":"japanischer-chin","status":"publish","type":"page","link":"https:\/\/tierisch-verliebt.de\/magazin\/japanischer-chin\/","title":{"rendered":"Portrait zu Hunderasse: Japanischer Chin"},"content":{"rendered":"\n<p><a href=\"https:\/\/tierisch-verliebt.de\/magazin\/japanische-hunde\/\">Japanische Hunde<\/a> wie der Japan Chin galten viele Jahrhunderte als Scho\u00dfhunde f\u00fcr den Adelsstand. Inzwischen erfreuen sie sich jedoch auch hierzulande gro\u00dfer Beliebtheit und eignen sich wunderbar f\u00fcr die Wohnungshaltung. Hier nun das vollst\u00e4ndige Portrait dieser Hunderasse.<\/p>\n<h2>\u00c4u\u00dferliche Merkmale beim Japan Chin<\/h2>\n<ul>\n<li>Sofort ins Auge f\u00e4llt das schwarz-wei\u00df gemusterte <a href=\"https:\/\/tierisch-verliebt.de\/magazin\/pflege-von-fell-und-zaehnen-des-hundes\/\">Fell<\/a> der Vierbeiner.<\/li>\n<li>Markant sind zudem ihre weit auseinander stehenden Augen sowie die eher flache Schnauze.<\/li>\n<li>Die zierlichen Hunde erreichen eine Gr\u00f6\u00dfe von 20 bis 25 Zentimetern.<\/li>\n<li>Mit einem Gewicht von zwei bis vier Kilogramm geh\u00f6ren sie zu den Leichtgewichten unter den Hunderassen.<\/li>\n<li>Die durchschnittliche Lebenserwartung betr\u00e4gt zwischen 12 und 14 Jahre.<\/li>\n<\/ul>\n<h2>Japanischer Chin: Wesen und Charakter<\/h2>\n<p>Aus gutem Grund wird der Japanische Chin als Scho\u00dfhund bezeichnet und kann daher beinahe \u00fcberall hin mitgenommen werden.<\/p>\n<ul>\n<li>Er geh\u00f6rt zur FCI-Gruppe der Gesellschafts- und Begleithunde.<\/li>\n<li>Der Japanische Chin hat ein ruhiges Wesen und ist dem Menschen gegen\u00fcber sehr anh\u00e4nglich. Ausgiebiges Schmusen geh\u00f6rt hier zum Tagesprogramm.<\/li>\n<li>Der gelehrige Hund ist aufmerksam und durchaus in der Lage, kleine Tricks und Kunstst\u00fccke zu erlernen.<\/li>\n<li>Ein Japan Chin ben\u00f6tigt viel Aufmerksamkeit und sollte nicht zu lange alleine bleiben.<\/li>\n<li>Mit dem richtigen Spielzeug zeigt sich der Spieltrieb der Scho\u00dfhunde und sie legen dabei ein erstaunliches Temperament an den Tag.<\/li>\n<li>Aggressives Verhalten m\u00fcssen Besitzer nicht f\u00fcrchten, denn das Wesen der aus Asien stammenden Tiere ist ausgeglichen, freundlich und loyal.<\/li>\n<\/ul>\n<h2>Herkunft und Geschichte des Japanischen Chins<\/h2>\n<p>Trotz intensiver Forschung ist die exakte Herkunft des Japan Chins bis heute ungekl\u00e4rt. Gesichert ist jedoch, dass die kleine Hunderasse aus Asien stammt und erst im 20. Jahrhundert auch in Europa und den USA zu den verbreiteten Rassen geh\u00f6rte. Einige Experten sehen den Ursprung der Rasse in Korea, andere ordnen ihn in China ein.<\/p>\n<p>Den Namen Japanischer Chin verdankt das Tier der Tatsache, dass die Tiere in adligen Kreisen in Japan sehr popul\u00e4r waren. Ob sie als Geschenk an den Kaiser durch ausl\u00e4ndische Adlige oder mit japanischen M\u00f6nchen hierhin gelangten, ist jedoch ebenfalls unklar. Das erste offizielle Paar reinrassiger Japan Chins gelangte 1890 nach Deutschland.<\/p>\n<p>Damals schenkte die amtierende japanische Kaiserin der in Deutschland lebenden Kaiserin Auguste zwei Tiere aus ihrer Zucht. Zuvor tauchten erste Tiere jedoch bereits in Gro\u00dfbritannien auf, die trotz striktem Ausfuhrverbot hierhin gelangt sind.<\/p>\n<p><img decoding=\"async\" class=\"alignnone size-large wp-image-2619\" src=\"https:\/\/tierisch-verliebt.de\/magazin\/wp-content\/uploads\/2024\/01\/dog-3667534_1280-1024x682.jpg\" alt=\"Portrait zu Hunderasse: Japan Chin\" width=\"910\" height=\"606\" srcset=\"https:\/\/tierisch-verliebt.de\/magazin\/wp-content\/uploads\/2024\/01\/dog-3667534_1280-1024x682.jpg 1024w, https:\/\/tierisch-verliebt.de\/magazin\/wp-content\/uploads\/2024\/01\/dog-3667534_1280-300x200.jpg 300w, https:\/\/tierisch-verliebt.de\/magazin\/wp-content\/uploads\/2024\/01\/dog-3667534_1280-768x512.jpg 768w, https:\/\/tierisch-verliebt.de\/magazin\/wp-content\/uploads\/2024\/01\/dog-3667534_1280.jpg 1280w\" sizes=\"(max-width: 910px) 100vw, 910px\" \/><\/p>\n<h2>Wichtige \u00dcberlegungen vor der Anschaffung<\/h2>\n<p>Wer mit dem Gedanken spielt, sich einen Japanischen Chin zuzulegen, sollte sich vorab mit den Bed\u00fcrfnissen des Tieres besch\u00e4ftigen. Aufgrund der kleinen Gr\u00f6\u00dfe und des moderaten Bewegungsdrangs lassen sich die Tiere problemlos selbst in einer kleineren Wohnung halten. Viel Platz ben\u00f6tigt der Scho\u00dfhund nicht und auch seine Ausstattung sollte problemlos Platz in jedem Haushalt finden.<\/p>\n<p>Was hingegen nicht zu untersch\u00e4tzen ist, ist der mit der Haltung verbundene Zeitaufwand. Ein Japan Chin ben\u00f6tigt viel Aufmerksamkeit und kann nicht \u00fcber l\u00e4ngere Zeit alleine gelassen werden. Berufst\u00e4tige Hundehalter sollten daher vorab kl\u00e4ren, ob eine Mitnahme des Tiers an den Arbeitsplatz m\u00f6glich ist oder eine andere Betreuung organisiert werden kann. Die <a href=\"https:\/\/tierisch-verliebt.de\/magazin\/hunderziehung-grundlegendes\/\">Erziehung<\/a> ist hingegen vergleichsweise einfach und auch f\u00fcr unerfahrene Hundehalter m\u00f6glich.<\/p>\n<h3>Kosten f\u00fcr einen Japan Chin<\/h3>\n<p>Die Kosten f\u00fcr die Haltung eines Japan Chins setzen sich aus dem Anschaffungspreis f\u00fcr das Tier und die Grundausstattung sowie den laufenden Kosten zusammen. Ein reinrassiges Tier ist bei Z\u00fcchtern in Deutschland f\u00fcr einen Kaufpreis zwischen 1.000 und 2.000 Euro erh\u00e4ltlich. Hinzu kommen Anschaffungskosten f\u00fcr einen Hundekorb, Leine, Halsband, <a href=\"https:\/\/tierisch-verliebt.de\/magazin\/sichere-spielzeug%d0%b5-fuer-den-hund\/\">Spielzeug<\/a>, N\u00e4pfe, Pflegeprodukte, eine Transportbox und weitere Kleinigkeiten.<\/p>\n<p>Die Haltungskosten h\u00e4ngen von den individuellen Vorlieben des Besitzers und dem Gesundheitszustand des Tieres ab. Wer eher zu mittelpreisigem Futter greift und ein junges, gesundes Tier h\u00e4lt, der ben\u00f6tigt zwischen 50 und 100 Euro pro Monat. Diese Ausgabe kann jedoch schnell steigen, wenn besonders Futter, ausgefallene Spielzeuge und Tierarztrechnungen bezahlt werden m\u00fcssen.<\/p>\n<p>Auch die Unterbringung eines Japanischen Chins in einer Hundepension ist kostspielig und kann beispielsweise bei Urlauben oder Krankenhausaufenthalten des Besitzers erforderlich sein.<\/p>\n<p><img decoding=\"async\" class=\"alignnone size-large wp-image-2618\" src=\"https:\/\/tierisch-verliebt.de\/magazin\/wp-content\/uploads\/2024\/01\/dog-3663654_1280-1024x682.jpg\" alt=\"Portrait zu Hunderasse: Japan Chin\" width=\"910\" height=\"606\" srcset=\"https:\/\/tierisch-verliebt.de\/magazin\/wp-content\/uploads\/2024\/01\/dog-3663654_1280-1024x682.jpg 1024w, https:\/\/tierisch-verliebt.de\/magazin\/wp-content\/uploads\/2024\/01\/dog-3663654_1280-300x200.jpg 300w, https:\/\/tierisch-verliebt.de\/magazin\/wp-content\/uploads\/2024\/01\/dog-3663654_1280-768x512.jpg 768w, https:\/\/tierisch-verliebt.de\/magazin\/wp-content\/uploads\/2024\/01\/dog-3663654_1280.jpg 1280w\" sizes=\"(max-width: 910px) 100vw, 910px\" \/><\/p>\n<h3>H\u00e4ufig auftretende Krankheiten beim Japan Chin<\/h3>\n<p>Trotz sorgf\u00e4ltiger Zucht und korrekter Haltung kann es beim Japanischen Chin zu einer Reihe unterschiedlicher Krankheiten kommen.<\/p>\n<ul>\n<li>Besonders h\u00e4ufig sind die Augen der Tiere von Erkrankungen betroffen.<\/li>\n<li>Typische Augenkrankheiten sind Distichiasis, zu trockene Augen, Katarakt und Distichiasis.<\/li>\n<li>Einige Erbkrankheiten treten bei Japan Chins ebenfalls geh\u00e4uft auf. Dazu geh\u00f6ren Maligne Hyperthermie, Hyperurik\u00e4mie, Hyperurikosurie und GM2-Gangliosidose.<\/li>\n<\/ul>\n<h2>Geeignete Aktivit\u00e4ten f\u00fcr die eher gem\u00fctlichen Zeitgenossen<\/h2>\n<p>Aufgrund des geringen Bewegungsdrangs und eher ruhigen Gem\u00fcts reichen kurze Spazierg\u00e4nge mit einem Japan Chin als Auslauf vollkommen aus. F\u00fcr kr\u00e4ftezehrende <a href=\"https:\/\/tierisch-verliebt.de\/magazin\/spiele-fuer-hunde-zu-hause\/\">Spiele<\/a>, lange Spazierg\u00e4nge oder <a href=\"https:\/\/tierisch-verliebt.de\/magazin\/hundesportarten\/\">Hundesport<\/a> sind sie hingegen ungeeignet. Zuhause freuen sich die quirligen Vierbeiner dar\u00fcber, wenn ihr Besitzer mit ihnen spielt. Dazu bieten sich Spielzeuge wie ein Ball oder Kuscheltier an.<\/p>\n<p><img decoding=\"async\" class=\"alignnone wp-image-2999\" src=\"https:\/\/tierisch-verliebt.de\/magazin\/wp-content\/uploads\/2025\/02\/spazieren-Japanese-Chin.webp\" alt=\"spazieren-japanese-chin\" width=\"600\" height=\"600\" srcset=\"https:\/\/tierisch-verliebt.de\/magazin\/wp-content\/uploads\/2025\/02\/spazieren-Japanese-Chin.webp 1024w, https:\/\/tierisch-verliebt.de\/magazin\/wp-content\/uploads\/2025\/02\/spazieren-Japanese-Chin-300x300.webp 300w, https:\/\/tierisch-verliebt.de\/magazin\/wp-content\/uploads\/2025\/02\/spazieren-Japanese-Chin-150x150.webp 150w, https:\/\/tierisch-verliebt.de\/magazin\/wp-content\/uploads\/2025\/02\/spazieren-Japanese-Chin-768x768.webp 768w\" sizes=\"(max-width: 600px) 100vw, 600px\" \/><\/p>\n<h2>Tipps zur Ern\u00e4hrung von Japanischen Chins<\/h2>\n<p>Wie bei der <a href=\"https:\/\/tierisch-verliebt.de\/magazin\/havaneser-ernaehrung\/\">Ern\u00e4hrung<\/a> aller Hunderassen spielt die Futterqualit\u00e4t eine wichtige Rolle f\u00fcr die Gesundheit der Tiere. Au\u00dferdem muss das Hundefutter auf das Alter des Tiers, die Aktivit\u00e4ten und k\u00f6rperliche Gesundheit abgestimmt werden.<\/p>\n<ul>\n<li>Die Nahrung sollte zu 80 bis 90 Prozent aus Fleisch bestehen.<\/li>\n<li>Ideal ist eine Kombination aus Nass- und Trockenfutter.<\/li>\n<li>Als zus\u00e4tzlicher Bestandteil eignet sich Gem\u00fcse, wohingegen Zucker, Geschmacksverst\u00e4rker und Konservierungsmittel zu meiden sind.<\/li>\n<li>Japanische Chins ben\u00f6tigen aufgrund ihrer geringen Gr\u00f6\u00dfe nur kleine Futterportionen, um \u00dcbergewicht zu vermeiden.<\/li>\n<\/ul>\n<p><img decoding=\"async\" class=\"alignnone wp-image-2998\" src=\"https:\/\/tierisch-verliebt.de\/magazin\/wp-content\/uploads\/2025\/02\/ernaehrung-Japanese-Chin-dog.webp\" alt=\"ernaehrung-japan-chin\" width=\"600\" height=\"600\" srcset=\"https:\/\/tierisch-verliebt.de\/magazin\/wp-content\/uploads\/2025\/02\/ernaehrung-Japanese-Chin-dog.webp 1024w, https:\/\/tierisch-verliebt.de\/magazin\/wp-content\/uploads\/2025\/02\/ernaehrung-Japanese-Chin-dog-300x300.webp 300w, https:\/\/tierisch-verliebt.de\/magazin\/wp-content\/uploads\/2025\/02\/ernaehrung-Japanese-Chin-dog-150x150.webp 150w, https:\/\/tierisch-verliebt.de\/magazin\/wp-content\/uploads\/2025\/02\/ernaehrung-Japanese-Chin-dog-768x768.webp 768w\" sizes=\"(max-width: 600px) 100vw, 600px\" \/><\/p>\n<h2>Fazit: ein loyaler Scho\u00dfhund auch f\u00fcr Anf\u00e4nger<\/h2>\n<p>Der Japanische Chin ist aufgrund seiner Gr\u00f6\u00dfe und des ruhigen Wesens der ideale Hund f\u00fcr Anf\u00e4nger und Menschen mit wenig Bewegungsdrang wie beispielsweise Senioren.<\/p>\n<h2>FAQ<\/h2>\n<h3>Ist der Japan Chin f\u00fcr Allergiker geeignet?<\/h3>\n<p>Nein, der Japan Chin ist nicht ideal f\u00fcr Allergiker.<br \/>\nObwohl er ein kleines, saubererhaltendes Fell hat und nicht stark haart, produziert er Hautschuppen (Dander), Speichel und Allergene, die empfindliche Personen beeintr\u00e4chtigen k\u00f6nnen.<\/p>\n<h3><strong>Sind <\/strong>Japan Chin <span id=\"Sind_Hokkaido_Inu_gut_fur_Familien_geeignet\"><strong>gut f\u00fcr Familien geeignet?<\/strong><\/span><\/h3>\n<p>Ja, der Japan Chin kann ein gro\u00dfartiger Familienhund sein, aber er passt am besten zu ruhigen Familien.<br \/>\nEr ist sanft, verspielt &amp; anh\u00e4nglich, aber auch sensibel &amp; unabh\u00e4ngig, weshalb er nicht f\u00fcr sehr turbulente Haushalte mit kleinen Kindern geeignet ist. Kinder sollten lernen, respektvoll mit dem Hund umzugehen.<\/p>\n<h3 data-pm-slice=\"1 1 []\"><span id=\"Ist_der_Hokkaido_Inu_fur_das_Stadtleben_geeignet\">Ist der Japan Chin f\u00fcr das Stadtleben geeignet?<\/span><\/h3>\n<p>Ja, der Japan Chin ist sehr gut f\u00fcr das Stadtleben geeignet!<br \/>\nDiese Rasse ist klein, ruhig, anpassungsf\u00e4hig &amp; ben\u00f6tigt nicht viel Platz oder extreme Bewegung, was sie zu einer gro\u00dfartigen Wahl f\u00fcr das Leben in einer Wohnung oder einem Stadthaus macht. Sie f\u00fchlen sich auch in einem ruhigen Apartment ohne Garten wohl.<\/p>\n<p>Sie m\u00f6gen gem\u00fctliche Spazierg\u00e4nge &amp; spielerische Aktivit\u00e4ten, aber sind nicht so energiegeladen wie andere kleine Rassen. Spazierg\u00e4nge durch Parks oder kurze Gassirunden in der Stadt reichen aus.<\/p>\n<h3>Wie verh\u00e4lt sich der Japan Chin gegen\u00fcber Fremden?<\/h3>\n<p>Der Japan Chin ist in der Regel freundlich, aber zur\u00fcckhaltend gegen\u00fcber Fremden.<br \/>\nEr ist kein typischer Wachhund, aber auch nicht \u00fcberm\u00e4\u00dfig misstrauisch. Sein Verhalten h\u00e4ngt stark von seiner Sozialisierung ab. Er ist keine aggressive Rasse, aber beobachtet Fremde meist zuerst, bevor er entscheidet, ob er sich ann\u00e4hert.<\/p>\n<h3>Vertr\u00e4gt sich der Japan Chin mit anderen Haustieren?<\/h3>\n<p>Ja, der Japan Chin ist in der Regel sehr vertr\u00e4glich mit anderen Haustieren.<br \/>\nDank seines freundlichen, ruhigen &amp; sozialen Wesens kommt er gut mit Hunden, Katzen &amp; anderen Haustieren aus, solange er richtig sozialisiert wurde. Mit langsamer Gew\u00f6hnung &amp; positiver Best\u00e4rkung ist er ein perfekter Mehrtier-Haushaltsbegleiter!&nbsp;<\/p>\n<h3><span id=\"Bellt_ein_Japan_Spitz_viel\">Bellt ein Japan Chin viel?<\/span><\/h3>\n<p>Nein, der Japan Chin geh\u00f6rt nicht zu den bellfreudigen Hunden.<br \/>\nEr ist eine ruhige, ausgeglichene Rasse, die selten ohne Grund bellt. Allerdings kann er in bestimmten Situationen zum Bellen neigen. Er meldet Fremde oder Ungew\u00f6hnliches gelegentlich, aber \u00fcbertreibt es nicht. Er kann bellen, wenn er alleine ist oder Aufmerksamkeit m\u00f6chte \u2013 das kann trainiert werden. Mit der richtigen Erziehung bleibt der Japan Chin ein ruhiger, angenehmer Begleiter!<\/p>\n<p>&nbsp;<\/p>\n","protected":false},"excerpt":{"rendered":"<p>Japanische Hunde wie der Japan Chin galten viele Jahrhunderte als Scho\u00dfhunde f\u00fcr den Adelsstand. Inzwischen erfreuen sie sich jedoch auch<\/p>\n","protected":false},"author":1,"featured_media":2620,"parent":0,"menu_order":0,"comment_status":"closed","ping_status":"closed","template":"","meta":{"ngg_post_thumbnail":0,"footnotes":""},"class_list":["post-2622","page","type-page","status-publish","has-post-thumbnail","hentry","comments-off"],"aioseo_notices":[],"_links":{"self":[{"href":"https:\/\/tierisch-verliebt.de\/magazin\/wp-json\/wp\/v2\/pages\/2622","targetHints":{"allow":["GET"]}}],"collection":[{"href":"https:\/\/tierisch-verliebt.de\/magazin\/wp-json\/wp\/v2\/pages"}],"about":[{"href":"https:\/\/tierisch-verliebt.de\/magazin\/wp-json\/wp\/v2\/types\/page"}],"author":[{"embeddable":true,"href":"https:\/\/tierisch-verliebt.de\/magazin\/wp-json\/wp\/v2\/users\/1"}],"replies":[{"embeddable":true,"href":"https:\/\/tierisch-verliebt.de\/magazin\/wp-json\/wp\/v2\/comments?post=2622"}],"version-history":[{"count":4,"href":"https:\/\/tierisch-verliebt.de\/magazin\/wp-json\/wp\/v2\/pages\/2622\/revisions"}],"predecessor-version":[{"id":3108,"href":"https:\/\/tierisch-verliebt.de\/magazin\/wp-json\/wp\/v2\/pages\/2622\/revisions\/3108"}],"wp:featuredmedia":[{"embeddable":true,"href":"https:\/\/tierisch-verliebt.de\/magazin\/wp-json\/wp\/v2\/media\/2620"}],"wp:attachment":[{"href":"https:\/\/tierisch-verliebt.de\/magazin\/wp-json\/wp\/v2\/media?parent=2622"}],"curies":[{"name":"wp","href":"https:\/\/api.w.org\/{rel}","templated":true}]}}