{"id":2610,"date":"2024-01-17T11:48:54","date_gmt":"2024-01-17T10:48:54","guid":{"rendered":"https:\/\/tierisch-verliebt.de\/magazin\/?page_id=2610"},"modified":"2025-02-22T23:57:52","modified_gmt":"2025-02-22T22:57:52","slug":"magyar-vizsla","status":"publish","type":"page","link":"https:\/\/tierisch-verliebt.de\/magazin\/magyar-vizsla\/","title":{"rendered":"Portrait zu Hunderasse: Magyar Vizsla"},"content":{"rendered":"\n<p>Sozial, treu, empfindsam und zur gleichen Zeit energiegeladen, aktiv und intelligent \u2013 all diese Charaktereigenschaften vereint eine ganz besondere Hunderasse in sich: Der Magyar Vizsla. Der mittelgro\u00dfe Jagdhund, der seine Urspr\u00fcnge im heutigen Ungarn hat, zeichnet sich durch sein braunes kurzhaariges Fell aus und den stets neugierigen Blick. Hier kann man das vollst\u00e4ndige Portrait dieser Hunderasse finden.<\/p>\n<p>Welche Eigenschaften den familienfreundlichen Vorstehhund sonst noch auszeichnen und was es bei der Haltung sowie der Erziehung eines Magyar Vizslas zu beachten gilt, erfahren Sie in diesem Artikel.<\/p>\n<h2>Magyar Vizsla: Herkunft und Geschichte<\/h2>\n<p>Der Magyar Vizsla wird gerne auch als Ungarischer Vorstehhund bezeichnet und das h\u00e4ngt nicht zuletzt damit zusammen, dass die Hunderasse ihren Ursprung im heutigen Ungarn hat. Tats\u00e4chlich ist die Hunderasse bereits seit dem 9. Jahrhundert bekannt.<\/p>\n<p>Der Name der Hunderasse verr\u00e4t dabei ein weiteres Detail, welches eng mit der Geschichte der Hunderasse verbunden ist. Denn bei den Magyaren handelt es sich um die Vorfahren von genau den Menschen, die man heute als Ungaren bezeichnet. Genutzt wurden die Hunde in der fr\u00fchen Geschichte haupts\u00e4chlich f\u00fcr die Jagd auf V\u00f6gel und um Wildtiere aufzusp\u00fcren.<\/p>\n<p>Die Z\u00fcchter des Magyar Vizslas hatten dabei vor allem zwei Dinge im Sinn: Ausdauer und ausgepr\u00e4gter Geruchssinn. Tats\u00e4chlich sind diese beiden Eigenschaften bis heute charakteristisch f\u00fcr die Hunderasse, obwohl er gleichzeitig auch bekannt f\u00fcr seine Treue und damit Familientauglichkeit ist.<\/p>\n<p>Au\u00dferhalb Ungarns wurde die Hunderasse insbesondere in den 1960er-Jahren immer beliebter, da sie zu diesem Zeitpunkt verst\u00e4rkt in die USA importiert wurden. Ein paar Jahrzehnte zuvor, sah es um den Bestand der Magyar Vizsla jedoch alles andere als gut aus.<\/p>\n<p>Da sowohl der 1. als auch der 2. Weltkrieg starke Spuren in Ungarn hinterlie\u00dfen, worunter auch die Zucht der Hunderasse litt. Im Rahmen der Nachkriegsgeschichte wurde die Zucht jedoch wiederbelebt, wodurch sich die bis heute sehr beliebte Hunderasse zunehmend ausbreitete.<\/p>\n<p>Der Magyar Vizsla ist heute insbesondere f\u00fcr seine Intelligenz, Arbeitsfreude und Jagdf\u00e4higkeiten bekannt. Doch auch als Familienhund eignet sich die Rasse, da der Magyar Vizsla sehr anpassungsf\u00e4hig und empfindsam ist. Das gepaart mit dem kurzhaarigen, goldbraunen Fell und dem neugierigen Blick, machen die Hunderasse nicht ohne Grund zu einer sehr beliebten Wahl f\u00fcr Hundefreunde.<\/p>\n<figure id=\"attachment_2612\" aria-describedby=\"caption-attachment-2612\" style=\"width: 910px\" class=\"wp-caption alignnone\"><img decoding=\"async\" class=\"size-large wp-image-2612\" src=\"https:\/\/tierisch-verliebt.de\/magazin\/wp-content\/uploads\/2024\/01\/animal-7914261_1280-1024x690.jpg\" alt=\"Magyar Vizsla\" width=\"910\" height=\"613\" srcset=\"https:\/\/tierisch-verliebt.de\/magazin\/wp-content\/uploads\/2024\/01\/animal-7914261_1280-1024x690.jpg 1024w, https:\/\/tierisch-verliebt.de\/magazin\/wp-content\/uploads\/2024\/01\/animal-7914261_1280-300x202.jpg 300w, https:\/\/tierisch-verliebt.de\/magazin\/wp-content\/uploads\/2024\/01\/animal-7914261_1280-768x518.jpg 768w, https:\/\/tierisch-verliebt.de\/magazin\/wp-content\/uploads\/2024\/01\/animal-7914261_1280.jpg 1280w\" sizes=\"(max-width: 910px) 100vw, 910px\" \/><figcaption id=\"caption-attachment-2612\" class=\"wp-caption-text\">https:\/\/pixabay.com\/de\/photos\/tier-hund-s%C3%A4ugetier-freund-7914261\/<\/figcaption><\/figure>\n<h2>Rassenmerkmale des Magyar Vizsla<\/h2>\n<h3>\u00c4u\u00dferliche Merkmale:<\/h3>\n<p>&#8211; Bei dem Magyar Vizslas handelt es sich um einen mittelgro\u00dfen, jedoch kr\u00e4ftigen und gut proportionierten Hund. Sein Fell ist kurzhaarig, goldbraun und glatt, wodurch sich das Fell relativ einfach s\u00e4ubern l\u00e4sst.<\/p>\n<h3>Charakterliche Eigenschaften:<\/h3>\n<p>&#8211; Der Magyar Vizslas verf\u00fcgt wie die meisten Hunderassen, \u00fcber mehrere Charaktereigenschaften auf einmal. Besonders hervorstechen jedoch seine Neugier, Intelligenz und Freundlichkeit. Da der Hund sehr anh\u00e4nglich ist, f\u00fchlt er sich auch in gr\u00f6\u00dferen Familien sehr wohl.<\/p>\n<p>&#8211; Vorausgesetzt man besch\u00e4ftigt einen Magyar Vizsla und gibt ihm ausreichend Bewegungsm\u00f6glichkeiten, zeigt er sich als sehr sozialer und gehorsamer Hund. Sein Aktivit\u00e4tendrang kommt allerdings stetig durch, wodurch er jedoch besonders lebhaft ist, was h\u00e4ufig f\u00fcr Kinder eine gro\u00dfartige Sache ist.<\/p>\n<h3>Gesundheit, Krankheiten und Pflege:<\/h3>\n<p>&#8211; Generell ist der Magyar Vizslas sehr robust und ist nicht bekannt daf\u00fcr, h\u00e4ufig zu erkranken. Seine Robustheit zeigt sich nicht zuletzt dadurch, dass er bis heute noch als Jagdhund herangezogen wird. Allerdings kann der Magyar Vizslas anf\u00e4llig f\u00fcr bestimmte genetische Krankheiten sein, wie die sogenannte Vizsla Myositis. Dabei handelt es sich um eine Erbkrankheit, die insbesondere die Bissmuskeln betrifft. Geschw\u00e4chte Bissmuskeln und Schluckbeschwerden sind typische Symptome f\u00fcr die Erbkrankheit.<\/p>\n<p>&#8211; Pflegen l\u00e4sst sich der Hund dank seines kurzen und gleichzeitig glatten <a href=\"https:\/\/tierisch-verliebt.de\/magazin\/pflege-von-fell-und-zaehnen-des-hundes\/\">Fells<\/a> sehr einfach. Eine kurze Dusche reicht in der Regel aus, um das Fell des Magyar Vizslas selbst von Schlamm oder anderen straken Verschmutzungen zu befreien.<\/p>\n<h2>Magyar Vizsla:&nbsp;Wesen und Charakter<\/h2>\n<p>Der Magyar Vizsla ist nicht nur intelligent, sondern auch sehr lernf\u00e4hig. Dabei reagiert er besonders gut auf positive Verst\u00e4rkungsmethoden, wodurch negative Bestrafungen in der Regel nicht notwendig sind. Wie bereits in den vorangegangenen Abschnitten erw\u00e4hnt wurde, eignet sich der Magyar Vizsla auch als Familienhund, da er als sehr sozial gilt und stetig die Bindung zu seinem Besitzer sucht.<\/p>\n<p>Mit <a href=\"https:\/\/tierisch-verliebt.de\/magazin\/haustiere-und-kinder\/\">Kindern<\/a> und anderen Hunden kommt der Magyar Vizsla ebenfalls sehr gut aus, wodurch Spazierg\u00e4nge mit der Familie samt Hund weitestgehend stressfrei verlaufen. Einzig und allein gegen\u00fcber Fremden zeigt die Rasse Vizsla dann manchmal etwas misstrauen. Hier k\u00f6nnen die Hunde dann zunehmen reserviert reagieren, was jedoch auch ein Vorteil sein kann, zum Beispiel f\u00fcr die Nutzung als Wachhund.<\/p>\n<p>Aufgrund seiner Geschichte als <a href=\"https:\/\/tierisch-verliebt.de\/magazin\/jagdhunde\/\">Jagdhund<\/a> kann der Magyar Vizsla von Bewegung und Aktivit\u00e4t gar nicht genug bekommen. Je mehr er rennen und spielen kann, desto gl\u00fccklicher ist er. F\u00fcr unterschiedliche Aktivit\u00e4ten im Freien ist die Rasse daher nahezu pr\u00e4destiniert.<\/p>\n<p>Ganz im Gegensatz dazu kann der Magyar Vizsla jedoch auch geduldig sein und einen liebevollen, behutsamen Umgang an den Tag legen, insbesondere mit Kindern. Das h\u00e4ngt damit zusammen, dass die Rasse sehr empfindsam ist und meist sehr gut auf die Stimmung von Menschen reagieren kann.<\/p>\n<p>Grunds\u00e4tzlich muss jedoch festgehalten werden, dass ein Hund, unabh\u00e4ngig von seiner Rasse, immer noch ein individuelles Tier bleibt. Wenngleich wir auch das Wesen und den Charakter eines Magyar Vizslas im Allgemeinen beschreiben k\u00f6nnen, verf\u00fcgt jeder Magyar Vizsla immer auch \u00fcber einen ganz individuellen, eigenen Charakter.<\/p>\n<p>Die <a href=\"https:\/\/tierisch-verliebt.de\/magazin\/hunderziehung-grundlegendes\/\">Erziehung<\/a>, <a href=\"https:\/\/tierisch-verliebt.de\/magazin\/hundesozialisation\/\">Sozialisation<\/a> und bestimmte Umweltfaktoren beeinflussen den Charakter eines Magyar Vizslas ebenfalls.<\/p>\n<p><img decoding=\"async\" class=\"alignnone size-large wp-image-2611\" src=\"https:\/\/tierisch-verliebt.de\/magazin\/wp-content\/uploads\/2024\/01\/dog-1190025_1280-777x1024.jpg\" alt=\"Magyar Vizsla\" width=\"777\" height=\"1024\"><\/p>\n<h2>\u00dcberlegungen vor der Anschaffung des Magyar Vizsla<\/h2>\n<p>Vor der Anschaffung eines Hundes, ganz gleich, um welche Rasse es sich dabei handelt, sollte man sich ausreichend Zeit nehmen, um sich mit den Voraussetzungen und gegebenenfalls Konsequenzen auseinanderzusetzen, die das Zusammenleben mit einem Hund mit sich bringt. Schlie\u00dflich sollte ein Hund nicht nur zu einem selbst, sondern auch zu der eigenen, gegenw\u00e4rtigen Lebenssituation passen.<\/p>\n<p>Jeder Rasse hat dabei eigene Bed\u00fcrfnisse, und auch wenn Hunde bis zu einem gewissen Ma\u00df trainiert werden k\u00f6nnen, bleiben bestimmte rassentypische Eigenschaften fast immer bestehen. Diese gilt es vor der Anschaffung eines Magyar Vizslas zu ber\u00fccksichtigen, damit anschlie\u00dfend nicht nur der Halter gl\u00fccklich ist, sondern auch der Hund selbst.<\/p>\n<h3>Voraussetzungen:<\/h3>\n<p>Aufgrund ihrer Geschichte als Jagdhunde sind Magyar Vizsla sehr aktiv und ben\u00f6tigen viel Bewegung und Aufmerksamkeit. Demnach sollten Sie gen\u00fcgend Zeit mitbringen, um mit dem Hund regelm\u00e4\u00dfig ins Freie zu gehen und mit ihm zu spielen. Gl\u00fccklich wird der Magyar Vizsla nur dann, wenn man ihn regelm\u00e4\u00dfig besch\u00e4ftigt und vor Herausforderungen stellt. Spezielle Hundetrainings sind zum Beispiel eine geeignete Ma\u00dfnahme, die jedoch Zeit und Geld kostet.<\/p>\n<h3>Erfahrung:<\/h3>\n<p>Als Halter eines Magyar Vizsla sollte man gewisses Ma\u00df an Erfahrung im Umgang mit Hunden mitbringen. Zwar muss man kein Hunde- oder in diesem Fall Magyar Vizsla-Experte sein, jedoch sollte man sich zumindest im Vorfeld mit den Bed\u00fcrfnissen und Eigenschaften der Rasse auseinandergesetzt haben.<\/p>\n<h3>Anschaffungskosten und laufende Kosten:<\/h3>\n<p>Die Kosten f\u00fcr die Anschaffung variieren stark, je nach Z\u00fcchter und Region. Allgemein siedelt sich der Anschaffungspreis f\u00fcr einen Magyar Vizsla irgendwo zwischen 1500 und 1800 Euro an, vorausgesetzt es handelt sich dabei um einen seri\u00f6sen Z\u00fcchter.<\/p>\n<p>Doch auch die laufenden <a href=\"https:\/\/tierisch-verliebt.de\/magazin\/unterhalt-eines-hundes\/\">Kosten<\/a> sollten bei der Anschaffung ber\u00fccksichtigt werden. Zu den laufenden Kosten z\u00e4hlen haupts\u00e4chlich das Futter, Tierarztkosten, Hundetrainings, Spielzeuge und gegebenenfalls Pflegeprodukte.<\/p>\n<h3>Haltung und Platzbedarf:<\/h3>\n<p>Da es sich um eine mittelgro\u00dfe Rasse handelt, f\u00fchlt sich ein Magyar Vizsla in einem Einfamilienhaus mit einem kleinen Garten sehr wohl. Die Rasse ben\u00f6tigt kein riesengro\u00dfes Grundst\u00fcck, allerdings sollte es auch nicht zu eng sein. Ein Zugang zum Freien, wie eben mittels eines kleinen Gartens, sollte bestenfalls vorhanden sein.<\/p>\n<p>Nicht fehlen d\u00fcrfen dabei jede Menge <a href=\"https:\/\/tierisch-verliebt.de\/magazin\/sichere-spielzeug%d0%b5-fuer-den-hund\/\">Spielzeuge<\/a>, die dem Hund bei der Besch\u00e4ftigung helfen. Da der Magyar Vizsla als ein sehr sozialer Hund gilt, sollte man ihn stets besch\u00e4ftigen und ihm ausreichend menschliche Interaktion bieten. Am wohlsten f\u00fchlt sich der Hund, wenn er direkt bei der Familie sein kann. Je weniger Platz man zur Verf\u00fcgung hat, desto mehr muss man den fehlenden Platz mit Ausg\u00e4ngen im Freien kompensieren.<\/p>\n<h3>Potenzielle Krankheiten und Gesundheitsaspekte:<\/h3>\n<p>Zwar gilt der Magyar Vizsla als \u00e4u\u00dferst robuster Hund, der nur selten krank wird und pflegeleicht ist, allerdings kommt auch ein Magyar Vizsla nicht ohne regelm\u00e4\u00dfige Tierarztbesuche aus. Neben der bereits erw\u00e4hnen Erbkrankheit Magyar Myositis, die sich haupts\u00e4chlich auf die Bissmuskeln auswirkt, sind keine weiteren, f\u00fcr die Rasse typischen Krankheiten bekannt.<\/p>\n<h2>Geeignete Aktivit\u00e4ten f\u00fcr Magyar Vizsla<\/h2>\n<p>Da der Magyar Vizsla viel Besch\u00e4ftigung und Bewegung ben\u00f6tigt, gibt es eine Vielzahl an Aktivit\u00e4ten, auf die ein Magyar Vizsla besonders gut anspricht. Dazu geh\u00f6ren unter anderem:<\/p>\n<ul>\n<li>Laufeinheiten und Joggen<\/li>\n<li>Lange Spazierg\u00e4nge<\/li>\n<li>Radtouren<\/li>\n<li>Such- und Schn\u00fcffelspiele<\/li>\n<li>Agilit\u00e4tstraining (auf speziellen Agility-Pl\u00e4tzen)<\/li>\n<li>Spiele im Wasser<\/li>\n<li>Hundetraining (zum Beispiel Gehorsamstraining)<\/li>\n<li>Hundetypische <a href=\"https:\/\/tierisch-verliebt.de\/magazin\/spiele-fuer-hunde-zu-hause\/\">Spiele<\/a> (St\u00f6cke oder B\u00e4lle werfen)<\/li>\n<\/ul>\n<p><img decoding=\"async\" class=\"alignnone size-large wp-image-2613\" src=\"https:\/\/tierisch-verliebt.de\/magazin\/wp-content\/uploads\/2024\/01\/dog-1194082_1280-1024x744.jpg\" alt=\"Magyar Vizsla\" width=\"910\" height=\"661\" srcset=\"https:\/\/tierisch-verliebt.de\/magazin\/wp-content\/uploads\/2024\/01\/dog-1194082_1280-1024x744.jpg 1024w, https:\/\/tierisch-verliebt.de\/magazin\/wp-content\/uploads\/2024\/01\/dog-1194082_1280-300x218.jpg 300w, https:\/\/tierisch-verliebt.de\/magazin\/wp-content\/uploads\/2024\/01\/dog-1194082_1280-768x558.jpg 768w, https:\/\/tierisch-verliebt.de\/magazin\/wp-content\/uploads\/2024\/01\/dog-1194082_1280.jpg 1280w\" sizes=\"(max-width: 910px) 100vw, 910px\" \/><\/p>\n<h2>Geeignete Ern\u00e4hrung f\u00fcr Magyar Vizsla<\/h2>\n<p>Eine gesunde und ausgewogene Ern\u00e4hrung ist f\u00fcr einen Magyar Vizsla besonders wichtig. Allerdings gibt es individuelle Faktoren, wie das Alter, der Gesundheitszustand und das Aktivit\u00e4tsniveau, welche die Wahl des richtigen Futters beeinflussen k\u00f6nnen. Allgemein sollte man bei der Ern\u00e4hrung jedoch auf folgende Aspekte besonders achten:<\/p>\n<h3>1. Qualit\u00e4t des Hundefutters<\/h3>\n<p>Ohne an dieser Stelle spezifisch zu werden, sollte man bei einem Magyar Vizsla, genau so wie bei jeder anderen Hunderasse auch, Wert auf hochwertiges <a href=\"https:\/\/tierisch-verliebt.de\/magazin\/insektenproteine-in-hundefutter\/\">Hundefutter<\/a> legen. \u00dcber die <a href=\"https:\/\/tierisch-verliebt.de\/magazin\/havaneser-ernaehrung\/\">Ern\u00e4hrung<\/a> wird nicht nur bei uns Menschen vieles gesteuert, sondern auch bei Hunden. Im Zweifelsfall kann eine Beratung durch den Tierarzt sinnvoll sein, wenn man sich bei der Wahl des Hundefutters unsicher ist.<\/p>\n<h3>2. Proteine<\/h3>\n<p>Da es sich bei einem Magyar Vizsla um einen sehr aktiven Hund handelt, muss das Futter \u00fcber ausreichend Proteine verf\u00fcgen. Allerdings gilt es auf hochwertiges Protein zu setzen, welches das gesamte Aminos\u00e4uren-Spektrum abdeckt. Protein aus zum Beispiel Weizenprodukten ist nicht gleichzusetzen mit tierischem Protein. Fleisch, Fisch und Gefl\u00fcgel sind die Proteinquellen, die f\u00fcr einen Magyar Vizsla bevorzugt werden sollten.<\/p>\n<h3>3. Kohlenhydrate<\/h3>\n<p>Auch wenn Protein einer der wichtigste Makron\u00e4hrstoffe f\u00fcr das Futter eines Magyar Vizslas ist, ben\u00f6tigt der Hund auch Kohlenhydrate. Diese sind wichtig, um den Hund mit ausreichend schnell verf\u00fcgbarer Energie zu versorgen. Vorzuziehen sind hier insbesondere komplexe Kohlenhydrate, beispielsweise aus Vollkornprodukten und <a href=\"https:\/\/tierisch-verliebt.de\/magazin\/obst-und-gemuese-die-die-hunde-essen\/\">Gem\u00fcse<\/a>. Auch auf Ballaststoffe sollte im gleichen Zuge geachtet werden.<\/p>\n<h3>4. Fette<\/h3>\n<p>Gesunde Fette, wie unter anderem Omega-3-Fetts\u00e4uren, sind f\u00fcr die Ern\u00e4hrung essenziell. Bei dem Futter sollte sowohl auf ges\u00e4ttigte wie auf unges\u00e4ttigte Fette gesetzt werden. Fisch\u00f6l, Eier und Lein\u00f6l k\u00f6nnen als gesunde Fettquellen herangezogen werden.<\/p>\n<h3>5. F\u00fctterungsfrequenz<\/h3>\n<p>Die F\u00fctterungsfrequenz orientiert sich bei einem Magyar Vizsla an seinem Gewicht und dem Aktivit\u00e4tsniveau. Regelm\u00e4\u00dfige, jedoch nicht zu gro\u00dfe Portionen, beugen dabei Gewichtsproblemen vor. Je aktiver ein der Hund ist, desto mehr Energie und gr\u00f6\u00dfere Futterportionen ben\u00f6tigt er.<\/p>\n<h3>6. Fl\u00fcssigkeitsbedarf<\/h3>\n<p>Es sollte sichergestellt werden, dass ein Magyar Vizsla dauerhaft Zugang zu frischem und sauberem Trinkwasser hat. Auch hier gilt, je aktiver der Hund ist, desto durstiger ist er.<\/p>\n<h3>7. Individuelle Bed\u00fcrfnisse<\/h3>\n<p>Je nach Gesundheitszustand und Alter, kann ein Magyar Vizsla auch spezielle Futterbed\u00fcrfnisse haben. So m\u00fcssen Welpen und sehr alte Hunde grunds\u00e4tzlich anders gef\u00fcttert werden als ein Hund mittleren Alters. Selbes gilt f\u00fcr den Krankheitsfall. Welche Ern\u00e4hrung dann zu bevorzugen ist, sollte jedoch immer mit dem behandelten Tierarzt abgesprochen werden, da pauschale Empfehlungen hier kaum m\u00f6glich sind.<\/p>\n<p><img decoding=\"async\" class=\"alignnone wp-image-3016\" src=\"https:\/\/tierisch-verliebt.de\/magazin\/wp-content\/uploads\/2025\/02\/ernaehrung-Magyar-Vizsla.webp\" alt=\"ernaehrung-Magyar-Vizsla\" width=\"600\" height=\"600\" srcset=\"https:\/\/tierisch-verliebt.de\/magazin\/wp-content\/uploads\/2025\/02\/ernaehrung-Magyar-Vizsla.webp 1024w, https:\/\/tierisch-verliebt.de\/magazin\/wp-content\/uploads\/2025\/02\/ernaehrung-Magyar-Vizsla-300x300.webp 300w, https:\/\/tierisch-verliebt.de\/magazin\/wp-content\/uploads\/2025\/02\/ernaehrung-Magyar-Vizsla-150x150.webp 150w, https:\/\/tierisch-verliebt.de\/magazin\/wp-content\/uploads\/2025\/02\/ernaehrung-Magyar-Vizsla-768x768.webp 768w\" sizes=\"(max-width: 600px) 100vw, 600px\" \/><\/p>\n<h2>FAQ<\/h2>\n<h3>Ist der Magyar Vizsla f\u00fcr das Stadtleben geeignet?<\/h3>\n<p>Ja, der Magyar Vizsla kann in der Stadt gehalten werden, wenn er genug Bewegung und geistige Auslastung bekommt.<br \/>\nOhne t\u00e4gliche Herausforderungen kann er unruhig und destruktiv werden.<br \/>\nIdeal f\u00fcr aktive Stadtbewohner, die gerne drau\u00dfen sind und gen\u00fcgend Zeit f\u00fcr ihren Hund haben!<\/p>\n<h3>Bellt ein Magyar Vizsla viel?<\/h3>\n<p>Der Magyar Vizsla bellt nicht grundlos und ist kein Kl\u00e4ffer.<br \/>\nEr kann bellen, wenn er eine Gefahr sieht, Aufmerksamkeit m\u00f6chte oder unterfordert ist.<br \/>\nMit Training und Besch\u00e4ftigung bleibt er ein ruhiger, ausgeglichener Hund.<\/p>\n<h3><strong>Ist der <\/strong>Magyar Vizsla <span id=\"Ist_der_Leonberger_fur_Allergiker_geeignet\"><strong>f\u00fcr Allergiker geeignet?<\/strong><\/span><\/h3>\n<p>Nein, der Magyar Vizsla ist nicht ideal f\u00fcr Allergiker.<br \/>\nObwohl er ein kurzes Fell hat und wenig haart, produziert er dennoch Hautschuppen (Schuppen enthalten Allergene), Speichel und andere potenzielle Ausl\u00f6ser f\u00fcr Allergien.<\/p>\n<h3><strong>Sind <\/strong>Magyar Vizsla <strong>leicht zu trainieren?<\/strong><\/h3>\n<p>Ja, Magyar Vizslas sind leicht zu trainieren, da sie intelligent, motiviert und menschenbezogen sind.<br \/>\nSie brauchen jedoch konsequente Erziehung &amp; viel Besch\u00e4ftigung, um konzentriert zu bleiben.<br \/>\nPositive Verst\u00e4rkung, spielerisches Training &amp; viel Bewegung sorgen f\u00fcr einen ausgeglichenen Vizsla!<\/p>\n<h3>Wie kann man einen Magyar Vizsla geistig auslasten?<\/h3>\n<p>Magyar Vizslas sind hochintelligente Hunde mit einem starken \u201eWill to Please\u201c.<br \/>\nNeben viel Bewegung brauchen sie auch geistige Herausforderungen, um ausgeglichen zu bleiben. Ein unterforderter Vizsla kann sich unerw\u00fcnschte Verhaltensweisen wie Unruhe, Jaulen oder Zerst\u00f6ren von Gegenst\u00e4nden angew\u00f6hnen.<\/p>\n<p>&nbsp;<\/p>\n","protected":false},"excerpt":{"rendered":"<p>Sozial, treu, empfindsam und zur gleichen Zeit energiegeladen, aktiv und intelligent \u2013 all diese Charaktereigenschaften vereint eine ganz besondere Hunderasse<\/p>\n","protected":false},"author":1,"featured_media":2614,"parent":0,"menu_order":0,"comment_status":"closed","ping_status":"closed","template":"","meta":{"ngg_post_thumbnail":0,"footnotes":""},"class_list":["post-2610","page","type-page","status-publish","has-post-thumbnail","hentry","comments-off"],"aioseo_notices":[],"_links":{"self":[{"href":"https:\/\/tierisch-verliebt.de\/magazin\/wp-json\/wp\/v2\/pages\/2610","targetHints":{"allow":["GET"]}}],"collection":[{"href":"https:\/\/tierisch-verliebt.de\/magazin\/wp-json\/wp\/v2\/pages"}],"about":[{"href":"https:\/\/tierisch-verliebt.de\/magazin\/wp-json\/wp\/v2\/types\/page"}],"author":[{"embeddable":true,"href":"https:\/\/tierisch-verliebt.de\/magazin\/wp-json\/wp\/v2\/users\/1"}],"replies":[{"embeddable":true,"href":"https:\/\/tierisch-verliebt.de\/magazin\/wp-json\/wp\/v2\/comments?post=2610"}],"version-history":[{"count":4,"href":"https:\/\/tierisch-verliebt.de\/magazin\/wp-json\/wp\/v2\/pages\/2610\/revisions"}],"predecessor-version":[{"id":3145,"href":"https:\/\/tierisch-verliebt.de\/magazin\/wp-json\/wp\/v2\/pages\/2610\/revisions\/3145"}],"wp:featuredmedia":[{"embeddable":true,"href":"https:\/\/tierisch-verliebt.de\/magazin\/wp-json\/wp\/v2\/media\/2614"}],"wp:attachment":[{"href":"https:\/\/tierisch-verliebt.de\/magazin\/wp-json\/wp\/v2\/media?parent=2610"}],"curies":[{"name":"wp","href":"https:\/\/api.w.org\/{rel}","templated":true}]}}