{"id":2475,"date":"2023-09-12T10:08:49","date_gmt":"2023-09-12T08:08:49","guid":{"rendered":"https:\/\/tierisch-verliebt.de\/magazin\/?page_id=2475"},"modified":"2024-12-05T15:17:04","modified_gmt":"2024-12-05T14:17:04","slug":"cavapoo","status":"publish","type":"page","link":"https:\/\/tierisch-verliebt.de\/magazin\/cavapoo\/","title":{"rendered":"Cavapoo: Der perfekte Familienhund"},"content":{"rendered":"<p>Der Cavapoo, manchmal auch Cavoodle genannt, ist eine Hybdridhunderasse. Er ist eine Kreuzung aus einem <a href=\"https:\/\/tierisch-verliebt.de\/magazin\/pudel\/\">Pudel<\/a> (meist Zwergpudel) und einem <a href=\"https:\/\/tierisch-verliebt.de\/magazin\/cavalier-king-charles-spaniel\/\">Cavalier King Charles Spaniels<\/a>. Aus diesen beiden Rassen setzt sich der Name zusammen, aber auch das Aussehen ist unverkennbar mit den beiden Hunderassen verbunden. Der Cavapoo hat ein \u00e4hnlich lockiges Fell wie ein Pudel und zeigt sich mit einem niedlichen Gesicht. Die allgemeine K\u00f6rperform und die Schlappohren stammen jedoch vom Cavalier King Charles Spaniel. Cavapoos sind \u00fcberaus lebhafte Hunde, die gerne spielen und sehr freundlich gegen\u00fcber Menschen und anderen Tieren sind.<\/p>\n<h2>Rassemerkmale<\/h2>\n<ul>\n<li>Gr\u00f6\u00dfe: 25 bis 40 cm<\/li>\n<li>Gewicht: 5 bis 10 kg<\/li>\n<li>Fellfarbe: Braun, Creme, Beige, Wei\u00df, Rotbraun, Silber, Schwarz (mehrfarbig m\u00f6glich)<\/li>\n<li>Lebenserwartung: 14 bis 18 Jahre<\/li>\n<li>Herkunft: Australien<\/li>\n<li>Charaktereigenschaften: aufgeweckt, intelligent, verspielt, freundlich<\/li>\n<li>F\u00fcr Familien mit Kindern geeignet: ja<\/li>\n<li>Rudeltier: ja<\/li>\n<\/ul>\n<p><img decoding=\"async\" class=\"alignnone size-large wp-image-2477\" src=\"https:\/\/tierisch-verliebt.de\/magazin\/wp-content\/uploads\/2023\/09\/Cavapoo-3-1024x675.jpg\" alt=\"Cavapoo\" width=\"910\" height=\"600\" srcset=\"https:\/\/tierisch-verliebt.de\/magazin\/wp-content\/uploads\/2023\/09\/Cavapoo-3-1024x675.jpg 1024w, https:\/\/tierisch-verliebt.de\/magazin\/wp-content\/uploads\/2023\/09\/Cavapoo-3-300x198.jpg 300w, https:\/\/tierisch-verliebt.de\/magazin\/wp-content\/uploads\/2023\/09\/Cavapoo-3-768x506.jpg 768w, https:\/\/tierisch-verliebt.de\/magazin\/wp-content\/uploads\/2023\/09\/Cavapoo-3-1536x1013.jpg 1536w, https:\/\/tierisch-verliebt.de\/magazin\/wp-content\/uploads\/2023\/09\/Cavapoo-3-2048x1350.jpg 2048w\" sizes=\"(max-width: 910px) 100vw, 910px\" \/><\/p>\n<h2>Herkunft und Geschichte<\/h2>\n<p>Die Kreuzung aus Pudel und Cavalier King Charles Spaniels hat ihren Ursprung in Australien. Dabei handelt es sich um eine sehr junge Hybridrasse, die erst vor einigen Jahrzehnten entstanden ist. Bisher wurde sie offiziell noch nicht von der F\u00e9deration Cynologique Internationale (<a href=\"https:\/\/tierisch-verliebt.de\/magazin\/fci-gruppen\/\">FCI<\/a>) anerkannt, ist aber seit den 1990er Jahren stark im Umlauf.<\/p>\n<p>Wichtig war bei der Kreuzung, eine ruhige und doch intelligente Hunderasse zu schaffen. Zudem sollten sie Allergikern entgegenwirken, was bei vielen hybriden Hunderassen der Fall ist. Mittlerweile ist der Cavapoo nicht nur in Australien, sondern auch in den USA und in Europa beliebt. Die Rasse erfreut sich gro\u00dfer Beliebtheit, vor allem bei Menschen, die in gr\u00f6\u00dferen St\u00e4dten wohnen oder einen Familienhund suchen. Der Cavapoo passt sich perfekt an jede Situation an und wird sich vermutlich in Zukunft nur noch st\u00e4rker verbreiten.<\/p>\n<h2>\u00dcberlegungen vor der Anschaffung<\/h2>\n<p>Cavapoos geh\u00f6ren zu den kleinen bis mittelgro\u00dfen Hunderassen und eignen sich deshalb f\u00fcr jedermann. Sie haben kein auff\u00e4lliges Temperament, sind freundlich gegen\u00fcber Menschen und auch gegen\u00fcber Kindern. Sie sind also der perfekte Familienhund. Mit ihrem knuffigen Gesicht ziehen sie viele Hundeliebhaber in ihren Bann.<\/p>\n<h2>Platzbedarf<\/h2>\n<p>Ein Cavapoo braucht nicht viel Platz, sollte sich aber auch in einer Wohnung in der Gro\u00dfstadt austoben k\u00f6nnen. Die Rasse ist sehr spielfreudig und aktiv, weshalb ein m\u00f6glichst guter Auslauf n\u00f6tig ist. Hier lohnt sich auch ein nahe gelegener Park, in dem der Hund spielen kann. Interaktionen mit anderen Hunden sind hier essenziell. Bei einer Anschaffung eines Cavapoos sollte man \u00fcberlegen, ob man sich nicht noch einen zweiten Hund dazuholen m\u00f6chte. Die Hunde spielen sehr gerne mit anderen zusammen und werden schnell einsam.<\/p>\n<p><img decoding=\"async\" class=\"alignnone size-large wp-image-2479\" src=\"https:\/\/tierisch-verliebt.de\/magazin\/wp-content\/uploads\/2023\/09\/Cavapoo-1-1024x731.jpg\" alt=\"Cavapoo\" width=\"910\" height=\"650\" srcset=\"https:\/\/tierisch-verliebt.de\/magazin\/wp-content\/uploads\/2023\/09\/Cavapoo-1-1024x731.jpg 1024w, https:\/\/tierisch-verliebt.de\/magazin\/wp-content\/uploads\/2023\/09\/Cavapoo-1-300x214.jpg 300w, https:\/\/tierisch-verliebt.de\/magazin\/wp-content\/uploads\/2023\/09\/Cavapoo-1-768x548.jpg 768w, https:\/\/tierisch-verliebt.de\/magazin\/wp-content\/uploads\/2023\/09\/Cavapoo-1.jpg 1280w\" sizes=\"(max-width: 910px) 100vw, 910px\" \/><\/p>\n<h2>Erziehung und Aufmerksamkeit<\/h2>\n<p>Der Cavapoo ist ein sehr intelligenter Hund und zeigt nur wenig Temperament. Dadurch ist er leicht zu erziehen. Signale lassen sich antrainieren und der Cavapoo fokussiert sich gerne auf seinen Besitzer. Das vereinfacht das Training und macht die Rasse zu einem guten Hund f\u00fcr Einsteiger. Er zeigt sich wissbegierig und h\u00f6rt auf das, was ihm gesagt wird.<\/p>\n<p>Wer sich einen Cavapoo anschafft, der sollte jedoch damit rechnen, dass dieser ungern alleine ist. Er fixiert sich gerne auf seine Familie und sollte nicht lange alleine gelassen werden. F\u00fcr Menschen, die viel au\u00dfer Haus gehen, lohnt sich diese Hunderasse vermutlich nicht. Wer jedoch gerne Gesellschaft hat und oft zuhause ist, f\u00fcr den ist Cavapoo die perfekte Rasse.<\/p>\n<h2>Pflege<\/h2>\n<p>Die Fellstruktur eines Cavapoos ist die perfekte Mischung beider ausgehenden Rassen. Es kann vorkommen, dass die Locken weniger stark ausgepr\u00e4gt sind, aber in den meisten F\u00e4llen sind sie \u00e4hnlich wie die von Pudeln. Daher ist auch eine gute <a href=\"https:\/\/tierisch-verliebt.de\/magazin\/pflege-von-fell-und-zaehnen-des-hundes\/\">Fellpflege<\/a> n\u00f6tig, um die Haare gl\u00e4nzen zu lassen. Das Fell sollte t\u00e4glich nach einem Spaziergang geb\u00fcrstet werden, damit der Dreck entfernt wird und keine Knoten entstehen.<\/p>\n<p>Auch die Anschaffung eines <a href=\"https:\/\/tierisch-verliebt.de\/magazin\/hundefrisuren\/\">Haarschneide<\/a> Sets lohnt sich, denn so kann man selbst das Fell des Cavapoos stutzen. Dies betrifft vor allem das Gesicht, die Ohren, die Pfoten und das Hinterteil. Gr\u00f6\u00dfere Eingriffe sollten jedoch nur von einem entsprechenden Hundefris\u00f6r oder vom Tierarzt durchgef\u00fchrt werden.<\/p>\n<h2>Kosten<\/h2>\n<p>Einzig der Preis einer Anschaffung ist etwas, was viele davon abh\u00e4lt, sich f\u00fcr einen Cavapoo zu entscheiden. Da die Hunderasse bisher noch nicht offiziell ausgewiesen ist, gibt es auch keine entsprechenden Z\u00fcchter zu finden. Teilweise sucht man vergebens nach einem seri\u00f6sen Anbieter. Preise liegen teilweise bei \u00fcber 1500 Euro, es gibt aber auch einige Anlaufstellen, die Welpen billiger anbieten. Hier muss immer auf die richtige Herkunft geachtet werden.<\/p>\n<p><a href=\"https:\/\/tierisch-verliebt.de\/magazin\/unterhalt-eines-hundes\/\">Die Kosten f\u00fcr die Haltung<\/a> sind jedoch nicht anders als bei anderen Hunderassen. Einzig um die Fellpflege sollte sich ausf\u00fchrlich gek\u00fcmmert werden, damit sich der Hund frei bewegen kann.<\/p>\n<p><img decoding=\"async\" class=\"alignnone size-large wp-image-2478\" src=\"https:\/\/tierisch-verliebt.de\/magazin\/wp-content\/uploads\/2023\/09\/Cavapoo-2-1024x721.jpg\" alt=\"Cavapoo\" width=\"910\" height=\"641\" srcset=\"https:\/\/tierisch-verliebt.de\/magazin\/wp-content\/uploads\/2023\/09\/Cavapoo-2-1024x721.jpg 1024w, https:\/\/tierisch-verliebt.de\/magazin\/wp-content\/uploads\/2023\/09\/Cavapoo-2-300x211.jpg 300w, https:\/\/tierisch-verliebt.de\/magazin\/wp-content\/uploads\/2023\/09\/Cavapoo-2-768x541.jpg 768w, https:\/\/tierisch-verliebt.de\/magazin\/wp-content\/uploads\/2023\/09\/Cavapoo-2.jpg 1280w\" sizes=\"(max-width: 910px) 100vw, 910px\" \/><\/p>\n<h2>Geeignete Aktivit\u00e4ten und Spiele<\/h2>\n<p>Cavapoos sind aktive und spielfreudige Tiere. Daher sollte man immer gen\u00fcgend <a href=\"https:\/\/tierisch-verliebt.de\/magazin\/sichere-spielzeug%d0%b5-fuer-den-hund\/\">Spielzeuge<\/a> zuhause haben, um sich mit dem Hund zu besch\u00e4ftigen. Spiele sollten abwechslungsreich gestaltet werden. Das reicht von einfachen Fang- und <a href=\"https:\/\/tierisch-verliebt.de\/magazin\/spiele-fuer-hunde-zu-hause\/\">Suchspielen<\/a> bis hin zu Logikr\u00e4tseln, die der Hund l\u00f6sen muss. Eine gute Mischung f\u00f6rdert das Gehirn und hilft dabei, den Cavapoo auf Trab zu halten. Auch regelm\u00e4\u00dfige Ausfl\u00fcge im Park sind empfehlenswert, da der Cavapoo ein hohes Bed\u00fcrfnis f\u00fcr Bewegung hat. Ihn ausgiebig sprinten zu lassen, ist eine gute M\u00f6glichkeit, die \u00fcbersch\u00fcssige Energie herauszulassen.<\/p>\n<p>Ein Besuch bei der Hundeschule lohnt sich vor allem f\u00fcr Anf\u00e4nger. Obwohl der Cavapoo leicht zu erziehen ist, schadet es nicht, bei Experten um Hilfe zu bitten. Tricks sind einfach zu erlernen, weshalb das Niveau auch gesteigert werden kann. Ein gemeinsames Training st\u00e4rkt dabei nicht nur die Verbindung zwischen Hund und Besitzer, sondern auch die Bekanntschaft mit anderen Hunden. Cavapoos ist eine gesellige Hunderasse, die gerne Zeit mit Artgenossen verbringt.<\/p>\n<h2>Geeignete Ern\u00e4hrung<\/h2>\n<p>Bei der Ern\u00e4hrung eines Cavapoos gibt es keine Besonderheiten, die beachtet werden m\u00fcssen. Die Hunderasse ist anspruchslos und es gibt keine Unvertr\u00e4glichkeiten, die zu Problemen f\u00fchren k\u00f6nnten. Durch ihr aktives Verhalten neigen sie auch kaum zum \u00dcbergewicht, sollten aber mit ausreichend N\u00e4hrstoffen versorgt werden. Die <a href=\"https:\/\/tierisch-verliebt.de\/magazin\/havaneser-ernaehrung\/\">Ern\u00e4hrung<\/a> sollte dem Alter und der Gr\u00f6\u00dfe des Tieres angepasst werden. J\u00fcngere Tiere sollten mehr zu sich nehmen, w\u00e4hrend \u00e4ltere Cavapoos weniger Energiezufuhr ben\u00f6tigen. Eine Mischung aus Nass- und Trockenfutter ist angebracht, auch Barfen kann sich lohnen.<\/p>\n<p><img decoding=\"async\" class=\"alignleft wp-image-2816 \" src=\"https:\/\/tierisch-verliebt.de\/magazin\/wp-content\/uploads\/2024\/12\/ernaehrung-cavapoo.webp\" alt=\"ernaehrung-cavapoo\" width=\"600\" height=\"600\" srcset=\"https:\/\/tierisch-verliebt.de\/magazin\/wp-content\/uploads\/2024\/12\/ernaehrung-cavapoo.webp 1024w, https:\/\/tierisch-verliebt.de\/magazin\/wp-content\/uploads\/2024\/12\/ernaehrung-cavapoo-300x300.webp 300w, https:\/\/tierisch-verliebt.de\/magazin\/wp-content\/uploads\/2024\/12\/ernaehrung-cavapoo-150x150.webp 150w, https:\/\/tierisch-verliebt.de\/magazin\/wp-content\/uploads\/2024\/12\/ernaehrung-cavapoo-768x768.webp 768w\" sizes=\"(max-width: 600px) 100vw, 600px\" \/><\/p>\n<h2>FAQ<\/h2>\n<h3><strong>Wie pflegeintensiv ist ein Cavapoo?<\/strong><\/h3>\n<p>Der Cavapoo hat ein lockiges oder welliges Fell, das regelm\u00e4\u00dfiges B\u00fcrsten ben\u00f6tigt, um Verfilzungen zu vermeiden. Regelm\u00e4\u00dfiges Trimmen ist ebenfalls notwendig, besonders wenn er ein dichteres, lockiges Fell hat.<\/p>\n<h3><strong>Ist der Cavapoo f\u00fcr Allergiker geeignet?<\/strong><\/h3>\n<p>Aufgrund seines Pudelerbes verliert der Cavapoo in der Regel weniger Haare und wird oft als hypoallergen betrachtet. Dennoch ist es wichtig, vor der Anschaffung einen Allergietest durchzuf\u00fchren.<\/p>\n<h3><strong>Wie viel Bewegung braucht ein Cavapoo?<\/strong><\/h3>\n<p>Cavapoos sind energiegeladen und ben\u00f6tigen t\u00e4gliche Bewegung, darunter Spazierg\u00e4nge und Spielzeit. Sie lieben es, aktiv zu sein, und profitieren von mentalen Herausforderungen wie interaktiven Spielen.<\/p>\n<h3><strong>Wie intelligent ist ein Cavapoo?<\/strong><\/h3>\n<p>Dank ihrer Pudelabstammung sind Cavapoos sehr intelligent und lernf\u00e4hig. Sie reagieren gut auf Training mit positiver Verst\u00e4rkung und eignen sich gut f\u00fcr Anf\u00e4nger.<\/p>\n<h3><strong>Sind Cavapoos familienfreundlich?<\/strong><\/h3>\n<p>Ja, Cavapoos sind \u00e4u\u00dferst familienfreundlich. Sie sind liebevoll, verspielt und kommen gut mit Kindern und anderen Haustieren aus.<\/p>\n<h3><strong>Welche gesundheitlichen Probleme k\u00f6nnen bei Cavapoos auftreten?<\/strong><\/h3>\n<p>Cavapoos k\u00f6nnen genetische Gesundheitsprobleme von ihren Elternrassen erben, wie H\u00fcftdysplasie, Herzprobleme oder Augenkrankheiten. Regelm\u00e4\u00dfige tier\u00e4rztliche Kontrollen sind wichtig.<\/p>\n<h3><strong>Ist der Cavapoo f\u00fcr das Stadtleben geeignet?<\/strong><\/h3>\n<p>Ja, Cavapoos passen sich gut an das Stadtleben an, solange sie genug Bewegung und mentale Anregung bekommen.<\/p>\n","protected":false},"excerpt":{"rendered":"<p>Der Cavapoo, manchmal auch Cavoodle genannt, ist eine Hybdridhunderasse. Er ist eine Kreuzung aus einem Pudel (meist Zwergpudel) und einem<\/p>\n","protected":false},"author":1,"featured_media":2476,"parent":0,"menu_order":0,"comment_status":"closed","ping_status":"closed","template":"","meta":{"ngg_post_thumbnail":0,"footnotes":""},"class_list":["post-2475","page","type-page","status-publish","has-post-thumbnail","hentry","comments-off"],"aioseo_notices":[],"_links":{"self":[{"href":"https:\/\/tierisch-verliebt.de\/magazin\/wp-json\/wp\/v2\/pages\/2475","targetHints":{"allow":["GET"]}}],"collection":[{"href":"https:\/\/tierisch-verliebt.de\/magazin\/wp-json\/wp\/v2\/pages"}],"about":[{"href":"https:\/\/tierisch-verliebt.de\/magazin\/wp-json\/wp\/v2\/types\/page"}],"author":[{"embeddable":true,"href":"https:\/\/tierisch-verliebt.de\/magazin\/wp-json\/wp\/v2\/users\/1"}],"replies":[{"embeddable":true,"href":"https:\/\/tierisch-verliebt.de\/magazin\/wp-json\/wp\/v2\/comments?post=2475"}],"version-history":[{"count":4,"href":"https:\/\/tierisch-verliebt.de\/magazin\/wp-json\/wp\/v2\/pages\/2475\/revisions"}],"predecessor-version":[{"id":2815,"href":"https:\/\/tierisch-verliebt.de\/magazin\/wp-json\/wp\/v2\/pages\/2475\/revisions\/2815"}],"wp:featuredmedia":[{"embeddable":true,"href":"https:\/\/tierisch-verliebt.de\/magazin\/wp-json\/wp\/v2\/media\/2476"}],"wp:attachment":[{"href":"https:\/\/tierisch-verliebt.de\/magazin\/wp-json\/wp\/v2\/media?parent=2475"}],"curies":[{"name":"wp","href":"https:\/\/api.w.org\/{rel}","templated":true}]}}