{"id":2159,"date":"2023-07-20T16:52:23","date_gmt":"2023-07-20T14:52:23","guid":{"rendered":"https:\/\/tierisch-verliebt.de\/magazin\/?page_id=2159"},"modified":"2025-02-21T23:50:32","modified_gmt":"2025-02-21T22:50:32","slug":"galgo-espanol","status":"publish","type":"page","link":"https:\/\/tierisch-verliebt.de\/magazin\/galgo-espanol\/","title":{"rendered":"Der Galgo Espanol ein Hund mit Suchtpotential"},"content":{"rendered":"\n<h2>Kurzbeschreibung<\/h2>\n<p>Der Galgo Espanol ist eine anerkannte spanische Hunderasse der <a href=\"https:\/\/tierisch-verliebt.de\/magazin\/windhunde\/\">Windhunde<\/a>, welcher sich inzwischen in einigen n\u00f6rdlichen L\u00e4ndern Europas sowohl als Haus-, Begleit- sowie Therapiehund fest eingef\u00fcgt hat. Er besitzt unter der Haut nahezu keine Fettschicht. Der Galgo Espanol besitzt einen geschmeidig, schm\u00e4chtigen K\u00f6rperbau und wirkt daher langgezogen. Aufgrund seines schmalen Kopfes stechen seine mandelf\u00f6rmigen Augen besonders hervor wodurch diese ihm einen \u00f6fters scheuen sowie sanften Ausdruck verleihen. Die Rute des Galgo Espanol ist sehr lang und gelangt fast bis zum Boden. Bei seiner vollen Aufmerksamkeit richtet er seine Ohren auf wobei ein Teil immer seitlich abgeknickt bleibt. Der Galgos Espanol, die spanische Windhunderasse, hat ein hohes Jagd- und Laufbed\u00fcrfnis, was oft mit einem starken Suchtpotential nach Bewegung, Verfolgung und intensiver Besch\u00e4ftigung einhergeht.<\/p>\n<h2>Das Wesen und der Charakter des Galgo<\/h2>\n<p>Der Galgo Espanol besitzt ein intelligentes, ausgewogenes und freundliches Wesen daher ist er als Familienhund sehr gut geeignet. Dennoch kann er auch in Altenheimen als Besuchs- oder Therapiehund eingesetzt werden, was ausschlie\u00dflich auf sein ruhiges Wesen zur\u00fcckzuf\u00fchren ist. Aufgrund Ihrer vielen Eigenschaften lernen die Galgos die Bindung zu Ihren Bezugspersonen durch das Verstehen und das Vertrauen. Wogegen diese nicht zu den \u00fcblichen &#8220;Fu\u00df, Sitz und Platz&#8221; Hunden z\u00e4hlen. Durch Ihre positive Art und Sensibilit\u00e4t sind diese einfach mit all Ihren Vorz\u00fcgen liebenswert.<\/p>\n<p>Hat der Galgo Espanol erst einmal Vertrauen zu seiner Familie gefasst, ist er anh\u00e4nglich und lernt durch Lob und Zuneigung. Jedoch nie mit Strafe oder Druck, da er ein sehr sensibles Wesen ist. Gegen\u00fcber Fremden kann der Galgo zur\u00fcckhaltend sein, jedoch nicht aggressiv. Da er den engen Kontakt zu seiner Bezugsperson braucht, sollte er nie in einem Zwinger gehalten werden.<\/p>\n<p>In seinem Heimatland wird er zur Jagd eingesetzt, wobei er wie jeder Windhund auf Sicht jagt. Durch seine blitzschnellen Drehungen und seiner best\u00e4ndigen Schnelligkeit von bis zu 65 km\/h schnappt er seine Beute in kurzer Zeit. In Anbetracht seiner Schnelligkeit wird er sowohl beim Coursing als auch bei Rennen eingesetzt. Im Gegensatz zum Greyhound ist der Galgo Espanol im Gel\u00e4nde ausdauernder und wendiger.<\/p>\n<h2>Herkunft und Geschichte des Galgo Espanol<\/h2>\n<p>Galgo Espanol ist die Benennung des Windhundes aus Spanien worauf dieser auf den keltischen Namen &#8220;canis gallicus&#8221; zur\u00fcckzuf\u00fchren ist, welcher f\u00fcr den keltischen Hund steht. Dieser wurde zusammengefasst und so nennt heutzutage jeder Spanier einen Windhund Galgo Espanol. Somit konnte man diesen vom Greyhound aus England oder weiteren Windhunden abgrenzen. Er wurde von keltischen St\u00e4mmen in Zeiten der V\u00f6lkerwanderung vor der Zeitwende nach Spanien eingef\u00fchrt. Daher handelt es sich um eine uralte Jagdhunderasse, bei der noch immer die Jagd auf Kleinwild sowie Hasen im Vordergrund steht. Auffallend bei den Galgos ist die Auff\u00e4lligkeit zu einer der \u00e4ltesten Hundearten aus \u00c4gypten dem Jagdhund Tesem.<\/p>\n<p>Reiche Grundbesitzer f\u00fchrten von 1930 bis 1935 im spanischen S\u00fcden die Greyhound aus England ein und paarten diese mit den Galgos. Aufgrund der Beliebtheit von Windhunderennen sah man einen Vorteil in der Paarung mit den schnellen Greyhounds allerdings \u00fcbersah man, dass diese nur auf ebenen Strecken immense Geschwindigkeiten erreichen konnten. In den wechselhaften, steinigen und unebenen Jagdgebieten waren diese meist sogar von Nachteil.<\/p>\n<p><img decoding=\"async\" class=\"wp-image-2150 aligncenter\" src=\"https:\/\/tierisch-verliebt.de\/magazin\/wp-content\/uploads\/2023\/07\/Galgo-Espanol-2-688x1024.jpg\" alt=\"Galgo Espanol\" width=\"439\" height=\"654\" srcset=\"https:\/\/tierisch-verliebt.de\/magazin\/wp-content\/uploads\/2023\/07\/Galgo-Espanol-2-688x1024.jpg 688w, https:\/\/tierisch-verliebt.de\/magazin\/wp-content\/uploads\/2023\/07\/Galgo-Espanol-2-202x300.jpg 202w, https:\/\/tierisch-verliebt.de\/magazin\/wp-content\/uploads\/2023\/07\/Galgo-Espanol-2-768x1143.jpg 768w, https:\/\/tierisch-verliebt.de\/magazin\/wp-content\/uploads\/2023\/07\/Galgo-Espanol-2.jpg 860w\" sizes=\"(max-width: 439px) 100vw, 439px\" \/><\/p>\n<h2>\u00dcberlegung vor der Anschaffung\/ geeignete Aktivit\u00e4ten\/ Voraussetzungen\/ Kosten<\/h2>\n<p>Wie bei jedem Hund sollte man sich die Frage stellen: Hat man gen\u00fcgend Zeit und k\u00f6nnen die Anspr\u00fcche des Hundes erf\u00fcllt werden. Da diese Hunde den Kontakt mit Ihren Menschen ben\u00f6tigen, sind sie nicht gerne alleine. Er besitzt eine sehr hohe Reizgrenze und Aggressionen gegen\u00fcber Kindern und Menschen kennt er nicht. Im Kontakt mit Kindern ist er in der Regel sehr gutm\u00fctig was ihn zu einem wunderbaren Familienhund macht.<\/p>\n<p>Da es sich um einen <a href=\"https:\/\/tierisch-verliebt.de\/magazin\/jagdhunde\/\">Jagdhund<\/a> handelt, ben\u00f6tigt dieser viel Bewegung. Ein Galgo arbeitet gerne mit Menschen zusammen, daher sind Windhunde- sowie Gel\u00e4nderennen angesagt auch ein eingez\u00e4unter Garten w\u00e4re von gro\u00dfem Vorteil. Im Freien entwickeln die Galgos Espanol Lauffreude und Temperament, den Jagdinstinkt nicht zu vergessen. Jedoch ist er kein Wachhund, da er eher scheu, unaufdringlich und ruhig ist, bellen ist ein Fremdwort.<\/p>\n<p>Die <a href=\"https:\/\/tierisch-verliebt.de\/magazin\/unterhalt-eines-hundes\/\">Anschaffung<\/a> eines Galgo Espanol Welpen belaufen sich in etwa auf 1.800 Euro, allerdings kommt noch eine Grundausstattung von Leine, Spielzeug und Halsband dazu, diese sind in der Regel bei etwa 200 bis 300 Euro. Auch sollte die Ern\u00e4hrung eines Hundes nicht au\u00dfer Acht gelassen werden.<\/p>\n<h2>Rassenmerkmale<\/h2>\n<p>Der Rassestandard ben\u00f6tigt eine Widerristh\u00f6he von 62 bis 70 cm bei einem R\u00fcden, bei einer H\u00fcndin in etwa bei 60 bis 68 cm allerdings sind Differenzen bis zu 2 cm erlaubt. Beim Gewicht der Hunde wird dieses in etwa bei 23 bis 29 Kilo, je nach Geschlecht festgelegt. Ein Galgo Espanol hat in etwa eine Lebenserwartung von 12 bis 15 Jahren.<\/p>\n<p>Es wird in einem Glatthaargalgo und Rauhaargalgo unterschieden. Der Glatthaargalgo besitzt ein sehr feines und kurzes Fell, ganz ohne Unterwolle. Beim Rauhaargalgo ist das Fell bis zu 10 cm lang und oft hart und struppig. H\u00e4ufig sind die Galgo Espanol gestromt sowohl in einem braun-, beige oder Schwarzton. Am Kopf sowie an den Beinen oder der Rute sind wei\u00dfe Merkmale zu erkennen.<\/p>\n<p><img decoding=\"async\" class=\"wp-image-2149 aligncenter\" src=\"https:\/\/tierisch-verliebt.de\/magazin\/wp-content\/uploads\/2023\/07\/Galgo-Espanol-1-768x1024.jpg\" alt=\"Galgo Espanol\" width=\"433\" height=\"577\" srcset=\"https:\/\/tierisch-verliebt.de\/magazin\/wp-content\/uploads\/2023\/07\/Galgo-Espanol-1-768x1024.jpg 768w, https:\/\/tierisch-verliebt.de\/magazin\/wp-content\/uploads\/2023\/07\/Galgo-Espanol-1-225x300.jpg 225w, https:\/\/tierisch-verliebt.de\/magazin\/wp-content\/uploads\/2023\/07\/Galgo-Espanol-1.jpg 960w\" sizes=\"(max-width: 433px) 100vw, 433px\" \/><\/p>\n<h2>Geeignete Ern\u00e4hrung des Galgo Espanol<\/h2>\n<p>An erster Stelle sollte wie bei allen anderen Hunderassen auch Fleisch stehen. Es sollte nicht zu viel Fett enthalten, aber eiwei\u00dfreich muss es sein. Auf Zucker und Getreide sollte ganz verzichtet werden, wenn m\u00f6glich. Jedenfalls sollte das <a href=\"https:\/\/tierisch-verliebt.de\/magazin\/havaneser-ernaehrung\/\">Futter<\/a> hochwertig und mit allen wichtigen N\u00e4hrstoffen versehen sein, daher unbedingt auf die Zusammensetzung achten. Trocken- oder Nassfutter bleibt jedem selbst \u00fcberlassen, jedoch muss immer frisches Wasser zur Verf\u00fcgung stehen.<\/p>\n<p><img decoding=\"async\" class=\"alignnone wp-image-2976\" src=\"https:\/\/tierisch-verliebt.de\/magazin\/wp-content\/uploads\/2025\/02\/ernaehrung-Galgo-Espanol.webp\" alt=\"ernaehrung-galgo-espanol\" width=\"600\" height=\"600\" srcset=\"https:\/\/tierisch-verliebt.de\/magazin\/wp-content\/uploads\/2025\/02\/ernaehrung-Galgo-Espanol.webp 1024w, https:\/\/tierisch-verliebt.de\/magazin\/wp-content\/uploads\/2025\/02\/ernaehrung-Galgo-Espanol-300x300.webp 300w, https:\/\/tierisch-verliebt.de\/magazin\/wp-content\/uploads\/2025\/02\/ernaehrung-Galgo-Espanol-150x150.webp 150w, https:\/\/tierisch-verliebt.de\/magazin\/wp-content\/uploads\/2025\/02\/ernaehrung-Galgo-Espanol-768x768.webp 768w\" sizes=\"(max-width: 600px) 100vw, 600px\" \/><\/p>\n<h2>Erziehung \/ Spiele \/Spielzeuge<\/h2>\n<p>Da diese Rasse sehr wissbegierig und intelligent ist erleichtert es die <a href=\"https:\/\/tierisch-verliebt.de\/magazin\/hunderziehung-grundlegendes\/\">Erziehung<\/a> des Galgos Espanol immens. Diese Eigenschaften sollten ausgenutzt werden, um ihn zu erziehen, denn er versteht sehr schnell, wie weit er gehen darf oder auch nicht. Jedoch sollte nicht au\u00dfer Acht gelassen werden, dass er sanft und positiv erzogen wird.<\/p>\n<p><a href=\"https:\/\/tierisch-verliebt.de\/magazin\/sichere-spielzeug%d0%b5-fuer-den-hund\/\">Spielzeuge<\/a> in Form eines Balles sind immer beliebt, man wirft oder versteckt ihn, was das Interesse des Hundes f\u00f6rdert. Mit einem Frisbee kann die Rennbereitschaft ebenso gef\u00f6rdert werden, ebenso sind sie \u00fcberall mitzunehmen. Das wichtigste f\u00fcr den Galgo Espanol sind jedoch seine Bezugspersonen, denen sie immer gefallen wollen und ihre Aufmerksamkeit suchen.<\/p>\n<h2>FAQ<\/h2>\n<h3>Ist der Galgo Espa\u00f1ol f\u00fcr Ersthundebesitzer geeignet?<\/h3>\n<p>Ja, der Galgo Espa\u00f1ol ist f\u00fcr Ersthundebesitzer geeignet, wenn sie bereit sind, sich mit den speziellen Bed\u00fcrfnissen dieser Rasse auseinanderzusetzen.<br \/>\nBesonders der Jagdtrieb und m\u00f6gliche Unsicherheiten erfordern Geduld und Einf\u00fchlungsverm\u00f6gen. Wer einen sanften, ruhigen und liebevollen Hund sucht, der sich gerne bewegt, aber auch viel schl\u00e4ft, wird mit einem Galgo Espa\u00f1ol einen wunderbaren Begleiter haben.<\/p>\n<h3>Vertr\u00e4gt sich der Galgo Espa\u00f1ol mit anderen Haustieren?<\/h3>\n<p>Ja, der Galgo Espa\u00f1ol kann sich gut mit anderen Haustieren vertragen, wenn er richtig sozialisiert wird.<\/p>\n<p>Mit anderen Hunden: Sehr gut, wenn fr\u00fch sozialisiert.<br \/>\nMit Katzen: M\u00f6glich, aber abh\u00e4ngig vom Jagdtrieb \u2013 eine sorgf\u00e4ltige Einf\u00fchrung ist notwendig.<br \/>\nMit Kleintieren: Meist nicht empfehlenswert, da der Jagdinstinkt zu stark ist.<\/p>\n<p>Jeder Hund ist individuell! Mit geduldigem Training und richtiger Sozialisation kann ein Galgo Espa\u00f1ol gut mit anderen Haustieren zusammenleben.<\/p>\n<h3>Wie kann man einen Galgo Espa\u00f1ol geistig auslasten?<\/h3>\n<p>Der Galgo Espa\u00f1ol ist intelligent und sensibel, weshalb er neben Bewegung auch geistige Herausforderungen braucht. Suchspiele, Tricktraining, Hundesport und interaktive Spazierg\u00e4nge sind ideal, um ihn mental zu fordern. Ein gut ausgelasteter Galgo ist gl\u00fccklicher, ruhiger und ausgeglichener.<\/p>\n<h3>Bellen Galgos Espa\u00f1oles viel?<\/h3>\n<p>Nein, Galgos Espa\u00f1oles sind keine Kl\u00e4ffer.<br \/>\nDiese Rasse ist von Natur aus ruhig, gelassen und zur\u00fcckhaltend, weshalb sie nur selten bellen. Ein Galgo Espa\u00f1ol wird nicht grundlos oder aus Nervosit\u00e4t bellen, sondern nur in bestimmten Situationen.<\/p>\n<h3>Wie verh\u00e4lt sich der Galgo Espanol gegen\u00fcber Fremden?<\/h3>\n<p>Galgos Espa\u00f1oles sind gegen\u00fcber Fremden meist zur\u00fcckhaltend und vorsichtig, aber nicht aggressiv.<br \/>\nDiese Rasse ist sanft, sensibel und ruhig, weshalb sie in neuen oder ungewohnten Situationen zun\u00e4chst eher distanziert bleibt.<\/p>\n<p>&nbsp;<\/p>\n","protected":false},"excerpt":{"rendered":"<p>Kurzbeschreibung Der Galgo Espanol ist eine anerkannte spanische Hunderasse der Windhunde, welcher sich inzwischen in einigen n\u00f6rdlichen L\u00e4ndern Europas sowohl<\/p>\n","protected":false},"author":1,"featured_media":2151,"parent":0,"menu_order":0,"comment_status":"closed","ping_status":"closed","template":"","meta":{"ngg_post_thumbnail":0,"footnotes":""},"class_list":["post-2159","page","type-page","status-publish","has-post-thumbnail","hentry","comments-off"],"aioseo_notices":[],"_links":{"self":[{"href":"https:\/\/tierisch-verliebt.de\/magazin\/wp-json\/wp\/v2\/pages\/2159","targetHints":{"allow":["GET"]}}],"collection":[{"href":"https:\/\/tierisch-verliebt.de\/magazin\/wp-json\/wp\/v2\/pages"}],"about":[{"href":"https:\/\/tierisch-verliebt.de\/magazin\/wp-json\/wp\/v2\/types\/page"}],"author":[{"embeddable":true,"href":"https:\/\/tierisch-verliebt.de\/magazin\/wp-json\/wp\/v2\/users\/1"}],"replies":[{"embeddable":true,"href":"https:\/\/tierisch-verliebt.de\/magazin\/wp-json\/wp\/v2\/comments?post=2159"}],"version-history":[{"count":5,"href":"https:\/\/tierisch-verliebt.de\/magazin\/wp-json\/wp\/v2\/pages\/2159\/revisions"}],"predecessor-version":[{"id":3100,"href":"https:\/\/tierisch-verliebt.de\/magazin\/wp-json\/wp\/v2\/pages\/2159\/revisions\/3100"}],"wp:featuredmedia":[{"embeddable":true,"href":"https:\/\/tierisch-verliebt.de\/magazin\/wp-json\/wp\/v2\/media\/2151"}],"wp:attachment":[{"href":"https:\/\/tierisch-verliebt.de\/magazin\/wp-json\/wp\/v2\/media?parent=2159"}],"curies":[{"name":"wp","href":"https:\/\/api.w.org\/{rel}","templated":true}]}}