{"id":2122,"date":"2023-07-14T15:46:35","date_gmt":"2023-07-14T13:46:35","guid":{"rendered":"https:\/\/tierisch-verliebt.de\/magazin\/?page_id=2122"},"modified":"2025-02-22T23:53:03","modified_gmt":"2025-02-22T22:53:03","slug":"portrait-zu-hunderasse-kaukasischer-owtscharka","status":"publish","type":"page","link":"https:\/\/tierisch-verliebt.de\/magazin\/portrait-zu-hunderasse-kaukasischer-owtscharka\/","title":{"rendered":"Portrait zu Hunderasse: Kaukasischer Owtscharka"},"content":{"rendered":"\n<h2>Kurzbeschreibung<\/h2>\n<p>Der auch unter dem Namen kaukasischer Sch\u00e4ferhund bekannte Hund ist eine von der FCI anerkannte Hunderasse aus der ehemaligen UdSSR, <a href=\"https:\/\/tierisch-verliebt.de\/magazin\/fci-gruppen\/\">FCI<\/a>-Gruppe 2, Sektion 2.2, Standard Nr. 328. Es sind imposante, furchtlose und zuverl\u00e4ssige Wachhunde. Ihre <a href=\"https:\/\/tierisch-verliebt.de\/magazin\/hunderziehung-grundlegendes\/\">Erziehung<\/a> erfordert viel Geduld. Hier nun das vollst\u00e4ndige Portrait dieser Hunderasse.<\/p>\n<h2>Wesen und Charakter<\/h2>\n<p>Ein freundliches, anh\u00e4ngliches und ausgeglichenes Wesen, gepaart mit gro\u00dfem Selbstbewusstsein, Eigenst\u00e4ndigkeit und einem Hang zur Eigensinnigkeit kennzeichnen diesen Hund. Sein markantester Charakterzug aber ist ein ausgepr\u00e4gtes Wach- und Schutzverhalten. Seinem Herrn und seiner Familie ist er absolut treu ergeben. Fremden gegen\u00fcber sind die Hunde misstrauisch und abweisend.<\/p>\n<h2>Herkunft &amp; Geschichte<\/h2>\n<p>Die Hunderasse wurde seit mehr als 600 Jahren in der ehemaligen UdSSR gez\u00fcchtet. Beheimatet ist die Rasse in der Kaukasusregion zwischen dem Schwarzen und dem Kaspischen Meer. Die robusten, muskul\u00f6sen Hunde sind im heutigen Russland, Armenien, Aserbaidschan (S\u00fcdkaukasus) und Dagestan (Nordkaukasus)sehr beliebt. Als typische Herdenschutzhunde war ihre urspr\u00fcngliche Hauptaufgabe das Besch\u00fctzen und H\u00fcten der Schafherden und Hirten vor W\u00f6lfen und B\u00e4ren.<\/p>\n<p>F\u00fcr die <a href=\"https:\/\/tierisch-verliebt.de\/magazin\/jagdhunde\/\">Jagd<\/a> wurden sie generell nicht verwendet, da es ihnen an Jagdinstinkt mangelt. Auch als Wachhund von Haus und Eigentum waren die Hunde sehr popul\u00e4r. Bei artgerechter Haltung und konsequenter Erziehung bereits ab dem Welpen- und Junghundehalter ist die Rasse auch als Familienhund gut geeignet. Als Teil des Familienverbunds sind es anh\u00e4ngliche und kinderliebe Hunde.<\/p>\n<h2>Owtscharka kaufen (Kosten, Platzbedarf, etc.)<\/h2>\n<p>Die Anschaffungskosten f\u00fcr einen kaukasischen Owtscharka Welpen mit Papieren von einem seri\u00f6sen Z\u00fcchter liegen in Deutschland im Allgemeinen zwischen 800 und 1.000 Euro. Der Z\u00fcchter sollte aber Mitglied beim kynologischen Dachverband, dem <a href=\"https:\/\/tierisch-verliebt.de\/magazin\/fci-gruppen\/\">FCI<\/a> (F\u00e9d\u00e9ration Cynologique Internationale) sein. Dann ist prinzipiell sichergestellt, dass der Hund genau die typischen Rasseeigenschaften aufweist und gesund ist. Kosteng\u00fcnstiger ist ein kaukasischer Owtscharka eventuell im Tierheim zu erwerben.<\/p>\n<p>Neben den Anschaffungskosten ist weiterer Kapitalaufwand wie Hundesteuer, Versicherungen, Futter, Tierarzt- und Materialkosten (z. B. f\u00fcr Halsb\u00e4nder und Leinen) zu bedenken. Allein f\u00fcr Futter ist mit 70 bis 120 Euro im Monat zu rechnen. Der kaukasische Owtscharka braucht viel Platz. Er ist weder f\u00fcr eine Zwingerhaltung noch eine Wohnungshaltung geeignet. F\u00fcr eine artgerechte Haltung ist ein gro\u00dfes Grundst\u00fcck oder ein gro\u00dfer Garten unverzichtbar. Das Grundst\u00fcck sollte unbedingt hundesicher umz\u00e4unt und von au\u00dfen nicht zug\u00e4nglich sein, um Fremde nicht zu gef\u00e4hrden.<\/p>\n<p>Ein Warnschild ist ebenfalls anzuraten, denn der genetisch verankerte Schutz- und Wachtrieb dieses gro\u00dfen Hundes ist st\u00e4ndig aktiv. Sobald er vermeint, eine Bedrohung zu erkennen, geht er kompromisslos zum Angriff \u00fcber. In Sachen Pflege ist der kaukasische Owtscharka anspruchslos. Es gen\u00fcgt, sein Fell regelm\u00e4\u00dfig kr\u00e4ftig zu b\u00fcrsten. Zweimal j\u00e4hrlich steht allerdings ein Fellwechsel an. In dieser Zeit sollte das Fell h\u00e4ufiger geb\u00fcrstet werden.<\/p>\n<h2><img decoding=\"async\" class=\"alignnone size-full wp-image-2082\" src=\"https:\/\/tierisch-verliebt.de\/magazin\/wp-content\/uploads\/2023\/06\/Kaukasischer-Owtscharka-2.jpg\" alt=\"Kaukasischer Owtscharka (2)\" width=\"800\" height=\"640\" srcset=\"https:\/\/tierisch-verliebt.de\/magazin\/wp-content\/uploads\/2023\/06\/Kaukasischer-Owtscharka-2.jpg 800w, https:\/\/tierisch-verliebt.de\/magazin\/wp-content\/uploads\/2023\/06\/Kaukasischer-Owtscharka-2-300x240.jpg 300w, https:\/\/tierisch-verliebt.de\/magazin\/wp-content\/uploads\/2023\/06\/Kaukasischer-Owtscharka-2-768x614.jpg 768w, https:\/\/tierisch-verliebt.de\/magazin\/wp-content\/uploads\/2023\/06\/Kaukasischer-Owtscharka-2-100x80.jpg 100w\" sizes=\"(max-width: 800px) 100vw, 800px\" \/><\/h2>\n<h2>Erziehung &amp; Haltung<\/h2>\n<p>Der kaukasische Owtscharka ist kein Hund f\u00fcr Anf\u00e4nger. Nur Hundebesitzer mit viel Erfahrung und Fachwissen sind f\u00fcr die Haltung dieser Rasse geeignet. Die Hunde sind zwar normalerweise ruhig und ausgeglichen, doch bei unsachgem\u00e4\u00dfer <a href=\"https:\/\/tierisch-verliebt.de\/magazin\/hunderziehung-grundlegendes\/\">Erziehung<\/a> und zu geringer Aktivit\u00e4t neigen sie nicht selten zu Aggression, was schon wegen ihrer Gr\u00f6\u00dfe und Kraft gef\u00e4hrlich w\u00e4re. Deshalb sollten Kinder und \u00e4ltere Menschen den Hund nicht f\u00fchren.<\/p>\n<p>Doch bei einer konsequenten Erziehung und Sozialisierung bereits ab dem Welpen-Alter sind es anh\u00e4ngliche, kinderliebe und sensible Hunde. Mit viel Geduld und Lob und vor allem absoluter Autorit\u00e4t findet auch der kaukasische Owtscharka seinen Platz im Familienrudel. Dann ist er ein angenehmer Begleiter, der mit Kindern gut harmoniert. Doch auch wenn er gerne, mit Kindern herumtrollt, sollten<a href=\"https:\/\/tierisch-verliebt.de\/magazin\/spiele-fuer-hunde-zu-hause\/\"> Spiele<\/a> mit diesen nur unter Aufsicht erfolgen.<\/p>\n<h2>Geeignete Aktivit\u00e4ten<\/h2>\n<p>Die Hunde haben ein angeborenes Revierverhalten und ben\u00f6tigen viel Auslauf. Es sind jedoch keine ausgesprochenen Laufhunde, selbst wenn sie gerne zusammen mit ihrer Familie unterwegs sind. Damit aber Spazierg\u00e4nge mit diesem Koloss nicht aus dem Ruder laufen, ist eine fr\u00fche fachkundige Zusammenf\u00fchrung mit anderen Hunden unabdingbar, andernfalls die Begegnung mit Artgenossen gerade wegen der Dominanz des Owtscharka leicht zu Komplikationen f\u00fchren kann.<\/p>\n<p>Der kaukasische Owtscharka ist der geborene Wachhund, f\u00fcr die g\u00e4ngigen Hundesportarten ist er eher nicht geeignet. Am besten man l\u00e4sst ihm freien Auslauf in seinem eigenen Bereich, den er, seiner Natur entsprechend, bewachen darf. Von einer Ausbildung als Schutzhund muss dringend abgeraten werden, da damit nur der bereits nat\u00fcrlich vorhandene Wach- und Schutztrieb verst\u00e4rkt wird. Der Hund kann dann leicht au\u00dfer Kontrolle geraten.<\/p>\n<p>Auch f\u00fcr den Hundesport eignen sich die Kaukasen nicht besonders, da sie keinen gro\u00dfen Wert darauflegen, mit ihrer Bezugsperson zusammenzuarbeiten. Eine Begleithundeausbildung hingegen ist durchaus sinnvoll, da diese das Zusammenleben zwischen Mensch und Hund harmonischer werden l\u00e4sst. Um den Hund zu besch\u00e4ftigen, sind verschiedene <a href=\"https:\/\/tierisch-verliebt.de\/magazin\/sichere-spielzeug%d0%b5-fuer-den-hund\/\">Spielzeuge<\/a>, wie B\u00e4lle, Zerrseile, Kauspielzeuge oder bissfeste Quietschspielzeuge gut geeignet.<\/p>\n<h2>Rassemerkmale<\/h2>\n<p>Der Rassestandard sieht eine Mindesth\u00f6he von 64 Zentimetern f\u00fcr H\u00fcndinnen und 68 Zentimetern f\u00fcr R\u00fcden vor. Ausgewachsen k\u00f6nnen R\u00fcden eine Schulterh\u00f6he von bis zu 75 Zentimetern und H\u00fcndinnen bis zu 70 cm erreichen. Damit z\u00e4hlen sie zu den gr\u00f6\u00dften Hunderassen. Auch ihr Gewicht von 45 &#8211; 75 kg kann sich sehen lassen.<\/p>\n<p>Der kaukasische Owtscharka hat ein grobes <a href=\"https:\/\/tierisch-verliebt.de\/magazin\/pflege-von-fell-und-zaehnen-des-hundes\/\">Fell<\/a> mit dichter, heller Unterwolle in drei Varianten: 1) langhaarig, am Hals bildet das Haar dann eine Art M\u00e4hne, 2) kurzhaarig ohne M\u00e4hne und 3) langhaarig ebenfalls ohne M\u00e4hne. Seine Rute ist dick und buschig. Die Fellfarbe ist \u00fcberwiegend grau-braun, in verschiedenen Schattierungen, oder auch Gelb und Beige. Bei artgerechter Ern\u00e4hrung k\u00f6nnen die Hunde ein Lebensalter von zw\u00f6lf und mehr Jahren erreichen.<\/p>\n<h2><img decoding=\"async\" class=\"alignnone size-large wp-image-1881\" src=\"https:\/\/tierisch-verliebt.de\/magazin\/wp-content\/uploads\/2023\/02\/Insektenproteine-in-Hundefutter-1024x682.jpg\" alt=\"Insektenproteine in Hundefutter\" width=\"910\" height=\"606\" srcset=\"https:\/\/tierisch-verliebt.de\/magazin\/wp-content\/uploads\/2023\/02\/Insektenproteine-in-Hundefutter-1024x682.jpg 1024w, https:\/\/tierisch-verliebt.de\/magazin\/wp-content\/uploads\/2023\/02\/Insektenproteine-in-Hundefutter-300x200.jpg 300w, https:\/\/tierisch-verliebt.de\/magazin\/wp-content\/uploads\/2023\/02\/Insektenproteine-in-Hundefutter-768x512.jpg 768w, https:\/\/tierisch-verliebt.de\/magazin\/wp-content\/uploads\/2023\/02\/Insektenproteine-in-Hundefutter.jpg 1280w\" sizes=\"(max-width: 910px) 100vw, 910px\" \/>Geeignete Ern\u00e4hrung<\/h2>\n<p>Auch wenn der kaukasische Owtscharka keine gro\u00dfen Anspr\u00fcche an sein <a href=\"https:\/\/tierisch-verliebt.de\/magazin\/insektenproteine-in-hundefutter\/\">Futter<\/a> stellt, kommt es f\u00fcr eine gesunde <a href=\"https:\/\/tierisch-verliebt.de\/magazin\/havaneser-ernaehrung\/\">Ern\u00e4hrung<\/a> auf die richtige Zusammensetzung des Futters an. F\u00fcr einen ausgewachsenen Owtscharka ist Rohf\u00fctterung (BARF) am besten geeignet. Er ben\u00f6tigt zweimal am Tag frisches Fleisch, das mit etwas <a href=\"https:\/\/tierisch-verliebt.de\/magazin\/obst-und-gemuese-die-die-hunde-essen\/\">Gem\u00fcse, Obst<\/a> oder Reis gemischt werden kann.<\/p>\n<p>Alternativ kann auch auf hochwertiges Trocken- oder Nassfutter aus dem Fachhandel ausgewichen werden. Doch sollte man grunds\u00e4tzlich bei einer F\u00fctterungsmethode bleiben, damit der Hund sich an sein Futter gew\u00f6hnen kann. Andernfalls k\u00f6nnen Verdauungsst\u00f6rungen die Folge sein.<\/p>\n<p><img decoding=\"async\" class=\"alignnone wp-image-3006 \" src=\"https:\/\/tierisch-verliebt.de\/magazin\/wp-content\/uploads\/2025\/02\/ernaehrung-kaukasian-owtscharka.webp\" alt=\"ernaehrung-Kaukasischer-Owtscharka\" width=\"600\" height=\"600\" srcset=\"https:\/\/tierisch-verliebt.de\/magazin\/wp-content\/uploads\/2025\/02\/ernaehrung-kaukasian-owtscharka.webp 1024w, https:\/\/tierisch-verliebt.de\/magazin\/wp-content\/uploads\/2025\/02\/ernaehrung-kaukasian-owtscharka-300x300.webp 300w, https:\/\/tierisch-verliebt.de\/magazin\/wp-content\/uploads\/2025\/02\/ernaehrung-kaukasian-owtscharka-150x150.webp 150w, https:\/\/tierisch-verliebt.de\/magazin\/wp-content\/uploads\/2025\/02\/ernaehrung-kaukasian-owtscharka-768x768.webp 768w\" sizes=\"(max-width: 600px) 100vw, 600px\" \/><\/p>\n<h2>Wissenswertes<\/h2>\n<p>Der kaukasische Owtscharka wird in Deutschland als Listenhund gef\u00fchrt. In Hamburg und Hessen ist er als gef\u00e4hrliche Rasse eingestuft. In Hamburg gilt diese Einstufung allerdings dann nicht mehr, wenn durch einen Wesenstest nachgewiesen wird, dass der Hund ungef\u00e4hrlich ist.<\/p>\n<h2>FAQ<\/h2>\n<h3>Vertr\u00e4gt sich der Kaukasische Owtscharka mit anderen Hunden und Haustieren?<\/h3>\n<p>Mit guter Sozialisierung kann der Kaukasische Owtscharka mit anderen Hunden &amp; Haustieren auskommen.<br \/>\nEr akzeptiert fremde Hunde und Tiere nicht automatisch und braucht klare F\u00fchrung.<br \/>\nBesonders Katzen &amp; Kleintiere sollten gesch\u00fctzt werden, wenn er sie nicht von klein auf kennt.<br \/>\nWer ihn fr\u00fchzeitig an andere Tiere gew\u00f6hnt, kann ihn zu einem ausgeglichenen, aber wachsamen Begleiter machen.<\/p>\n<h3>Ist der Kaukasische Owtscharka f\u00fcr Familien mit Kindern geeignet?<\/h3>\n<p>Ja, aber nur unter bestimmten Bedingungen.<br \/>\nDer Kaukasische Owtscharka kann ein treuer und sch\u00fctzender Familienhund sein, aber er ist nicht f\u00fcr jede Familie geeignet. Sein starker Schutzinstinkt und seine Eigenst\u00e4ndigkeit machen ihn zu einer Herausforderung f\u00fcr unerfahrene Hundehalter.<\/p>\n<h3>Kann ein Kaukasischer Owtscharka in der Stadt gehalten werden?<\/h3>\n<p>Nein, die Stadt ist kein idealer Lebensraum f\u00fcr einen Kaukasischen Owtscharka.<br \/>\nDiese Rasse wurde f\u00fcr gro\u00dfe, offene Gebiete gez\u00fcchtet und braucht viel Platz, Ruhe und eine klare Aufgabe. In einer st\u00e4dtischen Umgebung kann er gestresst, \u00fcberfordert und schwierig zu kontrollieren sein.<\/p>\n<h3>Wie kann man einen Kaukasischen Owtscharka geistig auslasten?<\/h3>\n<p>Der Kaukasische Owtscharka ist ein intelligenter, aber eigenst\u00e4ndiger Herdenschutzhund.<br \/>\nDa er selbstst\u00e4ndig denkt und Entscheidungen trifft, braucht er keine klassischen Gehorsams\u00fcbungen, sondern Aufgaben, die seinen nat\u00fcrlichen Instinkten entsprechen.<\/p>\n<p>Suchspiele, Wachaufgaben &amp; abwechslungsreiche Spazierg\u00e4nge sind ideal.<br \/>\nEr mag keine sinnlosen Kommandos \u2013 alles muss einen Zweck haben.<br \/>\nMit der richtigen Mischung aus Struktur &amp; Freiraum bleibt er ausgeglichen &amp; zufrieden.<\/p>\n<h3><span id=\"Ist_der_Jack_Russell_Terrier_fur_Allergiker_geeignet\">Ist der Kaukasische Owtscharka<span id=\"Ist_ein_Husky_als_Familienhund_geeignet\"> <\/span><span id=\"Ist_der_Golden_Retriever_fur_Allergiker_geeignet\">f\u00fcr Allergiker geeignet?<\/span><\/span><\/h3>\n<p><span id=\"Ist_der_Jack_Russell_Terrier_fur_Allergiker_geeignet\">Nein, der Kaukasische Owtscharka ist nicht f\u00fcr Allergiker geeignet.<br \/>\nDiese Rasse hat ein dichtes, langes Fell mit viel Unterwolle, das stark haart und Allergene verbreiten kann. Besonders Menschen mit einer Hundehaarallergie k\u00f6nnten Probleme mit Hautreizungen oder Atembeschwerden bekommen.<\/span><\/p>\n<p>&nbsp;<\/p>\n","protected":false},"excerpt":{"rendered":"<p>Kurzbeschreibung Der auch unter dem Namen kaukasischer Sch\u00e4ferhund bekannte Hund ist eine von der FCI anerkannte Hunderasse aus der ehemaligen<\/p>\n","protected":false},"author":1,"featured_media":2081,"parent":0,"menu_order":0,"comment_status":"closed","ping_status":"closed","template":"","meta":{"ngg_post_thumbnail":0,"footnotes":""},"class_list":["post-2122","page","type-page","status-publish","has-post-thumbnail","hentry","comments-off"],"aioseo_notices":[],"_links":{"self":[{"href":"https:\/\/tierisch-verliebt.de\/magazin\/wp-json\/wp\/v2\/pages\/2122","targetHints":{"allow":["GET"]}}],"collection":[{"href":"https:\/\/tierisch-verliebt.de\/magazin\/wp-json\/wp\/v2\/pages"}],"about":[{"href":"https:\/\/tierisch-verliebt.de\/magazin\/wp-json\/wp\/v2\/types\/page"}],"author":[{"embeddable":true,"href":"https:\/\/tierisch-verliebt.de\/magazin\/wp-json\/wp\/v2\/users\/1"}],"replies":[{"embeddable":true,"href":"https:\/\/tierisch-verliebt.de\/magazin\/wp-json\/wp\/v2\/comments?post=2122"}],"version-history":[{"count":4,"href":"https:\/\/tierisch-verliebt.de\/magazin\/wp-json\/wp\/v2\/pages\/2122\/revisions"}],"predecessor-version":[{"id":3142,"href":"https:\/\/tierisch-verliebt.de\/magazin\/wp-json\/wp\/v2\/pages\/2122\/revisions\/3142"}],"wp:featuredmedia":[{"embeddable":true,"href":"https:\/\/tierisch-verliebt.de\/magazin\/wp-json\/wp\/v2\/media\/2081"}],"wp:attachment":[{"href":"https:\/\/tierisch-verliebt.de\/magazin\/wp-json\/wp\/v2\/media?parent=2122"}],"curies":[{"name":"wp","href":"https:\/\/api.w.org\/{rel}","templated":true}]}}