{"id":2120,"date":"2023-07-14T15:41:57","date_gmt":"2023-07-14T13:41:57","guid":{"rendered":"https:\/\/tierisch-verliebt.de\/magazin\/?page_id=2120"},"modified":"2025-02-24T14:43:15","modified_gmt":"2025-02-24T13:43:15","slug":"whippet","status":"publish","type":"page","link":"https:\/\/tierisch-verliebt.de\/magazin\/whippet\/","title":{"rendered":"Portrait zu Hunderasse: Whippet"},"content":{"rendered":"\n<p>Der grazile und sportliche Whippet, auch kleiner englischer <a href=\"https:\/\/tierisch-verliebt.de\/magazin\/windhunde\/\">Windhund<\/a> genannt, ist eine anerkannte britische Hunderasse und in der <a href=\"https:\/\/tierisch-verliebt.de\/magazin\/fci-gruppen\/\">FCI<\/a>-Gruppe 10, Sektion 3 unter Nr. 162 verzeichnet.<br \/>\nDer Whippet ist auf Leistung und Geschwindigkeit optimiert. Er sieht dem kleinen Greyhound etwas \u00e4hnlich. Die eingezogene Rute ist nicht als Angst zu deuten, aber eine rassespezifische Eigenschaft. Entdecken Sie die faszinierende Welt der Whippets \u2013 hier k\u00f6nnen Sie ein vollst\u00e4ndige Portrait \u00fcber Pflege, Temperament, Haltung und Training dieser eleganten Hunderassen erfahren.<\/p>\n<h2>Steckbrief<\/h2>\n<p>&#8211; Lebenserwartung: 12-15 Jahre<br \/>\n&#8211; Der Whippet ist bis zum 12. Lebensmonat ausgewachsen<br \/>\n&#8211; Gr\u00f6\u00dfe: R\u00fcde 47\u201351 cm, H\u00fcndin 44\u201347 cm<br \/>\n&#8211; Gewicht: 11 bis 25 kg<br \/>\n&#8211; Charakter: freundlich, anh\u00e4nglich und ausgeglichen<br \/>\n&#8211; Herkunft: England<\/p>\n<h2>Wesen und Charakter<\/h2>\n<p>Whippets sind freundliche Hunde und gerne in der N\u00e4he ihrer Besitzer. Sie sind liebevoll und z\u00e4rtlich. Die Rasse ist sanftm\u00fctig und nicht aggressiv mit einem ruhigen und ausgeglichen Temperament. Ein Whippet reagiert empfindlich auf laute Ger\u00e4usche sowie grobe Behandlung oder scharfe Befehle. Er ist mit Geduld und Freundlichkeit zu erziehen.<\/p>\n<p>Obwohl Whippets meist ruhig sind, haben sie eine verspielte Seite. Drau\u00dfen wollen sie rennen und spielen. Zu Hause genie\u00dfen sie es, ihre Ruhe zu haben. Anpassungsf\u00e4hig k\u00f6nnen sie in einer Wohnung oder in einem Haus mit Garten leben. Sie brauchen allerdings immer ausreichend Bewegung und gen\u00fcgend Aufmerksamkeit.<\/p>\n<p>So whippets sind im Allgemeinen freundliche Hunde, die gerne in der N\u00e4he ihrer Besitzer sind. Sie sind oft liebevoll und z\u00e4rtlich. Diese Rasse zeichnet sich durch ihre Sanftmut aus. Whippets sind in der Regel nicht aggressiv und haben ein ruhiges und ausgeglichenes Temperament.<\/p>\n<p>Whippets sind bekannt f\u00fcr ihre Sensibilit\u00e4t. Sie k\u00f6nnen sehr empfindlich auf laute Ger\u00e4usche, grobe Behandlung oder scharfe Befehle reagieren. Daher ist es wichtig, sie mit Geduld und Freundlichkeit zu erziehen.<\/p>\n<p>Whippets sind relativ anpassungsf\u00e4hig und k\u00f6nnen sowohl in einer Wohnung als auch in einem Haus mit Garten leben. Sie sind auch in der Lage, sich verschiedenen Lebensstilen anzupassen, solange sie ausreichend Bewegung und Aufmerksamkeit erhalten.<\/p>\n<h2><img decoding=\"async\" class=\"alignnone size-large wp-image-2114\" src=\"https:\/\/tierisch-verliebt.de\/magazin\/wp-content\/uploads\/2023\/07\/whippet-4-1024x690.jpg\" alt=\"whippet\" width=\"910\" height=\"613\" srcset=\"https:\/\/tierisch-verliebt.de\/magazin\/wp-content\/uploads\/2023\/07\/whippet-4-1024x690.jpg 1024w, https:\/\/tierisch-verliebt.de\/magazin\/wp-content\/uploads\/2023\/07\/whippet-4-300x202.jpg 300w, https:\/\/tierisch-verliebt.de\/magazin\/wp-content\/uploads\/2023\/07\/whippet-4-768x517.jpg 768w, https:\/\/tierisch-verliebt.de\/magazin\/wp-content\/uploads\/2023\/07\/whippet-4.jpg 1280w\" sizes=\"(max-width: 910px) 100vw, 910px\" \/><\/h2>\n<h2>Jagdinstinkt<\/h2>\n<p>Als <a href=\"https:\/\/tierisch-verliebt.de\/magazin\/windhunde\/\">Windhunde<\/a> haben Whippets einen starken <a href=\"https:\/\/tierisch-verliebt.de\/magazin\/jagdhunde\/\">Jagdinstinkt<\/a>. Es ist wichtig, sie an der Leine zu f\u00fchren oder in einem sicheren eingez\u00e4unten Bereich rennen zu lassen, da sie gern schnell bewegenden Objekten hinterherzujagen. Sie jagen auf Sicht, nicht auf Witterung.<\/p>\n<h2>Sozialverhalten<\/h2>\n<p>Whippets sind oft vertr\u00e4glich mit anderen Hunden und k\u00f6nnen gut in einem Mehrhundehaushalt leben. Sie k\u00f6nne eine starke Bindung zu ihren Besitzern entwickeln und etwas reserviert gegen\u00fcber Fremden sein.<\/p>\n<h2>Herkunft &amp; Geschichte<\/h2>\n<p>Die Whippets entstanden im 19. Jahrhundert in England aus der Kreuzung von kleinen Greyhounds mit verschiedenen <a href=\"https:\/\/tierisch-verliebt.de\/magazin\/terrier\/\">Terriern<\/a>, um einen schnellen und agilen Hund f\u00fcr die Hasenjagd zu schaffen. Man nannte sie urspr\u00fcnglich Renn-Terrier.<\/p>\n<p>Die englischen Bergleute hielten Whippets als Rennhunde und als Begleiter f\u00fcr die <a href=\"https:\/\/tierisch-verliebt.de\/magazin\/jagdhunde\/\">Jagd<\/a>. Die Hunde liefen auf kleinen, provisorischen Rennstrecken und demonstrierten ihre Geschwindigkeit und Wendigkeit. Whippet-Rennen waren eine beliebte Freizeitaktivit\u00e4t der Arbeiterklasse, wobei sie ihre Hunde gegeneinander antreten lie\u00dfen.<\/p>\n<p>Im Laufe der Zeit wurden sie als Familienhunde gesch\u00e4tzt und in die Haushalte der Adligen und wohlhabenderen Menschen gebracht. Die Rasse wurde weiterentwickelt und gez\u00fcchtet mit ihren charakteristischen Merkmalen wie Schnelligkeit, Wendigkeit und Freundlichkeit.<\/p>\n<p>In 1902 wurden die Whippets vom American Kennel Club anerkannt. Sie sind als Rennhunde und als liebevolle Begleiter gesch\u00e4tzt und als Therapiehunde und in der Rettung t\u00e4tig.<\/p>\n<h2><img decoding=\"async\" class=\"alignnone size-large wp-image-2112\" src=\"https:\/\/tierisch-verliebt.de\/magazin\/wp-content\/uploads\/2023\/07\/whippet-2-1024x682.jpg\" alt=\"whippet\" width=\"910\" height=\"606\" srcset=\"https:\/\/tierisch-verliebt.de\/magazin\/wp-content\/uploads\/2023\/07\/whippet-2-1024x682.jpg 1024w, https:\/\/tierisch-verliebt.de\/magazin\/wp-content\/uploads\/2023\/07\/whippet-2-300x200.jpg 300w, https:\/\/tierisch-verliebt.de\/magazin\/wp-content\/uploads\/2023\/07\/whippet-2-768x512.jpg 768w, https:\/\/tierisch-verliebt.de\/magazin\/wp-content\/uploads\/2023\/07\/whippet-2.jpg 1280w\" sizes=\"(max-width: 910px) 100vw, 910px\" \/><\/h2>\n<h2>Voraussetzungen f\u00fcr die Anschaffung<\/h2>\n<p>Whippets haben ein starkes Sozialverhalten und brauchen viel Zeit und Aufmerksamkeit von ihrem Besitzer. Sie d\u00fcrfen nicht lange alleine gelassen werden, ben\u00f6tigen regelm\u00e4\u00dfig viel Bewegung und mentale Stimulation. F\u00fcr die Bewegung muss ein eingez\u00e4unter Garten vorhanden sein und es sollten regelm\u00e4\u00dfige Spazierg\u00e4nge in geeigneten Bereichen erfolgen. Dann brauchen die Hunde Platz zum Ausruhen und Entspannen. Wegen des ausgepr\u00e4gten Jagdinstinkts sollten sie sich in sicherer Umgebung frei bewegen k\u00f6nnen. Die Teilnahme an Hundesportarten kann ebenfalls den Bewegungsbedarf decken.<\/p>\n<h2>Finanzielle Aspekte<\/h2>\n<p>Die <a href=\"https:\/\/tierisch-verliebt.de\/magazin\/unterhalt-eines-hundes\/\">Kosten<\/a> f\u00fcr die Anschaffung eines Whippets variieren je nach Z\u00fcchter, Linie und Herkunft. Dazu kommen die laufenden Kosten f\u00fcr Futter, tier\u00e4rztliche Versorgung, Impfungen, Parasitenbek\u00e4mpfung, Training, <a href=\"https:\/\/tierisch-verliebt.de\/magazin\/sichere-spielzeug%d0%b5-fuer-den-hund\/\">Spielzeug<\/a> sowie eventuelle Tierarztkosten im Krankheitsfall.<\/p>\n<h2>Der Pflegebedarf<\/h2>\n<p>Das kurze, glatte <a href=\"https:\/\/tierisch-verliebt.de\/magazin\/pflege-von-fell-und-zaehnen-des-hundes\/\">Fell<\/a> ist relativ pflegeleicht ist. Regelm\u00e4\u00dfiges B\u00fcrsten entfernt lose Haare. Sie sind empfindlich gegen\u00fcber K\u00e4lte und ben\u00f6tigen in kalten Wetterbedingungen zus\u00e4tzlichen Schutz.<\/p>\n<h2>Geeignete Aktivit\u00e4ten<\/h2>\n<p>Der energiegeladene Whippet Hunde ben\u00f6tigt regelm\u00e4\u00dfige k\u00f6rperliche Aktivit\u00e4t und mentale Stimulation, dann ist er gesund und gl\u00fccklich. Er ist ein schneller L\u00e4ufer und streckt seine Beine gern. Er sollte in einem eingez\u00e4unten Bereich frei laufen oder an der Leine.<\/p>\n<p>Das Coursing ist eine sch\u00f6ne ist eine Sportart f\u00fcr <a href=\"https:\/\/tierisch-verliebt.de\/magazin\/windhunde\/\">Windhunde<\/a>. Sie jagen einer simulierten Beute, wie einem Pl\u00fcschtier, hinterher. Damit wird der Jagdinstinkt des Whippets befriedigt und gleichzeitig ist er k\u00f6rperlich aktiv. Es gibt Coursing-Veranstaltungen und Clubs.<\/p>\n<p>Weitere geeignete Hundesportarten sind Agility, Flyball, Obedience oder Rallye-Obedience, die dem Whippet Spa\u00df machen k\u00f6nnen. Sie bieten k\u00f6rperliche Bet\u00e4tigung und f\u00f6rdern die Bindung zum Besitzer.<\/p>\n<p>Bei Spazierg\u00e4ngen und<a href=\"https:\/\/tierisch-verliebt.de\/magazin\/dogtrekking\/\"> Wanderungen<\/a> genie\u00dft es der Whippet, die Welt zu erkunden. Dabei hat er Besch\u00e4ftigung und Abwechslung. Au\u00dferdem braucht er Denkspiele und Intelligenzspielzeug. Der Whippet ist k\u00f6rperlich und geistig aktiv. Damit erh\u00e4lt er seine mentale Stimulation und versteckte Leckerlis in interaktiven <a href=\"https:\/\/tierisch-verliebt.de\/magazin\/sichere-spielzeug%d0%b5-fuer-den-hund\/\">Spielzeugen<\/a> oder Suchspiele fordern den Geist heraus.<\/p>\n<p>Whippets vertragen sich mit anderen Hunden. Die soziale Interaktion mit Artgenossen oder Spieltermine mit anderen Hunden sind eine bereichernde Erfahrung. Neben den Aktivit\u00e4ten muss Zeit sein zur Entspannung und kuscheln mit ihrem Besitzer. Die Mischung aus Bewegung, geistiger Stimulation und gemeinsamer Zeit ist wichtig.<\/p>\n<h2><img decoding=\"async\" class=\"alignnone size-large wp-image-2111\" src=\"https:\/\/tierisch-verliebt.de\/magazin\/wp-content\/uploads\/2023\/07\/whippet-1-1024x622.jpg\" alt=\"whippet\" width=\"910\" height=\"553\" srcset=\"https:\/\/tierisch-verliebt.de\/magazin\/wp-content\/uploads\/2023\/07\/whippet-1-1024x622.jpg 1024w, https:\/\/tierisch-verliebt.de\/magazin\/wp-content\/uploads\/2023\/07\/whippet-1-300x182.jpg 300w, https:\/\/tierisch-verliebt.de\/magazin\/wp-content\/uploads\/2023\/07\/whippet-1-768x466.jpg 768w, https:\/\/tierisch-verliebt.de\/magazin\/wp-content\/uploads\/2023\/07\/whippet-1.jpg 1280w\" sizes=\"(max-width: 910px) 100vw, 910px\" \/><\/h2>\n<h2>Rassemerkmale<\/h2>\n<p>Whippets bringen einen schlanken und muskul\u00f6sen K\u00f6rperbau mit sich. Er ist \u00fcr hohe Geschwindigkeiten und Wendigkeit ausgelegt. Am langen, eleganten Hals schlie\u00dfen sich ein tiefer Brustkorb und ein schlanker R\u00fccken an. Der Kopf ist schmal mit leicht gew\u00f6lbter Stirn. Sie haben einen kr\u00e4ftigen Kiefer. Die sanften, ovalen Augen sind dunkel, die Ohren klein und nach hinten geklappt.<\/p>\n<p>Das <a href=\"https:\/\/tierisch-verliebt.de\/magazin\/pflege-von-fell-und-zaehnen-des-hundes\/\">Fell<\/a> des Whippets ist kurz, eng anliegend und glatt mit vielen Farben und Mustern. Zudem gibt es einfarbige, gescheckte und gestromte Varianten. Whippets haben lange, schlanke Beine f\u00fcr gro\u00dfe Geschwindigkeiten. Die muskul\u00f6sen Hinterbeine erm\u00f6glichen kraftvolle Spr\u00fcnge und kraftvollen Antritt. Sie sind schnell und wendig.<\/p>\n<h2>Geeignete Ern\u00e4hrung<\/h2>\n<p>Ein hochwertiges <a href=\"https:\/\/tierisch-verliebt.de\/magazin\/insektenproteine-in-hundefutter\/\">Hundefutter<\/a> mit einer ausgewogenen Mischung aus hochwertigen Proteinen, gesunden Fetten, Kohlenhydraten, Vitaminen und Mineralstoffen ist wichtig ohne minderwertigen F\u00fcllstoffe oder k\u00fcnstlichen Zusatzstoffe. Dazu kommen Fette wie Lachs\u00f6l, Oliven\u00f6l oder Kokosnuss\u00f6l mit Omega-3- und Omega-6-Fetts\u00e4uren. Kohlenhydrate aus hochwertigen Quellen wie Vollkorngetreide, <a href=\"https:\/\/tierisch-verliebt.de\/magazin\/obst-und-gemuese-die-die-hunde-essen\/\">Gem\u00fcse und Obst<\/a> sind ein weiterer Teil. Au\u00dferdem muss der Whippet immer frisches, sauberes Wasser haben.<\/p>\n<p>Die richtige Sozialisierung, <a href=\"https:\/\/tierisch-verliebt.de\/magazin\/hunderziehung-grundlegendes\/\">Erziehung<\/a> und Pflege entscheiden, um einen gl\u00fccklichen Whippet zu haben.<\/p>\n<h2 data-pm-slice=\"1 1 []\">FAQ`s<\/h2>\n<p>Hier beantworten wir einige h\u00e4ufig gestellte Fragen, die Ihnen helfen k\u00f6nnen, Ihren Yorkshire Terrier besser zu verstehen und optimal zu versorgen.<\/p>\n<p><img decoding=\"async\" class=\"alignnone size-large wp-image-2842\" src=\"https:\/\/tierisch-verliebt.de\/magazin\/wp-content\/uploads\/2024\/12\/Whippets-1024x682.jpg\" alt=\"\" width=\"910\" height=\"606\" srcset=\"https:\/\/tierisch-verliebt.de\/magazin\/wp-content\/uploads\/2024\/12\/Whippets-1024x682.jpg 1024w, https:\/\/tierisch-verliebt.de\/magazin\/wp-content\/uploads\/2024\/12\/Whippets-300x200.jpg 300w, https:\/\/tierisch-verliebt.de\/magazin\/wp-content\/uploads\/2024\/12\/Whippets-768x512.jpg 768w, https:\/\/tierisch-verliebt.de\/magazin\/wp-content\/uploads\/2024\/12\/Whippets.jpg 1280w\" sizes=\"(max-width: 910px) 100vw, 910px\" \/><\/p>\n<h3>Sind Whippets f\u00fcr Anf\u00e4nger geeignet?<\/h3>\n<p>Mit ihrer sanften Natur und Pflegeleichtigkeit sind Whippets eine gute Wahl f\u00fcr Ersthundebesitzer.<\/p>\n<h3>K\u00f6nnen Whippets allein zu Hause gelassen werden?<\/h3>\n<p>Whippets k\u00f6nnen f\u00fcr kurze Zeit allein bleiben, sollten aber nicht \u00fcber l\u00e4ngere Zeit allein gelassen werden, da sie die Gesellschaft ihrer Menschen sch\u00e4tzen.<\/p>\n<h3>Sind Whippets k\u00e4lteempfindlich?<\/h3>\n<p>Ja, wegen ihres kurzen Fells sind Whippets empfindlich gegen\u00fcber K\u00e4lte. Ein Hundemantel ist im Winter ratsam.<\/p>\n","protected":false},"excerpt":{"rendered":"<p>Der grazile und sportliche Whippet, auch kleiner englischer Windhund genannt, ist eine anerkannte britische Hunderasse und in der FCI-Gruppe 10,<\/p>\n","protected":false},"author":1,"featured_media":2113,"parent":0,"menu_order":0,"comment_status":"closed","ping_status":"closed","template":"","meta":{"ngg_post_thumbnail":0,"footnotes":""},"class_list":["post-2120","page","type-page","status-publish","has-post-thumbnail","hentry","comments-off"],"aioseo_notices":[],"_links":{"self":[{"href":"https:\/\/tierisch-verliebt.de\/magazin\/wp-json\/wp\/v2\/pages\/2120","targetHints":{"allow":["GET"]}}],"collection":[{"href":"https:\/\/tierisch-verliebt.de\/magazin\/wp-json\/wp\/v2\/pages"}],"about":[{"href":"https:\/\/tierisch-verliebt.de\/magazin\/wp-json\/wp\/v2\/types\/page"}],"author":[{"embeddable":true,"href":"https:\/\/tierisch-verliebt.de\/magazin\/wp-json\/wp\/v2\/users\/1"}],"replies":[{"embeddable":true,"href":"https:\/\/tierisch-verliebt.de\/magazin\/wp-json\/wp\/v2\/comments?post=2120"}],"version-history":[{"count":5,"href":"https:\/\/tierisch-verliebt.de\/magazin\/wp-json\/wp\/v2\/pages\/2120\/revisions"}],"predecessor-version":[{"id":2841,"href":"https:\/\/tierisch-verliebt.de\/magazin\/wp-json\/wp\/v2\/pages\/2120\/revisions\/2841"}],"wp:featuredmedia":[{"embeddable":true,"href":"https:\/\/tierisch-verliebt.de\/magazin\/wp-json\/wp\/v2\/media\/2113"}],"wp:attachment":[{"href":"https:\/\/tierisch-verliebt.de\/magazin\/wp-json\/wp\/v2\/media?parent=2120"}],"curies":[{"name":"wp","href":"https:\/\/api.w.org\/{rel}","templated":true}]}}