{"id":193,"date":"2019-07-10T14:16:17","date_gmt":"2019-07-10T12:16:17","guid":{"rendered":"https:\/\/tierisch-verliebt.de\/magazin\/?page_id=193"},"modified":"2024-11-06T11:39:52","modified_gmt":"2024-11-06T10:39:52","slug":"hunderassen","status":"publish","type":"page","link":"https:\/\/tierisch-verliebt.de\/magazin\/hunderassen\/","title":{"rendered":"Hunderassen"},"content":{"rendered":"<p>Hunde sind seit Jahrtausenden treue Begleiter des Menschen. Sie dienen als Freunde, Besch\u00fctzer und Helfer in verschiedenen Lebensbereichen. Doch die Vielfalt der Hunderassen ist ebenso faszinierend wie umfangreich, mit jeder Rasse, die ihre eigenen einzigartigen Merkmale, Geschichte und Charaktereigenschaften mit sich bringt.<\/p>\n<p>Hier m\u00f6chten wir Ihnen eine breite Palette von Hunderassen vorstellen, von den majest\u00e4tischen Afghanischen Windhunden bis hin zu den charmanten Yorkshire Terriern. Jede dieser Rassen hat ihre eigenen Besonderheiten, die sie f\u00fcr verschiedene Lebensstile und Bed\u00fcrfnisse geeignet machen. Ob Sie nach einem loyalen Familienhund, einem wachsamen Besch\u00fctzer oder einem aktiven Begleiter suchen \u2013 hier finden Sie die wichtigsten Informationen und Charakterz\u00fcge, die Ihnen helfen, die perfekte Rasse f\u00fcr Ihre Bed\u00fcrfnisse zu finden.<\/p>\n<h3>Steckbriefe und Portraits unserer Hunderassen:<\/h3>\n<ul class=\"ultv\">\n<li><i><a href=\"https:\/\/tierisch-verliebt.de\/magazin\/afghanischer-windhund\/\">Afghanischer Windhund \/ Tazi<\/a><\/i><\/li>\n<li><a href=\"https:\/\/tierisch-verliebt.de\/magazin\/akita-inu\/\">Akita Inu<\/a><\/li>\n<li><a href=\"https:\/\/tierisch-verliebt.de\/magazin\/alano\/\">Alano<\/a><\/li>\n<li><a title=\"American Bulldog \u2013 Das Portrait\" href=\"https:\/\/tierisch-verliebt.de\/magazin\/american-bulldog\/\">American Bulldog<\/a><\/li>\n<li><a href=\"https:\/\/tierisch-verliebt.de\/magazin\/american-bully\/\">American Bully<\/a><\/li>\n<li><a href=\"https:\/\/tierisch-verliebt.de\/magazin\/american-staffordshire\/\">American Staffordshire<\/a><\/li>\n<li><a href=\"https:\/\/tierisch-verliebt.de\/magazin\/anatolischer-hirtenhund\/\">Anatolischer Hirtenhund<\/a><\/li>\n<li><a href=\"https:\/\/tierisch-verliebt.de\/magazin\/australian-shepherd\/\">Australian Shepherd<\/a><\/li>\n<li><a href=\"https:\/\/tierisch-verliebt.de\/magazin\/azawakh\/\">Azawakh<\/a><\/li>\n<li><a title=\"Der Bandog \u2013 kein Hund f\u00fcr jedermann\" href=\"https:\/\/tierisch-verliebt.de\/magazin\/bandog\/\">Bandog<\/a><\/li>\n<li><a href=\"https:\/\/tierisch-verliebt.de\/magazin\/barsoi\/\">Barsoi<\/a><\/li>\n<li><a href=\"https:\/\/tierisch-verliebt.de\/magazin\/beagle\/\">Beagle<\/a><\/li>\n<li><a href=\"https:\/\/tierisch-verliebt.de\/magazin\/belgischer-schaeferhund\/\">Belgischer Sch\u00e4ferhund<\/a><\/li>\n<li><a href=\"https:\/\/tierisch-verliebt.de\/magazin\/berner-sennenhund\/\">Berner Sennenhund<\/a><\/li>\n<li><a href=\"https:\/\/tierisch-verliebt.de\/magazin\/bernhardiner\/\">Bernhardiner<\/a><\/li>\n<li><a href=\"https:\/\/tierisch-verliebt.de\/magazin\/blue-lacy\/\">Blue Lacy<\/a><\/li>\n<li><a href=\"https:\/\/tierisch-verliebt.de\/magazin\/bolonka-zwetna\/\">Bolonka Zwetna<\/a><\/li>\n<li><a href=\"https:\/\/tierisch-verliebt.de\/magazin\/bordeaux-dogge\/\">Bordeaux Dogge<\/a><\/li>\n<li><a href=\"https:\/\/tierisch-verliebt.de\/magazin\/border-collie\/\">Border Collie<\/a><\/li>\n<li><a href=\"https:\/\/tierisch-verliebt.de\/magazin\/boston-terrier\/\">Boston Terrier<\/a><\/li>\n<li><a href=\"https:\/\/tierisch-verliebt.de\/magazin\/boxer\/\">Boxer<\/a><\/li>\n<li><a title=\"Bulldoggen \u2013 Diese Rassen, Arten und Varianten gibt es\" href=\"https:\/\/tierisch-verliebt.de\/magazin\/bulldoggen-rassen\/\">Bulldogge<\/a><\/li>\n<li><a href=\"https:\/\/tierisch-verliebt.de\/magazin\/bullmastiff\/\">Bullmastiff<\/a><\/li>\n<li><a href=\"https:\/\/tierisch-verliebt.de\/magazin\/bullterrier\/\">Bullterrier<\/a><\/li>\n<li><a href=\"https:\/\/tierisch-verliebt.de\/magazin\/cairn-terrier\/\">Cairn Terrier<\/a><\/li>\n<li><a href=\"https:\/\/tierisch-verliebt.de\/magazin\/cane-corso\/\">Cane Corso<\/a><\/li>\n<li><a href=\"https:\/\/tierisch-verliebt.de\/magazin\/cavalier-king-charles-spaniel\/\">Cavalier King Charles Spaniel<\/a><\/li>\n<li><a href=\"https:\/\/tierisch-verliebt.de\/magazin\/cavapoo\/\">Cavapoo<\/a><\/li>\n<li><a href=\"https:\/\/tierisch-verliebt.de\/magazin\/chihuahua\/\">Chihuahua<\/a><\/li>\n<li><a href=\"https:\/\/tierisch-verliebt.de\/magazin\/chow-chow\/\">Chow Chow<\/a><\/li>\n<li><a href=\"https:\/\/tierisch-verliebt.de\/magazin\/cocker-spaniel\/\">Cocker Spaniel<\/a><\/li>\n<li><a href=\"https:\/\/tierisch-verliebt.de\/magazin\/corgi\/\">Corgi<\/a><\/li>\n<li><a href=\"https:\/\/tierisch-verliebt.de\/magazin\/dackel\/\">Dackel<\/a><\/li>\n<li><a href=\"https:\/\/tierisch-verliebt.de\/magazin\/dalmatiner\/\">Dalmatiner<\/a><\/li>\n<li><a href=\"https:\/\/tierisch-verliebt.de\/magazin\/deutsche-dogge\/\">Deutsche Dogge<\/a><\/li>\n<li><a href=\"https:\/\/tierisch-verliebt.de\/magazin\/deutscher-schaeferhund\/\">Deutscher Sch\u00e4ferhund<\/a><\/li>\n<li><a href=\"https:\/\/tierisch-verliebt.de\/magazin\/dobermann\/\">Dobermann<\/a><\/li>\n<li><a href=\"https:\/\/tierisch-verliebt.de\/magazin\/dogo-argentino\/\">Dogo Argentino<\/a><\/li>\n<li><a href=\"https:\/\/tierisch-verliebt.de\/magazin\/dogo-canario\/\">Dogo Canario<\/a><\/li>\n<li><a href=\"https:\/\/tierisch-verliebt.de\/magazin\/englische-bulldogge\/\">Englische Bulldogge<\/a><\/li>\n<li><a href=\"https:\/\/tierisch-verliebt.de\/magazin\/finnischer-lapphund\/\">Finnischer Lapphund<\/a><\/li>\n<li><a href=\"https:\/\/tierisch-verliebt.de\/magazin\/franzoesische-bulldogge\/\">Franz\u00f6sische Bulldogge<\/a><\/li>\n<li><i><a href=\"https:\/\/tierisch-verliebt.de\/magazin\/galgo-espanol\/\">Galgo Espa\u00f1ol<\/a><\/i><\/li>\n<li><a href=\"https:\/\/tierisch-verliebt.de\/magazin\/golden-retriever\/\">Golden Retriever<\/a><\/li>\n<li><a href=\"https:\/\/tierisch-verliebt.de\/magazin\/havaneser\/\">Havaneser<\/a><\/li>\n<li><a href=\"https:\/\/tierisch-verliebt.de\/magazin\/hokkaido-inu\/\">Hokkaido Inu<\/a><\/li>\n<li><a href=\"https:\/\/tierisch-verliebt.de\/magazin\/hovawart\/\">Hovawart<\/a><\/li>\n<li><a href=\"https:\/\/tierisch-verliebt.de\/magazin\/husky-das-portrait\/\">Husky<\/a><\/li>\n<li><a href=\"https:\/\/tierisch-verliebt.de\/magazin\/irischer-wolfshund\/\">Irischer Wolfshund<\/a><\/li>\n<li><a href=\"https:\/\/tierisch-verliebt.de\/magazin\/jack-russell-terrier\/\">Jack Russell<\/a><\/li>\n<li><a href=\"https:\/\/tierisch-verliebt.de\/magazin\/japan-spitz\/\">Japan Spitz<\/a><\/li>\n<li><a href=\"https:\/\/tierisch-verliebt.de\/magazin\/japanischer-chin\/\">Japanischer Chin<\/a><\/li>\n<li><a href=\"https:\/\/tierisch-verliebt.de\/magazin\/kangal\/\">Kangal<\/a><\/li>\n<li><a href=\"https:\/\/tierisch-verliebt.de\/magazin\/portrait-zu-hunderasse-kaukasischer-owtscharka\/\">Kaukasischer Owtscharka<\/a><\/li>\n<li><a href=\"https:\/\/tierisch-verliebt.de\/magazin\/komondor\/\">Komondor<\/a><\/li>\n<li><a href=\"https:\/\/tierisch-verliebt.de\/magazin\/labrador-retriever\/\">Labrador Retriever<\/a><\/li>\n<li><a href=\"https:\/\/tierisch-verliebt.de\/magazin\/leonberger\/\">Leonberger<\/a><\/li>\n<li><a href=\"https:\/\/tierisch-verliebt.de\/magazin\/magyar-vizsla\/\">Magyar Vizsla<\/a><\/li>\n<li><a href=\"https:\/\/tierisch-verliebt.de\/magazin\/malinois\/\">Malinois<\/a><\/li>\n<li><a href=\"https:\/\/tierisch-verliebt.de\/magazin\/malteser\/\">Malteser<\/a><\/li>\n<li><a href=\"https:\/\/tierisch-verliebt.de\/magazin\/mastiff\/\">Mastiff<\/a><\/li>\n<li><a href=\"https:\/\/tierisch-verliebt.de\/magazin\/mastino-napoletano\/\">Mastino Napoletano<\/a><\/li>\n<li><a href=\"https:\/\/tierisch-verliebt.de\/magazin\/mops\/\">Mops<\/a><\/li>\n<li><a href=\"https:\/\/tierisch-verliebt.de\/magazin\/neufundlaender\/\">Neufundl\u00e4nder<\/a><\/li>\n<li><a href=\"https:\/\/tierisch-verliebt.de\/magazin\/papillon\/\">Papillon<\/a><\/li>\n<li><a href=\"https:\/\/tierisch-verliebt.de\/magazin\/pastor-mallorquin\/\">Pastor Mallorquin<\/a><\/li>\n<li><a href=\"https:\/\/tierisch-verliebt.de\/magazin\/patterdale-terrier\/\">Patterdale Terrier<\/a><\/li>\n<li><a href=\"https:\/\/tierisch-verliebt.de\/magazin\/pekinese\/\">Pekinese<\/a><\/li>\n<li><a href=\"https:\/\/tierisch-verliebt.de\/magazin\/pitbull-terrier\/\">Pitbull Terrier<\/a><\/li>\n<li><a href=\"https:\/\/tierisch-verliebt.de\/magazin\/pudel\/\">Pudel<\/a><\/li>\n<li><a href=\"https:\/\/tierisch-verliebt.de\/magazin\/rednose-pitbull\/\">Rednose Pitbull<\/a><\/li>\n<li><a href=\"https:\/\/tierisch-verliebt.de\/magazin\/rhodesian-ridgeback\/\">Rhodesian Rindgeback<\/a><\/li>\n<li><a href=\"https:\/\/tierisch-verliebt.de\/magazin\/rottweiler\/\">Rottweiler<\/a><\/li>\n<li><a href=\"https:\/\/tierisch-verliebt.de\/magazin\/saluki\/\">Saluki<\/a><\/li>\n<li><a href=\"https:\/\/tierisch-verliebt.de\/magazin\/shar-pei\/\">Shar Pei<\/a><\/li>\n<li><a href=\"https:\/\/tierisch-verliebt.de\/magazin\/shiba-inu\/\">Shiba Inu<\/a><\/li>\n<li><a href=\"https:\/\/tierisch-verliebt.de\/magazin\/shih-tzu\/\">Shih Tzu<\/a><\/li>\n<li><a href=\"https:\/\/tierisch-verliebt.de\/magazin\/sloughi\/\">Sloughi<\/a><\/li>\n<li><a href=\"https:\/\/tierisch-verliebt.de\/magazin\/staffordshire-bullterrier\/\">Staffordshire Bullterrier<\/a><\/li>\n<li><a title=\"Tosa Inu \u2013 Der tapfere Riese\" href=\"https:\/\/tierisch-verliebt.de\/magazin\/tosa-inu\/\">Tosa Inu<\/a><\/li>\n<li><a href=\"https:\/\/tierisch-verliebt.de\/magazin\/tibet-terrier\/\">Tibet Terrier<\/a><\/li>\n<li><a href=\"https:\/\/tierisch-verliebt.de\/magazin\/weimaraner\/\">Weimaraner<\/a><\/li>\n<li><a href=\"https:\/\/tierisch-verliebt.de\/magazin\/cesar-hund-west-highland-white-terrier\/\">West Highland White Terrier<\/a><\/li>\n<li><a href=\"https:\/\/tierisch-verliebt.de\/magazin\/whippet\/\">Whippet<\/a><\/li>\n<li><a href=\"https:\/\/tierisch-verliebt.de\/magazin\/yorkshire-terrier\/\">Yorkshire Terrier<\/a><\/li>\n<li><a href=\"https:\/\/tierisch-verliebt.de\/magazin\/zwergspitz\/\">Zwergspitz<\/a><\/li>\n<\/ul>\n<blockquote><p>Diese Seite wird die n\u00e4chsten Wochen auf alle m\u00f6glichen Hunderassen erweitert.<\/p><\/blockquote>\n<p>Die Zuordnungen der Hunderassen finden Sie in den <a href=\"https:\/\/tierisch-verliebt.de\/magazin\/fci-gruppen\/\">FCI-Gruppen<\/a>.<\/p>\n<p><img decoding=\"async\" class=\"alignleft wp-image-2677 \" src=\"https:\/\/tierisch-verliebt.de\/magazin\/wp-content\/uploads\/2024\/08\/\u0415\u043a\u0440\u0430\u043d\u043d\u0430-\u0441\u043d\u0438\u043c\u043a\u0430_14-8-2024_172120_www.freepik.com_-1024x504.jpeg\" alt=\"Hunderassen\" width=\"550\" height=\"271\" srcset=\"https:\/\/tierisch-verliebt.de\/magazin\/wp-content\/uploads\/2024\/08\/\u0415\u043a\u0440\u0430\u043d\u043d\u0430-\u0441\u043d\u0438\u043c\u043a\u0430_14-8-2024_172120_www.freepik.com_-1024x504.jpeg 1024w, https:\/\/tierisch-verliebt.de\/magazin\/wp-content\/uploads\/2024\/08\/\u0415\u043a\u0440\u0430\u043d\u043d\u0430-\u0441\u043d\u0438\u043c\u043a\u0430_14-8-2024_172120_www.freepik.com_-300x148.jpeg 300w, https:\/\/tierisch-verliebt.de\/magazin\/wp-content\/uploads\/2024\/08\/\u0415\u043a\u0440\u0430\u043d\u043d\u0430-\u0441\u043d\u0438\u043c\u043a\u0430_14-8-2024_172120_www.freepik.com_-768x378.jpeg 768w, https:\/\/tierisch-verliebt.de\/magazin\/wp-content\/uploads\/2024\/08\/\u0415\u043a\u0440\u0430\u043d\u043d\u0430-\u0441\u043d\u0438\u043c\u043a\u0430_14-8-2024_172120_www.freepik.com_.jpeg 1050w\" sizes=\"(max-width: 550px) 100vw, 550px\" \/><\/p>\n<div class=\"flex max-w-full flex-col flex-grow\">\n<div class=\"min-h-[20px] text-message flex w-full flex-col items-end gap-2 whitespace-pre-wrap break-words [.text-message+&amp;]:mt-5 overflow-x-auto\" dir=\"auto\" data-message-author-role=\"assistant\" data-message-id=\"48cd3388-9e1b-478c-8d0d-6a869f9b944c\">\n<div class=\"flex w-full flex-col gap-1 empty:hidden first:pt-[3px]\">\n<div class=\"markdown prose w-full break-words dark:prose-invert dark\">\n<h3>Fazit<\/h3>\n<p>Die Welt der Hunderassen ist unglaublich vielf\u00e4ltig und reich an Geschichte, Charakter und Funktionalit\u00e4t. Von den eleganten und schnellen Windhunden \u00fcber die robusten und mutigen Arbeitshunde bis hin zu den kleinen, aber feurigen Terriern \u2013 jede Rasse hat ihre eigenen Vorz\u00fcge und Besonderheiten, die sie einzigartig machen.<\/p>\n<p>Die Entscheidung f\u00fcr eine bestimmte Hunderasse sollte gut \u00fcberlegt sein und auf den individuellen Lebensstil, die Erwartungen und Bed\u00fcrfnisse abgestimmt werden. Mit den hier vorgestellten Steckbriefen und Portr\u00e4ts haben Sie einen umfassenden \u00dcberblick \u00fcber viele der popul\u00e4rsten und auch weniger bekannten Rassen erhalten. So k\u00f6nnen Sie eine fundierte Entscheidung treffen und den Hund finden, der perfekt zu Ihnen und Ihrem Leben passt.<\/p>\n<\/div>\n<\/div>\n<\/div>\n<\/div>\n","protected":false},"excerpt":{"rendered":"<p>Hunde sind seit Jahrtausenden treue Begleiter des Menschen. Sie dienen als Freunde, Besch\u00fctzer und Helfer in verschiedenen Lebensbereichen. Doch die<\/p>\n","protected":false},"author":1,"featured_media":2676,"parent":0,"menu_order":0,"comment_status":"closed","ping_status":"closed","template":"","meta":{"ngg_post_thumbnail":0,"footnotes":""},"class_list":["post-193","page","type-page","status-publish","has-post-thumbnail","hentry","comments-off"],"aioseo_notices":[],"_links":{"self":[{"href":"https:\/\/tierisch-verliebt.de\/magazin\/wp-json\/wp\/v2\/pages\/193","targetHints":{"allow":["GET"]}}],"collection":[{"href":"https:\/\/tierisch-verliebt.de\/magazin\/wp-json\/wp\/v2\/pages"}],"about":[{"href":"https:\/\/tierisch-verliebt.de\/magazin\/wp-json\/wp\/v2\/types\/page"}],"author":[{"embeddable":true,"href":"https:\/\/tierisch-verliebt.de\/magazin\/wp-json\/wp\/v2\/users\/1"}],"replies":[{"embeddable":true,"href":"https:\/\/tierisch-verliebt.de\/magazin\/wp-json\/wp\/v2\/comments?post=193"}],"version-history":[{"count":5,"href":"https:\/\/tierisch-verliebt.de\/magazin\/wp-json\/wp\/v2\/pages\/193\/revisions"}],"predecessor-version":[{"id":2773,"href":"https:\/\/tierisch-verliebt.de\/magazin\/wp-json\/wp\/v2\/pages\/193\/revisions\/2773"}],"wp:featuredmedia":[{"embeddable":true,"href":"https:\/\/tierisch-verliebt.de\/magazin\/wp-json\/wp\/v2\/media\/2676"}],"wp:attachment":[{"href":"https:\/\/tierisch-verliebt.de\/magazin\/wp-json\/wp\/v2\/media?parent=193"}],"curies":[{"name":"wp","href":"https:\/\/api.w.org\/{rel}","templated":true}]}}