{"id":189,"date":"2019-07-10T14:08:30","date_gmt":"2019-07-10T12:08:30","guid":{"rendered":"https:\/\/tierisch-verliebt.de\/magazin\/?page_id=189"},"modified":"2025-02-24T08:41:55","modified_gmt":"2025-02-24T07:41:55","slug":"pekinese","status":"publish","type":"page","link":"https:\/\/tierisch-verliebt.de\/magazin\/pekinese\/","title":{"rendered":"Der Pekinese &#8211; das Portrait"},"content":{"rendered":"<p>Der Pekinese ist eine alte chinesische Hunderasse. Er ist auch bekannt unter den Namen <strong>Pekingese<\/strong> oder Peking-Palasthund. <!--more--><br \/>\nDer <a href=\"https:\/\/tierisch-verliebt.de\/magazin\/fci-gruppen\/\">FCI<\/a> hat diese Hunderasse anerkannt. Der Pekinese ist in der <a href=\"https:\/\/tierisch-verliebt.de\/magazin\/fci-gruppen\/\">Gruppe 9<\/a>, Sektion 8 mit der Standard-Nr. 207 registriert. Die Rassebedingungen (Standard) werden in Gro\u00dfbritannien festgelegt. Hier kann man das vollst\u00e4ndige Portrait dieser Hunderasse finden.<\/p>\n\n<h2>Steckbrief<\/h2>\n<p><img decoding=\"async\" alt=\"check\" src=\"https:\/\/tierisch-verliebt.de\/magazin\/wp-content\/uploads\/2019\/06\/check-icon-16.png\"> <strong>Lebenserwartung<\/strong>: 13 bis 15 Jahre<br \/>\n<img decoding=\"async\" alt=\"check\" src=\"https:\/\/tierisch-verliebt.de\/magazin\/wp-content\/uploads\/2019\/06\/check-icon-16.png\"> <strong>Gewicht<\/strong>: 3 bis 6,5 kg<br \/>\n<img decoding=\"async\" alt=\"check\" src=\"https:\/\/tierisch-verliebt.de\/magazin\/wp-content\/uploads\/2019\/06\/check-icon-16.png\"> <strong>Herkunft<\/strong>: China<br \/>\n<img decoding=\"async\" alt=\"check\" src=\"https:\/\/tierisch-verliebt.de\/magazin\/wp-content\/uploads\/2019\/06\/check-icon-16.png\"> <strong>Alternative Namen<\/strong>: Pekingese &amp; Peking-Palasthund<br \/>\n<img decoding=\"async\" alt=\"check\" src=\"https:\/\/tierisch-verliebt.de\/magazin\/wp-content\/uploads\/2019\/06\/check-icon-16.png\"> <strong>Widerristh\u00f6he<\/strong>: 15 bis 23 cm<br \/>\n<img decoding=\"async\" alt=\"check\" src=\"https:\/\/tierisch-verliebt.de\/magazin\/wp-content\/uploads\/2019\/06\/check-icon-16.png\"> <strong>Charakter<\/strong>: sturk\u00f6pfig, eigensinnig, freundlich, klug, anh\u00e4nglich<br \/>\n<img decoding=\"async\" alt=\"check\" src=\"https:\/\/tierisch-verliebt.de\/magazin\/wp-content\/uploads\/2019\/06\/check-icon-16.png\"> <strong>Farben<\/strong>: Fast alle Farben (au\u00dfer Albino). Schwarz, wei\u00df, rehbraun, creme, schokobraun.<br \/>\n<img decoding=\"async\" alt=\"check\" src=\"https:\/\/tierisch-verliebt.de\/magazin\/wp-content\/uploads\/2019\/06\/check-icon-16.png\"> <strong>Kosten:<\/strong> Zwischen 1.500 &amp; 2.500 Euro<\/p>\n<h2>Wesen und Charakter<\/h2>\n<p>Der selbstbewusste kleine Hund ist sehr mutig und treu. Er verteidigt seine Familie gegen\u00fcber jedem \u201eEindringling\u201c. Dabei ist es egal, ob es sich um einen Besucher oder um einen gro\u00dfen Hund handelt. Sein Besch\u00fctzerinstinkt wird furchtlos eingesetzt. Andererseits ist dieser Gesellschaftshund intelligent und verschmust. Der ausgepr\u00e4gte Charakter dieser Hunde ben\u00f6tigt F\u00fchrung. Eine gute <a href=\"https:\/\/tierisch-verliebt.de\/magazin\/hunderziehung-grundlegendes\/\">Erziehung<\/a> verhindert, dass der Pekinese zu einem unmotivierten Kl\u00e4ffer mutiert. Durch seinen ausgepr\u00e4gten Spieltrieb findet man gen\u00fcgend Besch\u00e4ftigungsm\u00f6glichkeiten. Der ausgelastete kleine Mitbewohner dankt es durch Anh\u00e4nglichkeit und Liebe zu seinem Menschen.<\/p>\n<p><img decoding=\"async\" class=\"alignnone size-large wp-image-2361\" src=\"https:\/\/tierisch-verliebt.de\/magazin\/wp-content\/uploads\/2023\/08\/Pekinese-1-1024x798.jpg\" alt=\"Pekinese\" width=\"910\" height=\"709\" srcset=\"https:\/\/tierisch-verliebt.de\/magazin\/wp-content\/uploads\/2023\/08\/Pekinese-1-1024x798.jpg 1024w, https:\/\/tierisch-verliebt.de\/magazin\/wp-content\/uploads\/2023\/08\/Pekinese-1-300x234.jpg 300w, https:\/\/tierisch-verliebt.de\/magazin\/wp-content\/uploads\/2023\/08\/Pekinese-1-768x598.jpg 768w, https:\/\/tierisch-verliebt.de\/magazin\/wp-content\/uploads\/2023\/08\/Pekinese-1.jpg 1280w\" sizes=\"(max-width: 910px) 100vw, 910px\" \/><\/p>\n<h2>Herkunft und Geschichte<\/h2>\n<p>Der Pekinese ist ein altes chinesisches Hundegeschlecht. Er lebte immer in der verbotenen Stadt und war ein treuer Gef\u00e4hrte der kaiserlichen Familien. Viele Abbildungen auf Porzellan und kleine Jadefiguren best\u00e4tigen diese Sonderstellung. Dieser Palasthund wurde ebenfalls als \u201eL\u00f6wenhund\u201c bezeichnet. Diesen Namen trugen ebenfalls der Lhasa-Apso und der <a href=\"https:\/\/tierisch-verliebt.de\/magazin\/shih-tzu\/\">Shih Tzu<\/a>. Der Legende nach begleiteten kleine L\u00f6wenhunde Buddha auf seinen Reisen.<\/p>\n<p>W\u00e4hrend der Qing-Dynastie (1644-1912) war der H\u00f6hepunkt dieser Hunderasse. Der Pekinese wurde mit Sorgfalt gez\u00fcchtet und verehrt. Der Pekinese geh\u00f6rte zum Kaiserhaus. Ein Leben au\u00dferhalb dieser Mauern war unvorstellbar. Besonders die letzte chinesische Kaiserin liebte ihre Hunde abg\u00f6ttisch.<\/p>\n<p>1860 wurde Peking w\u00e4hrend des Zweiten Opiumkrieges von den Engl\u00e4ndern erobert. Zu diesem Zeitpunkt wurden f\u00fcnf Pekinesen aus dem Kaiserpalast erbeutet. Die britischen Offiziere nahmen diese Exemplare mit nach England. Die europ\u00e4ische Zucht wurde auf diesen erbeuteten Palasthunden aufgebaut. Bereits 1864 wurden die ersten Pekinesen auf der Hundeausstellung vorgestellt.<\/p>\n<p>Diese Hunderasse wurde durch den britischen Kennel Club im Jahr 1898 anerkannt. Bald darauf (1900) wurden die ersten Exemplare in Deutschland eingef\u00fchrt. Der Zuchtschwerpunkt f\u00fcr die Pekinesen liegt nach wie vor in Gro\u00dfbritannien.<\/p>\n<h2>\u00dcberlegungen vor der Anschaffung<\/h2>\n<p>Der finanzielle Aspekt ist bei der Anschaffung ein gr\u00f6\u00dferer Punkt. Der Anschaffungspreis kann je nach Z\u00fcchter zwischen \u20ac 1.500 und \u20ac 2.500 variieren. Auf ein \u201eSchn\u00e4ppchen\u201c im Internet sollte man verzichten. Welpen bei einem seri\u00f6sen Z\u00fcchter sind sozialisiert und die ersten Gesundheitschecks werden durchgef\u00fchrt. Die Pekinesen sind anf\u00e4llig auf Augenentz\u00fcndungen.<\/p>\n<p>Aufgrund der kurzen Nase k\u00f6nnen sie unter Asthma und Atemnot leiden. Hitze und gr\u00f6\u00dfere Anstrengungen vertragen sie nicht. \u00c4hnlich wie beim Dackel sind Erkrankungen bei den Bandscheiben m\u00f6glich. Die monatlichen Kosten (ca. \u20ac 100) und m\u00f6gliche Arztbesuche m\u00fcssen finanzierbar sein.<br \/>\nDas Fell ist pflegeintensiv.<\/p>\n<p><img decoding=\"async\" class=\"alignnone size-large wp-image-2360\" src=\"https:\/\/tierisch-verliebt.de\/magazin\/wp-content\/uploads\/2023\/08\/Pekinese-2-1024x682.jpg\" alt=\"Pekinese\" width=\"910\" height=\"606\" srcset=\"https:\/\/tierisch-verliebt.de\/magazin\/wp-content\/uploads\/2023\/08\/Pekinese-2-1024x682.jpg 1024w, https:\/\/tierisch-verliebt.de\/magazin\/wp-content\/uploads\/2023\/08\/Pekinese-2-300x200.jpg 300w, https:\/\/tierisch-verliebt.de\/magazin\/wp-content\/uploads\/2023\/08\/Pekinese-2-768x512.jpg 768w, https:\/\/tierisch-verliebt.de\/magazin\/wp-content\/uploads\/2023\/08\/Pekinese-2.jpg 1280w\" sizes=\"(max-width: 910px) 100vw, 910px\" \/><\/p>\n<p>Ein Pekinese sollte t\u00e4glich geb\u00fcrstet werden, damit das Fell nicht verfilzt. Zweimal im Jahr steht ein Fellwechsel an. Durch die Unterwolle ist der Pekinese zwar unempfindlich gegen K\u00e4lte, aber gr\u00f6\u00dfere Hitze macht ihm Probleme. Nach dem Gassigehen sollten die Pfoten und der Bauchbereich kontrolliert werden. Im <a href=\"https:\/\/tierisch-verliebt.de\/magazin\/pflege-von-fell-und-zaehnen-des-hundes\/\">Fell<\/a> und Pfoten k\u00f6nnen sich Fremdk\u00f6rper verfangen, die Probleme bereiten k\u00f6nnen. Es reicht das Ausb\u00fcrsten. Gebadet werden muss der Pekinese nicht.<\/p>\n<p>Ein kleiner Hund ben\u00f6tigt genauso viel Aufmerksamkeit wie ein gro\u00dfer Hund. Aufgrund seiner K\u00f6rpergr\u00f6\u00dfe ist er zwar f\u00fcr eine Stadtwohnung geeignet, aber er kann nicht den ganzen Tag alleine gelassen werden. Regelm\u00e4\u00dfiges Gassigehen und Besch\u00e4ftigung ben\u00f6tigt auch ein Pekinese. Der Besuch einer Hundeschule ist zu empfehlen. Einmal zur Unterst\u00fctzung in der <a href=\"https:\/\/tierisch-verliebt.de\/magazin\/hunderziehung-grundlegendes\/\">Hundeerziehung<\/a> und zum anderen f\u00fcr den Kontakt mit Artgenossen.<\/p>\n<p>Ein sozialisierter Welpe kann sich problemlos an andere vierbeinige Mitbewohner gew\u00f6hnen. Ein Pekinese ist als Familienhund geeignet. Er sucht sich generell immer eine Person als \u201eseinen\u201c Menschen aus. Dieser Mensch wird innerhalb der Familie immer seine Hauptperson sein.<br \/>\nF\u00fcr sportliche Menschen ist diese Hunderasse nicht geeignet. Der Pekinese kann rein k\u00f6rperlich nicht mit den Anforderungen f\u00fcr das Fahrradfahren, Joggen oder \u00e4hnlichem mithalten.<br \/>\nDer Pekinese ist der ideale Partner f\u00fcr Menschen mit Zeit und der Liebe zu t\u00e4glichen Spazierg\u00e4ngen.<\/p>\n<h2>Geeignete Aktivit\u00e4ten mit einem Pekinese<\/h2>\n<p>Der Bewegungsdrang ist bei den Pekinesen nicht sehr ausgepr\u00e4gt. Sie wurden als Gesellschaftshunde gez\u00fcchtet. T\u00e4gliche Spazierg\u00e4nge (mehrmals am Tag) bis zu einem Kilometer sind ausreichend. Ein Pekinese wird nie eine \u201eSportskanone\u201c werden. Ein kleiner Agilityparcour kann dieser Hunderasse aber trotzdem Freude machen. Aufgebaut im eigenen Garten oder auf einem Hundeplatz mit Gleichgesinnten bringt Spa\u00df an der Bewegung. Geschicklichkeits- oder Intelligenzspiele sind f\u00fcr die klugen Pekinesen ebenfalls geeignet.<\/p>\n<h2>Rassemerkmale<\/h2>\n<p>Der Pekinese geh\u00f6rt zu einer kleinen Hunderasse. Die K\u00f6rpergr\u00f6\u00dfe variiert zwischen 15 und 25 cm. Das K\u00f6rpergewicht liegt bei etwa 5 kg. Der gro\u00dfe Kopf ist eher breit und hat eine kurze Schnauze. Die gro\u00dfen dunklen Augen dominieren das Gesicht. Eine dunkle Maske rundet das Bild ab. Die fellbesetzten Ohren sind enganliegend und herzf\u00f6rmig.<\/p>\n<p>Der R\u00fccken mit seinen kurzen Beinchen wird durch eine sch\u00f6ne Rute mit viel Behang abgeschlossen. Die Rute ist hoch angesetzt und wird gebogen \u00fcber dem R\u00fccken getragen. Die Pekinesen haben ein \u00fcppiges dichtes Fell mit Unterwolle. Das Haarkleid gibt es in vielen Variationen (dreifarbig oder einfarbig). Der Pekinese hat eine Lebenserwartung von 13 bis 15 Jahren.<\/p>\n<p><img decoding=\"async\" class=\"alignnone size-large wp-image-2359\" src=\"https:\/\/tierisch-verliebt.de\/magazin\/wp-content\/uploads\/2023\/08\/Pekinese-3-1024x652.jpg\" alt=\"Pekinese\" width=\"910\" height=\"579\" srcset=\"https:\/\/tierisch-verliebt.de\/magazin\/wp-content\/uploads\/2023\/08\/Pekinese-3-1024x652.jpg 1024w, https:\/\/tierisch-verliebt.de\/magazin\/wp-content\/uploads\/2023\/08\/Pekinese-3-300x191.jpg 300w, https:\/\/tierisch-verliebt.de\/magazin\/wp-content\/uploads\/2023\/08\/Pekinese-3-768x489.jpg 768w, https:\/\/tierisch-verliebt.de\/magazin\/wp-content\/uploads\/2023\/08\/Pekinese-3.jpg 1280w\" sizes=\"(max-width: 910px) 100vw, 910px\" \/><\/p>\n<h2>Geeignete Ern\u00e4hrung<\/h2>\n<p>F\u00fcr diese Hunderasse ist jedes hochwertige Futter geeignet. Der Hundebesitzer kann sich f\u00fcr Trocken- oder <a href=\"https:\/\/tierisch-verliebt.de\/magazin\/insektenproteine-in-hundefutter\/\">Nassfutter<\/a>, sowie f\u00fcr das Barfen entscheiden. Die Futtergaben m\u00fcssen dem K\u00f6rpergewicht, dem Bewegungsdrang und dem Alter angeglichen werden. Die Pekinesen neigen zu \u00dcbergewicht. Hier sollten die \u201eLeckerlis\u201c auf jeden Fall in die Futterration eingerechnet werden. Eine ausgewogene Ern\u00e4hrung ist f\u00fcr das Wohlbefinden des Hundes wichtig.<\/p>\n<h2 data-pm-slice=\"1 1 []\">FAQ`s<\/h2>\n<h3>Sind Pekinesen f\u00fcr Allergiker geeignet?<\/h3>\n<p>Pekinesen haben zwar ein dichtes Fell, das regelm\u00e4\u00dfig gepflegt werden muss, sie haaren jedoch nicht \u00fcberm\u00e4\u00dfig stark. Trotzdem sind sie f\u00fcr Allergiker nicht ideal geeignet, da Hundehaare und Hautschuppen Allergien ausl\u00f6sen k\u00f6nnen. Wer unter Allergien leidet, sollte vor der Anschaffung eines Pekinesen testen, ob eine Reaktion auftritt. Es gibt spezielle Tests und Besuche bei Z\u00fcchtern, um dies herauszufinden.<\/p>\n<p><img decoding=\"async\" class=\"alignnone size-large wp-image-2911\" src=\"https:\/\/tierisch-verliebt.de\/magazin\/wp-content\/uploads\/2025\/01\/Pekinese-1024x682.jpg\" alt=\"\" width=\"910\" height=\"606\" srcset=\"https:\/\/tierisch-verliebt.de\/magazin\/wp-content\/uploads\/2025\/01\/Pekinese-1024x682.jpg 1024w, https:\/\/tierisch-verliebt.de\/magazin\/wp-content\/uploads\/2025\/01\/Pekinese-300x200.jpg 300w, https:\/\/tierisch-verliebt.de\/magazin\/wp-content\/uploads\/2025\/01\/Pekinese-768x512.jpg 768w, https:\/\/tierisch-verliebt.de\/magazin\/wp-content\/uploads\/2025\/01\/Pekinese.jpg 1280w\" sizes=\"(max-width: 910px) 100vw, 910px\" \/><\/p>\n<h3>Sind Pekinesen f\u00fcr Hundeanf\u00e4nger geeignet?<\/h3>\n<p>Ja, Pekinesen k\u00f6nnen auch f\u00fcr Hundeanf\u00e4nger geeignet sein, allerdings nur, wenn diese bereit sind, sich intensiv mit den Bed\u00fcrfnissen dieser Hunderasse auseinanderzusetzen. Pekinesen haben einen eigenwilligen Charakter und brauchen eine liebevolle, aber konsequente Erziehung. Ihr geringer Bewegungsbedarf und ihre kompakte Gr\u00f6\u00dfe machen sie jedoch gut f\u00fcr Anf\u00e4nger geeignet, die bereit sind, Geduld und Engagement in die Erziehung und Pflege zu investieren.<\/p>\n<h3>Wie kann man einen Pekinesen am besten erziehen?<\/h3>\n<p>Pekinesen sind intelligente, aber eigenwillige Hunde. Sie reagieren am besten auf eine sanfte, aber konsequente Erziehung. Positive Verst\u00e4rkung, wie Lob und Leckerlis, funktioniert bei dieser Rasse besonders gut. Da Pekinesen manchmal stur sein k\u00f6nnen, ist Geduld entscheidend. Eine fr\u00fche Sozialisierung ist ebenfalls wichtig, damit sie gut mit anderen Hunden, Menschen und neuen Situationen umgehen k\u00f6nnen. Harte Strafen oder laute Kommandos sollten vermieden werden, da diese das Vertrauen des Hundes beeintr\u00e4chtigen k\u00f6nnen.<\/p>\n","protected":false},"excerpt":{"rendered":"<p>Der Pekinese ist eine alte chinesische Hunderasse. Er ist auch bekannt unter den Namen Pekingese oder Peking-Palasthund.<\/p>\n","protected":false},"author":1,"featured_media":190,"parent":0,"menu_order":0,"comment_status":"closed","ping_status":"closed","template":"","meta":{"ngg_post_thumbnail":0,"footnotes":""},"class_list":["post-189","page","type-page","status-publish","has-post-thumbnail","hentry","comments-off"],"aioseo_notices":[],"_links":{"self":[{"href":"https:\/\/tierisch-verliebt.de\/magazin\/wp-json\/wp\/v2\/pages\/189","targetHints":{"allow":["GET"]}}],"collection":[{"href":"https:\/\/tierisch-verliebt.de\/magazin\/wp-json\/wp\/v2\/pages"}],"about":[{"href":"https:\/\/tierisch-verliebt.de\/magazin\/wp-json\/wp\/v2\/types\/page"}],"author":[{"embeddable":true,"href":"https:\/\/tierisch-verliebt.de\/magazin\/wp-json\/wp\/v2\/users\/1"}],"replies":[{"embeddable":true,"href":"https:\/\/tierisch-verliebt.de\/magazin\/wp-json\/wp\/v2\/comments?post=189"}],"version-history":[{"count":5,"href":"https:\/\/tierisch-verliebt.de\/magazin\/wp-json\/wp\/v2\/pages\/189\/revisions"}],"predecessor-version":[{"id":3159,"href":"https:\/\/tierisch-verliebt.de\/magazin\/wp-json\/wp\/v2\/pages\/189\/revisions\/3159"}],"wp:featuredmedia":[{"embeddable":true,"href":"https:\/\/tierisch-verliebt.de\/magazin\/wp-json\/wp\/v2\/media\/190"}],"wp:attachment":[{"href":"https:\/\/tierisch-verliebt.de\/magazin\/wp-json\/wp\/v2\/media?parent=189"}],"curies":[{"name":"wp","href":"https:\/\/api.w.org\/{rel}","templated":true}]}}