{"id":1819,"date":"2022-11-22T20:47:46","date_gmt":"2022-11-22T19:47:46","guid":{"rendered":"https:\/\/tierisch-verliebt.de\/magazin\/?page_id=1819"},"modified":"2022-11-22T22:11:12","modified_gmt":"2022-11-22T21:11:12","slug":"britisch-kurzhaar-katze-pflege","status":"publish","type":"page","link":"https:\/\/tierisch-verliebt.de\/magazin\/britisch-kurzhaar-katze-pflege\/","title":{"rendered":"Die Pflege der Britisch Kurzhaar Katze"},"content":{"rendered":"<p>Die Pflege einer <a href=\"https:\/\/tierisch-verliebt.de\/magazin\/britisch-kurzhaar\/\">Britisch Kurzhaar Katze<\/a> ist weniger aufwendig, als ihr Anblick zun\u00e4chst vermuten l\u00e4sst. Auf die wichtigsten Punkte in der Pflege Ihrer Katze geht dieser Text ein. Ausf\u00fchrliche Beratungen und geeignete Ausr\u00fcstung erhalten Sie im Fachhandel.<\/p>\n<h2>Die Fellpflege<\/h2>\n<p>Die Britisch Kurzhaar Katze hat, wie der Name nahelegt, ein Kurzhaarfell. Zusammen mit dem dichten Unterfell entsteht das s\u00fc\u00dfe Teddyb\u00e4ren-Aussehen. Wie andere Katzenarten erledigt die Britisch Kurzhaar den Gro\u00dfteil der Fellpflege am liebsten und besten selbst.<\/p>\n<p>F\u00fcr Sie bleibt nicht viel mehr zu tun als Ihre Katze ein- bis zweimal die Woche zu b\u00fcrsten. Damit helfen Sie nicht nur Ihrem vierbeinigen Mitbewohner, sondern reduzieren deutlich das Katzenhaar Aufkommen in ihrer Wohnung. B\u00fcrsten Sie mit der Wuchsrichtung des Felles. Wenn Sie gegen den Strich b\u00fcrsten, rei\u00dfen Sie das Unterfell heraus.<\/p>\n<p><img decoding=\"async\" class=\"size-medium wp-image-1807\" src=\"https:\/\/tierisch-verliebt.de\/magazin\/wp-content\/uploads\/2022\/11\/Britisch-Kurzhaar-Katze-300x201.jpg\" alt=\"Britisch Kurzhaar Katze\" width=\"300\" height=\"201\" srcset=\"https:\/\/tierisch-verliebt.de\/magazin\/wp-content\/uploads\/2022\/11\/Britisch-Kurzhaar-Katze-300x201.jpg 300w, https:\/\/tierisch-verliebt.de\/magazin\/wp-content\/uploads\/2022\/11\/Britisch-Kurzhaar-Katze-1024x685.jpg 1024w, https:\/\/tierisch-verliebt.de\/magazin\/wp-content\/uploads\/2022\/11\/Britisch-Kurzhaar-Katze-768x514.jpg 768w, https:\/\/tierisch-verliebt.de\/magazin\/wp-content\/uploads\/2022\/11\/Britisch-Kurzhaar-Katze-1536x1027.jpg 1536w, https:\/\/tierisch-verliebt.de\/magazin\/wp-content\/uploads\/2022\/11\/Britisch-Kurzhaar-Katze.jpg 1920w\" sizes=\"(max-width: 300px) 100vw, 300px\" \/><\/p>\n<p>Verbinden Sie die Fellpflege mit ausgiebigem Kuscheln und Schmusen, um es f\u00fcr Sie beide zu einem angenehmen Ereignis zu machen. Nutzen Sie eventuell einen speziellen Handschuh, um streicheln und b\u00fcrsten spielerisch zu verbinden.<\/p>\n<p>Vor allem bei Freig\u00e4ngern sollten Sie w\u00e4hrend des B\u00fcrstens die Katze auf Zecken oder Fl\u00f6he absuchen. Gerade w\u00e4hrend des Fellwechsels zwischen Sommer und Winter sollten Sie das B\u00fcrsten besonders gr\u00fcndlich durchf\u00fchren. Dadurch unterst\u00fctzen Sie die Katze beim Fellwechsel, und verringern die Menge an Haaren welche sich \u00fcberall verteilen. Da das Fell die Haut im Winter nicht vor der Sonne sch\u00fctzen muss, ist das Fell weniger dick als im Sommer. Sie brauchen w\u00e4hrend dieser Zeit weniger zu b\u00fcrsten, vernachl\u00e4ssigen Sie es aber nicht.<\/p>\n<h2>Die Krallenpflege<\/h2>\n<p>Wie bei Katzen \u00fcblich besorgt die Britisch Kurzhaar die Krallenpflege selbst. Sie m\u00fcssen einen Kratzbaum, Kratzbrett oder \u00e4hnliches zur Verf\u00fcgung stellen und im guten Zustand halten. Wenn die Katze \u00e4lter wird oder die Krallen aus anderen Gr\u00fcnden zu lang werden, kann es notwendig sein selbst Hand anzulegen. In diesem Fall k\u00f6nnen Sie die Krallen mit einer daf\u00fcr gedachten Krallenschere selber k\u00fcrzen.<\/p>\n<p>Da viele Vierbeiner sich davon nicht begeistert zeigen, holen Sie sich am besten Hilfe von einer Fachperson. Damit entspannen Sie die Beziehung zu Ihrer Katze und sichern ihr die bestm\u00f6gliche Pflege zu. Wenn Sie das K\u00fcrzen der Krallen selber tun m\u00f6chten, sollten Sie sich vorher die richtige Technik zeigen lassen.<\/p>\n<h2>Die Pflege der Ohren<\/h2>\n<p>In den meisten F\u00e4llen brauchen sie sich \u00fcber die Pflege der Ohren Ihrer Katze keine Gedanken zu machen. In Ausnahmef\u00e4llen kann es, gerade bei \u00e4lteren oder kranken Katzen, vorkommen das Sie ihr behilflich sein m\u00fcssen. Holen Sie sich hier auf jeden Fall professionelle Hilfe von einem Tierarzt. Katzen m\u00f6gen es nicht die Ohren geputzt zu bekommen, und verschmutzte diese k\u00f6nnen ein Anzeichen f\u00fcr Parasiten sein. Lassen Sie sich die richtige Technik vom Tierarzt zeigen und pflegen Sie die Ohren nach Anweisungen des Arztes.<\/p>\n<h2>Die \u00e4rztliche Versorgung<\/h2>\n<p>Obwohl die Britisch Kurzhaar eine gesunde Rasse ist bei der wenige Erbkrankheiten geh\u00e4uft vorkommen, sollten Sie regelm\u00e4\u00dfig einen Tierarzt aufsuchen. Dort sollten Sie alle \u00fcblichen Impfungen durchf\u00fchren. Wenn Sie Ihre Katze als Freig\u00e4nger halten, ist eine j\u00e4hrliche Wurmkur ratsam.<\/p>\n<p>Bei dieser Gelegenheit, mindestens einmal im Jahr, sollten sie beim Tierarzt einen kompletten Gesundheitscheck machen lassen. Nur so werden m\u00f6gliche Erkrankungen fr\u00fchzeitig erkannt und behandelt. Ihr Tierarzt ist auch der erste Ansprechpartner, wenn Ihre Katze sich pl\u00f6tzlich ungew\u00f6hnlich verh\u00e4lt. Auff\u00e4lligen \u00c4nderungen im Verhalten sollten Sie in jedem Fall mit ihm besprechen.<\/p>\n<h2>Weitere Artikel zu <strong>Britisch Kurzhaar <\/strong>Katzen<\/h2>\n<ul>\n<li><a href=\"https:\/\/tierisch-verliebt.de\/magazin\/britisch-kurzhaar-katze-haltung\/\">Die Haltung einer Britisch Kurzhaar Katze<\/a><\/li>\n<li><a href=\"https:\/\/tierisch-verliebt.de\/magazin\/britisch-kurzhaar-ernaehrung\/\">Die gesunde Ern\u00e4hrung f\u00fcr Britisch Kurzhaar<\/a><\/li>\n<li><a href=\"https:\/\/tierisch-verliebt.de\/magazin\/britisch-kurzhaar-katze-charakter\/\">Charakter der Britisch Kurzhaar Katze<\/a><\/li>\n<li><a href=\"https:\/\/tierisch-verliebt.de\/magazin\/britisch-kurzhaar-katze-herkunft\/\">Herkunft und Geschichte von Britisch Kurzhaar<\/a><\/li>\n<li><a href=\"https:\/\/tierisch-verliebt.de\/magazin\/britisch-kurzhaar\/\">Britisch Kurzhaar \u2013 Die beliebteste Katze<\/a><\/li>\n<\/ul>\n","protected":false},"excerpt":{"rendered":"<p>Die Pflege einer Britisch Kurzhaar Katze ist weniger aufwendig, als ihr Anblick zun\u00e4chst vermuten l\u00e4sst. Auf die wichtigsten Punkte in<\/p>\n","protected":false},"author":1,"featured_media":1820,"parent":0,"menu_order":0,"comment_status":"closed","ping_status":"closed","template":"","meta":{"ngg_post_thumbnail":0,"footnotes":""},"class_list":["post-1819","page","type-page","status-publish","has-post-thumbnail","hentry","comments-off"],"aioseo_notices":[],"_links":{"self":[{"href":"https:\/\/tierisch-verliebt.de\/magazin\/wp-json\/wp\/v2\/pages\/1819","targetHints":{"allow":["GET"]}}],"collection":[{"href":"https:\/\/tierisch-verliebt.de\/magazin\/wp-json\/wp\/v2\/pages"}],"about":[{"href":"https:\/\/tierisch-verliebt.de\/magazin\/wp-json\/wp\/v2\/types\/page"}],"author":[{"embeddable":true,"href":"https:\/\/tierisch-verliebt.de\/magazin\/wp-json\/wp\/v2\/users\/1"}],"replies":[{"embeddable":true,"href":"https:\/\/tierisch-verliebt.de\/magazin\/wp-json\/wp\/v2\/comments?post=1819"}],"version-history":[{"count":4,"href":"https:\/\/tierisch-verliebt.de\/magazin\/wp-json\/wp\/v2\/pages\/1819\/revisions"}],"predecessor-version":[{"id":1848,"href":"https:\/\/tierisch-verliebt.de\/magazin\/wp-json\/wp\/v2\/pages\/1819\/revisions\/1848"}],"wp:featuredmedia":[{"embeddable":true,"href":"https:\/\/tierisch-verliebt.de\/magazin\/wp-json\/wp\/v2\/media\/1820"}],"wp:attachment":[{"href":"https:\/\/tierisch-verliebt.de\/magazin\/wp-json\/wp\/v2\/media?parent=1819"}],"curies":[{"name":"wp","href":"https:\/\/api.w.org\/{rel}","templated":true}]}}