{"id":1797,"date":"2022-11-01T22:09:05","date_gmt":"2022-11-01T21:09:05","guid":{"rendered":"https:\/\/tierisch-verliebt.de\/magazin\/?page_id=1797"},"modified":"2024-12-19T18:36:12","modified_gmt":"2024-12-19T17:36:12","slug":"cesar-hund-west-highland-white-terrier","status":"publish","type":"page","link":"https:\/\/tierisch-verliebt.de\/magazin\/cesar-hund-west-highland-white-terrier\/","title":{"rendered":"Cesar Hund &#8211; Welche Hunderasse ist der Hund aus Cesar Werbung?"},"content":{"rendered":"<p>Wer kennt ihn nicht, den kleinen, energievollen und struppigen Vierbeiner mit wei\u00dfem Fell? Den ber\u00fchmten Hund Cesar aus der Werbung verbinden die meisten mit einer Hunderasse. Es handelt sich um einen West Highland White Terrier.<\/p>\n\n<h2>Steckbrief<\/h2>\n<p><img decoding=\"async\" alt=\"check\" src=\"https:\/\/tierisch-verliebt.de\/magazin\/wp-content\/uploads\/2019\/06\/check-icon-16.png\"> <strong>Lebenserwartung:<\/strong> 12 bis 16 Jahre<br \/>\n<img decoding=\"async\" alt=\"check\" src=\"https:\/\/tierisch-verliebt.de\/magazin\/wp-content\/uploads\/2019\/06\/check-icon-16.png\"> <strong>Gewicht:<\/strong> 7 bis 9 kg<br \/>\n<img decoding=\"async\" alt=\"check\" src=\"https:\/\/tierisch-verliebt.de\/magazin\/wp-content\/uploads\/2019\/06\/check-icon-16.png\"> <strong>Widerristh\u00f6he:<\/strong> 28 bis 31 cm<br \/>\n<img decoding=\"async\" alt=\"check\" src=\"https:\/\/tierisch-verliebt.de\/magazin\/wp-content\/uploads\/2019\/06\/check-icon-16.png\"> <strong>Charakter:<\/strong> aktiv, aufmerksam, freundlich, mutig<br \/>\n<img decoding=\"async\" alt=\"check\" src=\"https:\/\/tierisch-verliebt.de\/magazin\/wp-content\/uploads\/2019\/06\/check-icon-16.png\"> <strong>Farben:<\/strong> wei\u00df<br \/>\n<img decoding=\"async\" alt=\"check\" src=\"https:\/\/tierisch-verliebt.de\/magazin\/wp-content\/uploads\/2019\/06\/check-icon-16.png\"> <strong>FCI-Gruppe:<\/strong> <a href=\"https:\/\/tierisch-verliebt.de\/magazin\/fci-gruppen\/\">FCI-Gruppe 3<\/a><br \/>\n<img decoding=\"async\" alt=\"check\" src=\"https:\/\/tierisch-verliebt.de\/magazin\/wp-content\/uploads\/2019\/06\/check-icon-16.png\"> <strong>Kosten:<\/strong> Zwischen 1.000 &amp; 1.400 Euro<\/p>\n<p><img decoding=\"async\" class=\"alignnone size-large wp-image-2429\" src=\"https:\/\/tierisch-verliebt.de\/magazin\/wp-content\/uploads\/2023\/08\/West-Highland-White-Terrier-3-1024x683.jpg\" alt=\"West Highland White Terrier (2)\" width=\"910\" height=\"607\" srcset=\"https:\/\/tierisch-verliebt.de\/magazin\/wp-content\/uploads\/2023\/08\/West-Highland-White-Terrier-3-1024x683.jpg 1024w, https:\/\/tierisch-verliebt.de\/magazin\/wp-content\/uploads\/2023\/08\/West-Highland-White-Terrier-3-300x200.jpg 300w, https:\/\/tierisch-verliebt.de\/magazin\/wp-content\/uploads\/2023\/08\/West-Highland-White-Terrier-3-768x512.jpg 768w, https:\/\/tierisch-verliebt.de\/magazin\/wp-content\/uploads\/2023\/08\/West-Highland-White-Terrier-3.jpg 1280w\" sizes=\"(max-width: 910px) 100vw, 910px\" \/><\/p>\n<h2>Wesen und Charakter<\/h2>\n<p>West Highland White Terrier sind freundliche, mutige und lebhafte Hunde. Sie verf\u00fcgen \u00fcber die grundlegenden Charaktereigenschaften von Terriern und haben eine Neigung zur Selbstst\u00e4ndigkeit. Unter dem weichen Fell steckt ein gro\u00dfes Selbstbewusstsein. Der Westie ist ein treuer Hund, der seine Familie \u00fcber alles liebt. Die liebensw\u00fcrdigen Hunde sind verspielt und brauchen viel Besch\u00e4ftigung sowie st\u00e4ndig neue Herausforderungen. Auch mit anderen Hunden versteht sich die Rasse sehr gut.<\/p>\n<p>Es sind keine kleinen Kl\u00e4ffer und im Gegensatz zu anderen <a href=\"https:\/\/tierisch-verliebt.de\/magazin\/terrier\/\">Terrier-Rassen<\/a> nicht aufbrausend oder nerv\u00f6s. Auf Unregelm\u00e4\u00dfigkeiten oder Besuch reagiert der West Highland White Terrier aber dennoch mit einem kr\u00e4ftigen Bellen. Sehr wohl f\u00fchlen sich die Hunde, wenn sie im Mittelpunkt des Geschehens stehen. Sie d\u00fcrfen nicht aufgrund ihrer geringen Gr\u00f6\u00dfe als Scho\u00dfh\u00fcndchen betrachtet werden. In der Rasse steckt ein durchaus stark ausgebildeter Jagdtrieb, der fr\u00fch in den Griff bekommen werden sollte.<\/p>\n<h2>Herkunft und Geschichte<\/h2>\n<p>Die Vorfahren des West Highland White Terrier waren fast schon verschm\u00e4ht. Es waren eher zuf\u00e4llige entstandene Hunde in Richtung der <a href=\"https:\/\/tierisch-verliebt.de\/magazin\/cairn-terrier\/\">Cairn Terrier<\/a>. Der dominierende wei\u00dfe Farbton wurde jedoch mit Schw\u00e4che assoziiert. Ein Jagdherr fand jedoch Gefallen daran. Gegen Ende des 19. Jahrhunderts wurden durch Colonel Edward Donald Malcom ausschlie\u00dflich wei\u00dfe Terrier gez\u00fcchtet. Durch das auffallende wei\u00dfe Fell wurden die Hunde bei der Jagd gut erkannt und nicht mit anderen Tieren verwechselt.<\/p>\n<p>Bereits 1905 gab es in Schottland einen ersten Liebhaberverein. Zwei Jahre sp\u00e4ter wurde die Rasse durch den englischen Kennel-Club als eigenst\u00e4ndig anerkannt. Durch die Hundemarke Cesar erlangte der West Highland White Terrier in den 1990er Jahre in Europa gro\u00dfe Bekanntheit und wurde zu einem Mode-Hund.<\/p>\n<p><img decoding=\"async\" class=\"alignnone size-large wp-image-2428\" src=\"https:\/\/tierisch-verliebt.de\/magazin\/wp-content\/uploads\/2023\/08\/West-Highland-White-Terrier-2-1024x682.jpg\" alt=\"West Highland White Terrier (2)\" width=\"910\" height=\"606\" srcset=\"https:\/\/tierisch-verliebt.de\/magazin\/wp-content\/uploads\/2023\/08\/West-Highland-White-Terrier-2-1024x682.jpg 1024w, https:\/\/tierisch-verliebt.de\/magazin\/wp-content\/uploads\/2023\/08\/West-Highland-White-Terrier-2-300x200.jpg 300w, https:\/\/tierisch-verliebt.de\/magazin\/wp-content\/uploads\/2023\/08\/West-Highland-White-Terrier-2-768x512.jpg 768w, https:\/\/tierisch-verliebt.de\/magazin\/wp-content\/uploads\/2023\/08\/West-Highland-White-Terrier-2.jpg 1280w\" sizes=\"(max-width: 910px) 100vw, 910px\" \/><\/p>\n<h2>\u00dcberlegungen vor der Anschaffung<\/h2>\n<p>Trotz seiner kleinen Gr\u00f6\u00dfe ist der West Highland White Terrier kein Hund f\u00fcr Anf\u00e4nger. Er braucht ein konsequente und selbstbewusste Bezugsperson und <a href=\"https:\/\/tierisch-verliebt.de\/magazin\/hunderziehung-grundlegendes\/\">Erziehung<\/a>. Die liebevollen Kleinhunde eignen sich perfekt als Familie-, sowie als Wohnungs- und Stadthund. Durch eine gute Sozialisierung vertr\u00e4gt er sich gut mit Kindern, anderen Hunden und sogar <a href=\"https:\/\/tierisch-verliebt.de\/magazin\/hund-und-katze-zusammen\/\">Katzen<\/a>.<\/p>\n<p>Die Lebenserwartung liegt bei etwa 12 bis 16 Jahren. Die Haltung eines Haustieres ist nicht nur mit einer gro\u00dfen Verantwortung, sondern auch mit einem hohen zeitlichen und finanziellen Aufwand verbunden. Neben den Anschaffungskosten von bis zu 1.000 Euro f\u00fcr einen West Highland White Terrier kommen Aufwendungen f\u00fcr die Ausstattung und nat\u00fcrlich f\u00fcr die Nahrung hinzu.<\/p>\n<p>Zur Grundausstattung geh\u00f6ren beispielsweis K\u00f6rbchen und Decken, Halsband, Leine, Brustgeschirr, N\u00e4pfe, Autosicherung und Pflegeutensilien wie B\u00fcrste oder Trimmmesser. Daneben sind die Rechnungen f\u00fcr Tierarztbesuche f\u00fcr Impfungen und bei Krankheiten sowie die Tierhalterhaftpflichtversicherung und die Hundesteuer zu bedenken.<\/p>\n<h2>Pflege f\u00fcr den Wohlf\u00fchlfaktor<\/h2>\n<p>Damit sich der Westie wohlf\u00fchlt, braucht er einiges an Pflege. Das strahlend wei\u00dfe <a href=\"https:\/\/tierisch-verliebt.de\/magazin\/pflege-von-fell-und-zaehnen-des-hundes\/\">Fell<\/a> hat auch Nachteile. Bei schlechtem Wetter und im Alltag wird es leicht br\u00e4unlich. Es ist einiges an Zeit und Disziplin erforderlich, damit die kleinen Hunde ihr wundersch\u00f6nes wei\u00dfes Kleid behalten. Dazu geh\u00f6rt das t\u00e4gliche B\u00fcrsten, um ein verfilzen zu vermeiden. Schon Welpen sind durch regelm\u00e4\u00dfige Routine und mit Lob auf die Pflegeeinheiten vorzubereiten. Das Deckhaar f\u00e4llt nicht von allein aus. Es muss vom Herrchen ausgezupft werden.<\/p>\n<p>Am besten funktioniert dies durch regelm\u00e4\u00dfiges Trimmen im Abstand von etwa zehn Wochen. Dabei werden die losen Haare entfernt. Zus\u00e4tzlich kann das Fell an einigen Stellen mit einer Schere gek\u00fcrzt werden. Geschoren werden sollte das Fell aber nicht. Dadurch wird es nur gek\u00fcrzt und nicht ausged\u00fcnnt. Dies kann Hautprobleme nach sich ziehen.<\/p>\n<p><img decoding=\"async\" class=\"alignnone size-large wp-image-2430\" src=\"https:\/\/tierisch-verliebt.de\/magazin\/wp-content\/uploads\/2023\/08\/West-Highland-White-Terrier-1-1024x662.jpg\" alt=\"West Highland White Terrier (2)\" width=\"910\" height=\"588\" srcset=\"https:\/\/tierisch-verliebt.de\/magazin\/wp-content\/uploads\/2023\/08\/West-Highland-White-Terrier-1-1024x662.jpg 1024w, https:\/\/tierisch-verliebt.de\/magazin\/wp-content\/uploads\/2023\/08\/West-Highland-White-Terrier-1-300x194.jpg 300w, https:\/\/tierisch-verliebt.de\/magazin\/wp-content\/uploads\/2023\/08\/West-Highland-White-Terrier-1-768x497.jpg 768w, https:\/\/tierisch-verliebt.de\/magazin\/wp-content\/uploads\/2023\/08\/West-Highland-White-Terrier-1.jpg 1280w\" sizes=\"(max-width: 910px) 100vw, 910px\" \/><\/p>\n<h2>Geeignete Aktivit\u00e4ten<\/h2>\n<p>Die Haltung des West Highland White Terrier ist relativ unkompliziert. Er ben\u00f6tigt nur t\u00e4gliche Sparzierg\u00e4nge um sich wohl zu f\u00fchlen. Trotz des zierlichen Aussehens und des wei\u00dfen Fells strecken die Hunde nicht vor K\u00e4lte, Matsch oder Regen zur\u00fcck. Es darf nie vergessen werden, dass die Rasse urspr\u00fcnglich f\u00fcr die Jagd gez\u00fcchtet wurde. Daher darf er beim Gassi gehen nicht aus den Augen gelassen werden, ansonsten stellt er Dummheiten an.<\/p>\n<p>Das dominante Wesen braucht ein selbstbewusstes und dominantes Herrchen, dass sich viel mit ihm besch\u00e4ftigt. Die ehemaligen <a href=\"https:\/\/tierisch-verliebt.de\/magazin\/jagdhunde\/\">Jagdhunde<\/a> lieben immer noch die Bewegung, m\u00f6gen aber eher gediegene Sparzierg\u00e4nge. Hier k\u00f6nnen sie die Umgebung genauestens ausst\u00f6bern. Mit Begeisterung lernt der West Highland White Terrier kleine Kunstst\u00fcckchen. Er macht aber nur mit, wenn er auch gerade Lust dazu hat.<\/p>\n<h2>Rassemerkmale<\/h2>\n<p>Trotz seiner kleinen Gr\u00f6\u00dfe f\u00e4llt der \u201eWestie\u201c auf. Das reinwei\u00dfe Fell strahlt bereits von weitem. Das charakteristische Aussehen wird durch die schwarze Nase und die dunklen Knopfaugen vervollst\u00e4ndigt. Die kleinen Ohren und der bis zu 15 cm lange Schwanz stehen aufrecht. Das Deckhaar besteht aus etwa 5 cm langem, harschem Haar ohne Locken. Die weiche, dichte Unterwolle befindet sich darunter. Die kleinen Hunde haben ein Gewicht von 7 bis 10 kg und eine Widerristh\u00f6he von bis zu 28 cm.<\/p>\n<h2><img decoding=\"async\" class=\"alignnone size-large wp-image-1881\" src=\"https:\/\/tierisch-verliebt.de\/magazin\/wp-content\/uploads\/2023\/02\/Insektenproteine-in-Hundefutter-1024x682.jpg\" alt=\"Insektenproteine in Hundefutter\" width=\"910\" height=\"606\" srcset=\"https:\/\/tierisch-verliebt.de\/magazin\/wp-content\/uploads\/2023\/02\/Insektenproteine-in-Hundefutter-1024x682.jpg 1024w, https:\/\/tierisch-verliebt.de\/magazin\/wp-content\/uploads\/2023\/02\/Insektenproteine-in-Hundefutter-300x200.jpg 300w, https:\/\/tierisch-verliebt.de\/magazin\/wp-content\/uploads\/2023\/02\/Insektenproteine-in-Hundefutter-768x512.jpg 768w, https:\/\/tierisch-verliebt.de\/magazin\/wp-content\/uploads\/2023\/02\/Insektenproteine-in-Hundefutter.jpg 1280w\" sizes=\"(max-width: 910px) 100vw, 910px\" \/><\/h2>\n<h2>Geeignete Ern\u00e4hrung<\/h2>\n<p>Wie die meisten anderen Hunde auch, sind auch West Highland White Terrier Karnivoren. Daher brauchen sie eine <a href=\"https:\/\/tierisch-verliebt.de\/magazin\/havaneser-ernaehrung\/\">Ern\u00e4hrung<\/a> mit hohem Fleischanteil. Im Idealfall sollte die Nahrung, egal ob Nass- oder Trockenfutter kein Getreide enthalten. Nach dem Umzug ins neue zuhause sollte der Westie vorerst sein gewohntes <a href=\"https:\/\/tierisch-verliebt.de\/magazin\/insektenproteine-in-hundefutter\/\">Futter<\/a> bekommen. Wird dieses umgestellt werden, sollte dies behutsam und schrittweise geschehen.<\/p>\n<p>Das gleiche gilt bei der Umstellung von Welpennahrung auf Futter f\u00fcr erwachsene Hunde. Wird der Wechsel zu schnell vollzogen, besteht die Gefahr einer Durchfallerkrankung. Jungtier erhalten pro Tag bis zu vier Mahlzeiten. Bei ausgewachsenem West Highland White Terrier gen\u00fcgen normalerweise zwei t\u00e4gliche Rationen. Die Hunde neigen schnell zu \u00dcbergewicht, wenn nicht entsprechend der Gr\u00f6\u00dfe, des Gewichtes und des Aktivit\u00e4tsgrad gef\u00fcttert wird.<\/p>\n<p>Auch Leckerlis sind in diese Rechnung mit aufzunehmen. Daneben ist nat\u00fcrlich immer auf ausreichend Bewegung der Tier zu achten. Mit Trockenkauartikeln wie Rinderohren und speziellen Zahnpflegesnacks k\u00f6nnen die Z\u00e4hne strahlend wei\u00df gehalten werden.<\/p>\n<h2>Fazit: West Highland White Terrier<\/h2>\n<p>Der West Highland White Terrier ist der perfekte Hund f\u00fcr die Familie. Er ben\u00f6tigt zwar wenig Platz, daf\u00fcr aber viel Bewegung und Pflege. Sein Temperament darf jedoch nicht untersch\u00e4tzt werden. Er ist alles andere, als ein Scho\u00dfhund. Urspr\u00fcnglich wurde die Rasse f\u00fcr die Jagd gez\u00fcchtet. Dies ist den Hunden auch heute noch anzumerken.<\/p>\n<h2 data-pm-slice=\"1 1 []\">FAQ`s<\/h2>\n<p>Hier beantworten wir einige h\u00e4ufig gestellte Fragen, die Ihnen helfen k\u00f6nnen, Ihren West Highland White Terrier besser zu verstehen und optimal zu versorgen.<\/p>\n<p><img decoding=\"async\" class=\"alignnone size-large wp-image-2843\" src=\"https:\/\/tierisch-verliebt.de\/magazin\/wp-content\/uploads\/2024\/12\/West-Highland-White-Terrier-1024x682.jpg\" alt=\"\" width=\"910\" height=\"606\" srcset=\"https:\/\/tierisch-verliebt.de\/magazin\/wp-content\/uploads\/2024\/12\/West-Highland-White-Terrier-1024x682.jpg 1024w, https:\/\/tierisch-verliebt.de\/magazin\/wp-content\/uploads\/2024\/12\/West-Highland-White-Terrier-300x200.jpg 300w, https:\/\/tierisch-verliebt.de\/magazin\/wp-content\/uploads\/2024\/12\/West-Highland-White-Terrier-768x512.jpg 768w, https:\/\/tierisch-verliebt.de\/magazin\/wp-content\/uploads\/2024\/12\/West-Highland-White-Terrier.jpg 1280w\" sizes=\"(max-width: 910px) 100vw, 910px\" \/><\/p>\n<h3>Wie oft sollte ein West Highland White Terrier gebadet werden?<\/h3>\n<p>West Highland White Terrier sollten nur bei Bedarf gebadet werden, etwa wenn ihr Fell stark verschmutzt ist. Zu h\u00e4ufiges Baden kann die Haut reizen und die nat\u00fcrlichen \u00d6le entfernen. Verwenden Sie immer ein mildes Hundeshampoo.<\/p>\n<h3>Sind West Highland White Terrier f\u00fcr Allergiker geeignet?<\/h3>\n<p>Diese Rasse haart vergleichsweise wenig, sodass sie f\u00fcr einige Allergiker geeignet sein kann. Dennoch h\u00e4ngt dies von der individuellen Allergie ab, weshalb ein vorheriger Kontakt mit dem Hund ratsam ist.<\/p>\n<h3>Kann ein West Highland White Terrier allein zu Hause gelassen werden?<\/h3>\n<p>Diese Hunde k\u00f6nnen f\u00fcr einige Stunden allein bleiben, sollten aber nicht regelm\u00e4\u00dfig \u00fcber l\u00e4ngere Zeitr\u00e4ume allein gelassen werden, da sie sozial und menschenbezogen sind. Eine schrittweise Gew\u00f6hnung an das Alleinsein ist hilfreich.<\/p>\n<h3>Wie gut vertr\u00e4gt ein West Highland White Terrier kalte oder hei\u00dfe Temperaturen?<\/h3>\n<p>Westies vertragen kalte Temperaturen besser als hei\u00dfe. Bei hohen Temperaturen sollte darauf geachtet werden, dass der Hund Zugang zu Schatten und Wasser hat und k\u00f6rperliche Aktivit\u00e4ten auf die k\u00fchleren Tageszeiten beschr\u00e4nkt werden.<\/p>\n","protected":false},"excerpt":{"rendered":"<p>Wer kennt ihn nicht, den kleinen, energievollen und struppigen Vierbeiner mit wei\u00dfem Fell? Den ber\u00fchmten Hund Cesar aus der Werbung<\/p>\n","protected":false},"author":2,"featured_media":1798,"parent":0,"menu_order":0,"comment_status":"closed","ping_status":"closed","template":"","meta":{"ngg_post_thumbnail":0,"footnotes":""},"class_list":["post-1797","page","type-page","status-publish","has-post-thumbnail","hentry","comments-off"],"aioseo_notices":[],"_links":{"self":[{"href":"https:\/\/tierisch-verliebt.de\/magazin\/wp-json\/wp\/v2\/pages\/1797","targetHints":{"allow":["GET"]}}],"collection":[{"href":"https:\/\/tierisch-verliebt.de\/magazin\/wp-json\/wp\/v2\/pages"}],"about":[{"href":"https:\/\/tierisch-verliebt.de\/magazin\/wp-json\/wp\/v2\/types\/page"}],"author":[{"embeddable":true,"href":"https:\/\/tierisch-verliebt.de\/magazin\/wp-json\/wp\/v2\/users\/2"}],"replies":[{"embeddable":true,"href":"https:\/\/tierisch-verliebt.de\/magazin\/wp-json\/wp\/v2\/comments?post=1797"}],"version-history":[{"count":5,"href":"https:\/\/tierisch-verliebt.de\/magazin\/wp-json\/wp\/v2\/pages\/1797\/revisions"}],"predecessor-version":[{"id":2844,"href":"https:\/\/tierisch-verliebt.de\/magazin\/wp-json\/wp\/v2\/pages\/1797\/revisions\/2844"}],"wp:featuredmedia":[{"embeddable":true,"href":"https:\/\/tierisch-verliebt.de\/magazin\/wp-json\/wp\/v2\/media\/1798"}],"wp:attachment":[{"href":"https:\/\/tierisch-verliebt.de\/magazin\/wp-json\/wp\/v2\/media?parent=1797"}],"curies":[{"name":"wp","href":"https:\/\/api.w.org\/{rel}","templated":true}]}}