{"id":1749,"date":"2022-09-18T16:43:51","date_gmt":"2022-09-18T14:43:51","guid":{"rendered":"https:\/\/tierisch-verliebt.de\/magazin\/?page_id=1749"},"modified":"2022-11-24T19:52:46","modified_gmt":"2022-11-24T18:52:46","slug":"ragdoll-charakter","status":"publish","type":"page","link":"https:\/\/tierisch-verliebt.de\/magazin\/ragdoll-charakter\/","title":{"rendered":"Charakter einer Ragdoll Katze"},"content":{"rendered":"<p>Ragdoll Katzen sind im Vergleich zu ihren Artgenossen sehr viel gr\u00f6\u00dfer. Urspr\u00fcnglich stammt die sehr gro\u00dfe Katzenart aus den USA. Heutzutage erfreut sich die Ragdoll Katze an gro\u00dfer Beliebtheit und die Anzahl ihrer Fans nimmt weiterhin zu. Wenn die Besitzer der Katze in ihrem zu Hause genug Platz haben f\u00fcr ein Tier, das im ausgewachsenen Alter \u00e4hnlich gro\u00df sein kann wie ein Hund, sind die Rahmenbedingungen sehr gut. Dennoch gibt es neben dem Angebot an Platz und der richtigen Ern\u00e4hrung wichtige Dinge, die es \u00fcber die besondere Katzenart zu wissen gilt. Hierzu z\u00e4hlt unter Anderem der einzigartige Charakter der Ragdoll Katze.<br \/>\n<!--more--><\/p>\n<h2>Die Eigenschaften des Charakters der Ragdoll Katze<\/h2>\n<p>Die Ragdoll Katzen gelten als sehr ausgeglichene Tiere. Sie sind gerne in Gesellschaft ihrer Besitzerin oder ihres Besitzers. Alleine sein m\u00f6gen sie hingegen nicht. Daher ist es wichtig, dass genug Zeit f\u00fcr die Betreuung und Pflege der Katze zur Verf\u00fcgung steht. Die Haltung einer Ragdoll Katze bedeutet f\u00fcr die Besitzer, dass diese nicht mehr alleine sind. Hat sich die Katze erst einmal eingelebt, wird sie ihrer neuen Familie nicht mehr von der Seite weichen.<\/p>\n<p>Eine Ragdoll Katze m\u00f6chte \u00fcberall mit dabei sein und alles nur nicht alleine gelassen werden. Sie folgt dem Menschen auf Schritt und Tritt. Dies ist ein sehr wichtiges Merkmal, das diese besondere Katzenart von anderen Katzen unterscheidet. Nat\u00fcrlich muss die Gesellschaft nicht immer und nur von einem Menschen kommen.<\/p>\n<p>Es ist m\u00f6glich, die Katze gemeinsam mit einem Artgenossen zu halten. Dies ist insbesondere dann eine gute Idee, wenn die Besitzerin oder der Besitzer nicht genug Zeit hat, um auf die Bed\u00fcrfnisse der Katze gut eingehen zu k\u00f6nnen. Da die Ragdoll Katze ein sehr soziales Wesen ist, versteht sie sich sehr gut mit anderen Katzen. Dies ist ein entscheidender Vorteil dieser Rasse gegen\u00fcber anderen Katzenarten.<\/p>\n<h2>Ragdoll &#8211; verschmuste Familienkatze<\/h2>\n<p>Am wichtigsten ist der Ragdoll Katze Aufmerksamkeit und Beachtung. Aus diesem Grund kann sie sehr gut zu Hause gehalten werden. Freigang ist der Ragdoll Katze weniger wichtig als anderen Katzenarten. Zu beachten ist jedoch, dass aufgrund der gro\u00dfen K\u00f6rpergr\u00f6\u00dfe ausreichend Platz in der Wohnung f\u00fcr die Katze vorhanden sein muss.<\/p>\n<p>Die Ragdoll Katze ist schlau. Sie neigt nicht zur Tollpatschigkeit. Sie tobt nicht unkontrolliert. Dennoch ist sie sehr verspielt. Durch ihre verspielte Art versteht sie sich auch bestens mit Kindern und sie ist au\u00dfergew\u00f6hnlich lieb zu Kindern. Dar\u00fcber hinaus kann sie lustig sein.<\/p>\n<p>Weiterhin ist es wichtig, zu wissen, dass diese Katzenart eher still ist. Wenn die Ragdoll Katze nicht miaut, ist dies kein schlechtes Zeichen. Im Allgemeinen ist es so, dass diese Katzen ruhig sind und dann miauen, wenn sie auch wirklich einen Grund dazu haben. Dieser kann zum Beispiel sein, dass sie Aufmerksamkeit haben m\u00f6chte. In diesem Fall kann es dann durchaus passieren, dass das Miauen sehr laut wird.<\/p>\n<p>Dar\u00fcber hinaus gelten Ragdoll Katzen als sehr lernf\u00e4hig, geduldig und gelassen. Beim Spielen sollen sie selten die Krallen zeigen. Dies deutet daraufhin, dass sie eine sehr gutm\u00fctige Katze ist, die sind nicht b\u00f6sartig gegen\u00fcber Menschen oder anderen Tieren verh\u00e4lt. Sie ist ein hervorragendes Haustier, das sich leicht in die Familie integriert.<\/p>\n<h2>Weitere Artikel zu Ragoll Katzen<\/h2>\n<ul>\n<li><a href=\"https:\/\/tierisch-verliebt.de\/magazin\/ragdoll-haltung\/\">Die Haltung einer Ragdoll Katze<\/a><\/li>\n<li><a href=\"https:\/\/tierisch-verliebt.de\/magazin\/ragdoll-pflege\/\">Die Pflege einer Ragdoll Katze<\/a><\/li>\n<li><a href=\"https:\/\/tierisch-verliebt.de\/magazin\/ragdoll-ernaehrung\/\">Die Ern\u00e4hrung einer Ragdoll Katze<\/a><\/li>\n<li><a href=\"https:\/\/tierisch-verliebt.de\/magazin\/ragdoll-zuechter\/\">Ragdoll Z\u00fcchter in Deutschland<\/a><\/li>\n<li><a href=\"https:\/\/tierisch-verliebt.de\/magazin\/ragdoll\/\">Gro\u00dfe Katze mit gro\u00dfem Herz &#8211; Die Ragdoll im Portrait<\/a><\/li>\n<li><a href=\"https:\/\/tierisch-verliebt.de\/magazin\/ragdoll-geschichte\/\">Die Geschichte der Ragdollkatze<\/a><\/li>\n<\/ul>\n","protected":false},"excerpt":{"rendered":"<p>Ragdoll Katzen sind im Vergleich zu ihren Artgenossen sehr viel gr\u00f6\u00dfer. Urspr\u00fcnglich stammt die sehr gro\u00dfe Katzenart aus den USA.<\/p>\n","protected":false},"author":2,"featured_media":1750,"parent":0,"menu_order":0,"comment_status":"closed","ping_status":"closed","template":"","meta":{"ngg_post_thumbnail":0,"footnotes":""},"class_list":["post-1749","page","type-page","status-publish","has-post-thumbnail","hentry","comments-off"],"aioseo_notices":[],"_links":{"self":[{"href":"https:\/\/tierisch-verliebt.de\/magazin\/wp-json\/wp\/v2\/pages\/1749","targetHints":{"allow":["GET"]}}],"collection":[{"href":"https:\/\/tierisch-verliebt.de\/magazin\/wp-json\/wp\/v2\/pages"}],"about":[{"href":"https:\/\/tierisch-verliebt.de\/magazin\/wp-json\/wp\/v2\/types\/page"}],"author":[{"embeddable":true,"href":"https:\/\/tierisch-verliebt.de\/magazin\/wp-json\/wp\/v2\/users\/2"}],"replies":[{"embeddable":true,"href":"https:\/\/tierisch-verliebt.de\/magazin\/wp-json\/wp\/v2\/comments?post=1749"}],"version-history":[{"count":5,"href":"https:\/\/tierisch-verliebt.de\/magazin\/wp-json\/wp\/v2\/pages\/1749\/revisions"}],"predecessor-version":[{"id":1862,"href":"https:\/\/tierisch-verliebt.de\/magazin\/wp-json\/wp\/v2\/pages\/1749\/revisions\/1862"}],"wp:featuredmedia":[{"embeddable":true,"href":"https:\/\/tierisch-verliebt.de\/magazin\/wp-json\/wp\/v2\/media\/1750"}],"wp:attachment":[{"href":"https:\/\/tierisch-verliebt.de\/magazin\/wp-json\/wp\/v2\/media?parent=1749"}],"curies":[{"name":"wp","href":"https:\/\/api.w.org\/{rel}","templated":true}]}}