{"id":1743,"date":"2022-09-18T21:59:32","date_gmt":"2022-09-18T19:59:32","guid":{"rendered":"https:\/\/tierisch-verliebt.de\/magazin\/?page_id=1743"},"modified":"2022-11-24T19:52:52","modified_gmt":"2022-11-24T18:52:52","slug":"ragdoll-ernaehrung","status":"publish","type":"page","link":"https:\/\/tierisch-verliebt.de\/magazin\/ragdoll-ernaehrung\/","title":{"rendered":"Die Ern\u00e4hrung einer Ragdoll Katze"},"content":{"rendered":"<p>Die Eigenschaften der Ragdoll Katze sind vielf\u00e4ltig. Da sind beispielsweise ihre strahlend blauen Augen, das wundersch\u00f6ne Fell und ihre au\u00dfergew\u00f6hnliche Farbe. Es ist daher nicht verwunderlich, dass sich viele Katzenbesitzer bei der Frage nach der richtigen Rasse f\u00fcr diese besondere Rasse entscheiden. Entscheidend f\u00fcr das Gl\u00fcck der Katze ist nat\u00fcrlich &#8211; wie bei jedem anderen Lebewesen auch &#8211; eine richtige und gute Ern\u00e4hrung. Der folgende Text beinhaltet eine Zusammenfassung dessen, welche Ern\u00e4hrung f\u00fcr die Ragdoll Katze gut geeignet ist.<br \/>\n<!--more--><\/p>\n<h2>Ern\u00e4hrung in der Wachstumsphase der Ragdoll Katze<\/h2>\n<p>Wenn wir uns mit der richtigen Ern\u00e4hrung f\u00fcr die Ragdoll Katze besch\u00e4ftigen, ist es ratsam gleich zu Beginn, eine Besonderheit dieser Katzenrasse zu betrachten: die au\u00dfergew\u00f6hnliche Gr\u00f6\u00dfe. Aufgrund ihrer sehr gro\u00dfen K\u00f6rpergr\u00f6\u00dfe durchlebt die Ragdoll Katze im Laufe ihrer Entwicklung gleich mehrere sehr heftige Wachstumssch\u00fcbe. Daher ist es sehr wichtig, dass die Katze eine sehr gute, qualitativ hochwertige und artgerechte Ern\u00e4hrung von ihrem Besitzer bekommt. Nur so kann es gelingen, eine gesunde Katze heranzuz\u00fcchten und die Entwicklung bestm\u00f6glich zu unterst\u00fctzen.<\/p>\n<p>Als Besitzer einer so gro\u00dfen und besonderen Katze ist es wichtig, zu wissen, dass die Katze w\u00e4hrend der Phase ihres Wachstums so viel fressen darf, wie sie m\u00f6chte. Dabei ist zu beachten, dass eine Ragdoll Katze erst im Alter von etwa vier Jahren ausgewachsen ist. Erst nachdem die Katze ihre Wachstumsphase beendet hat, ist es der Besitzerin\/ dem Besitzer zu empfehlen, die Menge des Futters zu optimieren. Durch die Optimierung des Futters kann eine unn\u00f6tige Gewichtszunahme vermieden werden.<\/p>\n<h2>Die M\u00f6glichkeiten der Ern\u00e4hrung &#8211; Hochwertiges Katzenfutter oder selbst kochen<\/h2>\n<p>Im Prinzip spielt es keine Rolle, ob die Ragdoll Katze mit selbst gekochter Nahrung oder hochwertiger gekaufter Nahrung aus dem Fachhandel gef\u00fcttert wird. Wichtig ist jedoch, dass die Nahrung einen gro\u00dfen Anteil an hochwertigen Protein aufweist. Generell ist es zu empfehlen, die Ragdoll Katze mit hochwertigem Nassfutter zu f\u00fcttern. Der Grund daf\u00fcr ist der sehr hohe Feuchtigkeitsgehalt dieses Futters. Dieser ist besonders wichtig f\u00fcr diese Katzenrasse. Begr\u00fcndet wird dies dadurch, dass die Ragdoll Katze eine Veranlagung zu Nieren- und Blasensteinen hat. Dies ist auch bei der Auswahl der richtigen Nahrung zu beachten. Mit Nassfutter erh\u00e4lt die Katze daher die am besten geeignete Nahrung um dieser Veranlagung entsprechend entgegen wirken zu k\u00f6nnen.<\/p>\n<p>Dar\u00fcber hinaus kann das Futter dazu dienen, die Haut und das Fell der Katze zu pflegen. Wichtig hierbei sind die Bestandteile des Futters. Sehr gut sind N\u00e4hrstoffreiche Futter-Varianten. Dabei sollte darauf geachtet werden, dass diese zum Beispiel Aminos\u00e4uren, Vitamine und Omega-3- und 6-Fetts\u00e4uren beinhalten.<\/p>\n<h2>Welche Mengen sind richtig f\u00fcr die Ragdoll Katze?<\/h2>\n<p>F\u00fcr eine Ragdoll Katze im Wachstum sind 200g bis 400g gutes hochwertiges Nassfutter pro Tag empfehlenswert. Dar\u00fcber hinaus kann Trockenfutter zugef\u00fcttert werden. Wie bereits erw\u00e4hnt, kann das Futter reduziert werden, wenn die Katze ausgewachsen ist. Die richtige Menge liegt ungef\u00e4hr bei 100g bis 200g Nassfutter je Tag. Auch bei ausgewachsenen Tieren kann mit Trockenfutter zugef\u00fcttert werden.<\/p>\n<p><strong>Zum Schluss noch ein Hinweis zu den Futtern\u00e4pfen<\/strong><br \/>\nEs ist am besten Futtern\u00e4pfe aus Keramik zu verwenden. Diese haben gegen\u00fcber Futtern\u00e4pfen aus Plastik den Vorteil, dass sie keine Weichmacher beinhalten und daher der Katze nicht schaden.<\/p>\n<h2>Weitere Artikel zu Ragdoll Katzen<\/h2>\n<ul>\n<li><a href=\"https:\/\/tierisch-verliebt.de\/magazin\/ragdoll-charakter\/\">Charakter einer Ragdoll Katze<\/a><\/li>\n<li><a href=\"https:\/\/tierisch-verliebt.de\/magazin\/ragdoll-haltung\/\">Die Haltung einer Ragdoll Katze<\/a><\/li>\n<li><a href=\"https:\/\/tierisch-verliebt.de\/magazin\/ragdoll-pflege\/\">Die Pflege einer Ragdoll Katze<\/a><\/li>\n<li><a href=\"https:\/\/tierisch-verliebt.de\/magazin\/ragdoll-zuechter\/\">Ragdoll Z\u00fcchter in Deutschland<\/a><\/li>\n<li><a href=\"https:\/\/tierisch-verliebt.de\/magazin\/ragdoll\/\">Gro\u00dfe Katze mit gro\u00dfem Herz &#8211; Die Ragdoll im Portrait<\/a><\/li>\n<li><a href=\"https:\/\/tierisch-verliebt.de\/magazin\/ragdoll-geschichte\/\">Die Geschichte der Ragdollkatze<\/a><\/li>\n<\/ul>\n","protected":false},"excerpt":{"rendered":"<p>Die Eigenschaften der Ragdoll Katze sind vielf\u00e4ltig. Da sind beispielsweise ihre strahlend blauen Augen, das wundersch\u00f6ne Fell und ihre au\u00dfergew\u00f6hnliche<\/p>\n","protected":false},"author":2,"featured_media":1744,"parent":0,"menu_order":0,"comment_status":"closed","ping_status":"closed","template":"","meta":{"ngg_post_thumbnail":0,"footnotes":""},"class_list":["post-1743","page","type-page","status-publish","has-post-thumbnail","hentry","comments-off"],"aioseo_notices":[],"_links":{"self":[{"href":"https:\/\/tierisch-verliebt.de\/magazin\/wp-json\/wp\/v2\/pages\/1743","targetHints":{"allow":["GET"]}}],"collection":[{"href":"https:\/\/tierisch-verliebt.de\/magazin\/wp-json\/wp\/v2\/pages"}],"about":[{"href":"https:\/\/tierisch-verliebt.de\/magazin\/wp-json\/wp\/v2\/types\/page"}],"author":[{"embeddable":true,"href":"https:\/\/tierisch-verliebt.de\/magazin\/wp-json\/wp\/v2\/users\/2"}],"replies":[{"embeddable":true,"href":"https:\/\/tierisch-verliebt.de\/magazin\/wp-json\/wp\/v2\/comments?post=1743"}],"version-history":[{"count":5,"href":"https:\/\/tierisch-verliebt.de\/magazin\/wp-json\/wp\/v2\/pages\/1743\/revisions"}],"predecessor-version":[{"id":1854,"href":"https:\/\/tierisch-verliebt.de\/magazin\/wp-json\/wp\/v2\/pages\/1743\/revisions\/1854"}],"wp:featuredmedia":[{"embeddable":true,"href":"https:\/\/tierisch-verliebt.de\/magazin\/wp-json\/wp\/v2\/media\/1744"}],"wp:attachment":[{"href":"https:\/\/tierisch-verliebt.de\/magazin\/wp-json\/wp\/v2\/media?parent=1743"}],"curies":[{"name":"wp","href":"https:\/\/api.w.org\/{rel}","templated":true}]}}