{"id":1707,"date":"2022-09-16T22:53:09","date_gmt":"2022-09-16T20:53:09","guid":{"rendered":"https:\/\/tierisch-verliebt.de\/magazin\/?page_id=1707"},"modified":"2023-11-09T16:02:14","modified_gmt":"2023-11-09T15:02:14","slug":"maine-coon-wissenswertes","status":"publish","type":"page","link":"https:\/\/tierisch-verliebt.de\/magazin\/maine-coon-wissenswertes\/","title":{"rendered":"Wissenswertes \u00fcber Maine Coon Katze"},"content":{"rendered":"<h2>Die Popularit\u00e4t der Rasse<\/h2>\n<p>Der Maine Coon ist eine einheimische Rasse Nordamerikas, eine der \u00e4ltesten Katzenrassen der Aborigines. Die Entwicklung der Maine Coon-Rasse begann vor etwa 250 Jahren im nordamerikanischen Bundesstaat Maine, der ein ziemlich raues Klima mit k\u00fchlen kurzen Sommern und langen kalten Wintern aufweist. Unter solchen Bedingungen entwickelten sich diese Katzen.<br \/>\n<!--more--><\/p>\n<p>Mitte des 19. Jahrhunderts fand die erste \u00f6ffentliche Auff\u00fchrung des Maine Coon statt. Eine sehr gro\u00dfe Katze wurde zu einer Messe in Maine gebracht, wo man sie erfolgreich demonstrierte. Auf solchen Messen versuchten die Menschen, alles zu zeigen, was etwas Besonderes darstellte. Bei diesen Tieren war das vor allem ihre Gr\u00f6\u00dfe. Deshalb fanden massive Maine Coons schnell ihre Bewunderer. Ende des 19. Jahrhunderts interessierten sich auch Stadtbewohner f\u00fcr solche Katzen, Vertreter von Maine Coons traten immer wieder auf Ausstellungen auf.<\/p>\n<p>Die Popularit\u00e4t der Rasse wuchs, Maine Coon Katzen wurden im Laufe der Zeit auch in viele andere L\u00e4nder exportiert. Irgendwann seit Beginn des 20. Jahrhunderts gab es eine Flaute in der Entwicklung der Rasse. Seit 40 Jahren nehmen Maine Coons nicht mehr an Katzenausstellungen teil. Fans dieser Rasse aus Nordamerika wollten die Situation \u00e4ndern. Ab Mitte des 20. Jahrhunderts bewunderte man wieder die Tiere.<\/p>\n<h2>Wissenschaft<\/h2>\n<p>Die Geschichte von Maine Coons ist sehr interessant und faszinierend. Die Leute vergleichen sie mit Waschb\u00e4ren, sie sind auf der ganzen Welt beliebt. Diese Katzen \u00fcberraschen mit Anmut, ungew\u00f6hnlichen Gr\u00f6\u00dfen und freundlichem Charakter. Entgegen vieler Meinungen erschienen die ersten Vertreter der Rasse ohne menschliche Beteiligung an der Zucht. Die nat\u00fcrliche Auslese machte diese Katzen zu dem, was sie heute sind. Dies wird durch genetische Forschung bewiesen. Es gibt viele Legenden.<\/p>\n<p>Einige Personen behaupten, dass die Vorfahren der Rasse als Ergebnis der Kreuzung einer Hauskatze und eines Waschb\u00e4ren erschienen sind, daher der lange, buschige Schwanz und die charakteristische Farbe. Andere glauben, dass es nicht ohne die Teilnahme des Luchses war &#8211; daher die Quasten an den Ohren.<\/p>\n<p>Beide Versionen wurden von Experten wissenschaftlich nicht best\u00e4tigt. Die offizielle Version ist einfach: Maine Coons erschien als Ergebnis der nat\u00fcrlichen Entwicklung, und die charakteristischen Merkmale der Rasse, zum Beispiel beeindruckende Gr\u00f6\u00dfe und dichtes langes Haar, sind eine nat\u00fcrliche \u00dcberlebensnotwendigkeit in den harten n\u00f6rdlichen Wintern.<\/p>\n<h2>Noch Wissenwertes&nbsp;<\/h2>\n<p>Anfangs lebten Maine Coons auf Farmen, wo sie nach Nagetieren jagten und auf die Felder aufpassten. 1885 waren Riesenkatzen auf der Maine Country Fair ein gro\u00dfer Erfolg und verbreiteten sich bald in ganz Amerika.<\/p>\n<p>Trotz ihres Aussehens sind Maine Coons sehr gesellige und liebevolle Tiere. Sie sind ihren Besitzern sehr verbunden, w\u00e4hrend sie v\u00f6llig unauff\u00e4llig sind und ruhig Einsamkeit ertragen. Die Katzen verstehen sich gut mit den Kindern. Sie nehmen auch gern an ihren Aktivit\u00e4ten teil und zeigen keine Aggression, sogar wenn die Kleinen mit ihnen herumspielen und an ihren Schw\u00e4nzen ziehen.<\/p>\n<p>Diese Katzen verstehen sich gut mit anderen Haustieren, aber nat\u00fcrlich mit Ausnahme von kleinen V\u00f6geln und Nagetieren. Ihr Jagdinstinkt ist sehr hoch entwickelt, daher wird der Maine Coon gerne seine Krallenpfote f\u00fcr einen Fisch ins Aquarium werfen oder versuchen, den Hamster aus dem K\u00e4fig zu holen. Wie alle Katzen lieben Maine Coons Spiele im Freien, besonders wenn sie jemanden jagen m\u00fcssen. Die Katze m\u00f6chte immer besch\u00e4ftigt sein.<\/p>\n<h2>Ein Privathaus ideal<\/h2>\n<p>F\u00fcr die Maine Coon ist ein Privathaus ideal. Im Hof kann die Katze herumtoben und jagen. Ist der Besitzer in einer Wohnung, wird er das Tier wohl h\u00e4ufiger an der Leine f\u00fchren. Man sollte immer die Fenster im Blick behalten. Die Katzen sind sehr neugierig und k\u00f6nnen aus einem offenen Fenster herausfallen.<\/p>\n<p>Und obwohl der Maine Coon ideal an die harten Lebensumst\u00e4nde wie frostige Winter angepasst ist, ben\u00f6tigt das Tier sorgf\u00e4ltige Pflege. Dies gilt zun\u00e4chst f\u00fcr das Fell des Tieres. Die Besitzer baden die Katze alle sechs Monate mit einem speziellen Shampoo f\u00fcr langhaarige Rassen.<\/p>\n<p>Die Sauberkeit der Toilette ist auch wichtig: Es eignet sich gut holziger F\u00fcllstoff. Ein spezielles Deodorant f\u00fcr Katzen aus der Tierarztapotheke beseitigt optimal die Ger\u00fcche.<\/p>\n<h2>Futter<\/h2>\n<p>Bei der Ern\u00e4hrung der Maine Coons gibt es etliche Varianten. Der erste Weg sollte zum Tierarzt f\u00fchren, da bekommt man professionelle Ratschl\u00e4ge. Vielleicht wird auch ein &#8220;nat\u00fcrliches&#8221; Futter empfohlen. Rohes und gekochtes Rindfleisch, gekochtes H\u00e4hnchen, Kaninchenfleisch und Pute sind geeignet, aber es ist besser, Schweine-, G\u00e4nse- oder Entenfleisch sowie W\u00fcrstchen und ger\u00e4uchertes Fleisch abzulehnen.<\/p>\n<p>Fisch sollte fettarm sein. Die Katzen d\u00fcrfen Sauermilch, gekochtes Eigelb oder Wachteleier essen. Um den Bedarf der Katze an Ballaststoffen und Vitaminen zu decken, f\u00fcttern die Besitzer Brei mit Getreide. Es sollte auch immer genug Wasser vorhanden sein, das sie so oft wie m\u00f6glich wechseln.<\/p>\n<h2>Intelligenz<\/h2>\n<p>Maine Coons zeichnen sich durch hohe Intelligenz aus. Sie reagieren schnell auf die Intonation, finden also heraus, was der Besitzer will. Sie verstehen ihn vom ersten Wort oder der ersten Geste an. Maine Coons k\u00f6nnen einfache Befehle ausf\u00fchren, z. B. ein Objekt bringen, auf Wunsch des Herrchens eine Pfote geben oder miauen. Die Hauptsache ist, die Katze nicht zu zwingen, ihre Stimme nicht zu erheben und nicht zu vergessen, sie f\u00fcr jeden Erfolg mit leckerem Futter zu verw\u00f6hnen.<\/p>\n<h2>Weitere Artikel zu Maine Coon Katzen<\/h2>\n<ul>\n<li><a href=\"https:\/\/tierisch-verliebt.de\/magazin\/maine-coon-charakter\/\">Charakter der Maine Coon Katze<\/a><\/li>\n<li><a href=\"https:\/\/tierisch-verliebt.de\/magazin\/maine-coon-haltung\/\">5 Tipps f\u00fcr die Haltung einer Maine Coon Katze<\/a><\/li>\n<li><a href=\"https:\/\/tierisch-verliebt.de\/magazin\/maine-coon-pflege\/\">Die richtige Pflege der Maine Coon<\/a><\/li>\n<li><a href=\"https:\/\/tierisch-verliebt.de\/magazin\/maine-coon-ernaehrung\/\">Was ist die beste Ern\u00e4hrung f\u00fcr Ihre Maine Coon Katze<\/a><\/li>\n<li><a href=\"https:\/\/tierisch-verliebt.de\/magazin\/maine-coon-inzucht\/\">Inzucht &#8211; Wieviel Inzucht darf bei einer Maine Coon Katze sein?<\/a><\/li>\n<\/ul>\n","protected":false},"excerpt":{"rendered":"<p>Die Popularit\u00e4t der Rasse Der Maine Coon ist eine einheimische Rasse Nordamerikas, eine der \u00e4ltesten Katzenrassen der Aborigines. Die Entwicklung<\/p>\n","protected":false},"author":2,"featured_media":1708,"parent":0,"menu_order":0,"comment_status":"closed","ping_status":"closed","template":"","meta":{"ngg_post_thumbnail":0,"footnotes":""},"class_list":["post-1707","page","type-page","status-publish","has-post-thumbnail","hentry","comments-off"],"aioseo_notices":[],"_links":{"self":[{"href":"https:\/\/tierisch-verliebt.de\/magazin\/wp-json\/wp\/v2\/pages\/1707","targetHints":{"allow":["GET"]}}],"collection":[{"href":"https:\/\/tierisch-verliebt.de\/magazin\/wp-json\/wp\/v2\/pages"}],"about":[{"href":"https:\/\/tierisch-verliebt.de\/magazin\/wp-json\/wp\/v2\/types\/page"}],"author":[{"embeddable":true,"href":"https:\/\/tierisch-verliebt.de\/magazin\/wp-json\/wp\/v2\/users\/2"}],"replies":[{"embeddable":true,"href":"https:\/\/tierisch-verliebt.de\/magazin\/wp-json\/wp\/v2\/comments?post=1707"}],"version-history":[{"count":5,"href":"https:\/\/tierisch-verliebt.de\/magazin\/wp-json\/wp\/v2\/pages\/1707\/revisions"}],"predecessor-version":[{"id":2557,"href":"https:\/\/tierisch-verliebt.de\/magazin\/wp-json\/wp\/v2\/pages\/1707\/revisions\/2557"}],"wp:featuredmedia":[{"embeddable":true,"href":"https:\/\/tierisch-verliebt.de\/magazin\/wp-json\/wp\/v2\/media\/1708"}],"wp:attachment":[{"href":"https:\/\/tierisch-verliebt.de\/magazin\/wp-json\/wp\/v2\/media?parent=1707"}],"curies":[{"name":"wp","href":"https:\/\/api.w.org\/{rel}","templated":true}]}}