{"id":1703,"date":"2022-09-16T22:37:11","date_gmt":"2022-09-16T20:37:11","guid":{"rendered":"https:\/\/tierisch-verliebt.de\/magazin\/?page_id=1703"},"modified":"2022-09-19T22:13:35","modified_gmt":"2022-09-19T20:13:35","slug":"maine-coon-charakter","status":"publish","type":"page","link":"https:\/\/tierisch-verliebt.de\/magazin\/maine-coon-charakter\/","title":{"rendered":"Charakter der Maine Coon Katze"},"content":{"rendered":"<p>M\u00f6chten Sie vielleicht die gr\u00f6\u00dfte Hauskatze der Welt kennenlernen? Um welche Katzenrasse handelt es sich dabei? Es ist die Maine-Coon-Katze! Die Eigenschaften, der Charakter und die Pflege von Maine-Coon-Katzen, die gro\u00dfe Abmessungen und hervorragende Eigenschaften aufweisen, werden in unserem Artikel sorgf\u00e4ltig f\u00fcr Sie vorbereitet.<\/p>\n<p>Die Maine-Coon-Katze ist eine gro\u00dfe und liebevolle Katze. Nachdem sie erstmals in der Region Nordamerika entdeckt und angenommen wurde, begann sie sich auf der ganzen Welt zu verbreiten. Diese Katzen, die eine extrem gl\u00e4nzende Haarstruktur haben, haben es geschafft, die Aufmerksamkeit aller Tierliebhaber mit ihren langen Haaren und auff\u00e4lligen k\u00f6rperlichen Merkmalen zu erregen.<\/p>\n<p>Die Maine-Coon-Katze, die unter den Rassenkatzen sehr teuer ist und durch ihre k\u00f6rperlichen Merkmale Aufmerksamkeit erregt, ist die am meisten bevorzugte Katze f\u00fcr Tierliebhaber mit gro\u00dfen H\u00e4usern.<\/p>\n<h2>Die charakterlichen Merkmale von Maine Coons<\/h2>\n<p>Zu dem Vorteil der Maine Coons muss unbedingt festgestellt werden, dass Maine Coons von Grund aus freundliche &#8211; und wenn man so will h\u00f6fliche &#8211; Tiere sind. Unh\u00f6fliche Verhaltensweisen der Main Coon Katzen, die eine extrem starke Bindung zu ihrem Besitzer herstellen und alle Befehle im Laufe der Zeit verstehen k\u00f6nnen, wurden selten beobachtet. Die Maine Coon weist gemeinhin eine hohe Intelligenz auf und verdeutlicht dies nicht zuletzt durch eine extrem starke Treue zu ihrem Besitzer. Zudem zeichnen sie sich durch ihr liebevolles Auftreten aus. Die Tatsache, dass Maine Coons ihre Anfragen eher leise als laut ausdr\u00fccken, gibt uns einen Hinweis darauf, wie f\u00fcgsam und nachdenkliche Katzen Maine Coons doch sind. Selbst wenn sie hungrig sind, nehmen sie keinen unangenehmen Charakter an und gew\u00f6hnen sich mit der Zeit an die F\u00fctterungszeiten. Durch eine sehr schnelle Lernf\u00e4higkeit k\u00f6nnen sie korrekt auf die von Ihnen angegebenen Befehle reagieren.<\/p>\n<p>W\u00e4hrend maskuline Maine Coon Kater eher einen enthusiastischen und aktiven Charakter haben, verhalten sich die Weibchen gerne viel erwachsener. Die Maine-Coon-Katze ist eine sehr anpassungsf\u00e4hige Katze, die sich mit Leichtigkeit an neue Umst\u00e4nde gew\u00f6hnt. Ein neuer Garten oder neue Wohnungssituationen kann die Maine Coon nicht aus dem Konzept bringen. Mit ihrer ruhigen, aber aufgeschlossenen Art gew\u00f6hnt sie sich so schnell an Neues. Sie mag es zudem, mit allem um ihr herum in Harmonie zu leben und stets in Kontakt zu sein. Insofern handelt es sich bei der Maine Coon um eine ziemlich clever denkende und entsprechend handelnde Rasse. Durch diese Art lernt sie immer neue Dinge und akzeptiert schnell Neuartigkeiten in jeglicher Hinsicht.<\/p>\n<p>Interessanterweise haben Maine-Coon-Katzen trotz ihrer pomp\u00f6sen Gr\u00f6\u00dfe und ihrem auch insgesamt gesehen eindrucksvollen Aussehen eine eher sehr leise, ja gar eine zierliche Stimme. Auch daher kommt es, dass Maine Coons gern als sanftm\u00fctige Katze beschrieben werden. Nur in Ausnahmef\u00e4llen, d. h. wenn die Katze sehr stark hungrig ist, kann der Ton in die H\u00f6he schlagen. Im Vergleich zu anderen Katzenrassen jedoch verliert selbst in solchen Notsituationen des Hungers die Stimme der Maine Coon nichts an ihrem Sanftmut und Zauber. Maine-Coon-Katzen k\u00f6nnen aufgrund der angef\u00fcgten Attribute gute Mitbewohner sein; egal ob f\u00fcr jung oder f\u00fcr alt. Sie schafft eine starke Bindung mit ihrem Besitzer. Sie liebt es, Spiele zu spielen und lustige Bewegungen zu machen. Die weiblichen Maine-Coon-Katzen sind generell gesehen ruhiger im Handeln. Das f\u00e4llt selbst bei Spielen auf. Weibliche Main Coons \u00fcberlegen eher zweimal, bevor sie sich f\u00fcr eine Handlung entscheiden. Es ist bekannt, dass Kater dahingehend aktiver sind.<\/p>\n<h2>Eigenschaften und K\u00f6rperstruktur<\/h2>\n<p>Aufgrund seiner stark muskul\u00f6sen Struktur stellt sich die Maine Coon regelrecht zur Schau und gl\u00e4nzt in allen Aspekten &#8211; insbesondere mit ihrem rechteckigen und geformten K\u00f6rper \u2013 so sehr, dass sie den anderen Katzen auf der Stra\u00dfe die Show stiehlt.<\/p>\n<p>Es dauert drei bis f\u00fcnf Jahre, bis die K\u00f6rperstruktur der gr\u00f6\u00dften Hauskatze der Welt am weitesten entwickelt ist. Katzen vom Typ Maine Coon mit spitzen Ohren, dicken Beinen und Pfoten haben eine ziemlich gro\u00dfe K\u00f6rperl\u00e4nge.<\/p>\n<p>Ihr Fell hat ein helles Aussehen in Farben wie Schwarz, Wei\u00df, Grau, Flieder und Braun. Mit dem Kinn, dem Wangenbereich und den Seiten der Ohren kann man schon direkt nach der Geburt vorhersagen, dass es sich um eine Maine Coon handeln muss.<\/p>\n<h2>Zur Geschichte der Maine Coon Katzen<\/h2>\n<p>Der erste Ort, an dem die Maine-Coon-Katze entdeckt wurde, befindet sich im Osten Nordamerikas. Maine-Coon-Katzen mit hoch entwickelten Jagdf\u00e4higkeiten sind mit ihrem langen und dicken Fell in Form einer Wolle perfekt an die K\u00e4lte angepasst.<\/p>\n<p>Diese niedlichen Katzen, die von den Menschen in der Region sehr geliebt und domestiziert werden, haben sich in kurzer Zeit auf der ganzen Welt verbreitet, weil sie sich leicht an die Menschen gew\u00f6hnt haben.<\/p>\n<p>Die Maine-Coon-Katze, die sich nicht nur in Amerika, sondern auf der ganzen Welt zu den beliebtesten Katzenrassen z\u00e4hlt, hat unsere H\u00e4user mit seinem faszinierenden Aussehen und seiner loyalen und humanen Pers\u00f6nlichkeit betreten. Ihre Akzeptanz als Katzenrasse wurde 1993 vom American Federal Biological Research Board offiziell anerkannt.<\/p>\n<h2>Weitere Artikel zu Maine Coon Katzen<\/h2>\n<ul>\n<li><a href=\"https:\/\/tierisch-verliebt.de\/magazin\/maine-coon-haltung\/\">5 Tipps f\u00fcr die Haltung einer Maine Coon Katze<\/a><\/li>\n<li><a href=\"https:\/\/tierisch-verliebt.de\/magazin\/maine-coon-pflege\/\">Die richtige Pflege der Maine Coon<\/a><\/li>\n<li><a href=\"https:\/\/tierisch-verliebt.de\/magazin\/maine-coon-ernaehrung\/\">Was ist die beste Ern\u00e4hrung f\u00fcr Ihre Maine Coon Katze<\/a><\/li>\n<li><a href=\"https:\/\/tierisch-verliebt.de\/magazin\/maine-coon-wissenswertes\/\">Wissenswertes \u00fcber Maine Coon Katze<\/a><\/li>\n<li><a href=\"https:\/\/tierisch-verliebt.de\/magazin\/maine-coon-inzucht\/\">Inzucht &#8211; Wieviel Inzucht darf bei einer Maine Coon Katze sein?<\/a><\/li>\n<\/ul>\n","protected":false},"excerpt":{"rendered":"<p>M\u00f6chten Sie vielleicht die gr\u00f6\u00dfte Hauskatze der Welt kennenlernen? Um welche Katzenrasse handelt es sich dabei? Es ist die Maine-Coon-Katze!<\/p>\n","protected":false},"author":2,"featured_media":1704,"parent":0,"menu_order":0,"comment_status":"closed","ping_status":"closed","template":"","meta":{"ngg_post_thumbnail":0,"footnotes":""},"class_list":["post-1703","page","type-page","status-publish","has-post-thumbnail","hentry","comments-off"],"aioseo_notices":[],"_links":{"self":[{"href":"https:\/\/tierisch-verliebt.de\/magazin\/wp-json\/wp\/v2\/pages\/1703","targetHints":{"allow":["GET"]}}],"collection":[{"href":"https:\/\/tierisch-verliebt.de\/magazin\/wp-json\/wp\/v2\/pages"}],"about":[{"href":"https:\/\/tierisch-verliebt.de\/magazin\/wp-json\/wp\/v2\/types\/page"}],"author":[{"embeddable":true,"href":"https:\/\/tierisch-verliebt.de\/magazin\/wp-json\/wp\/v2\/users\/2"}],"replies":[{"embeddable":true,"href":"https:\/\/tierisch-verliebt.de\/magazin\/wp-json\/wp\/v2\/comments?post=1703"}],"version-history":[{"count":2,"href":"https:\/\/tierisch-verliebt.de\/magazin\/wp-json\/wp\/v2\/pages\/1703\/revisions"}],"predecessor-version":[{"id":1783,"href":"https:\/\/tierisch-verliebt.de\/magazin\/wp-json\/wp\/v2\/pages\/1703\/revisions\/1783"}],"wp:featuredmedia":[{"embeddable":true,"href":"https:\/\/tierisch-verliebt.de\/magazin\/wp-json\/wp\/v2\/media\/1704"}],"wp:attachment":[{"href":"https:\/\/tierisch-verliebt.de\/magazin\/wp-json\/wp\/v2\/media?parent=1703"}],"curies":[{"name":"wp","href":"https:\/\/api.w.org\/{rel}","templated":true}]}}